{"id":12170,"date":"2023-05-05T17:03:35","date_gmt":"2023-05-05T15:03:35","guid":{"rendered":"https:\/\/www.koro.net.pl\/produkt\/profil-de-la-scie-a-bande-metallique-rontgen-bi-alfa\/"},"modified":"2023-05-05T17:03:35","modified_gmt":"2023-05-05T15:03:35","slug":"profil-de-la-scie-a-bande-metallique-rontgen-bi-alfa","status":"publish","type":"product","link":"https:\/\/www.koro.net.pl\/fr\/produkt\/profil-de-la-scie-a-bande-metallique-rontgen-bi-alfa\/","title":{"rendered":"Profil de la scie \u00e0 bande m\u00e9tallique R\u00d6NTGEN bi-alfa"},"content":{"rendered":"<h4>Scie bim\u00e9tallique R\u00d6NTGEN bim\u00e9tallique &#8211; profil alfa<\/h4>\n<p>La nouvelle courroie R\u00d6NTGEN bi-alfa Profile offre d\u2019excellentes performances lors de la coupe de sections de tuyaux et de profils ouverts.<\/p>\n<p>Les charges de choc g\u00e9n\u00e9r\u00e9es lors de la coupe \u00e0 travers des composants tels que des profils, tuyaux, sections et petits mat\u00e9riaux solides r\u00e9duisent la dur\u00e9e de vie des courroies standard. Pour ces applications exigeantes, R\u00d6NTGEN propose la lame de scie bi-alpha Profile. Un profil de lame sp\u00e9cialement con\u00e7u permet de couper des mat\u00e9riaux durs. La forme renforc\u00e9e de la lame garantit une r\u00e9sistance aux \u00e9br\u00e9ch\u00e9s des dents individuelles.     <b><\/b><\/p>\n<p><b>Recommand\u00e9 pour la coupe :<\/b><\/p>\n<p><img decoding=\"async\" class=\"alignnone size-full wp-image-390 lazyload\" data-src=\"https:\/\/sp-ao.shortpixel.ai\/client\/to_webp,q_lossy,ret_img,w_90,h_110\/https:\/\/www.koro.net.pl\/wp-content\/uploads\/2020\/03\/laczoneprofile.png\" alt=\"\" width=\"90\" height=\"110\" src=\"data:image\/svg+xml;base64,PHN2ZyB3aWR0aD0iMSIgaGVpZ2h0PSIxIiB4bWxucz0iaHR0cDovL3d3dy53My5vcmcvMjAwMC9zdmciPjwvc3ZnPg==\" style=\"--smush-placeholder-width: 90px; --smush-placeholder-aspect-ratio: 90\/110;\"> <img decoding=\"async\" class=\"alignnone size-full wp-image-391 lazyload\" data-src=\"https:\/\/sp-ao.shortpixel.ai\/client\/to_webp,q_lossy,ret_img,w_90,h_110\/https:\/\/www.koro.net.pl\/wp-content\/uploads\/2020\/03\/laczonezamkniete.png\" alt=\"\" width=\"90\" height=\"110\" src=\"data:image\/svg+xml;base64,PHN2ZyB3aWR0aD0iMSIgaGVpZ2h0PSIxIiB4bWxucz0iaHR0cDovL3d3dy53My5vcmcvMjAwMC9zdmciPjwvc3ZnPg==\" style=\"--smush-placeholder-width: 90px; --smush-placeholder-aspect-ratio: 90\/110;\"> <img decoding=\"async\" class=\"alignnone size-full wp-image-392 lazyload\" data-src=\"https:\/\/sp-ao.shortpixel.ai\/client\/to_webp,q_lossy,ret_img,w_90,h_110\/https:\/\/www.koro.net.pl\/wp-content\/uploads\/2020\/03\/laczoneruryokragle.png\" alt=\"\" width=\"90\" height=\"110\" src=\"data:image\/svg+xml;base64,PHN2ZyB3aWR0aD0iMSIgaGVpZ2h0PSIxIiB4bWxucz0iaHR0cDovL3d3dy53My5vcmcvMjAwMC9zdmciPjwvc3ZnPg==\" style=\"--smush-placeholder-width: 90px; --smush-placeholder-aspect-ratio: 90\/110;\"> <img decoding=\"async\" class=\"alignnone size-full wp-image-393 lazyload\" data-src=\"https:\/\/sp-ao.shortpixel.ai\/client\/to_webp,q_lossy,ret_img,w_90,h_110\/https:\/\/www.koro.net.pl\/wp-content\/uploads\/2020\/03\/laczonerurykwadratowe.png\" alt=\"\" width=\"90\" height=\"110\" src=\"data:image\/svg+xml;base64,PHN2ZyB3aWR0aD0iMSIgaGVpZ2h0PSIxIiB4bWxucz0iaHR0cDovL3d3dy53My5vcmcvMjAwMC9zdmciPjwvc3ZnPg==\" style=\"--smush-placeholder-width: 90px; --smush-placeholder-aspect-ratio: 90\/110;\"> <img decoding=\"async\" class=\"alignnone size-full wp-image-394 lazyload\" data-src=\"https:\/\/sp-ao.shortpixel.ai\/client\/to_webp,q_lossy,ret_img,w_90,h_110\/https:\/\/www.koro.net.pl\/wp-content\/uploads\/2020\/03\/belkitil.png\" alt=\"\" width=\"90\" height=\"110\" src=\"data:image\/svg+xml;base64,PHN2ZyB3aWR0aD0iMSIgaGVpZ2h0PSIxIiB4bWxucz0iaHR0cDovL3d3dy53My5vcmcvMjAwMC9zdmciPjwvc3ZnPg==\" style=\"--smush-placeholder-width: 90px; --smush-placeholder-aspect-ratio: 90\/110;\"> <img decoding=\"async\" class=\"alignnone size-full wp-image-395 lazyload\" data-src=\"https:\/\/sp-ao.shortpixel.ai\/client\/to_webp,q_lossy,ret_img,w_90,h_110\/https:\/\/www.koro.net.pl\/wp-content\/uploads\/2020\/03\/laczonekatowniki.png\" alt=\"\" width=\"90\" height=\"110\" src=\"data:image\/svg+xml;base64,PHN2ZyB3aWR0aD0iMSIgaGVpZ2h0PSIxIiB4bWxucz0iaHR0cDovL3d3dy53My5vcmcvMjAwMC9zdmciPjwvc3ZnPg==\" style=\"--smush-placeholder-width: 90px; --smush-placeholder-aspect-ratio: 90\/110;\"> <img decoding=\"async\" class=\"alignnone size-full wp-image-396 lazyload\" data-src=\"https:\/\/sp-ao.shortpixel.ai\/client\/to_webp,q_lossy,ret_img,w_90,h_110\/https:\/\/www.koro.net.pl\/wp-content\/uploads\/2020\/03\/rury-1.png\" alt=\"\" width=\"90\" height=\"110\" src=\"data:image\/svg+xml;base64,PHN2ZyB3aWR0aD0iMSIgaGVpZ2h0PSIxIiB4bWxucz0iaHR0cDovL3d3dy53My5vcmcvMjAwMC9zdmciPjwvc3ZnPg==\" style=\"--smush-placeholder-width: 90px; --smush-placeholder-aspect-ratio: 90\/110;\"> <img decoding=\"async\" class=\"alignnone size-full wp-image-397 lazyload\" data-src=\"https:\/\/sp-ao.shortpixel.ai\/client\/to_webp,q_lossy,ret_img,w_90,h_110\/https:\/\/www.koro.net.pl\/wp-content\/uploads\/2020\/03\/rury2-1.png\" alt=\"\" width=\"90\" height=\"110\" src=\"data:image\/svg+xml;base64,PHN2ZyB3aWR0aD0iMSIgaGVpZ2h0PSIxIiB4bWxucz0iaHR0cDovL3d3dy53My5vcmcvMjAwMC9zdmciPjwvc3ZnPg==\" style=\"--smush-placeholder-width: 90px; --smush-placeholder-aspect-ratio: 90\/110;\"> <img decoding=\"async\" class=\"alignnone size-full wp-image-398 lazyload\" data-src=\"https:\/\/sp-ao.shortpixel.ai\/client\/to_webp,q_lossy,ret_img,w_90,h_110\/https:\/\/www.koro.net.pl\/wp-content\/uploads\/2020\/03\/kwadratowe-1.png\" alt=\"\" width=\"90\" height=\"110\" src=\"data:image\/svg+xml;base64,PHN2ZyB3aWR0aD0iMSIgaGVpZ2h0PSIxIiB4bWxucz0iaHR0cDovL3d3dy53My5vcmcvMjAwMC9zdmciPjwvc3ZnPg==\" style=\"--smush-placeholder-width: 90px; --smush-placeholder-aspect-ratio: 90\/110;\"><\/p>\n<p><b>Dents par pouce :<\/b><\/p>\n<p><img decoding=\"async\" class=\"alignnone size-full wp-image-387 lazyload\" data-src=\"https:\/\/sp-ao.shortpixel.ai\/client\/to_webp,q_lossy,ret_img,w_637,h_175\/https:\/\/www.koro.net.pl\/wp-content\/uploads\/2020\/03\/9.jpg\" data-sizes=\"(max-width: 637px) 100vw, 637px\" data-srcset=\"https:\/\/sp-ao.shortpixel.ai\/client\/to_webp,q_lossy,ret_img,w_637\/https:\/\/www.koro.net.pl\/wp-content\/uploads\/2020\/03\/9.jpg 637w, https:\/\/sp-ao.shortpixel.ai\/client\/to_webp,q_lossy,ret_img,w_600\/https:\/\/www.koro.net.pl\/wp-content\/uploads\/2020\/03\/9-600x165.jpg 600w, https:\/\/sp-ao.shortpixel.ai\/client\/to_webp,q_lossy,ret_img,w_300\/https:\/\/www.koro.net.pl\/wp-content\/uploads\/2020\/03\/9-300x82.jpg 300w\" alt=\"\" width=\"637\" height=\"175\" src=\"data:image\/svg+xml;base64,PHN2ZyB3aWR0aD0iMSIgaGVpZ2h0PSIxIiB4bWxucz0iaHR0cDovL3d3dy53My5vcmcvMjAwMC9zdmciPjwvc3ZnPg==\" style=\"--smush-placeholder-width: 637px; --smush-placeholder-aspect-ratio: 637\/175;\"><\/p>\n","protected":false},"excerpt":{"rendered":"<p>Scie bim\u00e9tallique R\u00d6NTGEN bim\u00e9tallique &#8211; profil alfa La nouvelle courroie R\u00d6NTGEN bi-alfa Profile offre d\u2019excellentes performances lors de la coupe de sections de tuyaux et de profils ouverts. Les charges [&hellip;]<\/p>\n","protected":false},"featured_media":7704,"template":"","meta":{"_acf_changed":false},"product_brand":[],"product_cat":[213,180],"product_tag":[],"class_list":{"0":"post-12170","1":"product","2":"type-product","3":"status-publish","4":"has-post-thumbnail","6":"product_cat-scies-a-ruban-bimetalliques","7":"product_cat-scies-a-ruban-pour-metal","9":"first","10":"instock","11":"taxable","12":"shipping-taxable","13":"purchasable","14":"product-type-variable"},"acf":[],"yoast_head":"<!-- This site is optimized with the Yoast SEO plugin v27.5 - https:\/\/yoast.com\/product\/yoast-seo-wordpress\/ -->\n<title>Scie bim\u00e9tallique R\u00d6NTGEN - profils alfa pour tuyaux et profils<\/title>\n<meta name=\"description\" content=\"Scies \u00e0 ruban R\u00f6ntgen Bi-Alfa Profile \u2013 optimis\u00e9es pour la d\u00e9coupe de profils et de tuyaux. Haute durabilit\u00e9, dentition pr\u00e9cise, vibrations minimis\u00e9es. V\u00e9rifiez l\u2019offre\" \/>\n<meta name=\"robots\" content=\"index, follow, max-snippet:-1, max-image-preview:large, max-video-preview:-1\" \/>\n<link rel=\"canonical\" href=\"https:\/\/www.koro.net.pl\/fr\/produkt\/profil-de-la-scie-a-bande-metallique-rontgen-bi-alfa\/\" \/>\n<meta property=\"og:locale\" content=\"fr_FR\" \/>\n<meta property=\"og:type\" content=\"article\" \/>\n<meta property=\"og:title\" content=\"Scie bim\u00e9tallique R\u00d6NTGEN - profils alfa pour tuyaux et profils\" \/>\n<meta property=\"og:description\" content=\"Scies \u00e0 ruban R\u00f6ntgen Bi-Alfa Profile \u2013 optimis\u00e9es pour la d\u00e9coupe de profils et de tuyaux. Haute durabilit\u00e9, dentition pr\u00e9cise, vibrations minimis\u00e9es. V\u00e9rifiez l\u2019offre\" \/>\n<meta property=\"og:url\" content=\"https:\/\/www.koro.net.pl\/fr\/produkt\/profil-de-la-scie-a-bande-metallique-rontgen-bi-alfa\/\" \/>\n<meta property=\"og:site_name\" content=\"Koronet\" \/>\n<meta property=\"og:image\" content=\"https:\/\/www.koro.net.pl\/wp-content\/uploads\/2023\/05\/Bi-alfa-profile.png\" \/>\n\t<meta property=\"og:image:width\" content=\"800\" \/>\n\t<meta property=\"og:image:height\" content=\"500\" \/>\n\t<meta property=\"og:image:type\" content=\"image\/png\" \/>\n<meta name=\"twitter:card\" content=\"summary_large_image\" \/>\n<meta name=\"twitter:label1\" content=\"Dur\u00e9e de lecture estim\u00e9e\" \/>\n\t<meta name=\"twitter:data1\" content=\"1 minute\" \/>\n<script type=\"application\/ld+json\" class=\"yoast-schema-graph\">{\"@context\":\"https:\\\/\\\/schema.org\",\"@graph\":[{\"@type\":\"WebPage\",\"@id\":\"https:\\\/\\\/www.koro.net.pl\\\/fr\\\/produkt\\\/profil-de-la-scie-a-bande-metallique-rontgen-bi-alfa\\\/\",\"url\":\"https:\\\/\\\/www.koro.net.pl\\\/fr\\\/produkt\\\/profil-de-la-scie-a-bande-metallique-rontgen-bi-alfa\\\/\",\"name\":\"Scie bim\u00e9tallique R\u00d6NTGEN - profils alfa pour tuyaux et profils\",\"isPartOf\":{\"@id\":\"https:\\\/\\\/www.koro.net.pl\\\/fr\\\/#website\"},\"primaryImageOfPage\":{\"@id\":\"https:\\\/\\\/www.koro.net.pl\\\/fr\\\/produkt\\\/profil-de-la-scie-a-bande-metallique-rontgen-bi-alfa\\\/#primaryimage\"},\"image\":{\"@id\":\"https:\\\/\\\/www.koro.net.pl\\\/fr\\\/produkt\\\/profil-de-la-scie-a-bande-metallique-rontgen-bi-alfa\\\/#primaryimage\"},\"thumbnailUrl\":\"https:\\\/\\\/www.koro.net.pl\\\/wp-content\\\/uploads\\\/2023\\\/05\\\/Bi-alfa-profile.png\",\"datePublished\":\"2023-05-05T15:03:35+00:00\",\"description\":\"Scies \u00e0 ruban R\u00f6ntgen Bi-Alfa Profile \u2013 optimis\u00e9es pour la d\u00e9coupe de profils et de tuyaux. Haute durabilit\u00e9, dentition pr\u00e9cise, vibrations minimis\u00e9es. V\u00e9rifiez l\u2019offre\",\"breadcrumb\":{\"@id\":\"https:\\\/\\\/www.koro.net.pl\\\/fr\\\/produkt\\\/profil-de-la-scie-a-bande-metallique-rontgen-bi-alfa\\\/#breadcrumb\"},\"inLanguage\":\"fr-FR\",\"potentialAction\":[{\"@type\":\"ReadAction\",\"target\":[\"https:\\\/\\\/www.koro.net.pl\\\/fr\\\/produkt\\\/profil-de-la-scie-a-bande-metallique-rontgen-bi-alfa\\\/\"]}]},{\"@type\":\"ImageObject\",\"inLanguage\":\"fr-FR\",\"@id\":\"https:\\\/\\\/www.koro.net.pl\\\/fr\\\/produkt\\\/profil-de-la-scie-a-bande-metallique-rontgen-bi-alfa\\\/#primaryimage\",\"url\":\"https:\\\/\\\/www.koro.net.pl\\\/wp-content\\\/uploads\\\/2023\\\/05\\\/Bi-alfa-profile.png\",\"contentUrl\":\"https:\\\/\\\/www.koro.net.pl\\\/wp-content\\\/uploads\\\/2023\\\/05\\\/Bi-alfa-profile.png\",\"width\":800,\"height\":500,\"caption\":\"ta\u015bma tn\u0105ca do metalu\"},{\"@type\":\"BreadcrumbList\",\"@id\":\"https:\\\/\\\/www.koro.net.pl\\\/fr\\\/produkt\\\/profil-de-la-scie-a-bande-metallique-rontgen-bi-alfa\\\/#breadcrumb\",\"itemListElement\":[{\"@type\":\"ListItem\",\"position\":1,\"name\":\"Strona g\u0142\u00f3wna\",\"item\":\"https:\\\/\\\/www.koro.net.pl\\\/fr\\\/\"},{\"@type\":\"ListItem\",\"position\":2,\"name\":\"Profil de la scie \u00e0 bande m\u00e9tallique R\u00d6NTGEN bi-alfa\"}]},{\"@type\":\"WebSite\",\"@id\":\"https:\\\/\\\/www.koro.net.pl\\\/fr\\\/#website\",\"url\":\"https:\\\/\\\/www.koro.net.pl\\\/fr\\\/\",\"name\":\"Koronet\",\"description\":\"\",\"publisher\":{\"@id\":\"https:\\\/\\\/www.koro.net.pl\\\/fr\\\/#organization\"},\"potentialAction\":[{\"@type\":\"SearchAction\",\"target\":{\"@type\":\"EntryPoint\",\"urlTemplate\":\"https:\\\/\\\/www.koro.net.pl\\\/fr\\\/?s={search_term_string}\"},\"query-input\":{\"@type\":\"PropertyValueSpecification\",\"valueRequired\":true,\"valueName\":\"search_term_string\"}}],\"inLanguage\":\"fr-FR\"},{\"@type\":\"Organization\",\"@id\":\"https:\\\/\\\/www.koro.net.pl\\\/fr\\\/#organization\",\"name\":\"Koronet\",\"alternateName\":\"Koronet\",\"url\":\"https:\\\/\\\/www.koro.net.pl\\\/fr\\\/\",\"logo\":{\"@type\":\"ImageObject\",\"inLanguage\":\"fr-FR\",\"@id\":\"https:\\\/\\\/www.koro.net.pl\\\/fr\\\/#\\\/schema\\\/logo\\\/image\\\/\",\"url\":\"https:\\\/\\\/www.koro.net.pl\\\/wp-content\\\/uploads\\\/2025\\\/02\\\/Koronet-spolka-z-o.o.png\",\"contentUrl\":\"https:\\\/\\\/www.koro.net.pl\\\/wp-content\\\/uploads\\\/2025\\\/02\\\/Koronet-spolka-z-o.o.png\",\"width\":696,\"height\":696,\"caption\":\"Koronet\"},\"image\":{\"@id\":\"https:\\\/\\\/www.koro.net.pl\\\/fr\\\/#\\\/schema\\\/logo\\\/image\\\/\"}}]}<\/script>\n<!-- \/ Yoast SEO plugin. -->","yoast_head_json":{"title":"Scie bim\u00e9tallique R\u00d6NTGEN - profils alfa pour tuyaux et profils","description":"Scies \u00e0 ruban R\u00f6ntgen Bi-Alfa Profile \u2013 optimis\u00e9es pour la d\u00e9coupe de profils et de tuyaux. Haute durabilit\u00e9, dentition pr\u00e9cise, vibrations minimis\u00e9es. V\u00e9rifiez l\u2019offre","robots":{"index":"index","follow":"follow","max-snippet":"max-snippet:-1","max-image-preview":"max-image-preview:large","max-video-preview":"max-video-preview:-1"},"canonical":"https:\/\/www.koro.net.pl\/fr\/produkt\/profil-de-la-scie-a-bande-metallique-rontgen-bi-alfa\/","og_locale":"fr_FR","og_type":"article","og_title":"Scie bim\u00e9tallique R\u00d6NTGEN - profils alfa pour tuyaux et profils","og_description":"Scies \u00e0 ruban R\u00f6ntgen Bi-Alfa Profile \u2013 optimis\u00e9es pour la d\u00e9coupe de profils et de tuyaux. Haute durabilit\u00e9, dentition pr\u00e9cise, vibrations minimis\u00e9es. V\u00e9rifiez l\u2019offre","og_url":"https:\/\/www.koro.net.pl\/fr\/produkt\/profil-de-la-scie-a-bande-metallique-rontgen-bi-alfa\/","og_site_name":"Koronet","og_image":[{"width":800,"height":500,"url":"https:\/\/www.koro.net.pl\/wp-content\/uploads\/2023\/05\/Bi-alfa-profile.png","type":"image\/png"}],"twitter_card":"summary_large_image","twitter_misc":{"Dur\u00e9e de lecture estim\u00e9e":"1 minute"},"schema":{"@context":"https:\/\/schema.org","@graph":[{"@type":"WebPage","@id":"https:\/\/www.koro.net.pl\/fr\/produkt\/profil-de-la-scie-a-bande-metallique-rontgen-bi-alfa\/","url":"https:\/\/www.koro.net.pl\/fr\/produkt\/profil-de-la-scie-a-bande-metallique-rontgen-bi-alfa\/","name":"Scie bim\u00e9tallique R\u00d6NTGEN - profils alfa pour tuyaux et profils","isPartOf":{"@id":"https:\/\/www.koro.net.pl\/fr\/#website"},"primaryImageOfPage":{"@id":"https:\/\/www.koro.net.pl\/fr\/produkt\/profil-de-la-scie-a-bande-metallique-rontgen-bi-alfa\/#primaryimage"},"image":{"@id":"https:\/\/www.koro.net.pl\/fr\/produkt\/profil-de-la-scie-a-bande-metallique-rontgen-bi-alfa\/#primaryimage"},"thumbnailUrl":"https:\/\/www.koro.net.pl\/wp-content\/uploads\/2023\/05\/Bi-alfa-profile.png","datePublished":"2023-05-05T15:03:35+00:00","description":"Scies \u00e0 ruban R\u00f6ntgen Bi-Alfa Profile \u2013 optimis\u00e9es pour la d\u00e9coupe de profils et de tuyaux. Haute durabilit\u00e9, dentition pr\u00e9cise, vibrations minimis\u00e9es. V\u00e9rifiez l\u2019offre","breadcrumb":{"@id":"https:\/\/www.koro.net.pl\/fr\/produkt\/profil-de-la-scie-a-bande-metallique-rontgen-bi-alfa\/#breadcrumb"},"inLanguage":"fr-FR","potentialAction":[{"@type":"ReadAction","target":["https:\/\/www.koro.net.pl\/fr\/produkt\/profil-de-la-scie-a-bande-metallique-rontgen-bi-alfa\/"]}]},{"@type":"ImageObject","inLanguage":"fr-FR","@id":"https:\/\/www.koro.net.pl\/fr\/produkt\/profil-de-la-scie-a-bande-metallique-rontgen-bi-alfa\/#primaryimage","url":"https:\/\/www.koro.net.pl\/wp-content\/uploads\/2023\/05\/Bi-alfa-profile.png","contentUrl":"https:\/\/www.koro.net.pl\/wp-content\/uploads\/2023\/05\/Bi-alfa-profile.png","width":800,"height":500,"caption":"ta\u015bma tn\u0105ca do metalu"},{"@type":"BreadcrumbList","@id":"https:\/\/www.koro.net.pl\/fr\/produkt\/profil-de-la-scie-a-bande-metallique-rontgen-bi-alfa\/#breadcrumb","itemListElement":[{"@type":"ListItem","position":1,"name":"Strona g\u0142\u00f3wna","item":"https:\/\/www.koro.net.pl\/fr\/"},{"@type":"ListItem","position":2,"name":"Profil de la scie \u00e0 bande m\u00e9tallique R\u00d6NTGEN bi-alfa"}]},{"@type":"WebSite","@id":"https:\/\/www.koro.net.pl\/fr\/#website","url":"https:\/\/www.koro.net.pl\/fr\/","name":"Koronet","description":"","publisher":{"@id":"https:\/\/www.koro.net.pl\/fr\/#organization"},"potentialAction":[{"@type":"SearchAction","target":{"@type":"EntryPoint","urlTemplate":"https:\/\/www.koro.net.pl\/fr\/?s={search_term_string}"},"query-input":{"@type":"PropertyValueSpecification","valueRequired":true,"valueName":"search_term_string"}}],"inLanguage":"fr-FR"},{"@type":"Organization","@id":"https:\/\/www.koro.net.pl\/fr\/#organization","name":"Koronet","alternateName":"Koronet","url":"https:\/\/www.koro.net.pl\/fr\/","logo":{"@type":"ImageObject","inLanguage":"fr-FR","@id":"https:\/\/www.koro.net.pl\/fr\/#\/schema\/logo\/image\/","url":"https:\/\/www.koro.net.pl\/wp-content\/uploads\/2025\/02\/Koronet-spolka-z-o.o.png","contentUrl":"https:\/\/www.koro.net.pl\/wp-content\/uploads\/2025\/02\/Koronet-spolka-z-o.o.png","width":696,"height":696,"caption":"Koronet"},"image":{"@id":"https:\/\/www.koro.net.pl\/fr\/#\/schema\/logo\/image\/"}}]}},"_links":{"self":[{"href":"https:\/\/www.koro.net.pl\/fr\/wp-json\/wp\/v2\/product\/12170","targetHints":{"allow":["GET"]}}],"collection":[{"href":"https:\/\/www.koro.net.pl\/fr\/wp-json\/wp\/v2\/product"}],"about":[{"href":"https:\/\/www.koro.net.pl\/fr\/wp-json\/wp\/v2\/types\/product"}],"wp:featuredmedia":[{"embeddable":true,"href":"https:\/\/www.koro.net.pl\/fr\/wp-json\/wp\/v2\/media\/7704"}],"wp:attachment":[{"href":"https:\/\/www.koro.net.pl\/fr\/wp-json\/wp\/v2\/media?parent=12170"}],"wp:term":[{"taxonomy":"product_brand","embeddable":true,"href":"https:\/\/www.koro.net.pl\/fr\/wp-json\/wp\/v2\/product_brand?post=12170"},{"taxonomy":"product_cat","embeddable":true,"href":"https:\/\/www.koro.net.pl\/fr\/wp-json\/wp\/v2\/product_cat?post=12170"},{"taxonomy":"product_tag","embeddable":true,"href":"https:\/\/www.koro.net.pl\/fr\/wp-json\/wp\/v2\/product_tag?post=12170"}],"curies":[{"name":"wp","href":"https:\/\/api.w.org\/{rel}","templated":true}]}}