{"id":12159,"date":"2026-01-09T11:09:18","date_gmt":"2026-01-09T10:09:18","guid":{"rendered":"https:\/\/www.koro.net.pl\/produkt\/prise-mecanique-din-371-b-hss-e-pour-trous-traversants-koronet\/"},"modified":"2026-01-09T11:09:18","modified_gmt":"2026-01-09T10:09:18","slug":"prise-mecanique-din-371-b-hss-e-pour-trous-traversants-koronet","status":"publish","type":"product","link":"https:\/\/www.koro.net.pl\/fr\/produkt\/prise-mecanique-din-371-b-hss-e-pour-trous-traversants-koronet\/","title":{"rendered":"Prise m\u00e9canique DIN 371 B HSS-E pour trous traversants \u2013 Koronet"},"content":{"rendered":"<p data-start=\"318\" data-end=\"708\"><a href=\"https:\/\/www.koro.net.pl\/fr\/produkty\/taps\/\">Le <strong data-start=\"339\" data-end=\"358\">DIN 371 B HSS-E<\/strong> de <strong data-start=\"365\" data-end=\"376\">Koronet<\/strong><\/a> est un outil de pr\u00e9cision con\u00e7u pour <strong data-start=\"429\" data-end=\"469\">fabriquer des filetages internes ISO<\/strong> <strong data-start=\"472\" data-end=\"497\">m\u00e9triques dans des trous traversants<\/strong>. Fabriqu\u00e9 en acier cobalt de haute qualit\u00e9 et rapide <strong data-start=\"557\" data-end=\"573\">HSS-E (HSSE),<\/strong> il assure un fonctionnement stable, une bonne r\u00e9sistance \u00e0 l\u2019usure et une grande qualit\u00e9 de filetage en atelier et en production. <\/p>\n<p data-start=\"710\" data-end=\"912\">L\u2019outil sera efficace pour le traitement <strong data-start=\"743\" data-end=\"831\">des aciers structurels, des aciers \u00e0 faible alliage et des mat\u00e9riaux de r\u00e9sistance moyenne<\/strong>, o\u00f9 la r\u00e9p\u00e9tabilit\u00e9 du proc\u00e9d\u00e9 et le contr\u00f4le des param\u00e8tres de filetage sont essentiels.<\/p>\n<h3 data-start=\"919\" data-end=\"965\">Acier HSS-E \u2013 durabilit\u00e9 et stabilit\u00e9 du proc\u00e9d\u00e9<\/h3>\n<p data-start=\"966\" data-end=\"1071\">Le robinet est fabriqu\u00e9 en acier \u00e0 grande vitesse avec ajout de cobalt (<strong data-start=\"1034\" data-end=\"1043\">HSS-E<\/strong>), caract\u00e9ris\u00e9 par :<\/p>\n<ul data-start=\"1073\" data-end=\"1253\">\n<li data-start=\"1073\" data-end=\"1122\">\n<p data-start=\"1075\" data-end=\"1122\">r\u00e9sistance accrue aux charges torsionnelles,<\/p>\n<\/li>\n<li data-start=\"1123\" data-end=\"1181\">\n<p data-start=\"1125\" data-end=\"1181\">meilleure stabilit\u00e9 de fonctionnement \u00e0 des temp\u00e9ratures \u00e9lev\u00e9es,<\/p>\n<\/li>\n<li data-start=\"1182\" data-end=\"1253\">\n<p data-start=\"1184\" data-end=\"1253\">une r\u00e9sistance \u00e0 l\u2019usure plus \u00e9lev\u00e9e que l\u2019acier HSS classique.<\/p>\n<\/li>\n<\/ul>\n<p data-start=\"1255\" data-end=\"1414\">Gr\u00e2ce \u00e0 ces propri\u00e9t\u00e9s, l\u2019outil offre <strong data-start=\"1299\" data-end=\"1324\">une coupe uniforme<\/strong>, un guidage stable et <strong data-start=\"1352\" data-end=\"1373\">une dur\u00e9e de vie plus longue<\/strong> tout en maintenant une qualit\u00e9 de filetage \u00e9lev\u00e9e.<\/p>\n<h3 data-start=\"1421\" data-end=\"1462\">G\u00e9om\u00e9trie B \u2013 pour les trous traversants<\/h3>\n<p data-start=\"1463\" data-end=\"1517\">Le robinet poss\u00e8de <strong data-start=\"1482\" data-end=\"1499\">une d\u00e9coupe de type B<\/strong>, con\u00e7ue pour :<\/p>\n<ul data-start=\"1519\" data-end=\"1697\">\n<li data-start=\"1519\" data-end=\"1571\">\n<p data-start=\"1521\" data-end=\"1571\">enfiler <strong data-start=\"1543\" data-end=\"1568\">des trous \u00e0 travers<\/strong>,<\/p>\n<\/li>\n<li data-start=\"1572\" data-end=\"1632\">\n<p data-start=\"1574\" data-end=\"1632\">insertion fluide et stable de l\u2019outil dans le mat\u00e9riau,<\/p>\n<\/li>\n<li data-start=\"1633\" data-end=\"1697\">\n<p data-start=\"1635\" data-end=\"1697\">D\u00e9charge efficace des copeaux vers la sortie du trou.<\/p>\n<\/li>\n<\/ul>\n<p data-start=\"1699\" data-end=\"1833\">Cette g\u00e9om\u00e9trie r\u00e9duit le risque de dommages au filetage et am\u00e9liore la s\u00e9curit\u00e9 des proc\u00e9d\u00e9s, notamment lors <strong data-start=\"1805\" data-end=\"1832\">du filetage \u00e0 la machine<\/strong>.<\/p>\n<h3 data-start=\"1840\" data-end=\"1881\">Rainures droites \u2013 une solution \u00e9prouv\u00e9e<\/h3>\n<p data-start=\"1882\" data-end=\"1922\">Les <strong data-start=\"1894\" data-end=\"1910\">rainures droites<\/strong> utilis\u00e9es garantissent :<\/p>\n<ul data-start=\"1924\" data-end=\"2084\">\n<li data-start=\"1924\" data-end=\"1966\">\n<p data-start=\"1926\" data-end=\"1966\">g\u00e9om\u00e9trie de coupe simple et stable,<\/p>\n<\/li>\n<li data-start=\"1967\" data-end=\"2025\">\n<p data-start=\"1969\" data-end=\"2025\">Un bon contr\u00f4le des proc\u00e9d\u00e9s dans les applications standards,<\/p>\n<\/li>\n<li data-start=\"2026\" data-end=\"2084\">\n<p data-start=\"2028\" data-end=\"2084\">polyvalence dans le traitement des mat\u00e9riaux en acier typiques.<\/p>\n<\/li>\n<\/ul>\n<p data-start=\"2086\" data-end=\"2185\">C\u2019est une solution classique utilis\u00e9e \u00e0 la fois en <strong data-start=\"2131\" data-end=\"2153\">production en s\u00e9rie<\/strong> et en atelier.<\/p>\n<h3 data-start=\"2192\" data-end=\"2234\">Norme DIN 371 \u2013 conception compacte<\/h3>\n<p data-start=\"2235\" data-end=\"2272\"><strong data-start=\"2252\" data-end=\"2263\">La conformit\u00e9 \u00e0 la norme DIN 371<\/strong> signifie :<\/p>\n<ul data-start=\"2274\" data-end=\"2425\">\n<li data-start=\"2274\" data-end=\"2320\">\n<p data-start=\"2276\" data-end=\"2320\">conception d\u2019outils plus courte et compacte,<\/p>\n<\/li>\n<li data-start=\"2321\" data-end=\"2375\">\n<p data-start=\"2323\" data-end=\"2375\">Adapt\u00e9 aux profondeurs de filetage standard<\/p>\n<\/li>\n<li data-start=\"2376\" data-end=\"2425\">\n<p data-start=\"2378\" data-end=\"2425\">Un guidage stable dans les supports de machine.<\/p>\n<\/li>\n<\/ul>\n<p data-start=\"2427\" data-end=\"2566\">Le robinet est con\u00e7u pour fonctionner sur <strong data-start=\"2468\" data-end=\"2520\">des machines-outils CNC et des machines conventionnelles<\/strong>, o\u00f9 la pr\u00e9cision et la r\u00e9p\u00e9tabilit\u00e9 sont importantes.<\/p>\n<h3 data-start=\"2573\" data-end=\"2589\">Application<\/h3>\n<p data-start=\"2590\" data-end=\"2656\">Le robinet <strong data-start=\"2611\" data-end=\"2630\">HSS-E DIN 371B<\/strong> est recommand\u00e9 pour l\u2019usinage :<\/p>\n<ul data-start=\"2658\" data-end=\"2828\">\n<li data-start=\"2658\" data-end=\"2684\">\n<p data-start=\"2660\" data-end=\"2684\">Aciers structurels,<\/p>\n<\/li>\n<li data-start=\"2685\" data-end=\"2722\">\n<p data-start=\"2687\" data-end=\"2722\">aciers \u00e0 faible alliage et alliages,<\/p>\n<\/li>\n<li data-start=\"2723\" data-end=\"2763\">\n<p data-start=\"2725\" data-end=\"2763\">mat\u00e9riaux de moyenne r\u00e9sistance,<\/p>\n<\/li>\n<li data-start=\"2764\" data-end=\"2828\">\n<p data-start=\"2766\" data-end=\"2828\">Des pi\u00e8ces qui doivent \u00eatre enfil\u00e9es dans des <strong data-start=\"2800\" data-end=\"2825\">trous traversants<\/strong>.<\/p>\n<\/li>\n<\/ul>\n<p data-start=\"2830\" data-end=\"2950\">L\u2019outil offre <strong data-start=\"2849\" data-end=\"2906\">un fonctionnement stable, une bonne qualit\u00e9 de filetage et une fiabilit\u00e9<\/strong> dans les applications de production quotidiennes.<\/p>\n","protected":false},"excerpt":{"rendered":"<p>Le DIN 371 B HSS-E de Koronet est un outil de pr\u00e9cision con\u00e7u pour fabriquer des filetages internes ISO m\u00e9triques dans des trous traversants. Fabriqu\u00e9 en acier cobalt de haute [&hellip;]<\/p>\n","protected":false},"featured_media":8684,"template":"","meta":{"_acf_changed":false},"product_brand":[],"product_cat":[174,177,178],"product_tag":[],"class_list":{"0":"post-12159","1":"product","2":"type-product","3":"status-publish","4":"has-post-thumbnail","6":"product_cat-outils","7":"product_cat-prises-mecaniques","8":"product_cat-taps","10":"first","11":"instock","12":"taxable","13":"shipping-taxable","14":"purchasable","15":"product-type-variable","16":"has-default-attributes"},"acf":[],"yoast_head":"<!-- This site is optimized with the Yoast SEO plugin v27.5 - https:\/\/yoast.com\/product\/yoast-seo-wordpress\/ -->\n<title>Prise \u00e0 perforation DIN 371B HSS-E KORONET<\/title>\n<meta name=\"description\" content=\"Prise \u00e0 la machine DIN 371 B HSS-E Koronet pour fabriquer des filetages m\u00e9triques ISO dans des trous traversants. Fonctionnement stable, filetage pr\u00e9cis de l\u2019acier.\" \/>\n<meta name=\"robots\" content=\"index, follow, max-snippet:-1, max-image-preview:large, max-video-preview:-1\" \/>\n<link rel=\"canonical\" href=\"https:\/\/www.koro.net.pl\/fr\/produkt\/prise-mecanique-din-371-b-hss-e-pour-trous-traversants-koronet\/\" \/>\n<meta property=\"og:locale\" content=\"fr_FR\" \/>\n<meta property=\"og:type\" content=\"article\" \/>\n<meta property=\"og:title\" content=\"Prise \u00e0 perforation DIN 371B HSS-E KORONET\" \/>\n<meta property=\"og:description\" content=\"Prise \u00e0 la machine DIN 371 B HSS-E Koronet pour fabriquer des filetages m\u00e9triques ISO dans des trous traversants. Fonctionnement stable, filetage pr\u00e9cis de l\u2019acier.\" \/>\n<meta property=\"og:url\" content=\"https:\/\/www.koro.net.pl\/fr\/produkt\/prise-mecanique-din-371-b-hss-e-pour-trous-traversants-koronet\/\" \/>\n<meta property=\"og:site_name\" content=\"Koronet\" \/>\n<meta property=\"og:image\" content=\"https:\/\/www.koro.net.pl\/wp-content\/uploads\/2026\/01\/DIN371B-HSSE.1.png\" \/>\n\t<meta property=\"og:image:width\" content=\"800\" \/>\n\t<meta property=\"og:image:height\" content=\"800\" \/>\n\t<meta property=\"og:image:type\" content=\"image\/png\" \/>\n<meta name=\"twitter:card\" content=\"summary_large_image\" \/>\n<meta name=\"twitter:label1\" content=\"Dur\u00e9e de lecture estim\u00e9e\" \/>\n\t<meta name=\"twitter:data1\" content=\"2 minutes\" \/>\n<script type=\"application\/ld+json\" class=\"yoast-schema-graph\">{\"@context\":\"https:\\\/\\\/schema.org\",\"@graph\":[{\"@type\":\"WebPage\",\"@id\":\"https:\\\/\\\/www.koro.net.pl\\\/fr\\\/produkt\\\/prise-mecanique-din-371-b-hss-e-pour-trous-traversants-koronet\\\/\",\"url\":\"https:\\\/\\\/www.koro.net.pl\\\/fr\\\/produkt\\\/prise-mecanique-din-371-b-hss-e-pour-trous-traversants-koronet\\\/\",\"name\":\"Prise \u00e0 perforation DIN 371B HSS-E KORONET\",\"isPartOf\":{\"@id\":\"https:\\\/\\\/www.koro.net.pl\\\/fr\\\/#website\"},\"primaryImageOfPage\":{\"@id\":\"https:\\\/\\\/www.koro.net.pl\\\/fr\\\/produkt\\\/prise-mecanique-din-371-b-hss-e-pour-trous-traversants-koronet\\\/#primaryimage\"},\"image\":{\"@id\":\"https:\\\/\\\/www.koro.net.pl\\\/fr\\\/produkt\\\/prise-mecanique-din-371-b-hss-e-pour-trous-traversants-koronet\\\/#primaryimage\"},\"thumbnailUrl\":\"https:\\\/\\\/www.koro.net.pl\\\/wp-content\\\/uploads\\\/2026\\\/01\\\/DIN371B-HSSE.1.png\",\"datePublished\":\"2026-01-09T10:09:18+00:00\",\"description\":\"Prise \u00e0 la machine DIN 371 B HSS-E Koronet pour fabriquer des filetages m\u00e9triques ISO dans des trous traversants. Fonctionnement stable, filetage pr\u00e9cis de l\u2019acier.\",\"breadcrumb\":{\"@id\":\"https:\\\/\\\/www.koro.net.pl\\\/fr\\\/produkt\\\/prise-mecanique-din-371-b-hss-e-pour-trous-traversants-koronet\\\/#breadcrumb\"},\"inLanguage\":\"fr-FR\",\"potentialAction\":[{\"@type\":\"ReadAction\",\"target\":[\"https:\\\/\\\/www.koro.net.pl\\\/fr\\\/produkt\\\/prise-mecanique-din-371-b-hss-e-pour-trous-traversants-koronet\\\/\"]}]},{\"@type\":\"ImageObject\",\"inLanguage\":\"fr-FR\",\"@id\":\"https:\\\/\\\/www.koro.net.pl\\\/fr\\\/produkt\\\/prise-mecanique-din-371-b-hss-e-pour-trous-traversants-koronet\\\/#primaryimage\",\"url\":\"https:\\\/\\\/www.koro.net.pl\\\/wp-content\\\/uploads\\\/2026\\\/01\\\/DIN371B-HSSE.1.png\",\"contentUrl\":\"https:\\\/\\\/www.koro.net.pl\\\/wp-content\\\/uploads\\\/2026\\\/01\\\/DIN371B-HSSE.1.png\",\"width\":800,\"height\":800,\"caption\":\"Gwintownik maszynowy DIN 371 B M8 HSS-E Koronet \u2013 widok ca\u0142ego narz\u0119dzia od strony roboczej\"},{\"@type\":\"BreadcrumbList\",\"@id\":\"https:\\\/\\\/www.koro.net.pl\\\/fr\\\/produkt\\\/prise-mecanique-din-371-b-hss-e-pour-trous-traversants-koronet\\\/#breadcrumb\",\"itemListElement\":[{\"@type\":\"ListItem\",\"position\":1,\"name\":\"Strona g\u0142\u00f3wna\",\"item\":\"https:\\\/\\\/www.koro.net.pl\\\/fr\\\/\"},{\"@type\":\"ListItem\",\"position\":2,\"name\":\"Prise m\u00e9canique DIN 371 B HSS-E pour trous traversants \u2013 Koronet\"}]},{\"@type\":\"WebSite\",\"@id\":\"https:\\\/\\\/www.koro.net.pl\\\/fr\\\/#website\",\"url\":\"https:\\\/\\\/www.koro.net.pl\\\/fr\\\/\",\"name\":\"Koronet\",\"description\":\"\",\"publisher\":{\"@id\":\"https:\\\/\\\/www.koro.net.pl\\\/fr\\\/#organization\"},\"potentialAction\":[{\"@type\":\"SearchAction\",\"target\":{\"@type\":\"EntryPoint\",\"urlTemplate\":\"https:\\\/\\\/www.koro.net.pl\\\/fr\\\/?s={search_term_string}\"},\"query-input\":{\"@type\":\"PropertyValueSpecification\",\"valueRequired\":true,\"valueName\":\"search_term_string\"}}],\"inLanguage\":\"fr-FR\"},{\"@type\":\"Organization\",\"@id\":\"https:\\\/\\\/www.koro.net.pl\\\/fr\\\/#organization\",\"name\":\"Koronet\",\"alternateName\":\"Koronet\",\"url\":\"https:\\\/\\\/www.koro.net.pl\\\/fr\\\/\",\"logo\":{\"@type\":\"ImageObject\",\"inLanguage\":\"fr-FR\",\"@id\":\"https:\\\/\\\/www.koro.net.pl\\\/fr\\\/#\\\/schema\\\/logo\\\/image\\\/\",\"url\":\"https:\\\/\\\/www.koro.net.pl\\\/wp-content\\\/uploads\\\/2025\\\/02\\\/Koronet-spolka-z-o.o.png\",\"contentUrl\":\"https:\\\/\\\/www.koro.net.pl\\\/wp-content\\\/uploads\\\/2025\\\/02\\\/Koronet-spolka-z-o.o.png\",\"width\":696,\"height\":696,\"caption\":\"Koronet\"},\"image\":{\"@id\":\"https:\\\/\\\/www.koro.net.pl\\\/fr\\\/#\\\/schema\\\/logo\\\/image\\\/\"}}]}<\/script>\n<!-- \/ Yoast SEO plugin. -->","yoast_head_json":{"title":"Prise \u00e0 perforation DIN 371B HSS-E KORONET","description":"Prise \u00e0 la machine DIN 371 B HSS-E Koronet pour fabriquer des filetages m\u00e9triques ISO dans des trous traversants. Fonctionnement stable, filetage pr\u00e9cis de l\u2019acier.","robots":{"index":"index","follow":"follow","max-snippet":"max-snippet:-1","max-image-preview":"max-image-preview:large","max-video-preview":"max-video-preview:-1"},"canonical":"https:\/\/www.koro.net.pl\/fr\/produkt\/prise-mecanique-din-371-b-hss-e-pour-trous-traversants-koronet\/","og_locale":"fr_FR","og_type":"article","og_title":"Prise \u00e0 perforation DIN 371B HSS-E KORONET","og_description":"Prise \u00e0 la machine DIN 371 B HSS-E Koronet pour fabriquer des filetages m\u00e9triques ISO dans des trous traversants. Fonctionnement stable, filetage pr\u00e9cis de l\u2019acier.","og_url":"https:\/\/www.koro.net.pl\/fr\/produkt\/prise-mecanique-din-371-b-hss-e-pour-trous-traversants-koronet\/","og_site_name":"Koronet","og_image":[{"width":800,"height":800,"url":"https:\/\/www.koro.net.pl\/wp-content\/uploads\/2026\/01\/DIN371B-HSSE.1.png","type":"image\/png"}],"twitter_card":"summary_large_image","twitter_misc":{"Dur\u00e9e de lecture estim\u00e9e":"2 minutes"},"schema":{"@context":"https:\/\/schema.org","@graph":[{"@type":"WebPage","@id":"https:\/\/www.koro.net.pl\/fr\/produkt\/prise-mecanique-din-371-b-hss-e-pour-trous-traversants-koronet\/","url":"https:\/\/www.koro.net.pl\/fr\/produkt\/prise-mecanique-din-371-b-hss-e-pour-trous-traversants-koronet\/","name":"Prise \u00e0 perforation DIN 371B HSS-E KORONET","isPartOf":{"@id":"https:\/\/www.koro.net.pl\/fr\/#website"},"primaryImageOfPage":{"@id":"https:\/\/www.koro.net.pl\/fr\/produkt\/prise-mecanique-din-371-b-hss-e-pour-trous-traversants-koronet\/#primaryimage"},"image":{"@id":"https:\/\/www.koro.net.pl\/fr\/produkt\/prise-mecanique-din-371-b-hss-e-pour-trous-traversants-koronet\/#primaryimage"},"thumbnailUrl":"https:\/\/www.koro.net.pl\/wp-content\/uploads\/2026\/01\/DIN371B-HSSE.1.png","datePublished":"2026-01-09T10:09:18+00:00","description":"Prise \u00e0 la machine DIN 371 B HSS-E Koronet pour fabriquer des filetages m\u00e9triques ISO dans des trous traversants. Fonctionnement stable, filetage pr\u00e9cis de l\u2019acier.","breadcrumb":{"@id":"https:\/\/www.koro.net.pl\/fr\/produkt\/prise-mecanique-din-371-b-hss-e-pour-trous-traversants-koronet\/#breadcrumb"},"inLanguage":"fr-FR","potentialAction":[{"@type":"ReadAction","target":["https:\/\/www.koro.net.pl\/fr\/produkt\/prise-mecanique-din-371-b-hss-e-pour-trous-traversants-koronet\/"]}]},{"@type":"ImageObject","inLanguage":"fr-FR","@id":"https:\/\/www.koro.net.pl\/fr\/produkt\/prise-mecanique-din-371-b-hss-e-pour-trous-traversants-koronet\/#primaryimage","url":"https:\/\/www.koro.net.pl\/wp-content\/uploads\/2026\/01\/DIN371B-HSSE.1.png","contentUrl":"https:\/\/www.koro.net.pl\/wp-content\/uploads\/2026\/01\/DIN371B-HSSE.1.png","width":800,"height":800,"caption":"Gwintownik maszynowy DIN 371 B M8 HSS-E Koronet \u2013 widok ca\u0142ego narz\u0119dzia od strony roboczej"},{"@type":"BreadcrumbList","@id":"https:\/\/www.koro.net.pl\/fr\/produkt\/prise-mecanique-din-371-b-hss-e-pour-trous-traversants-koronet\/#breadcrumb","itemListElement":[{"@type":"ListItem","position":1,"name":"Strona g\u0142\u00f3wna","item":"https:\/\/www.koro.net.pl\/fr\/"},{"@type":"ListItem","position":2,"name":"Prise m\u00e9canique DIN 371 B HSS-E pour trous traversants \u2013 Koronet"}]},{"@type":"WebSite","@id":"https:\/\/www.koro.net.pl\/fr\/#website","url":"https:\/\/www.koro.net.pl\/fr\/","name":"Koronet","description":"","publisher":{"@id":"https:\/\/www.koro.net.pl\/fr\/#organization"},"potentialAction":[{"@type":"SearchAction","target":{"@type":"EntryPoint","urlTemplate":"https:\/\/www.koro.net.pl\/fr\/?s={search_term_string}"},"query-input":{"@type":"PropertyValueSpecification","valueRequired":true,"valueName":"search_term_string"}}],"inLanguage":"fr-FR"},{"@type":"Organization","@id":"https:\/\/www.koro.net.pl\/fr\/#organization","name":"Koronet","alternateName":"Koronet","url":"https:\/\/www.koro.net.pl\/fr\/","logo":{"@type":"ImageObject","inLanguage":"fr-FR","@id":"https:\/\/www.koro.net.pl\/fr\/#\/schema\/logo\/image\/","url":"https:\/\/www.koro.net.pl\/wp-content\/uploads\/2025\/02\/Koronet-spolka-z-o.o.png","contentUrl":"https:\/\/www.koro.net.pl\/wp-content\/uploads\/2025\/02\/Koronet-spolka-z-o.o.png","width":696,"height":696,"caption":"Koronet"},"image":{"@id":"https:\/\/www.koro.net.pl\/fr\/#\/schema\/logo\/image\/"}}]}},"_links":{"self":[{"href":"https:\/\/www.koro.net.pl\/fr\/wp-json\/wp\/v2\/product\/12159","targetHints":{"allow":["GET"]}}],"collection":[{"href":"https:\/\/www.koro.net.pl\/fr\/wp-json\/wp\/v2\/product"}],"about":[{"href":"https:\/\/www.koro.net.pl\/fr\/wp-json\/wp\/v2\/types\/product"}],"wp:featuredmedia":[{"embeddable":true,"href":"https:\/\/www.koro.net.pl\/fr\/wp-json\/wp\/v2\/media\/8684"}],"wp:attachment":[{"href":"https:\/\/www.koro.net.pl\/fr\/wp-json\/wp\/v2\/media?parent=12159"}],"wp:term":[{"taxonomy":"product_brand","embeddable":true,"href":"https:\/\/www.koro.net.pl\/fr\/wp-json\/wp\/v2\/product_brand?post=12159"},{"taxonomy":"product_cat","embeddable":true,"href":"https:\/\/www.koro.net.pl\/fr\/wp-json\/wp\/v2\/product_cat?post=12159"},{"taxonomy":"product_tag","embeddable":true,"href":"https:\/\/www.koro.net.pl\/fr\/wp-json\/wp\/v2\/product_tag?post=12159"}],"curies":[{"name":"wp","href":"https:\/\/api.w.org\/{rel}","templated":true}]}}