{"id":12151,"date":"2026-01-08T15:05:55","date_gmt":"2026-01-08T14:05:55","guid":{"rendered":"https:\/\/www.koro.net.pl\/produkt\/prise-de-machine-din-376-b-m16-hsse-ticn-pour-trou-traversant-koronet\/"},"modified":"2026-01-08T15:05:55","modified_gmt":"2026-01-08T14:05:55","slug":"prise-de-machine-din-376-b-m16-hsse-ticn-pour-trou-traversant-koronet","status":"publish","type":"product","link":"https:\/\/www.koro.net.pl\/fr\/produkt\/prise-de-machine-din-376-b-m16-hsse-ticn-pour-trou-traversant-koronet\/","title":{"rendered":"Prise de machine DIN 376 B M16 HSSE TiCN pour trou traversant \u2013 Koronet"},"content":{"rendered":"<p data-start=\"531\" data-end=\"940\"><a href=\"https:\/\/www.koro.net.pl\/fr\/produkty\/taps\/\">Le tarinet de machine <strong data-start=\"552\" data-end=\"587\">Koronet DIN 376 B M16 HSSE TiCN<\/strong><\/a> est un outil de pr\u00e9cision con\u00e7u pour le filetage interne dans les aciers structurels, les aciers \u00e0 faible alliage et les mat\u00e9riaux de moyenne et haute r\u00e9sistance. Fabriqu\u00e9 en <strong data-start=\"803\" data-end=\"811\">acier cobalt \u00e0 grande vitesse HSSE<\/strong> et recouvert d\u2019un rev\u00eatement <strong data-start=\"830\" data-end=\"838\">TiCN<\/strong>, il offre une grande r\u00e9sistance \u00e0 l\u2019usure, un fonctionnement stable et une longue dur\u00e9e de vie en conditions de production. <\/p>\n<h3 data-start=\"942\" data-end=\"989\"><strong data-start=\"946\" data-end=\"989\">Acier HSSE \u2013 haute durabilit\u00e9 et r\u00e9sistance<\/strong><\/h3>\n<p data-start=\"990\" data-end=\"1097\">Le robinet est fabriqu\u00e9 en acier cobalt de haute qualit\u00e9 et haute vitesse, HSSE, caract\u00e9ris\u00e9 par :<\/p>\n<ul data-start=\"1099\" data-end=\"1273\">\n<li data-start=\"1099\" data-end=\"1144\">\n<p data-start=\"1101\" data-end=\"1144\">haute r\u00e9sistance aux charges torsionnelles,<\/p>\n<\/li>\n<li data-start=\"1145\" data-end=\"1201\">\n<p data-start=\"1147\" data-end=\"1201\">duret\u00e9 accrue \u00e0 des temp\u00e9ratures \u00e9lev\u00e9es,<\/p>\n<\/li>\n<li data-start=\"1202\" data-end=\"1273\">\n<p data-start=\"1204\" data-end=\"1273\">meilleure r\u00e9sistance \u00e0 l\u2019abrasion compar\u00e9e \u00e0 l\u2019acier HSS classique.<\/p>\n<\/li>\n<\/ul>\n<p data-start=\"1275\" data-end=\"1415\">Cela garantit un processus de threading stable et reproductible tant en production en s\u00e9rie qu\u2019en atelier.<\/p>\n<h3 data-start=\"1417\" data-end=\"1475\"><strong data-start=\"1421\" data-end=\"1475\">Rev\u00eatement TiCN \u2013 moins de friction et dur\u00e9e de vie plus longue<\/strong><\/h3>\n<p data-start=\"1476\" data-end=\"1541\">Garanties avanc\u00e9es de rev\u00eatement <strong data-start=\"1497\" data-end=\"1529\">TiCN (carbonitrire de titane)<\/strong> :<\/p>\n<ul data-start=\"1543\" data-end=\"1729\">\n<li data-start=\"1543\" data-end=\"1600\">\n<p data-start=\"1545\" data-end=\"1600\">une r\u00e9sistance \u00e0 l\u2019usure bien sup\u00e9rieure \u00e0 celle du rev\u00eatement TiN,<\/p>\n<\/li>\n<li data-start=\"1601\" data-end=\"1641\">\n<p data-start=\"1603\" data-end=\"1641\">friction r\u00e9duite dans la zone de coupe,<\/p>\n<\/li>\n<li data-start=\"1642\" data-end=\"1688\">\n<p data-start=\"1644\" data-end=\"1688\">meilleur contr\u00f4le de la temp\u00e9rature pendant le fonctionnement,<\/p>\n<\/li>\n<li data-start=\"1689\" data-end=\"1729\">\n<p data-start=\"1691\" data-end=\"1729\">surface lisse du fil fait.<\/p>\n<\/li>\n<\/ul>\n<p data-start=\"1731\" data-end=\"1872\">La finition graphite gris fonc\u00e9 de l\u2019outil confirme l\u2019utilisation d\u2019un rev\u00eatement \u00e0 haute duret\u00e9 et aux tr\u00e8s bonnes propri\u00e9t\u00e9s de glissement.<\/p>\n<h3 data-start=\"1874\" data-end=\"1919\"><strong data-start=\"1878\" data-end=\"1919\">G\u00e9om\u00e9trie B \u2013 pour les trous traversants<\/strong><\/h3>\n<p data-start=\"1920\" data-end=\"1958\">La police <strong data-start=\"1927\" data-end=\"1936\">de type B<\/strong> est con\u00e7ue pour :<\/p>\n<ul data-start=\"1960\" data-end=\"2134\">\n<li data-start=\"1960\" data-end=\"2008\">\n<p data-start=\"1962\" data-end=\"2008\">enfiler des trous \u00e0 travers,<\/p>\n<\/li>\n<li data-start=\"2009\" data-end=\"2073\">\n<p data-start=\"2011\" data-end=\"2073\">\u00e9vacuation efficace des puces vers l\u2019avant de l\u2019outil,<\/p>\n<\/li>\n<li data-start=\"2074\" data-end=\"2134\">\n<p data-start=\"2076\" data-end=\"2134\">Fonctionnement stable et s\u00fbr avec le filetage machine.<\/p>\n<\/li>\n<\/ul>\n<p data-start=\"2136\" data-end=\"2237\">Cette g\u00e9om\u00e9trie r\u00e9duit le risque de coincement de copeaux et permet au processus de d\u00e9coupe de se d\u00e9rouler sans heurts.<\/p>\n<h3 data-start=\"2239\" data-end=\"2283\"><strong data-start=\"2243\" data-end=\"2283\">Norme DIN 376 \u2013 pour filetages plus profonds<\/strong><\/h3>\n<p data-start=\"2284\" data-end=\"2321\"><strong data-start=\"2301\" data-end=\"2312\">La conformit\u00e9 \u00e0 la norme DIN 376<\/strong> signifie :<\/p>\n<ul data-start=\"2323\" data-end=\"2456\">\n<li data-start=\"2323\" data-end=\"2361\">\n<p data-start=\"2325\" data-end=\"2361\">une partie allong\u00e9e de l\u2019outil de travail,<\/p>\n<\/li>\n<li data-start=\"2362\" data-end=\"2406\">\n<p data-start=\"2364\" data-end=\"2406\">la capacit\u00e9 de faire des fils plus profonds,<\/p>\n<\/li>\n<li data-start=\"2407\" data-end=\"2456\">\n<p data-start=\"2409\" data-end=\"2456\">Guidage stable sur prise pendant le fonctionnement.<\/p>\n<\/li>\n<\/ul>\n<p data-start=\"2458\" data-end=\"2549\">Le robinet est con\u00e7u pour fonctionner sur des machines-outils CNC et des machines conventionnelles.<\/p>\n<h3 data-start=\"2551\" data-end=\"2571\"><strong data-start=\"2555\" data-end=\"2571\">Application<\/strong><\/h3>\n<p data-start=\"2572\" data-end=\"2632\">La prise DIN 376 B HSSE TiCN est con\u00e7ue pour l\u2019usinage :<\/p>\n<ul data-start=\"2634\" data-end=\"2829\">\n<li data-start=\"2634\" data-end=\"2660\">\n<p data-start=\"2636\" data-end=\"2660\">Aciers structurels,<\/p>\n<\/li>\n<li data-start=\"2661\" data-end=\"2698\">\n<p data-start=\"2663\" data-end=\"2698\">aciers \u00e0 faible alliage et alliages,<\/p>\n<\/li>\n<li data-start=\"2699\" data-end=\"2754\">\n<p data-start=\"2701\" data-end=\"2754\">mat\u00e9riaux de r\u00e9sistance moyenne et \u00e9lev\u00e9e,<\/p>\n<\/li>\n<li data-start=\"2755\" data-end=\"2829\">\n<p data-start=\"2757\" data-end=\"2829\">des composants n\u00e9cessitant un filetage pr\u00e9cis dans des trous traversants.<\/p>\n<\/li>\n<\/ul>\n<p data-start=\"2831\" data-end=\"2993\">L\u2019outil garantit une grande durabilit\u00e9, un processus de coupe fluide, une \u00e9vacuation efficace des copeaux et une s\u00e9curit\u00e9 op\u00e9rationnelle m\u00eame dans des conditions de production exigeantes.<\/p>\n","protected":false},"excerpt":{"rendered":"<p>Le tarinet de machine Koronet DIN 376 B M16 HSSE TiCN est un outil de pr\u00e9cision con\u00e7u pour le filetage interne dans les aciers structurels, les aciers \u00e0 faible alliage [&hellip;]<\/p>\n","protected":false},"featured_media":8673,"template":"","meta":{"_acf_changed":false},"product_brand":[],"product_cat":[174,177,178],"product_tag":[],"class_list":{"0":"post-12151","1":"product","2":"type-product","3":"status-publish","4":"has-post-thumbnail","6":"product_cat-outils","7":"product_cat-prises-mecaniques","8":"product_cat-taps","10":"first","11":"instock","12":"taxable","13":"shipping-taxable","14":"purchasable","15":"product-type-variable","16":"has-default-attributes"},"acf":[],"yoast_head":"<!-- This site is optimized with the Yoast SEO plugin v27.5 - https:\/\/yoast.com\/product\/yoast-seo-wordpress\/ -->\n<title>Prise de machine DIN 376 B M16 HSSE TiCN | Coroner<\/title>\n<meta name=\"description\" content=\"Prise de machine Koronet DIN 376 B M16 HSSE TiCN pour les trous traversants. Grande durabilit\u00e9, rev\u00eatement TiCN, filetage en acier de pr\u00e9cision.\" \/>\n<meta name=\"robots\" content=\"index, follow, max-snippet:-1, max-image-preview:large, max-video-preview:-1\" \/>\n<link rel=\"canonical\" href=\"https:\/\/www.koro.net.pl\/fr\/produkt\/prise-de-machine-din-376-b-m16-hsse-ticn-pour-trou-traversant-koronet\/\" \/>\n<meta property=\"og:locale\" content=\"fr_FR\" \/>\n<meta property=\"og:type\" content=\"article\" \/>\n<meta property=\"og:title\" content=\"Prise de machine DIN 376 B M16 HSSE TiCN | Coroner\" \/>\n<meta property=\"og:description\" content=\"Prise de machine Koronet DIN 376 B M16 HSSE TiCN pour les trous traversants. Grande durabilit\u00e9, rev\u00eatement TiCN, filetage en acier de pr\u00e9cision.\" \/>\n<meta property=\"og:url\" content=\"https:\/\/www.koro.net.pl\/fr\/produkt\/prise-de-machine-din-376-b-m16-hsse-ticn-pour-trou-traversant-koronet\/\" \/>\n<meta property=\"og:site_name\" content=\"Koronet\" \/>\n<meta property=\"og:image\" content=\"https:\/\/www.koro.net.pl\/wp-content\/uploads\/2026\/01\/DIN376B-HSSE-TiCN.1.png\" \/>\n\t<meta property=\"og:image:width\" content=\"800\" \/>\n\t<meta property=\"og:image:height\" content=\"800\" \/>\n\t<meta property=\"og:image:type\" content=\"image\/png\" \/>\n<meta name=\"twitter:card\" content=\"summary_large_image\" \/>\n<meta name=\"twitter:label1\" content=\"Dur\u00e9e de lecture estim\u00e9e\" \/>\n\t<meta name=\"twitter:data1\" content=\"2 minutes\" \/>\n<script type=\"application\/ld+json\" class=\"yoast-schema-graph\">{\"@context\":\"https:\\\/\\\/schema.org\",\"@graph\":[{\"@type\":\"WebPage\",\"@id\":\"https:\\\/\\\/www.koro.net.pl\\\/fr\\\/produkt\\\/prise-de-machine-din-376-b-m16-hsse-ticn-pour-trou-traversant-koronet\\\/\",\"url\":\"https:\\\/\\\/www.koro.net.pl\\\/fr\\\/produkt\\\/prise-de-machine-din-376-b-m16-hsse-ticn-pour-trou-traversant-koronet\\\/\",\"name\":\"Prise de machine DIN 376 B M16 HSSE TiCN | Coroner\",\"isPartOf\":{\"@id\":\"https:\\\/\\\/www.koro.net.pl\\\/fr\\\/#website\"},\"primaryImageOfPage\":{\"@id\":\"https:\\\/\\\/www.koro.net.pl\\\/fr\\\/produkt\\\/prise-de-machine-din-376-b-m16-hsse-ticn-pour-trou-traversant-koronet\\\/#primaryimage\"},\"image\":{\"@id\":\"https:\\\/\\\/www.koro.net.pl\\\/fr\\\/produkt\\\/prise-de-machine-din-376-b-m16-hsse-ticn-pour-trou-traversant-koronet\\\/#primaryimage\"},\"thumbnailUrl\":\"https:\\\/\\\/www.koro.net.pl\\\/wp-content\\\/uploads\\\/2026\\\/01\\\/DIN376B-HSSE-TiCN.1.png\",\"datePublished\":\"2026-01-08T14:05:55+00:00\",\"description\":\"Prise de machine Koronet DIN 376 B M16 HSSE TiCN pour les trous traversants. Grande durabilit\u00e9, rev\u00eatement TiCN, filetage en acier de pr\u00e9cision.\",\"breadcrumb\":{\"@id\":\"https:\\\/\\\/www.koro.net.pl\\\/fr\\\/produkt\\\/prise-de-machine-din-376-b-m16-hsse-ticn-pour-trou-traversant-koronet\\\/#breadcrumb\"},\"inLanguage\":\"fr-FR\",\"potentialAction\":[{\"@type\":\"ReadAction\",\"target\":[\"https:\\\/\\\/www.koro.net.pl\\\/fr\\\/produkt\\\/prise-de-machine-din-376-b-m16-hsse-ticn-pour-trou-traversant-koronet\\\/\"]}]},{\"@type\":\"ImageObject\",\"inLanguage\":\"fr-FR\",\"@id\":\"https:\\\/\\\/www.koro.net.pl\\\/fr\\\/produkt\\\/prise-de-machine-din-376-b-m16-hsse-ticn-pour-trou-traversant-koronet\\\/#primaryimage\",\"url\":\"https:\\\/\\\/www.koro.net.pl\\\/wp-content\\\/uploads\\\/2026\\\/01\\\/DIN376B-HSSE-TiCN.1.png\",\"contentUrl\":\"https:\\\/\\\/www.koro.net.pl\\\/wp-content\\\/uploads\\\/2026\\\/01\\\/DIN376B-HSSE-TiCN.1.png\",\"width\":800,\"height\":800,\"caption\":\"Gwintownik maszynowy Koronet DIN 376 B M16 HSSE TiCN \u2013 widok ca\u0142o\u015bci narz\u0119dzia\"},{\"@type\":\"BreadcrumbList\",\"@id\":\"https:\\\/\\\/www.koro.net.pl\\\/fr\\\/produkt\\\/prise-de-machine-din-376-b-m16-hsse-ticn-pour-trou-traversant-koronet\\\/#breadcrumb\",\"itemListElement\":[{\"@type\":\"ListItem\",\"position\":1,\"name\":\"Strona g\u0142\u00f3wna\",\"item\":\"https:\\\/\\\/www.koro.net.pl\\\/fr\\\/\"},{\"@type\":\"ListItem\",\"position\":2,\"name\":\"Prise de machine DIN 376 B M16 HSSE TiCN pour trou traversant \u2013 Koronet\"}]},{\"@type\":\"WebSite\",\"@id\":\"https:\\\/\\\/www.koro.net.pl\\\/fr\\\/#website\",\"url\":\"https:\\\/\\\/www.koro.net.pl\\\/fr\\\/\",\"name\":\"Koronet\",\"description\":\"\",\"publisher\":{\"@id\":\"https:\\\/\\\/www.koro.net.pl\\\/fr\\\/#organization\"},\"potentialAction\":[{\"@type\":\"SearchAction\",\"target\":{\"@type\":\"EntryPoint\",\"urlTemplate\":\"https:\\\/\\\/www.koro.net.pl\\\/fr\\\/?s={search_term_string}\"},\"query-input\":{\"@type\":\"PropertyValueSpecification\",\"valueRequired\":true,\"valueName\":\"search_term_string\"}}],\"inLanguage\":\"fr-FR\"},{\"@type\":\"Organization\",\"@id\":\"https:\\\/\\\/www.koro.net.pl\\\/fr\\\/#organization\",\"name\":\"Koronet\",\"alternateName\":\"Koronet\",\"url\":\"https:\\\/\\\/www.koro.net.pl\\\/fr\\\/\",\"logo\":{\"@type\":\"ImageObject\",\"inLanguage\":\"fr-FR\",\"@id\":\"https:\\\/\\\/www.koro.net.pl\\\/fr\\\/#\\\/schema\\\/logo\\\/image\\\/\",\"url\":\"https:\\\/\\\/www.koro.net.pl\\\/wp-content\\\/uploads\\\/2025\\\/02\\\/Koronet-spolka-z-o.o.png\",\"contentUrl\":\"https:\\\/\\\/www.koro.net.pl\\\/wp-content\\\/uploads\\\/2025\\\/02\\\/Koronet-spolka-z-o.o.png\",\"width\":696,\"height\":696,\"caption\":\"Koronet\"},\"image\":{\"@id\":\"https:\\\/\\\/www.koro.net.pl\\\/fr\\\/#\\\/schema\\\/logo\\\/image\\\/\"}}]}<\/script>\n<!-- \/ Yoast SEO plugin. -->","yoast_head_json":{"title":"Prise de machine DIN 376 B M16 HSSE TiCN | Coroner","description":"Prise de machine Koronet DIN 376 B M16 HSSE TiCN pour les trous traversants. Grande durabilit\u00e9, rev\u00eatement TiCN, filetage en acier de pr\u00e9cision.","robots":{"index":"index","follow":"follow","max-snippet":"max-snippet:-1","max-image-preview":"max-image-preview:large","max-video-preview":"max-video-preview:-1"},"canonical":"https:\/\/www.koro.net.pl\/fr\/produkt\/prise-de-machine-din-376-b-m16-hsse-ticn-pour-trou-traversant-koronet\/","og_locale":"fr_FR","og_type":"article","og_title":"Prise de machine DIN 376 B M16 HSSE TiCN | Coroner","og_description":"Prise de machine Koronet DIN 376 B M16 HSSE TiCN pour les trous traversants. Grande durabilit\u00e9, rev\u00eatement TiCN, filetage en acier de pr\u00e9cision.","og_url":"https:\/\/www.koro.net.pl\/fr\/produkt\/prise-de-machine-din-376-b-m16-hsse-ticn-pour-trou-traversant-koronet\/","og_site_name":"Koronet","og_image":[{"width":800,"height":800,"url":"https:\/\/www.koro.net.pl\/wp-content\/uploads\/2026\/01\/DIN376B-HSSE-TiCN.1.png","type":"image\/png"}],"twitter_card":"summary_large_image","twitter_misc":{"Dur\u00e9e de lecture estim\u00e9e":"2 minutes"},"schema":{"@context":"https:\/\/schema.org","@graph":[{"@type":"WebPage","@id":"https:\/\/www.koro.net.pl\/fr\/produkt\/prise-de-machine-din-376-b-m16-hsse-ticn-pour-trou-traversant-koronet\/","url":"https:\/\/www.koro.net.pl\/fr\/produkt\/prise-de-machine-din-376-b-m16-hsse-ticn-pour-trou-traversant-koronet\/","name":"Prise de machine DIN 376 B M16 HSSE TiCN | Coroner","isPartOf":{"@id":"https:\/\/www.koro.net.pl\/fr\/#website"},"primaryImageOfPage":{"@id":"https:\/\/www.koro.net.pl\/fr\/produkt\/prise-de-machine-din-376-b-m16-hsse-ticn-pour-trou-traversant-koronet\/#primaryimage"},"image":{"@id":"https:\/\/www.koro.net.pl\/fr\/produkt\/prise-de-machine-din-376-b-m16-hsse-ticn-pour-trou-traversant-koronet\/#primaryimage"},"thumbnailUrl":"https:\/\/www.koro.net.pl\/wp-content\/uploads\/2026\/01\/DIN376B-HSSE-TiCN.1.png","datePublished":"2026-01-08T14:05:55+00:00","description":"Prise de machine Koronet DIN 376 B M16 HSSE TiCN pour les trous traversants. Grande durabilit\u00e9, rev\u00eatement TiCN, filetage en acier de pr\u00e9cision.","breadcrumb":{"@id":"https:\/\/www.koro.net.pl\/fr\/produkt\/prise-de-machine-din-376-b-m16-hsse-ticn-pour-trou-traversant-koronet\/#breadcrumb"},"inLanguage":"fr-FR","potentialAction":[{"@type":"ReadAction","target":["https:\/\/www.koro.net.pl\/fr\/produkt\/prise-de-machine-din-376-b-m16-hsse-ticn-pour-trou-traversant-koronet\/"]}]},{"@type":"ImageObject","inLanguage":"fr-FR","@id":"https:\/\/www.koro.net.pl\/fr\/produkt\/prise-de-machine-din-376-b-m16-hsse-ticn-pour-trou-traversant-koronet\/#primaryimage","url":"https:\/\/www.koro.net.pl\/wp-content\/uploads\/2026\/01\/DIN376B-HSSE-TiCN.1.png","contentUrl":"https:\/\/www.koro.net.pl\/wp-content\/uploads\/2026\/01\/DIN376B-HSSE-TiCN.1.png","width":800,"height":800,"caption":"Gwintownik maszynowy Koronet DIN 376 B M16 HSSE TiCN \u2013 widok ca\u0142o\u015bci narz\u0119dzia"},{"@type":"BreadcrumbList","@id":"https:\/\/www.koro.net.pl\/fr\/produkt\/prise-de-machine-din-376-b-m16-hsse-ticn-pour-trou-traversant-koronet\/#breadcrumb","itemListElement":[{"@type":"ListItem","position":1,"name":"Strona g\u0142\u00f3wna","item":"https:\/\/www.koro.net.pl\/fr\/"},{"@type":"ListItem","position":2,"name":"Prise de machine DIN 376 B M16 HSSE TiCN pour trou traversant \u2013 Koronet"}]},{"@type":"WebSite","@id":"https:\/\/www.koro.net.pl\/fr\/#website","url":"https:\/\/www.koro.net.pl\/fr\/","name":"Koronet","description":"","publisher":{"@id":"https:\/\/www.koro.net.pl\/fr\/#organization"},"potentialAction":[{"@type":"SearchAction","target":{"@type":"EntryPoint","urlTemplate":"https:\/\/www.koro.net.pl\/fr\/?s={search_term_string}"},"query-input":{"@type":"PropertyValueSpecification","valueRequired":true,"valueName":"search_term_string"}}],"inLanguage":"fr-FR"},{"@type":"Organization","@id":"https:\/\/www.koro.net.pl\/fr\/#organization","name":"Koronet","alternateName":"Koronet","url":"https:\/\/www.koro.net.pl\/fr\/","logo":{"@type":"ImageObject","inLanguage":"fr-FR","@id":"https:\/\/www.koro.net.pl\/fr\/#\/schema\/logo\/image\/","url":"https:\/\/www.koro.net.pl\/wp-content\/uploads\/2025\/02\/Koronet-spolka-z-o.o.png","contentUrl":"https:\/\/www.koro.net.pl\/wp-content\/uploads\/2025\/02\/Koronet-spolka-z-o.o.png","width":696,"height":696,"caption":"Koronet"},"image":{"@id":"https:\/\/www.koro.net.pl\/fr\/#\/schema\/logo\/image\/"}}]}},"_links":{"self":[{"href":"https:\/\/www.koro.net.pl\/fr\/wp-json\/wp\/v2\/product\/12151","targetHints":{"allow":["GET"]}}],"collection":[{"href":"https:\/\/www.koro.net.pl\/fr\/wp-json\/wp\/v2\/product"}],"about":[{"href":"https:\/\/www.koro.net.pl\/fr\/wp-json\/wp\/v2\/types\/product"}],"wp:featuredmedia":[{"embeddable":true,"href":"https:\/\/www.koro.net.pl\/fr\/wp-json\/wp\/v2\/media\/8673"}],"wp:attachment":[{"href":"https:\/\/www.koro.net.pl\/fr\/wp-json\/wp\/v2\/media?parent=12151"}],"wp:term":[{"taxonomy":"product_brand","embeddable":true,"href":"https:\/\/www.koro.net.pl\/fr\/wp-json\/wp\/v2\/product_brand?post=12151"},{"taxonomy":"product_cat","embeddable":true,"href":"https:\/\/www.koro.net.pl\/fr\/wp-json\/wp\/v2\/product_cat?post=12151"},{"taxonomy":"product_tag","embeddable":true,"href":"https:\/\/www.koro.net.pl\/fr\/wp-json\/wp\/v2\/product_tag?post=12151"}],"curies":[{"name":"wp","href":"https:\/\/api.w.org\/{rel}","templated":true}]}}