{"id":12142,"date":"2023-05-17T15:59:17","date_gmt":"2023-05-17T13:59:17","guid":{"rendered":"https:\/\/www.koro.net.pl\/produkt\/meches-a-cobalt-din338-rn-inox-hsse-tin-m-19\/"},"modified":"2023-05-17T15:59:17","modified_gmt":"2023-05-17T13:59:17","slug":"meches-a-cobalt-din338-rn-inox-hsse-tin-m-19","status":"publish","type":"product","link":"https:\/\/www.koro.net.pl\/fr\/produkt\/meches-a-cobalt-din338-rn-inox-hsse-tin-m-19\/","title":{"rendered":"M\u00e8ches \u00e0 cobalt &#8211; DIN338 RN INOX HSSE TIN M-19"},"content":{"rendered":"<p><a href=\"https:\/\/www.koro.net.pl\/fr\/produkty\/ensembles-de-forage\/\">Ensemble de foret double meulage au cobalt<\/a> pour professionnels avec tige cylindrique Ils sont fabriqu\u00e9s en acier HSS haute vitesse avec 5 % d\u2019ajout de cobalt (CO5 %) et sont recouverts d\u2019un rev\u00eatement en nitrure de titane (TiN), ce qui garantit une culture de travail \u00e9lev\u00e9e avec une efficacit\u00e9 accrue. Les m\u00e8ches r\u00e9sistent aux temp\u00e9ratures \u00e9lev\u00e9es. Ils conviennent parfaitement au forage dans l\u2019acier inoxydable, r\u00e9sistant aux acides et en acier outill\u00e9.   <\/p>\n<ul>\n<li>Standard : DIN338<\/li>\n<li>Additif au cobalt (CO5 %)<\/li>\n<li>Rev\u00eatement TiN (Nitrure de titane)<\/li>\n<li>Tige cylindrique<\/li>\n<li>Double terrain<\/li>\n<li>angle de pale 131\u00b0<\/li>\n<\/ul>\n<p>Classe de tol\u00e9rance de forage : H8<br \/>\nDirection de forage : Droite<\/p>\n<p>Application d\u2019une m\u00e8che de forage en cobalt :<\/p>\n<ul>\n<li>Acier de structure<\/li>\n<li>Acier \u00e0 outils<\/li>\n<li>Acier inoxydable<\/li>\n<li>M\u00e9taux non ferreux<\/li>\n<li>et autres<\/li>\n<\/ul>\n<p><em>La norme de qualit\u00e9 allemande est le niveau que tous nos outils atteignent.<\/em><\/p>\n<p>Le jeu de m\u00e8ches DIN338 RN INOX HSSE TIN M-19 se compose de 19 m\u00e8ches de taille allant de 1 mm \u00e0 10 mm de diam\u00e8tre.<\/p>\n<table>\n<tbody>\n<tr>\n<td><strong>Taille (mm)<\/strong><\/td>\n<td><strong>Longueur totale (mm)<\/strong><\/td>\n<td><strong>Longueur de travail (mm)<\/strong><\/td>\n<\/tr>\n<tr>\n<td>\n 1<\/td>\n<td>34<\/td>\n<td>12<\/td>\n<\/tr>\n<tr>\n<td>1.5<\/td>\n<td>40<\/td>\n<td>12<\/td>\n<\/tr>\n<tr>\n<td>\n 2<\/td>\n<td>49<\/td>\n<td>24<\/td>\n<\/tr>\n<tr>\n<td>2.5<\/td>\n<td>57<\/td>\n<td>30<\/td>\n<\/tr>\n<tr>\n<td>\n 3<\/td>\n<td>61<\/td>\n<td>33<\/td>\n<\/tr>\n<tr>\n<td>3.5<\/td>\n<td>70<\/td>\n<td>39<\/td>\n<\/tr>\n<tr>\n<td>\n 4<\/td>\n<td>75<\/td>\n<td>43<\/td>\n<\/tr>\n<tr>\n<td>4.5<\/td>\n<td>80<\/td>\n<td>47<\/td>\n<\/tr>\n<tr>\n<td>\n 5<\/td>\n<td>86<\/td>\n<td>52<\/td>\n<\/tr>\n<tr>\n<td>5.5<\/td>\n<td>93<\/td>\n<td>57<\/td>\n<\/tr>\n<tr>\n<td>\n 6<\/td>\n<td>93<\/td>\n<td>57<\/td>\n<\/tr>\n<tr>\n<td>6.5<\/td>\n<td>101<\/td>\n<td>63<\/td>\n<\/tr>\n<tr>\n<td>\n 7<\/td>\n<td>109<\/td>\n<td>69<\/td>\n<\/tr>\n<tr>\n<td>7,5<\/td>\n<td>109<\/td>\n<td>69<\/td>\n<\/tr>\n<tr>\n<td>\n 8<\/td>\n<td>117<\/td>\n<td>75<\/td>\n<\/tr>\n<tr>\n<td>8,5<\/td>\n<td>117<\/td>\n<td>75<\/td>\n<\/tr>\n<tr>\n<td>\n 9<\/td>\n<td>125<\/td>\n<td>81<\/td>\n<\/tr>\n<tr>\n<td>9,5<\/td>\n<td>125<\/td>\n<td>81<\/td>\n<\/tr>\n<tr>\n<td>10<\/td>\n<td>133<\/td>\n<td>87<\/td>\n<\/tr>\n<\/tbody>\n<\/table>\n","protected":false},"excerpt":{"rendered":"<p>Ensemble de foret double meulage au cobalt pour professionnels avec tige cylindrique Ils sont fabriqu\u00e9s en acier HSS haute vitesse avec 5 % d\u2019ajout de cobalt (CO5 %) et sont [&hellip;]<\/p>\n","protected":false},"featured_media":6142,"template":"","meta":{"_acf_changed":false},"product_brand":[],"product_cat":[187,174],"product_tag":[],"class_list":{"0":"post-12142","1":"product","2":"type-product","3":"status-publish","4":"has-post-thumbnail","6":"product_cat-ensembles-de-forage","7":"product_cat-outils","9":"first","10":"instock","11":"taxable","12":"shipping-taxable","13":"purchasable","14":"product-type-simple"},"acf":[],"yoast_head":"<!-- This site is optimized with the Yoast SEO plugin v27.5 - https:\/\/yoast.com\/product\/yoast-seo-wordpress\/ -->\n<title>M\u00e8ches de forage HSS TiN Cobalt : Ensemble de 19 pi\u00e8ces. , double masse<\/title>\n<meta name=\"description\" content=\"Ensemble de m\u00e8ches de forage au cobalt HSS Co5\u00a0% TiN - double meul\u00e9e, tige cylindrique. Pour l\u2019acier structurel, l\u2019acier \u00e0 outils, l\u2019acier inoxydable et les m\u00e9taux non ferreux.\" \/>\n<meta name=\"robots\" content=\"index, follow, max-snippet:-1, max-image-preview:large, max-video-preview:-1\" \/>\n<link rel=\"canonical\" href=\"https:\/\/www.koro.net.pl\/fr\/produkt\/meches-a-cobalt-din338-rn-inox-hsse-tin-m-19\/\" \/>\n<meta property=\"og:locale\" content=\"fr_FR\" \/>\n<meta property=\"og:type\" content=\"article\" \/>\n<meta property=\"og:title\" content=\"M\u00e8ches de forage HSS TiN Cobalt : Ensemble de 19 pi\u00e8ces. , double masse\" \/>\n<meta property=\"og:description\" content=\"Ensemble de m\u00e8ches de forage au cobalt HSS Co5\u00a0% TiN - double meul\u00e9e, tige cylindrique. Pour l\u2019acier structurel, l\u2019acier \u00e0 outils, l\u2019acier inoxydable et les m\u00e9taux non ferreux.\" \/>\n<meta property=\"og:url\" content=\"https:\/\/www.koro.net.pl\/fr\/produkt\/meches-a-cobalt-din338-rn-inox-hsse-tin-m-19\/\" \/>\n<meta property=\"og:site_name\" content=\"Koronet\" \/>\n<meta property=\"og:image\" content=\"https:\/\/www.koro.net.pl\/wp-content\/uploads\/2023\/05\/Zestaw-wiertla-podwojnie-szlifowane-DIN338-RN-INOX-HSSE-TIN-M-25-1.jpg\" \/>\n\t<meta property=\"og:image:width\" content=\"600\" \/>\n\t<meta property=\"og:image:height\" content=\"600\" \/>\n\t<meta property=\"og:image:type\" content=\"image\/jpeg\" \/>\n<meta name=\"twitter:card\" content=\"summary_large_image\" \/>\n<meta name=\"twitter:label1\" content=\"Dur\u00e9e de lecture estim\u00e9e\" \/>\n\t<meta name=\"twitter:data1\" content=\"1 minute\" \/>\n<script type=\"application\/ld+json\" class=\"yoast-schema-graph\">{\"@context\":\"https:\\\/\\\/schema.org\",\"@graph\":[{\"@type\":\"WebPage\",\"@id\":\"https:\\\/\\\/www.koro.net.pl\\\/fr\\\/produkt\\\/meches-a-cobalt-din338-rn-inox-hsse-tin-m-19\\\/\",\"url\":\"https:\\\/\\\/www.koro.net.pl\\\/fr\\\/produkt\\\/meches-a-cobalt-din338-rn-inox-hsse-tin-m-19\\\/\",\"name\":\"M\u00e8ches de forage HSS TiN Cobalt : Ensemble de 19 pi\u00e8ces. , double masse\",\"isPartOf\":{\"@id\":\"https:\\\/\\\/www.koro.net.pl\\\/fr\\\/#website\"},\"primaryImageOfPage\":{\"@id\":\"https:\\\/\\\/www.koro.net.pl\\\/fr\\\/produkt\\\/meches-a-cobalt-din338-rn-inox-hsse-tin-m-19\\\/#primaryimage\"},\"image\":{\"@id\":\"https:\\\/\\\/www.koro.net.pl\\\/fr\\\/produkt\\\/meches-a-cobalt-din338-rn-inox-hsse-tin-m-19\\\/#primaryimage\"},\"thumbnailUrl\":\"https:\\\/\\\/www.koro.net.pl\\\/wp-content\\\/uploads\\\/2023\\\/05\\\/Zestaw-wiertla-podwojnie-szlifowane-DIN338-RN-INOX-HSSE-TIN-M-25-1.jpg\",\"datePublished\":\"2023-05-17T13:59:17+00:00\",\"description\":\"Ensemble de m\u00e8ches de forage au cobalt HSS Co5\u00a0% TiN - double meul\u00e9e, tige cylindrique. Pour l\u2019acier structurel, l\u2019acier \u00e0 outils, l\u2019acier inoxydable et les m\u00e9taux non ferreux.\",\"breadcrumb\":{\"@id\":\"https:\\\/\\\/www.koro.net.pl\\\/fr\\\/produkt\\\/meches-a-cobalt-din338-rn-inox-hsse-tin-m-19\\\/#breadcrumb\"},\"inLanguage\":\"fr-FR\",\"potentialAction\":[{\"@type\":\"ReadAction\",\"target\":[\"https:\\\/\\\/www.koro.net.pl\\\/fr\\\/produkt\\\/meches-a-cobalt-din338-rn-inox-hsse-tin-m-19\\\/\"]}]},{\"@type\":\"ImageObject\",\"inLanguage\":\"fr-FR\",\"@id\":\"https:\\\/\\\/www.koro.net.pl\\\/fr\\\/produkt\\\/meches-a-cobalt-din338-rn-inox-hsse-tin-m-19\\\/#primaryimage\",\"url\":\"https:\\\/\\\/www.koro.net.pl\\\/wp-content\\\/uploads\\\/2023\\\/05\\\/Zestaw-wiertla-podwojnie-szlifowane-DIN338-RN-INOX-HSSE-TIN-M-25-1.jpg\",\"contentUrl\":\"https:\\\/\\\/www.koro.net.pl\\\/wp-content\\\/uploads\\\/2023\\\/05\\\/Zestaw-wiertla-podwojnie-szlifowane-DIN338-RN-INOX-HSSE-TIN-M-25-1.jpg\",\"width\":600,\"height\":600,\"caption\":\"Zestaw wiert\u0142a podw\u00f3jnie szlifowane DIN338 RN INOX HSSE TIN M-25 (1)\"},{\"@type\":\"BreadcrumbList\",\"@id\":\"https:\\\/\\\/www.koro.net.pl\\\/fr\\\/produkt\\\/meches-a-cobalt-din338-rn-inox-hsse-tin-m-19\\\/#breadcrumb\",\"itemListElement\":[{\"@type\":\"ListItem\",\"position\":1,\"name\":\"Strona g\u0142\u00f3wna\",\"item\":\"https:\\\/\\\/www.koro.net.pl\\\/fr\\\/\"},{\"@type\":\"ListItem\",\"position\":2,\"name\":\"M\u00e8ches \u00e0 cobalt &#8211; DIN338 RN INOX HSSE TIN M-19\"}]},{\"@type\":\"WebSite\",\"@id\":\"https:\\\/\\\/www.koro.net.pl\\\/fr\\\/#website\",\"url\":\"https:\\\/\\\/www.koro.net.pl\\\/fr\\\/\",\"name\":\"Koronet\",\"description\":\"\",\"publisher\":{\"@id\":\"https:\\\/\\\/www.koro.net.pl\\\/fr\\\/#organization\"},\"potentialAction\":[{\"@type\":\"SearchAction\",\"target\":{\"@type\":\"EntryPoint\",\"urlTemplate\":\"https:\\\/\\\/www.koro.net.pl\\\/fr\\\/?s={search_term_string}\"},\"query-input\":{\"@type\":\"PropertyValueSpecification\",\"valueRequired\":true,\"valueName\":\"search_term_string\"}}],\"inLanguage\":\"fr-FR\"},{\"@type\":\"Organization\",\"@id\":\"https:\\\/\\\/www.koro.net.pl\\\/fr\\\/#organization\",\"name\":\"Koronet\",\"alternateName\":\"Koronet\",\"url\":\"https:\\\/\\\/www.koro.net.pl\\\/fr\\\/\",\"logo\":{\"@type\":\"ImageObject\",\"inLanguage\":\"fr-FR\",\"@id\":\"https:\\\/\\\/www.koro.net.pl\\\/fr\\\/#\\\/schema\\\/logo\\\/image\\\/\",\"url\":\"https:\\\/\\\/www.koro.net.pl\\\/wp-content\\\/uploads\\\/2025\\\/02\\\/Koronet-spolka-z-o.o.png\",\"contentUrl\":\"https:\\\/\\\/www.koro.net.pl\\\/wp-content\\\/uploads\\\/2025\\\/02\\\/Koronet-spolka-z-o.o.png\",\"width\":696,\"height\":696,\"caption\":\"Koronet\"},\"image\":{\"@id\":\"https:\\\/\\\/www.koro.net.pl\\\/fr\\\/#\\\/schema\\\/logo\\\/image\\\/\"}}]}<\/script>\n<!-- \/ Yoast SEO plugin. -->","yoast_head_json":{"title":"M\u00e8ches de forage HSS TiN Cobalt : Ensemble de 19 pi\u00e8ces. , double masse","description":"Ensemble de m\u00e8ches de forage au cobalt HSS Co5\u00a0% TiN - double meul\u00e9e, tige cylindrique. Pour l\u2019acier structurel, l\u2019acier \u00e0 outils, l\u2019acier inoxydable et les m\u00e9taux non ferreux.","robots":{"index":"index","follow":"follow","max-snippet":"max-snippet:-1","max-image-preview":"max-image-preview:large","max-video-preview":"max-video-preview:-1"},"canonical":"https:\/\/www.koro.net.pl\/fr\/produkt\/meches-a-cobalt-din338-rn-inox-hsse-tin-m-19\/","og_locale":"fr_FR","og_type":"article","og_title":"M\u00e8ches de forage HSS TiN Cobalt : Ensemble de 19 pi\u00e8ces. , double masse","og_description":"Ensemble de m\u00e8ches de forage au cobalt HSS Co5\u00a0% TiN - double meul\u00e9e, tige cylindrique. Pour l\u2019acier structurel, l\u2019acier \u00e0 outils, l\u2019acier inoxydable et les m\u00e9taux non ferreux.","og_url":"https:\/\/www.koro.net.pl\/fr\/produkt\/meches-a-cobalt-din338-rn-inox-hsse-tin-m-19\/","og_site_name":"Koronet","og_image":[{"width":600,"height":600,"url":"https:\/\/www.koro.net.pl\/wp-content\/uploads\/2023\/05\/Zestaw-wiertla-podwojnie-szlifowane-DIN338-RN-INOX-HSSE-TIN-M-25-1.jpg","type":"image\/jpeg"}],"twitter_card":"summary_large_image","twitter_misc":{"Dur\u00e9e de lecture estim\u00e9e":"1 minute"},"schema":{"@context":"https:\/\/schema.org","@graph":[{"@type":"WebPage","@id":"https:\/\/www.koro.net.pl\/fr\/produkt\/meches-a-cobalt-din338-rn-inox-hsse-tin-m-19\/","url":"https:\/\/www.koro.net.pl\/fr\/produkt\/meches-a-cobalt-din338-rn-inox-hsse-tin-m-19\/","name":"M\u00e8ches de forage HSS TiN Cobalt : Ensemble de 19 pi\u00e8ces. , double masse","isPartOf":{"@id":"https:\/\/www.koro.net.pl\/fr\/#website"},"primaryImageOfPage":{"@id":"https:\/\/www.koro.net.pl\/fr\/produkt\/meches-a-cobalt-din338-rn-inox-hsse-tin-m-19\/#primaryimage"},"image":{"@id":"https:\/\/www.koro.net.pl\/fr\/produkt\/meches-a-cobalt-din338-rn-inox-hsse-tin-m-19\/#primaryimage"},"thumbnailUrl":"https:\/\/www.koro.net.pl\/wp-content\/uploads\/2023\/05\/Zestaw-wiertla-podwojnie-szlifowane-DIN338-RN-INOX-HSSE-TIN-M-25-1.jpg","datePublished":"2023-05-17T13:59:17+00:00","description":"Ensemble de m\u00e8ches de forage au cobalt HSS Co5\u00a0% TiN - double meul\u00e9e, tige cylindrique. Pour l\u2019acier structurel, l\u2019acier \u00e0 outils, l\u2019acier inoxydable et les m\u00e9taux non ferreux.","breadcrumb":{"@id":"https:\/\/www.koro.net.pl\/fr\/produkt\/meches-a-cobalt-din338-rn-inox-hsse-tin-m-19\/#breadcrumb"},"inLanguage":"fr-FR","potentialAction":[{"@type":"ReadAction","target":["https:\/\/www.koro.net.pl\/fr\/produkt\/meches-a-cobalt-din338-rn-inox-hsse-tin-m-19\/"]}]},{"@type":"ImageObject","inLanguage":"fr-FR","@id":"https:\/\/www.koro.net.pl\/fr\/produkt\/meches-a-cobalt-din338-rn-inox-hsse-tin-m-19\/#primaryimage","url":"https:\/\/www.koro.net.pl\/wp-content\/uploads\/2023\/05\/Zestaw-wiertla-podwojnie-szlifowane-DIN338-RN-INOX-HSSE-TIN-M-25-1.jpg","contentUrl":"https:\/\/www.koro.net.pl\/wp-content\/uploads\/2023\/05\/Zestaw-wiertla-podwojnie-szlifowane-DIN338-RN-INOX-HSSE-TIN-M-25-1.jpg","width":600,"height":600,"caption":"Zestaw wiert\u0142a podw\u00f3jnie szlifowane DIN338 RN INOX HSSE TIN M-25 (1)"},{"@type":"BreadcrumbList","@id":"https:\/\/www.koro.net.pl\/fr\/produkt\/meches-a-cobalt-din338-rn-inox-hsse-tin-m-19\/#breadcrumb","itemListElement":[{"@type":"ListItem","position":1,"name":"Strona g\u0142\u00f3wna","item":"https:\/\/www.koro.net.pl\/fr\/"},{"@type":"ListItem","position":2,"name":"M\u00e8ches \u00e0 cobalt &#8211; DIN338 RN INOX HSSE TIN M-19"}]},{"@type":"WebSite","@id":"https:\/\/www.koro.net.pl\/fr\/#website","url":"https:\/\/www.koro.net.pl\/fr\/","name":"Koronet","description":"","publisher":{"@id":"https:\/\/www.koro.net.pl\/fr\/#organization"},"potentialAction":[{"@type":"SearchAction","target":{"@type":"EntryPoint","urlTemplate":"https:\/\/www.koro.net.pl\/fr\/?s={search_term_string}"},"query-input":{"@type":"PropertyValueSpecification","valueRequired":true,"valueName":"search_term_string"}}],"inLanguage":"fr-FR"},{"@type":"Organization","@id":"https:\/\/www.koro.net.pl\/fr\/#organization","name":"Koronet","alternateName":"Koronet","url":"https:\/\/www.koro.net.pl\/fr\/","logo":{"@type":"ImageObject","inLanguage":"fr-FR","@id":"https:\/\/www.koro.net.pl\/fr\/#\/schema\/logo\/image\/","url":"https:\/\/www.koro.net.pl\/wp-content\/uploads\/2025\/02\/Koronet-spolka-z-o.o.png","contentUrl":"https:\/\/www.koro.net.pl\/wp-content\/uploads\/2025\/02\/Koronet-spolka-z-o.o.png","width":696,"height":696,"caption":"Koronet"},"image":{"@id":"https:\/\/www.koro.net.pl\/fr\/#\/schema\/logo\/image\/"}}]}},"_links":{"self":[{"href":"https:\/\/www.koro.net.pl\/fr\/wp-json\/wp\/v2\/product\/12142","targetHints":{"allow":["GET"]}}],"collection":[{"href":"https:\/\/www.koro.net.pl\/fr\/wp-json\/wp\/v2\/product"}],"about":[{"href":"https:\/\/www.koro.net.pl\/fr\/wp-json\/wp\/v2\/types\/product"}],"wp:featuredmedia":[{"embeddable":true,"href":"https:\/\/www.koro.net.pl\/fr\/wp-json\/wp\/v2\/media\/6142"}],"wp:attachment":[{"href":"https:\/\/www.koro.net.pl\/fr\/wp-json\/wp\/v2\/media?parent=12142"}],"wp:term":[{"taxonomy":"product_brand","embeddable":true,"href":"https:\/\/www.koro.net.pl\/fr\/wp-json\/wp\/v2\/product_brand?post=12142"},{"taxonomy":"product_cat","embeddable":true,"href":"https:\/\/www.koro.net.pl\/fr\/wp-json\/wp\/v2\/product_cat?post=12142"},{"taxonomy":"product_tag","embeddable":true,"href":"https:\/\/www.koro.net.pl\/fr\/wp-json\/wp\/v2\/product_tag?post=12142"}],"curies":[{"name":"wp","href":"https:\/\/api.w.org\/{rel}","templated":true}]}}