{"id":12134,"date":"2023-05-05T17:02:46","date_gmt":"2023-05-05T15:02:46","guid":{"rendered":"https:\/\/www.koro.net.pl\/produkt\/scies-a-ruban-en-bois-plus-roh\/"},"modified":"2023-05-05T17:02:46","modified_gmt":"2023-05-05T15:02:46","slug":"scies-a-ruban-en-bois-plus-roh","status":"publish","type":"product","link":"https:\/\/www.koro.net.pl\/fr\/produkt\/scies-a-ruban-en-bois-plus-roh\/","title":{"rendered":"Scies \u00e0 ruban en bois Plus ROH"},"content":{"rendered":"<h2>Plus ROH Wood Saws \u2013 Fiabilit\u00e9 et pr\u00e9cision en menuiserie<\/h2>\n<p>De plus, les scies \u00e0 ruban ROH sont con\u00e7ues pour les professionnels qui attendent des performances et une fiabilit\u00e9 maximales de leurs outils. Des alliages de haute qualit\u00e9 enrichis en additifs de chrome et de vanadium sont utilis\u00e9s dans leur production, ce qui rend ces outils extr\u00eamement r\u00e9sistants \u00e0 la casse. Les scies \u00e0 ruban Plus ROH offrent non seulement durabilit\u00e9, mais aussi une grande stabilit\u00e9 en fonctionnement, garantissant une coupe pr\u00e9cise et uniforme m\u00eame en usage intensif. C\u2019est la solution id\u00e9ale pour les utilisateurs exigeants qui ont besoin d\u2019outils r\u00e9pondant aux crit\u00e8res de qualit\u00e9 les plus \u00e9lev\u00e9s.   <\/p>\n<h3>Param\u00e8tres techniques optimaux de la scie \u00e0 bande Plus ROH<\/h3>\n<p>Pour des r\u00e9sultats optimaux, il est recommand\u00e9 de faire fonctionner la scie pendant 1,5 heure, apr\u00e8s quoi une pause de 12 heures doit \u00eatre maintenue. La tension de la scie doit \u00eatre de 150-155 MPa et la vitesse de coupe de 30 m\/s. Une coupe pr\u00e9cise et efficace garantit une plage d\u2019avance de 2 \u00e0 8 m\/min. Tailles disponibles des scies Plus ROCH : <b>32&#215;1,07 mm, 35&#215;0,9 mm, 35&#215;1,0 mm, 35&#215;1,1 mm, 38&#215;1,1 mm, 40&#215;0,9 mm, 40&#215;1,0 mm, 40&#215;1,1 mm et 50&#215;1,1 mm.<\/b>   <\/p>\n<h3>  Avantages des scies \u00e0 ruban en bois Plus ROH<\/h3>\n<ul>\n<li><b>R\u00e9sistance \u00e0<\/b> la casse : durabilit\u00e9 accrue gr\u00e2ce \u00e0 un compos\u00e9 d\u2019acier sp\u00e9cial.<\/li>\n<li><b>Meilleure stabilit\u00e9 de travail<\/b> : coupe pr\u00e9cise sans vibration.<\/li>\n<li><b>Dur\u00e9e de vie plus longue<\/b> : moins d\u2019usure des outils en usage intensif.<\/li>\n<li><b>R\u00e9sistance sourde accrue<\/b> : dur\u00e9e de fonctionnement plus longue sans besoin d\u2019aff\u00fbtage.<\/li>\n<\/ul>\n<h3>PLUS ROH &#8211; scies \u00e0 bois de haute qualit\u00e9<\/h3>\n<p>En choisissant la scie \u00e0 ruban Plus ROH, vous obtiendrez un outil qui augmentera consid\u00e9rablement l\u2019efficacit\u00e9 de votre travail, garantissant une coupe pr\u00e9cise et fiable.  <b>D\u00e9couvrez notre offre et consultez nos sp\u00e9cialistes pour trouver la solution id\u00e9ale pour vos besoins.<\/b><\/p>\n<p>&nbsp;<\/p>\n<p><strong>Caract\u00e9ristiques :<\/strong><\/p>\n<p>Mat\u00e9riau : <strong>Acier alli\u00e9<\/strong><br \/>\nPas : <strong>22,2 mm<\/strong><br \/>\nDuret\u00e9 de la scie : <strong>42+44 HRC<\/strong><br \/>\nTemps de fonctionnement continu :<strong> 1 h + 12 heures<\/strong><br \/>\nde repos Tension de la scie : <strong>150-155 MPa<\/strong><br \/>\nVitesse de la scie : <strong>30 m\/s<\/strong>Alimentation : <strong>2-8 m\/min<\/strong><\/p>\n<p><strong>Caract\u00e9ristiques :<\/strong><\/p>\n<ul>\n<li>R\u00e9sistance \u00e0 la fissuration<\/li>\n<li>Dur\u00e9e de vie en service plus longue<\/li>\n<li>recommand\u00e9 pour la coupe du bois tendre<\/li>\n<\/ul>\n<p>&nbsp;<\/p>\n<table>\n<tbody>\n<tr>\n<td><b>Largeur <\/b><\/td>\n<td><b>\u00c9paisseur <\/b><\/td>\n<td><b>Non ouvert Non aff\u00fbt\u00e9 <\/b><\/td>\n<td><b>\u00c9mouss\u00e9<\/b><\/td>\n<td><b>Ouvert Aiguis\u00e9 Durci<\/b><\/td>\n<\/tr>\n<tr>\n<td><span style=\"vertical-align: inherit;\"><span style=\"vertical-align: inherit;\">35<\/span><\/span><\/td>\n<td><span style=\"vertical-align: inherit;\"><span style=\"vertical-align: inherit;\">1.0<\/span><\/span><\/td>\n<td><span style=\"vertical-align: inherit;\"><span style=\"vertical-align: inherit;\"><\/span><\/span><br \/>\n\u2713<\/td>\n<td><span style=\"vertical-align: inherit;\"><span style=\"vertical-align: inherit;\"><\/span><\/span><br \/>\n\u2713<\/td>\n<td><span style=\"vertical-align: inherit;\"><span style=\"vertical-align: inherit;\">\u2713<\/span><\/span><\/td>\n<\/tr>\n<tr>\n<td><span style=\"vertical-align: inherit;\"><span style=\"vertical-align: inherit;\">35<\/span><\/span><\/td>\n<td><span style=\"vertical-align: inherit;\"><span style=\"vertical-align: inherit;\">1.1<\/span><\/span><\/td>\n<td><span style=\"vertical-align: inherit;\"><span style=\"vertical-align: inherit;\"><\/span><\/span><br \/>\n\u2713<\/td>\n<td><span style=\"vertical-align: inherit;\"><span style=\"vertical-align: inherit;\"><\/span><\/span><br \/>\n\u2713<\/td>\n<td><span style=\"vertical-align: inherit;\"><span style=\"vertical-align: inherit;\">\u2713<\/span><\/span><\/td>\n<\/tr>\n<tr>\n<td><span style=\"vertical-align: inherit;\"><span style=\"vertical-align: inherit;\">40<\/span><\/span><\/td>\n<td><span style=\"vertical-align: inherit;\"><span style=\"vertical-align: inherit;\">1.0<\/span><\/span><\/td>\n<td><span style=\"vertical-align: inherit;\"><span style=\"vertical-align: inherit;\"><\/span><\/span><br \/>\n\u2713<\/td>\n<td><span style=\"vertical-align: inherit;\"><span style=\"vertical-align: inherit;\"><\/span><\/span><br \/>\n\u2713<\/td>\n<td><span style=\"vertical-align: inherit;\"><span style=\"vertical-align: inherit;\">\u2713<\/span><\/span><\/td>\n<\/tr>\n<tr>\n<td><span style=\"vertical-align: inherit;\"><span style=\"vertical-align: inherit;\">40<\/span><\/span><\/td>\n<td><span style=\"vertical-align: inherit;\"><span style=\"vertical-align: inherit;\">1.1<\/span><\/span><\/td>\n<td><span style=\"vertical-align: inherit;\"><span style=\"vertical-align: inherit;\"><\/span><\/span><br \/>\n\u2713<\/td>\n<td><span style=\"vertical-align: inherit;\"><span style=\"vertical-align: inherit;\"><\/span><\/span><br \/>\n\u2713<\/td>\n<td><span style=\"vertical-align: inherit;\"><span style=\"vertical-align: inherit;\">\u2713<\/span><\/span><\/td>\n<\/tr>\n<\/tbody>\n<\/table>\n<p>&nbsp;<\/p>\n<table width=\"361\">\n<tbody>\n<tr>\n<td colspan=\"3\"><b>Duret\u00e9 du bois<\/b><\/td>\n<\/tr>\n<tr>\n<td><b>Doux <\/b><\/td>\n<td><b>Moyen <\/b><\/td>\n<td><b>Difficile <\/b><\/td>\n<\/tr>\n<tr>\n<td><span style=\"vertical-align: inherit;\"><span style=\"vertical-align: inherit;\"><\/span><\/span><br \/>\n RO<\/td>\n<td><span style=\"vertical-align: inherit;\"><span style=\"vertical-align: inherit;\"><\/span><\/span><br \/>\n RO<\/td>\n<td><span style=\"vertical-align: inherit;\"><span style=\"vertical-align: inherit;\">GHOST<\/span><\/span><\/td>\n<\/tr>\n<\/tbody>\n<\/table>\n<p>&nbsp;<\/p>\n<table>\n<tbody>\n<tr>\n<td colspan=\"4\"><b>Conditions de travail  <\/b><\/td>\n<\/tr>\n<tr>\n Bois <\/p>\n<td><b> \u00e9corc\u00e9 <\/b><\/td>\n<td><b>d<\/b><b>re-barked nettoy\u00e9 <\/b><\/td>\n<p>Bois <\/p>\n<td><b>sablonneux <\/b><\/td>\n<p> non \u00e9corc\u00e9<\/p>\n<td><b>Bois gel\u00e9 <\/b><\/td>\n<\/tr>\n<tr>\n<td><span style=\"vertical-align: inherit;\"><span style=\"vertical-align: inherit;\"> <\/span><\/span><\/td>\n<p> RO<\/p>\n<td><span style=\"vertical-align: inherit;\"><span style=\"vertical-align: inherit;\"><\/span><\/span><br \/>\n RO<\/td>\n<td><span style=\"vertical-align: inherit;\"><span style=\"vertical-align: inherit;\">GHOST<\/span><\/span><\/td>\n<td><span style=\"vertical-align: inherit;\"><span style=\"vertical-align: inherit;\">GHOST<\/span><\/span><\/td>\n<\/tr>\n<\/tbody>\n<\/table>\n","protected":false},"excerpt":{"rendered":"<p>Plus ROH Wood Saws \u2013 Fiabilit\u00e9 et pr\u00e9cision en menuiserie De plus, les scies \u00e0 ruban ROH sont con\u00e7ues pour les professionnels qui attendent des performances et une fiabilit\u00e9 maximales [&hellip;]<\/p>\n","protected":false},"featured_media":12136,"template":"","meta":{"_acf_changed":false},"product_brand":[],"product_cat":[202],"product_tag":[],"class_list":{"0":"post-12134","1":"product","2":"type-product","3":"status-publish","4":"has-post-thumbnail","6":"product_cat-scies-a-ruban-pour-bois","7":"product_shipping_class-livraison-gratuite-scies-a-bois","9":"first","10":"instock","11":"taxable","12":"shipping-taxable","13":"purchasable","14":"product-type-variable"},"acf":[],"yoast_head":"<!-- This site is optimized with the Yoast SEO plugin v27.5 - https:\/\/yoast.com\/product\/yoast-seo-wordpress\/ -->\n<title>Scies ROH Plus : Pour des applications exigeantes, tension : 150-155 MPa<\/title>\n<meta name=\"description\" content=\"En plus de ROH - scies \u00e0 ruban professionnelles pour bois. Haute qualit\u00e9, coupe pr\u00e9cise, r\u00e9sistance aux fissures. Id\u00e9al pour des applications exigeantes. Silence !\" \/>\n<meta name=\"robots\" content=\"index, follow, max-snippet:-1, max-image-preview:large, max-video-preview:-1\" \/>\n<link rel=\"canonical\" href=\"https:\/\/www.koro.net.pl\/fr\/produkt\/scies-a-ruban-en-bois-plus-roh\/\" \/>\n<meta property=\"og:locale\" content=\"fr_FR\" \/>\n<meta property=\"og:type\" content=\"article\" \/>\n<meta property=\"og:title\" content=\"Scies ROH Plus : Pour des applications exigeantes, tension : 150-155 MPa\" \/>\n<meta property=\"og:description\" content=\"En plus de ROH - scies \u00e0 ruban professionnelles pour bois. Haute qualit\u00e9, coupe pr\u00e9cise, r\u00e9sistance aux fissures. Id\u00e9al pour des applications exigeantes. Silence !\" \/>\n<meta property=\"og:url\" content=\"https:\/\/www.koro.net.pl\/fr\/produkt\/scies-a-ruban-en-bois-plus-roh\/\" \/>\n<meta property=\"og:site_name\" content=\"Koronet\" \/>\n<meta property=\"og:image\" content=\"https:\/\/www.koro.net.pl\/wp-content\/uploads\/2023\/05\/Plus-800x600-1.png\" \/>\n\t<meta property=\"og:image:width\" content=\"800\" \/>\n\t<meta property=\"og:image:height\" content=\"600\" \/>\n\t<meta property=\"og:image:type\" content=\"image\/png\" \/>\n<meta name=\"twitter:card\" content=\"summary_large_image\" \/>\n<meta name=\"twitter:label1\" content=\"Dur\u00e9e de lecture estim\u00e9e\" \/>\n\t<meta name=\"twitter:data1\" content=\"2 minutes\" \/>\n<script type=\"application\/ld+json\" class=\"yoast-schema-graph\">{\"@context\":\"https:\\\/\\\/schema.org\",\"@graph\":[{\"@type\":\"WebPage\",\"@id\":\"https:\\\/\\\/www.koro.net.pl\\\/fr\\\/produkt\\\/scies-a-ruban-en-bois-plus-roh\\\/\",\"url\":\"https:\\\/\\\/www.koro.net.pl\\\/fr\\\/produkt\\\/scies-a-ruban-en-bois-plus-roh\\\/\",\"name\":\"Scies ROH Plus : Pour des applications exigeantes, tension : 150-155 MPa\",\"isPartOf\":{\"@id\":\"https:\\\/\\\/www.koro.net.pl\\\/fr\\\/#website\"},\"primaryImageOfPage\":{\"@id\":\"https:\\\/\\\/www.koro.net.pl\\\/fr\\\/produkt\\\/scies-a-ruban-en-bois-plus-roh\\\/#primaryimage\"},\"image\":{\"@id\":\"https:\\\/\\\/www.koro.net.pl\\\/fr\\\/produkt\\\/scies-a-ruban-en-bois-plus-roh\\\/#primaryimage\"},\"thumbnailUrl\":\"https:\\\/\\\/www.koro.net.pl\\\/wp-content\\\/uploads\\\/2023\\\/05\\\/Plus-800x600-1.png\",\"datePublished\":\"2023-05-05T15:02:46+00:00\",\"description\":\"En plus de ROH - scies \u00e0 ruban professionnelles pour bois. Haute qualit\u00e9, coupe pr\u00e9cise, r\u00e9sistance aux fissures. Id\u00e9al pour des applications exigeantes. Silence !\",\"breadcrumb\":{\"@id\":\"https:\\\/\\\/www.koro.net.pl\\\/fr\\\/produkt\\\/scies-a-ruban-en-bois-plus-roh\\\/#breadcrumb\"},\"inLanguage\":\"fr-FR\",\"potentialAction\":[{\"@type\":\"ReadAction\",\"target\":[\"https:\\\/\\\/www.koro.net.pl\\\/fr\\\/produkt\\\/scies-a-ruban-en-bois-plus-roh\\\/\"]}]},{\"@type\":\"ImageObject\",\"inLanguage\":\"fr-FR\",\"@id\":\"https:\\\/\\\/www.koro.net.pl\\\/fr\\\/produkt\\\/scies-a-ruban-en-bois-plus-roh\\\/#primaryimage\",\"url\":\"https:\\\/\\\/www.koro.net.pl\\\/wp-content\\\/uploads\\\/2023\\\/05\\\/Plus-800x600-1.png\",\"contentUrl\":\"https:\\\/\\\/www.koro.net.pl\\\/wp-content\\\/uploads\\\/2023\\\/05\\\/Plus-800x600-1.png\",\"width\":800,\"height\":600,\"caption\":\"Scie \u00e0 bande en bois Plus Koronet\"},{\"@type\":\"BreadcrumbList\",\"@id\":\"https:\\\/\\\/www.koro.net.pl\\\/fr\\\/produkt\\\/scies-a-ruban-en-bois-plus-roh\\\/#breadcrumb\",\"itemListElement\":[{\"@type\":\"ListItem\",\"position\":1,\"name\":\"Strona g\u0142\u00f3wna\",\"item\":\"https:\\\/\\\/www.koro.net.pl\\\/fr\\\/\"},{\"@type\":\"ListItem\",\"position\":2,\"name\":\"Scies \u00e0 ruban pour bois\",\"item\":\"https:\\\/\\\/www.koro.net.pl\\\/fr\\\/produkty\\\/scies-a-ruban-pour-bois\\\/\"},{\"@type\":\"ListItem\",\"position\":3,\"name\":\"Scies \u00e0 ruban en bois Plus ROH\"}]},{\"@type\":\"WebSite\",\"@id\":\"https:\\\/\\\/www.koro.net.pl\\\/fr\\\/#website\",\"url\":\"https:\\\/\\\/www.koro.net.pl\\\/fr\\\/\",\"name\":\"Koronet\",\"description\":\"\",\"publisher\":{\"@id\":\"https:\\\/\\\/www.koro.net.pl\\\/fr\\\/#organization\"},\"potentialAction\":[{\"@type\":\"SearchAction\",\"target\":{\"@type\":\"EntryPoint\",\"urlTemplate\":\"https:\\\/\\\/www.koro.net.pl\\\/fr\\\/?s={search_term_string}\"},\"query-input\":{\"@type\":\"PropertyValueSpecification\",\"valueRequired\":true,\"valueName\":\"search_term_string\"}}],\"inLanguage\":\"fr-FR\"},{\"@type\":\"Organization\",\"@id\":\"https:\\\/\\\/www.koro.net.pl\\\/fr\\\/#organization\",\"name\":\"Koronet\",\"alternateName\":\"Koronet\",\"url\":\"https:\\\/\\\/www.koro.net.pl\\\/fr\\\/\",\"logo\":{\"@type\":\"ImageObject\",\"inLanguage\":\"fr-FR\",\"@id\":\"https:\\\/\\\/www.koro.net.pl\\\/fr\\\/#\\\/schema\\\/logo\\\/image\\\/\",\"url\":\"https:\\\/\\\/www.koro.net.pl\\\/wp-content\\\/uploads\\\/2025\\\/02\\\/Koronet-spolka-z-o.o.png\",\"contentUrl\":\"https:\\\/\\\/www.koro.net.pl\\\/wp-content\\\/uploads\\\/2025\\\/02\\\/Koronet-spolka-z-o.o.png\",\"width\":696,\"height\":696,\"caption\":\"Koronet\"},\"image\":{\"@id\":\"https:\\\/\\\/www.koro.net.pl\\\/fr\\\/#\\\/schema\\\/logo\\\/image\\\/\"}}]}<\/script>\n<!-- \/ Yoast SEO plugin. -->","yoast_head_json":{"title":"Scies ROH Plus : Pour des applications exigeantes, tension : 150-155 MPa","description":"En plus de ROH - scies \u00e0 ruban professionnelles pour bois. Haute qualit\u00e9, coupe pr\u00e9cise, r\u00e9sistance aux fissures. Id\u00e9al pour des applications exigeantes. Silence !","robots":{"index":"index","follow":"follow","max-snippet":"max-snippet:-1","max-image-preview":"max-image-preview:large","max-video-preview":"max-video-preview:-1"},"canonical":"https:\/\/www.koro.net.pl\/fr\/produkt\/scies-a-ruban-en-bois-plus-roh\/","og_locale":"fr_FR","og_type":"article","og_title":"Scies ROH Plus : Pour des applications exigeantes, tension : 150-155 MPa","og_description":"En plus de ROH - scies \u00e0 ruban professionnelles pour bois. Haute qualit\u00e9, coupe pr\u00e9cise, r\u00e9sistance aux fissures. Id\u00e9al pour des applications exigeantes. Silence !","og_url":"https:\/\/www.koro.net.pl\/fr\/produkt\/scies-a-ruban-en-bois-plus-roh\/","og_site_name":"Koronet","og_image":[{"width":800,"height":600,"url":"https:\/\/www.koro.net.pl\/wp-content\/uploads\/2023\/05\/Plus-800x600-1.png","type":"image\/png"}],"twitter_card":"summary_large_image","twitter_misc":{"Dur\u00e9e de lecture estim\u00e9e":"2 minutes"},"schema":{"@context":"https:\/\/schema.org","@graph":[{"@type":"WebPage","@id":"https:\/\/www.koro.net.pl\/fr\/produkt\/scies-a-ruban-en-bois-plus-roh\/","url":"https:\/\/www.koro.net.pl\/fr\/produkt\/scies-a-ruban-en-bois-plus-roh\/","name":"Scies ROH Plus : Pour des applications exigeantes, tension : 150-155 MPa","isPartOf":{"@id":"https:\/\/www.koro.net.pl\/fr\/#website"},"primaryImageOfPage":{"@id":"https:\/\/www.koro.net.pl\/fr\/produkt\/scies-a-ruban-en-bois-plus-roh\/#primaryimage"},"image":{"@id":"https:\/\/www.koro.net.pl\/fr\/produkt\/scies-a-ruban-en-bois-plus-roh\/#primaryimage"},"thumbnailUrl":"https:\/\/www.koro.net.pl\/wp-content\/uploads\/2023\/05\/Plus-800x600-1.png","datePublished":"2023-05-05T15:02:46+00:00","description":"En plus de ROH - scies \u00e0 ruban professionnelles pour bois. Haute qualit\u00e9, coupe pr\u00e9cise, r\u00e9sistance aux fissures. Id\u00e9al pour des applications exigeantes. Silence !","breadcrumb":{"@id":"https:\/\/www.koro.net.pl\/fr\/produkt\/scies-a-ruban-en-bois-plus-roh\/#breadcrumb"},"inLanguage":"fr-FR","potentialAction":[{"@type":"ReadAction","target":["https:\/\/www.koro.net.pl\/fr\/produkt\/scies-a-ruban-en-bois-plus-roh\/"]}]},{"@type":"ImageObject","inLanguage":"fr-FR","@id":"https:\/\/www.koro.net.pl\/fr\/produkt\/scies-a-ruban-en-bois-plus-roh\/#primaryimage","url":"https:\/\/www.koro.net.pl\/wp-content\/uploads\/2023\/05\/Plus-800x600-1.png","contentUrl":"https:\/\/www.koro.net.pl\/wp-content\/uploads\/2023\/05\/Plus-800x600-1.png","width":800,"height":600,"caption":"Scie \u00e0 bande en bois Plus Koronet"},{"@type":"BreadcrumbList","@id":"https:\/\/www.koro.net.pl\/fr\/produkt\/scies-a-ruban-en-bois-plus-roh\/#breadcrumb","itemListElement":[{"@type":"ListItem","position":1,"name":"Strona g\u0142\u00f3wna","item":"https:\/\/www.koro.net.pl\/fr\/"},{"@type":"ListItem","position":2,"name":"Scies \u00e0 ruban pour bois","item":"https:\/\/www.koro.net.pl\/fr\/produkty\/scies-a-ruban-pour-bois\/"},{"@type":"ListItem","position":3,"name":"Scies \u00e0 ruban en bois Plus ROH"}]},{"@type":"WebSite","@id":"https:\/\/www.koro.net.pl\/fr\/#website","url":"https:\/\/www.koro.net.pl\/fr\/","name":"Koronet","description":"","publisher":{"@id":"https:\/\/www.koro.net.pl\/fr\/#organization"},"potentialAction":[{"@type":"SearchAction","target":{"@type":"EntryPoint","urlTemplate":"https:\/\/www.koro.net.pl\/fr\/?s={search_term_string}"},"query-input":{"@type":"PropertyValueSpecification","valueRequired":true,"valueName":"search_term_string"}}],"inLanguage":"fr-FR"},{"@type":"Organization","@id":"https:\/\/www.koro.net.pl\/fr\/#organization","name":"Koronet","alternateName":"Koronet","url":"https:\/\/www.koro.net.pl\/fr\/","logo":{"@type":"ImageObject","inLanguage":"fr-FR","@id":"https:\/\/www.koro.net.pl\/fr\/#\/schema\/logo\/image\/","url":"https:\/\/www.koro.net.pl\/wp-content\/uploads\/2025\/02\/Koronet-spolka-z-o.o.png","contentUrl":"https:\/\/www.koro.net.pl\/wp-content\/uploads\/2025\/02\/Koronet-spolka-z-o.o.png","width":696,"height":696,"caption":"Koronet"},"image":{"@id":"https:\/\/www.koro.net.pl\/fr\/#\/schema\/logo\/image\/"}}]}},"_links":{"self":[{"href":"https:\/\/www.koro.net.pl\/fr\/wp-json\/wp\/v2\/product\/12134","targetHints":{"allow":["GET"]}}],"collection":[{"href":"https:\/\/www.koro.net.pl\/fr\/wp-json\/wp\/v2\/product"}],"about":[{"href":"https:\/\/www.koro.net.pl\/fr\/wp-json\/wp\/v2\/types\/product"}],"wp:featuredmedia":[{"embeddable":true,"href":"https:\/\/www.koro.net.pl\/fr\/wp-json\/wp\/v2\/media\/12136"}],"wp:attachment":[{"href":"https:\/\/www.koro.net.pl\/fr\/wp-json\/wp\/v2\/media?parent=12134"}],"wp:term":[{"taxonomy":"product_brand","embeddable":true,"href":"https:\/\/www.koro.net.pl\/fr\/wp-json\/wp\/v2\/product_brand?post=12134"},{"taxonomy":"product_cat","embeddable":true,"href":"https:\/\/www.koro.net.pl\/fr\/wp-json\/wp\/v2\/product_cat?post=12134"},{"taxonomy":"product_tag","embeddable":true,"href":"https:\/\/www.koro.net.pl\/fr\/wp-json\/wp\/v2\/product_tag?post=12134"}],"curies":[{"name":"wp","href":"https:\/\/api.w.org\/{rel}","templated":true}]}}