{"id":12131,"date":"2023-05-05T17:02:46","date_gmt":"2023-05-05T15:02:46","guid":{"rendered":"https:\/\/www.koro.net.pl\/produkt\/rouleau-guide-pour-scieries-a-bande-durci\/"},"modified":"2023-05-05T17:02:46","modified_gmt":"2023-05-05T15:02:46","slug":"rouleau-guide-pour-scieries-a-bande-durci","status":"publish","type":"product","link":"https:\/\/www.koro.net.pl\/fr\/produkt\/rouleau-guide-pour-scieries-a-bande-durci\/","title":{"rendered":"Rouleau guide pour scieries \u00e0 bande durci"},"content":{"rendered":"<p><a href=\"https:\/\/www.koro.net.pl\/fr\/produkty\/accessoires-de-scie-a-bande\/\"><strong>Sp\u00e9cifications du rouleau guide pour scieries \u00e0 bande :<\/strong><\/a><\/p>\n<ul>\n<li>Fabriqu\u00e9 en acier \u00e0 outils 40HM<\/li>\n<li>Haute duret\u00e9 (66-68 HRC)<\/li>\n<li>Forte r\u00e9sistance \u00e0 l\u2019abrasion<\/li>\n<li>\u00c9quilibr\u00e9 dynamiquement<\/li>\n<li>Paliers \u00e0 grande vitesse RU ZZ3<\/li>\n<\/ul>\n<p><strong>L\u2019OFFRE N\u2019EST VALABLE QUE POUR UNE SEULE PI\u00c8CE.<\/strong><\/p>\n<p>&nbsp;<\/p>\n","protected":false},"excerpt":{"rendered":"<p>Sp\u00e9cifications du rouleau guide pour scieries \u00e0 bande : Fabriqu\u00e9 en acier \u00e0 outils 40HM Haute duret\u00e9 (66-68 HRC) Forte r\u00e9sistance \u00e0 l\u2019abrasion \u00c9quilibr\u00e9 dynamiquement Paliers \u00e0 grande vitesse RU [&hellip;]<\/p>\n","protected":false},"featured_media":254,"template":"","meta":{"_acf_changed":false},"product_brand":[],"product_cat":[182],"product_tag":[],"class_list":{"0":"post-12131","1":"product","2":"type-product","3":"status-publish","4":"has-post-thumbnail","6":"product_cat-accessoires-de-scie-a-bande","8":"first","9":"instock","10":"taxable","11":"shipping-taxable","12":"purchasable","13":"product-type-simple"},"acf":[],"yoast_head":"<!-- This site is optimized with the Yoast SEO plugin v27.5 - https:\/\/yoast.com\/product\/yoast-seo-wordpress\/ -->\n<title>Rouleau guide pour scieries \u00e0 bande : Acier 40HM<\/title>\n<meta name=\"description\" content=\"Rouleau guide robuste pour scieries en acier 40HM. Duret\u00e9 66-68 HRC. Roulements RU ZZ3. Pr\u00e9cis et durable. Commandez d\u00e8s aujourd\u2019hui !\" \/>\n<meta name=\"robots\" content=\"index, follow, max-snippet:-1, max-image-preview:large, max-video-preview:-1\" \/>\n<link rel=\"canonical\" href=\"https:\/\/www.koro.net.pl\/fr\/produkt\/rouleau-guide-pour-scieries-a-bande-durci\/\" \/>\n<meta property=\"og:locale\" content=\"fr_FR\" \/>\n<meta property=\"og:type\" content=\"article\" \/>\n<meta property=\"og:title\" content=\"Rouleau guide pour scieries \u00e0 bande : Acier 40HM\" \/>\n<meta property=\"og:description\" content=\"Rouleau guide robuste pour scieries en acier 40HM. Duret\u00e9 66-68 HRC. Roulements RU ZZ3. Pr\u00e9cis et durable. Commandez d\u00e8s aujourd\u2019hui !\" \/>\n<meta property=\"og:url\" content=\"https:\/\/www.koro.net.pl\/fr\/produkt\/rouleau-guide-pour-scieries-a-bande-durci\/\" \/>\n<meta property=\"og:site_name\" content=\"Koronet\" \/>\n<meta property=\"og:image\" content=\"https:\/\/www.koro.net.pl\/wp-content\/uploads\/2023\/05\/rolkihartowane.jpg\" \/>\n\t<meta property=\"og:image:width\" content=\"700\" \/>\n\t<meta property=\"og:image:height\" content=\"275\" \/>\n\t<meta property=\"og:image:type\" content=\"image\/jpeg\" \/>\n<meta name=\"twitter:card\" content=\"summary_large_image\" \/>\n<script type=\"application\/ld+json\" class=\"yoast-schema-graph\">{\"@context\":\"https:\\\/\\\/schema.org\",\"@graph\":[{\"@type\":\"WebPage\",\"@id\":\"https:\\\/\\\/www.koro.net.pl\\\/fr\\\/produkt\\\/rouleau-guide-pour-scieries-a-bande-durci\\\/\",\"url\":\"https:\\\/\\\/www.koro.net.pl\\\/fr\\\/produkt\\\/rouleau-guide-pour-scieries-a-bande-durci\\\/\",\"name\":\"Rouleau guide pour scieries \u00e0 bande : Acier 40HM\",\"isPartOf\":{\"@id\":\"https:\\\/\\\/www.koro.net.pl\\\/fr\\\/#website\"},\"primaryImageOfPage\":{\"@id\":\"https:\\\/\\\/www.koro.net.pl\\\/fr\\\/produkt\\\/rouleau-guide-pour-scieries-a-bande-durci\\\/#primaryimage\"},\"image\":{\"@id\":\"https:\\\/\\\/www.koro.net.pl\\\/fr\\\/produkt\\\/rouleau-guide-pour-scieries-a-bande-durci\\\/#primaryimage\"},\"thumbnailUrl\":\"https:\\\/\\\/www.koro.net.pl\\\/wp-content\\\/uploads\\\/2023\\\/05\\\/rolkihartowane.jpg\",\"datePublished\":\"2023-05-05T15:02:46+00:00\",\"description\":\"Rouleau guide robuste pour scieries en acier 40HM. Duret\u00e9 66-68 HRC. Roulements RU ZZ3. Pr\u00e9cis et durable. Commandez d\u00e8s aujourd\u2019hui !\",\"breadcrumb\":{\"@id\":\"https:\\\/\\\/www.koro.net.pl\\\/fr\\\/produkt\\\/rouleau-guide-pour-scieries-a-bande-durci\\\/#breadcrumb\"},\"inLanguage\":\"fr-FR\",\"potentialAction\":[{\"@type\":\"ReadAction\",\"target\":[\"https:\\\/\\\/www.koro.net.pl\\\/fr\\\/produkt\\\/rouleau-guide-pour-scieries-a-bande-durci\\\/\"]}]},{\"@type\":\"ImageObject\",\"inLanguage\":\"fr-FR\",\"@id\":\"https:\\\/\\\/www.koro.net.pl\\\/fr\\\/produkt\\\/rouleau-guide-pour-scieries-a-bande-durci\\\/#primaryimage\",\"url\":\"https:\\\/\\\/www.koro.net.pl\\\/wp-content\\\/uploads\\\/2023\\\/05\\\/rolkihartowane.jpg\",\"contentUrl\":\"https:\\\/\\\/www.koro.net.pl\\\/wp-content\\\/uploads\\\/2023\\\/05\\\/rolkihartowane.jpg\",\"width\":700,\"height\":275,\"caption\":\"Rolki prowadz\u0105ce do trak\u00f3w ta\u015bmowych hartowane\"},{\"@type\":\"BreadcrumbList\",\"@id\":\"https:\\\/\\\/www.koro.net.pl\\\/fr\\\/produkt\\\/rouleau-guide-pour-scieries-a-bande-durci\\\/#breadcrumb\",\"itemListElement\":[{\"@type\":\"ListItem\",\"position\":1,\"name\":\"Strona g\u0142\u00f3wna\",\"item\":\"https:\\\/\\\/www.koro.net.pl\\\/fr\\\/\"},{\"@type\":\"ListItem\",\"position\":2,\"name\":\"Rouleau guide pour scieries \u00e0 bande durci\"}]},{\"@type\":\"WebSite\",\"@id\":\"https:\\\/\\\/www.koro.net.pl\\\/fr\\\/#website\",\"url\":\"https:\\\/\\\/www.koro.net.pl\\\/fr\\\/\",\"name\":\"Koronet\",\"description\":\"\",\"publisher\":{\"@id\":\"https:\\\/\\\/www.koro.net.pl\\\/fr\\\/#organization\"},\"potentialAction\":[{\"@type\":\"SearchAction\",\"target\":{\"@type\":\"EntryPoint\",\"urlTemplate\":\"https:\\\/\\\/www.koro.net.pl\\\/fr\\\/?s={search_term_string}\"},\"query-input\":{\"@type\":\"PropertyValueSpecification\",\"valueRequired\":true,\"valueName\":\"search_term_string\"}}],\"inLanguage\":\"fr-FR\"},{\"@type\":\"Organization\",\"@id\":\"https:\\\/\\\/www.koro.net.pl\\\/fr\\\/#organization\",\"name\":\"Koronet\",\"alternateName\":\"Koronet\",\"url\":\"https:\\\/\\\/www.koro.net.pl\\\/fr\\\/\",\"logo\":{\"@type\":\"ImageObject\",\"inLanguage\":\"fr-FR\",\"@id\":\"https:\\\/\\\/www.koro.net.pl\\\/fr\\\/#\\\/schema\\\/logo\\\/image\\\/\",\"url\":\"https:\\\/\\\/www.koro.net.pl\\\/wp-content\\\/uploads\\\/2025\\\/02\\\/Koronet-spolka-z-o.o.png\",\"contentUrl\":\"https:\\\/\\\/www.koro.net.pl\\\/wp-content\\\/uploads\\\/2025\\\/02\\\/Koronet-spolka-z-o.o.png\",\"width\":696,\"height\":696,\"caption\":\"Koronet\"},\"image\":{\"@id\":\"https:\\\/\\\/www.koro.net.pl\\\/fr\\\/#\\\/schema\\\/logo\\\/image\\\/\"}}]}<\/script>\n<!-- \/ Yoast SEO plugin. -->","yoast_head_json":{"title":"Rouleau guide pour scieries \u00e0 bande : Acier 40HM","description":"Rouleau guide robuste pour scieries en acier 40HM. Duret\u00e9 66-68 HRC. Roulements RU ZZ3. Pr\u00e9cis et durable. Commandez d\u00e8s aujourd\u2019hui !","robots":{"index":"index","follow":"follow","max-snippet":"max-snippet:-1","max-image-preview":"max-image-preview:large","max-video-preview":"max-video-preview:-1"},"canonical":"https:\/\/www.koro.net.pl\/fr\/produkt\/rouleau-guide-pour-scieries-a-bande-durci\/","og_locale":"fr_FR","og_type":"article","og_title":"Rouleau guide pour scieries \u00e0 bande : Acier 40HM","og_description":"Rouleau guide robuste pour scieries en acier 40HM. Duret\u00e9 66-68 HRC. Roulements RU ZZ3. Pr\u00e9cis et durable. Commandez d\u00e8s aujourd\u2019hui !","og_url":"https:\/\/www.koro.net.pl\/fr\/produkt\/rouleau-guide-pour-scieries-a-bande-durci\/","og_site_name":"Koronet","og_image":[{"width":700,"height":275,"url":"https:\/\/www.koro.net.pl\/wp-content\/uploads\/2023\/05\/rolkihartowane.jpg","type":"image\/jpeg"}],"twitter_card":"summary_large_image","schema":{"@context":"https:\/\/schema.org","@graph":[{"@type":"WebPage","@id":"https:\/\/www.koro.net.pl\/fr\/produkt\/rouleau-guide-pour-scieries-a-bande-durci\/","url":"https:\/\/www.koro.net.pl\/fr\/produkt\/rouleau-guide-pour-scieries-a-bande-durci\/","name":"Rouleau guide pour scieries \u00e0 bande : Acier 40HM","isPartOf":{"@id":"https:\/\/www.koro.net.pl\/fr\/#website"},"primaryImageOfPage":{"@id":"https:\/\/www.koro.net.pl\/fr\/produkt\/rouleau-guide-pour-scieries-a-bande-durci\/#primaryimage"},"image":{"@id":"https:\/\/www.koro.net.pl\/fr\/produkt\/rouleau-guide-pour-scieries-a-bande-durci\/#primaryimage"},"thumbnailUrl":"https:\/\/www.koro.net.pl\/wp-content\/uploads\/2023\/05\/rolkihartowane.jpg","datePublished":"2023-05-05T15:02:46+00:00","description":"Rouleau guide robuste pour scieries en acier 40HM. Duret\u00e9 66-68 HRC. Roulements RU ZZ3. Pr\u00e9cis et durable. Commandez d\u00e8s aujourd\u2019hui !","breadcrumb":{"@id":"https:\/\/www.koro.net.pl\/fr\/produkt\/rouleau-guide-pour-scieries-a-bande-durci\/#breadcrumb"},"inLanguage":"fr-FR","potentialAction":[{"@type":"ReadAction","target":["https:\/\/www.koro.net.pl\/fr\/produkt\/rouleau-guide-pour-scieries-a-bande-durci\/"]}]},{"@type":"ImageObject","inLanguage":"fr-FR","@id":"https:\/\/www.koro.net.pl\/fr\/produkt\/rouleau-guide-pour-scieries-a-bande-durci\/#primaryimage","url":"https:\/\/www.koro.net.pl\/wp-content\/uploads\/2023\/05\/rolkihartowane.jpg","contentUrl":"https:\/\/www.koro.net.pl\/wp-content\/uploads\/2023\/05\/rolkihartowane.jpg","width":700,"height":275,"caption":"Rolki prowadz\u0105ce do trak\u00f3w ta\u015bmowych hartowane"},{"@type":"BreadcrumbList","@id":"https:\/\/www.koro.net.pl\/fr\/produkt\/rouleau-guide-pour-scieries-a-bande-durci\/#breadcrumb","itemListElement":[{"@type":"ListItem","position":1,"name":"Strona g\u0142\u00f3wna","item":"https:\/\/www.koro.net.pl\/fr\/"},{"@type":"ListItem","position":2,"name":"Rouleau guide pour scieries \u00e0 bande durci"}]},{"@type":"WebSite","@id":"https:\/\/www.koro.net.pl\/fr\/#website","url":"https:\/\/www.koro.net.pl\/fr\/","name":"Koronet","description":"","publisher":{"@id":"https:\/\/www.koro.net.pl\/fr\/#organization"},"potentialAction":[{"@type":"SearchAction","target":{"@type":"EntryPoint","urlTemplate":"https:\/\/www.koro.net.pl\/fr\/?s={search_term_string}"},"query-input":{"@type":"PropertyValueSpecification","valueRequired":true,"valueName":"search_term_string"}}],"inLanguage":"fr-FR"},{"@type":"Organization","@id":"https:\/\/www.koro.net.pl\/fr\/#organization","name":"Koronet","alternateName":"Koronet","url":"https:\/\/www.koro.net.pl\/fr\/","logo":{"@type":"ImageObject","inLanguage":"fr-FR","@id":"https:\/\/www.koro.net.pl\/fr\/#\/schema\/logo\/image\/","url":"https:\/\/www.koro.net.pl\/wp-content\/uploads\/2025\/02\/Koronet-spolka-z-o.o.png","contentUrl":"https:\/\/www.koro.net.pl\/wp-content\/uploads\/2025\/02\/Koronet-spolka-z-o.o.png","width":696,"height":696,"caption":"Koronet"},"image":{"@id":"https:\/\/www.koro.net.pl\/fr\/#\/schema\/logo\/image\/"}}]}},"_links":{"self":[{"href":"https:\/\/www.koro.net.pl\/fr\/wp-json\/wp\/v2\/product\/12131","targetHints":{"allow":["GET"]}}],"collection":[{"href":"https:\/\/www.koro.net.pl\/fr\/wp-json\/wp\/v2\/product"}],"about":[{"href":"https:\/\/www.koro.net.pl\/fr\/wp-json\/wp\/v2\/types\/product"}],"wp:featuredmedia":[{"embeddable":true,"href":"https:\/\/www.koro.net.pl\/fr\/wp-json\/wp\/v2\/media\/254"}],"wp:attachment":[{"href":"https:\/\/www.koro.net.pl\/fr\/wp-json\/wp\/v2\/media?parent=12131"}],"wp:term":[{"taxonomy":"product_brand","embeddable":true,"href":"https:\/\/www.koro.net.pl\/fr\/wp-json\/wp\/v2\/product_brand?post=12131"},{"taxonomy":"product_cat","embeddable":true,"href":"https:\/\/www.koro.net.pl\/fr\/wp-json\/wp\/v2\/product_cat?post=12131"},{"taxonomy":"product_tag","embeddable":true,"href":"https:\/\/www.koro.net.pl\/fr\/wp-json\/wp\/v2\/product_tag?post=12131"}],"curies":[{"name":"wp","href":"https:\/\/api.w.org\/{rel}","templated":true}]}}