{"id":12123,"date":"2023-05-05T17:03:00","date_gmt":"2023-05-05T15:03:00","guid":{"rendered":"https:\/\/www.koro.net.pl\/produkt\/scie-a-bande-bi-metal-en-platine-oro\/"},"modified":"2023-05-05T17:03:00","modified_gmt":"2023-05-05T15:03:00","slug":"scie-a-bande-bi-metal-en-platine-oro","status":"publish","type":"product","link":"https:\/\/www.koro.net.pl\/fr\/produkt\/scie-a-bande-bi-metal-en-platine-oro\/","title":{"rendered":"Scie \u00e0 bande bi-m\u00e9tal en platine ORO"},"content":{"rendered":"<p>Scie \u00e0 ruban bim\u00e9tallique pour la menuiserie en technologie ORO (Sharpened Open Sharpened).<\/p>\n<p>Les scies bim\u00e9talliques, contrairement aux scies monolithiques, sont fabriqu\u00e9es en deux types d\u2019acier. Le ruban porteuse, fabriqu\u00e9 en acier \u00e0 ressort tr\u00e8s flexible et r\u00e9sistant aux fractures, est reli\u00e9 par un faisceau d\u2019\u00e9lectrons \u00e0 un acier de haute qualit\u00e9 et rapide r\u00e9sistant \u00e0 l\u2019abrasion. Les essais et analyses r\u00e9alis\u00e9s ont montr\u00e9 que la scie bim\u00e9tallique est plusieurs fois plus efficace, caract\u00e9ris\u00e9e par une dur\u00e9e de vie plus longue que les scies en acier \u00e0 outils en alliage. Cela permet une augmentation significative de l\u2019efficacit\u00e9 et, par cons\u00e9quent, une r\u00e9duction des co\u00fbts de main-d\u2019\u0153uvre.   <\/p>\n<p>Pourquoi cette scie est-elle la meilleure ?<\/p>\n<p>1. Technologie de production moderne.<\/p>\n<ul>\n<li>Traitement thermique informatis\u00e9<\/li>\n<li>Contrairement \u00e0 la concurrence, la scie est tondue.<\/li>\n<\/ul>\n<p>2. Lame en acier rapide avec double teneur en cobalt.<br \/>\nDuret\u00e9 : 67-69 HRC<\/p>\n<p>3. Bande porteuse en acier premium avec une flexibilit\u00e9 accrue.<br \/>\nDuret\u00e9 : 48-50 HRC<\/p>\n<p>4. Adapt\u00e9 \u00e0 des conditions de travail tr\u00e8s difficiles, par exemple<br \/>\n bois dur, gel\u00e9, non \u00e9corc\u00e9, sabl\u00e9, bois avec inclusions m\u00e9talliques.<\/p>\n<p>5. Dur\u00e9e d\u2019exploitation de la scie :<\/p>\n<ul>\n<li>Deux \u00e9quipes (environ 1,5 heure de travail + 8 heures de repos) = Premier aff\u00fbtage<\/li>\n<\/ul>\n<p><strong>Caract\u00e9ristiques de la scie :<\/strong><\/p>\n<table>\n<tbody>\n<tr>\nDuret\u00e9 <\/p>\n<td>de la<\/td>\n<p> lame<\/p>\n<td>67\/69 HRC<\/td>\n<\/tr>\n<tr>\n<td>Duret\u00e9 de la scie<\/td>\n<td>48\/50 HRC<\/td>\n<\/tr>\n<tr>\n<td>Refroidissement<\/td>\n<td>La scie n\u00e9cessite un refroidissement abondant pour \u00e9viter la surchauffe<\/td>\n<\/tr>\n<tr>\n<td>Stress<\/td>\n<td>170-175 Mpa<\/td>\n<\/tr>\n<tr>\n<td>Ouverture<\/td>\n<td>0,45-0,50\/page (ouverture \u00e0 la moiti\u00e9 de la hauteur mesur\u00e9e depuis le haut) selon le type de bois \u00e0 couper et la largeur de la bande<\/td>\n<\/tr>\n<tr>\n<td>Aff\u00fbtage<\/td>\n<td>Meulage \u00e9lectrocorindon ou meulage BORAZON avec refroidissement \u00e0 l\u2019huile<\/td>\n<\/tr>\n<tr>\nTemps d\u2019exploitation <\/p>\n<td>de la scie<\/td>\n<td>deux \u00e9quipes (environ 1,5 heure de travail + 8 heures de repos) = Premier aff\u00fbtage<\/td>\n<\/tr>\n<tr>\n<td>Tournage \u00e0 la scie<\/td>\n<td>fonctionnement avec une alimentation longitudinale r\u00e9duite de 50 % pendant 10 minutes<\/td>\n<\/tr>\n<\/tbody>\n<\/table>\n<p>&nbsp;<\/p>\n<p><strong>Les lames de scie bim\u00e9tallique existent en types suivants :<\/strong><\/p>\n<table>\n<tbody>\n<tr>\n<td><b>Largeur<\/b><\/td>\n<td><b>\u00c9paisseur<\/b><\/td>\n<td><b>\u00c9chelle<\/b><\/td>\n<\/tr>\n<tr>\n<td>35<\/td>\n<td>0,9<\/td>\n<td>22,2<\/td>\n<\/tr>\n<tr>\n<td>35<\/td>\n<td>1.1<\/td>\n<td>22,2<\/td>\n<\/tr>\n<\/tbody>\n<\/table>\n","protected":false},"excerpt":{"rendered":"<p>Scie \u00e0 ruban bim\u00e9tallique pour la menuiserie en technologie ORO (Sharpened Open Sharpened). Les scies bim\u00e9talliques, contrairement aux scies monolithiques, sont fabriqu\u00e9es en deux types d\u2019acier. Le ruban porteuse, fabriqu\u00e9 [&hellip;]<\/p>\n","protected":false},"featured_media":12125,"template":"","meta":{"_acf_changed":false},"product_brand":[],"product_cat":[202],"product_tag":[],"class_list":{"0":"post-12123","1":"product","2":"type-product","3":"status-publish","4":"has-post-thumbnail","6":"product_cat-scies-a-ruban-pour-bois","7":"product_shipping_class-livraison-gratuite-scies-a-bois","9":"first","10":"instock","11":"taxable","12":"shipping-taxable","13":"purchasable","14":"product-type-variable","15":"has-default-attributes"},"acf":[],"yoast_head":"<!-- This site is optimized with the Yoast SEO plugin v27.5 - https:\/\/yoast.com\/product\/yoast-seo-wordpress\/ -->\n<title>Scie \u00e0 bande bim\u00e9tallique Platine aff\u00fbt\u00e9e ouverte (ORO)<\/title>\n<meta name=\"description\" content=\"Scie \u00e0 ruban bim\u00e9tallique ORO : aiguis\u00e9e ouverte aiguis\u00e9e. Pour le bois dur, gel\u00e9 et difficile. Robuste et efficace. Regardez l\u2019offre !\" \/>\n<meta name=\"robots\" content=\"index, follow, max-snippet:-1, max-image-preview:large, max-video-preview:-1\" \/>\n<link rel=\"canonical\" href=\"https:\/\/www.koro.net.pl\/fr\/produkt\/scie-a-bande-bi-metal-en-platine-oro\/\" \/>\n<meta property=\"og:locale\" content=\"fr_FR\" \/>\n<meta property=\"og:type\" content=\"article\" \/>\n<meta property=\"og:title\" content=\"Scie \u00e0 bande bim\u00e9tallique Platine aff\u00fbt\u00e9e ouverte (ORO)\" \/>\n<meta property=\"og:description\" content=\"Scie \u00e0 ruban bim\u00e9tallique ORO : aiguis\u00e9e ouverte aiguis\u00e9e. Pour le bois dur, gel\u00e9 et difficile. Robuste et efficace. Regardez l\u2019offre !\" \/>\n<meta property=\"og:url\" content=\"https:\/\/www.koro.net.pl\/fr\/produkt\/scie-a-bande-bi-metal-en-platine-oro\/\" \/>\n<meta property=\"og:site_name\" content=\"Koronet\" \/>\n<meta property=\"og:image\" content=\"https:\/\/www.koro.net.pl\/wp-content\/uploads\/2023\/05\/Platinum-800x600-1.png\" \/>\n\t<meta property=\"og:image:width\" content=\"800\" \/>\n\t<meta property=\"og:image:height\" content=\"600\" \/>\n\t<meta property=\"og:image:type\" content=\"image\/png\" \/>\n<meta name=\"twitter:card\" content=\"summary_large_image\" \/>\n<meta name=\"twitter:label1\" content=\"Dur\u00e9e de lecture estim\u00e9e\" \/>\n\t<meta name=\"twitter:data1\" content=\"2 minutes\" \/>\n<script type=\"application\/ld+json\" class=\"yoast-schema-graph\">{\"@context\":\"https:\\\/\\\/schema.org\",\"@graph\":[{\"@type\":\"WebPage\",\"@id\":\"https:\\\/\\\/www.koro.net.pl\\\/fr\\\/produkt\\\/scie-a-bande-bi-metal-en-platine-oro\\\/\",\"url\":\"https:\\\/\\\/www.koro.net.pl\\\/fr\\\/produkt\\\/scie-a-bande-bi-metal-en-platine-oro\\\/\",\"name\":\"Scie \u00e0 bande bim\u00e9tallique Platine aff\u00fbt\u00e9e ouverte (ORO)\",\"isPartOf\":{\"@id\":\"https:\\\/\\\/www.koro.net.pl\\\/fr\\\/#website\"},\"primaryImageOfPage\":{\"@id\":\"https:\\\/\\\/www.koro.net.pl\\\/fr\\\/produkt\\\/scie-a-bande-bi-metal-en-platine-oro\\\/#primaryimage\"},\"image\":{\"@id\":\"https:\\\/\\\/www.koro.net.pl\\\/fr\\\/produkt\\\/scie-a-bande-bi-metal-en-platine-oro\\\/#primaryimage\"},\"thumbnailUrl\":\"https:\\\/\\\/www.koro.net.pl\\\/wp-content\\\/uploads\\\/2023\\\/05\\\/Platinum-800x600-1.png\",\"datePublished\":\"2023-05-05T15:03:00+00:00\",\"description\":\"Scie \u00e0 ruban bim\u00e9tallique ORO : aiguis\u00e9e ouverte aiguis\u00e9e. Pour le bois dur, gel\u00e9 et difficile. Robuste et efficace. Regardez l\u2019offre !\",\"breadcrumb\":{\"@id\":\"https:\\\/\\\/www.koro.net.pl\\\/fr\\\/produkt\\\/scie-a-bande-bi-metal-en-platine-oro\\\/#breadcrumb\"},\"inLanguage\":\"fr-FR\",\"potentialAction\":[{\"@type\":\"ReadAction\",\"target\":[\"https:\\\/\\\/www.koro.net.pl\\\/fr\\\/produkt\\\/scie-a-bande-bi-metal-en-platine-oro\\\/\"]}]},{\"@type\":\"ImageObject\",\"inLanguage\":\"fr-FR\",\"@id\":\"https:\\\/\\\/www.koro.net.pl\\\/fr\\\/produkt\\\/scie-a-bande-bi-metal-en-platine-oro\\\/#primaryimage\",\"url\":\"https:\\\/\\\/www.koro.net.pl\\\/wp-content\\\/uploads\\\/2023\\\/05\\\/Platinum-800x600-1.png\",\"contentUrl\":\"https:\\\/\\\/www.koro.net.pl\\\/wp-content\\\/uploads\\\/2023\\\/05\\\/Platinum-800x600-1.png\",\"width\":800,\"height\":600,\"caption\":\"Scie \u00e0 bande en bois Koronet en platine\"},{\"@type\":\"BreadcrumbList\",\"@id\":\"https:\\\/\\\/www.koro.net.pl\\\/fr\\\/produkt\\\/scie-a-bande-bi-metal-en-platine-oro\\\/#breadcrumb\",\"itemListElement\":[{\"@type\":\"ListItem\",\"position\":1,\"name\":\"Strona g\u0142\u00f3wna\",\"item\":\"https:\\\/\\\/www.koro.net.pl\\\/fr\\\/\"},{\"@type\":\"ListItem\",\"position\":2,\"name\":\"Scies \u00e0 ruban pour bois\",\"item\":\"https:\\\/\\\/www.koro.net.pl\\\/fr\\\/produkty\\\/scies-a-ruban-pour-bois\\\/\"},{\"@type\":\"ListItem\",\"position\":3,\"name\":\"Scie \u00e0 bande bi-m\u00e9tal en platine ORO\"}]},{\"@type\":\"WebSite\",\"@id\":\"https:\\\/\\\/www.koro.net.pl\\\/fr\\\/#website\",\"url\":\"https:\\\/\\\/www.koro.net.pl\\\/fr\\\/\",\"name\":\"Koronet\",\"description\":\"\",\"publisher\":{\"@id\":\"https:\\\/\\\/www.koro.net.pl\\\/fr\\\/#organization\"},\"potentialAction\":[{\"@type\":\"SearchAction\",\"target\":{\"@type\":\"EntryPoint\",\"urlTemplate\":\"https:\\\/\\\/www.koro.net.pl\\\/fr\\\/?s={search_term_string}\"},\"query-input\":{\"@type\":\"PropertyValueSpecification\",\"valueRequired\":true,\"valueName\":\"search_term_string\"}}],\"inLanguage\":\"fr-FR\"},{\"@type\":\"Organization\",\"@id\":\"https:\\\/\\\/www.koro.net.pl\\\/fr\\\/#organization\",\"name\":\"Koronet\",\"alternateName\":\"Koronet\",\"url\":\"https:\\\/\\\/www.koro.net.pl\\\/fr\\\/\",\"logo\":{\"@type\":\"ImageObject\",\"inLanguage\":\"fr-FR\",\"@id\":\"https:\\\/\\\/www.koro.net.pl\\\/fr\\\/#\\\/schema\\\/logo\\\/image\\\/\",\"url\":\"https:\\\/\\\/www.koro.net.pl\\\/wp-content\\\/uploads\\\/2025\\\/02\\\/Koronet-spolka-z-o.o.png\",\"contentUrl\":\"https:\\\/\\\/www.koro.net.pl\\\/wp-content\\\/uploads\\\/2025\\\/02\\\/Koronet-spolka-z-o.o.png\",\"width\":696,\"height\":696,\"caption\":\"Koronet\"},\"image\":{\"@id\":\"https:\\\/\\\/www.koro.net.pl\\\/fr\\\/#\\\/schema\\\/logo\\\/image\\\/\"}}]}<\/script>\n<!-- \/ Yoast SEO plugin. -->","yoast_head_json":{"title":"Scie \u00e0 bande bim\u00e9tallique Platine aff\u00fbt\u00e9e ouverte (ORO)","description":"Scie \u00e0 ruban bim\u00e9tallique ORO : aiguis\u00e9e ouverte aiguis\u00e9e. Pour le bois dur, gel\u00e9 et difficile. Robuste et efficace. Regardez l\u2019offre !","robots":{"index":"index","follow":"follow","max-snippet":"max-snippet:-1","max-image-preview":"max-image-preview:large","max-video-preview":"max-video-preview:-1"},"canonical":"https:\/\/www.koro.net.pl\/fr\/produkt\/scie-a-bande-bi-metal-en-platine-oro\/","og_locale":"fr_FR","og_type":"article","og_title":"Scie \u00e0 bande bim\u00e9tallique Platine aff\u00fbt\u00e9e ouverte (ORO)","og_description":"Scie \u00e0 ruban bim\u00e9tallique ORO : aiguis\u00e9e ouverte aiguis\u00e9e. Pour le bois dur, gel\u00e9 et difficile. Robuste et efficace. Regardez l\u2019offre !","og_url":"https:\/\/www.koro.net.pl\/fr\/produkt\/scie-a-bande-bi-metal-en-platine-oro\/","og_site_name":"Koronet","og_image":[{"width":800,"height":600,"url":"https:\/\/www.koro.net.pl\/wp-content\/uploads\/2023\/05\/Platinum-800x600-1.png","type":"image\/png"}],"twitter_card":"summary_large_image","twitter_misc":{"Dur\u00e9e de lecture estim\u00e9e":"2 minutes"},"schema":{"@context":"https:\/\/schema.org","@graph":[{"@type":"WebPage","@id":"https:\/\/www.koro.net.pl\/fr\/produkt\/scie-a-bande-bi-metal-en-platine-oro\/","url":"https:\/\/www.koro.net.pl\/fr\/produkt\/scie-a-bande-bi-metal-en-platine-oro\/","name":"Scie \u00e0 bande bim\u00e9tallique Platine aff\u00fbt\u00e9e ouverte (ORO)","isPartOf":{"@id":"https:\/\/www.koro.net.pl\/fr\/#website"},"primaryImageOfPage":{"@id":"https:\/\/www.koro.net.pl\/fr\/produkt\/scie-a-bande-bi-metal-en-platine-oro\/#primaryimage"},"image":{"@id":"https:\/\/www.koro.net.pl\/fr\/produkt\/scie-a-bande-bi-metal-en-platine-oro\/#primaryimage"},"thumbnailUrl":"https:\/\/www.koro.net.pl\/wp-content\/uploads\/2023\/05\/Platinum-800x600-1.png","datePublished":"2023-05-05T15:03:00+00:00","description":"Scie \u00e0 ruban bim\u00e9tallique ORO : aiguis\u00e9e ouverte aiguis\u00e9e. Pour le bois dur, gel\u00e9 et difficile. Robuste et efficace. Regardez l\u2019offre !","breadcrumb":{"@id":"https:\/\/www.koro.net.pl\/fr\/produkt\/scie-a-bande-bi-metal-en-platine-oro\/#breadcrumb"},"inLanguage":"fr-FR","potentialAction":[{"@type":"ReadAction","target":["https:\/\/www.koro.net.pl\/fr\/produkt\/scie-a-bande-bi-metal-en-platine-oro\/"]}]},{"@type":"ImageObject","inLanguage":"fr-FR","@id":"https:\/\/www.koro.net.pl\/fr\/produkt\/scie-a-bande-bi-metal-en-platine-oro\/#primaryimage","url":"https:\/\/www.koro.net.pl\/wp-content\/uploads\/2023\/05\/Platinum-800x600-1.png","contentUrl":"https:\/\/www.koro.net.pl\/wp-content\/uploads\/2023\/05\/Platinum-800x600-1.png","width":800,"height":600,"caption":"Scie \u00e0 bande en bois Koronet en platine"},{"@type":"BreadcrumbList","@id":"https:\/\/www.koro.net.pl\/fr\/produkt\/scie-a-bande-bi-metal-en-platine-oro\/#breadcrumb","itemListElement":[{"@type":"ListItem","position":1,"name":"Strona g\u0142\u00f3wna","item":"https:\/\/www.koro.net.pl\/fr\/"},{"@type":"ListItem","position":2,"name":"Scies \u00e0 ruban pour bois","item":"https:\/\/www.koro.net.pl\/fr\/produkty\/scies-a-ruban-pour-bois\/"},{"@type":"ListItem","position":3,"name":"Scie \u00e0 bande bi-m\u00e9tal en platine ORO"}]},{"@type":"WebSite","@id":"https:\/\/www.koro.net.pl\/fr\/#website","url":"https:\/\/www.koro.net.pl\/fr\/","name":"Koronet","description":"","publisher":{"@id":"https:\/\/www.koro.net.pl\/fr\/#organization"},"potentialAction":[{"@type":"SearchAction","target":{"@type":"EntryPoint","urlTemplate":"https:\/\/www.koro.net.pl\/fr\/?s={search_term_string}"},"query-input":{"@type":"PropertyValueSpecification","valueRequired":true,"valueName":"search_term_string"}}],"inLanguage":"fr-FR"},{"@type":"Organization","@id":"https:\/\/www.koro.net.pl\/fr\/#organization","name":"Koronet","alternateName":"Koronet","url":"https:\/\/www.koro.net.pl\/fr\/","logo":{"@type":"ImageObject","inLanguage":"fr-FR","@id":"https:\/\/www.koro.net.pl\/fr\/#\/schema\/logo\/image\/","url":"https:\/\/www.koro.net.pl\/wp-content\/uploads\/2025\/02\/Koronet-spolka-z-o.o.png","contentUrl":"https:\/\/www.koro.net.pl\/wp-content\/uploads\/2025\/02\/Koronet-spolka-z-o.o.png","width":696,"height":696,"caption":"Koronet"},"image":{"@id":"https:\/\/www.koro.net.pl\/fr\/#\/schema\/logo\/image\/"}}]}},"_links":{"self":[{"href":"https:\/\/www.koro.net.pl\/fr\/wp-json\/wp\/v2\/product\/12123","targetHints":{"allow":["GET"]}}],"collection":[{"href":"https:\/\/www.koro.net.pl\/fr\/wp-json\/wp\/v2\/product"}],"about":[{"href":"https:\/\/www.koro.net.pl\/fr\/wp-json\/wp\/v2\/types\/product"}],"wp:featuredmedia":[{"embeddable":true,"href":"https:\/\/www.koro.net.pl\/fr\/wp-json\/wp\/v2\/media\/12125"}],"wp:attachment":[{"href":"https:\/\/www.koro.net.pl\/fr\/wp-json\/wp\/v2\/media?parent=12123"}],"wp:term":[{"taxonomy":"product_brand","embeddable":true,"href":"https:\/\/www.koro.net.pl\/fr\/wp-json\/wp\/v2\/product_brand?post=12123"},{"taxonomy":"product_cat","embeddable":true,"href":"https:\/\/www.koro.net.pl\/fr\/wp-json\/wp\/v2\/product_cat?post=12123"},{"taxonomy":"product_tag","embeddable":true,"href":"https:\/\/www.koro.net.pl\/fr\/wp-json\/wp\/v2\/product_tag?post=12123"}],"curies":[{"name":"wp","href":"https:\/\/api.w.org\/{rel}","templated":true}]}}