{"id":12103,"date":"2023-05-05T17:02:46","date_gmt":"2023-05-05T15:02:46","guid":{"rendered":"https:\/\/www.koro.net.pl\/produkt\/scies-a-ruban-en-bois-viper-roh\/"},"modified":"2023-05-05T17:02:46","modified_gmt":"2023-05-05T15:02:46","slug":"scies-a-ruban-en-bois-viper-roh","status":"publish","type":"product","link":"https:\/\/www.koro.net.pl\/fr\/produkt\/scies-a-ruban-en-bois-viper-roh\/","title":{"rendered":"Scies \u00e0 ruban en bois Viper ROH"},"content":{"rendered":"<h2>Scie \u00e0 ruban en bois Viper ROH \u2013 Un outil pour des applications exigeantes de menuiserie<\/h2>\n<p><a href=\"https:\/\/www.koro.net.pl\/fr\/produkty\/scies-a-ruban-pour-bois\/\">Scies \u00e0 ruban pour bois<\/a> Le Viper ROH est con\u00e7u pour les professionnels travaillant dans des environnements difficiles et ayant besoin d\u2019outils offrant fiabilit\u00e9 et excellentes performances techniques. Fabriqu\u00e9es en acier alli\u00e9 de haute qualit\u00e9 enrichi d\u2019additifs pr\u00e9cis\u00e9ment s\u00e9lectionn\u00e9s, ces scies offrent une r\u00e9sistance exceptionnelle aux fissures et \u00e0 l\u2019usure pr\u00e9matur\u00e9e. Ils se caract\u00e9risent par une duret\u00e9 de 44-46 HRC, ce qui assure une excellente stabilit\u00e9 de fonctionnement et une r\u00e9sistance accrue au tirage. Ils sont particuli\u00e8rement recommand\u00e9s pour la coupe de bois dur, non \u00e9corc\u00e9, sablonneux et gel\u00e9.   <\/p>\n<h3>Scie Viper ROH &#8211; excellents param\u00e8tres pour un travail efficace avec le bois<\/h3>\n<p>Pour des performances optimales, il est recommand\u00e9 de faire fonctionner la scie pendant 1 heure, apr\u00e8s quoi une pause de 12 heures doit \u00eatre pr\u00e9vue. La tension recommand\u00e9e de la scie doit \u00eatre comprise entre 140 et 150 MPa et la vitesse de coupe doit \u00eatre de 30 m\/s. Un d\u00e9bit d\u2019avance de 2 \u00e0 8 m\/min garantit une coupe efficace et pr\u00e9cise. Les tailles disponibles des scies VIPER sont : <b>32&#215;1,1 mm, 32&#215;1,14 mm, 35&#215;0,9 mm, 35&#215;1,0 mm, 35&#215;1,1 mm, 35&#215;1,14 mm, 38&#215;1,14 mm, 40&#215;1,0 mm, 40&#215;1,1 mm, 40&#215;1,14 mm, 50&#215;1,0 mm et 50&#215;1,1 mm.<\/b>   <\/p>\n<h3>Avantages du choix d\u2019une scie \u00e0 ruban Viper ROH<\/h3>\n<p>Lorsque vous choisissez des scies \u00e0 ruban Viper ROH, vous investissez dans des outils caract\u00e9ris\u00e9s par :<\/p>\n<ul>\n<li><b>Meilleure stabilit\u00e9 du travail<\/b> \u2013 Une ex\u00e9cution pr\u00e9cise minimise les vibrations, ce qui permet une coupe plus pr\u00e9cise du bois tendre.<\/li>\n<li><b>r\u00e9sistance accrue \u00e0 l\u2019\u00e9moussement<\/b> \u2013 dur\u00e9e de vie de la lame plus longue.<\/li>\n<\/ul>\n<h3>Scies \u00e0 bois Viper ROH &#8211; la solution parfaite pour les professionnels<\/h3>\n<p>Cet outil technologiquement avanc\u00e9 est un \u00e9quipement indispensable en menuiserie et en scierie, o\u00f9 non seulement la pr\u00e9cision mais aussi la fiabilit\u00e9 dans le fonctionnement quotidien sont essentielles. Commandez d\u00e8s maintenant et simplifiez vos processus d\u2019usinage avec des solutions \u00e9prouv\u00e9es de la plus haute cat\u00e9gorie. <\/p>\n<p><b>Si vous avez des questions, n\u2019h\u00e9sitez pas \u00e0 nous contacter \u2013 nos experts seront ravis de vous aider \u00e0 choisir le produit qui correspond \u00e0 vos besoins. Nous vous invitons \u00e0 acheter ! <\/b><\/p>\n<h4>Caract\u00e9ristiques :<\/h4>\n<p>Mat\u00e9riau : <strong>acier alli\u00e9<\/strong><br \/>\nPas : <strong>22,2 mm<\/strong><br \/>\nDuret\u00e9 de la scie : <strong>44+46 HRC<\/strong><br \/>\nTemps de fonctionnement continu : <strong>1h + 12 heures<\/strong><br \/>\nde repos Tension de la scie : <strong>140-150 MPa<\/strong><br \/>\nVitesse de la scie : <strong> 30 m\/s<\/strong><br \/>\nAlimentation :        <strong>2-8 m\/min<\/strong><\/p>\n<h4>Caract\u00e9ristiques :<\/h4>\n<ul>\n<li>Meilleure stabilit\u00e9 de fonctionnement<\/li>\n<li>R\u00e9sistance accrue \u00e0 l\u2019extinction<\/li>\n<li>recommand\u00e9 pour la coupe de bois tendre et de duret\u00e9 moyenne<\/li>\n<\/ul>\n<p>&nbsp;<\/p>\n<table border=\"1\" cellspacing=\"1\" cellpadding=\"1\">\n<tbody>\n<tr>\n<td><b>Largeur <\/b><\/td>\n<td><b>\u00c9paisseur <\/b><\/td>\n<td><b>Non ouvert Non aff\u00fbt\u00e9<\/b><\/td>\n<td><b>\u00c9mouss\u00e9<\/b><\/td>\n<td><b>Ouvert Aiguis\u00e9 Durci<\/b><\/td>\n<\/tr>\n<tr>\n<td>35<\/td>\n<td>1.1<\/td>\n<td>\n\u2713<\/td>\n<td>\n\u2713<\/td>\n<td>\u2713<\/td>\n<\/tr>\n<tr>\n<td>40<\/td>\n<td>1.0<\/td>\n<td>\n\u2713<\/td>\n<td>\n\u2713<\/td>\n<td>\u2713<\/td>\n<\/tr>\n<\/tbody>\n<\/table>\n<p>&nbsp;<\/p>\n<table border=\"1\" width=\"361\" cellspacing=\"1\" cellpadding=\"1\">\n<tbody>\n<tr>\n<td colspan=\"3\"><b>Duret\u00e9 du bois<\/b><\/td>\n<\/tr>\n<tr>\n<td><b>Doux<\/b><\/td>\n<td><b>Moyen<\/b><\/td>\n<td><b>Difficile<\/b><\/td>\n<\/tr>\n<tr>\n<td>\n RO<\/td>\n<td>\n RO<\/td>\n<td>ROH<\/td>\n<\/tr>\n<\/tbody>\n<\/table>\n<p>&nbsp;<\/p>\n<table border=\"1\" cellspacing=\"1\" cellpadding=\"1\">\n<tbody>\n<tr>\n<td colspan=\"4\"><b>Conditions de travail<\/b><\/td>\n<\/tr>\n<tr>\nBois <\/p>\n<td><b>\u00e9corc\u00e9<\/b><\/td>\n<p>Bois <\/p>\n<td><b>non \u00e9corc\u00e9,<\/b><\/td>\n<p> propre, nettoyageBois <\/p>\n<td><b>sablonneux<\/b><\/td>\n<p> non \u00e9corc\u00e9<\/p>\n<td><b>Bois gel\u00e9<\/b><\/td>\n<\/tr>\n<tr>\n<td> <\/td>\n<p> RO<\/p>\n<td>\n RO<\/td>\n<td>ROH<\/td>\n<td>ROH<\/td>\n<\/tr>\n<\/tbody>\n<\/table>\n","protected":false},"excerpt":{"rendered":"<p>Scie \u00e0 ruban en bois Viper ROH \u2013 Un outil pour des applications exigeantes de menuiserie Scies \u00e0 ruban pour bois Le Viper ROH est con\u00e7u pour les professionnels travaillant [&hellip;]<\/p>\n","protected":false},"featured_media":12113,"template":"","meta":{"_acf_changed":false},"product_brand":[],"product_cat":[202],"product_tag":[],"class_list":{"0":"post-12103","1":"product","2":"type-product","3":"status-publish","4":"has-post-thumbnail","6":"product_cat-scies-a-ruban-pour-bois","7":"product_shipping_class-livraison-gratuite-scies-a-bois","9":"first","10":"instock","11":"taxable","12":"shipping-taxable","13":"purchasable","14":"product-type-variable"},"acf":[],"yoast_head":"<!-- This site is optimized with the Yoast SEO plugin v27.5 - https:\/\/yoast.com\/product\/yoast-seo-wordpress\/ -->\n<title>Viper ROH : scies professionnelles pour menuiserie<\/title>\n<meta name=\"description\" content=\"Scies \u00e0 ruban en bois Viper ROH - pour des conditions de travail difficiles. Du bois dur, gel\u00e9, sableux ? Ces scies ne vous d\u00e9cevront pas ! V\u00e9rifiez l\u2019offre et commandez en ligne\" \/>\n<meta name=\"robots\" content=\"index, follow, max-snippet:-1, max-image-preview:large, max-video-preview:-1\" \/>\n<link rel=\"canonical\" href=\"https:\/\/www.koro.net.pl\/fr\/produkt\/scies-a-ruban-en-bois-viper-roh\/\" \/>\n<meta property=\"og:locale\" content=\"fr_FR\" \/>\n<meta property=\"og:type\" content=\"article\" \/>\n<meta property=\"og:title\" content=\"Viper ROH : scies professionnelles pour menuiserie\" \/>\n<meta property=\"og:description\" content=\"Scies \u00e0 ruban en bois Viper ROH - pour des conditions de travail difficiles. Du bois dur, gel\u00e9, sableux ? Ces scies ne vous d\u00e9cevront pas ! V\u00e9rifiez l\u2019offre et commandez en ligne\" \/>\n<meta property=\"og:url\" content=\"https:\/\/www.koro.net.pl\/fr\/produkt\/scies-a-ruban-en-bois-viper-roh\/\" \/>\n<meta property=\"og:site_name\" content=\"Koronet\" \/>\n<meta property=\"og:image\" content=\"https:\/\/www.koro.net.pl\/wp-content\/uploads\/2023\/05\/Viper-800x600-1.png\" \/>\n\t<meta property=\"og:image:width\" content=\"800\" \/>\n\t<meta property=\"og:image:height\" content=\"600\" \/>\n\t<meta property=\"og:image:type\" content=\"image\/png\" \/>\n<meta name=\"twitter:card\" content=\"summary_large_image\" \/>\n<meta name=\"twitter:label1\" content=\"Dur\u00e9e de lecture estim\u00e9e\" \/>\n\t<meta name=\"twitter:data1\" content=\"2 minutes\" \/>\n<script type=\"application\/ld+json\" class=\"yoast-schema-graph\">{\"@context\":\"https:\\\/\\\/schema.org\",\"@graph\":[{\"@type\":\"WebPage\",\"@id\":\"https:\\\/\\\/www.koro.net.pl\\\/fr\\\/produkt\\\/scies-a-ruban-en-bois-viper-roh\\\/\",\"url\":\"https:\\\/\\\/www.koro.net.pl\\\/fr\\\/produkt\\\/scies-a-ruban-en-bois-viper-roh\\\/\",\"name\":\"Viper ROH : scies professionnelles pour menuiserie\",\"isPartOf\":{\"@id\":\"https:\\\/\\\/www.koro.net.pl\\\/fr\\\/#website\"},\"primaryImageOfPage\":{\"@id\":\"https:\\\/\\\/www.koro.net.pl\\\/fr\\\/produkt\\\/scies-a-ruban-en-bois-viper-roh\\\/#primaryimage\"},\"image\":{\"@id\":\"https:\\\/\\\/www.koro.net.pl\\\/fr\\\/produkt\\\/scies-a-ruban-en-bois-viper-roh\\\/#primaryimage\"},\"thumbnailUrl\":\"https:\\\/\\\/www.koro.net.pl\\\/wp-content\\\/uploads\\\/2023\\\/05\\\/Viper-800x600-1.png\",\"datePublished\":\"2023-05-05T15:02:46+00:00\",\"description\":\"Scies \u00e0 ruban en bois Viper ROH - pour des conditions de travail difficiles. Du bois dur, gel\u00e9, sableux ? Ces scies ne vous d\u00e9cevront pas ! V\u00e9rifiez l\u2019offre et commandez en ligne\",\"breadcrumb\":{\"@id\":\"https:\\\/\\\/www.koro.net.pl\\\/fr\\\/produkt\\\/scies-a-ruban-en-bois-viper-roh\\\/#breadcrumb\"},\"inLanguage\":\"fr-FR\",\"potentialAction\":[{\"@type\":\"ReadAction\",\"target\":[\"https:\\\/\\\/www.koro.net.pl\\\/fr\\\/produkt\\\/scies-a-ruban-en-bois-viper-roh\\\/\"]}]},{\"@type\":\"ImageObject\",\"inLanguage\":\"fr-FR\",\"@id\":\"https:\\\/\\\/www.koro.net.pl\\\/fr\\\/produkt\\\/scies-a-ruban-en-bois-viper-roh\\\/#primaryimage\",\"url\":\"https:\\\/\\\/www.koro.net.pl\\\/wp-content\\\/uploads\\\/2023\\\/05\\\/Viper-800x600-1.png\",\"contentUrl\":\"https:\\\/\\\/www.koro.net.pl\\\/wp-content\\\/uploads\\\/2023\\\/05\\\/Viper-800x600-1.png\",\"width\":800,\"height\":600,\"caption\":\"Scie \u00e0 ruban en bois de Viper Koronet\"},{\"@type\":\"BreadcrumbList\",\"@id\":\"https:\\\/\\\/www.koro.net.pl\\\/fr\\\/produkt\\\/scies-a-ruban-en-bois-viper-roh\\\/#breadcrumb\",\"itemListElement\":[{\"@type\":\"ListItem\",\"position\":1,\"name\":\"Strona g\u0142\u00f3wna\",\"item\":\"https:\\\/\\\/www.koro.net.pl\\\/fr\\\/\"},{\"@type\":\"ListItem\",\"position\":2,\"name\":\"Scies \u00e0 ruban pour bois\",\"item\":\"https:\\\/\\\/www.koro.net.pl\\\/fr\\\/produkty\\\/scies-a-ruban-pour-bois\\\/\"},{\"@type\":\"ListItem\",\"position\":3,\"name\":\"Scies \u00e0 ruban en bois Viper ROH\"}]},{\"@type\":\"WebSite\",\"@id\":\"https:\\\/\\\/www.koro.net.pl\\\/fr\\\/#website\",\"url\":\"https:\\\/\\\/www.koro.net.pl\\\/fr\\\/\",\"name\":\"Koronet\",\"description\":\"\",\"publisher\":{\"@id\":\"https:\\\/\\\/www.koro.net.pl\\\/fr\\\/#organization\"},\"potentialAction\":[{\"@type\":\"SearchAction\",\"target\":{\"@type\":\"EntryPoint\",\"urlTemplate\":\"https:\\\/\\\/www.koro.net.pl\\\/fr\\\/?s={search_term_string}\"},\"query-input\":{\"@type\":\"PropertyValueSpecification\",\"valueRequired\":true,\"valueName\":\"search_term_string\"}}],\"inLanguage\":\"fr-FR\"},{\"@type\":\"Organization\",\"@id\":\"https:\\\/\\\/www.koro.net.pl\\\/fr\\\/#organization\",\"name\":\"Koronet\",\"alternateName\":\"Koronet\",\"url\":\"https:\\\/\\\/www.koro.net.pl\\\/fr\\\/\",\"logo\":{\"@type\":\"ImageObject\",\"inLanguage\":\"fr-FR\",\"@id\":\"https:\\\/\\\/www.koro.net.pl\\\/fr\\\/#\\\/schema\\\/logo\\\/image\\\/\",\"url\":\"https:\\\/\\\/www.koro.net.pl\\\/wp-content\\\/uploads\\\/2025\\\/02\\\/Koronet-spolka-z-o.o.png\",\"contentUrl\":\"https:\\\/\\\/www.koro.net.pl\\\/wp-content\\\/uploads\\\/2025\\\/02\\\/Koronet-spolka-z-o.o.png\",\"width\":696,\"height\":696,\"caption\":\"Koronet\"},\"image\":{\"@id\":\"https:\\\/\\\/www.koro.net.pl\\\/fr\\\/#\\\/schema\\\/logo\\\/image\\\/\"}}]}<\/script>\n<!-- \/ Yoast SEO plugin. -->","yoast_head_json":{"title":"Viper ROH : scies professionnelles pour menuiserie","description":"Scies \u00e0 ruban en bois Viper ROH - pour des conditions de travail difficiles. Du bois dur, gel\u00e9, sableux ? Ces scies ne vous d\u00e9cevront pas ! V\u00e9rifiez l\u2019offre et commandez en ligne","robots":{"index":"index","follow":"follow","max-snippet":"max-snippet:-1","max-image-preview":"max-image-preview:large","max-video-preview":"max-video-preview:-1"},"canonical":"https:\/\/www.koro.net.pl\/fr\/produkt\/scies-a-ruban-en-bois-viper-roh\/","og_locale":"fr_FR","og_type":"article","og_title":"Viper ROH : scies professionnelles pour menuiserie","og_description":"Scies \u00e0 ruban en bois Viper ROH - pour des conditions de travail difficiles. Du bois dur, gel\u00e9, sableux ? Ces scies ne vous d\u00e9cevront pas ! V\u00e9rifiez l\u2019offre et commandez en ligne","og_url":"https:\/\/www.koro.net.pl\/fr\/produkt\/scies-a-ruban-en-bois-viper-roh\/","og_site_name":"Koronet","og_image":[{"width":800,"height":600,"url":"https:\/\/www.koro.net.pl\/wp-content\/uploads\/2023\/05\/Viper-800x600-1.png","type":"image\/png"}],"twitter_card":"summary_large_image","twitter_misc":{"Dur\u00e9e de lecture estim\u00e9e":"2 minutes"},"schema":{"@context":"https:\/\/schema.org","@graph":[{"@type":"WebPage","@id":"https:\/\/www.koro.net.pl\/fr\/produkt\/scies-a-ruban-en-bois-viper-roh\/","url":"https:\/\/www.koro.net.pl\/fr\/produkt\/scies-a-ruban-en-bois-viper-roh\/","name":"Viper ROH : scies professionnelles pour menuiserie","isPartOf":{"@id":"https:\/\/www.koro.net.pl\/fr\/#website"},"primaryImageOfPage":{"@id":"https:\/\/www.koro.net.pl\/fr\/produkt\/scies-a-ruban-en-bois-viper-roh\/#primaryimage"},"image":{"@id":"https:\/\/www.koro.net.pl\/fr\/produkt\/scies-a-ruban-en-bois-viper-roh\/#primaryimage"},"thumbnailUrl":"https:\/\/www.koro.net.pl\/wp-content\/uploads\/2023\/05\/Viper-800x600-1.png","datePublished":"2023-05-05T15:02:46+00:00","description":"Scies \u00e0 ruban en bois Viper ROH - pour des conditions de travail difficiles. Du bois dur, gel\u00e9, sableux ? Ces scies ne vous d\u00e9cevront pas ! V\u00e9rifiez l\u2019offre et commandez en ligne","breadcrumb":{"@id":"https:\/\/www.koro.net.pl\/fr\/produkt\/scies-a-ruban-en-bois-viper-roh\/#breadcrumb"},"inLanguage":"fr-FR","potentialAction":[{"@type":"ReadAction","target":["https:\/\/www.koro.net.pl\/fr\/produkt\/scies-a-ruban-en-bois-viper-roh\/"]}]},{"@type":"ImageObject","inLanguage":"fr-FR","@id":"https:\/\/www.koro.net.pl\/fr\/produkt\/scies-a-ruban-en-bois-viper-roh\/#primaryimage","url":"https:\/\/www.koro.net.pl\/wp-content\/uploads\/2023\/05\/Viper-800x600-1.png","contentUrl":"https:\/\/www.koro.net.pl\/wp-content\/uploads\/2023\/05\/Viper-800x600-1.png","width":800,"height":600,"caption":"Scie \u00e0 ruban en bois de Viper Koronet"},{"@type":"BreadcrumbList","@id":"https:\/\/www.koro.net.pl\/fr\/produkt\/scies-a-ruban-en-bois-viper-roh\/#breadcrumb","itemListElement":[{"@type":"ListItem","position":1,"name":"Strona g\u0142\u00f3wna","item":"https:\/\/www.koro.net.pl\/fr\/"},{"@type":"ListItem","position":2,"name":"Scies \u00e0 ruban pour bois","item":"https:\/\/www.koro.net.pl\/fr\/produkty\/scies-a-ruban-pour-bois\/"},{"@type":"ListItem","position":3,"name":"Scies \u00e0 ruban en bois Viper ROH"}]},{"@type":"WebSite","@id":"https:\/\/www.koro.net.pl\/fr\/#website","url":"https:\/\/www.koro.net.pl\/fr\/","name":"Koronet","description":"","publisher":{"@id":"https:\/\/www.koro.net.pl\/fr\/#organization"},"potentialAction":[{"@type":"SearchAction","target":{"@type":"EntryPoint","urlTemplate":"https:\/\/www.koro.net.pl\/fr\/?s={search_term_string}"},"query-input":{"@type":"PropertyValueSpecification","valueRequired":true,"valueName":"search_term_string"}}],"inLanguage":"fr-FR"},{"@type":"Organization","@id":"https:\/\/www.koro.net.pl\/fr\/#organization","name":"Koronet","alternateName":"Koronet","url":"https:\/\/www.koro.net.pl\/fr\/","logo":{"@type":"ImageObject","inLanguage":"fr-FR","@id":"https:\/\/www.koro.net.pl\/fr\/#\/schema\/logo\/image\/","url":"https:\/\/www.koro.net.pl\/wp-content\/uploads\/2025\/02\/Koronet-spolka-z-o.o.png","contentUrl":"https:\/\/www.koro.net.pl\/wp-content\/uploads\/2025\/02\/Koronet-spolka-z-o.o.png","width":696,"height":696,"caption":"Koronet"},"image":{"@id":"https:\/\/www.koro.net.pl\/fr\/#\/schema\/logo\/image\/"}}]}},"_links":{"self":[{"href":"https:\/\/www.koro.net.pl\/fr\/wp-json\/wp\/v2\/product\/12103","targetHints":{"allow":["GET"]}}],"collection":[{"href":"https:\/\/www.koro.net.pl\/fr\/wp-json\/wp\/v2\/product"}],"about":[{"href":"https:\/\/www.koro.net.pl\/fr\/wp-json\/wp\/v2\/types\/product"}],"wp:featuredmedia":[{"embeddable":true,"href":"https:\/\/www.koro.net.pl\/fr\/wp-json\/wp\/v2\/media\/12113"}],"wp:attachment":[{"href":"https:\/\/www.koro.net.pl\/fr\/wp-json\/wp\/v2\/media?parent=12103"}],"wp:term":[{"taxonomy":"product_brand","embeddable":true,"href":"https:\/\/www.koro.net.pl\/fr\/wp-json\/wp\/v2\/product_brand?post=12103"},{"taxonomy":"product_cat","embeddable":true,"href":"https:\/\/www.koro.net.pl\/fr\/wp-json\/wp\/v2\/product_cat?post=12103"},{"taxonomy":"product_tag","embeddable":true,"href":"https:\/\/www.koro.net.pl\/fr\/wp-json\/wp\/v2\/product_tag?post=12103"}],"curies":[{"name":"wp","href":"https:\/\/api.w.org\/{rel}","templated":true}]}}