{"id":12099,"date":"2023-05-05T17:02:47","date_gmt":"2023-05-05T15:02:47","guid":{"rendered":"https:\/\/www.koro.net.pl\/produkt\/scies-a-ruban-en-bois-roh-expertes\/"},"modified":"2023-05-05T17:02:47","modified_gmt":"2023-05-05T15:02:47","slug":"scies-a-ruban-en-bois-roh-expertes","status":"publish","type":"product","link":"https:\/\/www.koro.net.pl\/fr\/produkt\/scies-a-ruban-en-bois-roh-expertes\/","title":{"rendered":"Scies \u00e0 ruban en bois ROH expertes"},"content":{"rendered":"<h2>Scies ROH expertes \u2013 outils professionnels pour le travail du bois de pr\u00e9cision<\/h2>\n<p><a href=\"https:\/\/www.koro.net.pl\/fr\/produkty\/scies-a-ruban-pour-bois\/\">Scies \u00e0 ruban pour bois<\/a> Expert ROH est une solution d\u00e9di\u00e9e aux utilisateurs exigeants du secteur du travail du bois qui ont besoin d\u2019outils garantissant des performances et une fiabilit\u00e9 maximales. Fabriqu\u00e9es en acier haute qualit\u00e9 et alliage, ces scies se distinguent par une r\u00e9sistance \u00e0 l\u2019usure exceptionnelle et une durabilit\u00e9 dans des conditions de travail difficiles. Gr\u00e2ce \u00e0 la technologie moderne, les scies ROH Expert garantissent une coupe pr\u00e9cise m\u00eame des types de bois difficiles \u00e0 traiter.  <\/p>\n<h3>Performance optimale de la scie \u00e0 bande Expert ROH<\/h3>\n<p>La scie Expert ROH se distingue par sa duret\u00e9 comprise entre 45 et 47 HRC, ce qui garantit une forte r\u00e9sistance \u00e0 la fatigue du mat\u00e9riau et une stabilit\u00e9 de coupe. Un pas optimal de 22,2 mm et une vitesse de coupe allant jusqu\u2019\u00e0 30 m\/s permettent un travail fluide avec du bois moyen et dur. Le d\u00e9bit d\u2019avance de 2 \u00e0 20 m\/min permet d\u2019ajuster la vitesse du travail selon les sp\u00e9cificit\u00e9s du mat\u00e9riau \u00e0 traiter, garantissant l\u2019efficacit\u00e9 et un r\u00e9sultat final pr\u00e9cis.  <\/p>\n<h3>Principaux avantages de la scie ROH Expert<\/h3>\n<ul>\n<li><b>Haute r\u00e9sistance :<\/b> gr\u00e2ce \u00e0 l\u2019utilisation d\u2019un compos\u00e9 sp\u00e9cial en acier, l\u2019outil se caract\u00e9rise par une r\u00e9sistance accrue aux fissures et aux dommages.<\/li>\n<li><b>Pr\u00e9cision de coupe :<\/b> La conception stable r\u00e9duit les vibrations pendant le fonctionnement, ce qui donne des surfaces parfaitement uniformes.<\/li>\n<li><b>Utilisation \u00e0 long terme :<\/b> La scie maintient les dents aff\u00fbt\u00e9es longtemps, ce qui limite la fr\u00e9quence d\u2019aiguisage.<\/li>\n<li><b>Polyvalence :<\/b> adapt\u00e9 aussi bien aux bois non \u00e9corc\u00e9s qu\u2019aux bois \u00e0 haute duret\u00e9.<\/li>\n<\/ul>\n<h3>Coupe pr\u00e9cise et durabilit\u00e9 au plus haut niveau \u2013 choisissez Expert ROH !<\/h3>\n<p>Lorsque vous d\u00e9cidez d\u2019acheter une scie \u00e0 ruban Expert ROH, vous investissez dans une technologie avanc\u00e9e qui augmentera l\u2019efficacit\u00e9 de votre travail et vous permettra d\u2019obtenir d\u2019excellents r\u00e9sultats de coupe. C\u2019est un choix fiable pour les professionnels du menuiserie qui attendent la plus haute qualit\u00e9 et durabilit\u00e9 de leurs outils. <\/p>\n<p><b>Passez votre commande d\u00e8s aujourd\u2019hui et profitez de la plus haute qualit\u00e9 ! Si vous avez des questions, veuillez contacter notre \u00e9quipe \u2013 nous serons ravis de vous conseiller et de vous aider \u00e0 choisir le produit parfait pour vous. <\/b><\/p>\n<p><strong>Caract\u00e9ristiques :<\/strong><\/p>\n<p>Mat\u00e9riau : <strong>acier \u00e0 haute alliage<\/strong><br \/>\nPas : <strong>22,2 mm<\/strong><br \/>\nDuret\u00e9 de la scie : <strong>45-47 HRC<\/strong><br \/>\nDuret\u00e9 de la dent : <strong>60-62 HRC (pour les dents tremp\u00e9es)<\/strong><br \/>\n Temps de travail continu : <strong>1 heure + 12 heures<\/strong><br \/>\nde repos Tension de la scie : <strong>150-155 MPa<\/strong><br \/>\nVitesse de la scie : <strong>30 m\/s<\/strong>Alimentation de la scie : <strong>2-20 m\/min<\/strong><\/p>\n<p><strong>Caract\u00e9ristiques :<\/strong><\/p>\n<ul>\n<li>R\u00e9sistance \u00e0 la fissuration<\/li>\n<li>Meilleure stabilit\u00e9 de fonctionnement<\/li>\n<li>Dur\u00e9e de vie en service plus longue<\/li>\n<li>R\u00e9sistance accrue \u00e0 l\u2019extinction<\/li>\n<li>Recommand\u00e9 pour la coupe du bois de duret\u00e9 moyenne et dur<\/li>\n<\/ul>\n<table class=\"aligncenter\">\n<tbody>\n<tr>\n<td><b>Largeur <\/b><\/td>\n<td><b>\u00c9paisseur <\/b><\/td>\n<td><b>Non ouvert Non aff\u00fbt\u00e9<\/b><\/td>\n<td><b>Focus<\/b><\/td>\n<p> ouvert<\/p>\n<td><b>Ouvert Aiguis\u00e9 Durci<\/b><\/td>\n<\/tr>\n<tr>\n<td>35<\/td>\n<td>1.0<\/td>\n<td>\n\u2713<\/td>\n<td>\n\u2713<\/td>\n<td>\u2713<\/td>\n<\/tr>\n<tr>\n<td>40<\/td>\n<td>1.1<\/td>\n<td>\n\u2713<\/td>\n<td>\n\u2713<\/td>\n<td>\u2713<\/td>\n<\/tr>\n<tr>\n<td>50<\/td>\n<td>1.1<\/td>\n<td>\n\u2713<\/td>\n<td>\n\u2713<\/td>\n<td>\u2713<\/td>\n<\/tr>\n<tr>\n<td>60<\/td>\n<td>1.1<\/td>\n<td>\n\u2713<\/td>\n<td>\n\u2713<\/td>\n<td>\u2713<\/td>\n<\/tr>\n<\/tbody>\n<\/table>\n","protected":false},"excerpt":{"rendered":"<p>Scies ROH expertes \u2013 outils professionnels pour le travail du bois de pr\u00e9cision Scies \u00e0 ruban pour bois Expert ROH est une solution d\u00e9di\u00e9e aux utilisateurs exigeants du secteur du [&hellip;]<\/p>\n","protected":false},"featured_media":11842,"template":"","meta":{"_acf_changed":false},"product_brand":[],"product_cat":[202],"product_tag":[],"class_list":{"0":"post-12099","1":"product","2":"type-product","3":"status-publish","4":"has-post-thumbnail","6":"product_cat-scies-a-ruban-pour-bois","7":"product_shipping_class-livraison-gratuite-scies-a-bois","9":"first","10":"instock","11":"taxable","12":"shipping-taxable","13":"purchasable","14":"product-type-variable"},"acf":[],"yoast_head":"<!-- This site is optimized with the Yoast SEO plugin v27.5 - https:\/\/yoast.com\/product\/yoast-seo-wordpress\/ -->\n<title>Expert ROH : Scies \u00e0 bois de haute qualit\u00e9. Coupe pr\u00e9cise<\/title>\n<meta name=\"description\" content=\"Scies \u00e0 ruban ROH Expert - id\u00e9ales pour des applications exigeantes. Duret\u00e9 45-47 HRC, vitesse de r\u00e9duction jusqu\u2019\u00e0 30 m\/s. D\u00e9couvrez notre offre en ligne !\" \/>\n<meta name=\"robots\" content=\"index, follow, max-snippet:-1, max-image-preview:large, max-video-preview:-1\" \/>\n<link rel=\"canonical\" href=\"https:\/\/www.koro.net.pl\/fr\/produkt\/scies-a-ruban-en-bois-roh-expertes\/\" \/>\n<meta property=\"og:locale\" content=\"fr_FR\" \/>\n<meta property=\"og:type\" content=\"article\" \/>\n<meta property=\"og:title\" content=\"Expert ROH : Scies \u00e0 bois de haute qualit\u00e9. Coupe pr\u00e9cise\" \/>\n<meta property=\"og:description\" content=\"Scies \u00e0 ruban ROH Expert - id\u00e9ales pour des applications exigeantes. Duret\u00e9 45-47 HRC, vitesse de r\u00e9duction jusqu\u2019\u00e0 30 m\/s. D\u00e9couvrez notre offre en ligne !\" \/>\n<meta property=\"og:url\" content=\"https:\/\/www.koro.net.pl\/fr\/produkt\/scies-a-ruban-en-bois-roh-expertes\/\" \/>\n<meta property=\"og:site_name\" content=\"Koronet\" \/>\n<meta property=\"og:image\" content=\"https:\/\/www.koro.net.pl\/wp-content\/uploads\/2023\/10\/Expert-800x600-1.png\" \/>\n\t<meta property=\"og:image:width\" content=\"800\" \/>\n\t<meta property=\"og:image:height\" content=\"600\" \/>\n\t<meta property=\"og:image:type\" content=\"image\/png\" \/>\n<meta name=\"twitter:card\" content=\"summary_large_image\" \/>\n<meta name=\"twitter:label1\" content=\"Dur\u00e9e de lecture estim\u00e9e\" \/>\n\t<meta name=\"twitter:data1\" content=\"2 minutes\" \/>\n<script type=\"application\/ld+json\" class=\"yoast-schema-graph\">{\"@context\":\"https:\\\/\\\/schema.org\",\"@graph\":[{\"@type\":\"WebPage\",\"@id\":\"https:\\\/\\\/www.koro.net.pl\\\/fr\\\/produkt\\\/scies-a-ruban-en-bois-roh-expertes\\\/\",\"url\":\"https:\\\/\\\/www.koro.net.pl\\\/fr\\\/produkt\\\/scies-a-ruban-en-bois-roh-expertes\\\/\",\"name\":\"Expert ROH : Scies \u00e0 bois de haute qualit\u00e9. Coupe pr\u00e9cise\",\"isPartOf\":{\"@id\":\"https:\\\/\\\/www.koro.net.pl\\\/fr\\\/#website\"},\"primaryImageOfPage\":{\"@id\":\"https:\\\/\\\/www.koro.net.pl\\\/fr\\\/produkt\\\/scies-a-ruban-en-bois-roh-expertes\\\/#primaryimage\"},\"image\":{\"@id\":\"https:\\\/\\\/www.koro.net.pl\\\/fr\\\/produkt\\\/scies-a-ruban-en-bois-roh-expertes\\\/#primaryimage\"},\"thumbnailUrl\":\"https:\\\/\\\/www.koro.net.pl\\\/wp-content\\\/uploads\\\/2023\\\/10\\\/Expert-800x600-1.png\",\"datePublished\":\"2023-05-05T15:02:47+00:00\",\"description\":\"Scies \u00e0 ruban ROH Expert - id\u00e9ales pour des applications exigeantes. Duret\u00e9 45-47 HRC, vitesse de r\u00e9duction jusqu\u2019\u00e0 30 m\\\/s. D\u00e9couvrez notre offre en ligne !\",\"breadcrumb\":{\"@id\":\"https:\\\/\\\/www.koro.net.pl\\\/fr\\\/produkt\\\/scies-a-ruban-en-bois-roh-expertes\\\/#breadcrumb\"},\"inLanguage\":\"fr-FR\",\"potentialAction\":[{\"@type\":\"ReadAction\",\"target\":[\"https:\\\/\\\/www.koro.net.pl\\\/fr\\\/produkt\\\/scies-a-ruban-en-bois-roh-expertes\\\/\"]}]},{\"@type\":\"ImageObject\",\"inLanguage\":\"fr-FR\",\"@id\":\"https:\\\/\\\/www.koro.net.pl\\\/fr\\\/produkt\\\/scies-a-ruban-en-bois-roh-expertes\\\/#primaryimage\",\"url\":\"https:\\\/\\\/www.koro.net.pl\\\/wp-content\\\/uploads\\\/2023\\\/10\\\/Expert-800x600-1.png\",\"contentUrl\":\"https:\\\/\\\/www.koro.net.pl\\\/wp-content\\\/uploads\\\/2023\\\/10\\\/Expert-800x600-1.png\",\"width\":800,\"height\":600,\"caption\":\"Koronet Expert en scie \u00e0 bande en bois\"},{\"@type\":\"BreadcrumbList\",\"@id\":\"https:\\\/\\\/www.koro.net.pl\\\/fr\\\/produkt\\\/scies-a-ruban-en-bois-roh-expertes\\\/#breadcrumb\",\"itemListElement\":[{\"@type\":\"ListItem\",\"position\":1,\"name\":\"Strona g\u0142\u00f3wna\",\"item\":\"https:\\\/\\\/www.koro.net.pl\\\/fr\\\/\"},{\"@type\":\"ListItem\",\"position\":2,\"name\":\"Scies \u00e0 ruban pour bois\",\"item\":\"https:\\\/\\\/www.koro.net.pl\\\/fr\\\/produkty\\\/scies-a-ruban-pour-bois\\\/\"},{\"@type\":\"ListItem\",\"position\":3,\"name\":\"Scies \u00e0 ruban en bois ROH expertes\"}]},{\"@type\":\"WebSite\",\"@id\":\"https:\\\/\\\/www.koro.net.pl\\\/fr\\\/#website\",\"url\":\"https:\\\/\\\/www.koro.net.pl\\\/fr\\\/\",\"name\":\"Koronet\",\"description\":\"\",\"publisher\":{\"@id\":\"https:\\\/\\\/www.koro.net.pl\\\/fr\\\/#organization\"},\"potentialAction\":[{\"@type\":\"SearchAction\",\"target\":{\"@type\":\"EntryPoint\",\"urlTemplate\":\"https:\\\/\\\/www.koro.net.pl\\\/fr\\\/?s={search_term_string}\"},\"query-input\":{\"@type\":\"PropertyValueSpecification\",\"valueRequired\":true,\"valueName\":\"search_term_string\"}}],\"inLanguage\":\"fr-FR\"},{\"@type\":\"Organization\",\"@id\":\"https:\\\/\\\/www.koro.net.pl\\\/fr\\\/#organization\",\"name\":\"Koronet\",\"alternateName\":\"Koronet\",\"url\":\"https:\\\/\\\/www.koro.net.pl\\\/fr\\\/\",\"logo\":{\"@type\":\"ImageObject\",\"inLanguage\":\"fr-FR\",\"@id\":\"https:\\\/\\\/www.koro.net.pl\\\/fr\\\/#\\\/schema\\\/logo\\\/image\\\/\",\"url\":\"https:\\\/\\\/www.koro.net.pl\\\/wp-content\\\/uploads\\\/2025\\\/02\\\/Koronet-spolka-z-o.o.png\",\"contentUrl\":\"https:\\\/\\\/www.koro.net.pl\\\/wp-content\\\/uploads\\\/2025\\\/02\\\/Koronet-spolka-z-o.o.png\",\"width\":696,\"height\":696,\"caption\":\"Koronet\"},\"image\":{\"@id\":\"https:\\\/\\\/www.koro.net.pl\\\/fr\\\/#\\\/schema\\\/logo\\\/image\\\/\"}}]}<\/script>\n<!-- \/ Yoast SEO plugin. -->","yoast_head_json":{"title":"Expert ROH : Scies \u00e0 bois de haute qualit\u00e9. Coupe pr\u00e9cise","description":"Scies \u00e0 ruban ROH Expert - id\u00e9ales pour des applications exigeantes. Duret\u00e9 45-47 HRC, vitesse de r\u00e9duction jusqu\u2019\u00e0 30 m\/s. D\u00e9couvrez notre offre en ligne !","robots":{"index":"index","follow":"follow","max-snippet":"max-snippet:-1","max-image-preview":"max-image-preview:large","max-video-preview":"max-video-preview:-1"},"canonical":"https:\/\/www.koro.net.pl\/fr\/produkt\/scies-a-ruban-en-bois-roh-expertes\/","og_locale":"fr_FR","og_type":"article","og_title":"Expert ROH : Scies \u00e0 bois de haute qualit\u00e9. Coupe pr\u00e9cise","og_description":"Scies \u00e0 ruban ROH Expert - id\u00e9ales pour des applications exigeantes. Duret\u00e9 45-47 HRC, vitesse de r\u00e9duction jusqu\u2019\u00e0 30 m\/s. D\u00e9couvrez notre offre en ligne !","og_url":"https:\/\/www.koro.net.pl\/fr\/produkt\/scies-a-ruban-en-bois-roh-expertes\/","og_site_name":"Koronet","og_image":[{"width":800,"height":600,"url":"https:\/\/www.koro.net.pl\/wp-content\/uploads\/2023\/10\/Expert-800x600-1.png","type":"image\/png"}],"twitter_card":"summary_large_image","twitter_misc":{"Dur\u00e9e de lecture estim\u00e9e":"2 minutes"},"schema":{"@context":"https:\/\/schema.org","@graph":[{"@type":"WebPage","@id":"https:\/\/www.koro.net.pl\/fr\/produkt\/scies-a-ruban-en-bois-roh-expertes\/","url":"https:\/\/www.koro.net.pl\/fr\/produkt\/scies-a-ruban-en-bois-roh-expertes\/","name":"Expert ROH : Scies \u00e0 bois de haute qualit\u00e9. Coupe pr\u00e9cise","isPartOf":{"@id":"https:\/\/www.koro.net.pl\/fr\/#website"},"primaryImageOfPage":{"@id":"https:\/\/www.koro.net.pl\/fr\/produkt\/scies-a-ruban-en-bois-roh-expertes\/#primaryimage"},"image":{"@id":"https:\/\/www.koro.net.pl\/fr\/produkt\/scies-a-ruban-en-bois-roh-expertes\/#primaryimage"},"thumbnailUrl":"https:\/\/www.koro.net.pl\/wp-content\/uploads\/2023\/10\/Expert-800x600-1.png","datePublished":"2023-05-05T15:02:47+00:00","description":"Scies \u00e0 ruban ROH Expert - id\u00e9ales pour des applications exigeantes. Duret\u00e9 45-47 HRC, vitesse de r\u00e9duction jusqu\u2019\u00e0 30 m\/s. D\u00e9couvrez notre offre en ligne !","breadcrumb":{"@id":"https:\/\/www.koro.net.pl\/fr\/produkt\/scies-a-ruban-en-bois-roh-expertes\/#breadcrumb"},"inLanguage":"fr-FR","potentialAction":[{"@type":"ReadAction","target":["https:\/\/www.koro.net.pl\/fr\/produkt\/scies-a-ruban-en-bois-roh-expertes\/"]}]},{"@type":"ImageObject","inLanguage":"fr-FR","@id":"https:\/\/www.koro.net.pl\/fr\/produkt\/scies-a-ruban-en-bois-roh-expertes\/#primaryimage","url":"https:\/\/www.koro.net.pl\/wp-content\/uploads\/2023\/10\/Expert-800x600-1.png","contentUrl":"https:\/\/www.koro.net.pl\/wp-content\/uploads\/2023\/10\/Expert-800x600-1.png","width":800,"height":600,"caption":"Koronet Expert en scie \u00e0 bande en bois"},{"@type":"BreadcrumbList","@id":"https:\/\/www.koro.net.pl\/fr\/produkt\/scies-a-ruban-en-bois-roh-expertes\/#breadcrumb","itemListElement":[{"@type":"ListItem","position":1,"name":"Strona g\u0142\u00f3wna","item":"https:\/\/www.koro.net.pl\/fr\/"},{"@type":"ListItem","position":2,"name":"Scies \u00e0 ruban pour bois","item":"https:\/\/www.koro.net.pl\/fr\/produkty\/scies-a-ruban-pour-bois\/"},{"@type":"ListItem","position":3,"name":"Scies \u00e0 ruban en bois ROH expertes"}]},{"@type":"WebSite","@id":"https:\/\/www.koro.net.pl\/fr\/#website","url":"https:\/\/www.koro.net.pl\/fr\/","name":"Koronet","description":"","publisher":{"@id":"https:\/\/www.koro.net.pl\/fr\/#organization"},"potentialAction":[{"@type":"SearchAction","target":{"@type":"EntryPoint","urlTemplate":"https:\/\/www.koro.net.pl\/fr\/?s={search_term_string}"},"query-input":{"@type":"PropertyValueSpecification","valueRequired":true,"valueName":"search_term_string"}}],"inLanguage":"fr-FR"},{"@type":"Organization","@id":"https:\/\/www.koro.net.pl\/fr\/#organization","name":"Koronet","alternateName":"Koronet","url":"https:\/\/www.koro.net.pl\/fr\/","logo":{"@type":"ImageObject","inLanguage":"fr-FR","@id":"https:\/\/www.koro.net.pl\/fr\/#\/schema\/logo\/image\/","url":"https:\/\/www.koro.net.pl\/wp-content\/uploads\/2025\/02\/Koronet-spolka-z-o.o.png","contentUrl":"https:\/\/www.koro.net.pl\/wp-content\/uploads\/2025\/02\/Koronet-spolka-z-o.o.png","width":696,"height":696,"caption":"Koronet"},"image":{"@id":"https:\/\/www.koro.net.pl\/fr\/#\/schema\/logo\/image\/"}}]}},"_links":{"self":[{"href":"https:\/\/www.koro.net.pl\/fr\/wp-json\/wp\/v2\/product\/12099","targetHints":{"allow":["GET"]}}],"collection":[{"href":"https:\/\/www.koro.net.pl\/fr\/wp-json\/wp\/v2\/product"}],"about":[{"href":"https:\/\/www.koro.net.pl\/fr\/wp-json\/wp\/v2\/types\/product"}],"wp:featuredmedia":[{"embeddable":true,"href":"https:\/\/www.koro.net.pl\/fr\/wp-json\/wp\/v2\/media\/11842"}],"wp:attachment":[{"href":"https:\/\/www.koro.net.pl\/fr\/wp-json\/wp\/v2\/media?parent=12099"}],"wp:term":[{"taxonomy":"product_brand","embeddable":true,"href":"https:\/\/www.koro.net.pl\/fr\/wp-json\/wp\/v2\/product_brand?post=12099"},{"taxonomy":"product_cat","embeddable":true,"href":"https:\/\/www.koro.net.pl\/fr\/wp-json\/wp\/v2\/product_cat?post=12099"},{"taxonomy":"product_tag","embeddable":true,"href":"https:\/\/www.koro.net.pl\/fr\/wp-json\/wp\/v2\/product_tag?post=12099"}],"curies":[{"name":"wp","href":"https:\/\/api.w.org\/{rel}","templated":true}]}}