{"id":12089,"date":"2023-05-05T17:02:46","date_gmt":"2023-05-05T15:02:46","guid":{"rendered":"https:\/\/www.koro.net.pl\/produkt\/scies-a-ruban-haut-de-gamme-roh\/"},"modified":"2023-05-05T17:02:46","modified_gmt":"2023-05-05T15:02:46","slug":"scies-a-ruban-haut-de-gamme-roh","status":"publish","type":"product","link":"https:\/\/www.koro.net.pl\/fr\/produkt\/scies-a-ruban-haut-de-gamme-roh\/","title":{"rendered":"Scies \u00e0 ruban haut de gamme ROH"},"content":{"rendered":"<h2>Scies ROH premium \u2013 coupe fiable et pr\u00e9cise<\/h2>\n<p>Les scies \u00e0 ruban ROH haut de gamme sont des outils d\u00e9di\u00e9s aux professionnels qui valorisent la fiabilit\u00e9 et d\u2019excellents param\u00e8tres techniques. Gr\u00e2ce \u00e0 l\u2019utilisation d\u2019acier \u00e0 haute alliage enrichi en chrome, vanadium et nickel, ces scies se caract\u00e9risent par une r\u00e9sistance exceptionnelle aux fissures, ce qui prolonge consid\u00e9rablement leur dur\u00e9e de vie. Ils sont con\u00e7us pour r\u00e9pondre aux t\u00e2ches les plus exigeantes du travail du bois. D\u00e9couvrez d\u2019autres produits de la cat\u00e9gorie <a href=\"https:\/\/www.koro.net.pl\/fr\/produkty\/scies-a-ruban-pour-bois\/\">scies \u00e0 ruban pour bois<\/a>.   <\/p>\n<h3><strong>Param\u00e8tres techniques avanc\u00e9s de la scie \u00e0 bande ROH Premium<\/strong><\/h3>\n<p>La ROH Premium Saw offre des param\u00e8tres techniques optimaux garantissant un travail stable et pr\u00e9cis. Avec une duret\u00e9 de 44-46 HRC et un pas de 22,2 mm, l\u2019outil est id\u00e9al pour traiter \u00e0 la fois le bois tendre et le dur moyen, \u00e9corc\u00e9 et non \u00e9corc\u00e9. Le fonctionnement \u00e0 des vitesses de courroie allant jusqu\u2019\u00e0 30 m\/s et des alimentations allant de 2 \u00e0 8 m\/min garantissent efficacit\u00e9 et s\u00e9curit\u00e9 d\u2019utilisation. Pour de meilleurs r\u00e9sultats, il est recommand\u00e9 de faire tourner la scie pendant 1,5 heure, puis d\u2019une pause de 12 heures.   <\/p>\n<h3><strong>Avantages de la scie \u00e0 bande ROH Premium<\/strong><\/h3>\n<ul>\n<li><b>Durabilit\u00e9 exceptionnelle :<\/b> Un compos\u00e9 d\u2019acier sp\u00e9cial assure la r\u00e9sistance aux fissures et \u00e0 la fatigue du mat\u00e9riau.<\/li>\n<li><b>Coupe pr\u00e9cise :<\/b> La stabilit\u00e9 sans vibrations permet des r\u00e9sultats d\u2019usinage parfaits.<\/li>\n<li><b>Haute performance :<\/b> Dur\u00e9e de vie de l\u2019outil plus longue gr\u00e2ce \u00e0 une usure r\u00e9duite lors d\u2019un usage intensif.<\/li>\n<li><b>Une r\u00e9ponse aux besoins des professionnels :<\/b> un outil adapt\u00e9 \u00e0 un large \u00e9ventail d\u2019applications dans l\u2019industrie du bois.<\/li>\n<\/ul>\n<h3>Scies \u00e0 ruban ROH haut de gamme &#8211; un excellent choix pour les professionnels<\/h3>\n<p>Lorsque vous choisissez des scies \u00e0 ruban ROH premium, vous choisissez un produit de la plus haute qualit\u00e9 qui am\u00e9liorera votre travail, augmentera la productivit\u00e9 et garantira la fiabilit\u00e9 de chaque t\u00e2che. Misez sur une solution \u00e9prouv\u00e9e appr\u00e9ci\u00e9e par des sp\u00e9cialistes de l\u2019industrie du bois. <\/p>\n<p><b>Si vous avez des questions, n\u2019h\u00e9sitez pas \u00e0 nous contacter \u2013 nos experts seront ravis de vous aider \u00e0 choisir le produit qui correspond \u00e0 vos besoins. Nous vous invitons \u00e0 acheter ! <\/b><\/p>\n<p><strong>Caract\u00e9ristiques :  <\/strong><\/p>\n<p>Mat\u00e9riau : <strong>acier \u00e0 haute alliage<\/strong><br \/>\nPas : <strong>22,2 mm<\/strong><br \/>\nDuret\u00e9 de la scie : <strong>44+46 HRC<\/strong><br \/>\nTemps de travail continu : <strong>1h + 12 heures<\/strong><br \/>\nde repos Tension de la scie : <strong>155-165 MPa<\/strong><br \/>\nVitesse de la scie : <strong>30 m\/s<\/strong>Alimentation : <strong>2-8 m\/min<\/strong><\/p>\n<p><strong>Caract\u00e9ristiques :<\/strong><\/p>\n<ul>\n<li>R\u00e9sistance \u00e0 la fissuration<\/li>\n<li>Meilleure stabilit\u00e9 de fonctionnement<\/li>\n<li>Dur\u00e9e de vie en service plus longue<\/li>\n<li>R\u00e9sistance accrue \u00e0 l\u2019extinction<\/li>\n<li>recommand\u00e9 pour la coupe de bois tendre et de duret\u00e9 moyenne<\/li>\n<\/ul>\n<p>&nbsp;<\/p>\n<table border=\"1\" cellspacing=\"1\" cellpadding=\"1\">\n<tbody>\n<tr>\n<td><b>Largeur <\/b><\/td>\n<td><b>\u00c9paisseur <\/b><\/td>\n<td><b>Non ouvert Non aff\u00fbt\u00e9 <\/b><\/td>\n<td><b>\u00c9mouss\u00e9 <\/b><\/td>\n<td><b>Ouvert Aiguis\u00e9 Durci<\/b><\/td>\n<\/tr>\n<tr>\n<td>35<\/td>\n<td>1.0<\/td>\n<td>\n\u2713<\/td>\n<td>\n\u2713<\/td>\n<td>\u2713<\/td>\n<\/tr>\n<tr>\n<td>35<\/td>\n<td>1.1<\/td>\n<td>\n\u2713<\/td>\n<td>\n\u2713<\/td>\n<td>\u2713<\/td>\n<\/tr>\n<tr>\n<td>40<\/td>\n<td>1.0<\/td>\n<td>\n\u2713<\/td>\n<td>\n\u2713<\/td>\n<td>\u2713<\/td>\n<\/tr>\n<tr>\n<td>40<\/td>\n<td>1.14<\/td>\n<td>\n\u2713<\/td>\n<td>\n\u2713<\/td>\n<td>\u2713<\/td>\n<\/tr>\n<tr>\n<td>50<\/td>\n<td>1.1<\/td>\n<td>\n\u2713<\/td>\n<td>\n\u2713<\/td>\n<td>\u2713<\/td>\n<\/tr>\n<tr>\n<td>50<\/td>\n<td>1.14<\/td>\n<td>\n\u2713<\/td>\n<td>\n\u2713<\/td>\n<td>\u2713<\/td>\n<\/tr>\n<\/tbody>\n<\/table>\n<p>&nbsp;<\/p>\n<table border=\"1\" width=\"361\" cellspacing=\"1\" cellpadding=\"1\">\n<tbody>\n<tr>\n<td colspan=\"3\"><b>Duret\u00e9 du bois<\/b><\/td>\n<\/tr>\n<tr>\n<td><b>Doux <\/b><\/td>\n<td><b>Moyen <\/b><\/td>\n<td><b>Difficile <\/b><\/td>\n<\/tr>\n<tr>\n<td>\n RO<\/td>\n<td>\n RO<\/td>\n<td>ROH<\/td>\n<\/tr>\n<\/tbody>\n<\/table>\n<p>&nbsp;<\/p>\n<table border=\"1\" width=\"698\" cellspacing=\"1\" cellpadding=\"1\">\n<tbody>\n<tr>\n<td colspan=\"4\"><b>Conditions de travail  <\/b><\/td>\n<\/tr>\n<tr>\n Bois <\/p>\n<td> <b>\u00e9corc\u00e9<\/b><\/td>\n<p>Bois <\/p>\n<td><b>non \u00e9corc\u00e9, <\/b><\/td>\n<p> propre, nettoyageBois <\/p>\n<td><b>sablonneux <\/b><\/td>\n<p> non \u00e9corc\u00e9<\/p>\n<td><b>Bois gel\u00e9<\/b><\/td>\n<\/tr>\n<tr>\n<td> <\/td>\n<p> RO<\/p>\n<td>\n RO<\/td>\n<td>ROH<\/td>\n<td>ROH<\/td>\n<\/tr>\n<\/tbody>\n<\/table>\n","protected":false},"excerpt":{"rendered":"<p>Scies ROH premium \u2013 coupe fiable et pr\u00e9cise Les scies \u00e0 ruban ROH haut de gamme sont des outils d\u00e9di\u00e9s aux professionnels qui valorisent la fiabilit\u00e9 et d\u2019excellents param\u00e8tres techniques. [&hellip;]<\/p>\n","protected":false},"featured_media":11849,"template":"","meta":{"_acf_changed":false},"product_brand":[],"product_cat":[202],"product_tag":[],"class_list":{"0":"post-12089","1":"product","2":"type-product","3":"status-publish","4":"has-post-thumbnail","6":"product_cat-scies-a-ruban-pour-bois","7":"product_shipping_class-livraison-gratuite-scies-a-bois","9":"first","10":"instock","11":"taxable","12":"shipping-taxable","13":"purchasable","14":"product-type-variable","15":"has-default-attributes"},"acf":[],"yoast_head":"<!-- This site is optimized with the Yoast SEO plugin v27.5 - https:\/\/yoast.com\/product\/yoast-seo-wordpress\/ -->\n<title>Scies ROH premium : durables et efficaces, pour les professionnels<\/title>\n<meta name=\"description\" content=\"Scies \u00e0 ruban ROH haut de gamme - des outils fiables et pr\u00e9cis pour les professionnels. Haute qualit\u00e9, longue dur\u00e9e de vie. Regardez l\u2019offre !\" \/>\n<meta name=\"robots\" content=\"index, follow, max-snippet:-1, max-image-preview:large, max-video-preview:-1\" \/>\n<link rel=\"canonical\" href=\"https:\/\/www.koro.net.pl\/fr\/produkt\/scies-a-ruban-haut-de-gamme-roh\/\" \/>\n<meta property=\"og:locale\" content=\"fr_FR\" \/>\n<meta property=\"og:type\" content=\"article\" \/>\n<meta property=\"og:title\" content=\"Scies ROH premium : durables et efficaces, pour les professionnels\" \/>\n<meta property=\"og:description\" content=\"Scies \u00e0 ruban ROH haut de gamme - des outils fiables et pr\u00e9cis pour les professionnels. Haute qualit\u00e9, longue dur\u00e9e de vie. Regardez l\u2019offre !\" \/>\n<meta property=\"og:url\" content=\"https:\/\/www.koro.net.pl\/fr\/produkt\/scies-a-ruban-haut-de-gamme-roh\/\" \/>\n<meta property=\"og:site_name\" content=\"Koronet\" \/>\n<meta property=\"og:image\" content=\"https:\/\/www.koro.net.pl\/wp-content\/uploads\/2023\/10\/Premium-800x600-1.png\" \/>\n\t<meta property=\"og:image:width\" content=\"800\" \/>\n\t<meta property=\"og:image:height\" content=\"600\" \/>\n\t<meta property=\"og:image:type\" content=\"image\/png\" \/>\n<meta name=\"twitter:card\" content=\"summary_large_image\" \/>\n<meta name=\"twitter:label1\" content=\"Dur\u00e9e de lecture estim\u00e9e\" \/>\n\t<meta name=\"twitter:data1\" content=\"2 minutes\" \/>\n<script type=\"application\/ld+json\" class=\"yoast-schema-graph\">{\"@context\":\"https:\\\/\\\/schema.org\",\"@graph\":[{\"@type\":\"WebPage\",\"@id\":\"https:\\\/\\\/www.koro.net.pl\\\/fr\\\/produkt\\\/scies-a-ruban-haut-de-gamme-roh\\\/\",\"url\":\"https:\\\/\\\/www.koro.net.pl\\\/fr\\\/produkt\\\/scies-a-ruban-haut-de-gamme-roh\\\/\",\"name\":\"Scies ROH premium : durables et efficaces, pour les professionnels\",\"isPartOf\":{\"@id\":\"https:\\\/\\\/www.koro.net.pl\\\/fr\\\/#website\"},\"primaryImageOfPage\":{\"@id\":\"https:\\\/\\\/www.koro.net.pl\\\/fr\\\/produkt\\\/scies-a-ruban-haut-de-gamme-roh\\\/#primaryimage\"},\"image\":{\"@id\":\"https:\\\/\\\/www.koro.net.pl\\\/fr\\\/produkt\\\/scies-a-ruban-haut-de-gamme-roh\\\/#primaryimage\"},\"thumbnailUrl\":\"https:\\\/\\\/www.koro.net.pl\\\/wp-content\\\/uploads\\\/2023\\\/10\\\/Premium-800x600-1.png\",\"datePublished\":\"2023-05-05T15:02:46+00:00\",\"description\":\"Scies \u00e0 ruban ROH haut de gamme - des outils fiables et pr\u00e9cis pour les professionnels. Haute qualit\u00e9, longue dur\u00e9e de vie. Regardez l\u2019offre !\",\"breadcrumb\":{\"@id\":\"https:\\\/\\\/www.koro.net.pl\\\/fr\\\/produkt\\\/scies-a-ruban-haut-de-gamme-roh\\\/#breadcrumb\"},\"inLanguage\":\"fr-FR\",\"potentialAction\":[{\"@type\":\"ReadAction\",\"target\":[\"https:\\\/\\\/www.koro.net.pl\\\/fr\\\/produkt\\\/scies-a-ruban-haut-de-gamme-roh\\\/\"]}]},{\"@type\":\"ImageObject\",\"inLanguage\":\"fr-FR\",\"@id\":\"https:\\\/\\\/www.koro.net.pl\\\/fr\\\/produkt\\\/scies-a-ruban-haut-de-gamme-roh\\\/#primaryimage\",\"url\":\"https:\\\/\\\/www.koro.net.pl\\\/wp-content\\\/uploads\\\/2023\\\/10\\\/Premium-800x600-1.png\",\"contentUrl\":\"https:\\\/\\\/www.koro.net.pl\\\/wp-content\\\/uploads\\\/2023\\\/10\\\/Premium-800x600-1.png\",\"width\":800,\"height\":600,\"caption\":\"Scie \u00e0 bande Koronet Metal Premium\"},{\"@type\":\"BreadcrumbList\",\"@id\":\"https:\\\/\\\/www.koro.net.pl\\\/fr\\\/produkt\\\/scies-a-ruban-haut-de-gamme-roh\\\/#breadcrumb\",\"itemListElement\":[{\"@type\":\"ListItem\",\"position\":1,\"name\":\"Strona g\u0142\u00f3wna\",\"item\":\"https:\\\/\\\/www.koro.net.pl\\\/fr\\\/\"},{\"@type\":\"ListItem\",\"position\":2,\"name\":\"Scies \u00e0 ruban pour bois\",\"item\":\"https:\\\/\\\/www.koro.net.pl\\\/fr\\\/produkty\\\/scies-a-ruban-pour-bois\\\/\"},{\"@type\":\"ListItem\",\"position\":3,\"name\":\"Scies \u00e0 ruban haut de gamme ROH\"}]},{\"@type\":\"WebSite\",\"@id\":\"https:\\\/\\\/www.koro.net.pl\\\/fr\\\/#website\",\"url\":\"https:\\\/\\\/www.koro.net.pl\\\/fr\\\/\",\"name\":\"Koronet\",\"description\":\"\",\"publisher\":{\"@id\":\"https:\\\/\\\/www.koro.net.pl\\\/fr\\\/#organization\"},\"potentialAction\":[{\"@type\":\"SearchAction\",\"target\":{\"@type\":\"EntryPoint\",\"urlTemplate\":\"https:\\\/\\\/www.koro.net.pl\\\/fr\\\/?s={search_term_string}\"},\"query-input\":{\"@type\":\"PropertyValueSpecification\",\"valueRequired\":true,\"valueName\":\"search_term_string\"}}],\"inLanguage\":\"fr-FR\"},{\"@type\":\"Organization\",\"@id\":\"https:\\\/\\\/www.koro.net.pl\\\/fr\\\/#organization\",\"name\":\"Koronet\",\"alternateName\":\"Koronet\",\"url\":\"https:\\\/\\\/www.koro.net.pl\\\/fr\\\/\",\"logo\":{\"@type\":\"ImageObject\",\"inLanguage\":\"fr-FR\",\"@id\":\"https:\\\/\\\/www.koro.net.pl\\\/fr\\\/#\\\/schema\\\/logo\\\/image\\\/\",\"url\":\"https:\\\/\\\/www.koro.net.pl\\\/wp-content\\\/uploads\\\/2025\\\/02\\\/Koronet-spolka-z-o.o.png\",\"contentUrl\":\"https:\\\/\\\/www.koro.net.pl\\\/wp-content\\\/uploads\\\/2025\\\/02\\\/Koronet-spolka-z-o.o.png\",\"width\":696,\"height\":696,\"caption\":\"Koronet\"},\"image\":{\"@id\":\"https:\\\/\\\/www.koro.net.pl\\\/fr\\\/#\\\/schema\\\/logo\\\/image\\\/\"}}]}<\/script>\n<!-- \/ Yoast SEO plugin. -->","yoast_head_json":{"title":"Scies ROH premium : durables et efficaces, pour les professionnels","description":"Scies \u00e0 ruban ROH haut de gamme - des outils fiables et pr\u00e9cis pour les professionnels. Haute qualit\u00e9, longue dur\u00e9e de vie. Regardez l\u2019offre !","robots":{"index":"index","follow":"follow","max-snippet":"max-snippet:-1","max-image-preview":"max-image-preview:large","max-video-preview":"max-video-preview:-1"},"canonical":"https:\/\/www.koro.net.pl\/fr\/produkt\/scies-a-ruban-haut-de-gamme-roh\/","og_locale":"fr_FR","og_type":"article","og_title":"Scies ROH premium : durables et efficaces, pour les professionnels","og_description":"Scies \u00e0 ruban ROH haut de gamme - des outils fiables et pr\u00e9cis pour les professionnels. Haute qualit\u00e9, longue dur\u00e9e de vie. Regardez l\u2019offre !","og_url":"https:\/\/www.koro.net.pl\/fr\/produkt\/scies-a-ruban-haut-de-gamme-roh\/","og_site_name":"Koronet","og_image":[{"width":800,"height":600,"url":"https:\/\/www.koro.net.pl\/wp-content\/uploads\/2023\/10\/Premium-800x600-1.png","type":"image\/png"}],"twitter_card":"summary_large_image","twitter_misc":{"Dur\u00e9e de lecture estim\u00e9e":"2 minutes"},"schema":{"@context":"https:\/\/schema.org","@graph":[{"@type":"WebPage","@id":"https:\/\/www.koro.net.pl\/fr\/produkt\/scies-a-ruban-haut-de-gamme-roh\/","url":"https:\/\/www.koro.net.pl\/fr\/produkt\/scies-a-ruban-haut-de-gamme-roh\/","name":"Scies ROH premium : durables et efficaces, pour les professionnels","isPartOf":{"@id":"https:\/\/www.koro.net.pl\/fr\/#website"},"primaryImageOfPage":{"@id":"https:\/\/www.koro.net.pl\/fr\/produkt\/scies-a-ruban-haut-de-gamme-roh\/#primaryimage"},"image":{"@id":"https:\/\/www.koro.net.pl\/fr\/produkt\/scies-a-ruban-haut-de-gamme-roh\/#primaryimage"},"thumbnailUrl":"https:\/\/www.koro.net.pl\/wp-content\/uploads\/2023\/10\/Premium-800x600-1.png","datePublished":"2023-05-05T15:02:46+00:00","description":"Scies \u00e0 ruban ROH haut de gamme - des outils fiables et pr\u00e9cis pour les professionnels. Haute qualit\u00e9, longue dur\u00e9e de vie. Regardez l\u2019offre !","breadcrumb":{"@id":"https:\/\/www.koro.net.pl\/fr\/produkt\/scies-a-ruban-haut-de-gamme-roh\/#breadcrumb"},"inLanguage":"fr-FR","potentialAction":[{"@type":"ReadAction","target":["https:\/\/www.koro.net.pl\/fr\/produkt\/scies-a-ruban-haut-de-gamme-roh\/"]}]},{"@type":"ImageObject","inLanguage":"fr-FR","@id":"https:\/\/www.koro.net.pl\/fr\/produkt\/scies-a-ruban-haut-de-gamme-roh\/#primaryimage","url":"https:\/\/www.koro.net.pl\/wp-content\/uploads\/2023\/10\/Premium-800x600-1.png","contentUrl":"https:\/\/www.koro.net.pl\/wp-content\/uploads\/2023\/10\/Premium-800x600-1.png","width":800,"height":600,"caption":"Scie \u00e0 bande Koronet Metal Premium"},{"@type":"BreadcrumbList","@id":"https:\/\/www.koro.net.pl\/fr\/produkt\/scies-a-ruban-haut-de-gamme-roh\/#breadcrumb","itemListElement":[{"@type":"ListItem","position":1,"name":"Strona g\u0142\u00f3wna","item":"https:\/\/www.koro.net.pl\/fr\/"},{"@type":"ListItem","position":2,"name":"Scies \u00e0 ruban pour bois","item":"https:\/\/www.koro.net.pl\/fr\/produkty\/scies-a-ruban-pour-bois\/"},{"@type":"ListItem","position":3,"name":"Scies \u00e0 ruban haut de gamme ROH"}]},{"@type":"WebSite","@id":"https:\/\/www.koro.net.pl\/fr\/#website","url":"https:\/\/www.koro.net.pl\/fr\/","name":"Koronet","description":"","publisher":{"@id":"https:\/\/www.koro.net.pl\/fr\/#organization"},"potentialAction":[{"@type":"SearchAction","target":{"@type":"EntryPoint","urlTemplate":"https:\/\/www.koro.net.pl\/fr\/?s={search_term_string}"},"query-input":{"@type":"PropertyValueSpecification","valueRequired":true,"valueName":"search_term_string"}}],"inLanguage":"fr-FR"},{"@type":"Organization","@id":"https:\/\/www.koro.net.pl\/fr\/#organization","name":"Koronet","alternateName":"Koronet","url":"https:\/\/www.koro.net.pl\/fr\/","logo":{"@type":"ImageObject","inLanguage":"fr-FR","@id":"https:\/\/www.koro.net.pl\/fr\/#\/schema\/logo\/image\/","url":"https:\/\/www.koro.net.pl\/wp-content\/uploads\/2025\/02\/Koronet-spolka-z-o.o.png","contentUrl":"https:\/\/www.koro.net.pl\/wp-content\/uploads\/2025\/02\/Koronet-spolka-z-o.o.png","width":696,"height":696,"caption":"Koronet"},"image":{"@id":"https:\/\/www.koro.net.pl\/fr\/#\/schema\/logo\/image\/"}}]}},"_links":{"self":[{"href":"https:\/\/www.koro.net.pl\/fr\/wp-json\/wp\/v2\/product\/12089","targetHints":{"allow":["GET"]}}],"collection":[{"href":"https:\/\/www.koro.net.pl\/fr\/wp-json\/wp\/v2\/product"}],"about":[{"href":"https:\/\/www.koro.net.pl\/fr\/wp-json\/wp\/v2\/types\/product"}],"wp:featuredmedia":[{"embeddable":true,"href":"https:\/\/www.koro.net.pl\/fr\/wp-json\/wp\/v2\/media\/11849"}],"wp:attachment":[{"href":"https:\/\/www.koro.net.pl\/fr\/wp-json\/wp\/v2\/media?parent=12089"}],"wp:term":[{"taxonomy":"product_brand","embeddable":true,"href":"https:\/\/www.koro.net.pl\/fr\/wp-json\/wp\/v2\/product_brand?post=12089"},{"taxonomy":"product_cat","embeddable":true,"href":"https:\/\/www.koro.net.pl\/fr\/wp-json\/wp\/v2\/product_cat?post=12089"},{"taxonomy":"product_tag","embeddable":true,"href":"https:\/\/www.koro.net.pl\/fr\/wp-json\/wp\/v2\/product_tag?post=12089"}],"curies":[{"name":"wp","href":"https:\/\/api.w.org\/{rel}","templated":true}]}}