{"id":12079,"date":"2023-05-05T17:03:34","date_gmt":"2023-05-05T15:03:34","guid":{"rendered":"https:\/\/www.koro.net.pl\/produkt\/scie-a-bande-rontgen-bi-alfa-master-metal\/"},"modified":"2023-05-05T17:03:34","modified_gmt":"2023-05-05T15:03:34","slug":"scie-a-bande-rontgen-bi-alfa-master-metal","status":"publish","type":"product","link":"https:\/\/www.koro.net.pl\/fr\/produkt\/scie-a-bande-rontgen-bi-alfa-master-metal\/","title":{"rendered":"Scie \u00e0 bande R\u00d6NTGEN bi-alfa Master Metal"},"content":{"rendered":"<h2>Scies \u00e0 ruban R\u00d6NTGEN bi-alfa Master \u2013 pr\u00e9cision et durabilit\u00e9 en m\u00e9tallurgie<\/h2>\n<p>Les lames de scie ma\u00eetresses R\u00d6NTGEN Bi-Alfa sont des outils professionnels con\u00e7us pour les applications les plus exigeantes de l\u2019industrie m\u00e9tallique. Fabriqu\u00e9s en bim\u00e9tal de haute qualit\u00e9, ils se caract\u00e9risent par une duret\u00e9 dentaire de 67-69 HRC, ce qui garantit non seulement une durabilit\u00e9 exceptionnelle, mais aussi une excellente r\u00e9sistance \u00e0 l\u2019usure. Gr\u00e2ce \u00e0 leur conception pr\u00e9cise, ils sont le choix id\u00e9al pour travailler avec des mat\u00e9riaux durs et difficiles \u00e0 usiner, garantissant la fiabilit\u00e9 dans toute op\u00e9ration de d\u00e9coupe.  <\/p>\n<h3>Application des scies m\u00e9taux R\u00d6NTGEN bi-alfa Master<\/h3>\n<p>Les scies \u00e0 ruban R\u00d6NTGEN bi-alfa Master sont utilis\u00e9es pour d\u00e9couper une grande vari\u00e9t\u00e9 de mat\u00e9riaux, notamment des aciers inoxydables et r\u00e9sistants \u00e0 l\u2019acide, des aciers \u00e0 haute alliage et des mat\u00e9riaux difficiles \u00e0 d\u00e9couper avec une duret\u00e9 accrue. Ils sont parfaits pour la coupe solide et en profil, assurant des coupes pr\u00e9cises et r\u00e9guli\u00e8res. Leur polyvalence leur permet de travailler efficacement sur tous types de coupe-bandes, et leur conception sp\u00e9ciale leur permet de manipuler efficacement m\u00eame les mat\u00e9riaux les plus durs et les alliages sp\u00e9ciaux, en faisant un outil id\u00e9al pour les t\u00e2ches industrielles avanc\u00e9es.  <\/p>\n<h3>Avantages du choix des scies ma\u00eetres R\u00d6NTGEN Bi-Alfa<\/h3>\n<p>En choisissant les scies \u00e0 ruban R\u00d6NTGEN Bi-Alfa Master, vous gagnez :<\/p>\n<ul>\n<li>durabilit\u00e9 <b>exceptionnelle<\/b> \u2013 la construction bim\u00e9tallique prolonge la dur\u00e9e de vie de l\u2019outil ;<\/li>\n<li><b>Haute efficacit\u00e9 de coupe<\/b> \u2013 G\u00e9om\u00e9trie de dents sp\u00e9ciale permet une coupe rapide et efficace ;<\/li>\n<li><b>Polyvalence<\/b> \u2013 la capacit\u00e9 de couper une vari\u00e9t\u00e9 de mat\u00e9riaux avec diff\u00e9rentes duret\u00e9s.<\/li>\n<\/ul>\n<h3>Commandez d\u00e8s maintenant et voyez par vous-m\u00eame la qualit\u00e9 de la radiographie !<\/h3>\n<p>Nous vous invitons \u00e0 vous familiariser avec l\u2019offre des scies \u00e0 ruban R\u00d6NTGEN bi-alfa Master \u2013 des outils con\u00e7us pour un travail pr\u00e9cis et efficace. Si vous avez des questions ou besoin d\u2019informations suppl\u00e9mentaires, nos sp\u00e9cialistes sont \u00e0 votre disposition.   <b>Contactez-nous et nous vous aiderons \u00e0 choisir la solution qui correspond parfaitement \u00e0 vos besoins !<\/b><\/p>\n<p><b>Application :<\/b><\/p>\n<p><img decoding=\"async\" class=\"alignnone size-full wp-image-402 lazyload\" data-src=\"https:\/\/sp-ao.shortpixel.ai\/client\/to_webp,q_lossy,ret_img,w_90,h_110\/https:\/\/www.koro.net.pl\/wp-content\/uploads\/2020\/03\/grubematerialy-1.png\" alt=\"\" width=\"90\" height=\"110\" src=\"data:image\/svg+xml;base64,PHN2ZyB3aWR0aD0iMSIgaGVpZ2h0PSIxIiB4bWxucz0iaHR0cDovL3d3dy53My5vcmcvMjAwMC9zdmciPjwvc3ZnPg==\" style=\"--smush-placeholder-width: 90px; --smush-placeholder-aspect-ratio: 90\/110;\"> <img decoding=\"async\" class=\"alignnone size-full wp-image-403 lazyload\" data-src=\"https:\/\/sp-ao.shortpixel.ai\/client\/to_webp,q_lossy,ret_img,w_90,h_110\/https:\/\/www.koro.net.pl\/wp-content\/uploads\/2020\/03\/solidneokragle-1.png\" alt=\"\" width=\"90\" height=\"110\" src=\"data:image\/svg+xml;base64,PHN2ZyB3aWR0aD0iMSIgaGVpZ2h0PSIxIiB4bWxucz0iaHR0cDovL3d3dy53My5vcmcvMjAwMC9zdmciPjwvc3ZnPg==\" style=\"--smush-placeholder-width: 90px; --smush-placeholder-aspect-ratio: 90\/110;\"> <img decoding=\"async\" class=\"alignnone size-full wp-image-400 lazyload\" data-src=\"https:\/\/sp-ao.shortpixel.ai\/client\/to_webp,q_lossy,ret_img,w_90,h_110\/https:\/\/www.koro.net.pl\/wp-content\/uploads\/2020\/03\/plytkistalowe.png\" alt=\"\" width=\"90\" height=\"110\" src=\"data:image\/svg+xml;base64,PHN2ZyB3aWR0aD0iMSIgaGVpZ2h0PSIxIiB4bWxucz0iaHR0cDovL3d3dy53My5vcmcvMjAwMC9zdmciPjwvc3ZnPg==\" style=\"--smush-placeholder-width: 90px; --smush-placeholder-aspect-ratio: 90\/110;\"> <img decoding=\"async\" class=\"alignnone size-full wp-image-401 lazyload\" data-src=\"https:\/\/sp-ao.shortpixel.ai\/client\/to_webp,q_lossy,ret_img,w_90,h_110\/https:\/\/www.koro.net.pl\/wp-content\/uploads\/2020\/03\/solidneokragle2-1.png\" alt=\"\" width=\"90\" height=\"110\" src=\"data:image\/svg+xml;base64,PHN2ZyB3aWR0aD0iMSIgaGVpZ2h0PSIxIiB4bWxucz0iaHR0cDovL3d3dy53My5vcmcvMjAwMC9zdmciPjwvc3ZnPg==\" style=\"--smush-placeholder-width: 90px; --smush-placeholder-aspect-ratio: 90\/110;\"><\/p>\n<p><b>Dents par pouce :<\/b><\/p>\n<p><img decoding=\"async\" class=\"alignnone size-full wp-image-406 lazyload\" data-src=\"https:\/\/sp-ao.shortpixel.ai\/client\/to_webp,q_lossy,ret_img,w_637,h_115\/https:\/\/www.koro.net.pl\/wp-content\/uploads\/2020\/03\/7.jpg\" data-sizes=\"(max-width: 637px) 100vw, 637px\" data-srcset=\"https:\/\/sp-ao.shortpixel.ai\/client\/to_webp,q_lossy,ret_img,w_637\/https:\/\/www.koro.net.pl\/wp-content\/uploads\/2020\/03\/7.jpg 637w, https:\/\/sp-ao.shortpixel.ai\/client\/to_webp,q_lossy,ret_img,w_600\/https:\/\/www.koro.net.pl\/wp-content\/uploads\/2020\/03\/7-600x108.jpg 600w, https:\/\/sp-ao.shortpixel.ai\/client\/to_webp,q_lossy,ret_img,w_300\/https:\/\/www.koro.net.pl\/wp-content\/uploads\/2020\/03\/7-300x54.jpg 300w\" alt=\"\" width=\"637\" height=\"115\" src=\"data:image\/svg+xml;base64,PHN2ZyB3aWR0aD0iMSIgaGVpZ2h0PSIxIiB4bWxucz0iaHR0cDovL3d3dy53My5vcmcvMjAwMC9zdmciPjwvc3ZnPg==\" style=\"--smush-placeholder-width: 637px; --smush-placeholder-aspect-ratio: 637\/115;\"><\/p>\n<p>&nbsp;<\/p>\n","protected":false},"excerpt":{"rendered":"<p>Scies \u00e0 ruban R\u00d6NTGEN bi-alfa Master \u2013 pr\u00e9cision et durabilit\u00e9 en m\u00e9tallurgie Les lames de scie ma\u00eetresses R\u00d6NTGEN Bi-Alfa sont des outils professionnels con\u00e7us pour les applications les plus exigeantes [&hellip;]<\/p>\n","protected":false},"featured_media":7707,"template":"","meta":{"_acf_changed":false},"product_brand":[],"product_cat":[213,180],"product_tag":[],"class_list":{"0":"post-12079","1":"product","2":"type-product","3":"status-publish","4":"has-post-thumbnail","6":"product_cat-scies-a-ruban-bimetalliques","7":"product_cat-scies-a-ruban-pour-metal","9":"first","10":"instock","11":"taxable","12":"shipping-taxable","13":"purchasable","14":"product-type-variable"},"acf":[],"yoast_head":"<!-- This site is optimized with the Yoast SEO plugin v27.5 - https:\/\/yoast.com\/product\/yoast-seo-wordpress\/ -->\n<title>Scies ma\u00eetresses bi-alpha R\u00d6NTGEN \u2013 pr\u00e9cision en m\u00e9tallurgie<\/title>\n<meta name=\"description\" content=\"Les scies \u00e0 ruban R\u00f6ntgen Bi-Alfa Master \u2013 la solution tout-en-un pour d\u00e9couper une large gamme de mat\u00e9riaux. G\u00e9om\u00e9trie de la dent optimale et longue dur\u00e9e de service.\" \/>\n<meta name=\"robots\" content=\"index, follow, max-snippet:-1, max-image-preview:large, max-video-preview:-1\" \/>\n<link rel=\"canonical\" href=\"https:\/\/www.koro.net.pl\/fr\/produkt\/scie-a-bande-rontgen-bi-alfa-master-metal\/\" \/>\n<meta property=\"og:locale\" content=\"fr_FR\" \/>\n<meta property=\"og:type\" content=\"article\" \/>\n<meta property=\"og:title\" content=\"Scies ma\u00eetresses bi-alpha R\u00d6NTGEN \u2013 pr\u00e9cision en m\u00e9tallurgie\" \/>\n<meta property=\"og:description\" content=\"Les scies \u00e0 ruban R\u00f6ntgen Bi-Alfa Master \u2013 la solution tout-en-un pour d\u00e9couper une large gamme de mat\u00e9riaux. G\u00e9om\u00e9trie de la dent optimale et longue dur\u00e9e de service.\" \/>\n<meta property=\"og:url\" content=\"https:\/\/www.koro.net.pl\/fr\/produkt\/scie-a-bande-rontgen-bi-alfa-master-metal\/\" \/>\n<meta property=\"og:site_name\" content=\"Koronet\" \/>\n<meta property=\"og:image\" content=\"https:\/\/www.koro.net.pl\/wp-content\/uploads\/2023\/05\/Bi-alfa-Master.png\" \/>\n\t<meta property=\"og:image:width\" content=\"800\" \/>\n\t<meta property=\"og:image:height\" content=\"500\" \/>\n\t<meta property=\"og:image:type\" content=\"image\/png\" \/>\n<meta name=\"twitter:card\" content=\"summary_large_image\" \/>\n<meta name=\"twitter:label1\" content=\"Dur\u00e9e de lecture estim\u00e9e\" \/>\n\t<meta name=\"twitter:data1\" content=\"2 minutes\" \/>\n<script type=\"application\/ld+json\" class=\"yoast-schema-graph\">{\"@context\":\"https:\\\/\\\/schema.org\",\"@graph\":[{\"@type\":\"WebPage\",\"@id\":\"https:\\\/\\\/www.koro.net.pl\\\/fr\\\/produkt\\\/scie-a-bande-rontgen-bi-alfa-master-metal\\\/\",\"url\":\"https:\\\/\\\/www.koro.net.pl\\\/fr\\\/produkt\\\/scie-a-bande-rontgen-bi-alfa-master-metal\\\/\",\"name\":\"Scies ma\u00eetresses bi-alpha R\u00d6NTGEN \u2013 pr\u00e9cision en m\u00e9tallurgie\",\"isPartOf\":{\"@id\":\"https:\\\/\\\/www.koro.net.pl\\\/fr\\\/#website\"},\"primaryImageOfPage\":{\"@id\":\"https:\\\/\\\/www.koro.net.pl\\\/fr\\\/produkt\\\/scie-a-bande-rontgen-bi-alfa-master-metal\\\/#primaryimage\"},\"image\":{\"@id\":\"https:\\\/\\\/www.koro.net.pl\\\/fr\\\/produkt\\\/scie-a-bande-rontgen-bi-alfa-master-metal\\\/#primaryimage\"},\"thumbnailUrl\":\"https:\\\/\\\/www.koro.net.pl\\\/wp-content\\\/uploads\\\/2023\\\/05\\\/Bi-alfa-Master.png\",\"datePublished\":\"2023-05-05T15:03:34+00:00\",\"description\":\"Les scies \u00e0 ruban R\u00f6ntgen Bi-Alfa Master \u2013 la solution tout-en-un pour d\u00e9couper une large gamme de mat\u00e9riaux. G\u00e9om\u00e9trie de la dent optimale et longue dur\u00e9e de service.\",\"breadcrumb\":{\"@id\":\"https:\\\/\\\/www.koro.net.pl\\\/fr\\\/produkt\\\/scie-a-bande-rontgen-bi-alfa-master-metal\\\/#breadcrumb\"},\"inLanguage\":\"fr-FR\",\"potentialAction\":[{\"@type\":\"ReadAction\",\"target\":[\"https:\\\/\\\/www.koro.net.pl\\\/fr\\\/produkt\\\/scie-a-bande-rontgen-bi-alfa-master-metal\\\/\"]}]},{\"@type\":\"ImageObject\",\"inLanguage\":\"fr-FR\",\"@id\":\"https:\\\/\\\/www.koro.net.pl\\\/fr\\\/produkt\\\/scie-a-bande-rontgen-bi-alfa-master-metal\\\/#primaryimage\",\"url\":\"https:\\\/\\\/www.koro.net.pl\\\/wp-content\\\/uploads\\\/2023\\\/05\\\/Bi-alfa-Master.png\",\"contentUrl\":\"https:\\\/\\\/www.koro.net.pl\\\/wp-content\\\/uploads\\\/2023\\\/05\\\/Bi-alfa-Master.png\",\"width\":800,\"height\":500,\"caption\":\"pi\u0142a do metalu\"},{\"@type\":\"BreadcrumbList\",\"@id\":\"https:\\\/\\\/www.koro.net.pl\\\/fr\\\/produkt\\\/scie-a-bande-rontgen-bi-alfa-master-metal\\\/#breadcrumb\",\"itemListElement\":[{\"@type\":\"ListItem\",\"position\":1,\"name\":\"Strona g\u0142\u00f3wna\",\"item\":\"https:\\\/\\\/www.koro.net.pl\\\/fr\\\/\"},{\"@type\":\"ListItem\",\"position\":2,\"name\":\"Scie \u00e0 bande R\u00d6NTGEN bi-alfa Master Metal\"}]},{\"@type\":\"WebSite\",\"@id\":\"https:\\\/\\\/www.koro.net.pl\\\/fr\\\/#website\",\"url\":\"https:\\\/\\\/www.koro.net.pl\\\/fr\\\/\",\"name\":\"Koronet\",\"description\":\"\",\"publisher\":{\"@id\":\"https:\\\/\\\/www.koro.net.pl\\\/fr\\\/#organization\"},\"potentialAction\":[{\"@type\":\"SearchAction\",\"target\":{\"@type\":\"EntryPoint\",\"urlTemplate\":\"https:\\\/\\\/www.koro.net.pl\\\/fr\\\/?s={search_term_string}\"},\"query-input\":{\"@type\":\"PropertyValueSpecification\",\"valueRequired\":true,\"valueName\":\"search_term_string\"}}],\"inLanguage\":\"fr-FR\"},{\"@type\":\"Organization\",\"@id\":\"https:\\\/\\\/www.koro.net.pl\\\/fr\\\/#organization\",\"name\":\"Koronet\",\"alternateName\":\"Koronet\",\"url\":\"https:\\\/\\\/www.koro.net.pl\\\/fr\\\/\",\"logo\":{\"@type\":\"ImageObject\",\"inLanguage\":\"fr-FR\",\"@id\":\"https:\\\/\\\/www.koro.net.pl\\\/fr\\\/#\\\/schema\\\/logo\\\/image\\\/\",\"url\":\"https:\\\/\\\/www.koro.net.pl\\\/wp-content\\\/uploads\\\/2025\\\/02\\\/Koronet-spolka-z-o.o.png\",\"contentUrl\":\"https:\\\/\\\/www.koro.net.pl\\\/wp-content\\\/uploads\\\/2025\\\/02\\\/Koronet-spolka-z-o.o.png\",\"width\":696,\"height\":696,\"caption\":\"Koronet\"},\"image\":{\"@id\":\"https:\\\/\\\/www.koro.net.pl\\\/fr\\\/#\\\/schema\\\/logo\\\/image\\\/\"}}]}<\/script>\n<!-- \/ Yoast SEO plugin. -->","yoast_head_json":{"title":"Scies ma\u00eetresses bi-alpha R\u00d6NTGEN \u2013 pr\u00e9cision en m\u00e9tallurgie","description":"Les scies \u00e0 ruban R\u00f6ntgen Bi-Alfa Master \u2013 la solution tout-en-un pour d\u00e9couper une large gamme de mat\u00e9riaux. G\u00e9om\u00e9trie de la dent optimale et longue dur\u00e9e de service.","robots":{"index":"index","follow":"follow","max-snippet":"max-snippet:-1","max-image-preview":"max-image-preview:large","max-video-preview":"max-video-preview:-1"},"canonical":"https:\/\/www.koro.net.pl\/fr\/produkt\/scie-a-bande-rontgen-bi-alfa-master-metal\/","og_locale":"fr_FR","og_type":"article","og_title":"Scies ma\u00eetresses bi-alpha R\u00d6NTGEN \u2013 pr\u00e9cision en m\u00e9tallurgie","og_description":"Les scies \u00e0 ruban R\u00f6ntgen Bi-Alfa Master \u2013 la solution tout-en-un pour d\u00e9couper une large gamme de mat\u00e9riaux. G\u00e9om\u00e9trie de la dent optimale et longue dur\u00e9e de service.","og_url":"https:\/\/www.koro.net.pl\/fr\/produkt\/scie-a-bande-rontgen-bi-alfa-master-metal\/","og_site_name":"Koronet","og_image":[{"width":800,"height":500,"url":"https:\/\/www.koro.net.pl\/wp-content\/uploads\/2023\/05\/Bi-alfa-Master.png","type":"image\/png"}],"twitter_card":"summary_large_image","twitter_misc":{"Dur\u00e9e de lecture estim\u00e9e":"2 minutes"},"schema":{"@context":"https:\/\/schema.org","@graph":[{"@type":"WebPage","@id":"https:\/\/www.koro.net.pl\/fr\/produkt\/scie-a-bande-rontgen-bi-alfa-master-metal\/","url":"https:\/\/www.koro.net.pl\/fr\/produkt\/scie-a-bande-rontgen-bi-alfa-master-metal\/","name":"Scies ma\u00eetresses bi-alpha R\u00d6NTGEN \u2013 pr\u00e9cision en m\u00e9tallurgie","isPartOf":{"@id":"https:\/\/www.koro.net.pl\/fr\/#website"},"primaryImageOfPage":{"@id":"https:\/\/www.koro.net.pl\/fr\/produkt\/scie-a-bande-rontgen-bi-alfa-master-metal\/#primaryimage"},"image":{"@id":"https:\/\/www.koro.net.pl\/fr\/produkt\/scie-a-bande-rontgen-bi-alfa-master-metal\/#primaryimage"},"thumbnailUrl":"https:\/\/www.koro.net.pl\/wp-content\/uploads\/2023\/05\/Bi-alfa-Master.png","datePublished":"2023-05-05T15:03:34+00:00","description":"Les scies \u00e0 ruban R\u00f6ntgen Bi-Alfa Master \u2013 la solution tout-en-un pour d\u00e9couper une large gamme de mat\u00e9riaux. G\u00e9om\u00e9trie de la dent optimale et longue dur\u00e9e de service.","breadcrumb":{"@id":"https:\/\/www.koro.net.pl\/fr\/produkt\/scie-a-bande-rontgen-bi-alfa-master-metal\/#breadcrumb"},"inLanguage":"fr-FR","potentialAction":[{"@type":"ReadAction","target":["https:\/\/www.koro.net.pl\/fr\/produkt\/scie-a-bande-rontgen-bi-alfa-master-metal\/"]}]},{"@type":"ImageObject","inLanguage":"fr-FR","@id":"https:\/\/www.koro.net.pl\/fr\/produkt\/scie-a-bande-rontgen-bi-alfa-master-metal\/#primaryimage","url":"https:\/\/www.koro.net.pl\/wp-content\/uploads\/2023\/05\/Bi-alfa-Master.png","contentUrl":"https:\/\/www.koro.net.pl\/wp-content\/uploads\/2023\/05\/Bi-alfa-Master.png","width":800,"height":500,"caption":"pi\u0142a do metalu"},{"@type":"BreadcrumbList","@id":"https:\/\/www.koro.net.pl\/fr\/produkt\/scie-a-bande-rontgen-bi-alfa-master-metal\/#breadcrumb","itemListElement":[{"@type":"ListItem","position":1,"name":"Strona g\u0142\u00f3wna","item":"https:\/\/www.koro.net.pl\/fr\/"},{"@type":"ListItem","position":2,"name":"Scie \u00e0 bande R\u00d6NTGEN bi-alfa Master Metal"}]},{"@type":"WebSite","@id":"https:\/\/www.koro.net.pl\/fr\/#website","url":"https:\/\/www.koro.net.pl\/fr\/","name":"Koronet","description":"","publisher":{"@id":"https:\/\/www.koro.net.pl\/fr\/#organization"},"potentialAction":[{"@type":"SearchAction","target":{"@type":"EntryPoint","urlTemplate":"https:\/\/www.koro.net.pl\/fr\/?s={search_term_string}"},"query-input":{"@type":"PropertyValueSpecification","valueRequired":true,"valueName":"search_term_string"}}],"inLanguage":"fr-FR"},{"@type":"Organization","@id":"https:\/\/www.koro.net.pl\/fr\/#organization","name":"Koronet","alternateName":"Koronet","url":"https:\/\/www.koro.net.pl\/fr\/","logo":{"@type":"ImageObject","inLanguage":"fr-FR","@id":"https:\/\/www.koro.net.pl\/fr\/#\/schema\/logo\/image\/","url":"https:\/\/www.koro.net.pl\/wp-content\/uploads\/2025\/02\/Koronet-spolka-z-o.o.png","contentUrl":"https:\/\/www.koro.net.pl\/wp-content\/uploads\/2025\/02\/Koronet-spolka-z-o.o.png","width":696,"height":696,"caption":"Koronet"},"image":{"@id":"https:\/\/www.koro.net.pl\/fr\/#\/schema\/logo\/image\/"}}]}},"_links":{"self":[{"href":"https:\/\/www.koro.net.pl\/fr\/wp-json\/wp\/v2\/product\/12079","targetHints":{"allow":["GET"]}}],"collection":[{"href":"https:\/\/www.koro.net.pl\/fr\/wp-json\/wp\/v2\/product"}],"about":[{"href":"https:\/\/www.koro.net.pl\/fr\/wp-json\/wp\/v2\/types\/product"}],"wp:featuredmedia":[{"embeddable":true,"href":"https:\/\/www.koro.net.pl\/fr\/wp-json\/wp\/v2\/media\/7707"}],"wp:attachment":[{"href":"https:\/\/www.koro.net.pl\/fr\/wp-json\/wp\/v2\/media?parent=12079"}],"wp:term":[{"taxonomy":"product_brand","embeddable":true,"href":"https:\/\/www.koro.net.pl\/fr\/wp-json\/wp\/v2\/product_brand?post=12079"},{"taxonomy":"product_cat","embeddable":true,"href":"https:\/\/www.koro.net.pl\/fr\/wp-json\/wp\/v2\/product_cat?post=12079"},{"taxonomy":"product_tag","embeddable":true,"href":"https:\/\/www.koro.net.pl\/fr\/wp-json\/wp\/v2\/product_tag?post=12079"}],"curies":[{"name":"wp","href":"https:\/\/api.w.org\/{rel}","templated":true}]}}