{"id":12049,"date":"2023-05-05T17:03:21","date_gmt":"2023-05-05T15:03:21","guid":{"rendered":"https:\/\/www.koro.net.pl\/produkt\/scie-a-ruban-bimetallique-pour-koronet-ultracut-m42-en-metal\/"},"modified":"2023-05-05T17:03:21","modified_gmt":"2023-05-05T15:03:21","slug":"scie-a-ruban-bimetallique-pour-koronet-ultracut-m42-en-metal","status":"publish","type":"product","link":"https:\/\/www.koro.net.pl\/fr\/produkt\/scie-a-ruban-bimetallique-pour-koronet-ultracut-m42-en-metal\/","title":{"rendered":"Scie \u00e0 ruban bim\u00e9tallique pour Koronet Ultracut M42 en m\u00e9tal"},"content":{"rendered":"<h2>Scie \u00e0 ruban bim\u00e9tallique pour m\u00e9tal KORONET ULTRACUT M42 \u2013 pr\u00e9cision et durabilit\u00e9 en un seul<\/h2>\n<p>La scie \u00e0 ruban Koronet Ultracut M42 est un outil high-tech alliant une durabilit\u00e9 in\u00e9gal\u00e9e et une pr\u00e9cision exceptionnelle. L\u2019utilisation de l\u2019acier M42 \u00e0 grande vitesse garantit une r\u00e9sistance \u00e0 de hautes temp\u00e9ratures et une longue dur\u00e9e de vie de l\u2019outil. La technologie innovante de liaison par faisceau d\u2019\u00e9lectrons avec l\u2019acier \u00e0 ressort allemand d\u00e9termine la qualit\u00e9 de ce produit. Gr\u00e2ce \u00e0 la g\u00e9om\u00e9trie optimale des dents et \u00e0 la solidit\u00e9 du ruban porteur, la lame de scie s\u2019adapte parfaitement m\u00eame aux mat\u00e9riaux les plus exigeants.   <\/p>\n<h3>Application de la scie \u00e0 ruban m\u00e9tallique KORONET ULTRACUT M42<\/h3>\n<p>La scie \u00e0 ruban bim\u00e9tallique Koronet Ultracut M42 est utilis\u00e9e dans un large \u00e9ventail d\u2019applications. Il est particuli\u00e8rement recommand\u00e9 pour la coupe : <\/p>\n<ul>\n<li><b>Aciers de structure<\/b> \u2013 coupent avec pr\u00e9cision l\u2019acier doux et l\u2019acier \u00e0 duret\u00e9 ;<\/li>\n<li><b>m\u00e9taux non ferreux et alliages<\/b> \u2013 id\u00e9aux pour l\u2019aluminium, le cuivre et le laiton ;<\/li>\n<li><b>tuyaux, profils et poutres<\/b> \u2013 fiables pour la d\u00e9coupe des \u00e9l\u00e9ments structurels ;<\/li>\n<li><b>Mat\u00e9riaux solides<\/b> \u2013 Assure une coupe rapide et pr\u00e9cise de grandes sections solides.<\/li>\n<\/ul>\n<p>La scie \u00e0 m\u00e9taux est parfaite pour d\u00e9couper \u00e0 la fois des composants individuels et des paquets, ce qui en fait un outil polyvalent dans les ateliers industriels et les usines de fabrication.<\/p>\n<h3>Pourquoi choisir la scie \u00e0 d\u00e9coupe m\u00e9tallique KORONET ULTRACUT M42 ?<\/h3>\n<ul>\n<li><b>Dur\u00e9e de vie plus longue<\/b> \u2013 g\u00e9om\u00e9trie de la dent optimale et l\u2019utilisation de mat\u00e9riaux de haute qualit\u00e9 minimisent l\u2019usure.<\/li>\n<li><b>Polyvalence des applications<\/b> \u2013 la capacit\u00e9 de travailler avec une vari\u00e9t\u00e9 de mat\u00e9riaux aux duret\u00e9s diff\u00e9rentes.<\/li>\n<li><b>Efficacit\u00e9 et pr\u00e9cision<\/b> \u2013 l\u2019outil garantit une coupe rapide et une surface parfaite, sans n\u00e9cessiter de traitement suppl\u00e9mentaire.<\/li>\n<\/ul>\n<h3>SCIE \u00c0 RUBAN EN M\u00c9TAL BIM\u00c9TALLIQUE KORONET ULTRACUT M42 &#8211; Prenez un coup de pouce dans votre travail !<\/h3>\n<p>Explorez les capacit\u00e9s de la scie \u00e0 bande KORONET ULTRACUT M42 et d\u00e9couvrez comment elle peut am\u00e9liorer vos proc\u00e9d\u00e9s.  <b>Si vous avez des questions ou besoin d\u2019aide pour choisir le produit parfait, veuillez contacter notre \u00e9quipe. D\u00e9couvrez l\u2019offre et misez sur la qualit\u00e9 qui ne vous d\u00e9cevra jamais ! <\/b><br \/>\n<b>Application :<\/b><\/p>\n<ul>\n<li>Acier de structure<\/li>\n<li>Acier \u00e0 outils<\/li>\n<li>Acier inoxydable<\/li>\n<li>M\u00e9taux non ferreux<\/li>\n<li>Profils<\/li>\n<li>Paquets<\/li>\n<li>Poutres<\/li>\n<li>Tuyaux \u00e0 paroi fine<\/li>\n<li>Mat\u00e9riau solide<\/li>\n<li>Tuyaux \u00e0 paroi \u00e9paisse<\/li>\n<li>Mat\u00e9riau rond massif<\/li>\n<li>Tubes carr\u00e9s<\/li>\n<\/ul>\n<p>&nbsp;<\/p>\n","protected":false},"excerpt":{"rendered":"<p>Scie \u00e0 ruban bim\u00e9tallique pour m\u00e9tal KORONET ULTRACUT M42 \u2013 pr\u00e9cision et durabilit\u00e9 en un seul La scie \u00e0 ruban Koronet Ultracut M42 est un outil high-tech alliant une durabilit\u00e9 [&hellip;]<\/p>\n","protected":false},"featured_media":7792,"template":"","meta":{"_acf_changed":false},"product_brand":[],"product_cat":[213,180],"product_tag":[],"class_list":{"0":"post-12049","1":"product","2":"type-product","3":"status-publish","4":"has-post-thumbnail","6":"product_cat-scies-a-ruban-bimetalliques","7":"product_cat-scies-a-ruban-pour-metal","9":"first","10":"instock","11":"taxable","12":"shipping-taxable","13":"purchasable","14":"product-type-variable"},"acf":[],"yoast_head":"<!-- This site is optimized with the Yoast SEO plugin v27.5 - https:\/\/yoast.com\/product\/yoast-seo-wordpress\/ -->\n<title>Scie \u00e0 ruban bim\u00e9tallique pour m\u00e9tal KORONET ULTRACUT M42<\/title>\n<meta name=\"description\" content=\"Scie \u00e0 ruban bim\u00e9tallique pour d\u00e9couper le m\u00e9tal KORONET ULTRACUT M42. Id\u00e9al pour la coupe de l\u2019acier, des m\u00e9taux non ferreux et d\u2019autres mat\u00e9riaux. Regardez l\u2019offre !\" \/>\n<meta name=\"robots\" content=\"index, follow, max-snippet:-1, max-image-preview:large, max-video-preview:-1\" \/>\n<link rel=\"canonical\" href=\"https:\/\/www.koro.net.pl\/fr\/produkt\/scie-a-ruban-bimetallique-pour-koronet-ultracut-m42-en-metal\/\" \/>\n<meta property=\"og:locale\" content=\"fr_FR\" \/>\n<meta property=\"og:type\" content=\"article\" \/>\n<meta property=\"og:title\" content=\"Scie \u00e0 ruban bim\u00e9tallique pour m\u00e9tal KORONET ULTRACUT M42\" \/>\n<meta property=\"og:description\" content=\"Scie \u00e0 ruban bim\u00e9tallique pour d\u00e9couper le m\u00e9tal KORONET ULTRACUT M42. Id\u00e9al pour la coupe de l\u2019acier, des m\u00e9taux non ferreux et d\u2019autres mat\u00e9riaux. Regardez l\u2019offre !\" \/>\n<meta property=\"og:url\" content=\"https:\/\/www.koro.net.pl\/fr\/produkt\/scie-a-ruban-bimetallique-pour-koronet-ultracut-m42-en-metal\/\" \/>\n<meta property=\"og:site_name\" content=\"Koronet\" \/>\n<meta property=\"og:image\" content=\"https:\/\/www.koro.net.pl\/wp-content\/uploads\/2023\/05\/UltraCut-obrocone-800x500-1.png\" \/>\n\t<meta property=\"og:image:width\" content=\"800\" \/>\n\t<meta property=\"og:image:height\" content=\"500\" \/>\n\t<meta property=\"og:image:type\" content=\"image\/png\" \/>\n<meta name=\"twitter:card\" content=\"summary_large_image\" \/>\n<meta name=\"twitter:label1\" content=\"Dur\u00e9e de lecture estim\u00e9e\" \/>\n\t<meta name=\"twitter:data1\" content=\"2 minutes\" \/>\n<script type=\"application\/ld+json\" class=\"yoast-schema-graph\">{\"@context\":\"https:\\\/\\\/schema.org\",\"@graph\":[{\"@type\":\"WebPage\",\"@id\":\"https:\\\/\\\/www.koro.net.pl\\\/fr\\\/produkt\\\/scie-a-ruban-bimetallique-pour-koronet-ultracut-m42-en-metal\\\/\",\"url\":\"https:\\\/\\\/www.koro.net.pl\\\/fr\\\/produkt\\\/scie-a-ruban-bimetallique-pour-koronet-ultracut-m42-en-metal\\\/\",\"name\":\"Scie \u00e0 ruban bim\u00e9tallique pour m\u00e9tal KORONET ULTRACUT M42\",\"isPartOf\":{\"@id\":\"https:\\\/\\\/www.koro.net.pl\\\/fr\\\/#website\"},\"primaryImageOfPage\":{\"@id\":\"https:\\\/\\\/www.koro.net.pl\\\/fr\\\/produkt\\\/scie-a-ruban-bimetallique-pour-koronet-ultracut-m42-en-metal\\\/#primaryimage\"},\"image\":{\"@id\":\"https:\\\/\\\/www.koro.net.pl\\\/fr\\\/produkt\\\/scie-a-ruban-bimetallique-pour-koronet-ultracut-m42-en-metal\\\/#primaryimage\"},\"thumbnailUrl\":\"https:\\\/\\\/www.koro.net.pl\\\/wp-content\\\/uploads\\\/2023\\\/05\\\/UltraCut-obrocone-800x500-1.png\",\"datePublished\":\"2023-05-05T15:03:21+00:00\",\"description\":\"Scie \u00e0 ruban bim\u00e9tallique pour d\u00e9couper le m\u00e9tal KORONET ULTRACUT M42. Id\u00e9al pour la coupe de l\u2019acier, des m\u00e9taux non ferreux et d\u2019autres mat\u00e9riaux. Regardez l\u2019offre !\",\"breadcrumb\":{\"@id\":\"https:\\\/\\\/www.koro.net.pl\\\/fr\\\/produkt\\\/scie-a-ruban-bimetallique-pour-koronet-ultracut-m42-en-metal\\\/#breadcrumb\"},\"inLanguage\":\"fr-FR\",\"potentialAction\":[{\"@type\":\"ReadAction\",\"target\":[\"https:\\\/\\\/www.koro.net.pl\\\/fr\\\/produkt\\\/scie-a-ruban-bimetallique-pour-koronet-ultracut-m42-en-metal\\\/\"]}]},{\"@type\":\"ImageObject\",\"inLanguage\":\"fr-FR\",\"@id\":\"https:\\\/\\\/www.koro.net.pl\\\/fr\\\/produkt\\\/scie-a-ruban-bimetallique-pour-koronet-ultracut-m42-en-metal\\\/#primaryimage\",\"url\":\"https:\\\/\\\/www.koro.net.pl\\\/wp-content\\\/uploads\\\/2023\\\/05\\\/UltraCut-obrocone-800x500-1.png\",\"contentUrl\":\"https:\\\/\\\/www.koro.net.pl\\\/wp-content\\\/uploads\\\/2023\\\/05\\\/UltraCut-obrocone-800x500-1.png\",\"width\":800,\"height\":500,\"caption\":\"pi\u0142a ta\u015bmowa do metalu Koronet\"},{\"@type\":\"BreadcrumbList\",\"@id\":\"https:\\\/\\\/www.koro.net.pl\\\/fr\\\/produkt\\\/scie-a-ruban-bimetallique-pour-koronet-ultracut-m42-en-metal\\\/#breadcrumb\",\"itemListElement\":[{\"@type\":\"ListItem\",\"position\":1,\"name\":\"Strona g\u0142\u00f3wna\",\"item\":\"https:\\\/\\\/www.koro.net.pl\\\/fr\\\/\"},{\"@type\":\"ListItem\",\"position\":2,\"name\":\"Scie \u00e0 ruban bim\u00e9tallique pour Koronet Ultracut M42 en m\u00e9tal\"}]},{\"@type\":\"WebSite\",\"@id\":\"https:\\\/\\\/www.koro.net.pl\\\/fr\\\/#website\",\"url\":\"https:\\\/\\\/www.koro.net.pl\\\/fr\\\/\",\"name\":\"Koronet\",\"description\":\"\",\"publisher\":{\"@id\":\"https:\\\/\\\/www.koro.net.pl\\\/fr\\\/#organization\"},\"potentialAction\":[{\"@type\":\"SearchAction\",\"target\":{\"@type\":\"EntryPoint\",\"urlTemplate\":\"https:\\\/\\\/www.koro.net.pl\\\/fr\\\/?s={search_term_string}\"},\"query-input\":{\"@type\":\"PropertyValueSpecification\",\"valueRequired\":true,\"valueName\":\"search_term_string\"}}],\"inLanguage\":\"fr-FR\"},{\"@type\":\"Organization\",\"@id\":\"https:\\\/\\\/www.koro.net.pl\\\/fr\\\/#organization\",\"name\":\"Koronet\",\"alternateName\":\"Koronet\",\"url\":\"https:\\\/\\\/www.koro.net.pl\\\/fr\\\/\",\"logo\":{\"@type\":\"ImageObject\",\"inLanguage\":\"fr-FR\",\"@id\":\"https:\\\/\\\/www.koro.net.pl\\\/fr\\\/#\\\/schema\\\/logo\\\/image\\\/\",\"url\":\"https:\\\/\\\/www.koro.net.pl\\\/wp-content\\\/uploads\\\/2025\\\/02\\\/Koronet-spolka-z-o.o.png\",\"contentUrl\":\"https:\\\/\\\/www.koro.net.pl\\\/wp-content\\\/uploads\\\/2025\\\/02\\\/Koronet-spolka-z-o.o.png\",\"width\":696,\"height\":696,\"caption\":\"Koronet\"},\"image\":{\"@id\":\"https:\\\/\\\/www.koro.net.pl\\\/fr\\\/#\\\/schema\\\/logo\\\/image\\\/\"}}]}<\/script>\n<!-- \/ Yoast SEO plugin. -->","yoast_head_json":{"title":"Scie \u00e0 ruban bim\u00e9tallique pour m\u00e9tal KORONET ULTRACUT M42","description":"Scie \u00e0 ruban bim\u00e9tallique pour d\u00e9couper le m\u00e9tal KORONET ULTRACUT M42. Id\u00e9al pour la coupe de l\u2019acier, des m\u00e9taux non ferreux et d\u2019autres mat\u00e9riaux. Regardez l\u2019offre !","robots":{"index":"index","follow":"follow","max-snippet":"max-snippet:-1","max-image-preview":"max-image-preview:large","max-video-preview":"max-video-preview:-1"},"canonical":"https:\/\/www.koro.net.pl\/fr\/produkt\/scie-a-ruban-bimetallique-pour-koronet-ultracut-m42-en-metal\/","og_locale":"fr_FR","og_type":"article","og_title":"Scie \u00e0 ruban bim\u00e9tallique pour m\u00e9tal KORONET ULTRACUT M42","og_description":"Scie \u00e0 ruban bim\u00e9tallique pour d\u00e9couper le m\u00e9tal KORONET ULTRACUT M42. Id\u00e9al pour la coupe de l\u2019acier, des m\u00e9taux non ferreux et d\u2019autres mat\u00e9riaux. Regardez l\u2019offre !","og_url":"https:\/\/www.koro.net.pl\/fr\/produkt\/scie-a-ruban-bimetallique-pour-koronet-ultracut-m42-en-metal\/","og_site_name":"Koronet","og_image":[{"width":800,"height":500,"url":"https:\/\/www.koro.net.pl\/wp-content\/uploads\/2023\/05\/UltraCut-obrocone-800x500-1.png","type":"image\/png"}],"twitter_card":"summary_large_image","twitter_misc":{"Dur\u00e9e de lecture estim\u00e9e":"2 minutes"},"schema":{"@context":"https:\/\/schema.org","@graph":[{"@type":"WebPage","@id":"https:\/\/www.koro.net.pl\/fr\/produkt\/scie-a-ruban-bimetallique-pour-koronet-ultracut-m42-en-metal\/","url":"https:\/\/www.koro.net.pl\/fr\/produkt\/scie-a-ruban-bimetallique-pour-koronet-ultracut-m42-en-metal\/","name":"Scie \u00e0 ruban bim\u00e9tallique pour m\u00e9tal KORONET ULTRACUT M42","isPartOf":{"@id":"https:\/\/www.koro.net.pl\/fr\/#website"},"primaryImageOfPage":{"@id":"https:\/\/www.koro.net.pl\/fr\/produkt\/scie-a-ruban-bimetallique-pour-koronet-ultracut-m42-en-metal\/#primaryimage"},"image":{"@id":"https:\/\/www.koro.net.pl\/fr\/produkt\/scie-a-ruban-bimetallique-pour-koronet-ultracut-m42-en-metal\/#primaryimage"},"thumbnailUrl":"https:\/\/www.koro.net.pl\/wp-content\/uploads\/2023\/05\/UltraCut-obrocone-800x500-1.png","datePublished":"2023-05-05T15:03:21+00:00","description":"Scie \u00e0 ruban bim\u00e9tallique pour d\u00e9couper le m\u00e9tal KORONET ULTRACUT M42. Id\u00e9al pour la coupe de l\u2019acier, des m\u00e9taux non ferreux et d\u2019autres mat\u00e9riaux. Regardez l\u2019offre !","breadcrumb":{"@id":"https:\/\/www.koro.net.pl\/fr\/produkt\/scie-a-ruban-bimetallique-pour-koronet-ultracut-m42-en-metal\/#breadcrumb"},"inLanguage":"fr-FR","potentialAction":[{"@type":"ReadAction","target":["https:\/\/www.koro.net.pl\/fr\/produkt\/scie-a-ruban-bimetallique-pour-koronet-ultracut-m42-en-metal\/"]}]},{"@type":"ImageObject","inLanguage":"fr-FR","@id":"https:\/\/www.koro.net.pl\/fr\/produkt\/scie-a-ruban-bimetallique-pour-koronet-ultracut-m42-en-metal\/#primaryimage","url":"https:\/\/www.koro.net.pl\/wp-content\/uploads\/2023\/05\/UltraCut-obrocone-800x500-1.png","contentUrl":"https:\/\/www.koro.net.pl\/wp-content\/uploads\/2023\/05\/UltraCut-obrocone-800x500-1.png","width":800,"height":500,"caption":"pi\u0142a ta\u015bmowa do metalu Koronet"},{"@type":"BreadcrumbList","@id":"https:\/\/www.koro.net.pl\/fr\/produkt\/scie-a-ruban-bimetallique-pour-koronet-ultracut-m42-en-metal\/#breadcrumb","itemListElement":[{"@type":"ListItem","position":1,"name":"Strona g\u0142\u00f3wna","item":"https:\/\/www.koro.net.pl\/fr\/"},{"@type":"ListItem","position":2,"name":"Scie \u00e0 ruban bim\u00e9tallique pour Koronet Ultracut M42 en m\u00e9tal"}]},{"@type":"WebSite","@id":"https:\/\/www.koro.net.pl\/fr\/#website","url":"https:\/\/www.koro.net.pl\/fr\/","name":"Koronet","description":"","publisher":{"@id":"https:\/\/www.koro.net.pl\/fr\/#organization"},"potentialAction":[{"@type":"SearchAction","target":{"@type":"EntryPoint","urlTemplate":"https:\/\/www.koro.net.pl\/fr\/?s={search_term_string}"},"query-input":{"@type":"PropertyValueSpecification","valueRequired":true,"valueName":"search_term_string"}}],"inLanguage":"fr-FR"},{"@type":"Organization","@id":"https:\/\/www.koro.net.pl\/fr\/#organization","name":"Koronet","alternateName":"Koronet","url":"https:\/\/www.koro.net.pl\/fr\/","logo":{"@type":"ImageObject","inLanguage":"fr-FR","@id":"https:\/\/www.koro.net.pl\/fr\/#\/schema\/logo\/image\/","url":"https:\/\/www.koro.net.pl\/wp-content\/uploads\/2025\/02\/Koronet-spolka-z-o.o.png","contentUrl":"https:\/\/www.koro.net.pl\/wp-content\/uploads\/2025\/02\/Koronet-spolka-z-o.o.png","width":696,"height":696,"caption":"Koronet"},"image":{"@id":"https:\/\/www.koro.net.pl\/fr\/#\/schema\/logo\/image\/"}}]}},"_links":{"self":[{"href":"https:\/\/www.koro.net.pl\/fr\/wp-json\/wp\/v2\/product\/12049","targetHints":{"allow":["GET"]}}],"collection":[{"href":"https:\/\/www.koro.net.pl\/fr\/wp-json\/wp\/v2\/product"}],"about":[{"href":"https:\/\/www.koro.net.pl\/fr\/wp-json\/wp\/v2\/types\/product"}],"wp:featuredmedia":[{"embeddable":true,"href":"https:\/\/www.koro.net.pl\/fr\/wp-json\/wp\/v2\/media\/7792"}],"wp:attachment":[{"href":"https:\/\/www.koro.net.pl\/fr\/wp-json\/wp\/v2\/media?parent=12049"}],"wp:term":[{"taxonomy":"product_brand","embeddable":true,"href":"https:\/\/www.koro.net.pl\/fr\/wp-json\/wp\/v2\/product_brand?post=12049"},{"taxonomy":"product_cat","embeddable":true,"href":"https:\/\/www.koro.net.pl\/fr\/wp-json\/wp\/v2\/product_cat?post=12049"},{"taxonomy":"product_tag","embeddable":true,"href":"https:\/\/www.koro.net.pl\/fr\/wp-json\/wp\/v2\/product_tag?post=12049"}],"curies":[{"name":"wp","href":"https:\/\/api.w.org\/{rel}","templated":true}]}}