{"id":12020,"date":"2023-05-05T17:03:22","date_gmt":"2023-05-05T15:03:22","guid":{"rendered":"https:\/\/www.koro.net.pl\/produkt\/metal-band-saw-rontgen-bi-alpha-cobalt-rp\/"},"modified":"2023-05-05T17:03:22","modified_gmt":"2023-05-05T15:03:22","slug":"metal-band-saw-rontgen-bi-alpha-cobalt-rp","status":"publish","type":"product","link":"https:\/\/www.koro.net.pl\/fr\/produkt\/metal-band-saw-rontgen-bi-alpha-cobalt-rp\/","title":{"rendered":"Metal band saw R\u00d6NTGEN bi-alpha cobalt RP"},"content":{"rendered":"<h4>Scie bim\u00e9tallique bi R\u00d6NTGEN &#8211; RP alpha cobalt<\/h4>\n<h4><strong>La bande RP Bi-alpha cobalt est une extension de la gamme M42 bi-alpha cobalt. Il est con\u00e7u pour couper des mat\u00e9riaux durs et am\u00e9liore la distribution des puces, prolongeant ainsi la dur\u00e9e de vie de la courroie. <\/strong><\/h4>\n<p>Le RP bi-alpha cobalt de R\u00d6NTGEN est une extension du bi-alpha effectif M42. La forme des dents est cr\u00e9\u00e9e apr\u00e8s coupe \u00e0 un angle de 16\u00b0 sans perte de r\u00e9sistance de l\u2019outil. La forme agressive de la dents s\u2019adapte parfaitement aux mat\u00e9riaux durs, am\u00e9liorant le ruissellement des copeaux et la dur\u00e9e de vie de la lame de scie.  <\/p>\n<p><b>Application :<\/b><\/p>\n<p><img decoding=\"async\" class=\"alignnone size-full wp-image-402 lazyload\" data-src=\"https:\/\/sp-ao.shortpixel.ai\/client\/to_webp,q_lossy,ret_img,w_90,h_110\/https:\/\/www.koro.net.pl\/wp-content\/uploads\/2020\/03\/grubematerialy-1.png\" alt=\"\" width=\"90\" height=\"110\" src=\"data:image\/svg+xml;base64,PHN2ZyB3aWR0aD0iMSIgaGVpZ2h0PSIxIiB4bWxucz0iaHR0cDovL3d3dy53My5vcmcvMjAwMC9zdmciPjwvc3ZnPg==\" style=\"--smush-placeholder-width: 90px; --smush-placeholder-aspect-ratio: 90\/110;\"> <img decoding=\"async\" class=\"alignnone size-full wp-image-403 lazyload\" data-src=\"https:\/\/sp-ao.shortpixel.ai\/client\/to_webp,q_lossy,ret_img,w_90,h_110\/https:\/\/www.koro.net.pl\/wp-content\/uploads\/2020\/03\/solidneokragle-1.png\" alt=\"\" width=\"90\" height=\"110\" src=\"data:image\/svg+xml;base64,PHN2ZyB3aWR0aD0iMSIgaGVpZ2h0PSIxIiB4bWxucz0iaHR0cDovL3d3dy53My5vcmcvMjAwMC9zdmciPjwvc3ZnPg==\" style=\"--smush-placeholder-width: 90px; --smush-placeholder-aspect-ratio: 90\/110;\"> <img decoding=\"async\" class=\"alignnone size-full wp-image-400 lazyload\" data-src=\"https:\/\/sp-ao.shortpixel.ai\/client\/to_webp,q_lossy,ret_img,w_90,h_110\/https:\/\/www.koro.net.pl\/wp-content\/uploads\/2020\/03\/plytkistalowe.png\" alt=\"\" width=\"90\" height=\"110\" src=\"data:image\/svg+xml;base64,PHN2ZyB3aWR0aD0iMSIgaGVpZ2h0PSIxIiB4bWxucz0iaHR0cDovL3d3dy53My5vcmcvMjAwMC9zdmciPjwvc3ZnPg==\" style=\"--smush-placeholder-width: 90px; --smush-placeholder-aspect-ratio: 90\/110;\"> <img decoding=\"async\" class=\"alignnone size-full wp-image-414 lazyload\" data-src=\"https:\/\/sp-ao.shortpixel.ai\/client\/to_webp,q_lossy,ret_img,w_90,h_110\/https:\/\/www.koro.net.pl\/wp-content\/uploads\/2020\/03\/prety.png\" alt=\"\" width=\"90\" height=\"110\" src=\"data:image\/svg+xml;base64,PHN2ZyB3aWR0aD0iMSIgaGVpZ2h0PSIxIiB4bWxucz0iaHR0cDovL3d3dy53My5vcmcvMjAwMC9zdmciPjwvc3ZnPg==\" style=\"--smush-placeholder-width: 90px; --smush-placeholder-aspect-ratio: 90\/110;\"><\/p>\n<p><b>Dents par pouce :<\/b><\/p>\n<p><img decoding=\"async\" class=\"alignnone size-full wp-image-413 lazyload\" data-src=\"https:\/\/sp-ao.shortpixel.ai\/client\/to_webp,q_lossy,ret_img,w_637,h_195\/https:\/\/www.koro.net.pl\/wp-content\/uploads\/2020\/03\/5.jpg\" data-sizes=\"(max-width: 637px) 100vw, 637px\" data-srcset=\"https:\/\/sp-ao.shortpixel.ai\/client\/to_webp,q_lossy,ret_img,w_637\/https:\/\/www.koro.net.pl\/wp-content\/uploads\/2020\/03\/5.jpg 637w, https:\/\/sp-ao.shortpixel.ai\/client\/to_webp,q_lossy,ret_img,w_600\/https:\/\/www.koro.net.pl\/wp-content\/uploads\/2020\/03\/5-600x184.jpg 600w, https:\/\/sp-ao.shortpixel.ai\/client\/to_webp,q_lossy,ret_img,w_300\/https:\/\/www.koro.net.pl\/wp-content\/uploads\/2020\/03\/5-300x92.jpg 300w\" alt=\"\" width=\"637\" height=\"195\" src=\"data:image\/svg+xml;base64,PHN2ZyB3aWR0aD0iMSIgaGVpZ2h0PSIxIiB4bWxucz0iaHR0cDovL3d3dy53My5vcmcvMjAwMC9zdmciPjwvc3ZnPg==\" style=\"--smush-placeholder-width: 637px; --smush-placeholder-aspect-ratio: 637\/195;\"><\/p>\n<p>&nbsp;<\/p>\n","protected":false},"excerpt":{"rendered":"<p>Scie bim\u00e9tallique bi R\u00d6NTGEN &#8211; RP alpha cobalt La bande RP Bi-alpha cobalt est une extension de la gamme M42 bi-alpha cobalt. Il est con\u00e7u pour couper des mat\u00e9riaux durs [&hellip;]<\/p>\n","protected":false},"featured_media":7709,"template":"","meta":{"_acf_changed":false},"product_brand":[],"product_cat":[213,180],"product_tag":[],"class_list":{"0":"post-12020","1":"product","2":"type-product","3":"status-publish","4":"has-post-thumbnail","6":"product_cat-scies-a-ruban-bimetalliques","7":"product_cat-scies-a-ruban-pour-metal","9":"first","10":"instock","11":"taxable","12":"shipping-taxable","13":"purchasable","14":"product-type-variable"},"acf":[],"yoast_head":"<!-- This site is optimized with the Yoast SEO plugin v27.5 - https:\/\/yoast.com\/product\/yoast-seo-wordpress\/ -->\n<title>Scie bim\u00e9tallique bi R\u00d6NTGEN - alpha cobalt RP | Bande<\/title>\n<meta name=\"description\" content=\"R\u00f6ntgen Bi-Alfa Cobalt RP \u2013 scies \u00e0 ruban pour d\u00e9couper des mat\u00e9riaux \u00e0 haute r\u00e9sistance. Le design moderne garantit pr\u00e9cision et une longue dur\u00e9e de vie.\" \/>\n<meta name=\"robots\" content=\"index, follow, max-snippet:-1, max-image-preview:large, max-video-preview:-1\" \/>\n<link rel=\"canonical\" href=\"https:\/\/www.koro.net.pl\/fr\/produkt\/metal-band-saw-rontgen-bi-alpha-cobalt-rp\/\" \/>\n<meta property=\"og:locale\" content=\"fr_FR\" \/>\n<meta property=\"og:type\" content=\"article\" \/>\n<meta property=\"og:title\" content=\"Scie bim\u00e9tallique bi R\u00d6NTGEN - alpha cobalt RP | Bande\" \/>\n<meta property=\"og:description\" content=\"R\u00f6ntgen Bi-Alfa Cobalt RP \u2013 scies \u00e0 ruban pour d\u00e9couper des mat\u00e9riaux \u00e0 haute r\u00e9sistance. Le design moderne garantit pr\u00e9cision et une longue dur\u00e9e de vie.\" \/>\n<meta property=\"og:url\" content=\"https:\/\/www.koro.net.pl\/fr\/produkt\/metal-band-saw-rontgen-bi-alpha-cobalt-rp\/\" \/>\n<meta property=\"og:site_name\" content=\"Koronet\" \/>\n<meta property=\"og:image\" content=\"https:\/\/www.koro.net.pl\/wp-content\/uploads\/2023\/05\/Bi-alfa-cobalt-RP.png\" \/>\n\t<meta property=\"og:image:width\" content=\"800\" \/>\n\t<meta property=\"og:image:height\" content=\"500\" \/>\n\t<meta property=\"og:image:type\" content=\"image\/png\" \/>\n<meta name=\"twitter:card\" content=\"summary_large_image\" \/>\n<meta name=\"twitter:label1\" content=\"Dur\u00e9e de lecture estim\u00e9e\" \/>\n\t<meta name=\"twitter:data1\" content=\"1 minute\" \/>\n<script type=\"application\/ld+json\" class=\"yoast-schema-graph\">{\"@context\":\"https:\\\/\\\/schema.org\",\"@graph\":[{\"@type\":\"WebPage\",\"@id\":\"https:\\\/\\\/www.koro.net.pl\\\/fr\\\/produkt\\\/metal-band-saw-rontgen-bi-alpha-cobalt-rp\\\/\",\"url\":\"https:\\\/\\\/www.koro.net.pl\\\/fr\\\/produkt\\\/metal-band-saw-rontgen-bi-alpha-cobalt-rp\\\/\",\"name\":\"Scie bim\u00e9tallique bi R\u00d6NTGEN - alpha cobalt RP | Bande\",\"isPartOf\":{\"@id\":\"https:\\\/\\\/www.koro.net.pl\\\/fr\\\/#website\"},\"primaryImageOfPage\":{\"@id\":\"https:\\\/\\\/www.koro.net.pl\\\/fr\\\/produkt\\\/metal-band-saw-rontgen-bi-alpha-cobalt-rp\\\/#primaryimage\"},\"image\":{\"@id\":\"https:\\\/\\\/www.koro.net.pl\\\/fr\\\/produkt\\\/metal-band-saw-rontgen-bi-alpha-cobalt-rp\\\/#primaryimage\"},\"thumbnailUrl\":\"https:\\\/\\\/www.koro.net.pl\\\/wp-content\\\/uploads\\\/2023\\\/05\\\/Bi-alfa-cobalt-RP.png\",\"datePublished\":\"2023-05-05T15:03:22+00:00\",\"description\":\"R\u00f6ntgen Bi-Alfa Cobalt RP \u2013 scies \u00e0 ruban pour d\u00e9couper des mat\u00e9riaux \u00e0 haute r\u00e9sistance. Le design moderne garantit pr\u00e9cision et une longue dur\u00e9e de vie.\",\"breadcrumb\":{\"@id\":\"https:\\\/\\\/www.koro.net.pl\\\/fr\\\/produkt\\\/metal-band-saw-rontgen-bi-alpha-cobalt-rp\\\/#breadcrumb\"},\"inLanguage\":\"fr-FR\",\"potentialAction\":[{\"@type\":\"ReadAction\",\"target\":[\"https:\\\/\\\/www.koro.net.pl\\\/fr\\\/produkt\\\/metal-band-saw-rontgen-bi-alpha-cobalt-rp\\\/\"]}]},{\"@type\":\"ImageObject\",\"inLanguage\":\"fr-FR\",\"@id\":\"https:\\\/\\\/www.koro.net.pl\\\/fr\\\/produkt\\\/metal-band-saw-rontgen-bi-alpha-cobalt-rp\\\/#primaryimage\",\"url\":\"https:\\\/\\\/www.koro.net.pl\\\/wp-content\\\/uploads\\\/2023\\\/05\\\/Bi-alfa-cobalt-RP.png\",\"contentUrl\":\"https:\\\/\\\/www.koro.net.pl\\\/wp-content\\\/uploads\\\/2023\\\/05\\\/Bi-alfa-cobalt-RP.png\",\"width\":800,\"height\":500,\"caption\":\"ta\u015bma tn\u0105ca do metalu\"},{\"@type\":\"BreadcrumbList\",\"@id\":\"https:\\\/\\\/www.koro.net.pl\\\/fr\\\/produkt\\\/metal-band-saw-rontgen-bi-alpha-cobalt-rp\\\/#breadcrumb\",\"itemListElement\":[{\"@type\":\"ListItem\",\"position\":1,\"name\":\"Strona g\u0142\u00f3wna\",\"item\":\"https:\\\/\\\/www.koro.net.pl\\\/fr\\\/\"},{\"@type\":\"ListItem\",\"position\":2,\"name\":\"Metal band saw R\u00d6NTGEN bi-alpha cobalt RP\"}]},{\"@type\":\"WebSite\",\"@id\":\"https:\\\/\\\/www.koro.net.pl\\\/fr\\\/#website\",\"url\":\"https:\\\/\\\/www.koro.net.pl\\\/fr\\\/\",\"name\":\"Koronet\",\"description\":\"\",\"publisher\":{\"@id\":\"https:\\\/\\\/www.koro.net.pl\\\/fr\\\/#organization\"},\"potentialAction\":[{\"@type\":\"SearchAction\",\"target\":{\"@type\":\"EntryPoint\",\"urlTemplate\":\"https:\\\/\\\/www.koro.net.pl\\\/fr\\\/?s={search_term_string}\"},\"query-input\":{\"@type\":\"PropertyValueSpecification\",\"valueRequired\":true,\"valueName\":\"search_term_string\"}}],\"inLanguage\":\"fr-FR\"},{\"@type\":\"Organization\",\"@id\":\"https:\\\/\\\/www.koro.net.pl\\\/fr\\\/#organization\",\"name\":\"Koronet\",\"alternateName\":\"Koronet\",\"url\":\"https:\\\/\\\/www.koro.net.pl\\\/fr\\\/\",\"logo\":{\"@type\":\"ImageObject\",\"inLanguage\":\"fr-FR\",\"@id\":\"https:\\\/\\\/www.koro.net.pl\\\/fr\\\/#\\\/schema\\\/logo\\\/image\\\/\",\"url\":\"https:\\\/\\\/www.koro.net.pl\\\/wp-content\\\/uploads\\\/2025\\\/02\\\/Koronet-spolka-z-o.o.png\",\"contentUrl\":\"https:\\\/\\\/www.koro.net.pl\\\/wp-content\\\/uploads\\\/2025\\\/02\\\/Koronet-spolka-z-o.o.png\",\"width\":696,\"height\":696,\"caption\":\"Koronet\"},\"image\":{\"@id\":\"https:\\\/\\\/www.koro.net.pl\\\/fr\\\/#\\\/schema\\\/logo\\\/image\\\/\"}}]}<\/script>\n<!-- \/ Yoast SEO plugin. -->","yoast_head_json":{"title":"Scie bim\u00e9tallique bi R\u00d6NTGEN - alpha cobalt RP | Bande","description":"R\u00f6ntgen Bi-Alfa Cobalt RP \u2013 scies \u00e0 ruban pour d\u00e9couper des mat\u00e9riaux \u00e0 haute r\u00e9sistance. Le design moderne garantit pr\u00e9cision et une longue dur\u00e9e de vie.","robots":{"index":"index","follow":"follow","max-snippet":"max-snippet:-1","max-image-preview":"max-image-preview:large","max-video-preview":"max-video-preview:-1"},"canonical":"https:\/\/www.koro.net.pl\/fr\/produkt\/metal-band-saw-rontgen-bi-alpha-cobalt-rp\/","og_locale":"fr_FR","og_type":"article","og_title":"Scie bim\u00e9tallique bi R\u00d6NTGEN - alpha cobalt RP | Bande","og_description":"R\u00f6ntgen Bi-Alfa Cobalt RP \u2013 scies \u00e0 ruban pour d\u00e9couper des mat\u00e9riaux \u00e0 haute r\u00e9sistance. Le design moderne garantit pr\u00e9cision et une longue dur\u00e9e de vie.","og_url":"https:\/\/www.koro.net.pl\/fr\/produkt\/metal-band-saw-rontgen-bi-alpha-cobalt-rp\/","og_site_name":"Koronet","og_image":[{"width":800,"height":500,"url":"https:\/\/www.koro.net.pl\/wp-content\/uploads\/2023\/05\/Bi-alfa-cobalt-RP.png","type":"image\/png"}],"twitter_card":"summary_large_image","twitter_misc":{"Dur\u00e9e de lecture estim\u00e9e":"1 minute"},"schema":{"@context":"https:\/\/schema.org","@graph":[{"@type":"WebPage","@id":"https:\/\/www.koro.net.pl\/fr\/produkt\/metal-band-saw-rontgen-bi-alpha-cobalt-rp\/","url":"https:\/\/www.koro.net.pl\/fr\/produkt\/metal-band-saw-rontgen-bi-alpha-cobalt-rp\/","name":"Scie bim\u00e9tallique bi R\u00d6NTGEN - alpha cobalt RP | Bande","isPartOf":{"@id":"https:\/\/www.koro.net.pl\/fr\/#website"},"primaryImageOfPage":{"@id":"https:\/\/www.koro.net.pl\/fr\/produkt\/metal-band-saw-rontgen-bi-alpha-cobalt-rp\/#primaryimage"},"image":{"@id":"https:\/\/www.koro.net.pl\/fr\/produkt\/metal-band-saw-rontgen-bi-alpha-cobalt-rp\/#primaryimage"},"thumbnailUrl":"https:\/\/www.koro.net.pl\/wp-content\/uploads\/2023\/05\/Bi-alfa-cobalt-RP.png","datePublished":"2023-05-05T15:03:22+00:00","description":"R\u00f6ntgen Bi-Alfa Cobalt RP \u2013 scies \u00e0 ruban pour d\u00e9couper des mat\u00e9riaux \u00e0 haute r\u00e9sistance. Le design moderne garantit pr\u00e9cision et une longue dur\u00e9e de vie.","breadcrumb":{"@id":"https:\/\/www.koro.net.pl\/fr\/produkt\/metal-band-saw-rontgen-bi-alpha-cobalt-rp\/#breadcrumb"},"inLanguage":"fr-FR","potentialAction":[{"@type":"ReadAction","target":["https:\/\/www.koro.net.pl\/fr\/produkt\/metal-band-saw-rontgen-bi-alpha-cobalt-rp\/"]}]},{"@type":"ImageObject","inLanguage":"fr-FR","@id":"https:\/\/www.koro.net.pl\/fr\/produkt\/metal-band-saw-rontgen-bi-alpha-cobalt-rp\/#primaryimage","url":"https:\/\/www.koro.net.pl\/wp-content\/uploads\/2023\/05\/Bi-alfa-cobalt-RP.png","contentUrl":"https:\/\/www.koro.net.pl\/wp-content\/uploads\/2023\/05\/Bi-alfa-cobalt-RP.png","width":800,"height":500,"caption":"ta\u015bma tn\u0105ca do metalu"},{"@type":"BreadcrumbList","@id":"https:\/\/www.koro.net.pl\/fr\/produkt\/metal-band-saw-rontgen-bi-alpha-cobalt-rp\/#breadcrumb","itemListElement":[{"@type":"ListItem","position":1,"name":"Strona g\u0142\u00f3wna","item":"https:\/\/www.koro.net.pl\/fr\/"},{"@type":"ListItem","position":2,"name":"Metal band saw R\u00d6NTGEN bi-alpha cobalt RP"}]},{"@type":"WebSite","@id":"https:\/\/www.koro.net.pl\/fr\/#website","url":"https:\/\/www.koro.net.pl\/fr\/","name":"Koronet","description":"","publisher":{"@id":"https:\/\/www.koro.net.pl\/fr\/#organization"},"potentialAction":[{"@type":"SearchAction","target":{"@type":"EntryPoint","urlTemplate":"https:\/\/www.koro.net.pl\/fr\/?s={search_term_string}"},"query-input":{"@type":"PropertyValueSpecification","valueRequired":true,"valueName":"search_term_string"}}],"inLanguage":"fr-FR"},{"@type":"Organization","@id":"https:\/\/www.koro.net.pl\/fr\/#organization","name":"Koronet","alternateName":"Koronet","url":"https:\/\/www.koro.net.pl\/fr\/","logo":{"@type":"ImageObject","inLanguage":"fr-FR","@id":"https:\/\/www.koro.net.pl\/fr\/#\/schema\/logo\/image\/","url":"https:\/\/www.koro.net.pl\/wp-content\/uploads\/2025\/02\/Koronet-spolka-z-o.o.png","contentUrl":"https:\/\/www.koro.net.pl\/wp-content\/uploads\/2025\/02\/Koronet-spolka-z-o.o.png","width":696,"height":696,"caption":"Koronet"},"image":{"@id":"https:\/\/www.koro.net.pl\/fr\/#\/schema\/logo\/image\/"}}]}},"_links":{"self":[{"href":"https:\/\/www.koro.net.pl\/fr\/wp-json\/wp\/v2\/product\/12020","targetHints":{"allow":["GET"]}}],"collection":[{"href":"https:\/\/www.koro.net.pl\/fr\/wp-json\/wp\/v2\/product"}],"about":[{"href":"https:\/\/www.koro.net.pl\/fr\/wp-json\/wp\/v2\/types\/product"}],"wp:featuredmedia":[{"embeddable":true,"href":"https:\/\/www.koro.net.pl\/fr\/wp-json\/wp\/v2\/media\/7709"}],"wp:attachment":[{"href":"https:\/\/www.koro.net.pl\/fr\/wp-json\/wp\/v2\/media?parent=12020"}],"wp:term":[{"taxonomy":"product_brand","embeddable":true,"href":"https:\/\/www.koro.net.pl\/fr\/wp-json\/wp\/v2\/product_brand?post=12020"},{"taxonomy":"product_cat","embeddable":true,"href":"https:\/\/www.koro.net.pl\/fr\/wp-json\/wp\/v2\/product_cat?post=12020"},{"taxonomy":"product_tag","embeddable":true,"href":"https:\/\/www.koro.net.pl\/fr\/wp-json\/wp\/v2\/product_tag?post=12020"}],"curies":[{"name":"wp","href":"https:\/\/api.w.org\/{rel}","templated":true}]}}