{"id":11993,"date":"2023-05-05T17:03:34","date_gmt":"2023-05-05T15:03:34","guid":{"rendered":"https:\/\/www.koro.net.pl\/produkt\/scie-a-ruban-pour-decoupe-de-metal-bimetallique-rontgen-bi-alpha-cobalt-m51\/"},"modified":"2026-05-13T08:40:04","modified_gmt":"2026-05-13T06:40:04","slug":"scie-a-ruban-pour-decoupe-de-metal-bimetallique-rontgen-bi-alpha-cobalt-m51","status":"publish","type":"product","link":"https:\/\/www.koro.net.pl\/fr\/produkt\/scie-a-ruban-pour-decoupe-de-metal-bimetallique-rontgen-bi-alpha-cobalt-m51\/","title":{"rendered":"Scie \u00e0 ruban pour d\u00e9coupe de m\u00e9tal bim\u00e9tallique R\u00d6NTGEN bi-alpha cobalt M51"},"content":{"rendered":"<div class=\"images\">\n<h2>Scies \u00e0 ruban de coupe m\u00e9tallique M51 bi-alpha cobalt M51 de R\u00d6NTGEN \u2013 la plus haute qualit\u00e9 en m\u00e9tallurgie<\/h2>\n<p>Les lames de scie R\u00d6NTGEN bi-alpha cobalt M51 sont con\u00e7ues pour les t\u00e2ches les plus exigeantes de l\u2019industrie m\u00e9tallurgique. L\u2019utilisation d\u2019une bande porteuse en acier alli\u00e9 \u00e0 forte teneur en chrome, combin\u00e9e \u00e0 la bande de coupe en acier haute vitesse HSS M51, distingue ces scies par leur durabilit\u00e9 et pr\u00e9cision exceptionnelles. Gr\u00e2ce \u00e0 la teneur en cobalt et tungst\u00e8ne dans la partie de d\u00e9coupe, ces outils maintiennent une grande efficacit\u00e9 m\u00eame dans les conditions de fonctionnement les plus difficiles.  <\/p>\n<h3>Scie \u00e0 ruban pour d\u00e9couper le m\u00e9tal bi-alpha cobalt M51 &#8211; haute performance gr\u00e2ce \u00e0 des param\u00e8tres avanc\u00e9s<\/h3>\n<p>La scie M51 bi-alpha au cobalt est la solution id\u00e9ale pour couper l\u2019acier \u00e0 duret\u00e9, les alliages r\u00e9sistants \u00e0 l\u2019abrasion et les mat\u00e9riaux difficiles \u00e0 usiner. La r\u00e9sistance aux hautes temp\u00e9ratures et \u00e0 l\u2019abrasion permet une coupe pr\u00e9cise des aciers durcis, inoxydables, r\u00e9sistants \u00e0 la corrosion et aux acides, atteignant une duret\u00e9 allant jusqu\u2019\u00e0 50 HRC. Gr\u00e2ce \u00e0 sa solidit\u00e9 et \u00e0 sa g\u00e9om\u00e9trie de dents optimis\u00e9e, cette scie assure un fonctionnement fluide \u00e0 des vitesses de coupe \u00e9lev\u00e9es, garantissant une excellente finition de surface.  <\/p>\n<h3>Avantages de la scie \u00e0 ruban en m\u00e9tal cobalt bi-alpha M51 de R\u00d6NTGEN<\/h3>\n<ul>\n<li><b>R\u00e9sistance exceptionnelle :<\/b> Gr\u00e2ce \u00e0 la teneur en cobalt et tungst\u00e8ne, ces outils sont extr\u00eamement durables et r\u00e9sistants \u00e0 une utilisation intensive.<\/li>\n<li><b>Pr\u00e9cision et stabilit\u00e9 :<\/b> La r\u00e9duction des vibrations assure des coupes uniformes et fluides, m\u00eame sur des mat\u00e9riaux difficiles.<\/li>\n<li><b>Polyvalence :<\/b> Id\u00e9al pour couper une large gamme de mat\u00e9riaux, des aciers \u00e0 outils aux pieds r\u00e9sistants \u00e0 la chaleur.<\/li>\n<li><b>Dur\u00e9e de vie prolong\u00e9e :<\/b> Une forte r\u00e9sistance au \u00e9moussement minimise la fr\u00e9quence d\u2019aff\u00fbtage et r\u00e9duit les co\u00fbts d\u2019exploitation.<\/li>\n<\/ul>\n<h2>Pourquoi choisir le R\u00d6NTGEN bi-alpha cobalt M51 ?<\/h2>\n<p>Quel que soit le type de mat\u00e9riau que vous traitez, la scie bi-alpha cobalt M51 offre des r\u00e9sultats pr\u00e9cis et fiables. Gr\u00e2ce \u00e0 cela, cela simplifie les processus de production et augmente leur efficacit\u00e9. <b>Si vous avez des questions, contactez-nous \u2013 nos experts vous aideront \u00e0 choisir le produit le mieux adapt\u00e9 \u00e0 vos besoins. N\u2019attendez pas, choisissez professionnalisme et fiabilit\u00e9 !<\/b> <\/p>\n<div class=\"lightbox-target\">\n<p><b>Application :<\/b><\/p>\n<ul>\n<li>Plaques en acier<\/li>\n<li>Mat\u00e9riau rond massif<\/li>\n<li>Mat\u00e9riau solide<\/li>\n<\/ul>\n<p><b>Dents par pouce :<\/b><\/p>\n<p><img decoding=\"async\" class=\"alignnone size-full wp-image-399 lazyload\" data-src=\"https:\/\/sp-ao.shortpixel.ai\/client\/to_webp,q_lossy,ret_img,w_637,h_175\/https:\/\/www.koro.net.pl\/wp-content\/uploads\/2020\/03\/6.jpg\" data-sizes=\"(max-width: 637px) 100vw, 637px\" data-srcset=\"https:\/\/sp-ao.shortpixel.ai\/client\/to_webp,q_lossy,ret_img,w_637\/https:\/\/www.koro.net.pl\/wp-content\/uploads\/2020\/03\/6.jpg 637w, https:\/\/sp-ao.shortpixel.ai\/client\/to_webp,q_lossy,ret_img,w_600\/https:\/\/www.koro.net.pl\/wp-content\/uploads\/2020\/03\/6-600x165.jpg 600w, https:\/\/sp-ao.shortpixel.ai\/client\/to_webp,q_lossy,ret_img,w_300\/https:\/\/www.koro.net.pl\/wp-content\/uploads\/2020\/03\/6-300x82.jpg 300w\" alt=\"\" width=\"637\" height=\"175\" src=\"data:image\/svg+xml;base64,PHN2ZyB3aWR0aD0iMSIgaGVpZ2h0PSIxIiB4bWxucz0iaHR0cDovL3d3dy53My5vcmcvMjAwMC9zdmciPjwvc3ZnPg==\" style=\"--smush-placeholder-width: 637px; --smush-placeholder-aspect-ratio: 637\/175;\"><\/p>\n<\/div>\n<\/div>\n","protected":false},"excerpt":{"rendered":"<p>Scies \u00e0 ruban de coupe m\u00e9tallique M51 bi-alpha cobalt M51 de R\u00d6NTGEN \u2013 la plus haute qualit\u00e9 en m\u00e9tallurgie Les lames de scie R\u00d6NTGEN bi-alpha cobalt M51 sont con\u00e7ues pour [&hellip;]<\/p>\n","protected":false},"featured_media":7708,"template":"","meta":{"_acf_changed":false},"product_brand":[],"product_cat":[213,180],"product_tag":[],"class_list":{"0":"post-11993","1":"product","2":"type-product","3":"status-publish","4":"has-post-thumbnail","6":"product_cat-scies-a-ruban-bimetalliques","7":"product_cat-scies-a-ruban-pour-metal","9":"first","10":"instock","11":"taxable","12":"shipping-taxable","13":"purchasable","14":"product-type-variable"},"acf":[],"yoast_head":"<!-- This site is optimized with the Yoast SEO plugin v27.5 - https:\/\/yoast.com\/product\/yoast-seo-wordpress\/ -->\n<title>Scies \u00e0 ruban cobalt bi-alpha M51 R\u00d6NTGEN<\/title>\n<meta name=\"description\" content=\"Scies \u00e0 ruban R\u00f6ntgen Bi-Alfa Cobalt M51 \u2013 id\u00e9ales pour d\u00e9couper des alliages durs et r\u00e9sistants \u00e0 la chaleur. La forte teneur en cobalt et molybd\u00e8ne garantit une durabilit\u00e9 extr\u00eame.\" \/>\n<meta name=\"robots\" content=\"index, follow, max-snippet:-1, max-image-preview:large, max-video-preview:-1\" \/>\n<link rel=\"canonical\" href=\"https:\/\/www.koro.net.pl\/fr\/produkt\/scie-a-ruban-pour-decoupe-de-metal-bimetallique-rontgen-bi-alpha-cobalt-m51\/\" \/>\n<meta property=\"og:locale\" content=\"fr_FR\" \/>\n<meta property=\"og:type\" content=\"article\" \/>\n<meta property=\"og:title\" content=\"Scies \u00e0 ruban cobalt bi-alpha M51 R\u00d6NTGEN\" \/>\n<meta property=\"og:description\" content=\"Scies \u00e0 ruban R\u00f6ntgen Bi-Alfa Cobalt M51 \u2013 id\u00e9ales pour d\u00e9couper des alliages durs et r\u00e9sistants \u00e0 la chaleur. La forte teneur en cobalt et molybd\u00e8ne garantit une durabilit\u00e9 extr\u00eame.\" \/>\n<meta property=\"og:url\" content=\"https:\/\/www.koro.net.pl\/fr\/produkt\/scie-a-ruban-pour-decoupe-de-metal-bimetallique-rontgen-bi-alpha-cobalt-m51\/\" \/>\n<meta property=\"og:site_name\" content=\"Koronet\" \/>\n<meta property=\"article:modified_time\" content=\"2026-05-13T06:40:04+00:00\" \/>\n<meta property=\"og:image\" content=\"https:\/\/www.koro.net.pl\/wp-content\/uploads\/2023\/05\/Bi-alfa-cobalt-M51.png\" \/>\n\t<meta property=\"og:image:width\" content=\"641\" \/>\n\t<meta property=\"og:image:height\" content=\"456\" \/>\n\t<meta property=\"og:image:type\" content=\"image\/png\" \/>\n<meta name=\"twitter:card\" content=\"summary_large_image\" \/>\n<meta name=\"twitter:label1\" content=\"Dur\u00e9e de lecture estim\u00e9e\" \/>\n\t<meta name=\"twitter:data1\" content=\"2 minutes\" \/>\n<script type=\"application\/ld+json\" class=\"yoast-schema-graph\">{\"@context\":\"https:\\\/\\\/schema.org\",\"@graph\":[{\"@type\":\"WebPage\",\"@id\":\"https:\\\/\\\/www.koro.net.pl\\\/fr\\\/produkt\\\/scie-a-ruban-pour-decoupe-de-metal-bimetallique-rontgen-bi-alpha-cobalt-m51\\\/\",\"url\":\"https:\\\/\\\/www.koro.net.pl\\\/fr\\\/produkt\\\/scie-a-ruban-pour-decoupe-de-metal-bimetallique-rontgen-bi-alpha-cobalt-m51\\\/\",\"name\":\"Scies \u00e0 ruban cobalt bi-alpha M51 R\u00d6NTGEN\",\"isPartOf\":{\"@id\":\"https:\\\/\\\/www.koro.net.pl\\\/fr\\\/#website\"},\"primaryImageOfPage\":{\"@id\":\"https:\\\/\\\/www.koro.net.pl\\\/fr\\\/produkt\\\/scie-a-ruban-pour-decoupe-de-metal-bimetallique-rontgen-bi-alpha-cobalt-m51\\\/#primaryimage\"},\"image\":{\"@id\":\"https:\\\/\\\/www.koro.net.pl\\\/fr\\\/produkt\\\/scie-a-ruban-pour-decoupe-de-metal-bimetallique-rontgen-bi-alpha-cobalt-m51\\\/#primaryimage\"},\"thumbnailUrl\":\"https:\\\/\\\/www.koro.net.pl\\\/wp-content\\\/uploads\\\/2023\\\/05\\\/Bi-alfa-cobalt-M51.png\",\"datePublished\":\"2023-05-05T15:03:34+00:00\",\"dateModified\":\"2026-05-13T06:40:04+00:00\",\"description\":\"Scies \u00e0 ruban R\u00f6ntgen Bi-Alfa Cobalt M51 \u2013 id\u00e9ales pour d\u00e9couper des alliages durs et r\u00e9sistants \u00e0 la chaleur. La forte teneur en cobalt et molybd\u00e8ne garantit une durabilit\u00e9 extr\u00eame.\",\"breadcrumb\":{\"@id\":\"https:\\\/\\\/www.koro.net.pl\\\/fr\\\/produkt\\\/scie-a-ruban-pour-decoupe-de-metal-bimetallique-rontgen-bi-alpha-cobalt-m51\\\/#breadcrumb\"},\"inLanguage\":\"fr-FR\",\"potentialAction\":[{\"@type\":\"ReadAction\",\"target\":[\"https:\\\/\\\/www.koro.net.pl\\\/fr\\\/produkt\\\/scie-a-ruban-pour-decoupe-de-metal-bimetallique-rontgen-bi-alpha-cobalt-m51\\\/\"]}]},{\"@type\":\"ImageObject\",\"inLanguage\":\"fr-FR\",\"@id\":\"https:\\\/\\\/www.koro.net.pl\\\/fr\\\/produkt\\\/scie-a-ruban-pour-decoupe-de-metal-bimetallique-rontgen-bi-alpha-cobalt-m51\\\/#primaryimage\",\"url\":\"https:\\\/\\\/www.koro.net.pl\\\/wp-content\\\/uploads\\\/2023\\\/05\\\/Bi-alfa-cobalt-M51.png\",\"contentUrl\":\"https:\\\/\\\/www.koro.net.pl\\\/wp-content\\\/uploads\\\/2023\\\/05\\\/Bi-alfa-cobalt-M51.png\",\"width\":641,\"height\":456,\"caption\":\"pi\u0142y do metalu\"},{\"@type\":\"BreadcrumbList\",\"@id\":\"https:\\\/\\\/www.koro.net.pl\\\/fr\\\/produkt\\\/scie-a-ruban-pour-decoupe-de-metal-bimetallique-rontgen-bi-alpha-cobalt-m51\\\/#breadcrumb\",\"itemListElement\":[{\"@type\":\"ListItem\",\"position\":1,\"name\":\"Strona g\u0142\u00f3wna\",\"item\":\"https:\\\/\\\/www.koro.net.pl\\\/fr\\\/\"},{\"@type\":\"ListItem\",\"position\":2,\"name\":\"Scies \u00e0 ruban bim\u00e9talliques\",\"item\":\"https:\\\/\\\/www.koro.net.pl\\\/fr\\\/produkty\\\/scies-a-ruban-bimetalliques\\\/\"},{\"@type\":\"ListItem\",\"position\":3,\"name\":\"Scie \u00e0 ruban pour d\u00e9coupe de m\u00e9tal bim\u00e9tallique R\u00d6NTGEN bi-alpha cobalt M51\"}]},{\"@type\":\"WebSite\",\"@id\":\"https:\\\/\\\/www.koro.net.pl\\\/fr\\\/#website\",\"url\":\"https:\\\/\\\/www.koro.net.pl\\\/fr\\\/\",\"name\":\"Koronet\",\"description\":\"\",\"publisher\":{\"@id\":\"https:\\\/\\\/www.koro.net.pl\\\/fr\\\/#organization\"},\"potentialAction\":[{\"@type\":\"SearchAction\",\"target\":{\"@type\":\"EntryPoint\",\"urlTemplate\":\"https:\\\/\\\/www.koro.net.pl\\\/fr\\\/?s={search_term_string}\"},\"query-input\":{\"@type\":\"PropertyValueSpecification\",\"valueRequired\":true,\"valueName\":\"search_term_string\"}}],\"inLanguage\":\"fr-FR\"},{\"@type\":\"Organization\",\"@id\":\"https:\\\/\\\/www.koro.net.pl\\\/fr\\\/#organization\",\"name\":\"Koronet\",\"alternateName\":\"Koronet\",\"url\":\"https:\\\/\\\/www.koro.net.pl\\\/fr\\\/\",\"logo\":{\"@type\":\"ImageObject\",\"inLanguage\":\"fr-FR\",\"@id\":\"https:\\\/\\\/www.koro.net.pl\\\/fr\\\/#\\\/schema\\\/logo\\\/image\\\/\",\"url\":\"https:\\\/\\\/www.koro.net.pl\\\/wp-content\\\/uploads\\\/2025\\\/02\\\/Koronet-spolka-z-o.o.png\",\"contentUrl\":\"https:\\\/\\\/www.koro.net.pl\\\/wp-content\\\/uploads\\\/2025\\\/02\\\/Koronet-spolka-z-o.o.png\",\"width\":696,\"height\":696,\"caption\":\"Koronet\"},\"image\":{\"@id\":\"https:\\\/\\\/www.koro.net.pl\\\/fr\\\/#\\\/schema\\\/logo\\\/image\\\/\"}}]}<\/script>\n<!-- \/ Yoast SEO plugin. -->","yoast_head_json":{"title":"Scies \u00e0 ruban cobalt bi-alpha M51 R\u00d6NTGEN","description":"Scies \u00e0 ruban R\u00f6ntgen Bi-Alfa Cobalt M51 \u2013 id\u00e9ales pour d\u00e9couper des alliages durs et r\u00e9sistants \u00e0 la chaleur. La forte teneur en cobalt et molybd\u00e8ne garantit une durabilit\u00e9 extr\u00eame.","robots":{"index":"index","follow":"follow","max-snippet":"max-snippet:-1","max-image-preview":"max-image-preview:large","max-video-preview":"max-video-preview:-1"},"canonical":"https:\/\/www.koro.net.pl\/fr\/produkt\/scie-a-ruban-pour-decoupe-de-metal-bimetallique-rontgen-bi-alpha-cobalt-m51\/","og_locale":"fr_FR","og_type":"article","og_title":"Scies \u00e0 ruban cobalt bi-alpha M51 R\u00d6NTGEN","og_description":"Scies \u00e0 ruban R\u00f6ntgen Bi-Alfa Cobalt M51 \u2013 id\u00e9ales pour d\u00e9couper des alliages durs et r\u00e9sistants \u00e0 la chaleur. La forte teneur en cobalt et molybd\u00e8ne garantit une durabilit\u00e9 extr\u00eame.","og_url":"https:\/\/www.koro.net.pl\/fr\/produkt\/scie-a-ruban-pour-decoupe-de-metal-bimetallique-rontgen-bi-alpha-cobalt-m51\/","og_site_name":"Koronet","article_modified_time":"2026-05-13T06:40:04+00:00","og_image":[{"width":641,"height":456,"url":"https:\/\/www.koro.net.pl\/wp-content\/uploads\/2023\/05\/Bi-alfa-cobalt-M51.png","type":"image\/png"}],"twitter_card":"summary_large_image","twitter_misc":{"Dur\u00e9e de lecture estim\u00e9e":"2 minutes"},"schema":{"@context":"https:\/\/schema.org","@graph":[{"@type":"WebPage","@id":"https:\/\/www.koro.net.pl\/fr\/produkt\/scie-a-ruban-pour-decoupe-de-metal-bimetallique-rontgen-bi-alpha-cobalt-m51\/","url":"https:\/\/www.koro.net.pl\/fr\/produkt\/scie-a-ruban-pour-decoupe-de-metal-bimetallique-rontgen-bi-alpha-cobalt-m51\/","name":"Scies \u00e0 ruban cobalt bi-alpha M51 R\u00d6NTGEN","isPartOf":{"@id":"https:\/\/www.koro.net.pl\/fr\/#website"},"primaryImageOfPage":{"@id":"https:\/\/www.koro.net.pl\/fr\/produkt\/scie-a-ruban-pour-decoupe-de-metal-bimetallique-rontgen-bi-alpha-cobalt-m51\/#primaryimage"},"image":{"@id":"https:\/\/www.koro.net.pl\/fr\/produkt\/scie-a-ruban-pour-decoupe-de-metal-bimetallique-rontgen-bi-alpha-cobalt-m51\/#primaryimage"},"thumbnailUrl":"https:\/\/www.koro.net.pl\/wp-content\/uploads\/2023\/05\/Bi-alfa-cobalt-M51.png","datePublished":"2023-05-05T15:03:34+00:00","dateModified":"2026-05-13T06:40:04+00:00","description":"Scies \u00e0 ruban R\u00f6ntgen Bi-Alfa Cobalt M51 \u2013 id\u00e9ales pour d\u00e9couper des alliages durs et r\u00e9sistants \u00e0 la chaleur. La forte teneur en cobalt et molybd\u00e8ne garantit une durabilit\u00e9 extr\u00eame.","breadcrumb":{"@id":"https:\/\/www.koro.net.pl\/fr\/produkt\/scie-a-ruban-pour-decoupe-de-metal-bimetallique-rontgen-bi-alpha-cobalt-m51\/#breadcrumb"},"inLanguage":"fr-FR","potentialAction":[{"@type":"ReadAction","target":["https:\/\/www.koro.net.pl\/fr\/produkt\/scie-a-ruban-pour-decoupe-de-metal-bimetallique-rontgen-bi-alpha-cobalt-m51\/"]}]},{"@type":"ImageObject","inLanguage":"fr-FR","@id":"https:\/\/www.koro.net.pl\/fr\/produkt\/scie-a-ruban-pour-decoupe-de-metal-bimetallique-rontgen-bi-alpha-cobalt-m51\/#primaryimage","url":"https:\/\/www.koro.net.pl\/wp-content\/uploads\/2023\/05\/Bi-alfa-cobalt-M51.png","contentUrl":"https:\/\/www.koro.net.pl\/wp-content\/uploads\/2023\/05\/Bi-alfa-cobalt-M51.png","width":641,"height":456,"caption":"pi\u0142y do metalu"},{"@type":"BreadcrumbList","@id":"https:\/\/www.koro.net.pl\/fr\/produkt\/scie-a-ruban-pour-decoupe-de-metal-bimetallique-rontgen-bi-alpha-cobalt-m51\/#breadcrumb","itemListElement":[{"@type":"ListItem","position":1,"name":"Strona g\u0142\u00f3wna","item":"https:\/\/www.koro.net.pl\/fr\/"},{"@type":"ListItem","position":2,"name":"Scies \u00e0 ruban bim\u00e9talliques","item":"https:\/\/www.koro.net.pl\/fr\/produkty\/scies-a-ruban-bimetalliques\/"},{"@type":"ListItem","position":3,"name":"Scie \u00e0 ruban pour d\u00e9coupe de m\u00e9tal bim\u00e9tallique R\u00d6NTGEN bi-alpha cobalt M51"}]},{"@type":"WebSite","@id":"https:\/\/www.koro.net.pl\/fr\/#website","url":"https:\/\/www.koro.net.pl\/fr\/","name":"Koronet","description":"","publisher":{"@id":"https:\/\/www.koro.net.pl\/fr\/#organization"},"potentialAction":[{"@type":"SearchAction","target":{"@type":"EntryPoint","urlTemplate":"https:\/\/www.koro.net.pl\/fr\/?s={search_term_string}"},"query-input":{"@type":"PropertyValueSpecification","valueRequired":true,"valueName":"search_term_string"}}],"inLanguage":"fr-FR"},{"@type":"Organization","@id":"https:\/\/www.koro.net.pl\/fr\/#organization","name":"Koronet","alternateName":"Koronet","url":"https:\/\/www.koro.net.pl\/fr\/","logo":{"@type":"ImageObject","inLanguage":"fr-FR","@id":"https:\/\/www.koro.net.pl\/fr\/#\/schema\/logo\/image\/","url":"https:\/\/www.koro.net.pl\/wp-content\/uploads\/2025\/02\/Koronet-spolka-z-o.o.png","contentUrl":"https:\/\/www.koro.net.pl\/wp-content\/uploads\/2025\/02\/Koronet-spolka-z-o.o.png","width":696,"height":696,"caption":"Koronet"},"image":{"@id":"https:\/\/www.koro.net.pl\/fr\/#\/schema\/logo\/image\/"}}]}},"_links":{"self":[{"href":"https:\/\/www.koro.net.pl\/fr\/wp-json\/wp\/v2\/product\/11993","targetHints":{"allow":["GET"]}}],"collection":[{"href":"https:\/\/www.koro.net.pl\/fr\/wp-json\/wp\/v2\/product"}],"about":[{"href":"https:\/\/www.koro.net.pl\/fr\/wp-json\/wp\/v2\/types\/product"}],"wp:featuredmedia":[{"embeddable":true,"href":"https:\/\/www.koro.net.pl\/fr\/wp-json\/wp\/v2\/media\/7708"}],"wp:attachment":[{"href":"https:\/\/www.koro.net.pl\/fr\/wp-json\/wp\/v2\/media?parent=11993"}],"wp:term":[{"taxonomy":"product_brand","embeddable":true,"href":"https:\/\/www.koro.net.pl\/fr\/wp-json\/wp\/v2\/product_brand?post=11993"},{"taxonomy":"product_cat","embeddable":true,"href":"https:\/\/www.koro.net.pl\/fr\/wp-json\/wp\/v2\/product_cat?post=11993"},{"taxonomy":"product_tag","embeddable":true,"href":"https:\/\/www.koro.net.pl\/fr\/wp-json\/wp\/v2\/product_tag?post=11993"}],"curies":[{"name":"wp","href":"https:\/\/api.w.org\/{rel}","templated":true}]}}