{"id":11968,"date":"2023-05-05T17:03:34","date_gmt":"2023-05-05T15:03:34","guid":{"rendered":"https:\/\/www.koro.net.pl\/produkt\/scie-metallique-rontgen-bi-alfa-rp-master\/"},"modified":"2026-05-13T08:40:11","modified_gmt":"2026-05-13T06:40:11","slug":"scie-metallique-rontgen-bi-alfa-rp-master","status":"publish","type":"product","link":"https:\/\/www.koro.net.pl\/fr\/produkt\/scie-metallique-rontgen-bi-alfa-rp-master\/","title":{"rendered":"Scie m\u00e9tallique R\u00d6NTGEN bi-alfa RP Master"},"content":{"rendered":"<h4>Scie bim\u00e9tallique R\u00d6NTGEN bim\u00e9tallique &#8211; Alfa RP Master<\/h4>\n<p><strong>La bande bi-alpha RP Master combine les capacit\u00e9s d\u2019une scie ma\u00eetresse sp\u00e9cialis\u00e9e, c\u2019est-\u00e0-dire la technologie \u00ab triple chip \u00bb, et les avantages de l\u2019angle de r\u00e2r\u00e2lement RP (16\u00b0C).<\/strong><\/p>\n<p>La lame de scie bi-alpha RP Master combine les excellentes capacit\u00e9s de la courroie Master avec tous les avantages d\u2019utiliser un angle agressif de dent RP. L\u2019utilisation de la technologie CBN et la g\u00e9om\u00e9trie des dents triple dans la finition garantit une crois\u00e9e rapide et perpendiculaire. Cette solution garantit \u00e9galement que le mat\u00e9riau \u00e0 couper est parfaitement recouvert.  <\/p>\n<p><b>Application :<\/b><\/p>\n<p><img decoding=\"async\" class=\"alignnone size-full wp-image-403 lazyload\" data-src=\"https:\/\/sp-ao.shortpixel.ai\/client\/to_webp,q_lossy,ret_img,w_90,h_110\/https:\/\/www.koro.net.pl\/wp-content\/uploads\/2020\/03\/solidneokragle-1.png\" alt=\"\" width=\"90\" height=\"110\" src=\"data:image\/svg+xml;base64,PHN2ZyB3aWR0aD0iMSIgaGVpZ2h0PSIxIiB4bWxucz0iaHR0cDovL3d3dy53My5vcmcvMjAwMC9zdmciPjwvc3ZnPg==\" style=\"--smush-placeholder-width: 90px; --smush-placeholder-aspect-ratio: 90\/110;\"> <img decoding=\"async\" class=\"alignnone size-full wp-image-400 lazyload\" data-src=\"https:\/\/sp-ao.shortpixel.ai\/client\/to_webp,q_lossy,ret_img,w_90,h_110\/https:\/\/www.koro.net.pl\/wp-content\/uploads\/2020\/03\/plytkistalowe.png\" alt=\"\" width=\"90\" height=\"110\" src=\"data:image\/svg+xml;base64,PHN2ZyB3aWR0aD0iMSIgaGVpZ2h0PSIxIiB4bWxucz0iaHR0cDovL3d3dy53My5vcmcvMjAwMC9zdmciPjwvc3ZnPg==\" style=\"--smush-placeholder-width: 90px; --smush-placeholder-aspect-ratio: 90\/110;\"> <img decoding=\"async\" class=\"alignnone size-full wp-image-402 lazyload\" data-src=\"https:\/\/sp-ao.shortpixel.ai\/client\/to_webp,q_lossy,ret_img,w_90,h_110\/https:\/\/www.koro.net.pl\/wp-content\/uploads\/2020\/03\/grubematerialy-1.png\" alt=\"\" width=\"90\" height=\"110\" src=\"data:image\/svg+xml;base64,PHN2ZyB3aWR0aD0iMSIgaGVpZ2h0PSIxIiB4bWxucz0iaHR0cDovL3d3dy53My5vcmcvMjAwMC9zdmciPjwvc3ZnPg==\" style=\"--smush-placeholder-width: 90px; --smush-placeholder-aspect-ratio: 90\/110;\"><\/p>\n<p><b>Dents par pouce :<\/b><\/p>\n<p><img decoding=\"async\" class=\"alignnone size-full wp-image-411 lazyload\" data-src=\"https:\/\/sp-ao.shortpixel.ai\/client\/to_webp,q_lossy,ret_img,w_636,h_175\/https:\/\/www.koro.net.pl\/wp-content\/uploads\/2020\/03\/8.jpg\" data-sizes=\"(max-width: 636px) 100vw, 636px\" data-srcset=\"https:\/\/sp-ao.shortpixel.ai\/client\/to_webp,q_lossy,ret_img,w_636\/https:\/\/www.koro.net.pl\/wp-content\/uploads\/2020\/03\/8.jpg 636w, https:\/\/sp-ao.shortpixel.ai\/client\/to_webp,q_lossy,ret_img,w_600\/https:\/\/www.koro.net.pl\/wp-content\/uploads\/2020\/03\/8-600x165.jpg 600w, https:\/\/sp-ao.shortpixel.ai\/client\/to_webp,q_lossy,ret_img,w_300\/https:\/\/www.koro.net.pl\/wp-content\/uploads\/2020\/03\/8-300x83.jpg 300w\" alt=\"\" width=\"636\" height=\"175\" src=\"data:image\/svg+xml;base64,PHN2ZyB3aWR0aD0iMSIgaGVpZ2h0PSIxIiB4bWxucz0iaHR0cDovL3d3dy53My5vcmcvMjAwMC9zdmciPjwvc3ZnPg==\" style=\"--smush-placeholder-width: 636px; --smush-placeholder-aspect-ratio: 636\/175;\"><\/p>\n<p>&nbsp;<\/p>\n","protected":false},"excerpt":{"rendered":"<p>Scie bim\u00e9tallique R\u00d6NTGEN bim\u00e9tallique &#8211; Alfa RP Master La bande bi-alpha RP Master combine les capacit\u00e9s d\u2019une scie ma\u00eetresse sp\u00e9cialis\u00e9e, c\u2019est-\u00e0-dire la technologie \u00ab triple chip \u00bb, et les avantages [&hellip;]<\/p>\n","protected":false},"featured_media":7705,"template":"","meta":{"_acf_changed":false},"product_brand":[],"product_cat":[213,180],"product_tag":[],"class_list":{"0":"post-11968","1":"product","2":"type-product","3":"status-publish","4":"has-post-thumbnail","6":"product_cat-scies-a-ruban-bimetalliques","7":"product_cat-scies-a-ruban-pour-metal","9":"first","10":"instock","11":"taxable","12":"shipping-taxable","13":"purchasable","14":"product-type-variable"},"acf":[],"yoast_head":"<!-- This site is optimized with the Yoast SEO plugin v27.5 - https:\/\/yoast.com\/product\/yoast-seo-wordpress\/ -->\n<title>| Bande bi-alpha RP Master<\/title>\n<meta name=\"description\" content=\"Scies \u00e0 ruban R\u00f6ntgen Bi-Alfa RP Master \u2013 optimis\u00e9es pour la d\u00e9coupe de mat\u00e9riaux et profils solides. Une g\u00e9om\u00e9trie dentaire innovante garantit pr\u00e9cision et durabilit\u00e9.\" \/>\n<meta name=\"robots\" content=\"index, follow, max-snippet:-1, max-image-preview:large, max-video-preview:-1\" \/>\n<link rel=\"canonical\" href=\"https:\/\/www.koro.net.pl\/fr\/produkt\/scie-metallique-rontgen-bi-alfa-rp-master\/\" \/>\n<meta property=\"og:locale\" content=\"fr_FR\" \/>\n<meta property=\"og:type\" content=\"article\" \/>\n<meta property=\"og:title\" content=\"| Bande bi-alpha RP Master\" \/>\n<meta property=\"og:description\" content=\"Scies \u00e0 ruban R\u00f6ntgen Bi-Alfa RP Master \u2013 optimis\u00e9es pour la d\u00e9coupe de mat\u00e9riaux et profils solides. Une g\u00e9om\u00e9trie dentaire innovante garantit pr\u00e9cision et durabilit\u00e9.\" \/>\n<meta property=\"og:url\" content=\"https:\/\/www.koro.net.pl\/fr\/produkt\/scie-metallique-rontgen-bi-alfa-rp-master\/\" \/>\n<meta property=\"og:site_name\" content=\"Koronet\" \/>\n<meta property=\"article:modified_time\" content=\"2026-05-13T06:40:11+00:00\" \/>\n<meta property=\"og:image\" content=\"https:\/\/www.koro.net.pl\/wp-content\/uploads\/2023\/05\/Bi-alfa-RP-Master.png\" \/>\n\t<meta property=\"og:image:width\" content=\"800\" \/>\n\t<meta property=\"og:image:height\" content=\"500\" \/>\n\t<meta property=\"og:image:type\" content=\"image\/png\" \/>\n<meta name=\"twitter:card\" content=\"summary_large_image\" \/>\n<meta name=\"twitter:label1\" content=\"Dur\u00e9e de lecture estim\u00e9e\" \/>\n\t<meta name=\"twitter:data1\" content=\"1 minute\" \/>\n<script type=\"application\/ld+json\" class=\"yoast-schema-graph\">{\"@context\":\"https:\\\/\\\/schema.org\",\"@graph\":[{\"@type\":\"WebPage\",\"@id\":\"https:\\\/\\\/www.koro.net.pl\\\/fr\\\/produkt\\\/scie-metallique-rontgen-bi-alfa-rp-master\\\/\",\"url\":\"https:\\\/\\\/www.koro.net.pl\\\/fr\\\/produkt\\\/scie-metallique-rontgen-bi-alfa-rp-master\\\/\",\"name\":\"| Bande bi-alpha RP Master\",\"isPartOf\":{\"@id\":\"https:\\\/\\\/www.koro.net.pl\\\/fr\\\/#website\"},\"primaryImageOfPage\":{\"@id\":\"https:\\\/\\\/www.koro.net.pl\\\/fr\\\/produkt\\\/scie-metallique-rontgen-bi-alfa-rp-master\\\/#primaryimage\"},\"image\":{\"@id\":\"https:\\\/\\\/www.koro.net.pl\\\/fr\\\/produkt\\\/scie-metallique-rontgen-bi-alfa-rp-master\\\/#primaryimage\"},\"thumbnailUrl\":\"https:\\\/\\\/www.koro.net.pl\\\/wp-content\\\/uploads\\\/2023\\\/05\\\/Bi-alfa-RP-Master.png\",\"datePublished\":\"2023-05-05T15:03:34+00:00\",\"dateModified\":\"2026-05-13T06:40:11+00:00\",\"description\":\"Scies \u00e0 ruban R\u00f6ntgen Bi-Alfa RP Master \u2013 optimis\u00e9es pour la d\u00e9coupe de mat\u00e9riaux et profils solides. Une g\u00e9om\u00e9trie dentaire innovante garantit pr\u00e9cision et durabilit\u00e9.\",\"breadcrumb\":{\"@id\":\"https:\\\/\\\/www.koro.net.pl\\\/fr\\\/produkt\\\/scie-metallique-rontgen-bi-alfa-rp-master\\\/#breadcrumb\"},\"inLanguage\":\"fr-FR\",\"potentialAction\":[{\"@type\":\"ReadAction\",\"target\":[\"https:\\\/\\\/www.koro.net.pl\\\/fr\\\/produkt\\\/scie-metallique-rontgen-bi-alfa-rp-master\\\/\"]}]},{\"@type\":\"ImageObject\",\"inLanguage\":\"fr-FR\",\"@id\":\"https:\\\/\\\/www.koro.net.pl\\\/fr\\\/produkt\\\/scie-metallique-rontgen-bi-alfa-rp-master\\\/#primaryimage\",\"url\":\"https:\\\/\\\/www.koro.net.pl\\\/wp-content\\\/uploads\\\/2023\\\/05\\\/Bi-alfa-RP-Master.png\",\"contentUrl\":\"https:\\\/\\\/www.koro.net.pl\\\/wp-content\\\/uploads\\\/2023\\\/05\\\/Bi-alfa-RP-Master.png\",\"width\":800,\"height\":500,\"caption\":\"brzeszczot\"},{\"@type\":\"BreadcrumbList\",\"@id\":\"https:\\\/\\\/www.koro.net.pl\\\/fr\\\/produkt\\\/scie-metallique-rontgen-bi-alfa-rp-master\\\/#breadcrumb\",\"itemListElement\":[{\"@type\":\"ListItem\",\"position\":1,\"name\":\"Strona g\u0142\u00f3wna\",\"item\":\"https:\\\/\\\/www.koro.net.pl\\\/fr\\\/\"},{\"@type\":\"ListItem\",\"position\":2,\"name\":\"Scies \u00e0 ruban bim\u00e9talliques\",\"item\":\"https:\\\/\\\/www.koro.net.pl\\\/fr\\\/produkty\\\/scies-a-ruban-bimetalliques\\\/\"},{\"@type\":\"ListItem\",\"position\":3,\"name\":\"Scie m\u00e9tallique R\u00d6NTGEN bi-alfa RP Master\"}]},{\"@type\":\"WebSite\",\"@id\":\"https:\\\/\\\/www.koro.net.pl\\\/fr\\\/#website\",\"url\":\"https:\\\/\\\/www.koro.net.pl\\\/fr\\\/\",\"name\":\"Koronet\",\"description\":\"\",\"publisher\":{\"@id\":\"https:\\\/\\\/www.koro.net.pl\\\/fr\\\/#organization\"},\"potentialAction\":[{\"@type\":\"SearchAction\",\"target\":{\"@type\":\"EntryPoint\",\"urlTemplate\":\"https:\\\/\\\/www.koro.net.pl\\\/fr\\\/?s={search_term_string}\"},\"query-input\":{\"@type\":\"PropertyValueSpecification\",\"valueRequired\":true,\"valueName\":\"search_term_string\"}}],\"inLanguage\":\"fr-FR\"},{\"@type\":\"Organization\",\"@id\":\"https:\\\/\\\/www.koro.net.pl\\\/fr\\\/#organization\",\"name\":\"Koronet\",\"alternateName\":\"Koronet\",\"url\":\"https:\\\/\\\/www.koro.net.pl\\\/fr\\\/\",\"logo\":{\"@type\":\"ImageObject\",\"inLanguage\":\"fr-FR\",\"@id\":\"https:\\\/\\\/www.koro.net.pl\\\/fr\\\/#\\\/schema\\\/logo\\\/image\\\/\",\"url\":\"https:\\\/\\\/www.koro.net.pl\\\/wp-content\\\/uploads\\\/2025\\\/02\\\/Koronet-spolka-z-o.o.png\",\"contentUrl\":\"https:\\\/\\\/www.koro.net.pl\\\/wp-content\\\/uploads\\\/2025\\\/02\\\/Koronet-spolka-z-o.o.png\",\"width\":696,\"height\":696,\"caption\":\"Koronet\"},\"image\":{\"@id\":\"https:\\\/\\\/www.koro.net.pl\\\/fr\\\/#\\\/schema\\\/logo\\\/image\\\/\"}}]}<\/script>\n<!-- \/ Yoast SEO plugin. -->","yoast_head_json":{"title":"| Bande bi-alpha RP Master","description":"Scies \u00e0 ruban R\u00f6ntgen Bi-Alfa RP Master \u2013 optimis\u00e9es pour la d\u00e9coupe de mat\u00e9riaux et profils solides. Une g\u00e9om\u00e9trie dentaire innovante garantit pr\u00e9cision et durabilit\u00e9.","robots":{"index":"index","follow":"follow","max-snippet":"max-snippet:-1","max-image-preview":"max-image-preview:large","max-video-preview":"max-video-preview:-1"},"canonical":"https:\/\/www.koro.net.pl\/fr\/produkt\/scie-metallique-rontgen-bi-alfa-rp-master\/","og_locale":"fr_FR","og_type":"article","og_title":"| Bande bi-alpha RP Master","og_description":"Scies \u00e0 ruban R\u00f6ntgen Bi-Alfa RP Master \u2013 optimis\u00e9es pour la d\u00e9coupe de mat\u00e9riaux et profils solides. Une g\u00e9om\u00e9trie dentaire innovante garantit pr\u00e9cision et durabilit\u00e9.","og_url":"https:\/\/www.koro.net.pl\/fr\/produkt\/scie-metallique-rontgen-bi-alfa-rp-master\/","og_site_name":"Koronet","article_modified_time":"2026-05-13T06:40:11+00:00","og_image":[{"width":800,"height":500,"url":"https:\/\/www.koro.net.pl\/wp-content\/uploads\/2023\/05\/Bi-alfa-RP-Master.png","type":"image\/png"}],"twitter_card":"summary_large_image","twitter_misc":{"Dur\u00e9e de lecture estim\u00e9e":"1 minute"},"schema":{"@context":"https:\/\/schema.org","@graph":[{"@type":"WebPage","@id":"https:\/\/www.koro.net.pl\/fr\/produkt\/scie-metallique-rontgen-bi-alfa-rp-master\/","url":"https:\/\/www.koro.net.pl\/fr\/produkt\/scie-metallique-rontgen-bi-alfa-rp-master\/","name":"| Bande bi-alpha RP Master","isPartOf":{"@id":"https:\/\/www.koro.net.pl\/fr\/#website"},"primaryImageOfPage":{"@id":"https:\/\/www.koro.net.pl\/fr\/produkt\/scie-metallique-rontgen-bi-alfa-rp-master\/#primaryimage"},"image":{"@id":"https:\/\/www.koro.net.pl\/fr\/produkt\/scie-metallique-rontgen-bi-alfa-rp-master\/#primaryimage"},"thumbnailUrl":"https:\/\/www.koro.net.pl\/wp-content\/uploads\/2023\/05\/Bi-alfa-RP-Master.png","datePublished":"2023-05-05T15:03:34+00:00","dateModified":"2026-05-13T06:40:11+00:00","description":"Scies \u00e0 ruban R\u00f6ntgen Bi-Alfa RP Master \u2013 optimis\u00e9es pour la d\u00e9coupe de mat\u00e9riaux et profils solides. Une g\u00e9om\u00e9trie dentaire innovante garantit pr\u00e9cision et durabilit\u00e9.","breadcrumb":{"@id":"https:\/\/www.koro.net.pl\/fr\/produkt\/scie-metallique-rontgen-bi-alfa-rp-master\/#breadcrumb"},"inLanguage":"fr-FR","potentialAction":[{"@type":"ReadAction","target":["https:\/\/www.koro.net.pl\/fr\/produkt\/scie-metallique-rontgen-bi-alfa-rp-master\/"]}]},{"@type":"ImageObject","inLanguage":"fr-FR","@id":"https:\/\/www.koro.net.pl\/fr\/produkt\/scie-metallique-rontgen-bi-alfa-rp-master\/#primaryimage","url":"https:\/\/www.koro.net.pl\/wp-content\/uploads\/2023\/05\/Bi-alfa-RP-Master.png","contentUrl":"https:\/\/www.koro.net.pl\/wp-content\/uploads\/2023\/05\/Bi-alfa-RP-Master.png","width":800,"height":500,"caption":"brzeszczot"},{"@type":"BreadcrumbList","@id":"https:\/\/www.koro.net.pl\/fr\/produkt\/scie-metallique-rontgen-bi-alfa-rp-master\/#breadcrumb","itemListElement":[{"@type":"ListItem","position":1,"name":"Strona g\u0142\u00f3wna","item":"https:\/\/www.koro.net.pl\/fr\/"},{"@type":"ListItem","position":2,"name":"Scies \u00e0 ruban bim\u00e9talliques","item":"https:\/\/www.koro.net.pl\/fr\/produkty\/scies-a-ruban-bimetalliques\/"},{"@type":"ListItem","position":3,"name":"Scie m\u00e9tallique R\u00d6NTGEN bi-alfa RP Master"}]},{"@type":"WebSite","@id":"https:\/\/www.koro.net.pl\/fr\/#website","url":"https:\/\/www.koro.net.pl\/fr\/","name":"Koronet","description":"","publisher":{"@id":"https:\/\/www.koro.net.pl\/fr\/#organization"},"potentialAction":[{"@type":"SearchAction","target":{"@type":"EntryPoint","urlTemplate":"https:\/\/www.koro.net.pl\/fr\/?s={search_term_string}"},"query-input":{"@type":"PropertyValueSpecification","valueRequired":true,"valueName":"search_term_string"}}],"inLanguage":"fr-FR"},{"@type":"Organization","@id":"https:\/\/www.koro.net.pl\/fr\/#organization","name":"Koronet","alternateName":"Koronet","url":"https:\/\/www.koro.net.pl\/fr\/","logo":{"@type":"ImageObject","inLanguage":"fr-FR","@id":"https:\/\/www.koro.net.pl\/fr\/#\/schema\/logo\/image\/","url":"https:\/\/www.koro.net.pl\/wp-content\/uploads\/2025\/02\/Koronet-spolka-z-o.o.png","contentUrl":"https:\/\/www.koro.net.pl\/wp-content\/uploads\/2025\/02\/Koronet-spolka-z-o.o.png","width":696,"height":696,"caption":"Koronet"},"image":{"@id":"https:\/\/www.koro.net.pl\/fr\/#\/schema\/logo\/image\/"}}]}},"_links":{"self":[{"href":"https:\/\/www.koro.net.pl\/fr\/wp-json\/wp\/v2\/product\/11968","targetHints":{"allow":["GET"]}}],"collection":[{"href":"https:\/\/www.koro.net.pl\/fr\/wp-json\/wp\/v2\/product"}],"about":[{"href":"https:\/\/www.koro.net.pl\/fr\/wp-json\/wp\/v2\/types\/product"}],"wp:featuredmedia":[{"embeddable":true,"href":"https:\/\/www.koro.net.pl\/fr\/wp-json\/wp\/v2\/media\/7705"}],"wp:attachment":[{"href":"https:\/\/www.koro.net.pl\/fr\/wp-json\/wp\/v2\/media?parent=11968"}],"wp:term":[{"taxonomy":"product_brand","embeddable":true,"href":"https:\/\/www.koro.net.pl\/fr\/wp-json\/wp\/v2\/product_brand?post=11968"},{"taxonomy":"product_cat","embeddable":true,"href":"https:\/\/www.koro.net.pl\/fr\/wp-json\/wp\/v2\/product_cat?post=11968"},{"taxonomy":"product_tag","embeddable":true,"href":"https:\/\/www.koro.net.pl\/fr\/wp-json\/wp\/v2\/product_tag?post=11968"}],"curies":[{"name":"wp","href":"https:\/\/api.w.org\/{rel}","templated":true}]}}