{"id":11951,"date":"2023-05-05T17:03:34","date_gmt":"2023-05-05T15:03:34","guid":{"rendered":"https:\/\/www.koro.net.pl\/produkt\/scie-a-bande-rontgen-bi-alfa-master-supreme-bi-metal-metal\/"},"modified":"2023-05-05T17:03:34","modified_gmt":"2023-05-05T15:03:34","slug":"scie-a-bande-rontgen-bi-alfa-master-supreme-bi-metal-metal","status":"publish","type":"product","link":"https:\/\/www.koro.net.pl\/fr\/produkt\/scie-a-bande-rontgen-bi-alfa-master-supreme-bi-metal-metal\/","title":{"rendered":"Scie \u00e0 bande R\u00d6NTGEN bi-alfa Master Supreme bi-metal metal"},"content":{"rendered":"<h4>Scie \u00e0 bande m\u00e9tal bim\u00e9tallique R\u00d6NTGEN Master Supreme<\/h4>\n<p><strong>La scie \u00e0 m\u00e9tal haute performance Master Supreme, gr\u00e2ce \u00e0 l\u2019utilisation de l\u2019acier M51, est une solution tr\u00e8s efficace pour couper tous types de mat\u00e9riaux, y compris les aciers \u00e0 haute alliage.<\/strong><\/p>\n<p>La bande de coupe R\u00d6NTGEN Master Supreme, gr\u00e2ce \u00e0 l\u2019utilisation de l\u2019acier M51 comme courroie de coupe et \u00e0 une ouverture de dent d\u00e9di\u00e9e, est une solution tr\u00e8s efficace pour d\u00e9couper tous types de mat\u00e9riaux, y compris les mat\u00e9riaux difficiles \u00e0 usiner comme l\u2019acier \u00e0 haute alliage et les alliages exotiques. Master Supreme se consacre \u00e0 la coupe d\u2019\u00e9l\u00e9ments \u00e0 grande section transversale, ainsi qu\u2019aux alliages utilis\u00e9s dans l\u2019industrie a\u00e9rospatiale et \u00e0 forte r\u00e9sistance thermique. Cette bande est \u00e9galement parfaite pour la d\u00e9coupe de pi\u00e8ces forg\u00e9es, de composants de grand diam\u00e8tre et de mat\u00e9riaux m\u00e9tallurgiques.  <\/p>\n<p><b>Application :<\/b><\/p>\n<p><img decoding=\"async\" class=\"alignnone size-full wp-image-402 lazyload\" data-src=\"https:\/\/sp-ao.shortpixel.ai\/client\/to_webp,q_lossy,ret_img,w_90,h_110\/https:\/\/www.koro.net.pl\/wp-content\/uploads\/2020\/03\/grubematerialy-1.png\" alt=\"\" width=\"90\" height=\"110\" src=\"data:image\/svg+xml;base64,PHN2ZyB3aWR0aD0iMSIgaGVpZ2h0PSIxIiB4bWxucz0iaHR0cDovL3d3dy53My5vcmcvMjAwMC9zdmciPjwvc3ZnPg==\" style=\"--smush-placeholder-width: 90px; --smush-placeholder-aspect-ratio: 90\/110;\"> <img decoding=\"async\" class=\"alignnone size-full wp-image-400 lazyload\" data-src=\"https:\/\/sp-ao.shortpixel.ai\/client\/to_webp,q_lossy,ret_img,w_90,h_110\/https:\/\/www.koro.net.pl\/wp-content\/uploads\/2020\/03\/plytkistalowe.png\" alt=\"\" width=\"90\" height=\"110\" src=\"data:image\/svg+xml;base64,PHN2ZyB3aWR0aD0iMSIgaGVpZ2h0PSIxIiB4bWxucz0iaHR0cDovL3d3dy53My5vcmcvMjAwMC9zdmciPjwvc3ZnPg==\" style=\"--smush-placeholder-width: 90px; --smush-placeholder-aspect-ratio: 90\/110;\"> <img decoding=\"async\" class=\"alignnone size-full wp-image-403 lazyload\" data-src=\"https:\/\/sp-ao.shortpixel.ai\/client\/to_webp,q_lossy,ret_img,w_90,h_110\/https:\/\/www.koro.net.pl\/wp-content\/uploads\/2020\/03\/solidneokragle-1.png\" alt=\"\" width=\"90\" height=\"110\" src=\"data:image\/svg+xml;base64,PHN2ZyB3aWR0aD0iMSIgaGVpZ2h0PSIxIiB4bWxucz0iaHR0cDovL3d3dy53My5vcmcvMjAwMC9zdmciPjwvc3ZnPg==\" style=\"--smush-placeholder-width: 90px; --smush-placeholder-aspect-ratio: 90\/110;\"> <img decoding=\"async\" class=\"alignnone size-full wp-image-401 lazyload\" data-src=\"https:\/\/sp-ao.shortpixel.ai\/client\/to_webp,q_lossy,ret_img,w_90,h_110\/https:\/\/www.koro.net.pl\/wp-content\/uploads\/2020\/03\/solidneokragle2-1.png\" alt=\"\" width=\"90\" height=\"110\" src=\"data:image\/svg+xml;base64,PHN2ZyB3aWR0aD0iMSIgaGVpZ2h0PSIxIiB4bWxucz0iaHR0cDovL3d3dy53My5vcmcvMjAwMC9zdmciPjwvc3ZnPg==\" style=\"--smush-placeholder-width: 90px; --smush-placeholder-aspect-ratio: 90\/110;\"><\/p>\n<p><b>Dents par pouce :<\/b><\/p>\n<p><img decoding=\"async\" class=\"alignnone size-full wp-image-409 lazyload\" data-src=\"https:\/\/sp-ao.shortpixel.ai\/client\/to_webp,q_lossy,ret_img,w_637,h_155\/https:\/\/www.koro.net.pl\/wp-content\/uploads\/2020\/03\/12.jpg\" data-sizes=\"(max-width: 637px) 100vw, 637px\" data-srcset=\"https:\/\/sp-ao.shortpixel.ai\/client\/to_webp,q_lossy,ret_img,w_637\/https:\/\/www.koro.net.pl\/wp-content\/uploads\/2020\/03\/12.jpg 637w, https:\/\/sp-ao.shortpixel.ai\/client\/to_webp,q_lossy,ret_img,w_600\/https:\/\/www.koro.net.pl\/wp-content\/uploads\/2020\/03\/12-600x146.jpg 600w, https:\/\/sp-ao.shortpixel.ai\/client\/to_webp,q_lossy,ret_img,w_300\/https:\/\/www.koro.net.pl\/wp-content\/uploads\/2020\/03\/12-300x73.jpg 300w\" alt=\"\" width=\"637\" height=\"155\" src=\"data:image\/svg+xml;base64,PHN2ZyB3aWR0aD0iMSIgaGVpZ2h0PSIxIiB4bWxucz0iaHR0cDovL3d3dy53My5vcmcvMjAwMC9zdmciPjwvc3ZnPg==\" style=\"--smush-placeholder-width: 637px; --smush-placeholder-aspect-ratio: 637\/155;\"><\/p>\n","protected":false},"excerpt":{"rendered":"<p>Scie \u00e0 bande m\u00e9tal bim\u00e9tallique R\u00d6NTGEN Master Supreme La scie \u00e0 m\u00e9tal haute performance Master Supreme, gr\u00e2ce \u00e0 l\u2019utilisation de l\u2019acier M51, est une solution tr\u00e8s efficace pour couper tous [&hellip;]<\/p>\n","protected":false},"featured_media":7706,"template":"","meta":{"_acf_changed":false},"product_brand":[],"product_cat":[213,180],"product_tag":[],"class_list":{"0":"post-11951","1":"product","2":"type-product","3":"status-publish","4":"has-post-thumbnail","6":"product_cat-scies-a-ruban-bimetalliques","7":"product_cat-scies-a-ruban-pour-metal","9":"first","10":"instock","11":"taxable","12":"shipping-taxable","13":"purchasable","14":"product-type-variable"},"acf":[],"yoast_head":"<!-- This site is optimized with the Yoast SEO plugin v27.5 - https:\/\/yoast.com\/product\/yoast-seo-wordpress\/ -->\n<title>Scie bim\u00e9tallique R\u00d6NTGEN Master Supreme<\/title>\n<meta name=\"description\" content=\"R\u00f6ntgen Bi-Alfa Master Supreme \u2013 scies \u00e0 ruban avec une r\u00e9sistance exceptionnelle \u00e0 l\u2019abrasion, optimis\u00e9es pour la d\u00e9coupe de m\u00e9taux difficiles \u00e0 usiner. Haute pr\u00e9cision et durabilit\u00e9\" \/>\n<meta name=\"robots\" content=\"index, follow, max-snippet:-1, max-image-preview:large, max-video-preview:-1\" \/>\n<link rel=\"canonical\" href=\"https:\/\/www.koro.net.pl\/fr\/produkt\/scie-a-bande-rontgen-bi-alfa-master-supreme-bi-metal-metal\/\" \/>\n<meta property=\"og:locale\" content=\"fr_FR\" \/>\n<meta property=\"og:type\" content=\"article\" \/>\n<meta property=\"og:title\" content=\"Scie bim\u00e9tallique R\u00d6NTGEN Master Supreme\" \/>\n<meta property=\"og:description\" content=\"R\u00f6ntgen Bi-Alfa Master Supreme \u2013 scies \u00e0 ruban avec une r\u00e9sistance exceptionnelle \u00e0 l\u2019abrasion, optimis\u00e9es pour la d\u00e9coupe de m\u00e9taux difficiles \u00e0 usiner. Haute pr\u00e9cision et durabilit\u00e9\" \/>\n<meta property=\"og:url\" content=\"https:\/\/www.koro.net.pl\/fr\/produkt\/scie-a-bande-rontgen-bi-alfa-master-supreme-bi-metal-metal\/\" \/>\n<meta property=\"og:site_name\" content=\"Koronet\" \/>\n<meta property=\"og:image\" content=\"https:\/\/www.koro.net.pl\/wp-content\/uploads\/2023\/05\/Master-Supreme.png\" \/>\n\t<meta property=\"og:image:width\" content=\"800\" \/>\n\t<meta property=\"og:image:height\" content=\"500\" \/>\n\t<meta property=\"og:image:type\" content=\"image\/png\" \/>\n<meta name=\"twitter:card\" content=\"summary_large_image\" \/>\n<meta name=\"twitter:label1\" content=\"Dur\u00e9e de lecture estim\u00e9e\" \/>\n\t<meta name=\"twitter:data1\" content=\"1 minute\" \/>\n<script type=\"application\/ld+json\" class=\"yoast-schema-graph\">{\"@context\":\"https:\\\/\\\/schema.org\",\"@graph\":[{\"@type\":\"WebPage\",\"@id\":\"https:\\\/\\\/www.koro.net.pl\\\/fr\\\/produkt\\\/scie-a-bande-rontgen-bi-alfa-master-supreme-bi-metal-metal\\\/\",\"url\":\"https:\\\/\\\/www.koro.net.pl\\\/fr\\\/produkt\\\/scie-a-bande-rontgen-bi-alfa-master-supreme-bi-metal-metal\\\/\",\"name\":\"Scie bim\u00e9tallique R\u00d6NTGEN Master Supreme\",\"isPartOf\":{\"@id\":\"https:\\\/\\\/www.koro.net.pl\\\/fr\\\/#website\"},\"primaryImageOfPage\":{\"@id\":\"https:\\\/\\\/www.koro.net.pl\\\/fr\\\/produkt\\\/scie-a-bande-rontgen-bi-alfa-master-supreme-bi-metal-metal\\\/#primaryimage\"},\"image\":{\"@id\":\"https:\\\/\\\/www.koro.net.pl\\\/fr\\\/produkt\\\/scie-a-bande-rontgen-bi-alfa-master-supreme-bi-metal-metal\\\/#primaryimage\"},\"thumbnailUrl\":\"https:\\\/\\\/www.koro.net.pl\\\/wp-content\\\/uploads\\\/2023\\\/05\\\/Master-Supreme.png\",\"datePublished\":\"2023-05-05T15:03:34+00:00\",\"description\":\"R\u00f6ntgen Bi-Alfa Master Supreme \u2013 scies \u00e0 ruban avec une r\u00e9sistance exceptionnelle \u00e0 l\u2019abrasion, optimis\u00e9es pour la d\u00e9coupe de m\u00e9taux difficiles \u00e0 usiner. Haute pr\u00e9cision et durabilit\u00e9\",\"breadcrumb\":{\"@id\":\"https:\\\/\\\/www.koro.net.pl\\\/fr\\\/produkt\\\/scie-a-bande-rontgen-bi-alfa-master-supreme-bi-metal-metal\\\/#breadcrumb\"},\"inLanguage\":\"fr-FR\",\"potentialAction\":[{\"@type\":\"ReadAction\",\"target\":[\"https:\\\/\\\/www.koro.net.pl\\\/fr\\\/produkt\\\/scie-a-bande-rontgen-bi-alfa-master-supreme-bi-metal-metal\\\/\"]}]},{\"@type\":\"ImageObject\",\"inLanguage\":\"fr-FR\",\"@id\":\"https:\\\/\\\/www.koro.net.pl\\\/fr\\\/produkt\\\/scie-a-bande-rontgen-bi-alfa-master-supreme-bi-metal-metal\\\/#primaryimage\",\"url\":\"https:\\\/\\\/www.koro.net.pl\\\/wp-content\\\/uploads\\\/2023\\\/05\\\/Master-Supreme.png\",\"contentUrl\":\"https:\\\/\\\/www.koro.net.pl\\\/wp-content\\\/uploads\\\/2023\\\/05\\\/Master-Supreme.png\",\"width\":800,\"height\":500,\"caption\":\"brzeszczot do metalu\"},{\"@type\":\"BreadcrumbList\",\"@id\":\"https:\\\/\\\/www.koro.net.pl\\\/fr\\\/produkt\\\/scie-a-bande-rontgen-bi-alfa-master-supreme-bi-metal-metal\\\/#breadcrumb\",\"itemListElement\":[{\"@type\":\"ListItem\",\"position\":1,\"name\":\"Strona g\u0142\u00f3wna\",\"item\":\"https:\\\/\\\/www.koro.net.pl\\\/fr\\\/\"},{\"@type\":\"ListItem\",\"position\":2,\"name\":\"Scie \u00e0 bande R\u00d6NTGEN bi-alfa Master Supreme bi-metal metal\"}]},{\"@type\":\"WebSite\",\"@id\":\"https:\\\/\\\/www.koro.net.pl\\\/fr\\\/#website\",\"url\":\"https:\\\/\\\/www.koro.net.pl\\\/fr\\\/\",\"name\":\"Koronet\",\"description\":\"\",\"publisher\":{\"@id\":\"https:\\\/\\\/www.koro.net.pl\\\/fr\\\/#organization\"},\"potentialAction\":[{\"@type\":\"SearchAction\",\"target\":{\"@type\":\"EntryPoint\",\"urlTemplate\":\"https:\\\/\\\/www.koro.net.pl\\\/fr\\\/?s={search_term_string}\"},\"query-input\":{\"@type\":\"PropertyValueSpecification\",\"valueRequired\":true,\"valueName\":\"search_term_string\"}}],\"inLanguage\":\"fr-FR\"},{\"@type\":\"Organization\",\"@id\":\"https:\\\/\\\/www.koro.net.pl\\\/fr\\\/#organization\",\"name\":\"Koronet\",\"alternateName\":\"Koronet\",\"url\":\"https:\\\/\\\/www.koro.net.pl\\\/fr\\\/\",\"logo\":{\"@type\":\"ImageObject\",\"inLanguage\":\"fr-FR\",\"@id\":\"https:\\\/\\\/www.koro.net.pl\\\/fr\\\/#\\\/schema\\\/logo\\\/image\\\/\",\"url\":\"https:\\\/\\\/www.koro.net.pl\\\/wp-content\\\/uploads\\\/2025\\\/02\\\/Koronet-spolka-z-o.o.png\",\"contentUrl\":\"https:\\\/\\\/www.koro.net.pl\\\/wp-content\\\/uploads\\\/2025\\\/02\\\/Koronet-spolka-z-o.o.png\",\"width\":696,\"height\":696,\"caption\":\"Koronet\"},\"image\":{\"@id\":\"https:\\\/\\\/www.koro.net.pl\\\/fr\\\/#\\\/schema\\\/logo\\\/image\\\/\"}}]}<\/script>\n<!-- \/ Yoast SEO plugin. -->","yoast_head_json":{"title":"Scie bim\u00e9tallique R\u00d6NTGEN Master Supreme","description":"R\u00f6ntgen Bi-Alfa Master Supreme \u2013 scies \u00e0 ruban avec une r\u00e9sistance exceptionnelle \u00e0 l\u2019abrasion, optimis\u00e9es pour la d\u00e9coupe de m\u00e9taux difficiles \u00e0 usiner. Haute pr\u00e9cision et durabilit\u00e9","robots":{"index":"index","follow":"follow","max-snippet":"max-snippet:-1","max-image-preview":"max-image-preview:large","max-video-preview":"max-video-preview:-1"},"canonical":"https:\/\/www.koro.net.pl\/fr\/produkt\/scie-a-bande-rontgen-bi-alfa-master-supreme-bi-metal-metal\/","og_locale":"fr_FR","og_type":"article","og_title":"Scie bim\u00e9tallique R\u00d6NTGEN Master Supreme","og_description":"R\u00f6ntgen Bi-Alfa Master Supreme \u2013 scies \u00e0 ruban avec une r\u00e9sistance exceptionnelle \u00e0 l\u2019abrasion, optimis\u00e9es pour la d\u00e9coupe de m\u00e9taux difficiles \u00e0 usiner. Haute pr\u00e9cision et durabilit\u00e9","og_url":"https:\/\/www.koro.net.pl\/fr\/produkt\/scie-a-bande-rontgen-bi-alfa-master-supreme-bi-metal-metal\/","og_site_name":"Koronet","og_image":[{"width":800,"height":500,"url":"https:\/\/www.koro.net.pl\/wp-content\/uploads\/2023\/05\/Master-Supreme.png","type":"image\/png"}],"twitter_card":"summary_large_image","twitter_misc":{"Dur\u00e9e de lecture estim\u00e9e":"1 minute"},"schema":{"@context":"https:\/\/schema.org","@graph":[{"@type":"WebPage","@id":"https:\/\/www.koro.net.pl\/fr\/produkt\/scie-a-bande-rontgen-bi-alfa-master-supreme-bi-metal-metal\/","url":"https:\/\/www.koro.net.pl\/fr\/produkt\/scie-a-bande-rontgen-bi-alfa-master-supreme-bi-metal-metal\/","name":"Scie bim\u00e9tallique R\u00d6NTGEN Master Supreme","isPartOf":{"@id":"https:\/\/www.koro.net.pl\/fr\/#website"},"primaryImageOfPage":{"@id":"https:\/\/www.koro.net.pl\/fr\/produkt\/scie-a-bande-rontgen-bi-alfa-master-supreme-bi-metal-metal\/#primaryimage"},"image":{"@id":"https:\/\/www.koro.net.pl\/fr\/produkt\/scie-a-bande-rontgen-bi-alfa-master-supreme-bi-metal-metal\/#primaryimage"},"thumbnailUrl":"https:\/\/www.koro.net.pl\/wp-content\/uploads\/2023\/05\/Master-Supreme.png","datePublished":"2023-05-05T15:03:34+00:00","description":"R\u00f6ntgen Bi-Alfa Master Supreme \u2013 scies \u00e0 ruban avec une r\u00e9sistance exceptionnelle \u00e0 l\u2019abrasion, optimis\u00e9es pour la d\u00e9coupe de m\u00e9taux difficiles \u00e0 usiner. Haute pr\u00e9cision et durabilit\u00e9","breadcrumb":{"@id":"https:\/\/www.koro.net.pl\/fr\/produkt\/scie-a-bande-rontgen-bi-alfa-master-supreme-bi-metal-metal\/#breadcrumb"},"inLanguage":"fr-FR","potentialAction":[{"@type":"ReadAction","target":["https:\/\/www.koro.net.pl\/fr\/produkt\/scie-a-bande-rontgen-bi-alfa-master-supreme-bi-metal-metal\/"]}]},{"@type":"ImageObject","inLanguage":"fr-FR","@id":"https:\/\/www.koro.net.pl\/fr\/produkt\/scie-a-bande-rontgen-bi-alfa-master-supreme-bi-metal-metal\/#primaryimage","url":"https:\/\/www.koro.net.pl\/wp-content\/uploads\/2023\/05\/Master-Supreme.png","contentUrl":"https:\/\/www.koro.net.pl\/wp-content\/uploads\/2023\/05\/Master-Supreme.png","width":800,"height":500,"caption":"brzeszczot do metalu"},{"@type":"BreadcrumbList","@id":"https:\/\/www.koro.net.pl\/fr\/produkt\/scie-a-bande-rontgen-bi-alfa-master-supreme-bi-metal-metal\/#breadcrumb","itemListElement":[{"@type":"ListItem","position":1,"name":"Strona g\u0142\u00f3wna","item":"https:\/\/www.koro.net.pl\/fr\/"},{"@type":"ListItem","position":2,"name":"Scie \u00e0 bande R\u00d6NTGEN bi-alfa Master Supreme bi-metal metal"}]},{"@type":"WebSite","@id":"https:\/\/www.koro.net.pl\/fr\/#website","url":"https:\/\/www.koro.net.pl\/fr\/","name":"Koronet","description":"","publisher":{"@id":"https:\/\/www.koro.net.pl\/fr\/#organization"},"potentialAction":[{"@type":"SearchAction","target":{"@type":"EntryPoint","urlTemplate":"https:\/\/www.koro.net.pl\/fr\/?s={search_term_string}"},"query-input":{"@type":"PropertyValueSpecification","valueRequired":true,"valueName":"search_term_string"}}],"inLanguage":"fr-FR"},{"@type":"Organization","@id":"https:\/\/www.koro.net.pl\/fr\/#organization","name":"Koronet","alternateName":"Koronet","url":"https:\/\/www.koro.net.pl\/fr\/","logo":{"@type":"ImageObject","inLanguage":"fr-FR","@id":"https:\/\/www.koro.net.pl\/fr\/#\/schema\/logo\/image\/","url":"https:\/\/www.koro.net.pl\/wp-content\/uploads\/2025\/02\/Koronet-spolka-z-o.o.png","contentUrl":"https:\/\/www.koro.net.pl\/wp-content\/uploads\/2025\/02\/Koronet-spolka-z-o.o.png","width":696,"height":696,"caption":"Koronet"},"image":{"@id":"https:\/\/www.koro.net.pl\/fr\/#\/schema\/logo\/image\/"}}]}},"_links":{"self":[{"href":"https:\/\/www.koro.net.pl\/fr\/wp-json\/wp\/v2\/product\/11951","targetHints":{"allow":["GET"]}}],"collection":[{"href":"https:\/\/www.koro.net.pl\/fr\/wp-json\/wp\/v2\/product"}],"about":[{"href":"https:\/\/www.koro.net.pl\/fr\/wp-json\/wp\/v2\/types\/product"}],"wp:featuredmedia":[{"embeddable":true,"href":"https:\/\/www.koro.net.pl\/fr\/wp-json\/wp\/v2\/media\/7706"}],"wp:attachment":[{"href":"https:\/\/www.koro.net.pl\/fr\/wp-json\/wp\/v2\/media?parent=11951"}],"wp:term":[{"taxonomy":"product_brand","embeddable":true,"href":"https:\/\/www.koro.net.pl\/fr\/wp-json\/wp\/v2\/product_brand?post=11951"},{"taxonomy":"product_cat","embeddable":true,"href":"https:\/\/www.koro.net.pl\/fr\/wp-json\/wp\/v2\/product_cat?post=11951"},{"taxonomy":"product_tag","embeddable":true,"href":"https:\/\/www.koro.net.pl\/fr\/wp-json\/wp\/v2\/product_tag?post=11951"}],"curies":[{"name":"wp","href":"https:\/\/api.w.org\/{rel}","templated":true}]}}