{"id":11923,"date":"2023-05-17T16:08:27","date_gmt":"2023-05-17T14:08:27","guid":{"rendered":"https:\/\/www.koro.net.pl\/produkt\/scie-de-menuisier-koronet\/"},"modified":"2023-05-17T16:08:27","modified_gmt":"2023-05-17T14:08:27","slug":"scie-de-menuisier-koronet","status":"publish","type":"product","link":"https:\/\/www.koro.net.pl\/fr\/produkt\/scie-de-menuisier-koronet\/","title":{"rendered":"Scie de menuisier KORONET"},"content":{"rendered":"<p><a href=\"https:\/\/www.koro.net.pl\/fr\/produkty\/scies-a-ruban-pour-menuiserie\/\">La scie de menuisier \u00e9tait en acier alli\u00e9<\/a> avec ajout de chrome et de vanadium.<\/p>\n<p><b>Utilisation pr\u00e9vue<\/b><\/p>\n<p>La scie de charpentier Koronet est con\u00e7ue pour couper tout type de bois le long et \u00e0 travers les fibres. Recommand\u00e9 pour la coupe de bois tendre, de bois dur, de contreplaqu\u00e9, de ciboulette et de cartons (version lame durcie). <\/p>\n<p><b>Caract\u00e9ristiques de la scie<\/b><\/p>\n<table border=\"1\" width=\"525\" cellspacing=\"1\" cellpadding=\"1\">\n<tbody>\n<tr>\n<td>Tension de scie<\/td>\n<td>100-120 Mpa<\/td>\n<\/tr>\n<tr>\n<td>Stress<\/td>\n<td>environ 10 tonnes<\/td>\n<\/tr>\n<tr>\n<td>Ouverture<\/td>\n<td>0,3 \u2013 0,8\/page (ouverture \u00e0 la moiti\u00e9 de la hauteur mesur\u00e9e depuis le haut)<\/td>\n<\/tr>\n<tr>\nTemps d\u2019exploitation <\/p>\n<td>de la scie<\/td>\n<td>5-7 heures + 12 heures de repos<\/td>\n<\/tr>\n<tr>\n<td>Vitesse de coupe<\/td>\n<td>20-35 m\/s<\/td>\n<\/tr>\n<tr>\n<td>Aff\u00fbtage<\/td>\n<td>meules recommand\u00e9es :<br \/>\n s\u00e8che &#8211; meule c\u00e9ramique 95A80K (ou L)<br \/>\n meule humide 95A80L (ou N) meule en r\u00e9sine 95A80L (ou N)<\/td>\n<\/tr>\n<tr>\nDuret\u00e9 de la lame <\/p>\n<td>durcie<\/td>\n<td>58-60 HRC<\/td>\n<\/tr>\n<tr>\n<td>Duret\u00e9 de la lame non durcie<\/td>\n<td>41-44 HRC<\/td>\n<\/tr>\n<tr>\n<td>Duret\u00e9 du ruban porteur<\/td>\n<td>41-44 HRC<\/td>\n<\/tr>\n<\/tbody>\n<\/table>\n<p>&nbsp;<\/p>\n<p>L\u2019\u00e9paisseur de la bande de coupe est calcul\u00e9e \u00e0 partir de la formule : s = diam\u00e8tre de la roue rotative (mm) \/ 1000<\/p>\n<table border=\"1\" width=\"523\" cellspacing=\"1\" cellpadding=\"1\">\n<tbody>\n<tr>\n<td><\/td>\n<td><\/td>\n<td><\/td>\n<td colspan=\"3\"><b>Ouverture<\/b><\/td>\n<td><b>Minimum<\/b><\/td>\n<\/tr>\n<tr>\n<td><b>b [mm]<br \/>\n<\/b><\/td>\n<td><b>s [mm]<\/b><\/td>\n<td><b>t [mm]<\/b><\/td>\n<td><b>Difficile<\/b><\/td>\n<td><b>Moyen<\/b><\/td>\n<td><b>Doux<\/b><\/td>\n<td><b>Rayon [mm]<\/b><\/td>\n<\/tr>\n<tr>\n<td>10<\/td>\n<td>0.6<\/td>\n<td>6.3<\/td>\n<td>0,3-0,4<\/td>\n<td>0,4-0,5<\/td>\n<td>0,5-0,6<\/td>\n<td>50<\/td>\n<\/tr>\n<tr>\n<td>15<\/td>\n<td>0.7<\/td>\n<td>6.3<\/td>\n<td>0,3-0,4<\/td>\n<td>0,4-0,5<\/td>\n<td>0,5-0,6<\/td>\n<td>100<\/td>\n<\/tr>\n<tr>\n<td>20<\/td>\n<td>0.7<\/td>\n<td>8<\/td>\n<td>0,3-0,4<\/td>\n<td>0,4-0,5<\/td>\n<td>0,5-0,6<\/td>\n<td>150<\/td>\n<\/tr>\n<tr>\n<td>25<\/td>\n<td>0.7<\/td>\n<td>8<\/td>\n<td>0,3-0,4<\/td>\n<td>0,4-0,5<\/td>\n<td>0,5-0,6<\/td>\n<td>200<\/td>\n<\/tr>\n<tr>\n<td>30<\/td>\n<td>0.8<\/td>\n<td>10<\/td>\n<td>0,3-0,4<\/td>\n<td>0,4-0,6<\/td>\n<td>0,5-0,7<\/td>\n<td>300<\/td>\n<\/tr>\n<tr>\n<td>35<\/td>\n<td>0.8<\/td>\n<td>10<\/td>\n<td>0,3-0,4<\/td>\n<td>0,4-0,6<\/td>\n<td>0,5-0,7<\/td>\n<td>400<\/td>\n<\/tr>\n<\/tbody>\n<\/table>\n","protected":false},"excerpt":{"rendered":"<p>La scie de menuisier \u00e9tait en acier alli\u00e9 avec ajout de chrome et de vanadium. Utilisation pr\u00e9vue La scie de charpentier Koronet est con\u00e7ue pour couper tout type de bois [&hellip;]<\/p>\n","protected":false},"featured_media":868,"template":"","meta":{"_acf_changed":false},"product_brand":[],"product_cat":[214],"product_tag":[],"class_list":{"0":"post-11923","1":"product","2":"type-product","3":"status-publish","4":"has-post-thumbnail","6":"product_cat-scies-a-ruban-pour-menuiserie","8":"first","9":"instock","10":"taxable","11":"shipping-taxable","12":"purchasable","13":"product-type-variable"},"acf":[],"yoast_head":"<!-- This site is optimized with the Yoast SEO plugin v27.5 - https:\/\/yoast.com\/product\/yoast-seo-wordpress\/ -->\n<title>Scie de menuisier CrV : universelle pour tout bois<\/title>\n<meta name=\"description\" content=\"Scie universelle CrV (chrome, vanadium) pour tout bois. Coupe dans le sens de la longueur et \u00e0 travers les fibres, id\u00e9al pour le bois tendre, le bois dur, le contreplaqu\u00e9 et les planches.\" \/>\n<meta name=\"robots\" content=\"index, follow, max-snippet:-1, max-image-preview:large, max-video-preview:-1\" \/>\n<link rel=\"canonical\" href=\"https:\/\/www.koro.net.pl\/fr\/produkt\/scie-de-menuisier-koronet\/\" \/>\n<meta property=\"og:locale\" content=\"fr_FR\" \/>\n<meta property=\"og:type\" content=\"article\" \/>\n<meta property=\"og:title\" content=\"Scie de menuisier CrV : universelle pour tout bois\" \/>\n<meta property=\"og:description\" content=\"Scie universelle CrV (chrome, vanadium) pour tout bois. Coupe dans le sens de la longueur et \u00e0 travers les fibres, id\u00e9al pour le bois tendre, le bois dur, le contreplaqu\u00e9 et les planches.\" \/>\n<meta property=\"og:url\" content=\"https:\/\/www.koro.net.pl\/fr\/produkt\/scie-de-menuisier-koronet\/\" \/>\n<meta property=\"og:site_name\" content=\"Koronet\" \/>\n<meta property=\"og:image\" content=\"https:\/\/www.koro.net.pl\/wp-content\/uploads\/2023\/05\/stolarska-1-1.jpg\" \/>\n\t<meta property=\"og:image:width\" content=\"600\" \/>\n\t<meta property=\"og:image:height\" content=\"600\" \/>\n\t<meta property=\"og:image:type\" content=\"image\/jpeg\" \/>\n<meta name=\"twitter:card\" content=\"summary_large_image\" \/>\n<meta name=\"twitter:label1\" content=\"Dur\u00e9e de lecture estim\u00e9e\" \/>\n\t<meta name=\"twitter:data1\" content=\"1 minute\" \/>\n<script type=\"application\/ld+json\" class=\"yoast-schema-graph\">{\"@context\":\"https:\\\/\\\/schema.org\",\"@graph\":[{\"@type\":\"WebPage\",\"@id\":\"https:\\\/\\\/www.koro.net.pl\\\/fr\\\/produkt\\\/scie-de-menuisier-koronet\\\/\",\"url\":\"https:\\\/\\\/www.koro.net.pl\\\/fr\\\/produkt\\\/scie-de-menuisier-koronet\\\/\",\"name\":\"Scie de menuisier CrV : universelle pour tout bois\",\"isPartOf\":{\"@id\":\"https:\\\/\\\/www.koro.net.pl\\\/fr\\\/#website\"},\"primaryImageOfPage\":{\"@id\":\"https:\\\/\\\/www.koro.net.pl\\\/fr\\\/produkt\\\/scie-de-menuisier-koronet\\\/#primaryimage\"},\"image\":{\"@id\":\"https:\\\/\\\/www.koro.net.pl\\\/fr\\\/produkt\\\/scie-de-menuisier-koronet\\\/#primaryimage\"},\"thumbnailUrl\":\"https:\\\/\\\/www.koro.net.pl\\\/wp-content\\\/uploads\\\/2023\\\/05\\\/stolarska-1-1.jpg\",\"datePublished\":\"2023-05-17T14:08:27+00:00\",\"description\":\"Scie universelle CrV (chrome, vanadium) pour tout bois. Coupe dans le sens de la longueur et \u00e0 travers les fibres, id\u00e9al pour le bois tendre, le bois dur, le contreplaqu\u00e9 et les planches.\",\"breadcrumb\":{\"@id\":\"https:\\\/\\\/www.koro.net.pl\\\/fr\\\/produkt\\\/scie-de-menuisier-koronet\\\/#breadcrumb\"},\"inLanguage\":\"fr-FR\",\"potentialAction\":[{\"@type\":\"ReadAction\",\"target\":[\"https:\\\/\\\/www.koro.net.pl\\\/fr\\\/produkt\\\/scie-de-menuisier-koronet\\\/\"]}]},{\"@type\":\"ImageObject\",\"inLanguage\":\"fr-FR\",\"@id\":\"https:\\\/\\\/www.koro.net.pl\\\/fr\\\/produkt\\\/scie-de-menuisier-koronet\\\/#primaryimage\",\"url\":\"https:\\\/\\\/www.koro.net.pl\\\/wp-content\\\/uploads\\\/2023\\\/05\\\/stolarska-1-1.jpg\",\"contentUrl\":\"https:\\\/\\\/www.koro.net.pl\\\/wp-content\\\/uploads\\\/2023\\\/05\\\/stolarska-1-1.jpg\",\"width\":600,\"height\":600,\"caption\":\"Pi\u0142a stolarska KORONET\"},{\"@type\":\"BreadcrumbList\",\"@id\":\"https:\\\/\\\/www.koro.net.pl\\\/fr\\\/produkt\\\/scie-de-menuisier-koronet\\\/#breadcrumb\",\"itemListElement\":[{\"@type\":\"ListItem\",\"position\":1,\"name\":\"Strona g\u0142\u00f3wna\",\"item\":\"https:\\\/\\\/www.koro.net.pl\\\/fr\\\/\"},{\"@type\":\"ListItem\",\"position\":2,\"name\":\"Scie de menuisier KORONET\"}]},{\"@type\":\"WebSite\",\"@id\":\"https:\\\/\\\/www.koro.net.pl\\\/fr\\\/#website\",\"url\":\"https:\\\/\\\/www.koro.net.pl\\\/fr\\\/\",\"name\":\"Koronet\",\"description\":\"\",\"publisher\":{\"@id\":\"https:\\\/\\\/www.koro.net.pl\\\/fr\\\/#organization\"},\"potentialAction\":[{\"@type\":\"SearchAction\",\"target\":{\"@type\":\"EntryPoint\",\"urlTemplate\":\"https:\\\/\\\/www.koro.net.pl\\\/fr\\\/?s={search_term_string}\"},\"query-input\":{\"@type\":\"PropertyValueSpecification\",\"valueRequired\":true,\"valueName\":\"search_term_string\"}}],\"inLanguage\":\"fr-FR\"},{\"@type\":\"Organization\",\"@id\":\"https:\\\/\\\/www.koro.net.pl\\\/fr\\\/#organization\",\"name\":\"Koronet\",\"alternateName\":\"Koronet\",\"url\":\"https:\\\/\\\/www.koro.net.pl\\\/fr\\\/\",\"logo\":{\"@type\":\"ImageObject\",\"inLanguage\":\"fr-FR\",\"@id\":\"https:\\\/\\\/www.koro.net.pl\\\/fr\\\/#\\\/schema\\\/logo\\\/image\\\/\",\"url\":\"https:\\\/\\\/www.koro.net.pl\\\/wp-content\\\/uploads\\\/2025\\\/02\\\/Koronet-spolka-z-o.o.png\",\"contentUrl\":\"https:\\\/\\\/www.koro.net.pl\\\/wp-content\\\/uploads\\\/2025\\\/02\\\/Koronet-spolka-z-o.o.png\",\"width\":696,\"height\":696,\"caption\":\"Koronet\"},\"image\":{\"@id\":\"https:\\\/\\\/www.koro.net.pl\\\/fr\\\/#\\\/schema\\\/logo\\\/image\\\/\"}}]}<\/script>\n<!-- \/ Yoast SEO plugin. -->","yoast_head_json":{"title":"Scie de menuisier CrV : universelle pour tout bois","description":"Scie universelle CrV (chrome, vanadium) pour tout bois. Coupe dans le sens de la longueur et \u00e0 travers les fibres, id\u00e9al pour le bois tendre, le bois dur, le contreplaqu\u00e9 et les planches.","robots":{"index":"index","follow":"follow","max-snippet":"max-snippet:-1","max-image-preview":"max-image-preview:large","max-video-preview":"max-video-preview:-1"},"canonical":"https:\/\/www.koro.net.pl\/fr\/produkt\/scie-de-menuisier-koronet\/","og_locale":"fr_FR","og_type":"article","og_title":"Scie de menuisier CrV : universelle pour tout bois","og_description":"Scie universelle CrV (chrome, vanadium) pour tout bois. Coupe dans le sens de la longueur et \u00e0 travers les fibres, id\u00e9al pour le bois tendre, le bois dur, le contreplaqu\u00e9 et les planches.","og_url":"https:\/\/www.koro.net.pl\/fr\/produkt\/scie-de-menuisier-koronet\/","og_site_name":"Koronet","og_image":[{"width":600,"height":600,"url":"https:\/\/www.koro.net.pl\/wp-content\/uploads\/2023\/05\/stolarska-1-1.jpg","type":"image\/jpeg"}],"twitter_card":"summary_large_image","twitter_misc":{"Dur\u00e9e de lecture estim\u00e9e":"1 minute"},"schema":{"@context":"https:\/\/schema.org","@graph":[{"@type":"WebPage","@id":"https:\/\/www.koro.net.pl\/fr\/produkt\/scie-de-menuisier-koronet\/","url":"https:\/\/www.koro.net.pl\/fr\/produkt\/scie-de-menuisier-koronet\/","name":"Scie de menuisier CrV : universelle pour tout bois","isPartOf":{"@id":"https:\/\/www.koro.net.pl\/fr\/#website"},"primaryImageOfPage":{"@id":"https:\/\/www.koro.net.pl\/fr\/produkt\/scie-de-menuisier-koronet\/#primaryimage"},"image":{"@id":"https:\/\/www.koro.net.pl\/fr\/produkt\/scie-de-menuisier-koronet\/#primaryimage"},"thumbnailUrl":"https:\/\/www.koro.net.pl\/wp-content\/uploads\/2023\/05\/stolarska-1-1.jpg","datePublished":"2023-05-17T14:08:27+00:00","description":"Scie universelle CrV (chrome, vanadium) pour tout bois. Coupe dans le sens de la longueur et \u00e0 travers les fibres, id\u00e9al pour le bois tendre, le bois dur, le contreplaqu\u00e9 et les planches.","breadcrumb":{"@id":"https:\/\/www.koro.net.pl\/fr\/produkt\/scie-de-menuisier-koronet\/#breadcrumb"},"inLanguage":"fr-FR","potentialAction":[{"@type":"ReadAction","target":["https:\/\/www.koro.net.pl\/fr\/produkt\/scie-de-menuisier-koronet\/"]}]},{"@type":"ImageObject","inLanguage":"fr-FR","@id":"https:\/\/www.koro.net.pl\/fr\/produkt\/scie-de-menuisier-koronet\/#primaryimage","url":"https:\/\/www.koro.net.pl\/wp-content\/uploads\/2023\/05\/stolarska-1-1.jpg","contentUrl":"https:\/\/www.koro.net.pl\/wp-content\/uploads\/2023\/05\/stolarska-1-1.jpg","width":600,"height":600,"caption":"Pi\u0142a stolarska KORONET"},{"@type":"BreadcrumbList","@id":"https:\/\/www.koro.net.pl\/fr\/produkt\/scie-de-menuisier-koronet\/#breadcrumb","itemListElement":[{"@type":"ListItem","position":1,"name":"Strona g\u0142\u00f3wna","item":"https:\/\/www.koro.net.pl\/fr\/"},{"@type":"ListItem","position":2,"name":"Scie de menuisier KORONET"}]},{"@type":"WebSite","@id":"https:\/\/www.koro.net.pl\/fr\/#website","url":"https:\/\/www.koro.net.pl\/fr\/","name":"Koronet","description":"","publisher":{"@id":"https:\/\/www.koro.net.pl\/fr\/#organization"},"potentialAction":[{"@type":"SearchAction","target":{"@type":"EntryPoint","urlTemplate":"https:\/\/www.koro.net.pl\/fr\/?s={search_term_string}"},"query-input":{"@type":"PropertyValueSpecification","valueRequired":true,"valueName":"search_term_string"}}],"inLanguage":"fr-FR"},{"@type":"Organization","@id":"https:\/\/www.koro.net.pl\/fr\/#organization","name":"Koronet","alternateName":"Koronet","url":"https:\/\/www.koro.net.pl\/fr\/","logo":{"@type":"ImageObject","inLanguage":"fr-FR","@id":"https:\/\/www.koro.net.pl\/fr\/#\/schema\/logo\/image\/","url":"https:\/\/www.koro.net.pl\/wp-content\/uploads\/2025\/02\/Koronet-spolka-z-o.o.png","contentUrl":"https:\/\/www.koro.net.pl\/wp-content\/uploads\/2025\/02\/Koronet-spolka-z-o.o.png","width":696,"height":696,"caption":"Koronet"},"image":{"@id":"https:\/\/www.koro.net.pl\/fr\/#\/schema\/logo\/image\/"}}]}},"_links":{"self":[{"href":"https:\/\/www.koro.net.pl\/fr\/wp-json\/wp\/v2\/product\/11923","targetHints":{"allow":["GET"]}}],"collection":[{"href":"https:\/\/www.koro.net.pl\/fr\/wp-json\/wp\/v2\/product"}],"about":[{"href":"https:\/\/www.koro.net.pl\/fr\/wp-json\/wp\/v2\/types\/product"}],"wp:featuredmedia":[{"embeddable":true,"href":"https:\/\/www.koro.net.pl\/fr\/wp-json\/wp\/v2\/media\/868"}],"wp:attachment":[{"href":"https:\/\/www.koro.net.pl\/fr\/wp-json\/wp\/v2\/media?parent=11923"}],"wp:term":[{"taxonomy":"product_brand","embeddable":true,"href":"https:\/\/www.koro.net.pl\/fr\/wp-json\/wp\/v2\/product_brand?post=11923"},{"taxonomy":"product_cat","embeddable":true,"href":"https:\/\/www.koro.net.pl\/fr\/wp-json\/wp\/v2\/product_cat?post=11923"},{"taxonomy":"product_tag","embeddable":true,"href":"https:\/\/www.koro.net.pl\/fr\/wp-json\/wp\/v2\/product_tag?post=11923"}],"curies":[{"name":"wp","href":"https:\/\/api.w.org\/{rel}","templated":true}]}}