{"id":11918,"date":"2023-05-17T15:58:00","date_gmt":"2023-05-17T13:58:00","guid":{"rendered":"https:\/\/www.koro.net.pl\/produkt\/ensemble-de-meches-din338-rn-inox-hsse-m-25\/"},"modified":"2023-05-17T15:58:00","modified_gmt":"2023-05-17T13:58:00","slug":"ensemble-de-meches-din338-rn-inox-hsse-m-25","status":"publish","type":"product","link":"https:\/\/www.koro.net.pl\/fr\/produkt\/ensemble-de-meches-din338-rn-inox-hsse-m-25\/","title":{"rendered":"Ensemble de m\u00e8ches DIN338 RN INOX HSSE M-25"},"content":{"rendered":"<p><a href=\"https:\/\/www.koro.net.pl\/fr\/produkty\/ensembles-de-forage\/\">Ensemble de m\u00e8ches doublement meul\u00e9es pour professionnels<\/a> avec tige cylindrique. Ils sont fabriqu\u00e9s en acier HSS \u00e0 grande vitesse avec 5 % d\u2019ajout de cobalt (CO5 %), ce qui garantit une culture de travail \u00e9lev\u00e9e et une efficacit\u00e9 accrue. Les m\u00e8ches r\u00e9sistent aux temp\u00e9ratures \u00e9lev\u00e9es. Ils conviennent parfaitement au forage dans l\u2019acier inoxydable, r\u00e9sistant aux acides et en acier outill\u00e9.   <\/p>\n<ul>\n<li>Standard : DIN338<\/li>\n<li>Additif au cobalt (CO5 %)<\/li>\n<li>Tige cylindrique<\/li>\n<li>Double terrain<\/li>\n<li>angle de pale 131\u00b0<\/li>\n<\/ul>\n<p>Classe de tol\u00e9rance de forage : H8<br \/>\nDirection de forage : Droite<\/p>\n<p>Application des ensembles de m\u00e8ches :<\/p>\n<ul>\n<li>Acier de structure<\/li>\n<li>Acier \u00e0 outils<\/li>\n<li>Acier inoxydable<\/li>\n<li>M\u00e9taux non ferreux<\/li>\n<li>et autres<\/li>\n<\/ul>\n<p><em>La norme de qualit\u00e9 allemande est le niveau que tous nos outils atteignent.<\/em><\/p>\n<p>Le jeu de m\u00e8ches DIN338 RN INOX HSSE M-25 se compose de 25 m\u00e8ches de taille allant de 1 mm \u00e0 13 mm de diam\u00e8tre.<\/p>\n<table>\n<tbody>\n<tr>\n<td><strong>Taille (mm)<\/strong><\/td>\n<td><strong>Longueur totale (mm)<\/strong><\/td>\n<td><strong>Longueur de travail (mm)<\/strong><\/td>\n<\/tr>\n<tr>\n<td>\n 1<\/td>\n<td>34<\/td>\n<td>12<\/td>\n<\/tr>\n<tr>\n<td>1.5<\/td>\n<td>40<\/td>\n<td>12<\/td>\n<\/tr>\n<tr>\n<td>\n 2<\/td>\n<td>49<\/td>\n<td>24<\/td>\n<\/tr>\n<tr>\n<td>2.5<\/td>\n<td>57<\/td>\n<td>30<\/td>\n<\/tr>\n<tr>\n<td>\n 3<\/td>\n<td>61<\/td>\n<td>33<\/td>\n<\/tr>\n<tr>\n<td>3.5<\/td>\n<td>70<\/td>\n<td>39<\/td>\n<\/tr>\n<tr>\n<td>\n 4<\/td>\n<td>75<\/td>\n<td>43<\/td>\n<\/tr>\n<tr>\n<td>4.5<\/td>\n<td>80<\/td>\n<td>47<\/td>\n<\/tr>\n<tr>\n<td>\n 5<\/td>\n<td>86<\/td>\n<td>52<\/td>\n<\/tr>\n<tr>\n<td>5.5<\/td>\n<td>93<\/td>\n<td>57<\/td>\n<\/tr>\n<tr>\n<td>\n 6<\/td>\n<td>93<\/td>\n<td>57<\/td>\n<\/tr>\n<tr>\n<td>6.5<\/td>\n<td>101<\/td>\n<td>63<\/td>\n<\/tr>\n<tr>\n<td>\n 7<\/td>\n<td>109<\/td>\n<td>69<\/td>\n<\/tr>\n<tr>\n<td>7,5<\/td>\n<td>109<\/td>\n<td>69<\/td>\n<\/tr>\n<tr>\n<td>\n 8<\/td>\n<td>117<\/td>\n<td>75<\/td>\n<\/tr>\n<tr>\n<td>8,5<\/td>\n<td>117<\/td>\n<td>75<\/td>\n<\/tr>\n<tr>\n<td>\n 9<\/td>\n<td>125<\/td>\n<td>81<\/td>\n<\/tr>\n<tr>\n<td>9,5<\/td>\n<td>125<\/td>\n<td>81<\/td>\n<\/tr>\n<tr>\n<td>10<\/td>\n<td>133<\/td>\n<td>87<\/td>\n<\/tr>\n<tr>\n<td>10,5<\/td>\n<td>133<\/td>\n<td>87<\/td>\n<\/tr>\n<tr>\n<td>11<\/td>\n<td>142<\/td>\n<td>94<\/td>\n<\/tr>\n<tr>\n<td>11,5<\/td>\n<td>142<\/td>\n<td>94<\/td>\n<\/tr>\n<tr>\n<td>12<\/td>\n<td>151<\/td>\n<td>101<\/td>\n<\/tr>\n<tr>\n<td>12,5<\/td>\n<td>151<\/td>\n<td>101<\/td>\n<\/tr>\n<tr>\n<td>13<\/td>\n<td>151<\/td>\n<td>101<\/td>\n<\/tr>\n<\/tbody>\n<\/table>\n","protected":false},"excerpt":{"rendered":"<p>Ensemble de m\u00e8ches doublement meul\u00e9es pour professionnels avec tige cylindrique. Ils sont fabriqu\u00e9s en acier HSS \u00e0 grande vitesse avec 5 % d\u2019ajout de cobalt (CO5 %), ce qui garantit [&hellip;]<\/p>\n","protected":false},"featured_media":5317,"template":"","meta":{"_acf_changed":false},"product_brand":[],"product_cat":[187,174],"product_tag":[],"class_list":{"0":"post-11918","1":"product","2":"type-product","3":"status-publish","4":"has-post-thumbnail","6":"product_cat-ensembles-de-forage","7":"product_cat-outils","9":"first","10":"instock","11":"taxable","12":"shipping-taxable","13":"purchasable","14":"product-type-simple"},"acf":[],"yoast_head":"<!-- This site is optimized with the Yoast SEO plugin v27.5 - https:\/\/yoast.com\/product\/yoast-seo-wordpress\/ -->\n<title>Ensemble de m\u00e8ches m\u00e9talliques : Cobalt, double meulage<\/title>\n<meta name=\"description\" content=\"Ensemble professionnel de foret HSS Co5\u00a0% TiN cobalt. Double masse, pour l\u2019acier inoxydable, l\u2019acier \u00e0 outillage et d\u2019autres m\u00e9taux. Regardez l\u2019offre !\" \/>\n<meta name=\"robots\" content=\"index, follow, max-snippet:-1, max-image-preview:large, max-video-preview:-1\" \/>\n<link rel=\"canonical\" href=\"https:\/\/www.koro.net.pl\/fr\/produkt\/ensemble-de-meches-din338-rn-inox-hsse-m-25\/\" \/>\n<meta property=\"og:locale\" content=\"fr_FR\" \/>\n<meta property=\"og:type\" content=\"article\" \/>\n<meta property=\"og:title\" content=\"Ensemble de m\u00e8ches m\u00e9talliques : Cobalt, double meulage\" \/>\n<meta property=\"og:description\" content=\"Ensemble professionnel de foret HSS Co5\u00a0% TiN cobalt. Double masse, pour l\u2019acier inoxydable, l\u2019acier \u00e0 outillage et d\u2019autres m\u00e9taux. Regardez l\u2019offre !\" \/>\n<meta property=\"og:url\" content=\"https:\/\/www.koro.net.pl\/fr\/produkt\/ensemble-de-meches-din338-rn-inox-hsse-m-25\/\" \/>\n<meta property=\"og:site_name\" content=\"Koronet\" \/>\n<meta property=\"og:image\" content=\"https:\/\/www.koro.net.pl\/wp-content\/uploads\/2023\/05\/43.-Narzedzia06-2.jpg\" \/>\n\t<meta property=\"og:image:width\" content=\"1200\" \/>\n\t<meta property=\"og:image:height\" content=\"1200\" \/>\n\t<meta property=\"og:image:type\" content=\"image\/jpeg\" \/>\n<meta name=\"twitter:card\" content=\"summary_large_image\" \/>\n<meta name=\"twitter:label1\" content=\"Dur\u00e9e de lecture estim\u00e9e\" \/>\n\t<meta name=\"twitter:data1\" content=\"1 minute\" \/>\n<script type=\"application\/ld+json\" class=\"yoast-schema-graph\">{\"@context\":\"https:\\\/\\\/schema.org\",\"@graph\":[{\"@type\":\"WebPage\",\"@id\":\"https:\\\/\\\/www.koro.net.pl\\\/fr\\\/produkt\\\/ensemble-de-meches-din338-rn-inox-hsse-m-25\\\/\",\"url\":\"https:\\\/\\\/www.koro.net.pl\\\/fr\\\/produkt\\\/ensemble-de-meches-din338-rn-inox-hsse-m-25\\\/\",\"name\":\"Ensemble de m\u00e8ches m\u00e9talliques : Cobalt, double meulage\",\"isPartOf\":{\"@id\":\"https:\\\/\\\/www.koro.net.pl\\\/fr\\\/#website\"},\"primaryImageOfPage\":{\"@id\":\"https:\\\/\\\/www.koro.net.pl\\\/fr\\\/produkt\\\/ensemble-de-meches-din338-rn-inox-hsse-m-25\\\/#primaryimage\"},\"image\":{\"@id\":\"https:\\\/\\\/www.koro.net.pl\\\/fr\\\/produkt\\\/ensemble-de-meches-din338-rn-inox-hsse-m-25\\\/#primaryimage\"},\"thumbnailUrl\":\"https:\\\/\\\/www.koro.net.pl\\\/wp-content\\\/uploads\\\/2023\\\/05\\\/43.-Narzedzia06-2.jpg\",\"datePublished\":\"2023-05-17T13:58:00+00:00\",\"description\":\"Ensemble professionnel de foret HSS Co5\u00a0% TiN cobalt. Double masse, pour l\u2019acier inoxydable, l\u2019acier \u00e0 outillage et d\u2019autres m\u00e9taux. Regardez l\u2019offre !\",\"breadcrumb\":{\"@id\":\"https:\\\/\\\/www.koro.net.pl\\\/fr\\\/produkt\\\/ensemble-de-meches-din338-rn-inox-hsse-m-25\\\/#breadcrumb\"},\"inLanguage\":\"fr-FR\",\"potentialAction\":[{\"@type\":\"ReadAction\",\"target\":[\"https:\\\/\\\/www.koro.net.pl\\\/fr\\\/produkt\\\/ensemble-de-meches-din338-rn-inox-hsse-m-25\\\/\"]}]},{\"@type\":\"ImageObject\",\"inLanguage\":\"fr-FR\",\"@id\":\"https:\\\/\\\/www.koro.net.pl\\\/fr\\\/produkt\\\/ensemble-de-meches-din338-rn-inox-hsse-m-25\\\/#primaryimage\",\"url\":\"https:\\\/\\\/www.koro.net.pl\\\/wp-content\\\/uploads\\\/2023\\\/05\\\/43.-Narzedzia06-2.jpg\",\"contentUrl\":\"https:\\\/\\\/www.koro.net.pl\\\/wp-content\\\/uploads\\\/2023\\\/05\\\/43.-Narzedzia06-2.jpg\",\"width\":1200,\"height\":1200,\"caption\":\"Zestaw wierte\u0142 DIN338 RN INOX HSSE M-25\"},{\"@type\":\"BreadcrumbList\",\"@id\":\"https:\\\/\\\/www.koro.net.pl\\\/fr\\\/produkt\\\/ensemble-de-meches-din338-rn-inox-hsse-m-25\\\/#breadcrumb\",\"itemListElement\":[{\"@type\":\"ListItem\",\"position\":1,\"name\":\"Strona g\u0142\u00f3wna\",\"item\":\"https:\\\/\\\/www.koro.net.pl\\\/fr\\\/\"},{\"@type\":\"ListItem\",\"position\":2,\"name\":\"Ensemble de m\u00e8ches DIN338 RN INOX HSSE M-25\"}]},{\"@type\":\"WebSite\",\"@id\":\"https:\\\/\\\/www.koro.net.pl\\\/fr\\\/#website\",\"url\":\"https:\\\/\\\/www.koro.net.pl\\\/fr\\\/\",\"name\":\"Koronet\",\"description\":\"\",\"publisher\":{\"@id\":\"https:\\\/\\\/www.koro.net.pl\\\/fr\\\/#organization\"},\"potentialAction\":[{\"@type\":\"SearchAction\",\"target\":{\"@type\":\"EntryPoint\",\"urlTemplate\":\"https:\\\/\\\/www.koro.net.pl\\\/fr\\\/?s={search_term_string}\"},\"query-input\":{\"@type\":\"PropertyValueSpecification\",\"valueRequired\":true,\"valueName\":\"search_term_string\"}}],\"inLanguage\":\"fr-FR\"},{\"@type\":\"Organization\",\"@id\":\"https:\\\/\\\/www.koro.net.pl\\\/fr\\\/#organization\",\"name\":\"Koronet\",\"alternateName\":\"Koronet\",\"url\":\"https:\\\/\\\/www.koro.net.pl\\\/fr\\\/\",\"logo\":{\"@type\":\"ImageObject\",\"inLanguage\":\"fr-FR\",\"@id\":\"https:\\\/\\\/www.koro.net.pl\\\/fr\\\/#\\\/schema\\\/logo\\\/image\\\/\",\"url\":\"https:\\\/\\\/www.koro.net.pl\\\/wp-content\\\/uploads\\\/2025\\\/02\\\/Koronet-spolka-z-o.o.png\",\"contentUrl\":\"https:\\\/\\\/www.koro.net.pl\\\/wp-content\\\/uploads\\\/2025\\\/02\\\/Koronet-spolka-z-o.o.png\",\"width\":696,\"height\":696,\"caption\":\"Koronet\"},\"image\":{\"@id\":\"https:\\\/\\\/www.koro.net.pl\\\/fr\\\/#\\\/schema\\\/logo\\\/image\\\/\"}}]}<\/script>\n<!-- \/ Yoast SEO plugin. -->","yoast_head_json":{"title":"Ensemble de m\u00e8ches m\u00e9talliques : Cobalt, double meulage","description":"Ensemble professionnel de foret HSS Co5\u00a0% TiN cobalt. Double masse, pour l\u2019acier inoxydable, l\u2019acier \u00e0 outillage et d\u2019autres m\u00e9taux. Regardez l\u2019offre !","robots":{"index":"index","follow":"follow","max-snippet":"max-snippet:-1","max-image-preview":"max-image-preview:large","max-video-preview":"max-video-preview:-1"},"canonical":"https:\/\/www.koro.net.pl\/fr\/produkt\/ensemble-de-meches-din338-rn-inox-hsse-m-25\/","og_locale":"fr_FR","og_type":"article","og_title":"Ensemble de m\u00e8ches m\u00e9talliques : Cobalt, double meulage","og_description":"Ensemble professionnel de foret HSS Co5\u00a0% TiN cobalt. Double masse, pour l\u2019acier inoxydable, l\u2019acier \u00e0 outillage et d\u2019autres m\u00e9taux. Regardez l\u2019offre !","og_url":"https:\/\/www.koro.net.pl\/fr\/produkt\/ensemble-de-meches-din338-rn-inox-hsse-m-25\/","og_site_name":"Koronet","og_image":[{"width":1200,"height":1200,"url":"https:\/\/www.koro.net.pl\/wp-content\/uploads\/2023\/05\/43.-Narzedzia06-2.jpg","type":"image\/jpeg"}],"twitter_card":"summary_large_image","twitter_misc":{"Dur\u00e9e de lecture estim\u00e9e":"1 minute"},"schema":{"@context":"https:\/\/schema.org","@graph":[{"@type":"WebPage","@id":"https:\/\/www.koro.net.pl\/fr\/produkt\/ensemble-de-meches-din338-rn-inox-hsse-m-25\/","url":"https:\/\/www.koro.net.pl\/fr\/produkt\/ensemble-de-meches-din338-rn-inox-hsse-m-25\/","name":"Ensemble de m\u00e8ches m\u00e9talliques : Cobalt, double meulage","isPartOf":{"@id":"https:\/\/www.koro.net.pl\/fr\/#website"},"primaryImageOfPage":{"@id":"https:\/\/www.koro.net.pl\/fr\/produkt\/ensemble-de-meches-din338-rn-inox-hsse-m-25\/#primaryimage"},"image":{"@id":"https:\/\/www.koro.net.pl\/fr\/produkt\/ensemble-de-meches-din338-rn-inox-hsse-m-25\/#primaryimage"},"thumbnailUrl":"https:\/\/www.koro.net.pl\/wp-content\/uploads\/2023\/05\/43.-Narzedzia06-2.jpg","datePublished":"2023-05-17T13:58:00+00:00","description":"Ensemble professionnel de foret HSS Co5\u00a0% TiN cobalt. Double masse, pour l\u2019acier inoxydable, l\u2019acier \u00e0 outillage et d\u2019autres m\u00e9taux. Regardez l\u2019offre !","breadcrumb":{"@id":"https:\/\/www.koro.net.pl\/fr\/produkt\/ensemble-de-meches-din338-rn-inox-hsse-m-25\/#breadcrumb"},"inLanguage":"fr-FR","potentialAction":[{"@type":"ReadAction","target":["https:\/\/www.koro.net.pl\/fr\/produkt\/ensemble-de-meches-din338-rn-inox-hsse-m-25\/"]}]},{"@type":"ImageObject","inLanguage":"fr-FR","@id":"https:\/\/www.koro.net.pl\/fr\/produkt\/ensemble-de-meches-din338-rn-inox-hsse-m-25\/#primaryimage","url":"https:\/\/www.koro.net.pl\/wp-content\/uploads\/2023\/05\/43.-Narzedzia06-2.jpg","contentUrl":"https:\/\/www.koro.net.pl\/wp-content\/uploads\/2023\/05\/43.-Narzedzia06-2.jpg","width":1200,"height":1200,"caption":"Zestaw wierte\u0142 DIN338 RN INOX HSSE M-25"},{"@type":"BreadcrumbList","@id":"https:\/\/www.koro.net.pl\/fr\/produkt\/ensemble-de-meches-din338-rn-inox-hsse-m-25\/#breadcrumb","itemListElement":[{"@type":"ListItem","position":1,"name":"Strona g\u0142\u00f3wna","item":"https:\/\/www.koro.net.pl\/fr\/"},{"@type":"ListItem","position":2,"name":"Ensemble de m\u00e8ches DIN338 RN INOX HSSE M-25"}]},{"@type":"WebSite","@id":"https:\/\/www.koro.net.pl\/fr\/#website","url":"https:\/\/www.koro.net.pl\/fr\/","name":"Koronet","description":"","publisher":{"@id":"https:\/\/www.koro.net.pl\/fr\/#organization"},"potentialAction":[{"@type":"SearchAction","target":{"@type":"EntryPoint","urlTemplate":"https:\/\/www.koro.net.pl\/fr\/?s={search_term_string}"},"query-input":{"@type":"PropertyValueSpecification","valueRequired":true,"valueName":"search_term_string"}}],"inLanguage":"fr-FR"},{"@type":"Organization","@id":"https:\/\/www.koro.net.pl\/fr\/#organization","name":"Koronet","alternateName":"Koronet","url":"https:\/\/www.koro.net.pl\/fr\/","logo":{"@type":"ImageObject","inLanguage":"fr-FR","@id":"https:\/\/www.koro.net.pl\/fr\/#\/schema\/logo\/image\/","url":"https:\/\/www.koro.net.pl\/wp-content\/uploads\/2025\/02\/Koronet-spolka-z-o.o.png","contentUrl":"https:\/\/www.koro.net.pl\/wp-content\/uploads\/2025\/02\/Koronet-spolka-z-o.o.png","width":696,"height":696,"caption":"Koronet"},"image":{"@id":"https:\/\/www.koro.net.pl\/fr\/#\/schema\/logo\/image\/"}}]}},"_links":{"self":[{"href":"https:\/\/www.koro.net.pl\/fr\/wp-json\/wp\/v2\/product\/11918","targetHints":{"allow":["GET"]}}],"collection":[{"href":"https:\/\/www.koro.net.pl\/fr\/wp-json\/wp\/v2\/product"}],"about":[{"href":"https:\/\/www.koro.net.pl\/fr\/wp-json\/wp\/v2\/types\/product"}],"wp:featuredmedia":[{"embeddable":true,"href":"https:\/\/www.koro.net.pl\/fr\/wp-json\/wp\/v2\/media\/5317"}],"wp:attachment":[{"href":"https:\/\/www.koro.net.pl\/fr\/wp-json\/wp\/v2\/media?parent=11918"}],"wp:term":[{"taxonomy":"product_brand","embeddable":true,"href":"https:\/\/www.koro.net.pl\/fr\/wp-json\/wp\/v2\/product_brand?post=11918"},{"taxonomy":"product_cat","embeddable":true,"href":"https:\/\/www.koro.net.pl\/fr\/wp-json\/wp\/v2\/product_cat?post=11918"},{"taxonomy":"product_tag","embeddable":true,"href":"https:\/\/www.koro.net.pl\/fr\/wp-json\/wp\/v2\/product_tag?post=11918"}],"curies":[{"name":"wp","href":"https:\/\/api.w.org\/{rel}","templated":true}]}}