{"id":11884,"date":"2023-05-17T16:15:14","date_gmt":"2023-05-17T14:15:14","guid":{"rendered":"https:\/\/www.koro.net.pl\/produkt\/scies-a-ruban-rontgen-varicut-en-titane-m42\/"},"modified":"2026-05-13T08:39:51","modified_gmt":"2026-05-13T06:39:51","slug":"scies-a-ruban-rontgen-varicut-en-titane-m42","status":"publish","type":"product","link":"https:\/\/www.koro.net.pl\/fr\/produkt\/scies-a-ruban-rontgen-varicut-en-titane-m42\/","title":{"rendered":"Scies \u00e0 ruban R\u00d6NTGEN VariCut en titane M42"},"content":{"rendered":"<h2>R\u00d6NTGEN VariCut Tytan M42 \u2013 scies \u00e0 ruban fiables pour le travail de la m\u00e9tallurgie de pr\u00e9cision<\/h2>\n<p>Les scies \u00e0 ruban R\u00d6NTGEN VariCut Tytan M42 sont des outils qui combinent avec succ\u00e8s les derni\u00e8res technologies de production avec une durabilit\u00e9 et une efficacit\u00e9 de coupe exceptionnelles. Con\u00e7us pour les utilisateurs les plus exigeants, ils sont id\u00e9aux pour travailler les m\u00e9taux et profils solides. Gr\u00e2ce \u00e0 l\u2019acier HSS M42 avec une r\u00e9sistance accrue \u00e0 l\u2019abrasion et une excellente flexibilit\u00e9, ces scies se distinguent par leur longue dur\u00e9e de vie m\u00eame en applications intensives.  <\/p>\n<h3>Application des scies \u00e0 ruban R\u00d6NTGEN VariCut Tytan M42<\/h3>\n<p>Ces scies \u00e0 ruban sont parfaites pour d\u00e9couper des aciers structurels, des aciers au carbone, des aciers faibles alliages, de l\u2019aluminium, du cuivre, du laiton. Ils permettent de couper des composants individuellement et en paquets, ce qui augmente l\u2019efficacit\u00e9 du travail. <\/p>\n<h3>Param\u00e8tres techniques optimaux de la scie \u00e0 bande R\u00d6NTGEN VariCut Tytan M42<\/h3>\n<p>La scie \u00e0 ruban VariCut Tytan M42 a une duret\u00e9 de 67-69 HRC, ce qui lui conf\u00e8re une r\u00e9sistance exceptionnelle aux \u00e9moussements et aux dommages m\u00e9caniques. Avec une vitesse de courroie allant jusqu\u2019\u00e0 100 m\/min, vous pouvez travailler efficacement avec une large gamme de mat\u00e9riaux, de l\u2019acier inoxydable aux aciers \u00e0 outils. Cette scie convient aussi bien \u00e0 la d\u00e9coupe en pi\u00e8ce unique qu\u2019\u00e0 la coupe en paquet, elle peut donc \u00eatre utilis\u00e9e dans de nombreuses applications industrielles.  <\/p>\n<h3>Avantages de choisir les scies \u00e0 ruban R\u00d6NTGEN VariCut Tytan M42<\/h3>\n<p>En choisissant les scies \u00e0 ruban R\u00d6NTGEN VariCut Tytan M42, vous obtenez des outils pour :<\/p>\n<ul>\n<li>    <b>une forte r\u00e9sistance \u00e0 l\u2019usure<\/b> \u2013 gr\u00e2ce \u00e0 l\u2019utilisation de l\u2019acier M42 ;<\/li>\n<li>    <b>longue esp\u00e9rance de vie<\/b> \u2013 risque r\u00e9duit de ternuage dentaire ;<\/li>\n<li>    <b> polyvalence<\/b>et \u2013 la capacit\u00e9 de couper divers mat\u00e9riaux ;<\/li>\n<li>    <b> Efficacit\u00e9 <\/b>\u2013 la capacit\u00e9 \u00e0 couper des \u00e9l\u00e9ments dans les paquets.<\/li>\n<\/ul>\n<p><b>Commandez d\u00e8s maintenant et profitez de la plus haute qualit\u00e9 ! Si vous avez des questions, n\u2019h\u00e9sitez pas \u00e0 nous contacter \u2013 nos experts seront ravis de vous aider \u00e0 choisir le produit qui correspond \u00e0 vos besoins. Nous vous invitons \u00e0 acheter !  <\/b><\/p>\n<p>Utilisation<br \/>\n <b>recommand\u00e9e <\/b>Acier structurel, carbone, aluminium<br \/>\n,<br \/>\ncuivre \u00e0 faible alliage<br \/>\n, laiton<\/p>\n","protected":false},"excerpt":{"rendered":"<p>R\u00d6NTGEN VariCut Tytan M42 \u2013 scies \u00e0 ruban fiables pour le travail de la m\u00e9tallurgie de pr\u00e9cision Les scies \u00e0 ruban R\u00d6NTGEN VariCut Tytan M42 sont des outils qui combinent [&hellip;]<\/p>\n","protected":false},"featured_media":7714,"template":"","meta":{"_acf_changed":false},"product_brand":[],"product_cat":[213,180],"product_tag":[],"class_list":{"0":"post-11884","1":"product","2":"type-product","3":"status-publish","4":"has-post-thumbnail","6":"product_cat-scies-a-ruban-bimetalliques","7":"product_cat-scies-a-ruban-pour-metal","9":"first","10":"instock","11":"taxable","12":"shipping-taxable","13":"purchasable","14":"product-type-variable","15":"has-default-attributes"},"acf":[],"yoast_head":"<!-- This site is optimized with the Yoast SEO plugin v27.5 - https:\/\/yoast.com\/product\/yoast-seo-wordpress\/ -->\n<title>Scies \u00e0 ruban R\u00d6NTGEN VariCut Tytan M42 : durables et efficaces<\/title>\n<meta name=\"description\" content=\"Scies \u00e0 bande R\u00d6NTGEN VariCut Titan M42 Duret\u00e9 67-69 HRC, vitesse allant jusqu\u2019\u00e0 100 m\/min. Forte r\u00e9sistance \u00e0 l\u2019usure. Pour d\u00e9couper des composants et des emballages individuels.\" \/>\n<meta name=\"robots\" content=\"index, follow, max-snippet:-1, max-image-preview:large, max-video-preview:-1\" \/>\n<link rel=\"canonical\" href=\"https:\/\/www.koro.net.pl\/fr\/produkt\/scies-a-ruban-rontgen-varicut-en-titane-m42\/\" \/>\n<meta property=\"og:locale\" content=\"fr_FR\" \/>\n<meta property=\"og:type\" content=\"article\" \/>\n<meta property=\"og:title\" content=\"Scies \u00e0 ruban R\u00d6NTGEN VariCut Tytan M42 : durables et efficaces\" \/>\n<meta property=\"og:description\" content=\"Scies \u00e0 bande R\u00d6NTGEN VariCut Titan M42 Duret\u00e9 67-69 HRC, vitesse allant jusqu\u2019\u00e0 100 m\/min. Forte r\u00e9sistance \u00e0 l\u2019usure. Pour d\u00e9couper des composants et des emballages individuels.\" \/>\n<meta property=\"og:url\" content=\"https:\/\/www.koro.net.pl\/fr\/produkt\/scies-a-ruban-rontgen-varicut-en-titane-m42\/\" \/>\n<meta property=\"og:site_name\" content=\"Koronet\" \/>\n<meta property=\"article:modified_time\" content=\"2026-05-13T06:39:51+00:00\" \/>\n<meta property=\"og:image\" content=\"https:\/\/www.koro.net.pl\/wp-content\/uploads\/2023\/10\/Varicut-obrocone-800x500-1.png\" \/>\n\t<meta property=\"og:image:width\" content=\"800\" \/>\n\t<meta property=\"og:image:height\" content=\"500\" \/>\n\t<meta property=\"og:image:type\" content=\"image\/png\" \/>\n<meta name=\"twitter:card\" content=\"summary_large_image\" \/>\n<meta name=\"twitter:label1\" content=\"Dur\u00e9e de lecture estim\u00e9e\" \/>\n\t<meta name=\"twitter:data1\" content=\"2 minutes\" \/>\n<script type=\"application\/ld+json\" class=\"yoast-schema-graph\">{\"@context\":\"https:\\\/\\\/schema.org\",\"@graph\":[{\"@type\":\"WebPage\",\"@id\":\"https:\\\/\\\/www.koro.net.pl\\\/fr\\\/produkt\\\/scies-a-ruban-rontgen-varicut-en-titane-m42\\\/\",\"url\":\"https:\\\/\\\/www.koro.net.pl\\\/fr\\\/produkt\\\/scies-a-ruban-rontgen-varicut-en-titane-m42\\\/\",\"name\":\"Scies \u00e0 ruban R\u00d6NTGEN VariCut Tytan M42 : durables et efficaces\",\"isPartOf\":{\"@id\":\"https:\\\/\\\/www.koro.net.pl\\\/fr\\\/#website\"},\"primaryImageOfPage\":{\"@id\":\"https:\\\/\\\/www.koro.net.pl\\\/fr\\\/produkt\\\/scies-a-ruban-rontgen-varicut-en-titane-m42\\\/#primaryimage\"},\"image\":{\"@id\":\"https:\\\/\\\/www.koro.net.pl\\\/fr\\\/produkt\\\/scies-a-ruban-rontgen-varicut-en-titane-m42\\\/#primaryimage\"},\"thumbnailUrl\":\"https:\\\/\\\/www.koro.net.pl\\\/wp-content\\\/uploads\\\/2023\\\/10\\\/Varicut-obrocone-800x500-1.png\",\"datePublished\":\"2023-05-17T14:15:14+00:00\",\"dateModified\":\"2026-05-13T06:39:51+00:00\",\"description\":\"Scies \u00e0 bande R\u00d6NTGEN VariCut Titan M42 Duret\u00e9 67-69 HRC, vitesse allant jusqu\u2019\u00e0 100 m\\\/min. Forte r\u00e9sistance \u00e0 l\u2019usure. Pour d\u00e9couper des composants et des emballages individuels.\",\"breadcrumb\":{\"@id\":\"https:\\\/\\\/www.koro.net.pl\\\/fr\\\/produkt\\\/scies-a-ruban-rontgen-varicut-en-titane-m42\\\/#breadcrumb\"},\"inLanguage\":\"fr-FR\",\"potentialAction\":[{\"@type\":\"ReadAction\",\"target\":[\"https:\\\/\\\/www.koro.net.pl\\\/fr\\\/produkt\\\/scies-a-ruban-rontgen-varicut-en-titane-m42\\\/\"]}]},{\"@type\":\"ImageObject\",\"inLanguage\":\"fr-FR\",\"@id\":\"https:\\\/\\\/www.koro.net.pl\\\/fr\\\/produkt\\\/scies-a-ruban-rontgen-varicut-en-titane-m42\\\/#primaryimage\",\"url\":\"https:\\\/\\\/www.koro.net.pl\\\/wp-content\\\/uploads\\\/2023\\\/10\\\/Varicut-obrocone-800x500-1.png\",\"contentUrl\":\"https:\\\/\\\/www.koro.net.pl\\\/wp-content\\\/uploads\\\/2023\\\/10\\\/Varicut-obrocone-800x500-1.png\",\"width\":800,\"height\":500,\"caption\":\"pi\u0142a ta\u015bmowa do metalu\"},{\"@type\":\"BreadcrumbList\",\"@id\":\"https:\\\/\\\/www.koro.net.pl\\\/fr\\\/produkt\\\/scies-a-ruban-rontgen-varicut-en-titane-m42\\\/#breadcrumb\",\"itemListElement\":[{\"@type\":\"ListItem\",\"position\":1,\"name\":\"Strona g\u0142\u00f3wna\",\"item\":\"https:\\\/\\\/www.koro.net.pl\\\/fr\\\/\"},{\"@type\":\"ListItem\",\"position\":2,\"name\":\"Scies \u00e0 ruban bim\u00e9talliques\",\"item\":\"https:\\\/\\\/www.koro.net.pl\\\/fr\\\/produkty\\\/scies-a-ruban-bimetalliques\\\/\"},{\"@type\":\"ListItem\",\"position\":3,\"name\":\"Scies \u00e0 ruban R\u00d6NTGEN VariCut en titane M42\"}]},{\"@type\":\"WebSite\",\"@id\":\"https:\\\/\\\/www.koro.net.pl\\\/fr\\\/#website\",\"url\":\"https:\\\/\\\/www.koro.net.pl\\\/fr\\\/\",\"name\":\"Koronet\",\"description\":\"\",\"publisher\":{\"@id\":\"https:\\\/\\\/www.koro.net.pl\\\/fr\\\/#organization\"},\"potentialAction\":[{\"@type\":\"SearchAction\",\"target\":{\"@type\":\"EntryPoint\",\"urlTemplate\":\"https:\\\/\\\/www.koro.net.pl\\\/fr\\\/?s={search_term_string}\"},\"query-input\":{\"@type\":\"PropertyValueSpecification\",\"valueRequired\":true,\"valueName\":\"search_term_string\"}}],\"inLanguage\":\"fr-FR\"},{\"@type\":\"Organization\",\"@id\":\"https:\\\/\\\/www.koro.net.pl\\\/fr\\\/#organization\",\"name\":\"Koronet\",\"alternateName\":\"Koronet\",\"url\":\"https:\\\/\\\/www.koro.net.pl\\\/fr\\\/\",\"logo\":{\"@type\":\"ImageObject\",\"inLanguage\":\"fr-FR\",\"@id\":\"https:\\\/\\\/www.koro.net.pl\\\/fr\\\/#\\\/schema\\\/logo\\\/image\\\/\",\"url\":\"https:\\\/\\\/www.koro.net.pl\\\/wp-content\\\/uploads\\\/2025\\\/02\\\/Koronet-spolka-z-o.o.png\",\"contentUrl\":\"https:\\\/\\\/www.koro.net.pl\\\/wp-content\\\/uploads\\\/2025\\\/02\\\/Koronet-spolka-z-o.o.png\",\"width\":696,\"height\":696,\"caption\":\"Koronet\"},\"image\":{\"@id\":\"https:\\\/\\\/www.koro.net.pl\\\/fr\\\/#\\\/schema\\\/logo\\\/image\\\/\"}}]}<\/script>\n<!-- \/ Yoast SEO plugin. -->","yoast_head_json":{"title":"Scies \u00e0 ruban R\u00d6NTGEN VariCut Tytan M42 : durables et efficaces","description":"Scies \u00e0 bande R\u00d6NTGEN VariCut Titan M42 Duret\u00e9 67-69 HRC, vitesse allant jusqu\u2019\u00e0 100 m\/min. Forte r\u00e9sistance \u00e0 l\u2019usure. Pour d\u00e9couper des composants et des emballages individuels.","robots":{"index":"index","follow":"follow","max-snippet":"max-snippet:-1","max-image-preview":"max-image-preview:large","max-video-preview":"max-video-preview:-1"},"canonical":"https:\/\/www.koro.net.pl\/fr\/produkt\/scies-a-ruban-rontgen-varicut-en-titane-m42\/","og_locale":"fr_FR","og_type":"article","og_title":"Scies \u00e0 ruban R\u00d6NTGEN VariCut Tytan M42 : durables et efficaces","og_description":"Scies \u00e0 bande R\u00d6NTGEN VariCut Titan M42 Duret\u00e9 67-69 HRC, vitesse allant jusqu\u2019\u00e0 100 m\/min. Forte r\u00e9sistance \u00e0 l\u2019usure. Pour d\u00e9couper des composants et des emballages individuels.","og_url":"https:\/\/www.koro.net.pl\/fr\/produkt\/scies-a-ruban-rontgen-varicut-en-titane-m42\/","og_site_name":"Koronet","article_modified_time":"2026-05-13T06:39:51+00:00","og_image":[{"width":800,"height":500,"url":"https:\/\/www.koro.net.pl\/wp-content\/uploads\/2023\/10\/Varicut-obrocone-800x500-1.png","type":"image\/png"}],"twitter_card":"summary_large_image","twitter_misc":{"Dur\u00e9e de lecture estim\u00e9e":"2 minutes"},"schema":{"@context":"https:\/\/schema.org","@graph":[{"@type":"WebPage","@id":"https:\/\/www.koro.net.pl\/fr\/produkt\/scies-a-ruban-rontgen-varicut-en-titane-m42\/","url":"https:\/\/www.koro.net.pl\/fr\/produkt\/scies-a-ruban-rontgen-varicut-en-titane-m42\/","name":"Scies \u00e0 ruban R\u00d6NTGEN VariCut Tytan M42 : durables et efficaces","isPartOf":{"@id":"https:\/\/www.koro.net.pl\/fr\/#website"},"primaryImageOfPage":{"@id":"https:\/\/www.koro.net.pl\/fr\/produkt\/scies-a-ruban-rontgen-varicut-en-titane-m42\/#primaryimage"},"image":{"@id":"https:\/\/www.koro.net.pl\/fr\/produkt\/scies-a-ruban-rontgen-varicut-en-titane-m42\/#primaryimage"},"thumbnailUrl":"https:\/\/www.koro.net.pl\/wp-content\/uploads\/2023\/10\/Varicut-obrocone-800x500-1.png","datePublished":"2023-05-17T14:15:14+00:00","dateModified":"2026-05-13T06:39:51+00:00","description":"Scies \u00e0 bande R\u00d6NTGEN VariCut Titan M42 Duret\u00e9 67-69 HRC, vitesse allant jusqu\u2019\u00e0 100 m\/min. Forte r\u00e9sistance \u00e0 l\u2019usure. Pour d\u00e9couper des composants et des emballages individuels.","breadcrumb":{"@id":"https:\/\/www.koro.net.pl\/fr\/produkt\/scies-a-ruban-rontgen-varicut-en-titane-m42\/#breadcrumb"},"inLanguage":"fr-FR","potentialAction":[{"@type":"ReadAction","target":["https:\/\/www.koro.net.pl\/fr\/produkt\/scies-a-ruban-rontgen-varicut-en-titane-m42\/"]}]},{"@type":"ImageObject","inLanguage":"fr-FR","@id":"https:\/\/www.koro.net.pl\/fr\/produkt\/scies-a-ruban-rontgen-varicut-en-titane-m42\/#primaryimage","url":"https:\/\/www.koro.net.pl\/wp-content\/uploads\/2023\/10\/Varicut-obrocone-800x500-1.png","contentUrl":"https:\/\/www.koro.net.pl\/wp-content\/uploads\/2023\/10\/Varicut-obrocone-800x500-1.png","width":800,"height":500,"caption":"pi\u0142a ta\u015bmowa do metalu"},{"@type":"BreadcrumbList","@id":"https:\/\/www.koro.net.pl\/fr\/produkt\/scies-a-ruban-rontgen-varicut-en-titane-m42\/#breadcrumb","itemListElement":[{"@type":"ListItem","position":1,"name":"Strona g\u0142\u00f3wna","item":"https:\/\/www.koro.net.pl\/fr\/"},{"@type":"ListItem","position":2,"name":"Scies \u00e0 ruban bim\u00e9talliques","item":"https:\/\/www.koro.net.pl\/fr\/produkty\/scies-a-ruban-bimetalliques\/"},{"@type":"ListItem","position":3,"name":"Scies \u00e0 ruban R\u00d6NTGEN VariCut en titane M42"}]},{"@type":"WebSite","@id":"https:\/\/www.koro.net.pl\/fr\/#website","url":"https:\/\/www.koro.net.pl\/fr\/","name":"Koronet","description":"","publisher":{"@id":"https:\/\/www.koro.net.pl\/fr\/#organization"},"potentialAction":[{"@type":"SearchAction","target":{"@type":"EntryPoint","urlTemplate":"https:\/\/www.koro.net.pl\/fr\/?s={search_term_string}"},"query-input":{"@type":"PropertyValueSpecification","valueRequired":true,"valueName":"search_term_string"}}],"inLanguage":"fr-FR"},{"@type":"Organization","@id":"https:\/\/www.koro.net.pl\/fr\/#organization","name":"Koronet","alternateName":"Koronet","url":"https:\/\/www.koro.net.pl\/fr\/","logo":{"@type":"ImageObject","inLanguage":"fr-FR","@id":"https:\/\/www.koro.net.pl\/fr\/#\/schema\/logo\/image\/","url":"https:\/\/www.koro.net.pl\/wp-content\/uploads\/2025\/02\/Koronet-spolka-z-o.o.png","contentUrl":"https:\/\/www.koro.net.pl\/wp-content\/uploads\/2025\/02\/Koronet-spolka-z-o.o.png","width":696,"height":696,"caption":"Koronet"},"image":{"@id":"https:\/\/www.koro.net.pl\/fr\/#\/schema\/logo\/image\/"}}]}},"_links":{"self":[{"href":"https:\/\/www.koro.net.pl\/fr\/wp-json\/wp\/v2\/product\/11884","targetHints":{"allow":["GET"]}}],"collection":[{"href":"https:\/\/www.koro.net.pl\/fr\/wp-json\/wp\/v2\/product"}],"about":[{"href":"https:\/\/www.koro.net.pl\/fr\/wp-json\/wp\/v2\/types\/product"}],"wp:featuredmedia":[{"embeddable":true,"href":"https:\/\/www.koro.net.pl\/fr\/wp-json\/wp\/v2\/media\/7714"}],"wp:attachment":[{"href":"https:\/\/www.koro.net.pl\/fr\/wp-json\/wp\/v2\/media?parent=11884"}],"wp:term":[{"taxonomy":"product_brand","embeddable":true,"href":"https:\/\/www.koro.net.pl\/fr\/wp-json\/wp\/v2\/product_brand?post=11884"},{"taxonomy":"product_cat","embeddable":true,"href":"https:\/\/www.koro.net.pl\/fr\/wp-json\/wp\/v2\/product_cat?post=11884"},{"taxonomy":"product_tag","embeddable":true,"href":"https:\/\/www.koro.net.pl\/fr\/wp-json\/wp\/v2\/product_tag?post=11884"}],"curies":[{"name":"wp","href":"https:\/\/api.w.org\/{rel}","templated":true}]}}