{"id":11881,"date":"2023-06-05T12:33:46","date_gmt":"2023-06-05T10:33:46","guid":{"rendered":"https:\/\/www.koro.net.pl\/produkt\/jauge-de-deformation-a-cadran-pour-vis\/"},"modified":"2026-05-13T08:39:46","modified_gmt":"2026-05-13T06:39:46","slug":"jauge-de-deformation-a-cadran-pour-vis","status":"publish","type":"product","link":"https:\/\/www.koro.net.pl\/fr\/produkt\/jauge-de-deformation-a-cadran-pour-vis\/","title":{"rendered":"Jauge de d\u00e9formation \u00e0 cadran pour vis"},"content":{"rendered":"<div class=\"mp4t_16_s mryx_16_s mr3m_1 mli2_1 mh85_56 mh85_0_l\">\n<div class=\"mgn2_16 _0d3bd_r3bCg\">\n<p><a href=\"https:\/\/www.koro.net.pl\/fr\/produkty\/accessoires-de-scie-a-bande\/\">La jauge de contrainte aide \u00e0 assurer une longue dur\u00e9e de vie de la scie \u00e0 ruban<\/a> et la rectitude de la coupe, en d\u00e9terminant pr\u00e9cis\u00e9ment la pr\u00e9charge correcte de la scie.<\/p>\n<p>Il est id\u00e9al pour couper des bandes de <b>20 \u00e0 27 mm<\/b>.<\/p>\n<p>La jauge de contrainte est con\u00e7ue pour \u00eatre utilis\u00e9e avec des coupe-bandes des types BS170G, BS260G, G5025, G5027 ainsi qu\u2019avec des coupeuses d\u2019autres fabricants :<\/p>\n<ul>\n<li>CORMAK \/ MAKTEK<\/li>\n<li>HOLZMAN<\/li>\n<li>PILUS<\/li>\n<li>BERNARDO<\/li>\n<li>KMA<\/li>\n<li>PONT<\/li>\n<li>OPTIMUM<\/li>\n<li>FEMI<\/li>\n<li>PROMA<\/li>\n<\/ul>\n<\/div>\n<\/div>\n<div class=\"mp4t_16_s mryx_16_s mr3m_1 mli2_1 mh85_56 mh85_0_l\">\n<div class=\"mg9e_8 mg9e_0_s mvrt_0_s mj7a_8 mj7a_0_s mh36_0_s mzmg_6m munh_16_l m3h2_16_l\">\n<div class=\"mp4t_0 mryx_0 munh_56 m3h2_56\">\n<h2>Caract\u00e9ristiques :<\/h2>\n<ul>\n<li><b>Hauteur :<\/b> 135 mm<\/li>\n<li><b>Largeur :<\/b> 70 mm<\/li>\n<li><b>\u00c9paisseur :<\/b> 40 mm<\/li>\n<li><b>Diam\u00e8tre du trou de montage :<\/b> 16 mm<\/li>\n<li><b>Diam\u00e8tre ext\u00e9rieur de l\u2019\u00e9l\u00e9ment de mesure :<\/b> 35 mm<\/li>\n<li><b>Poids :<\/b> 0,715 kg<\/li>\n<\/ul>\n<p>L\u2019utilisation d\u2019une jauge de contrainte r\u00e9duit la tendance de la scie \u00e0 ruban \u00e0 se casser, car elle alerte lorsque la tension est trop \u00e9lev\u00e9e \u00e0 un moment o\u00f9 il n\u2019est pas trop tard. Un manom\u00e8tre rotatif pr\u00e9cis permet une lecture directe de tension en [psi]. <\/p>\n<p>Le posem\u00e8tre est mont\u00e9 sur la vis derri\u00e8re le bouton de tension de la bande.<\/p>\n<\/div>\n<\/div>\n<\/div>\n","protected":false},"excerpt":{"rendered":"<p>La jauge de contrainte aide \u00e0 assurer une longue dur\u00e9e de vie de la scie \u00e0 ruban et la rectitude de la coupe, en d\u00e9terminant pr\u00e9cis\u00e9ment la pr\u00e9charge correcte de [&hellip;]<\/p>\n","protected":false},"featured_media":834,"template":"","meta":{"_acf_changed":false},"product_brand":[],"product_cat":[182],"product_tag":[],"class_list":{"0":"post-11881","1":"product","2":"type-product","3":"status-publish","4":"has-post-thumbnail","6":"product_cat-accessoires-de-scie-a-bande","8":"first","9":"instock","10":"taxable","11":"shipping-taxable","12":"purchasable","13":"product-type-simple"},"acf":[],"yoast_head":"<!-- This site is optimized with the Yoast SEO plugin v27.5 - https:\/\/yoast.com\/product\/yoast-seo-wordpress\/ -->\n<title>Jauge de contrainte pour scies \u00e0 ruban - mesure pr\u00e9cise de la tension<\/title>\n<meta name=\"description\" content=\"Une jauge de contrainte de pr\u00e9cision pour scies \u00e0 ruban est un outil indispensable pour l\u2019entretien des scies. Mesurez la tension et prolongez la dur\u00e9e de vie de la scie. Pour les coupe-coupeuses de diff\u00e9rents fabricants.\" \/>\n<meta name=\"robots\" content=\"index, follow, max-snippet:-1, max-image-preview:large, max-video-preview:-1\" \/>\n<link rel=\"canonical\" href=\"https:\/\/www.koro.net.pl\/fr\/produkt\/jauge-de-deformation-a-cadran-pour-vis\/\" \/>\n<meta property=\"og:locale\" content=\"fr_FR\" \/>\n<meta property=\"og:type\" content=\"article\" \/>\n<meta property=\"og:title\" content=\"Jauge de contrainte pour scies \u00e0 ruban - mesure pr\u00e9cise de la tension\" \/>\n<meta property=\"og:description\" content=\"Une jauge de contrainte de pr\u00e9cision pour scies \u00e0 ruban est un outil indispensable pour l\u2019entretien des scies. Mesurez la tension et prolongez la dur\u00e9e de vie de la scie. Pour les coupe-coupeuses de diff\u00e9rents fabricants.\" \/>\n<meta property=\"og:url\" content=\"https:\/\/www.koro.net.pl\/fr\/produkt\/jauge-de-deformation-a-cadran-pour-vis\/\" \/>\n<meta property=\"og:site_name\" content=\"Koronet\" \/>\n<meta property=\"article:modified_time\" content=\"2026-05-13T06:39:46+00:00\" \/>\n<meta property=\"og:image\" content=\"https:\/\/www.koro.net.pl\/wp-content\/uploads\/2023\/06\/TENSOMETR-ZEGAROWY-POMIAR-NAPREZENIA-PIL-TASMOWYCH-1.jpeg\" \/>\n\t<meta property=\"og:image:width\" content=\"1298\" \/>\n\t<meta property=\"og:image:height\" content=\"2560\" \/>\n\t<meta property=\"og:image:type\" content=\"image\/jpeg\" \/>\n<meta name=\"twitter:card\" content=\"summary_large_image\" \/>\n<meta name=\"twitter:label1\" content=\"Dur\u00e9e de lecture estim\u00e9e\" \/>\n\t<meta name=\"twitter:data1\" content=\"1 minute\" \/>\n<script type=\"application\/ld+json\" class=\"yoast-schema-graph\">{\"@context\":\"https:\\\/\\\/schema.org\",\"@graph\":[{\"@type\":\"WebPage\",\"@id\":\"https:\\\/\\\/www.koro.net.pl\\\/fr\\\/produkt\\\/jauge-de-deformation-a-cadran-pour-vis\\\/\",\"url\":\"https:\\\/\\\/www.koro.net.pl\\\/fr\\\/produkt\\\/jauge-de-deformation-a-cadran-pour-vis\\\/\",\"name\":\"Jauge de contrainte pour scies \u00e0 ruban - mesure pr\u00e9cise de la tension\",\"isPartOf\":{\"@id\":\"https:\\\/\\\/www.koro.net.pl\\\/fr\\\/#website\"},\"primaryImageOfPage\":{\"@id\":\"https:\\\/\\\/www.koro.net.pl\\\/fr\\\/produkt\\\/jauge-de-deformation-a-cadran-pour-vis\\\/#primaryimage\"},\"image\":{\"@id\":\"https:\\\/\\\/www.koro.net.pl\\\/fr\\\/produkt\\\/jauge-de-deformation-a-cadran-pour-vis\\\/#primaryimage\"},\"thumbnailUrl\":\"https:\\\/\\\/www.koro.net.pl\\\/wp-content\\\/uploads\\\/2023\\\/06\\\/TENSOMETR-ZEGAROWY-POMIAR-NAPREZENIA-PIL-TASMOWYCH-1.jpeg\",\"datePublished\":\"2023-06-05T10:33:46+00:00\",\"dateModified\":\"2026-05-13T06:39:46+00:00\",\"description\":\"Une jauge de contrainte de pr\u00e9cision pour scies \u00e0 ruban est un outil indispensable pour l\u2019entretien des scies. Mesurez la tension et prolongez la dur\u00e9e de vie de la scie. Pour les coupe-coupeuses de diff\u00e9rents fabricants.\",\"breadcrumb\":{\"@id\":\"https:\\\/\\\/www.koro.net.pl\\\/fr\\\/produkt\\\/jauge-de-deformation-a-cadran-pour-vis\\\/#breadcrumb\"},\"inLanguage\":\"fr-FR\",\"potentialAction\":[{\"@type\":\"ReadAction\",\"target\":[\"https:\\\/\\\/www.koro.net.pl\\\/fr\\\/produkt\\\/jauge-de-deformation-a-cadran-pour-vis\\\/\"]}]},{\"@type\":\"ImageObject\",\"inLanguage\":\"fr-FR\",\"@id\":\"https:\\\/\\\/www.koro.net.pl\\\/fr\\\/produkt\\\/jauge-de-deformation-a-cadran-pour-vis\\\/#primaryimage\",\"url\":\"https:\\\/\\\/www.koro.net.pl\\\/wp-content\\\/uploads\\\/2023\\\/06\\\/TENSOMETR-ZEGAROWY-POMIAR-NAPREZENIA-PIL-TASMOWYCH-1.jpeg\",\"contentUrl\":\"https:\\\/\\\/www.koro.net.pl\\\/wp-content\\\/uploads\\\/2023\\\/06\\\/TENSOMETR-ZEGAROWY-POMIAR-NAPREZENIA-PIL-TASMOWYCH-1.jpeg\",\"width\":1298,\"height\":2560,\"caption\":\"Tensometr zegarowy na \u015brub\u0119\"},{\"@type\":\"BreadcrumbList\",\"@id\":\"https:\\\/\\\/www.koro.net.pl\\\/fr\\\/produkt\\\/jauge-de-deformation-a-cadran-pour-vis\\\/#breadcrumb\",\"itemListElement\":[{\"@type\":\"ListItem\",\"position\":1,\"name\":\"Strona g\u0142\u00f3wna\",\"item\":\"https:\\\/\\\/www.koro.net.pl\\\/fr\\\/\"},{\"@type\":\"ListItem\",\"position\":2,\"name\":\"Accessoires de scie \u00e0 bande\",\"item\":\"https:\\\/\\\/www.koro.net.pl\\\/fr\\\/produkty\\\/accessoires-de-scie-a-bande\\\/\"},{\"@type\":\"ListItem\",\"position\":3,\"name\":\"Jauge de d\u00e9formation \u00e0 cadran pour vis\"}]},{\"@type\":\"WebSite\",\"@id\":\"https:\\\/\\\/www.koro.net.pl\\\/fr\\\/#website\",\"url\":\"https:\\\/\\\/www.koro.net.pl\\\/fr\\\/\",\"name\":\"Koronet\",\"description\":\"\",\"publisher\":{\"@id\":\"https:\\\/\\\/www.koro.net.pl\\\/fr\\\/#organization\"},\"potentialAction\":[{\"@type\":\"SearchAction\",\"target\":{\"@type\":\"EntryPoint\",\"urlTemplate\":\"https:\\\/\\\/www.koro.net.pl\\\/fr\\\/?s={search_term_string}\"},\"query-input\":{\"@type\":\"PropertyValueSpecification\",\"valueRequired\":true,\"valueName\":\"search_term_string\"}}],\"inLanguage\":\"fr-FR\"},{\"@type\":\"Organization\",\"@id\":\"https:\\\/\\\/www.koro.net.pl\\\/fr\\\/#organization\",\"name\":\"Koronet\",\"alternateName\":\"Koronet\",\"url\":\"https:\\\/\\\/www.koro.net.pl\\\/fr\\\/\",\"logo\":{\"@type\":\"ImageObject\",\"inLanguage\":\"fr-FR\",\"@id\":\"https:\\\/\\\/www.koro.net.pl\\\/fr\\\/#\\\/schema\\\/logo\\\/image\\\/\",\"url\":\"https:\\\/\\\/www.koro.net.pl\\\/wp-content\\\/uploads\\\/2025\\\/02\\\/Koronet-spolka-z-o.o.png\",\"contentUrl\":\"https:\\\/\\\/www.koro.net.pl\\\/wp-content\\\/uploads\\\/2025\\\/02\\\/Koronet-spolka-z-o.o.png\",\"width\":696,\"height\":696,\"caption\":\"Koronet\"},\"image\":{\"@id\":\"https:\\\/\\\/www.koro.net.pl\\\/fr\\\/#\\\/schema\\\/logo\\\/image\\\/\"}}]}<\/script>\n<!-- \/ Yoast SEO plugin. -->","yoast_head_json":{"title":"Jauge de contrainte pour scies \u00e0 ruban - mesure pr\u00e9cise de la tension","description":"Une jauge de contrainte de pr\u00e9cision pour scies \u00e0 ruban est un outil indispensable pour l\u2019entretien des scies. Mesurez la tension et prolongez la dur\u00e9e de vie de la scie. Pour les coupe-coupeuses de diff\u00e9rents fabricants.","robots":{"index":"index","follow":"follow","max-snippet":"max-snippet:-1","max-image-preview":"max-image-preview:large","max-video-preview":"max-video-preview:-1"},"canonical":"https:\/\/www.koro.net.pl\/fr\/produkt\/jauge-de-deformation-a-cadran-pour-vis\/","og_locale":"fr_FR","og_type":"article","og_title":"Jauge de contrainte pour scies \u00e0 ruban - mesure pr\u00e9cise de la tension","og_description":"Une jauge de contrainte de pr\u00e9cision pour scies \u00e0 ruban est un outil indispensable pour l\u2019entretien des scies. Mesurez la tension et prolongez la dur\u00e9e de vie de la scie. Pour les coupe-coupeuses de diff\u00e9rents fabricants.","og_url":"https:\/\/www.koro.net.pl\/fr\/produkt\/jauge-de-deformation-a-cadran-pour-vis\/","og_site_name":"Koronet","article_modified_time":"2026-05-13T06:39:46+00:00","og_image":[{"width":1298,"height":2560,"url":"https:\/\/www.koro.net.pl\/wp-content\/uploads\/2023\/06\/TENSOMETR-ZEGAROWY-POMIAR-NAPREZENIA-PIL-TASMOWYCH-1.jpeg","type":"image\/jpeg"}],"twitter_card":"summary_large_image","twitter_misc":{"Dur\u00e9e de lecture estim\u00e9e":"1 minute"},"schema":{"@context":"https:\/\/schema.org","@graph":[{"@type":"WebPage","@id":"https:\/\/www.koro.net.pl\/fr\/produkt\/jauge-de-deformation-a-cadran-pour-vis\/","url":"https:\/\/www.koro.net.pl\/fr\/produkt\/jauge-de-deformation-a-cadran-pour-vis\/","name":"Jauge de contrainte pour scies \u00e0 ruban - mesure pr\u00e9cise de la tension","isPartOf":{"@id":"https:\/\/www.koro.net.pl\/fr\/#website"},"primaryImageOfPage":{"@id":"https:\/\/www.koro.net.pl\/fr\/produkt\/jauge-de-deformation-a-cadran-pour-vis\/#primaryimage"},"image":{"@id":"https:\/\/www.koro.net.pl\/fr\/produkt\/jauge-de-deformation-a-cadran-pour-vis\/#primaryimage"},"thumbnailUrl":"https:\/\/www.koro.net.pl\/wp-content\/uploads\/2023\/06\/TENSOMETR-ZEGAROWY-POMIAR-NAPREZENIA-PIL-TASMOWYCH-1.jpeg","datePublished":"2023-06-05T10:33:46+00:00","dateModified":"2026-05-13T06:39:46+00:00","description":"Une jauge de contrainte de pr\u00e9cision pour scies \u00e0 ruban est un outil indispensable pour l\u2019entretien des scies. Mesurez la tension et prolongez la dur\u00e9e de vie de la scie. Pour les coupe-coupeuses de diff\u00e9rents fabricants.","breadcrumb":{"@id":"https:\/\/www.koro.net.pl\/fr\/produkt\/jauge-de-deformation-a-cadran-pour-vis\/#breadcrumb"},"inLanguage":"fr-FR","potentialAction":[{"@type":"ReadAction","target":["https:\/\/www.koro.net.pl\/fr\/produkt\/jauge-de-deformation-a-cadran-pour-vis\/"]}]},{"@type":"ImageObject","inLanguage":"fr-FR","@id":"https:\/\/www.koro.net.pl\/fr\/produkt\/jauge-de-deformation-a-cadran-pour-vis\/#primaryimage","url":"https:\/\/www.koro.net.pl\/wp-content\/uploads\/2023\/06\/TENSOMETR-ZEGAROWY-POMIAR-NAPREZENIA-PIL-TASMOWYCH-1.jpeg","contentUrl":"https:\/\/www.koro.net.pl\/wp-content\/uploads\/2023\/06\/TENSOMETR-ZEGAROWY-POMIAR-NAPREZENIA-PIL-TASMOWYCH-1.jpeg","width":1298,"height":2560,"caption":"Tensometr zegarowy na \u015brub\u0119"},{"@type":"BreadcrumbList","@id":"https:\/\/www.koro.net.pl\/fr\/produkt\/jauge-de-deformation-a-cadran-pour-vis\/#breadcrumb","itemListElement":[{"@type":"ListItem","position":1,"name":"Strona g\u0142\u00f3wna","item":"https:\/\/www.koro.net.pl\/fr\/"},{"@type":"ListItem","position":2,"name":"Accessoires de scie \u00e0 bande","item":"https:\/\/www.koro.net.pl\/fr\/produkty\/accessoires-de-scie-a-bande\/"},{"@type":"ListItem","position":3,"name":"Jauge de d\u00e9formation \u00e0 cadran pour vis"}]},{"@type":"WebSite","@id":"https:\/\/www.koro.net.pl\/fr\/#website","url":"https:\/\/www.koro.net.pl\/fr\/","name":"Koronet","description":"","publisher":{"@id":"https:\/\/www.koro.net.pl\/fr\/#organization"},"potentialAction":[{"@type":"SearchAction","target":{"@type":"EntryPoint","urlTemplate":"https:\/\/www.koro.net.pl\/fr\/?s={search_term_string}"},"query-input":{"@type":"PropertyValueSpecification","valueRequired":true,"valueName":"search_term_string"}}],"inLanguage":"fr-FR"},{"@type":"Organization","@id":"https:\/\/www.koro.net.pl\/fr\/#organization","name":"Koronet","alternateName":"Koronet","url":"https:\/\/www.koro.net.pl\/fr\/","logo":{"@type":"ImageObject","inLanguage":"fr-FR","@id":"https:\/\/www.koro.net.pl\/fr\/#\/schema\/logo\/image\/","url":"https:\/\/www.koro.net.pl\/wp-content\/uploads\/2025\/02\/Koronet-spolka-z-o.o.png","contentUrl":"https:\/\/www.koro.net.pl\/wp-content\/uploads\/2025\/02\/Koronet-spolka-z-o.o.png","width":696,"height":696,"caption":"Koronet"},"image":{"@id":"https:\/\/www.koro.net.pl\/fr\/#\/schema\/logo\/image\/"}}]}},"_links":{"self":[{"href":"https:\/\/www.koro.net.pl\/fr\/wp-json\/wp\/v2\/product\/11881","targetHints":{"allow":["GET"]}}],"collection":[{"href":"https:\/\/www.koro.net.pl\/fr\/wp-json\/wp\/v2\/product"}],"about":[{"href":"https:\/\/www.koro.net.pl\/fr\/wp-json\/wp\/v2\/types\/product"}],"wp:featuredmedia":[{"embeddable":true,"href":"https:\/\/www.koro.net.pl\/fr\/wp-json\/wp\/v2\/media\/834"}],"wp:attachment":[{"href":"https:\/\/www.koro.net.pl\/fr\/wp-json\/wp\/v2\/media?parent=11881"}],"wp:term":[{"taxonomy":"product_brand","embeddable":true,"href":"https:\/\/www.koro.net.pl\/fr\/wp-json\/wp\/v2\/product_brand?post=11881"},{"taxonomy":"product_cat","embeddable":true,"href":"https:\/\/www.koro.net.pl\/fr\/wp-json\/wp\/v2\/product_cat?post=11881"},{"taxonomy":"product_tag","embeddable":true,"href":"https:\/\/www.koro.net.pl\/fr\/wp-json\/wp\/v2\/product_tag?post=11881"}],"curies":[{"name":"wp","href":"https:\/\/api.w.org\/{rel}","templated":true}]}}