{"id":11871,"date":"2023-06-05T12:23:14","date_gmt":"2023-06-05T10:23:14","guid":{"rendered":"https:\/\/www.koro.net.pl\/produkt\/collecteur-de-puces-magnetique-58-cm\/"},"modified":"2023-06-05T12:23:14","modified_gmt":"2023-06-05T10:23:14","slug":"collecteur-de-puces-magnetique-58-cm","status":"publish","type":"product","link":"https:\/\/www.koro.net.pl\/fr\/produkt\/collecteur-de-puces-magnetique-58-cm\/","title":{"rendered":"Collecteur de puces magn\u00e9tique 58 cm"},"content":{"rendered":"<p><strong>Collecteur de puces magn\u00e9tique<\/strong><\/p>\n<ul>\n<li><a href=\"https:\/\/www.koro.net.pl\/fr\/produkty\/accessoires-de-scie-a-bande\/\">Un collecteur de puces magn\u00e9tique est un dispositif pratique<\/a> pour nettoyer le lieu de travail des copeaux et des copeaux m\u00e9talliques.<\/li>\n<li>Con\u00e7u pour les ateliers et stations de travail o\u00f9 l\u2019usinage est utilis\u00e9.<\/li>\n<li>Il se caract\u00e9rise par un fonctionnement simple : il suffit de d\u00e9placer la tige magn\u00e9tique sur les puces pour les collecter, puis de les d\u00e9placer sur le r\u00e9cipient \u00e0 puces, de faire glisser le ventouse vers l\u2019ext\u00e9rieur et les copeaux tombent automatiquement dans le r\u00e9cipient.<\/li>\n<li>La poign\u00e9e en caoutchouc assure le confort d\u2019utilisation, et la grande protection garantit la s\u00e9curit\u00e9 de l\u2019utilisateur contre les \u00e9clats.<\/li>\n<\/ul>\n<p><b>Utile dans n\u2019importe quel atelier<\/b><\/p>\n<ul>\n<li>Simple \u00e0 utiliser<\/li>\n<li>Aucune alimentation \u00e9lectrique requise<\/li>\n<li>Piston pour un travail facile<\/li>\n<li>Collecte avec pr\u00e9cision toutes les limailles d\u2019acier<\/li>\n<li>Longueur de travail : 580 mm<\/li>\n<\/ul>\n","protected":false},"excerpt":{"rendered":"<p>Collecteur de puces magn\u00e9tique Un collecteur de puces magn\u00e9tique est un dispositif pratique pour nettoyer le lieu de travail des copeaux et des copeaux m\u00e9talliques. Con\u00e7u pour les ateliers et [&hellip;]<\/p>\n","protected":false},"featured_media":823,"template":"","meta":{"_acf_changed":false},"product_brand":[],"product_cat":[182],"product_tag":[],"class_list":{"0":"post-11871","1":"product","2":"type-product","3":"status-publish","4":"has-post-thumbnail","6":"product_cat-accessoires-de-scie-a-bande","8":"first","9":"instock","10":"taxable","11":"shipping-taxable","12":"purchasable","13":"product-type-simple"},"acf":[],"yoast_head":"<!-- This site is optimized with the Yoast SEO plugin v27.5 - https:\/\/yoast.com\/product\/yoast-seo-wordpress\/ -->\n<title>Collecteur de puces magn\u00e9tiques : Atelier nettoy\u00e9 sans effort<\/title>\n<meta name=\"description\" content=\"Collecteur de puces magn\u00e9tiques : nettoyez rapidement et facilement l\u2019atelier des copeaux m\u00e9talliques. Poign\u00e9e confortable, m\u00e9canisme de d\u00e9verrouillage simple. Parfait pour n\u2019importe quel atelier !\" \/>\n<meta name=\"robots\" content=\"index, follow, max-snippet:-1, max-image-preview:large, max-video-preview:-1\" \/>\n<link rel=\"canonical\" href=\"https:\/\/www.koro.net.pl\/fr\/produkt\/collecteur-de-puces-magnetique-58-cm\/\" \/>\n<meta property=\"og:locale\" content=\"fr_FR\" \/>\n<meta property=\"og:type\" content=\"article\" \/>\n<meta property=\"og:title\" content=\"Collecteur de puces magn\u00e9tiques : Atelier nettoy\u00e9 sans effort\" \/>\n<meta property=\"og:description\" content=\"Collecteur de puces magn\u00e9tiques : nettoyez rapidement et facilement l\u2019atelier des copeaux m\u00e9talliques. Poign\u00e9e confortable, m\u00e9canisme de d\u00e9verrouillage simple. Parfait pour n\u2019importe quel atelier !\" \/>\n<meta property=\"og:url\" content=\"https:\/\/www.koro.net.pl\/fr\/produkt\/collecteur-de-puces-magnetique-58-cm\/\" \/>\n<meta property=\"og:site_name\" content=\"Koronet\" \/>\n<meta property=\"og:image\" content=\"https:\/\/www.koro.net.pl\/wp-content\/uploads\/2023\/06\/MAGNETYCZNY-ZBIERACZ-WIOROW-58CM-DLUGI.jpeg\" \/>\n\t<meta property=\"og:image:width\" content=\"1200\" \/>\n\t<meta property=\"og:image:height\" content=\"876\" \/>\n\t<meta property=\"og:image:type\" content=\"image\/jpeg\" \/>\n<meta name=\"twitter:card\" content=\"summary_large_image\" \/>\n<meta name=\"twitter:label1\" content=\"Dur\u00e9e de lecture estim\u00e9e\" \/>\n\t<meta name=\"twitter:data1\" content=\"1 minute\" \/>\n<script type=\"application\/ld+json\" class=\"yoast-schema-graph\">{\"@context\":\"https:\\\/\\\/schema.org\",\"@graph\":[{\"@type\":\"WebPage\",\"@id\":\"https:\\\/\\\/www.koro.net.pl\\\/fr\\\/produkt\\\/collecteur-de-puces-magnetique-58-cm\\\/\",\"url\":\"https:\\\/\\\/www.koro.net.pl\\\/fr\\\/produkt\\\/collecteur-de-puces-magnetique-58-cm\\\/\",\"name\":\"Collecteur de puces magn\u00e9tiques : Atelier nettoy\u00e9 sans effort\",\"isPartOf\":{\"@id\":\"https:\\\/\\\/www.koro.net.pl\\\/fr\\\/#website\"},\"primaryImageOfPage\":{\"@id\":\"https:\\\/\\\/www.koro.net.pl\\\/fr\\\/produkt\\\/collecteur-de-puces-magnetique-58-cm\\\/#primaryimage\"},\"image\":{\"@id\":\"https:\\\/\\\/www.koro.net.pl\\\/fr\\\/produkt\\\/collecteur-de-puces-magnetique-58-cm\\\/#primaryimage\"},\"thumbnailUrl\":\"https:\\\/\\\/www.koro.net.pl\\\/wp-content\\\/uploads\\\/2023\\\/06\\\/MAGNETYCZNY-ZBIERACZ-WIOROW-58CM-DLUGI.jpeg\",\"datePublished\":\"2023-06-05T10:23:14+00:00\",\"description\":\"Collecteur de puces magn\u00e9tiques : nettoyez rapidement et facilement l\u2019atelier des copeaux m\u00e9talliques. Poign\u00e9e confortable, m\u00e9canisme de d\u00e9verrouillage simple. Parfait pour n\u2019importe quel atelier !\",\"breadcrumb\":{\"@id\":\"https:\\\/\\\/www.koro.net.pl\\\/fr\\\/produkt\\\/collecteur-de-puces-magnetique-58-cm\\\/#breadcrumb\"},\"inLanguage\":\"fr-FR\",\"potentialAction\":[{\"@type\":\"ReadAction\",\"target\":[\"https:\\\/\\\/www.koro.net.pl\\\/fr\\\/produkt\\\/collecteur-de-puces-magnetique-58-cm\\\/\"]}]},{\"@type\":\"ImageObject\",\"inLanguage\":\"fr-FR\",\"@id\":\"https:\\\/\\\/www.koro.net.pl\\\/fr\\\/produkt\\\/collecteur-de-puces-magnetique-58-cm\\\/#primaryimage\",\"url\":\"https:\\\/\\\/www.koro.net.pl\\\/wp-content\\\/uploads\\\/2023\\\/06\\\/MAGNETYCZNY-ZBIERACZ-WIOROW-58CM-DLUGI.jpeg\",\"contentUrl\":\"https:\\\/\\\/www.koro.net.pl\\\/wp-content\\\/uploads\\\/2023\\\/06\\\/MAGNETYCZNY-ZBIERACZ-WIOROW-58CM-DLUGI.jpeg\",\"width\":1200,\"height\":876,\"caption\":\"Magnetyczny zbieracz wi\u00f3r\u00f3w 58cm\"},{\"@type\":\"BreadcrumbList\",\"@id\":\"https:\\\/\\\/www.koro.net.pl\\\/fr\\\/produkt\\\/collecteur-de-puces-magnetique-58-cm\\\/#breadcrumb\",\"itemListElement\":[{\"@type\":\"ListItem\",\"position\":1,\"name\":\"Strona g\u0142\u00f3wna\",\"item\":\"https:\\\/\\\/www.koro.net.pl\\\/fr\\\/\"},{\"@type\":\"ListItem\",\"position\":2,\"name\":\"Collecteur de puces magn\u00e9tique 58 cm\"}]},{\"@type\":\"WebSite\",\"@id\":\"https:\\\/\\\/www.koro.net.pl\\\/fr\\\/#website\",\"url\":\"https:\\\/\\\/www.koro.net.pl\\\/fr\\\/\",\"name\":\"Koronet\",\"description\":\"\",\"publisher\":{\"@id\":\"https:\\\/\\\/www.koro.net.pl\\\/fr\\\/#organization\"},\"potentialAction\":[{\"@type\":\"SearchAction\",\"target\":{\"@type\":\"EntryPoint\",\"urlTemplate\":\"https:\\\/\\\/www.koro.net.pl\\\/fr\\\/?s={search_term_string}\"},\"query-input\":{\"@type\":\"PropertyValueSpecification\",\"valueRequired\":true,\"valueName\":\"search_term_string\"}}],\"inLanguage\":\"fr-FR\"},{\"@type\":\"Organization\",\"@id\":\"https:\\\/\\\/www.koro.net.pl\\\/fr\\\/#organization\",\"name\":\"Koronet\",\"alternateName\":\"Koronet\",\"url\":\"https:\\\/\\\/www.koro.net.pl\\\/fr\\\/\",\"logo\":{\"@type\":\"ImageObject\",\"inLanguage\":\"fr-FR\",\"@id\":\"https:\\\/\\\/www.koro.net.pl\\\/fr\\\/#\\\/schema\\\/logo\\\/image\\\/\",\"url\":\"https:\\\/\\\/www.koro.net.pl\\\/wp-content\\\/uploads\\\/2025\\\/02\\\/Koronet-spolka-z-o.o.png\",\"contentUrl\":\"https:\\\/\\\/www.koro.net.pl\\\/wp-content\\\/uploads\\\/2025\\\/02\\\/Koronet-spolka-z-o.o.png\",\"width\":696,\"height\":696,\"caption\":\"Koronet\"},\"image\":{\"@id\":\"https:\\\/\\\/www.koro.net.pl\\\/fr\\\/#\\\/schema\\\/logo\\\/image\\\/\"}}]}<\/script>\n<!-- \/ Yoast SEO plugin. -->","yoast_head_json":{"title":"Collecteur de puces magn\u00e9tiques : Atelier nettoy\u00e9 sans effort","description":"Collecteur de puces magn\u00e9tiques : nettoyez rapidement et facilement l\u2019atelier des copeaux m\u00e9talliques. Poign\u00e9e confortable, m\u00e9canisme de d\u00e9verrouillage simple. Parfait pour n\u2019importe quel atelier !","robots":{"index":"index","follow":"follow","max-snippet":"max-snippet:-1","max-image-preview":"max-image-preview:large","max-video-preview":"max-video-preview:-1"},"canonical":"https:\/\/www.koro.net.pl\/fr\/produkt\/collecteur-de-puces-magnetique-58-cm\/","og_locale":"fr_FR","og_type":"article","og_title":"Collecteur de puces magn\u00e9tiques : Atelier nettoy\u00e9 sans effort","og_description":"Collecteur de puces magn\u00e9tiques : nettoyez rapidement et facilement l\u2019atelier des copeaux m\u00e9talliques. Poign\u00e9e confortable, m\u00e9canisme de d\u00e9verrouillage simple. Parfait pour n\u2019importe quel atelier !","og_url":"https:\/\/www.koro.net.pl\/fr\/produkt\/collecteur-de-puces-magnetique-58-cm\/","og_site_name":"Koronet","og_image":[{"width":1200,"height":876,"url":"https:\/\/www.koro.net.pl\/wp-content\/uploads\/2023\/06\/MAGNETYCZNY-ZBIERACZ-WIOROW-58CM-DLUGI.jpeg","type":"image\/jpeg"}],"twitter_card":"summary_large_image","twitter_misc":{"Dur\u00e9e de lecture estim\u00e9e":"1 minute"},"schema":{"@context":"https:\/\/schema.org","@graph":[{"@type":"WebPage","@id":"https:\/\/www.koro.net.pl\/fr\/produkt\/collecteur-de-puces-magnetique-58-cm\/","url":"https:\/\/www.koro.net.pl\/fr\/produkt\/collecteur-de-puces-magnetique-58-cm\/","name":"Collecteur de puces magn\u00e9tiques : Atelier nettoy\u00e9 sans effort","isPartOf":{"@id":"https:\/\/www.koro.net.pl\/fr\/#website"},"primaryImageOfPage":{"@id":"https:\/\/www.koro.net.pl\/fr\/produkt\/collecteur-de-puces-magnetique-58-cm\/#primaryimage"},"image":{"@id":"https:\/\/www.koro.net.pl\/fr\/produkt\/collecteur-de-puces-magnetique-58-cm\/#primaryimage"},"thumbnailUrl":"https:\/\/www.koro.net.pl\/wp-content\/uploads\/2023\/06\/MAGNETYCZNY-ZBIERACZ-WIOROW-58CM-DLUGI.jpeg","datePublished":"2023-06-05T10:23:14+00:00","description":"Collecteur de puces magn\u00e9tiques : nettoyez rapidement et facilement l\u2019atelier des copeaux m\u00e9talliques. Poign\u00e9e confortable, m\u00e9canisme de d\u00e9verrouillage simple. Parfait pour n\u2019importe quel atelier !","breadcrumb":{"@id":"https:\/\/www.koro.net.pl\/fr\/produkt\/collecteur-de-puces-magnetique-58-cm\/#breadcrumb"},"inLanguage":"fr-FR","potentialAction":[{"@type":"ReadAction","target":["https:\/\/www.koro.net.pl\/fr\/produkt\/collecteur-de-puces-magnetique-58-cm\/"]}]},{"@type":"ImageObject","inLanguage":"fr-FR","@id":"https:\/\/www.koro.net.pl\/fr\/produkt\/collecteur-de-puces-magnetique-58-cm\/#primaryimage","url":"https:\/\/www.koro.net.pl\/wp-content\/uploads\/2023\/06\/MAGNETYCZNY-ZBIERACZ-WIOROW-58CM-DLUGI.jpeg","contentUrl":"https:\/\/www.koro.net.pl\/wp-content\/uploads\/2023\/06\/MAGNETYCZNY-ZBIERACZ-WIOROW-58CM-DLUGI.jpeg","width":1200,"height":876,"caption":"Magnetyczny zbieracz wi\u00f3r\u00f3w 58cm"},{"@type":"BreadcrumbList","@id":"https:\/\/www.koro.net.pl\/fr\/produkt\/collecteur-de-puces-magnetique-58-cm\/#breadcrumb","itemListElement":[{"@type":"ListItem","position":1,"name":"Strona g\u0142\u00f3wna","item":"https:\/\/www.koro.net.pl\/fr\/"},{"@type":"ListItem","position":2,"name":"Collecteur de puces magn\u00e9tique 58 cm"}]},{"@type":"WebSite","@id":"https:\/\/www.koro.net.pl\/fr\/#website","url":"https:\/\/www.koro.net.pl\/fr\/","name":"Koronet","description":"","publisher":{"@id":"https:\/\/www.koro.net.pl\/fr\/#organization"},"potentialAction":[{"@type":"SearchAction","target":{"@type":"EntryPoint","urlTemplate":"https:\/\/www.koro.net.pl\/fr\/?s={search_term_string}"},"query-input":{"@type":"PropertyValueSpecification","valueRequired":true,"valueName":"search_term_string"}}],"inLanguage":"fr-FR"},{"@type":"Organization","@id":"https:\/\/www.koro.net.pl\/fr\/#organization","name":"Koronet","alternateName":"Koronet","url":"https:\/\/www.koro.net.pl\/fr\/","logo":{"@type":"ImageObject","inLanguage":"fr-FR","@id":"https:\/\/www.koro.net.pl\/fr\/#\/schema\/logo\/image\/","url":"https:\/\/www.koro.net.pl\/wp-content\/uploads\/2025\/02\/Koronet-spolka-z-o.o.png","contentUrl":"https:\/\/www.koro.net.pl\/wp-content\/uploads\/2025\/02\/Koronet-spolka-z-o.o.png","width":696,"height":696,"caption":"Koronet"},"image":{"@id":"https:\/\/www.koro.net.pl\/fr\/#\/schema\/logo\/image\/"}}]}},"_links":{"self":[{"href":"https:\/\/www.koro.net.pl\/fr\/wp-json\/wp\/v2\/product\/11871","targetHints":{"allow":["GET"]}}],"collection":[{"href":"https:\/\/www.koro.net.pl\/fr\/wp-json\/wp\/v2\/product"}],"about":[{"href":"https:\/\/www.koro.net.pl\/fr\/wp-json\/wp\/v2\/types\/product"}],"wp:featuredmedia":[{"embeddable":true,"href":"https:\/\/www.koro.net.pl\/fr\/wp-json\/wp\/v2\/media\/823"}],"wp:attachment":[{"href":"https:\/\/www.koro.net.pl\/fr\/wp-json\/wp\/v2\/media?parent=11871"}],"wp:term":[{"taxonomy":"product_brand","embeddable":true,"href":"https:\/\/www.koro.net.pl\/fr\/wp-json\/wp\/v2\/product_brand?post=11871"},{"taxonomy":"product_cat","embeddable":true,"href":"https:\/\/www.koro.net.pl\/fr\/wp-json\/wp\/v2\/product_cat?post=11871"},{"taxonomy":"product_tag","embeddable":true,"href":"https:\/\/www.koro.net.pl\/fr\/wp-json\/wp\/v2\/product_tag?post=11871"}],"curies":[{"name":"wp","href":"https:\/\/api.w.org\/{rel}","templated":true}]}}