{"id":11853,"date":"2023-10-26T09:54:13","date_gmt":"2023-10-26T07:54:13","guid":{"rendered":"https:\/\/www.koro.net.pl\/produkt\/scie-a-ruban-en-bois-premium-roh-35x1-1x4800\/"},"modified":"2026-05-13T08:39:13","modified_gmt":"2026-05-13T06:39:13","slug":"scie-a-ruban-en-bois-premium-roh-35x1-1x4800","status":"publish","type":"product","link":"https:\/\/www.koro.net.pl\/fr\/produkt\/scie-a-ruban-en-bois-premium-roh-35x1-1x4800\/","title":{"rendered":"Scie \u00e0 ruban en bois premium ROH 35&#215;1, 1&#215;4800"},"content":{"rendered":"<p><a href=\"https:\/\/www.koro.net.pl\/fr\/produkty\/scies-a-ruban-pour-bois\/\">Scie \u00e0 ruban pour<\/a> bois en acier alli\u00e9 avec chrome, vanadium et nickel.<\/p>\n<p><strong>Caract\u00e9ristiques :  <\/strong><\/p>\n<p>Mat\u00e9riau : <strong>acier \u00e0 haute alliage<\/strong><br \/>\nPas : <strong>22,2 mm<\/strong><br \/>\nDuret\u00e9 de la scie : <strong>44+46 HRC<\/strong><br \/>\nTemps de travail continu : <strong>1h + 12 heures<\/strong><br \/>\nde repos Tension de la scie : <strong>155-165 MPa<\/strong><br \/>\nVitesse de la scie : <strong>30 m\/s<\/strong>Alimentation : <strong>2-8 m\/min<\/strong><\/p>\n<p><strong>Caract\u00e9ristiques :<\/strong><\/p>\n<ul>\n<li>R\u00e9sistance \u00e0 la fissuration<\/li>\n<li>Meilleure stabilit\u00e9 de fonctionnement<\/li>\n<li>Dur\u00e9e de vie en service plus longue<\/li>\n<li>R\u00e9sistance accrue \u00e0 l\u2019extinction<\/li>\n<li>recommand\u00e9 pour la coupe de bois tendre et de duret\u00e9 moyenne<\/li>\n<\/ul>\n<p>&nbsp;<\/p>\n<table border=\"1\" cellspacing=\"1\" cellpadding=\"1\">\n<tbody>\n<tr>\n<td><b>Largeur <\/b><\/td>\n<td><b>\u00c9paisseur <\/b><\/td>\n<td><b>Non ouvert Non aff\u00fbt\u00e9 <\/b><\/td>\n<td><b>\u00c9mouss\u00e9 <\/b><\/td>\n<td><b>Ouvert Aiguis\u00e9 Durci<\/b><\/td>\n<\/tr>\n<tr>\n<td>35<\/td>\n<td>1.0<\/td>\n<td>\n\u2713<\/td>\n<td>\n\u2713<\/td>\n<td>\u2713<\/td>\n<\/tr>\n<tr>\n<td>35<\/td>\n<td>1.1<\/td>\n<td>\n\u2713<\/td>\n<td>\n\u2713<\/td>\n<td>\u2713<\/td>\n<\/tr>\n<tr>\n<td>40<\/td>\n<td>1.0<\/td>\n<td>\n\u2713<\/td>\n<td>\n\u2713<\/td>\n<td>\u2713<\/td>\n<\/tr>\n<tr>\n<td>40<\/td>\n<td>1.14<\/td>\n<td>\n\u2713<\/td>\n<td>\n\u2713<\/td>\n<td>\u2713<\/td>\n<\/tr>\n<tr>\n<td>50<\/td>\n<td>1.1<\/td>\n<td>\n\u2713<\/td>\n<td>\n\u2713<\/td>\n<td>\u2713<\/td>\n<\/tr>\n<tr>\n<td>50<\/td>\n<td>1.14<\/td>\n<td>\n\u2713<\/td>\n<td>\n\u2713<\/td>\n<td>\u2713<\/td>\n<\/tr>\n<\/tbody>\n<\/table>\n<p>&nbsp;<\/p>\n<table border=\"1\" width=\"361\" cellspacing=\"1\" cellpadding=\"1\">\n<tbody>\n<tr>\n<td colspan=\"3\"><b>Duret\u00e9 du bois<\/b><\/td>\n<\/tr>\n<tr>\n<td><b>Doux <\/b><\/td>\n<td><b>Moyen <\/b><\/td>\n<td><b>Difficile <\/b><\/td>\n<\/tr>\n<tr>\n<td>\n RO<\/td>\n<td>\n RO<\/td>\n<td>ROH<\/td>\n<\/tr>\n<\/tbody>\n<\/table>\n<p>&nbsp;<\/p>\n<table border=\"1\" width=\"698\" cellspacing=\"1\" cellpadding=\"1\">\n<tbody>\n<tr>\n<td colspan=\"4\"><b>Conditions de travail  <\/b><\/td>\n<\/tr>\n<tr>\n Bois <\/p>\n<td> <b>\u00e9corc\u00e9<\/b><\/td>\n<p>Bois <\/p>\n<td><b>non \u00e9corc\u00e9, <\/b><\/td>\n<p> propre, nettoyageBois <\/p>\n<td><b>sablonneux <\/b><\/td>\n<p> non \u00e9corc\u00e9<\/p>\n<td><b>Bois gel\u00e9<\/b><\/td>\n<\/tr>\n<tr>\n<td> <\/td>\n<p> RO<\/p>\n<td>\n RO<\/td>\n<td>ROH<\/td>\n<td>ROH<\/td>\n<\/tr>\n<\/tbody>\n<\/table>\n","protected":false},"excerpt":{"rendered":"<p>Scie \u00e0 ruban pour bois en acier alli\u00e9 avec chrome, vanadium et nickel. Caract\u00e9ristiques : Mat\u00e9riau : acier \u00e0 haute alliage Pas : 22,2 mm Duret\u00e9 de la scie : [&hellip;]<\/p>\n","protected":false},"featured_media":11849,"template":"","meta":{"_acf_changed":false},"product_brand":[],"product_cat":[203,202],"product_tag":[205],"class_list":{"0":"post-11853","1":"product","2":"type-product","3":"status-publish","4":"has-post-thumbnail","6":"product_cat-populaire","7":"product_cat-scies-a-ruban-pour-bois","8":"product_tag-produits-populaires-scies-a-bois","9":"product_shipping_class-livraison-gratuite-scies-a-bois","11":"first","12":"instock","13":"taxable","14":"shipping-taxable","15":"purchasable","16":"product-type-simple"},"acf":[],"yoast_head":"<!-- This site is optimized with the Yoast SEO plugin v27.5 - https:\/\/yoast.com\/product\/yoast-seo-wordpress\/ -->\n<title>Scie \u00e0 ruban ROH Wood - Pour bois tendre et moyen<\/title>\n<meta name=\"description\" content=\"ROH \u00e0 la scie \u00e0 ruban en bois haut de gamme. R\u00e9sistant aux fissures, meilleure stabilit\u00e9 de fonctionnement. Longue dur\u00e9e de vie, haute qualit\u00e9. Acier alli\u00e9 (chrome, vanadium, nickel).\" \/>\n<meta name=\"robots\" content=\"index, follow, max-snippet:-1, max-image-preview:large, max-video-preview:-1\" \/>\n<link rel=\"canonical\" href=\"https:\/\/www.koro.net.pl\/fr\/produkt\/scie-a-ruban-en-bois-premium-roh-35x1-1x4800\/\" \/>\n<meta property=\"og:locale\" content=\"fr_FR\" \/>\n<meta property=\"og:type\" content=\"article\" \/>\n<meta property=\"og:title\" content=\"Scie \u00e0 ruban ROH Wood - Pour bois tendre et moyen\" \/>\n<meta property=\"og:description\" content=\"ROH \u00e0 la scie \u00e0 ruban en bois haut de gamme. R\u00e9sistant aux fissures, meilleure stabilit\u00e9 de fonctionnement. Longue dur\u00e9e de vie, haute qualit\u00e9. Acier alli\u00e9 (chrome, vanadium, nickel).\" \/>\n<meta property=\"og:url\" content=\"https:\/\/www.koro.net.pl\/fr\/produkt\/scie-a-ruban-en-bois-premium-roh-35x1-1x4800\/\" \/>\n<meta property=\"og:site_name\" content=\"Koronet\" \/>\n<meta property=\"article:modified_time\" content=\"2026-05-13T06:39:13+00:00\" \/>\n<meta property=\"og:image\" content=\"https:\/\/www.koro.net.pl\/wp-content\/uploads\/2023\/10\/Premium-800x600-1.png\" \/>\n\t<meta property=\"og:image:width\" content=\"800\" \/>\n\t<meta property=\"og:image:height\" content=\"600\" \/>\n\t<meta property=\"og:image:type\" content=\"image\/png\" \/>\n<meta name=\"twitter:card\" content=\"summary_large_image\" \/>\n<meta name=\"twitter:label1\" content=\"Dur\u00e9e de lecture estim\u00e9e\" \/>\n\t<meta name=\"twitter:data1\" content=\"1 minute\" \/>\n<script type=\"application\/ld+json\" class=\"yoast-schema-graph\">{\"@context\":\"https:\\\/\\\/schema.org\",\"@graph\":[{\"@type\":\"WebPage\",\"@id\":\"https:\\\/\\\/www.koro.net.pl\\\/fr\\\/produkt\\\/scie-a-ruban-en-bois-premium-roh-35x1-1x4800\\\/\",\"url\":\"https:\\\/\\\/www.koro.net.pl\\\/fr\\\/produkt\\\/scie-a-ruban-en-bois-premium-roh-35x1-1x4800\\\/\",\"name\":\"Scie \u00e0 ruban ROH Wood - Pour bois tendre et moyen\",\"isPartOf\":{\"@id\":\"https:\\\/\\\/www.koro.net.pl\\\/fr\\\/#website\"},\"primaryImageOfPage\":{\"@id\":\"https:\\\/\\\/www.koro.net.pl\\\/fr\\\/produkt\\\/scie-a-ruban-en-bois-premium-roh-35x1-1x4800\\\/#primaryimage\"},\"image\":{\"@id\":\"https:\\\/\\\/www.koro.net.pl\\\/fr\\\/produkt\\\/scie-a-ruban-en-bois-premium-roh-35x1-1x4800\\\/#primaryimage\"},\"thumbnailUrl\":\"https:\\\/\\\/www.koro.net.pl\\\/wp-content\\\/uploads\\\/2023\\\/10\\\/Premium-800x600-1.png\",\"datePublished\":\"2023-10-26T07:54:13+00:00\",\"dateModified\":\"2026-05-13T06:39:13+00:00\",\"description\":\"ROH \u00e0 la scie \u00e0 ruban en bois haut de gamme. R\u00e9sistant aux fissures, meilleure stabilit\u00e9 de fonctionnement. Longue dur\u00e9e de vie, haute qualit\u00e9. Acier alli\u00e9 (chrome, vanadium, nickel).\",\"breadcrumb\":{\"@id\":\"https:\\\/\\\/www.koro.net.pl\\\/fr\\\/produkt\\\/scie-a-ruban-en-bois-premium-roh-35x1-1x4800\\\/#breadcrumb\"},\"inLanguage\":\"fr-FR\",\"potentialAction\":[{\"@type\":\"ReadAction\",\"target\":[\"https:\\\/\\\/www.koro.net.pl\\\/fr\\\/produkt\\\/scie-a-ruban-en-bois-premium-roh-35x1-1x4800\\\/\"]}]},{\"@type\":\"ImageObject\",\"inLanguage\":\"fr-FR\",\"@id\":\"https:\\\/\\\/www.koro.net.pl\\\/fr\\\/produkt\\\/scie-a-ruban-en-bois-premium-roh-35x1-1x4800\\\/#primaryimage\",\"url\":\"https:\\\/\\\/www.koro.net.pl\\\/wp-content\\\/uploads\\\/2023\\\/10\\\/Premium-800x600-1.png\",\"contentUrl\":\"https:\\\/\\\/www.koro.net.pl\\\/wp-content\\\/uploads\\\/2023\\\/10\\\/Premium-800x600-1.png\",\"width\":800,\"height\":600,\"caption\":\"Scie \u00e0 bande Koronet Metal Premium\"},{\"@type\":\"BreadcrumbList\",\"@id\":\"https:\\\/\\\/www.koro.net.pl\\\/fr\\\/produkt\\\/scie-a-ruban-en-bois-premium-roh-35x1-1x4800\\\/#breadcrumb\",\"itemListElement\":[{\"@type\":\"ListItem\",\"position\":1,\"name\":\"Strona g\u0142\u00f3wna\",\"item\":\"https:\\\/\\\/www.koro.net.pl\\\/fr\\\/\"},{\"@type\":\"ListItem\",\"position\":2,\"name\":\"Scies \u00e0 ruban pour bois\",\"item\":\"https:\\\/\\\/www.koro.net.pl\\\/fr\\\/produkty\\\/scies-a-ruban-pour-bois\\\/\"},{\"@type\":\"ListItem\",\"position\":3,\"name\":\"Scie \u00e0 ruban en bois premium ROH 35&#215;1, 1&#215;4800\"}]},{\"@type\":\"WebSite\",\"@id\":\"https:\\\/\\\/www.koro.net.pl\\\/fr\\\/#website\",\"url\":\"https:\\\/\\\/www.koro.net.pl\\\/fr\\\/\",\"name\":\"Koronet\",\"description\":\"\",\"publisher\":{\"@id\":\"https:\\\/\\\/www.koro.net.pl\\\/fr\\\/#organization\"},\"potentialAction\":[{\"@type\":\"SearchAction\",\"target\":{\"@type\":\"EntryPoint\",\"urlTemplate\":\"https:\\\/\\\/www.koro.net.pl\\\/fr\\\/?s={search_term_string}\"},\"query-input\":{\"@type\":\"PropertyValueSpecification\",\"valueRequired\":true,\"valueName\":\"search_term_string\"}}],\"inLanguage\":\"fr-FR\"},{\"@type\":\"Organization\",\"@id\":\"https:\\\/\\\/www.koro.net.pl\\\/fr\\\/#organization\",\"name\":\"Koronet\",\"alternateName\":\"Koronet\",\"url\":\"https:\\\/\\\/www.koro.net.pl\\\/fr\\\/\",\"logo\":{\"@type\":\"ImageObject\",\"inLanguage\":\"fr-FR\",\"@id\":\"https:\\\/\\\/www.koro.net.pl\\\/fr\\\/#\\\/schema\\\/logo\\\/image\\\/\",\"url\":\"https:\\\/\\\/www.koro.net.pl\\\/wp-content\\\/uploads\\\/2025\\\/02\\\/Koronet-spolka-z-o.o.png\",\"contentUrl\":\"https:\\\/\\\/www.koro.net.pl\\\/wp-content\\\/uploads\\\/2025\\\/02\\\/Koronet-spolka-z-o.o.png\",\"width\":696,\"height\":696,\"caption\":\"Koronet\"},\"image\":{\"@id\":\"https:\\\/\\\/www.koro.net.pl\\\/fr\\\/#\\\/schema\\\/logo\\\/image\\\/\"}}]}<\/script>\n<!-- \/ Yoast SEO plugin. -->","yoast_head_json":{"title":"Scie \u00e0 ruban ROH Wood - Pour bois tendre et moyen","description":"ROH \u00e0 la scie \u00e0 ruban en bois haut de gamme. R\u00e9sistant aux fissures, meilleure stabilit\u00e9 de fonctionnement. Longue dur\u00e9e de vie, haute qualit\u00e9. Acier alli\u00e9 (chrome, vanadium, nickel).","robots":{"index":"index","follow":"follow","max-snippet":"max-snippet:-1","max-image-preview":"max-image-preview:large","max-video-preview":"max-video-preview:-1"},"canonical":"https:\/\/www.koro.net.pl\/fr\/produkt\/scie-a-ruban-en-bois-premium-roh-35x1-1x4800\/","og_locale":"fr_FR","og_type":"article","og_title":"Scie \u00e0 ruban ROH Wood - Pour bois tendre et moyen","og_description":"ROH \u00e0 la scie \u00e0 ruban en bois haut de gamme. R\u00e9sistant aux fissures, meilleure stabilit\u00e9 de fonctionnement. Longue dur\u00e9e de vie, haute qualit\u00e9. Acier alli\u00e9 (chrome, vanadium, nickel).","og_url":"https:\/\/www.koro.net.pl\/fr\/produkt\/scie-a-ruban-en-bois-premium-roh-35x1-1x4800\/","og_site_name":"Koronet","article_modified_time":"2026-05-13T06:39:13+00:00","og_image":[{"width":800,"height":600,"url":"https:\/\/www.koro.net.pl\/wp-content\/uploads\/2023\/10\/Premium-800x600-1.png","type":"image\/png"}],"twitter_card":"summary_large_image","twitter_misc":{"Dur\u00e9e de lecture estim\u00e9e":"1 minute"},"schema":{"@context":"https:\/\/schema.org","@graph":[{"@type":"WebPage","@id":"https:\/\/www.koro.net.pl\/fr\/produkt\/scie-a-ruban-en-bois-premium-roh-35x1-1x4800\/","url":"https:\/\/www.koro.net.pl\/fr\/produkt\/scie-a-ruban-en-bois-premium-roh-35x1-1x4800\/","name":"Scie \u00e0 ruban ROH Wood - Pour bois tendre et moyen","isPartOf":{"@id":"https:\/\/www.koro.net.pl\/fr\/#website"},"primaryImageOfPage":{"@id":"https:\/\/www.koro.net.pl\/fr\/produkt\/scie-a-ruban-en-bois-premium-roh-35x1-1x4800\/#primaryimage"},"image":{"@id":"https:\/\/www.koro.net.pl\/fr\/produkt\/scie-a-ruban-en-bois-premium-roh-35x1-1x4800\/#primaryimage"},"thumbnailUrl":"https:\/\/www.koro.net.pl\/wp-content\/uploads\/2023\/10\/Premium-800x600-1.png","datePublished":"2023-10-26T07:54:13+00:00","dateModified":"2026-05-13T06:39:13+00:00","description":"ROH \u00e0 la scie \u00e0 ruban en bois haut de gamme. R\u00e9sistant aux fissures, meilleure stabilit\u00e9 de fonctionnement. Longue dur\u00e9e de vie, haute qualit\u00e9. Acier alli\u00e9 (chrome, vanadium, nickel).","breadcrumb":{"@id":"https:\/\/www.koro.net.pl\/fr\/produkt\/scie-a-ruban-en-bois-premium-roh-35x1-1x4800\/#breadcrumb"},"inLanguage":"fr-FR","potentialAction":[{"@type":"ReadAction","target":["https:\/\/www.koro.net.pl\/fr\/produkt\/scie-a-ruban-en-bois-premium-roh-35x1-1x4800\/"]}]},{"@type":"ImageObject","inLanguage":"fr-FR","@id":"https:\/\/www.koro.net.pl\/fr\/produkt\/scie-a-ruban-en-bois-premium-roh-35x1-1x4800\/#primaryimage","url":"https:\/\/www.koro.net.pl\/wp-content\/uploads\/2023\/10\/Premium-800x600-1.png","contentUrl":"https:\/\/www.koro.net.pl\/wp-content\/uploads\/2023\/10\/Premium-800x600-1.png","width":800,"height":600,"caption":"Scie \u00e0 bande Koronet Metal Premium"},{"@type":"BreadcrumbList","@id":"https:\/\/www.koro.net.pl\/fr\/produkt\/scie-a-ruban-en-bois-premium-roh-35x1-1x4800\/#breadcrumb","itemListElement":[{"@type":"ListItem","position":1,"name":"Strona g\u0142\u00f3wna","item":"https:\/\/www.koro.net.pl\/fr\/"},{"@type":"ListItem","position":2,"name":"Scies \u00e0 ruban pour bois","item":"https:\/\/www.koro.net.pl\/fr\/produkty\/scies-a-ruban-pour-bois\/"},{"@type":"ListItem","position":3,"name":"Scie \u00e0 ruban en bois premium ROH 35&#215;1, 1&#215;4800"}]},{"@type":"WebSite","@id":"https:\/\/www.koro.net.pl\/fr\/#website","url":"https:\/\/www.koro.net.pl\/fr\/","name":"Koronet","description":"","publisher":{"@id":"https:\/\/www.koro.net.pl\/fr\/#organization"},"potentialAction":[{"@type":"SearchAction","target":{"@type":"EntryPoint","urlTemplate":"https:\/\/www.koro.net.pl\/fr\/?s={search_term_string}"},"query-input":{"@type":"PropertyValueSpecification","valueRequired":true,"valueName":"search_term_string"}}],"inLanguage":"fr-FR"},{"@type":"Organization","@id":"https:\/\/www.koro.net.pl\/fr\/#organization","name":"Koronet","alternateName":"Koronet","url":"https:\/\/www.koro.net.pl\/fr\/","logo":{"@type":"ImageObject","inLanguage":"fr-FR","@id":"https:\/\/www.koro.net.pl\/fr\/#\/schema\/logo\/image\/","url":"https:\/\/www.koro.net.pl\/wp-content\/uploads\/2025\/02\/Koronet-spolka-z-o.o.png","contentUrl":"https:\/\/www.koro.net.pl\/wp-content\/uploads\/2025\/02\/Koronet-spolka-z-o.o.png","width":696,"height":696,"caption":"Koronet"},"image":{"@id":"https:\/\/www.koro.net.pl\/fr\/#\/schema\/logo\/image\/"}}]}},"_links":{"self":[{"href":"https:\/\/www.koro.net.pl\/fr\/wp-json\/wp\/v2\/product\/11853","targetHints":{"allow":["GET"]}}],"collection":[{"href":"https:\/\/www.koro.net.pl\/fr\/wp-json\/wp\/v2\/product"}],"about":[{"href":"https:\/\/www.koro.net.pl\/fr\/wp-json\/wp\/v2\/types\/product"}],"wp:featuredmedia":[{"embeddable":true,"href":"https:\/\/www.koro.net.pl\/fr\/wp-json\/wp\/v2\/media\/11849"}],"wp:attachment":[{"href":"https:\/\/www.koro.net.pl\/fr\/wp-json\/wp\/v2\/media?parent=11853"}],"wp:term":[{"taxonomy":"product_brand","embeddable":true,"href":"https:\/\/www.koro.net.pl\/fr\/wp-json\/wp\/v2\/product_brand?post=11853"},{"taxonomy":"product_cat","embeddable":true,"href":"https:\/\/www.koro.net.pl\/fr\/wp-json\/wp\/v2\/product_cat?post=11853"},{"taxonomy":"product_tag","embeddable":true,"href":"https:\/\/www.koro.net.pl\/fr\/wp-json\/wp\/v2\/product_tag?post=11853"}],"curies":[{"name":"wp","href":"https:\/\/api.w.org\/{rel}","templated":true}]}}