{"id":11852,"date":"2023-10-13T10:23:39","date_gmt":"2023-10-13T08:23:39","guid":{"rendered":"https:\/\/www.koro.net.pl\/produkt\/scierie-a-bande-a-essence-cormak-s810\/"},"modified":"2026-05-13T08:39:25","modified_gmt":"2026-05-13T06:39:25","slug":"scierie-a-bande-a-essence-cormak-s810","status":"publish","type":"product","link":"https:\/\/www.koro.net.pl\/fr\/produkt\/scierie-a-bande-a-essence-cormak-s810\/","title":{"rendered":"Scierie \u00e0 bande \u00e0 essence Cormak S810"},"content":{"rendered":"<p><strong><a href=\"https:\/\/www.koro.net.pl\/fr\/produkty\/scieries-a-ruban\/\">Scierie \u00e0 bande CORMAK S810  <\/a><\/strong><\/p>\n<p>Gratuit &#8211; 5 pi\u00e8ces de scies \u00e0 ruban d\u00e9di\u00e9es dans le coffret.<\/p>\n<p>Simple et facile \u00e0 utiliser, la scierie \u00e0 bande Cormak S810 est la machine id\u00e9ale et fonctionnelle, adapt\u00e9e \u00e0 la d\u00e9coupe pr\u00e9cise du bois tendre, dur, sec et gel\u00e9. La scierie est mont\u00e9e sur une structure rigide et correcte, ce qui rend l\u2019ensemble stable. La machine utilise plusieurs solutions suppl\u00e9mentaires, ce qui n\u2019est pas pr\u00e9sent dans les variantes pr\u00e9c\u00e9dentes. Tout d\u2019abord, la largeur de coupe maximale est de 70 cm. L\u2019ensemble complet de l\u2019option standard mesure 6 m\u00e8tres de long. Une option diesel sans besoin de se connecter \u00e0 l\u2019\u00e9lectricit\u00e9. Actuellement, c\u2019est le plus grand mod\u00e8le de la gamme Koronet.      <\/p>\n<p>Description de la machine :<\/p>\n<p>&#8212; Seulement dans notre offre, la scierie Cormak S810 vous permet d\u2019utiliser des scies de 35 mm de largeur.<br \/>\n&#8212; Le nouveau cadre renforc\u00e9 assure une grande stabilit\u00e9 de la scierie pendant le fonctionnement, et les glissi\u00e8res<br \/>\nguides de la lame permettent un usinage avec une pr\u00e9cision maximale.<br \/>\n&#8212; La longueur du mat\u00e9riau coup\u00e9 dans nos scies standard ne peut atteindre 5200 mm.<br \/>\n&#8212; La machine peut couper tous types de bois avec une seule scie.<br \/>\n&#8212; La lame de scie du coupe-coupe est refroidie \u00e0 l\u2019eau.<br \/>\n&#8212; La machine dispose d\u2019un entra\u00eenement manuel et d\u2019un r\u00e9glage manuel de la hauteur de coupe.<br \/>\n&#8212; Le p\u00e9rim\u00e8tre de livraison comprend des rails de 6000 mm de long, qui peuvent \u00e9galement \u00eatre achet\u00e9s.<\/p>\n<p>La machine poss\u00e8de :<\/p>\n<p>* Grandes roues coul\u00e9es pr\u00e9cises,<br \/>\n guides de pr\u00e9cision,<br \/>\n clamps excentriques,<br \/>\n porte-boissons,<br \/>\n r\u00e9glage manuel de la hauteur de coupe,<br \/>\n alimentation manuelle,<br \/>\n mesures pr\u00e9cises<\/p>\n<p>&nbsp;<\/p>\n<p>Param\u00e8tres techniques :<\/p>\n<p>* Moteur : RATO R420<br \/>\n \/ Moteur \u00e0 combustion interne* Puissance : 8,5 kW<br \/>\n* Largeur de coupe maximale : 700 mm<br \/>\n* Hauteur maximale de la pale (hauteur r\u00e9glable en hauteur) : 690 mm<br \/>\n* Hauteur minimale de pale (hauteur r\u00e9glable) : 55 mm<br \/>\n* Max.    \u00c9paisseur de coupe : 170 mm<br \/>\n* Longueur de coupe : 5300 mm<br \/>\n* Protection de bande de coupe<br \/>\n* Largeur de bande de coupe : 35 mm<br \/>\n* Longueur de la scie : 3930 mm<br \/>\n* \u00c9paisseur maximale de coupe : 170 mm<br \/>\n* Diam\u00e8tre du volant moteur : 480 mm<br \/>\n* Largeur du volant moteur : 25 mm<br \/>\n* Vitesse de la courroie : 17 m\/s<br \/>\n* Espace de coupe : 1,4-2,2 mm<br \/>\n* Capacit\u00e9 du r\u00e9servoir de refroidissement : 10 litres<br \/>\n* Alimentation : manuelle<br \/>\n* Poids net : environ 427 kg <\/p>\n<p>Le Cormak S810 est un mod\u00e8le robuste et r\u00e9sistant aux vibrations qui ne n\u00e9cessite pas d\u2019entretien constant. Elle est parfaite pour les petits entrepreneurs et les amateurs qui valorisent la qualit\u00e9 de traitement, la simplicit\u00e9 de la fabrication et la facilit\u00e9 d\u2019utilisation. <\/p>\n<p><strong>Avez-vous des questions ? Appelez le num\u00e9ro ; 609-939-822<\/strong><\/p>\n","protected":false},"excerpt":{"rendered":"<p>Scierie \u00e0 bande CORMAK S810 Gratuit &#8211; 5 pi\u00e8ces de scies \u00e0 ruban d\u00e9di\u00e9es dans le coffret. Simple et facile \u00e0 utiliser, la scierie \u00e0 bande Cormak S810 est la [&hellip;]<\/p>\n","protected":false},"featured_media":3241,"template":"","meta":{"_acf_changed":false},"product_brand":[],"product_cat":[206,208],"product_tag":[],"class_list":{"0":"post-11852","1":"product","2":"type-product","3":"status-publish","4":"has-post-thumbnail","6":"product_cat-machines-et-equipements","7":"product_cat-scieries-a-ruban","8":"product_shipping_class-rubans","10":"first","11":"instock","12":"taxable","13":"shipping-taxable","14":"purchasable","15":"product-type-simple"},"acf":[],"yoast_head":"<!-- This site is optimized with the Yoast SEO plugin v27.5 - https:\/\/yoast.com\/product\/yoast-seo-wordpress\/ -->\n<title>Scierie \u00e0 bande CORMAK S810 (essence) + 5 scies GRATUITES !<\/title>\n<meta name=\"description\" content=\"Scierie \u00e0 bande CORMAK S810 - facile \u00e0 utiliser, efficace et pr\u00e9cise. Essence, coupe de 70 cm, 5,2 m de long. Le set comprend 5 scies GRATUITES.\" \/>\n<meta name=\"robots\" content=\"index, follow, max-snippet:-1, max-image-preview:large, max-video-preview:-1\" \/>\n<link rel=\"canonical\" href=\"https:\/\/www.koro.net.pl\/fr\/produkt\/scierie-a-bande-a-essence-cormak-s810\/\" \/>\n<meta property=\"og:locale\" content=\"fr_FR\" \/>\n<meta property=\"og:type\" content=\"article\" \/>\n<meta property=\"og:title\" content=\"Scierie \u00e0 bande CORMAK S810 (essence) + 5 scies GRATUITES !\" \/>\n<meta property=\"og:description\" content=\"Scierie \u00e0 bande CORMAK S810 - facile \u00e0 utiliser, efficace et pr\u00e9cise. Essence, coupe de 70 cm, 5,2 m de long. Le set comprend 5 scies GRATUITES.\" \/>\n<meta property=\"og:url\" content=\"https:\/\/www.koro.net.pl\/fr\/produkt\/scierie-a-bande-a-essence-cormak-s810\/\" \/>\n<meta property=\"og:site_name\" content=\"Koronet\" \/>\n<meta property=\"article:modified_time\" content=\"2026-05-13T06:39:25+00:00\" \/>\n<meta property=\"og:image\" content=\"https:\/\/www.koro.net.pl\/wp-content\/uploads\/2023\/10\/DSC06712.jpg\" \/>\n\t<meta property=\"og:image:width\" content=\"1200\" \/>\n\t<meta property=\"og:image:height\" content=\"634\" \/>\n\t<meta property=\"og:image:type\" content=\"image\/jpeg\" \/>\n<meta name=\"twitter:card\" content=\"summary_large_image\" \/>\n<meta name=\"twitter:label1\" content=\"Dur\u00e9e de lecture estim\u00e9e\" \/>\n\t<meta name=\"twitter:data1\" content=\"2 minutes\" \/>\n<script type=\"application\/ld+json\" class=\"yoast-schema-graph\">{\"@context\":\"https:\\\/\\\/schema.org\",\"@graph\":[{\"@type\":\"WebPage\",\"@id\":\"https:\\\/\\\/www.koro.net.pl\\\/fr\\\/produkt\\\/scierie-a-bande-a-essence-cormak-s810\\\/\",\"url\":\"https:\\\/\\\/www.koro.net.pl\\\/fr\\\/produkt\\\/scierie-a-bande-a-essence-cormak-s810\\\/\",\"name\":\"Scierie \u00e0 bande CORMAK S810 (essence) + 5 scies GRATUITES !\",\"isPartOf\":{\"@id\":\"https:\\\/\\\/www.koro.net.pl\\\/fr\\\/#website\"},\"primaryImageOfPage\":{\"@id\":\"https:\\\/\\\/www.koro.net.pl\\\/fr\\\/produkt\\\/scierie-a-bande-a-essence-cormak-s810\\\/#primaryimage\"},\"image\":{\"@id\":\"https:\\\/\\\/www.koro.net.pl\\\/fr\\\/produkt\\\/scierie-a-bande-a-essence-cormak-s810\\\/#primaryimage\"},\"thumbnailUrl\":\"https:\\\/\\\/www.koro.net.pl\\\/wp-content\\\/uploads\\\/2023\\\/10\\\/DSC06712.jpg\",\"datePublished\":\"2023-10-13T08:23:39+00:00\",\"dateModified\":\"2026-05-13T06:39:25+00:00\",\"description\":\"Scierie \u00e0 bande CORMAK S810 - facile \u00e0 utiliser, efficace et pr\u00e9cise. Essence, coupe de 70 cm, 5,2 m de long. Le set comprend 5 scies GRATUITES.\",\"breadcrumb\":{\"@id\":\"https:\\\/\\\/www.koro.net.pl\\\/fr\\\/produkt\\\/scierie-a-bande-a-essence-cormak-s810\\\/#breadcrumb\"},\"inLanguage\":\"fr-FR\",\"potentialAction\":[{\"@type\":\"ReadAction\",\"target\":[\"https:\\\/\\\/www.koro.net.pl\\\/fr\\\/produkt\\\/scierie-a-bande-a-essence-cormak-s810\\\/\"]}]},{\"@type\":\"ImageObject\",\"inLanguage\":\"fr-FR\",\"@id\":\"https:\\\/\\\/www.koro.net.pl\\\/fr\\\/produkt\\\/scierie-a-bande-a-essence-cormak-s810\\\/#primaryimage\",\"url\":\"https:\\\/\\\/www.koro.net.pl\\\/wp-content\\\/uploads\\\/2023\\\/10\\\/DSC06712.jpg\",\"contentUrl\":\"https:\\\/\\\/www.koro.net.pl\\\/wp-content\\\/uploads\\\/2023\\\/10\\\/DSC06712.jpg\",\"width\":1200,\"height\":634,\"caption\":\"Trak ta\u015bmowy Cormak S810 spalinowy\"},{\"@type\":\"BreadcrumbList\",\"@id\":\"https:\\\/\\\/www.koro.net.pl\\\/fr\\\/produkt\\\/scierie-a-bande-a-essence-cormak-s810\\\/#breadcrumb\",\"itemListElement\":[{\"@type\":\"ListItem\",\"position\":1,\"name\":\"Strona g\u0142\u00f3wna\",\"item\":\"https:\\\/\\\/www.koro.net.pl\\\/fr\\\/\"},{\"@type\":\"ListItem\",\"position\":2,\"name\":\"Machines et \u00e9quipements\",\"item\":\"https:\\\/\\\/www.koro.net.pl\\\/fr\\\/produkty\\\/machines-et-equipements\\\/\"},{\"@type\":\"ListItem\",\"position\":3,\"name\":\"Scieries \u00e0 ruban\",\"item\":\"https:\\\/\\\/www.koro.net.pl\\\/fr\\\/produkty\\\/scieries-a-ruban\\\/\"},{\"@type\":\"ListItem\",\"position\":4,\"name\":\"Scierie \u00e0 bande \u00e0 essence Cormak S810\"}]},{\"@type\":\"WebSite\",\"@id\":\"https:\\\/\\\/www.koro.net.pl\\\/fr\\\/#website\",\"url\":\"https:\\\/\\\/www.koro.net.pl\\\/fr\\\/\",\"name\":\"Koronet\",\"description\":\"\",\"publisher\":{\"@id\":\"https:\\\/\\\/www.koro.net.pl\\\/fr\\\/#organization\"},\"potentialAction\":[{\"@type\":\"SearchAction\",\"target\":{\"@type\":\"EntryPoint\",\"urlTemplate\":\"https:\\\/\\\/www.koro.net.pl\\\/fr\\\/?s={search_term_string}\"},\"query-input\":{\"@type\":\"PropertyValueSpecification\",\"valueRequired\":true,\"valueName\":\"search_term_string\"}}],\"inLanguage\":\"fr-FR\"},{\"@type\":\"Organization\",\"@id\":\"https:\\\/\\\/www.koro.net.pl\\\/fr\\\/#organization\",\"name\":\"Koronet\",\"alternateName\":\"Koronet\",\"url\":\"https:\\\/\\\/www.koro.net.pl\\\/fr\\\/\",\"logo\":{\"@type\":\"ImageObject\",\"inLanguage\":\"fr-FR\",\"@id\":\"https:\\\/\\\/www.koro.net.pl\\\/fr\\\/#\\\/schema\\\/logo\\\/image\\\/\",\"url\":\"https:\\\/\\\/www.koro.net.pl\\\/wp-content\\\/uploads\\\/2025\\\/02\\\/Koronet-spolka-z-o.o.png\",\"contentUrl\":\"https:\\\/\\\/www.koro.net.pl\\\/wp-content\\\/uploads\\\/2025\\\/02\\\/Koronet-spolka-z-o.o.png\",\"width\":696,\"height\":696,\"caption\":\"Koronet\"},\"image\":{\"@id\":\"https:\\\/\\\/www.koro.net.pl\\\/fr\\\/#\\\/schema\\\/logo\\\/image\\\/\"}}]}<\/script>\n<!-- \/ Yoast SEO plugin. -->","yoast_head_json":{"title":"Scierie \u00e0 bande CORMAK S810 (essence) + 5 scies GRATUITES !","description":"Scierie \u00e0 bande CORMAK S810 - facile \u00e0 utiliser, efficace et pr\u00e9cise. Essence, coupe de 70 cm, 5,2 m de long. Le set comprend 5 scies GRATUITES.","robots":{"index":"index","follow":"follow","max-snippet":"max-snippet:-1","max-image-preview":"max-image-preview:large","max-video-preview":"max-video-preview:-1"},"canonical":"https:\/\/www.koro.net.pl\/fr\/produkt\/scierie-a-bande-a-essence-cormak-s810\/","og_locale":"fr_FR","og_type":"article","og_title":"Scierie \u00e0 bande CORMAK S810 (essence) + 5 scies GRATUITES !","og_description":"Scierie \u00e0 bande CORMAK S810 - facile \u00e0 utiliser, efficace et pr\u00e9cise. Essence, coupe de 70 cm, 5,2 m de long. Le set comprend 5 scies GRATUITES.","og_url":"https:\/\/www.koro.net.pl\/fr\/produkt\/scierie-a-bande-a-essence-cormak-s810\/","og_site_name":"Koronet","article_modified_time":"2026-05-13T06:39:25+00:00","og_image":[{"width":1200,"height":634,"url":"https:\/\/www.koro.net.pl\/wp-content\/uploads\/2023\/10\/DSC06712.jpg","type":"image\/jpeg"}],"twitter_card":"summary_large_image","twitter_misc":{"Dur\u00e9e de lecture estim\u00e9e":"2 minutes"},"schema":{"@context":"https:\/\/schema.org","@graph":[{"@type":"WebPage","@id":"https:\/\/www.koro.net.pl\/fr\/produkt\/scierie-a-bande-a-essence-cormak-s810\/","url":"https:\/\/www.koro.net.pl\/fr\/produkt\/scierie-a-bande-a-essence-cormak-s810\/","name":"Scierie \u00e0 bande CORMAK S810 (essence) + 5 scies GRATUITES !","isPartOf":{"@id":"https:\/\/www.koro.net.pl\/fr\/#website"},"primaryImageOfPage":{"@id":"https:\/\/www.koro.net.pl\/fr\/produkt\/scierie-a-bande-a-essence-cormak-s810\/#primaryimage"},"image":{"@id":"https:\/\/www.koro.net.pl\/fr\/produkt\/scierie-a-bande-a-essence-cormak-s810\/#primaryimage"},"thumbnailUrl":"https:\/\/www.koro.net.pl\/wp-content\/uploads\/2023\/10\/DSC06712.jpg","datePublished":"2023-10-13T08:23:39+00:00","dateModified":"2026-05-13T06:39:25+00:00","description":"Scierie \u00e0 bande CORMAK S810 - facile \u00e0 utiliser, efficace et pr\u00e9cise. Essence, coupe de 70 cm, 5,2 m de long. Le set comprend 5 scies GRATUITES.","breadcrumb":{"@id":"https:\/\/www.koro.net.pl\/fr\/produkt\/scierie-a-bande-a-essence-cormak-s810\/#breadcrumb"},"inLanguage":"fr-FR","potentialAction":[{"@type":"ReadAction","target":["https:\/\/www.koro.net.pl\/fr\/produkt\/scierie-a-bande-a-essence-cormak-s810\/"]}]},{"@type":"ImageObject","inLanguage":"fr-FR","@id":"https:\/\/www.koro.net.pl\/fr\/produkt\/scierie-a-bande-a-essence-cormak-s810\/#primaryimage","url":"https:\/\/www.koro.net.pl\/wp-content\/uploads\/2023\/10\/DSC06712.jpg","contentUrl":"https:\/\/www.koro.net.pl\/wp-content\/uploads\/2023\/10\/DSC06712.jpg","width":1200,"height":634,"caption":"Trak ta\u015bmowy Cormak S810 spalinowy"},{"@type":"BreadcrumbList","@id":"https:\/\/www.koro.net.pl\/fr\/produkt\/scierie-a-bande-a-essence-cormak-s810\/#breadcrumb","itemListElement":[{"@type":"ListItem","position":1,"name":"Strona g\u0142\u00f3wna","item":"https:\/\/www.koro.net.pl\/fr\/"},{"@type":"ListItem","position":2,"name":"Machines et \u00e9quipements","item":"https:\/\/www.koro.net.pl\/fr\/produkty\/machines-et-equipements\/"},{"@type":"ListItem","position":3,"name":"Scieries \u00e0 ruban","item":"https:\/\/www.koro.net.pl\/fr\/produkty\/scieries-a-ruban\/"},{"@type":"ListItem","position":4,"name":"Scierie \u00e0 bande \u00e0 essence Cormak S810"}]},{"@type":"WebSite","@id":"https:\/\/www.koro.net.pl\/fr\/#website","url":"https:\/\/www.koro.net.pl\/fr\/","name":"Koronet","description":"","publisher":{"@id":"https:\/\/www.koro.net.pl\/fr\/#organization"},"potentialAction":[{"@type":"SearchAction","target":{"@type":"EntryPoint","urlTemplate":"https:\/\/www.koro.net.pl\/fr\/?s={search_term_string}"},"query-input":{"@type":"PropertyValueSpecification","valueRequired":true,"valueName":"search_term_string"}}],"inLanguage":"fr-FR"},{"@type":"Organization","@id":"https:\/\/www.koro.net.pl\/fr\/#organization","name":"Koronet","alternateName":"Koronet","url":"https:\/\/www.koro.net.pl\/fr\/","logo":{"@type":"ImageObject","inLanguage":"fr-FR","@id":"https:\/\/www.koro.net.pl\/fr\/#\/schema\/logo\/image\/","url":"https:\/\/www.koro.net.pl\/wp-content\/uploads\/2025\/02\/Koronet-spolka-z-o.o.png","contentUrl":"https:\/\/www.koro.net.pl\/wp-content\/uploads\/2025\/02\/Koronet-spolka-z-o.o.png","width":696,"height":696,"caption":"Koronet"},"image":{"@id":"https:\/\/www.koro.net.pl\/fr\/#\/schema\/logo\/image\/"}}]}},"_links":{"self":[{"href":"https:\/\/www.koro.net.pl\/fr\/wp-json\/wp\/v2\/product\/11852","targetHints":{"allow":["GET"]}}],"collection":[{"href":"https:\/\/www.koro.net.pl\/fr\/wp-json\/wp\/v2\/product"}],"about":[{"href":"https:\/\/www.koro.net.pl\/fr\/wp-json\/wp\/v2\/types\/product"}],"wp:featuredmedia":[{"embeddable":true,"href":"https:\/\/www.koro.net.pl\/fr\/wp-json\/wp\/v2\/media\/3241"}],"wp:attachment":[{"href":"https:\/\/www.koro.net.pl\/fr\/wp-json\/wp\/v2\/media?parent=11852"}],"wp:term":[{"taxonomy":"product_brand","embeddable":true,"href":"https:\/\/www.koro.net.pl\/fr\/wp-json\/wp\/v2\/product_brand?post=11852"},{"taxonomy":"product_cat","embeddable":true,"href":"https:\/\/www.koro.net.pl\/fr\/wp-json\/wp\/v2\/product_cat?post=11852"},{"taxonomy":"product_tag","embeddable":true,"href":"https:\/\/www.koro.net.pl\/fr\/wp-json\/wp\/v2\/product_tag?post=11852"}],"curies":[{"name":"wp","href":"https:\/\/api.w.org\/{rel}","templated":true}]}}