{"id":11841,"date":"2023-10-13T12:53:28","date_gmt":"2023-10-13T10:53:28","guid":{"rendered":"https:\/\/www.koro.net.pl\/produkt\/aiguiseur-a-bande-borazon\/"},"modified":"2023-10-13T12:53:28","modified_gmt":"2023-10-13T10:53:28","slug":"aiguiseur-a-bande-borazon","status":"publish","type":"product","link":"https:\/\/www.koro.net.pl\/fr\/produkt\/aiguiseur-a-bande-borazon\/","title":{"rendered":"Aiguiseur \u00e0 bande borazon"},"content":{"rendered":"<p><a href=\"https:\/\/www.koro.net.pl\/fr\/produkty\/aiguiseurs\/\"><span style=\"font-family: Times New Roman, serif;\"><span style=\"font-size: large;\">TAILLE-SCIE \u00c0 BANDE OPT-60<\/span><\/span><\/a><\/p>\n<p><span style=\"font-family: Calibri, serif;\"><span style=\"font-family: Times New Roman, serif;\"><span style=\"font-size: medium;\"><b>Objectif de la machine<\/b><\/span><\/span><\/span><\/p>\n<p><span style=\"font-family: Calibri, serif;\"><span style=\"font-family: Times New Roman, serif;\"><span style=\"font-size: medium;\">L\u2019aiguiseur est un dispositif fixe con\u00e7u pour l\u2019aiguisage pr\u00e9cis des scies \u00e0 ruban (humides) avec une meule Borazon de 203 mm de diam\u00e8tre. Il permet d\u2019aff\u00fbter des scies \u00e0 ruban avec une hauteur de 22,2 mm. L\u2019angle d\u2019attaque peut \u00eatre ajust\u00e9 entre <\/span><\/span><\/span><span style=\"font-family: Calibri, serif;\"><span style=\"font-family: Times New Roman, serif;\"><span style=\"font-size: medium;\">9 \u00f7 12\u00b0. La machine est con\u00e7ue pour aff\u00fbter des scies dans la plage de largeurs de 32 \u00f7 60 mm et une longueur maximale de 6000 mm. Un aiguiseur est un appareil semi-automatique qui vous permet de programmer le nombre de cycles d\u2019aiguisage et un certain nombre de dents. Mettre et retirer la scie \u00e0 ruban se fait manuellement. <\/span><\/span><\/span> <\/p>\n<p>&nbsp;<\/p>\n<p><span style=\"font-family: Calibri, serif;\"><span style=\"font-family: Times New Roman, serif;\"><span style=\"font-size: medium;\"><b>Caract\u00e9ristiques techniques<\/b><\/span><\/span><\/span><\/p>\n<p>&nbsp;<\/p>\n<table width=\"583\" cellspacing=\"0\" cellpadding=\"7\">\n<tbody>\n<tr>\n<td width=\"232\" height=\"13\"><span style=\"font-family: Times New Roman, serif;\">Alimentation \u00e9lectrique<\/span><\/td>\n<td style=\"background: #ffffff;\" bgcolor=\"#ffffff\" width=\"321\">\n<p align=\"center\"><span style=\"font-family: Times New Roman, serif;\">3 x 400 V, 50 Hz<\/span><\/p>\n<\/td>\n<\/tr>\n<tr>\n<td width=\"232\" height=\"14\"><span style=\"font-family: Times New Roman, serif;\">Alimentation de la broche<\/span><\/td>\n<td style=\"background: #ffffff;\" bgcolor=\"#ffffff\" width=\"321\">\n<p align=\"center\"><span style=\"font-family: Times New Roman, serif;\">Moteur triphas\u00e9. avec une puissance de \u2013 0,75 kW ; 2780 1\/min. <\/span><\/p>\n<\/td>\n<\/tr>\n<tr>\n<td width=\"232\" height=\"14\"><span style=\"font-family: Times New Roman, serif;\">Alimentation de l\u2019entra\u00eenement<\/span><\/td>\n<td style=\"background: #ffffff;\" bgcolor=\"#ffffff\" width=\"321\">\n<p align=\"center\"><span style=\"font-family: Times New Roman, serif;\">0,25 kW<\/span><\/p>\n<\/td>\n<\/tr>\n<tr>\n<td width=\"232\" height=\"14\"><span style=\"font-family: Times New Roman, serif;\">Meule<\/span><\/td>\n<td style=\"background: #ffffff;\" bgcolor=\"#ffffff\" width=\"321\">\n<p align=\"center\"><span style=\"font-family: Times New Roman, serif;\">diam\u00e8tre 203 mm x largeur 22,2 mm x ouverture 32 mm  <\/span><\/p>\n<\/td>\n<\/tr>\n<tr>\n<td width=\"232\" height=\"14\"><span style=\"font-family: Times New Roman, serif;\">Liquide de refroidissement<\/span><\/td>\n<td width=\"321\">\n<p align=\"center\"><span style=\"font-family: Times New Roman, serif;\">Huile non \u00e9mulsifiante ACP2E<\/span><\/p>\n<\/td>\n<\/tr>\n<tr>\n<td width=\"232\" height=\"14\"><span style=\"font-family: Times New Roman, serif;\">Capacit\u00e9 du r\u00e9servoir de liquide de refroidissement<\/span><\/td>\n<td width=\"321\">\n<p align=\"center\"><span style=\"font-family: Times New Roman, serif;\">15 l<\/span><\/p>\n<\/td>\n<\/tr>\n<tr>\n<td width=\"232\" height=\"14\"><span style=\"font-family: Times New Roman, serif;\">Inclinaison des dentielles aff\u00fbt\u00e9es<\/span><\/td>\n<td width=\"321\">\n<p align=\"center\"><span style=\"font-family: Times New Roman, serif;\">22,2 mm<\/span><\/p>\n<\/td>\n<\/tr>\n<tr>\n<td width=\"232\" height=\"14\"><span style=\"font-family: Times New Roman, serif;\">Vitesse d\u2019aiguisage des dents<\/span><\/td>\n<td width=\"321\">\n<p align=\"center\"><span style=\"font-family: Times New Roman, serif;\">Maximum 70 dents\/min.<\/span><\/p>\n<\/td>\n<\/tr>\n<tr>\n<td width=\"232\" height=\"14\"><span style=\"font-family: Times New Roman, serif;\">Plage de largeur de scie aff\u00fbt\u00e9e<\/span><\/td>\n<td width=\"321\">\n<p align=\"center\"><span style=\"font-family: Times New Roman, serif;\">32 \u00f7 60 mm<\/span><\/p>\n<\/td>\n<\/tr>\n<tr>\n<td width=\"232\" height=\"14\"><span style=\"font-family: Times New Roman, serif;\">Longueur maximale de la scie aff\u00fbt\u00e9e<\/span><\/td>\n<td width=\"321\">\n<p align=\"center\"><span style=\"font-family: Times New Roman, serif;\">6000 mm<\/span><\/p>\n<\/td>\n<\/tr>\n<tr>\n<td width=\"232\" height=\"13\"><span style=\"font-family: Times New Roman, serif;\">Dimensions de la machine sans supports<\/span><\/td>\n<td width=\"321\">\n<p align=\"center\"><span style=\"font-family: Times New Roman, serif;\">770 mm x 570 mm x 1500 mm<\/span><\/p>\n<\/td>\n<\/tr>\n<tr>\n<td width=\"232\" height=\"13\"><span style=\"font-family: Times New Roman, serif;\">Dimensions de la machine avec supports<\/span><\/td>\n<td width=\"321\">\n<p align=\"center\"><span style=\"font-family: Times New Roman, serif;\">2200 mm x 1600 mm x 1500 mm<\/span><\/p>\n<\/td>\n<\/tr>\n<tr>\n<td width=\"232\" height=\"13\"><span style=\"font-family: Times New Roman, serif;\">Poids de l\u2019aiguiseur<\/span><\/td>\n<td width=\"321\">\n<p align=\"center\"><span style=\"font-family: Times New Roman, serif;\">190 kg<\/span><\/p>\n<\/td>\n<\/tr>\n<\/tbody>\n<\/table>\n<p>&nbsp;<\/p>\n<p><strong>Avez-vous des questions ? Appelez le num\u00e9ro ; 609-939-822<\/strong><\/p>\n","protected":false},"excerpt":{"rendered":"<p>TAILLE-SCIE \u00c0 BANDE OPT-60 Objectif de la machine L\u2019aiguiseur est un dispositif fixe con\u00e7u pour l\u2019aiguisage pr\u00e9cis des scies \u00e0 ruban (humides) avec une meule Borazon de 203 mm de [&hellip;]<\/p>\n","protected":false},"featured_media":3240,"template":"","meta":{"_acf_changed":false},"product_brand":[],"product_cat":[207,206],"product_tag":[],"class_list":{"0":"post-11841","1":"product","2":"type-product","3":"status-publish","4":"has-post-thumbnail","6":"product_cat-aiguiseurs","7":"product_cat-machines-et-equipements","9":"first","10":"instock","11":"taxable","12":"shipping-taxable","13":"purchasable","14":"product-type-simple"},"acf":[],"yoast_head":"<!-- This site is optimized with the Yoast SEO plugin v27.5 - https:\/\/yoast.com\/product\/yoast-seo-wordpress\/ -->\n<title>Taille-fuseur \u00e0 bande OPT-60 (borazone)<\/title>\n<meta name=\"description\" content=\"Aiguiseur \u00e0 scie \u00e0 ruban. Aff\u00fbtage rapide et pr\u00e9cis \u00e0 l\u2019eau des scies \u00e0 ruban. Disque Borazon 203 mm, r\u00e9glage de l\u2019angle d\u2019attaque.\" \/>\n<meta name=\"robots\" content=\"index, follow, max-snippet:-1, max-image-preview:large, max-video-preview:-1\" \/>\n<link rel=\"canonical\" href=\"https:\/\/www.koro.net.pl\/fr\/produkt\/aiguiseur-a-bande-borazon\/\" \/>\n<meta property=\"og:locale\" content=\"fr_FR\" \/>\n<meta property=\"og:type\" content=\"article\" \/>\n<meta property=\"og:title\" content=\"Taille-fuseur \u00e0 bande OPT-60 (borazone)\" \/>\n<meta property=\"og:description\" content=\"Aiguiseur \u00e0 scie \u00e0 ruban. Aff\u00fbtage rapide et pr\u00e9cis \u00e0 l\u2019eau des scies \u00e0 ruban. Disque Borazon 203 mm, r\u00e9glage de l\u2019angle d\u2019attaque.\" \/>\n<meta property=\"og:url\" content=\"https:\/\/www.koro.net.pl\/fr\/produkt\/aiguiseur-a-bande-borazon\/\" \/>\n<meta property=\"og:site_name\" content=\"Koronet\" \/>\n<meta property=\"og:image\" content=\"https:\/\/www.koro.net.pl\/wp-content\/uploads\/2023\/10\/ostrzalka-1-scaled.jpg\" \/>\n\t<meta property=\"og:image:width\" content=\"2560\" \/>\n\t<meta property=\"og:image:height\" content=\"2395\" \/>\n\t<meta property=\"og:image:type\" content=\"image\/jpeg\" \/>\n<meta name=\"twitter:card\" content=\"summary_large_image\" \/>\n<meta name=\"twitter:label1\" content=\"Dur\u00e9e de lecture estim\u00e9e\" \/>\n\t<meta name=\"twitter:data1\" content=\"1 minute\" \/>\n<script type=\"application\/ld+json\" class=\"yoast-schema-graph\">{\"@context\":\"https:\\\/\\\/schema.org\",\"@graph\":[{\"@type\":\"WebPage\",\"@id\":\"https:\\\/\\\/www.koro.net.pl\\\/fr\\\/produkt\\\/aiguiseur-a-bande-borazon\\\/\",\"url\":\"https:\\\/\\\/www.koro.net.pl\\\/fr\\\/produkt\\\/aiguiseur-a-bande-borazon\\\/\",\"name\":\"Taille-fuseur \u00e0 bande OPT-60 (borazone)\",\"isPartOf\":{\"@id\":\"https:\\\/\\\/www.koro.net.pl\\\/fr\\\/#website\"},\"primaryImageOfPage\":{\"@id\":\"https:\\\/\\\/www.koro.net.pl\\\/fr\\\/produkt\\\/aiguiseur-a-bande-borazon\\\/#primaryimage\"},\"image\":{\"@id\":\"https:\\\/\\\/www.koro.net.pl\\\/fr\\\/produkt\\\/aiguiseur-a-bande-borazon\\\/#primaryimage\"},\"thumbnailUrl\":\"https:\\\/\\\/www.koro.net.pl\\\/wp-content\\\/uploads\\\/2023\\\/10\\\/ostrzalka-1-scaled.jpg\",\"datePublished\":\"2023-10-13T10:53:28+00:00\",\"description\":\"Aiguiseur \u00e0 scie \u00e0 ruban. Aff\u00fbtage rapide et pr\u00e9cis \u00e0 l\u2019eau des scies \u00e0 ruban. Disque Borazon 203 mm, r\u00e9glage de l\u2019angle d\u2019attaque.\",\"breadcrumb\":{\"@id\":\"https:\\\/\\\/www.koro.net.pl\\\/fr\\\/produkt\\\/aiguiseur-a-bande-borazon\\\/#breadcrumb\"},\"inLanguage\":\"fr-FR\",\"potentialAction\":[{\"@type\":\"ReadAction\",\"target\":[\"https:\\\/\\\/www.koro.net.pl\\\/fr\\\/produkt\\\/aiguiseur-a-bande-borazon\\\/\"]}]},{\"@type\":\"ImageObject\",\"inLanguage\":\"fr-FR\",\"@id\":\"https:\\\/\\\/www.koro.net.pl\\\/fr\\\/produkt\\\/aiguiseur-a-bande-borazon\\\/#primaryimage\",\"url\":\"https:\\\/\\\/www.koro.net.pl\\\/wp-content\\\/uploads\\\/2023\\\/10\\\/ostrzalka-1-scaled.jpg\",\"contentUrl\":\"https:\\\/\\\/www.koro.net.pl\\\/wp-content\\\/uploads\\\/2023\\\/10\\\/ostrzalka-1-scaled.jpg\",\"width\":2560,\"height\":2395,\"caption\":\"Ostrzarka do pi\u0142 ta\u015bmowych borazonowa\"},{\"@type\":\"BreadcrumbList\",\"@id\":\"https:\\\/\\\/www.koro.net.pl\\\/fr\\\/produkt\\\/aiguiseur-a-bande-borazon\\\/#breadcrumb\",\"itemListElement\":[{\"@type\":\"ListItem\",\"position\":1,\"name\":\"Strona g\u0142\u00f3wna\",\"item\":\"https:\\\/\\\/www.koro.net.pl\\\/fr\\\/\"},{\"@type\":\"ListItem\",\"position\":2,\"name\":\"Aiguiseur \u00e0 bande borazon\"}]},{\"@type\":\"WebSite\",\"@id\":\"https:\\\/\\\/www.koro.net.pl\\\/fr\\\/#website\",\"url\":\"https:\\\/\\\/www.koro.net.pl\\\/fr\\\/\",\"name\":\"Koronet\",\"description\":\"\",\"publisher\":{\"@id\":\"https:\\\/\\\/www.koro.net.pl\\\/fr\\\/#organization\"},\"potentialAction\":[{\"@type\":\"SearchAction\",\"target\":{\"@type\":\"EntryPoint\",\"urlTemplate\":\"https:\\\/\\\/www.koro.net.pl\\\/fr\\\/?s={search_term_string}\"},\"query-input\":{\"@type\":\"PropertyValueSpecification\",\"valueRequired\":true,\"valueName\":\"search_term_string\"}}],\"inLanguage\":\"fr-FR\"},{\"@type\":\"Organization\",\"@id\":\"https:\\\/\\\/www.koro.net.pl\\\/fr\\\/#organization\",\"name\":\"Koronet\",\"alternateName\":\"Koronet\",\"url\":\"https:\\\/\\\/www.koro.net.pl\\\/fr\\\/\",\"logo\":{\"@type\":\"ImageObject\",\"inLanguage\":\"fr-FR\",\"@id\":\"https:\\\/\\\/www.koro.net.pl\\\/fr\\\/#\\\/schema\\\/logo\\\/image\\\/\",\"url\":\"https:\\\/\\\/www.koro.net.pl\\\/wp-content\\\/uploads\\\/2025\\\/02\\\/Koronet-spolka-z-o.o.png\",\"contentUrl\":\"https:\\\/\\\/www.koro.net.pl\\\/wp-content\\\/uploads\\\/2025\\\/02\\\/Koronet-spolka-z-o.o.png\",\"width\":696,\"height\":696,\"caption\":\"Koronet\"},\"image\":{\"@id\":\"https:\\\/\\\/www.koro.net.pl\\\/fr\\\/#\\\/schema\\\/logo\\\/image\\\/\"}}]}<\/script>\n<!-- \/ Yoast SEO plugin. -->","yoast_head_json":{"title":"Taille-fuseur \u00e0 bande OPT-60 (borazone)","description":"Aiguiseur \u00e0 scie \u00e0 ruban. Aff\u00fbtage rapide et pr\u00e9cis \u00e0 l\u2019eau des scies \u00e0 ruban. Disque Borazon 203 mm, r\u00e9glage de l\u2019angle d\u2019attaque.","robots":{"index":"index","follow":"follow","max-snippet":"max-snippet:-1","max-image-preview":"max-image-preview:large","max-video-preview":"max-video-preview:-1"},"canonical":"https:\/\/www.koro.net.pl\/fr\/produkt\/aiguiseur-a-bande-borazon\/","og_locale":"fr_FR","og_type":"article","og_title":"Taille-fuseur \u00e0 bande OPT-60 (borazone)","og_description":"Aiguiseur \u00e0 scie \u00e0 ruban. Aff\u00fbtage rapide et pr\u00e9cis \u00e0 l\u2019eau des scies \u00e0 ruban. Disque Borazon 203 mm, r\u00e9glage de l\u2019angle d\u2019attaque.","og_url":"https:\/\/www.koro.net.pl\/fr\/produkt\/aiguiseur-a-bande-borazon\/","og_site_name":"Koronet","og_image":[{"width":2560,"height":2395,"url":"https:\/\/www.koro.net.pl\/wp-content\/uploads\/2023\/10\/ostrzalka-1-scaled.jpg","type":"image\/jpeg"}],"twitter_card":"summary_large_image","twitter_misc":{"Dur\u00e9e de lecture estim\u00e9e":"1 minute"},"schema":{"@context":"https:\/\/schema.org","@graph":[{"@type":"WebPage","@id":"https:\/\/www.koro.net.pl\/fr\/produkt\/aiguiseur-a-bande-borazon\/","url":"https:\/\/www.koro.net.pl\/fr\/produkt\/aiguiseur-a-bande-borazon\/","name":"Taille-fuseur \u00e0 bande OPT-60 (borazone)","isPartOf":{"@id":"https:\/\/www.koro.net.pl\/fr\/#website"},"primaryImageOfPage":{"@id":"https:\/\/www.koro.net.pl\/fr\/produkt\/aiguiseur-a-bande-borazon\/#primaryimage"},"image":{"@id":"https:\/\/www.koro.net.pl\/fr\/produkt\/aiguiseur-a-bande-borazon\/#primaryimage"},"thumbnailUrl":"https:\/\/www.koro.net.pl\/wp-content\/uploads\/2023\/10\/ostrzalka-1-scaled.jpg","datePublished":"2023-10-13T10:53:28+00:00","description":"Aiguiseur \u00e0 scie \u00e0 ruban. Aff\u00fbtage rapide et pr\u00e9cis \u00e0 l\u2019eau des scies \u00e0 ruban. Disque Borazon 203 mm, r\u00e9glage de l\u2019angle d\u2019attaque.","breadcrumb":{"@id":"https:\/\/www.koro.net.pl\/fr\/produkt\/aiguiseur-a-bande-borazon\/#breadcrumb"},"inLanguage":"fr-FR","potentialAction":[{"@type":"ReadAction","target":["https:\/\/www.koro.net.pl\/fr\/produkt\/aiguiseur-a-bande-borazon\/"]}]},{"@type":"ImageObject","inLanguage":"fr-FR","@id":"https:\/\/www.koro.net.pl\/fr\/produkt\/aiguiseur-a-bande-borazon\/#primaryimage","url":"https:\/\/www.koro.net.pl\/wp-content\/uploads\/2023\/10\/ostrzalka-1-scaled.jpg","contentUrl":"https:\/\/www.koro.net.pl\/wp-content\/uploads\/2023\/10\/ostrzalka-1-scaled.jpg","width":2560,"height":2395,"caption":"Ostrzarka do pi\u0142 ta\u015bmowych borazonowa"},{"@type":"BreadcrumbList","@id":"https:\/\/www.koro.net.pl\/fr\/produkt\/aiguiseur-a-bande-borazon\/#breadcrumb","itemListElement":[{"@type":"ListItem","position":1,"name":"Strona g\u0142\u00f3wna","item":"https:\/\/www.koro.net.pl\/fr\/"},{"@type":"ListItem","position":2,"name":"Aiguiseur \u00e0 bande borazon"}]},{"@type":"WebSite","@id":"https:\/\/www.koro.net.pl\/fr\/#website","url":"https:\/\/www.koro.net.pl\/fr\/","name":"Koronet","description":"","publisher":{"@id":"https:\/\/www.koro.net.pl\/fr\/#organization"},"potentialAction":[{"@type":"SearchAction","target":{"@type":"EntryPoint","urlTemplate":"https:\/\/www.koro.net.pl\/fr\/?s={search_term_string}"},"query-input":{"@type":"PropertyValueSpecification","valueRequired":true,"valueName":"search_term_string"}}],"inLanguage":"fr-FR"},{"@type":"Organization","@id":"https:\/\/www.koro.net.pl\/fr\/#organization","name":"Koronet","alternateName":"Koronet","url":"https:\/\/www.koro.net.pl\/fr\/","logo":{"@type":"ImageObject","inLanguage":"fr-FR","@id":"https:\/\/www.koro.net.pl\/fr\/#\/schema\/logo\/image\/","url":"https:\/\/www.koro.net.pl\/wp-content\/uploads\/2025\/02\/Koronet-spolka-z-o.o.png","contentUrl":"https:\/\/www.koro.net.pl\/wp-content\/uploads\/2025\/02\/Koronet-spolka-z-o.o.png","width":696,"height":696,"caption":"Koronet"},"image":{"@id":"https:\/\/www.koro.net.pl\/fr\/#\/schema\/logo\/image\/"}}]}},"_links":{"self":[{"href":"https:\/\/www.koro.net.pl\/fr\/wp-json\/wp\/v2\/product\/11841","targetHints":{"allow":["GET"]}}],"collection":[{"href":"https:\/\/www.koro.net.pl\/fr\/wp-json\/wp\/v2\/product"}],"about":[{"href":"https:\/\/www.koro.net.pl\/fr\/wp-json\/wp\/v2\/types\/product"}],"wp:featuredmedia":[{"embeddable":true,"href":"https:\/\/www.koro.net.pl\/fr\/wp-json\/wp\/v2\/media\/3240"}],"wp:attachment":[{"href":"https:\/\/www.koro.net.pl\/fr\/wp-json\/wp\/v2\/media?parent=11841"}],"wp:term":[{"taxonomy":"product_brand","embeddable":true,"href":"https:\/\/www.koro.net.pl\/fr\/wp-json\/wp\/v2\/product_brand?post=11841"},{"taxonomy":"product_cat","embeddable":true,"href":"https:\/\/www.koro.net.pl\/fr\/wp-json\/wp\/v2\/product_cat?post=11841"},{"taxonomy":"product_tag","embeddable":true,"href":"https:\/\/www.koro.net.pl\/fr\/wp-json\/wp\/v2\/product_tag?post=11841"}],"curies":[{"name":"wp","href":"https:\/\/api.w.org\/{rel}","templated":true}]}}