{"id":11839,"date":"2023-10-26T09:57:08","date_gmt":"2023-10-26T07:57:08","guid":{"rendered":"https:\/\/www.koro.net.pl\/produkt\/scie-a-ruban-en-bois-expert-roh-40x1-25x4800\/"},"modified":"2023-10-26T09:57:08","modified_gmt":"2023-10-26T07:57:08","slug":"scie-a-ruban-en-bois-expert-roh-40x1-25x4800","status":"publish","type":"product","link":"https:\/\/www.koro.net.pl\/fr\/produkt\/scie-a-ruban-en-bois-expert-roh-40x1-25x4800\/","title":{"rendered":"Scie \u00e0 ruban en bois Expert ROH 40&#215;1, 25&#215;4800"},"content":{"rendered":"<p><strong>Caract\u00e9ristiques :<\/strong><\/p>\n<p>Mat\u00e9riau : <strong>acier \u00e0 haute alliage<\/strong><br \/>\nPas : <strong>22,2 mm<\/strong><br \/>\nDuret\u00e9 de la scie : <strong>45-47 HRC<\/strong><br \/>\nDuret\u00e9 de la dent : <strong>60-62 HRC (pour les dents tremp\u00e9es)<\/strong><br \/>\n Temps de travail continu : <strong>1 heure + 12 heures<\/strong><br \/>\nde repos Tension de la scie : <strong>150-155 MPa<\/strong><br \/>\nVitesse de la scie : <strong>30 m\/s<\/strong>Alimentation de la scie : <strong>2-20 m\/min<\/strong><\/p>\n<p><strong>Caract\u00e9ristiques :<\/strong><\/p>\n<ul>\n<li>R\u00e9sistance \u00e0 la fissuration<\/li>\n<li>Meilleure stabilit\u00e9 de fonctionnement<\/li>\n<li>Dur\u00e9e de vie en service plus longue<\/li>\n<li>R\u00e9sistance accrue \u00e0 l\u2019extinction<\/li>\n<li>Recommand\u00e9 pour la coupe du bois de duret\u00e9 moyenne et dur<\/li>\n<\/ul>\n<table class=\"aligncenter\">\n<tbody>\n<tr>\n<td><b>Largeur <\/b><\/td>\n<td><b>\u00c9paisseur <\/b><\/td>\n<td><b>Non ouvert Non aff\u00fbt\u00e9<\/b><\/td>\n<td><b>Focus<\/b><\/td>\n<p> ouvert<\/p>\n<td><b>Ouvert Aiguis\u00e9 Durci<\/b><\/td>\n<\/tr>\n<tr>\n<td>35<\/td>\n<td>1.0<\/td>\n<td>\n\u2713<\/td>\n<td>\n\u2713<\/td>\n<td>\u2713<\/td>\n<\/tr>\n<tr>\n<td>40<\/td>\n<td>1.1<\/td>\n<td>\n\u2713<\/td>\n<td>\n\u2713<\/td>\n<td>\u2713<\/td>\n<\/tr>\n<tr>\n<td>50<\/td>\n<td>1.1<\/td>\n<td>\n\u2713<\/td>\n<td>\n\u2713<\/td>\n<td>\u2713<\/td>\n<\/tr>\n<tr>\n<td>60<\/td>\n<td>1.1<\/td>\n<td>\n\u2713<\/td>\n<td>\n\u2713<\/td>\n<td>\u2713<\/td>\n<\/tr>\n<\/tbody>\n<\/table>\n","protected":false},"excerpt":{"rendered":"<p>Caract\u00e9ristiques : Mat\u00e9riau : acier \u00e0 haute alliage Pas : 22,2 mm Duret\u00e9 de la scie : 45-47 HRC Duret\u00e9 de la dent : 60-62 HRC (pour les dents tremp\u00e9es) [&hellip;]<\/p>\n","protected":false},"featured_media":11842,"template":"","meta":{"_acf_changed":false},"product_brand":[],"product_cat":[203,202],"product_tag":[205],"class_list":{"0":"post-11839","1":"product","2":"type-product","3":"status-publish","4":"has-post-thumbnail","6":"product_cat-populaire","7":"product_cat-scies-a-ruban-pour-bois","8":"product_tag-produits-populaires-scies-a-bois","9":"product_shipping_class-livraison-gratuite-scies-a-bois","11":"first","12":"instock","13":"taxable","14":"shipping-taxable","15":"purchasable","16":"product-type-simple"},"acf":[],"yoast_head":"<!-- This site is optimized with the Yoast SEO plugin v27.5 - https:\/\/yoast.com\/product\/yoast-seo-wordpress\/ -->\n<title>Scie \u00e0 ruban Expert Roh Wood - Pour bois dur<\/title>\n<meta name=\"description\" content=\"Scie \u00e0 ruban pour le bois ? Choisissez Expert ROH ! Acier \u00e0 haute alliage, r\u00e9sistant aux fissures, longue dur\u00e9e de service. Pour le bois de duret\u00e9 moyenne \u00e0 \u00e9lev\u00e9e.\" \/>\n<meta name=\"robots\" content=\"index, follow, max-snippet:-1, max-image-preview:large, max-video-preview:-1\" \/>\n<link rel=\"canonical\" href=\"https:\/\/www.koro.net.pl\/fr\/produkt\/scie-a-ruban-en-bois-expert-roh-40x1-25x4800\/\" \/>\n<meta property=\"og:locale\" content=\"fr_FR\" \/>\n<meta property=\"og:type\" content=\"article\" \/>\n<meta property=\"og:title\" content=\"Scie \u00e0 ruban Expert Roh Wood - Pour bois dur\" \/>\n<meta property=\"og:description\" content=\"Scie \u00e0 ruban pour le bois ? Choisissez Expert ROH ! Acier \u00e0 haute alliage, r\u00e9sistant aux fissures, longue dur\u00e9e de service. Pour le bois de duret\u00e9 moyenne \u00e0 \u00e9lev\u00e9e.\" \/>\n<meta property=\"og:url\" content=\"https:\/\/www.koro.net.pl\/fr\/produkt\/scie-a-ruban-en-bois-expert-roh-40x1-25x4800\/\" \/>\n<meta property=\"og:site_name\" content=\"Koronet\" \/>\n<meta property=\"og:image\" content=\"https:\/\/www.koro.net.pl\/wp-content\/uploads\/2023\/10\/Expert-800x600-1.png\" \/>\n\t<meta property=\"og:image:width\" content=\"800\" \/>\n\t<meta property=\"og:image:height\" content=\"600\" \/>\n\t<meta property=\"og:image:type\" content=\"image\/png\" \/>\n<meta name=\"twitter:card\" content=\"summary_large_image\" \/>\n<script type=\"application\/ld+json\" class=\"yoast-schema-graph\">{\"@context\":\"https:\\\/\\\/schema.org\",\"@graph\":[{\"@type\":\"WebPage\",\"@id\":\"https:\\\/\\\/www.koro.net.pl\\\/fr\\\/produkt\\\/scie-a-ruban-en-bois-expert-roh-40x1-25x4800\\\/\",\"url\":\"https:\\\/\\\/www.koro.net.pl\\\/fr\\\/produkt\\\/scie-a-ruban-en-bois-expert-roh-40x1-25x4800\\\/\",\"name\":\"Scie \u00e0 ruban Expert Roh Wood - Pour bois dur\",\"isPartOf\":{\"@id\":\"https:\\\/\\\/www.koro.net.pl\\\/fr\\\/#website\"},\"primaryImageOfPage\":{\"@id\":\"https:\\\/\\\/www.koro.net.pl\\\/fr\\\/produkt\\\/scie-a-ruban-en-bois-expert-roh-40x1-25x4800\\\/#primaryimage\"},\"image\":{\"@id\":\"https:\\\/\\\/www.koro.net.pl\\\/fr\\\/produkt\\\/scie-a-ruban-en-bois-expert-roh-40x1-25x4800\\\/#primaryimage\"},\"thumbnailUrl\":\"https:\\\/\\\/www.koro.net.pl\\\/wp-content\\\/uploads\\\/2023\\\/10\\\/Expert-800x600-1.png\",\"datePublished\":\"2023-10-26T07:57:08+00:00\",\"description\":\"Scie \u00e0 ruban pour le bois ? Choisissez Expert ROH ! Acier \u00e0 haute alliage, r\u00e9sistant aux fissures, longue dur\u00e9e de service. Pour le bois de duret\u00e9 moyenne \u00e0 \u00e9lev\u00e9e.\",\"breadcrumb\":{\"@id\":\"https:\\\/\\\/www.koro.net.pl\\\/fr\\\/produkt\\\/scie-a-ruban-en-bois-expert-roh-40x1-25x4800\\\/#breadcrumb\"},\"inLanguage\":\"fr-FR\",\"potentialAction\":[{\"@type\":\"ReadAction\",\"target\":[\"https:\\\/\\\/www.koro.net.pl\\\/fr\\\/produkt\\\/scie-a-ruban-en-bois-expert-roh-40x1-25x4800\\\/\"]}]},{\"@type\":\"ImageObject\",\"inLanguage\":\"fr-FR\",\"@id\":\"https:\\\/\\\/www.koro.net.pl\\\/fr\\\/produkt\\\/scie-a-ruban-en-bois-expert-roh-40x1-25x4800\\\/#primaryimage\",\"url\":\"https:\\\/\\\/www.koro.net.pl\\\/wp-content\\\/uploads\\\/2023\\\/10\\\/Expert-800x600-1.png\",\"contentUrl\":\"https:\\\/\\\/www.koro.net.pl\\\/wp-content\\\/uploads\\\/2023\\\/10\\\/Expert-800x600-1.png\",\"width\":800,\"height\":600,\"caption\":\"Koronet Expert en scie \u00e0 bande en bois\"},{\"@type\":\"BreadcrumbList\",\"@id\":\"https:\\\/\\\/www.koro.net.pl\\\/fr\\\/produkt\\\/scie-a-ruban-en-bois-expert-roh-40x1-25x4800\\\/#breadcrumb\",\"itemListElement\":[{\"@type\":\"ListItem\",\"position\":1,\"name\":\"Strona g\u0142\u00f3wna\",\"item\":\"https:\\\/\\\/www.koro.net.pl\\\/fr\\\/\"},{\"@type\":\"ListItem\",\"position\":2,\"name\":\"Scies \u00e0 ruban pour bois\",\"item\":\"https:\\\/\\\/www.koro.net.pl\\\/fr\\\/produkty\\\/scies-a-ruban-pour-bois\\\/\"},{\"@type\":\"ListItem\",\"position\":3,\"name\":\"Scie \u00e0 ruban en bois Expert ROH 40&#215;1, 25&#215;4800\"}]},{\"@type\":\"WebSite\",\"@id\":\"https:\\\/\\\/www.koro.net.pl\\\/fr\\\/#website\",\"url\":\"https:\\\/\\\/www.koro.net.pl\\\/fr\\\/\",\"name\":\"Koronet\",\"description\":\"\",\"publisher\":{\"@id\":\"https:\\\/\\\/www.koro.net.pl\\\/fr\\\/#organization\"},\"potentialAction\":[{\"@type\":\"SearchAction\",\"target\":{\"@type\":\"EntryPoint\",\"urlTemplate\":\"https:\\\/\\\/www.koro.net.pl\\\/fr\\\/?s={search_term_string}\"},\"query-input\":{\"@type\":\"PropertyValueSpecification\",\"valueRequired\":true,\"valueName\":\"search_term_string\"}}],\"inLanguage\":\"fr-FR\"},{\"@type\":\"Organization\",\"@id\":\"https:\\\/\\\/www.koro.net.pl\\\/fr\\\/#organization\",\"name\":\"Koronet\",\"alternateName\":\"Koronet\",\"url\":\"https:\\\/\\\/www.koro.net.pl\\\/fr\\\/\",\"logo\":{\"@type\":\"ImageObject\",\"inLanguage\":\"fr-FR\",\"@id\":\"https:\\\/\\\/www.koro.net.pl\\\/fr\\\/#\\\/schema\\\/logo\\\/image\\\/\",\"url\":\"https:\\\/\\\/www.koro.net.pl\\\/wp-content\\\/uploads\\\/2025\\\/02\\\/Koronet-spolka-z-o.o.png\",\"contentUrl\":\"https:\\\/\\\/www.koro.net.pl\\\/wp-content\\\/uploads\\\/2025\\\/02\\\/Koronet-spolka-z-o.o.png\",\"width\":696,\"height\":696,\"caption\":\"Koronet\"},\"image\":{\"@id\":\"https:\\\/\\\/www.koro.net.pl\\\/fr\\\/#\\\/schema\\\/logo\\\/image\\\/\"}}]}<\/script>\n<!-- \/ Yoast SEO plugin. -->","yoast_head_json":{"title":"Scie \u00e0 ruban Expert Roh Wood - Pour bois dur","description":"Scie \u00e0 ruban pour le bois ? Choisissez Expert ROH ! Acier \u00e0 haute alliage, r\u00e9sistant aux fissures, longue dur\u00e9e de service. Pour le bois de duret\u00e9 moyenne \u00e0 \u00e9lev\u00e9e.","robots":{"index":"index","follow":"follow","max-snippet":"max-snippet:-1","max-image-preview":"max-image-preview:large","max-video-preview":"max-video-preview:-1"},"canonical":"https:\/\/www.koro.net.pl\/fr\/produkt\/scie-a-ruban-en-bois-expert-roh-40x1-25x4800\/","og_locale":"fr_FR","og_type":"article","og_title":"Scie \u00e0 ruban Expert Roh Wood - Pour bois dur","og_description":"Scie \u00e0 ruban pour le bois ? Choisissez Expert ROH ! Acier \u00e0 haute alliage, r\u00e9sistant aux fissures, longue dur\u00e9e de service. Pour le bois de duret\u00e9 moyenne \u00e0 \u00e9lev\u00e9e.","og_url":"https:\/\/www.koro.net.pl\/fr\/produkt\/scie-a-ruban-en-bois-expert-roh-40x1-25x4800\/","og_site_name":"Koronet","og_image":[{"width":800,"height":600,"url":"https:\/\/www.koro.net.pl\/wp-content\/uploads\/2023\/10\/Expert-800x600-1.png","type":"image\/png"}],"twitter_card":"summary_large_image","schema":{"@context":"https:\/\/schema.org","@graph":[{"@type":"WebPage","@id":"https:\/\/www.koro.net.pl\/fr\/produkt\/scie-a-ruban-en-bois-expert-roh-40x1-25x4800\/","url":"https:\/\/www.koro.net.pl\/fr\/produkt\/scie-a-ruban-en-bois-expert-roh-40x1-25x4800\/","name":"Scie \u00e0 ruban Expert Roh Wood - Pour bois dur","isPartOf":{"@id":"https:\/\/www.koro.net.pl\/fr\/#website"},"primaryImageOfPage":{"@id":"https:\/\/www.koro.net.pl\/fr\/produkt\/scie-a-ruban-en-bois-expert-roh-40x1-25x4800\/#primaryimage"},"image":{"@id":"https:\/\/www.koro.net.pl\/fr\/produkt\/scie-a-ruban-en-bois-expert-roh-40x1-25x4800\/#primaryimage"},"thumbnailUrl":"https:\/\/www.koro.net.pl\/wp-content\/uploads\/2023\/10\/Expert-800x600-1.png","datePublished":"2023-10-26T07:57:08+00:00","description":"Scie \u00e0 ruban pour le bois ? Choisissez Expert ROH ! Acier \u00e0 haute alliage, r\u00e9sistant aux fissures, longue dur\u00e9e de service. Pour le bois de duret\u00e9 moyenne \u00e0 \u00e9lev\u00e9e.","breadcrumb":{"@id":"https:\/\/www.koro.net.pl\/fr\/produkt\/scie-a-ruban-en-bois-expert-roh-40x1-25x4800\/#breadcrumb"},"inLanguage":"fr-FR","potentialAction":[{"@type":"ReadAction","target":["https:\/\/www.koro.net.pl\/fr\/produkt\/scie-a-ruban-en-bois-expert-roh-40x1-25x4800\/"]}]},{"@type":"ImageObject","inLanguage":"fr-FR","@id":"https:\/\/www.koro.net.pl\/fr\/produkt\/scie-a-ruban-en-bois-expert-roh-40x1-25x4800\/#primaryimage","url":"https:\/\/www.koro.net.pl\/wp-content\/uploads\/2023\/10\/Expert-800x600-1.png","contentUrl":"https:\/\/www.koro.net.pl\/wp-content\/uploads\/2023\/10\/Expert-800x600-1.png","width":800,"height":600,"caption":"Koronet Expert en scie \u00e0 bande en bois"},{"@type":"BreadcrumbList","@id":"https:\/\/www.koro.net.pl\/fr\/produkt\/scie-a-ruban-en-bois-expert-roh-40x1-25x4800\/#breadcrumb","itemListElement":[{"@type":"ListItem","position":1,"name":"Strona g\u0142\u00f3wna","item":"https:\/\/www.koro.net.pl\/fr\/"},{"@type":"ListItem","position":2,"name":"Scies \u00e0 ruban pour bois","item":"https:\/\/www.koro.net.pl\/fr\/produkty\/scies-a-ruban-pour-bois\/"},{"@type":"ListItem","position":3,"name":"Scie \u00e0 ruban en bois Expert ROH 40&#215;1, 25&#215;4800"}]},{"@type":"WebSite","@id":"https:\/\/www.koro.net.pl\/fr\/#website","url":"https:\/\/www.koro.net.pl\/fr\/","name":"Koronet","description":"","publisher":{"@id":"https:\/\/www.koro.net.pl\/fr\/#organization"},"potentialAction":[{"@type":"SearchAction","target":{"@type":"EntryPoint","urlTemplate":"https:\/\/www.koro.net.pl\/fr\/?s={search_term_string}"},"query-input":{"@type":"PropertyValueSpecification","valueRequired":true,"valueName":"search_term_string"}}],"inLanguage":"fr-FR"},{"@type":"Organization","@id":"https:\/\/www.koro.net.pl\/fr\/#organization","name":"Koronet","alternateName":"Koronet","url":"https:\/\/www.koro.net.pl\/fr\/","logo":{"@type":"ImageObject","inLanguage":"fr-FR","@id":"https:\/\/www.koro.net.pl\/fr\/#\/schema\/logo\/image\/","url":"https:\/\/www.koro.net.pl\/wp-content\/uploads\/2025\/02\/Koronet-spolka-z-o.o.png","contentUrl":"https:\/\/www.koro.net.pl\/wp-content\/uploads\/2025\/02\/Koronet-spolka-z-o.o.png","width":696,"height":696,"caption":"Koronet"},"image":{"@id":"https:\/\/www.koro.net.pl\/fr\/#\/schema\/logo\/image\/"}}]}},"_links":{"self":[{"href":"https:\/\/www.koro.net.pl\/fr\/wp-json\/wp\/v2\/product\/11839","targetHints":{"allow":["GET"]}}],"collection":[{"href":"https:\/\/www.koro.net.pl\/fr\/wp-json\/wp\/v2\/product"}],"about":[{"href":"https:\/\/www.koro.net.pl\/fr\/wp-json\/wp\/v2\/types\/product"}],"wp:featuredmedia":[{"embeddable":true,"href":"https:\/\/www.koro.net.pl\/fr\/wp-json\/wp\/v2\/media\/11842"}],"wp:attachment":[{"href":"https:\/\/www.koro.net.pl\/fr\/wp-json\/wp\/v2\/media?parent=11839"}],"wp:term":[{"taxonomy":"product_brand","embeddable":true,"href":"https:\/\/www.koro.net.pl\/fr\/wp-json\/wp\/v2\/product_brand?post=11839"},{"taxonomy":"product_cat","embeddable":true,"href":"https:\/\/www.koro.net.pl\/fr\/wp-json\/wp\/v2\/product_cat?post=11839"},{"taxonomy":"product_tag","embeddable":true,"href":"https:\/\/www.koro.net.pl\/fr\/wp-json\/wp\/v2\/product_tag?post=11839"}],"curies":[{"name":"wp","href":"https:\/\/api.w.org\/{rel}","templated":true}]}}