{"id":11790,"date":"2025-03-11T15:31:29","date_gmt":"2025-03-11T14:31:29","guid":{"rendered":"https:\/\/www.koro.net.pl\/produkt\/revetement-tisin-a-4-cannelures-a-coupe-radiale-en-carbure\/"},"modified":"2025-03-11T15:31:29","modified_gmt":"2025-03-11T14:31:29","slug":"revetement-tisin-a-4-cannelures-a-coupe-radiale-en-carbure","status":"publish","type":"product","link":"https:\/\/www.koro.net.pl\/fr\/produkt\/revetement-tisin-a-4-cannelures-a-coupe-radiale-en-carbure\/","title":{"rendered":"Rev\u00eatement TiSiN \u00e0 4 cannelures \u00e0 coupe radiale en carbure"},"content":{"rendered":"<p><span style=\"font-family: Liberation Serif, serif;\"><span style=\"font-size: medium;\">Le carbure ciment\u00e9 VHM (carbure de tungst\u00e8ne) est un <span style=\"color: #131415;\">mat\u00e9riau qui pr\u00e9sente une excellente r\u00e9sistance \u00e0 l\u2019abrasion et \u00e0 des temp\u00e9ratures \u00e9lev\u00e9es, et se caract\u00e9rise \u00e9galement par une grande duret\u00e9. <\/span>  <\/span><\/span><\/p>\n<p><span style=\"font-family: Liberation Serif, serif;\"><span style=\"font-size: medium;\">Le rev\u00eatement TiSiN (Nitrure de Silicium et Titane) <\/span><\/span><span style=\"font-family: Liberation Serif, serif;\"><span style=\"font-size: medium;\">est <\/span><\/span><span style=\"color: #54595f;\"><span style=\"font-family: Liberation Serif, serif;\"><span style=\"font-size: medium;\">l\u2019un des rev\u00eatements les plus efficaces et r\u00e9sistants \u00e0 l\u2019abrasion et \u00e0 la temp\u00e9rature utilis\u00e9s dans l\u2019industrie de la coupe.<\/span><\/span><\/span> <span style=\"font-family: Liberation Serif, serif;\"><span style=\"font-size: medium;\">Avec<\/span><\/span><span style=\"color: #54595f;\"><span style=\"font-family: Liberation Serif, serif;\"><span style=\"font-size: medium;\">un coefficient de friction plus faible, ce qui prolonge consid\u00e9rablement la dur\u00e9e de vie de l\u2019outil.<\/span><\/span><\/span><\/p>\n<p><span style=\"font-family: Liberation Serif, serif;\"><span style=\"font-size: medium;\">Les coupeuses fabriqu\u00e9es \u00e0 partir de ces mat\u00e9riaux se caract\u00e9risent <\/span><\/span> par <span style=\"font-family: Liberation Serif, serif;\"><span style=\"font-size: medium;\">une r\u00e9duction de la friction et du chauffage pendant le fonctionnement.<\/span><\/span><\/p>\n<p><span style=\"color: #383838;\"><span style=\"font-family: Liberation Serif, serif;\"><span style=\"font-size: medium;\"><b><a href=\"https:\/\/www.koro.net.pl\/fr\/produkty\/fraises\/\">Caract\u00e9ristiques du Koronet<\/a> radial de fraise de bout :<\/b><\/span><\/span><\/span><\/p>\n<ul>\n<li><span style=\"color: #383838;\"><span style=\"font-family: Liberation Serif, serif;\"><span style=\"font-size: medium;\"><b>Mat\u00e9riel : HM<\/b><\/span><\/span><\/span><\/li>\n<li><span style=\"color: #383838;\"><span style=\"font-family: Liberation Serif, serif;\"><span style=\"font-size: medium;\"><b>Couverture : TiSiN<\/b><\/span><\/span><\/span><\/li>\n<li><span style=\"color: #383838;\"><span style=\"font-family: Liberation Serif, serif;\"><span style=\"font-size: medium;\"><b>Nombre de lames : 4<\/b><\/span><\/span><\/span><\/li>\n<li><span style=\"color: #383838;\"><span style=\"font-family: Liberation Serif, serif;\"><span style=\"font-size: medium;\"><b>Duret\u00e9 : 55 HRC<\/b><\/span><\/span><\/span><\/li>\n<li><span style=\"color: #383838;\"><span style=\"font-family: Liberation Serif, serif;\"><span style=\"font-size: medium;\"><b>Direction : \u00c0 droite<\/b><\/span><\/span><\/span><\/li>\n<\/ul>\n<p><img decoding=\"async\" class=\"wp-image-6388 aligncenter lazyload\" data-src=\"https:\/\/www.koro.net.pl\/wp-content\/uploads\/2025\/03\/Frez-promieniowy-wzor-wymiarow-1-e1741696447572-300x300.png\" alt=\"Mod\u00e8le de dimension du coupeur radial\" width=\"363\" height=\"363\" data-srcset=\"https:\/\/www.koro.net.pl\/wp-content\/uploads\/2025\/03\/Frez-promieniowy-wzor-wymiarow-1-e1741696447572-300x300.png 300w, https:\/\/www.koro.net.pl\/wp-content\/uploads\/2025\/03\/Frez-promieniowy-wzor-wymiarow-1-e1741696447572-150x150.png 150w, https:\/\/www.koro.net.pl\/wp-content\/uploads\/2025\/03\/Frez-promieniowy-wzor-wymiarow-1-e1741696447572-768x768.png 768w, https:\/\/www.koro.net.pl\/wp-content\/uploads\/2025\/03\/Frez-promieniowy-wzor-wymiarow-1-e1741696447572-600x600.png 600w, https:\/\/www.koro.net.pl\/wp-content\/uploads\/2025\/03\/Frez-promieniowy-wzor-wymiarow-1-e1741696447572-100x100.png 100w, https:\/\/www.koro.net.pl\/wp-content\/uploads\/2025\/03\/Frez-promieniowy-wzor-wymiarow-1-e1741696447572.png 1000w\" data-sizes=\"(max-width: 363px) 100vw, 363px\" src=\"data:image\/svg+xml;base64,PHN2ZyB3aWR0aD0iMSIgaGVpZ2h0PSIxIiB4bWxucz0iaHR0cDovL3d3dy53My5vcmcvMjAwMC9zdmciPjwvc3ZnPg==\" style=\"--smush-placeholder-width: 363px; --smush-placeholder-aspect-ratio: 363\/363;\" \/><\/p>\n<p>&nbsp;<\/p>\n<table style=\"height: 414px;\" width=\"912\">\n<tbody>\n<tr>\n<td><strong>Diam\u00e8tre D1 (mm)<\/strong><\/td>\n<td><strong>Diam\u00e8tre de la tige D2 (mm)<\/strong><\/td>\n<td><strong>Longueur de travail L1 (mm)<\/strong><\/td>\n<td><strong>Longueur totale L2 (mm)<\/strong><\/td>\n<td><strong>Rayon R (mm)<\/strong><\/td>\n<\/tr>\n<tr>\n<td><span style=\"vertical-align: inherit;\"><span style=\"vertical-align: inherit;\"><\/span><\/span><br \/>\n 2<\/td>\n<td><span style=\"vertical-align: inherit;\"><span style=\"vertical-align: inherit;\"><\/span><\/span><br \/>\n 4<\/td>\n<td><span style=\"vertical-align: inherit;\"><span style=\"vertical-align: inherit;\"><\/span><\/span><br \/>\n 6<\/td>\n<td><span style=\"vertical-align: inherit;\"><span style=\"vertical-align: inherit;\">50<\/span><\/span><\/td>\n<td><span style=\"vertical-align: inherit;\"><span style=\"vertical-align: inherit;\">0,2<\/span><\/span><\/td>\n<\/tr>\n<tr>\n<td><span style=\"vertical-align: inherit;\"><span style=\"vertical-align: inherit;\"><\/span><\/span><br \/>\n 3<\/td>\n<td><span style=\"vertical-align: inherit;\"><span style=\"vertical-align: inherit;\"><\/span><\/span><br \/>\n 4<\/td>\n<td><span style=\"vertical-align: inherit;\"><span style=\"vertical-align: inherit;\"><\/span><\/span><br \/>\n 9<\/td>\n<td><span style=\"vertical-align: inherit;\"><span style=\"vertical-align: inherit;\">50<\/span><\/span><\/td>\n<td><span style=\"vertical-align: inherit;\"><span style=\"vertical-align: inherit;\">0,2<\/span><\/span><\/td>\n<\/tr>\n<tr>\n<td><span style=\"vertical-align: inherit;\"><span style=\"vertical-align: inherit;\"><\/span><\/span><br \/>\n 3<\/td>\n<td><span style=\"vertical-align: inherit;\"><span style=\"vertical-align: inherit;\"><\/span><\/span><br \/>\n 4<\/td>\n<td><span style=\"vertical-align: inherit;\"><span style=\"vertical-align: inherit;\"><\/span><\/span><br \/>\n 9<\/td>\n<td><span style=\"vertical-align: inherit;\"><span style=\"vertical-align: inherit;\">50<\/span><\/span><\/td>\n<td><span style=\"vertical-align: inherit;\"><span style=\"vertical-align: inherit;\">0,5<\/span><\/span><\/td>\n<\/tr>\n<tr>\n<td><span style=\"vertical-align: inherit;\"><span style=\"vertical-align: inherit;\"><\/span><\/span><br \/>\n 4<\/td>\n<td><span style=\"vertical-align: inherit;\"><span style=\"vertical-align: inherit;\"><\/span><\/span><br \/>\n 4<\/td>\n<td><span style=\"vertical-align: inherit;\"><span style=\"vertical-align: inherit;\">12<\/span><\/span><\/td>\n<td><span style=\"vertical-align: inherit;\"><span style=\"vertical-align: inherit;\">50<\/span><\/span><\/td>\n<td><span style=\"vertical-align: inherit;\"><span style=\"vertical-align: inherit;\">0,2<\/span><\/span><\/td>\n<\/tr>\n<tr>\n<td><span style=\"vertical-align: inherit;\"><span style=\"vertical-align: inherit;\"><\/span><\/span><br \/>\n 4<\/td>\n<td><span style=\"vertical-align: inherit;\"><span style=\"vertical-align: inherit;\"><\/span><\/span><br \/>\n 4<\/td>\n<td><span style=\"vertical-align: inherit;\"><span style=\"vertical-align: inherit;\">12<\/span><\/span><\/td>\n<td><span style=\"vertical-align: inherit;\"><span style=\"vertical-align: inherit;\">50<\/span><\/span><\/td>\n<td><span style=\"vertical-align: inherit;\"><span style=\"vertical-align: inherit;\">0,5<\/span><\/span><\/td>\n<\/tr>\n<tr>\n<td>\n 5<\/td>\n<td>\n 5<\/td>\n<td>15<\/td>\n<td>50<\/td>\n<td>0,2<\/td>\n<\/tr>\n<tr>\n<td>\n 5<\/td>\n<td>\n 5<\/td>\n<td>15<\/td>\n<td>50<\/td>\n<td>0,5<\/td>\n<\/tr>\n<tr>\n<td>\n 5<\/td>\n<td>\n 5<\/td>\n<td>15<\/td>\n<td>50<\/td>\n<td>1<\/td>\n<\/tr>\n<tr>\n<td>\n 6<\/td>\n<td>\n 6<\/td>\n<td>15<\/td>\n<td>50<\/td>\n<td>0,2<\/td>\n<\/tr>\n<tr>\n<td>\n 6<\/td>\n<td>\n 6<\/td>\n<td>15<\/td>\n<td>50<\/td>\n<td>0,5<\/td>\n<\/tr>\n<tr>\n<td>\n 6<\/td>\n<td>\n 6<\/td>\n<td>15<\/td>\n<td>50<\/td>\n<td>1<\/td>\n<\/tr>\n<tr>\n<td>\n 8<\/td>\n<td>\n 8<\/td>\n<td>20<\/td>\n<td>60<\/td>\n<td>0,5<\/td>\n<\/tr>\n<tr>\n<td>\n 8<\/td>\n<td>\n 8<\/td>\n<td>20<\/td>\n<td>60<\/td>\n<td>1<\/td>\n<\/tr>\n<tr>\n<td>10<\/td>\n<td>10<\/td>\n<td>25<\/td>\n<td>75<\/td>\n<td>0,5<\/td>\n<\/tr>\n<tr>\n<td>10<\/td>\n<td>10<\/td>\n<td>25<\/td>\n<td>75<\/td>\n<td>1<\/td>\n<\/tr>\n<tr>\n<td>12<\/td>\n<td>12<\/td>\n<td>30<\/td>\n<td>75<\/td>\n<td>0,5<\/td>\n<\/tr>\n<tr>\n<td>12<\/td>\n<td>12<\/td>\n<td>30<\/td>\n<td>75<\/td>\n<td>1<\/td>\n<\/tr>\n<tr>\n<td>14<\/td>\n<td>14<\/td>\n<td>45<\/td>\n<td>100<\/td>\n<td>0,5<\/td>\n<\/tr>\n<tr>\n<td>14<\/td>\n<td>14<\/td>\n<td>45<\/td>\n<td>100<\/td>\n<td>1<\/td>\n<\/tr>\n<tr>\n<td>16<\/td>\n<td>16<\/td>\n<td>45<\/td>\n<td>100<\/td>\n<td>0,5<\/td>\n<\/tr>\n<tr>\n<td>16<\/td>\n<td>16<\/td>\n<td>45<\/td>\n<td>100<\/td>\n<td>1<\/td>\n<\/tr>\n<tr>\n<td>18<\/td>\n<td>18<\/td>\n<td>45<\/td>\n<td>100<\/td>\n<td>0,5<\/td>\n<\/tr>\n<tr>\n<td>18<\/td>\n<td>18<\/td>\n<td>45<\/td>\n<td>100<\/td>\n<td>1<\/td>\n<\/tr>\n<tr>\n<td>20<\/td>\n<td>20<\/td>\n<td>45<\/td>\n<td>100<\/td>\n<td>0,5<\/td>\n<\/tr>\n<tr>\n<td><span style=\"vertical-align: inherit;\"><span style=\"vertical-align: inherit;\">20<\/span><\/span><\/td>\n<td>20<\/td>\n<td><span style=\"vertical-align: inherit;\"><span style=\"vertical-align: inherit;\">45<\/span><\/span><\/td>\n<td><span style=\"vertical-align: inherit;\"><span style=\"vertical-align: inherit;\">100<\/span><\/span><\/td>\n<td><span style=\"vertical-align: inherit;\"><span style=\"vertical-align: inherit;\">1<\/span><\/span><\/td>\n<\/tr>\n<\/tbody>\n<\/table>\n","protected":false},"excerpt":{"rendered":"<p>Le carbure ciment\u00e9 VHM (carbure de tungst\u00e8ne) est un mat\u00e9riau qui pr\u00e9sente une excellente r\u00e9sistance \u00e0 l\u2019abrasion et \u00e0 des temp\u00e9ratures \u00e9lev\u00e9es, et se caract\u00e9rise \u00e9galement par une grande duret\u00e9. [&hellip;]<\/p>\n","protected":false},"featured_media":6384,"template":"","meta":{"_acf_changed":false},"product_brand":[],"product_cat":[190,174],"product_tag":[],"class_list":{"0":"post-11790","1":"product","2":"type-product","3":"status-publish","4":"has-post-thumbnail","6":"product_cat-fraises","7":"product_cat-outils","9":"first","10":"instock","11":"taxable","12":"shipping-taxable","13":"purchasable","14":"product-type-variable","15":"has-default-attributes"},"acf":[],"yoast_head":"<!-- This site is optimized with the Yoast SEO plugin v27.5 - https:\/\/yoast.com\/product\/yoast-seo-wordpress\/ -->\n<title>Rev\u00eatement TiSiN \u00e0 4 cannelures \u00e0 coupe radiale en carbure - Koronet<\/title>\n<meta name=\"description\" content=\"Rev\u00eatement TiSiN \u00e0 4 cannelures \u00e0 coupe radiale en carbure - kup teraz w Koronet \u27a4 Szeroka gama pi\u0142, narz\u0119dzi skrawaj\u0105cych i innych \u2705. Zapraszamy!\" \/>\n<meta name=\"robots\" content=\"index, follow, max-snippet:-1, max-image-preview:large, max-video-preview:-1\" \/>\n<link rel=\"canonical\" href=\"https:\/\/www.koro.net.pl\/fr\/produkt\/revetement-tisin-a-4-cannelures-a-coupe-radiale-en-carbure\/\" \/>\n<meta property=\"og:locale\" content=\"fr_FR\" \/>\n<meta property=\"og:type\" content=\"article\" \/>\n<meta property=\"og:title\" content=\"Rev\u00eatement TiSiN \u00e0 4 cannelures \u00e0 coupe radiale en carbure - Koronet\" \/>\n<meta property=\"og:description\" content=\"Rev\u00eatement TiSiN \u00e0 4 cannelures \u00e0 coupe radiale en carbure - kup teraz w Koronet \u27a4 Szeroka gama pi\u0142, narz\u0119dzi skrawaj\u0105cych i innych \u2705. Zapraszamy!\" \/>\n<meta property=\"og:url\" content=\"https:\/\/www.koro.net.pl\/fr\/produkt\/revetement-tisin-a-4-cannelures-a-coupe-radiale-en-carbure\/\" \/>\n<meta property=\"og:site_name\" content=\"Koronet\" \/>\n<meta property=\"og:image\" content=\"https:\/\/www.koro.net.pl\/wp-content\/uploads\/2025\/03\/Frez-w-zoltym-1.png\" \/>\n\t<meta property=\"og:image:width\" content=\"1000\" \/>\n\t<meta property=\"og:image:height\" content=\"1000\" \/>\n\t<meta property=\"og:image:type\" content=\"image\/png\" \/>\n<meta name=\"twitter:card\" content=\"summary_large_image\" \/>\n<meta name=\"twitter:label1\" content=\"Dur\u00e9e de lecture estim\u00e9e\" \/>\n\t<meta name=\"twitter:data1\" content=\"1 minute\" \/>\n<script type=\"application\/ld+json\" class=\"yoast-schema-graph\">{\"@context\":\"https:\\\/\\\/schema.org\",\"@graph\":[{\"@type\":\"WebPage\",\"@id\":\"https:\\\/\\\/www.koro.net.pl\\\/fr\\\/produkt\\\/revetement-tisin-a-4-cannelures-a-coupe-radiale-en-carbure\\\/\",\"url\":\"https:\\\/\\\/www.koro.net.pl\\\/fr\\\/produkt\\\/revetement-tisin-a-4-cannelures-a-coupe-radiale-en-carbure\\\/\",\"name\":\"Rev\u00eatement TiSiN \u00e0 4 cannelures \u00e0 coupe radiale en carbure - Koronet\",\"isPartOf\":{\"@id\":\"https:\\\/\\\/www.koro.net.pl\\\/fr\\\/#website\"},\"primaryImageOfPage\":{\"@id\":\"https:\\\/\\\/www.koro.net.pl\\\/fr\\\/produkt\\\/revetement-tisin-a-4-cannelures-a-coupe-radiale-en-carbure\\\/#primaryimage\"},\"image\":{\"@id\":\"https:\\\/\\\/www.koro.net.pl\\\/fr\\\/produkt\\\/revetement-tisin-a-4-cannelures-a-coupe-radiale-en-carbure\\\/#primaryimage\"},\"thumbnailUrl\":\"https:\\\/\\\/www.koro.net.pl\\\/wp-content\\\/uploads\\\/2025\\\/03\\\/Frez-w-zoltym-1.png\",\"datePublished\":\"2025-03-11T14:31:29+00:00\",\"description\":\"Rev\u00eatement TiSiN \u00e0 4 cannelures \u00e0 coupe radiale en carbure - kup teraz w Koronet \u27a4 Szeroka gama pi\u0142, narz\u0119dzi skrawaj\u0105cych i innych \u2705. Zapraszamy!\",\"breadcrumb\":{\"@id\":\"https:\\\/\\\/www.koro.net.pl\\\/fr\\\/produkt\\\/revetement-tisin-a-4-cannelures-a-coupe-radiale-en-carbure\\\/#breadcrumb\"},\"inLanguage\":\"fr-FR\",\"potentialAction\":[{\"@type\":\"ReadAction\",\"target\":[\"https:\\\/\\\/www.koro.net.pl\\\/fr\\\/produkt\\\/revetement-tisin-a-4-cannelures-a-coupe-radiale-en-carbure\\\/\"]}]},{\"@type\":\"ImageObject\",\"inLanguage\":\"fr-FR\",\"@id\":\"https:\\\/\\\/www.koro.net.pl\\\/fr\\\/produkt\\\/revetement-tisin-a-4-cannelures-a-coupe-radiale-en-carbure\\\/#primaryimage\",\"url\":\"https:\\\/\\\/www.koro.net.pl\\\/wp-content\\\/uploads\\\/2025\\\/03\\\/Frez-w-zoltym-1.png\",\"contentUrl\":\"https:\\\/\\\/www.koro.net.pl\\\/wp-content\\\/uploads\\\/2025\\\/03\\\/Frez-w-zoltym-1.png\",\"width\":1000,\"height\":1000,\"caption\":\"Frez promieniowy Koronet\"},{\"@type\":\"BreadcrumbList\",\"@id\":\"https:\\\/\\\/www.koro.net.pl\\\/fr\\\/produkt\\\/revetement-tisin-a-4-cannelures-a-coupe-radiale-en-carbure\\\/#breadcrumb\",\"itemListElement\":[{\"@type\":\"ListItem\",\"position\":1,\"name\":\"Strona g\u0142\u00f3wna\",\"item\":\"https:\\\/\\\/www.koro.net.pl\\\/fr\\\/\"},{\"@type\":\"ListItem\",\"position\":2,\"name\":\"Rev\u00eatement TiSiN \u00e0 4 cannelures \u00e0 coupe radiale en carbure\"}]},{\"@type\":\"WebSite\",\"@id\":\"https:\\\/\\\/www.koro.net.pl\\\/fr\\\/#website\",\"url\":\"https:\\\/\\\/www.koro.net.pl\\\/fr\\\/\",\"name\":\"Koronet\",\"description\":\"\",\"publisher\":{\"@id\":\"https:\\\/\\\/www.koro.net.pl\\\/fr\\\/#organization\"},\"potentialAction\":[{\"@type\":\"SearchAction\",\"target\":{\"@type\":\"EntryPoint\",\"urlTemplate\":\"https:\\\/\\\/www.koro.net.pl\\\/fr\\\/?s={search_term_string}\"},\"query-input\":{\"@type\":\"PropertyValueSpecification\",\"valueRequired\":true,\"valueName\":\"search_term_string\"}}],\"inLanguage\":\"fr-FR\"},{\"@type\":\"Organization\",\"@id\":\"https:\\\/\\\/www.koro.net.pl\\\/fr\\\/#organization\",\"name\":\"Koronet\",\"alternateName\":\"Koronet\",\"url\":\"https:\\\/\\\/www.koro.net.pl\\\/fr\\\/\",\"logo\":{\"@type\":\"ImageObject\",\"inLanguage\":\"fr-FR\",\"@id\":\"https:\\\/\\\/www.koro.net.pl\\\/fr\\\/#\\\/schema\\\/logo\\\/image\\\/\",\"url\":\"https:\\\/\\\/www.koro.net.pl\\\/wp-content\\\/uploads\\\/2025\\\/02\\\/Koronet-spolka-z-o.o.png\",\"contentUrl\":\"https:\\\/\\\/www.koro.net.pl\\\/wp-content\\\/uploads\\\/2025\\\/02\\\/Koronet-spolka-z-o.o.png\",\"width\":696,\"height\":696,\"caption\":\"Koronet\"},\"image\":{\"@id\":\"https:\\\/\\\/www.koro.net.pl\\\/fr\\\/#\\\/schema\\\/logo\\\/image\\\/\"}}]}<\/script>\n<!-- \/ Yoast SEO plugin. -->","yoast_head_json":{"title":"Rev\u00eatement TiSiN \u00e0 4 cannelures \u00e0 coupe radiale en carbure - Koronet","description":"Rev\u00eatement TiSiN \u00e0 4 cannelures \u00e0 coupe radiale en carbure - kup teraz w Koronet \u27a4 Szeroka gama pi\u0142, narz\u0119dzi skrawaj\u0105cych i innych \u2705. Zapraszamy!","robots":{"index":"index","follow":"follow","max-snippet":"max-snippet:-1","max-image-preview":"max-image-preview:large","max-video-preview":"max-video-preview:-1"},"canonical":"https:\/\/www.koro.net.pl\/fr\/produkt\/revetement-tisin-a-4-cannelures-a-coupe-radiale-en-carbure\/","og_locale":"fr_FR","og_type":"article","og_title":"Rev\u00eatement TiSiN \u00e0 4 cannelures \u00e0 coupe radiale en carbure - Koronet","og_description":"Rev\u00eatement TiSiN \u00e0 4 cannelures \u00e0 coupe radiale en carbure - kup teraz w Koronet \u27a4 Szeroka gama pi\u0142, narz\u0119dzi skrawaj\u0105cych i innych \u2705. Zapraszamy!","og_url":"https:\/\/www.koro.net.pl\/fr\/produkt\/revetement-tisin-a-4-cannelures-a-coupe-radiale-en-carbure\/","og_site_name":"Koronet","og_image":[{"width":1000,"height":1000,"url":"https:\/\/www.koro.net.pl\/wp-content\/uploads\/2025\/03\/Frez-w-zoltym-1.png","type":"image\/png"}],"twitter_card":"summary_large_image","twitter_misc":{"Dur\u00e9e de lecture estim\u00e9e":"1 minute"},"schema":{"@context":"https:\/\/schema.org","@graph":[{"@type":"WebPage","@id":"https:\/\/www.koro.net.pl\/fr\/produkt\/revetement-tisin-a-4-cannelures-a-coupe-radiale-en-carbure\/","url":"https:\/\/www.koro.net.pl\/fr\/produkt\/revetement-tisin-a-4-cannelures-a-coupe-radiale-en-carbure\/","name":"Rev\u00eatement TiSiN \u00e0 4 cannelures \u00e0 coupe radiale en carbure - Koronet","isPartOf":{"@id":"https:\/\/www.koro.net.pl\/fr\/#website"},"primaryImageOfPage":{"@id":"https:\/\/www.koro.net.pl\/fr\/produkt\/revetement-tisin-a-4-cannelures-a-coupe-radiale-en-carbure\/#primaryimage"},"image":{"@id":"https:\/\/www.koro.net.pl\/fr\/produkt\/revetement-tisin-a-4-cannelures-a-coupe-radiale-en-carbure\/#primaryimage"},"thumbnailUrl":"https:\/\/www.koro.net.pl\/wp-content\/uploads\/2025\/03\/Frez-w-zoltym-1.png","datePublished":"2025-03-11T14:31:29+00:00","description":"Rev\u00eatement TiSiN \u00e0 4 cannelures \u00e0 coupe radiale en carbure - kup teraz w Koronet \u27a4 Szeroka gama pi\u0142, narz\u0119dzi skrawaj\u0105cych i innych \u2705. Zapraszamy!","breadcrumb":{"@id":"https:\/\/www.koro.net.pl\/fr\/produkt\/revetement-tisin-a-4-cannelures-a-coupe-radiale-en-carbure\/#breadcrumb"},"inLanguage":"fr-FR","potentialAction":[{"@type":"ReadAction","target":["https:\/\/www.koro.net.pl\/fr\/produkt\/revetement-tisin-a-4-cannelures-a-coupe-radiale-en-carbure\/"]}]},{"@type":"ImageObject","inLanguage":"fr-FR","@id":"https:\/\/www.koro.net.pl\/fr\/produkt\/revetement-tisin-a-4-cannelures-a-coupe-radiale-en-carbure\/#primaryimage","url":"https:\/\/www.koro.net.pl\/wp-content\/uploads\/2025\/03\/Frez-w-zoltym-1.png","contentUrl":"https:\/\/www.koro.net.pl\/wp-content\/uploads\/2025\/03\/Frez-w-zoltym-1.png","width":1000,"height":1000,"caption":"Frez promieniowy Koronet"},{"@type":"BreadcrumbList","@id":"https:\/\/www.koro.net.pl\/fr\/produkt\/revetement-tisin-a-4-cannelures-a-coupe-radiale-en-carbure\/#breadcrumb","itemListElement":[{"@type":"ListItem","position":1,"name":"Strona g\u0142\u00f3wna","item":"https:\/\/www.koro.net.pl\/fr\/"},{"@type":"ListItem","position":2,"name":"Rev\u00eatement TiSiN \u00e0 4 cannelures \u00e0 coupe radiale en carbure"}]},{"@type":"WebSite","@id":"https:\/\/www.koro.net.pl\/fr\/#website","url":"https:\/\/www.koro.net.pl\/fr\/","name":"Koronet","description":"","publisher":{"@id":"https:\/\/www.koro.net.pl\/fr\/#organization"},"potentialAction":[{"@type":"SearchAction","target":{"@type":"EntryPoint","urlTemplate":"https:\/\/www.koro.net.pl\/fr\/?s={search_term_string}"},"query-input":{"@type":"PropertyValueSpecification","valueRequired":true,"valueName":"search_term_string"}}],"inLanguage":"fr-FR"},{"@type":"Organization","@id":"https:\/\/www.koro.net.pl\/fr\/#organization","name":"Koronet","alternateName":"Koronet","url":"https:\/\/www.koro.net.pl\/fr\/","logo":{"@type":"ImageObject","inLanguage":"fr-FR","@id":"https:\/\/www.koro.net.pl\/fr\/#\/schema\/logo\/image\/","url":"https:\/\/www.koro.net.pl\/wp-content\/uploads\/2025\/02\/Koronet-spolka-z-o.o.png","contentUrl":"https:\/\/www.koro.net.pl\/wp-content\/uploads\/2025\/02\/Koronet-spolka-z-o.o.png","width":696,"height":696,"caption":"Koronet"},"image":{"@id":"https:\/\/www.koro.net.pl\/fr\/#\/schema\/logo\/image\/"}}]}},"_links":{"self":[{"href":"https:\/\/www.koro.net.pl\/fr\/wp-json\/wp\/v2\/product\/11790","targetHints":{"allow":["GET"]}}],"collection":[{"href":"https:\/\/www.koro.net.pl\/fr\/wp-json\/wp\/v2\/product"}],"about":[{"href":"https:\/\/www.koro.net.pl\/fr\/wp-json\/wp\/v2\/types\/product"}],"wp:featuredmedia":[{"embeddable":true,"href":"https:\/\/www.koro.net.pl\/fr\/wp-json\/wp\/v2\/media\/6384"}],"wp:attachment":[{"href":"https:\/\/www.koro.net.pl\/fr\/wp-json\/wp\/v2\/media?parent=11790"}],"wp:term":[{"taxonomy":"product_brand","embeddable":true,"href":"https:\/\/www.koro.net.pl\/fr\/wp-json\/wp\/v2\/product_brand?post=11790"},{"taxonomy":"product_cat","embeddable":true,"href":"https:\/\/www.koro.net.pl\/fr\/wp-json\/wp\/v2\/product_cat?post=11790"},{"taxonomy":"product_tag","embeddable":true,"href":"https:\/\/www.koro.net.pl\/fr\/wp-json\/wp\/v2\/product_tag?post=11790"}],"curies":[{"name":"wp","href":"https:\/\/api.w.org\/{rel}","templated":true}]}}