{"id":11769,"date":"2024-12-11T15:57:13","date_gmt":"2024-12-11T14:57:13","guid":{"rendered":"https:\/\/www.koro.net.pl\/produkt\/fil-de-soudure-a-la-tige-de-soudure-pour-koronet-en-aluminium-almg5-tig\/"},"modified":"2026-05-13T08:38:50","modified_gmt":"2026-05-13T06:38:50","slug":"fil-de-soudure-a-la-tige-de-soudure-pour-koronet-en-aluminium-almg5-tig","status":"publish","type":"product","link":"https:\/\/www.koro.net.pl\/fr\/produkt\/fil-de-soudure-a-la-tige-de-soudure-pour-koronet-en-aluminium-almg5-tig\/","title":{"rendered":"Fil de soudure \u00e0 la tige de soudure pour Koronet en aluminium AlMg5 TIG"},"content":{"rendered":"<p>Tige en aluminium pour <a href=\"https:\/\/www.koro.net.pl\/fr\/produkty\/fils-de-soudure\/\">soudage<\/a> TIG d\u2019alliages d\u2019aluminium avec une teneur en magn\u00e9sium de Mg 5 %. Il est id\u00e9al pour souder des composants en aluminium fins et d\u00e9licats. Il est \u00e9galement recommand\u00e9 d\u2019utiliser des fils de cette qualit\u00e9 pour souder les \u00e9l\u00e9ments anodis\u00e9s apr\u00e8s soudure. La fonte se caract\u00e9rise par ses propri\u00e9t\u00e9s \u00e9lev\u00e9es et sa grande r\u00e9sistance \u00e0 la corrosion atmosph\u00e9rique et \u00e0 l\u2019eau de mer. Le soudage TIG de l\u2019aluminium est plus lent que le MIG, mais permet une pr\u00e9cision exceptionnelle, ce qui se traduit par une meilleure qualit\u00e9 de soudure. Ce type de tige TIG est utilis\u00e9 dans l\u2019a\u00e9rospatiale et l\u2019industrie automobile pour souder des composants de pr\u00e9cision dans les automobiles. Il est id\u00e9al pour souder des pi\u00e8ces o\u00f9 des normes d\u2019hygi\u00e8ne \u00e9lev\u00e9es sont requises, par exemple dans les \u00e9quipements m\u00e9dicaux. Les fils AlMg5 sont \u00e9galement utilis\u00e9s dans l\u2019industrie alimentaire, o\u00f9 une r\u00e9sistance \u00e0 la corrosion et une facilit\u00e9 de nettoyage sont requises.       <\/p>\n<ul>\n<li>Gaz de protection : Ar ou un m\u00e9lange d\u2019Ar+He.<\/li>\n<li>Norme : AWS A5.10 ER5356<\/li>\n<li>Multipacks : 1kg, 5kg<\/li>\n<li>Tailles : 1,6 mm, 2,0 mm, 2,4 mm, 3,2 mm, 4,0 mm<\/li>\n<\/ul>\n<p>&nbsp;<\/p>\n<p>&nbsp;<\/p>\n<table>\n<tbody>\n<tr>\n<td><strong>POIDS<\/strong><\/td>\n<td><strong>LONGUEUR<\/strong><\/td>\n<td><strong>DI\u00c2TRE<\/strong><\/td>\n<\/tr>\n<tr>\n<td>1 KG<\/td>\n<td>1000 mm<\/td>\n<td>1,6 mm<\/td>\n<\/tr>\n<tr>\n<td>1 KG<\/td>\n<td>1000 mm<\/td>\n<td>2,0 mm<\/td>\n<\/tr>\n<tr>\n<td>1 KG<\/td>\n<td>1000 mm<\/td>\n<td>2,4 mm<\/td>\n<\/tr>\n<tr>\n<td>1 KG<\/td>\n<td>1000 mm<\/td>\n<td>3,2 mm<\/td>\n<\/tr>\n<tr>\n<td>1 KG<\/td>\n<td>1000 mm<\/td>\n<td>4,0 mm<\/td>\n<\/tr>\n<tr>\n<td>5 KG<\/td>\n<td>1000 mm<\/td>\n<td>1,6 mm<\/td>\n<\/tr>\n<tr>\n<td>5 KG<\/td>\n<td>1000 mm<\/td>\n<td>2,0 mm<\/td>\n<\/tr>\n<tr>\n<td>5 KG<\/td>\n<td>1000 mm<\/td>\n<td>2,4 mm<\/td>\n<\/tr>\n<tr>\n<td>5 KG<\/td>\n<td>1000 mm<\/td>\n<td>3,2 mm<\/td>\n<\/tr>\n<tr>\n<td>5 KG<\/td>\n<td>1000 mm<\/td>\n<td>4,0 mm<\/td>\n<\/tr>\n<\/tbody>\n<\/table>\n","protected":false},"excerpt":{"rendered":"<p>Tige en aluminium pour soudage TIG d\u2019alliages d\u2019aluminium avec une teneur en magn\u00e9sium de Mg 5 %. Il est id\u00e9al pour souder des composants en aluminium fins et d\u00e9licats. Il [&hellip;]<\/p>\n","protected":false},"featured_media":7397,"template":"","meta":{"_acf_changed":false},"product_brand":[],"product_cat":[200,175,197],"product_tag":[201],"class_list":{"0":"post-11769","1":"product","2":"type-product","3":"status-publish","4":"has-post-thumbnail","6":"product_cat-fil-de-soudure-en-alliage-daluminium","7":"product_cat-fils-de-soudure","8":"product_cat-fils-tig","9":"product_tag-fils-de-soudure-en-aluminium-koronet","11":"first","12":"instock","13":"taxable","14":"shipping-taxable","15":"purchasable","16":"product-type-variable","17":"has-default-attributes"},"acf":[],"yoast_head":"<!-- This site is optimized with the Yoast SEO plugin v27.5 - https:\/\/yoast.com\/product\/yoast-seo-wordpress\/ -->\n<title>Fil de soudure en aluminium Coron tige TIG ALMG5<\/title>\n<meta name=\"description\" content=\"Tige TIG AlMg5 (5 % Mg) de haute qualit\u00e9 pour soudure en aluminium. R\u00e9sistant \u00e0 la corrosion, id\u00e9al pour le transport, la construction navale et les industries chimiques.\" \/>\n<meta name=\"robots\" content=\"index, follow, max-snippet:-1, max-image-preview:large, max-video-preview:-1\" \/>\n<link rel=\"canonical\" href=\"https:\/\/www.koro.net.pl\/fr\/produkt\/fil-de-soudure-a-la-tige-de-soudure-pour-koronet-en-aluminium-almg5-tig\/\" \/>\n<meta property=\"og:locale\" content=\"fr_FR\" \/>\n<meta property=\"og:type\" content=\"article\" \/>\n<meta property=\"og:title\" content=\"Fil de soudure en aluminium Coron tige TIG ALMG5\" \/>\n<meta property=\"og:description\" content=\"Tige TIG AlMg5 (5 % Mg) de haute qualit\u00e9 pour soudure en aluminium. R\u00e9sistant \u00e0 la corrosion, id\u00e9al pour le transport, la construction navale et les industries chimiques.\" \/>\n<meta property=\"og:url\" content=\"https:\/\/www.koro.net.pl\/fr\/produkt\/fil-de-soudure-a-la-tige-de-soudure-pour-koronet-en-aluminium-almg5-tig\/\" \/>\n<meta property=\"og:site_name\" content=\"Koronet\" \/>\n<meta property=\"article:modified_time\" content=\"2026-05-13T06:38:50+00:00\" \/>\n<meta property=\"og:image\" content=\"https:\/\/www.koro.net.pl\/wp-content\/uploads\/2024\/12\/AlMg-tig-z-logo.png\" \/>\n\t<meta property=\"og:image:width\" content=\"600\" \/>\n\t<meta property=\"og:image:height\" content=\"600\" \/>\n\t<meta property=\"og:image:type\" content=\"image\/png\" \/>\n<meta name=\"twitter:card\" content=\"summary_large_image\" \/>\n<meta name=\"twitter:label1\" content=\"Dur\u00e9e de lecture estim\u00e9e\" \/>\n\t<meta name=\"twitter:data1\" content=\"1 minute\" \/>\n<script type=\"application\/ld+json\" class=\"yoast-schema-graph\">{\"@context\":\"https:\\\/\\\/schema.org\",\"@graph\":[{\"@type\":\"WebPage\",\"@id\":\"https:\\\/\\\/www.koro.net.pl\\\/fr\\\/produkt\\\/fil-de-soudure-a-la-tige-de-soudure-pour-koronet-en-aluminium-almg5-tig\\\/\",\"url\":\"https:\\\/\\\/www.koro.net.pl\\\/fr\\\/produkt\\\/fil-de-soudure-a-la-tige-de-soudure-pour-koronet-en-aluminium-almg5-tig\\\/\",\"name\":\"Fil de soudure en aluminium Coron tige TIG ALMG5\",\"isPartOf\":{\"@id\":\"https:\\\/\\\/www.koro.net.pl\\\/fr\\\/#website\"},\"primaryImageOfPage\":{\"@id\":\"https:\\\/\\\/www.koro.net.pl\\\/fr\\\/produkt\\\/fil-de-soudure-a-la-tige-de-soudure-pour-koronet-en-aluminium-almg5-tig\\\/#primaryimage\"},\"image\":{\"@id\":\"https:\\\/\\\/www.koro.net.pl\\\/fr\\\/produkt\\\/fil-de-soudure-a-la-tige-de-soudure-pour-koronet-en-aluminium-almg5-tig\\\/#primaryimage\"},\"thumbnailUrl\":\"https:\\\/\\\/www.koro.net.pl\\\/wp-content\\\/uploads\\\/2024\\\/12\\\/AlMg-tig-z-logo.png\",\"datePublished\":\"2024-12-11T14:57:13+00:00\",\"dateModified\":\"2026-05-13T06:38:50+00:00\",\"description\":\"Tige TIG AlMg5 (5 % Mg) de haute qualit\u00e9 pour soudure en aluminium. R\u00e9sistant \u00e0 la corrosion, id\u00e9al pour le transport, la construction navale et les industries chimiques.\",\"breadcrumb\":{\"@id\":\"https:\\\/\\\/www.koro.net.pl\\\/fr\\\/produkt\\\/fil-de-soudure-a-la-tige-de-soudure-pour-koronet-en-aluminium-almg5-tig\\\/#breadcrumb\"},\"inLanguage\":\"fr-FR\",\"potentialAction\":[{\"@type\":\"ReadAction\",\"target\":[\"https:\\\/\\\/www.koro.net.pl\\\/fr\\\/produkt\\\/fil-de-soudure-a-la-tige-de-soudure-pour-koronet-en-aluminium-almg5-tig\\\/\"]}]},{\"@type\":\"ImageObject\",\"inLanguage\":\"fr-FR\",\"@id\":\"https:\\\/\\\/www.koro.net.pl\\\/fr\\\/produkt\\\/fil-de-soudure-a-la-tige-de-soudure-pour-koronet-en-aluminium-almg5-tig\\\/#primaryimage\",\"url\":\"https:\\\/\\\/www.koro.net.pl\\\/wp-content\\\/uploads\\\/2024\\\/12\\\/AlMg-tig-z-logo.png\",\"contentUrl\":\"https:\\\/\\\/www.koro.net.pl\\\/wp-content\\\/uploads\\\/2024\\\/12\\\/AlMg-tig-z-logo.png\",\"width\":600,\"height\":600,\"caption\":\"Pr\u0119t drut spawalniczy do aluminium AlMg5 Koronet\"},{\"@type\":\"BreadcrumbList\",\"@id\":\"https:\\\/\\\/www.koro.net.pl\\\/fr\\\/produkt\\\/fil-de-soudure-a-la-tige-de-soudure-pour-koronet-en-aluminium-almg5-tig\\\/#breadcrumb\",\"itemListElement\":[{\"@type\":\"ListItem\",\"position\":1,\"name\":\"Strona g\u0142\u00f3wna\",\"item\":\"https:\\\/\\\/www.koro.net.pl\\\/fr\\\/\"},{\"@type\":\"ListItem\",\"position\":2,\"name\":\"Fils de soudure\",\"item\":\"https:\\\/\\\/www.koro.net.pl\\\/fr\\\/produkty\\\/fils-de-soudure\\\/\"},{\"@type\":\"ListItem\",\"position\":3,\"name\":\"Fil de soudure \u00e0 la tige de soudure pour Koronet en aluminium AlMg5 TIG\"}]},{\"@type\":\"WebSite\",\"@id\":\"https:\\\/\\\/www.koro.net.pl\\\/fr\\\/#website\",\"url\":\"https:\\\/\\\/www.koro.net.pl\\\/fr\\\/\",\"name\":\"Koronet\",\"description\":\"\",\"publisher\":{\"@id\":\"https:\\\/\\\/www.koro.net.pl\\\/fr\\\/#organization\"},\"potentialAction\":[{\"@type\":\"SearchAction\",\"target\":{\"@type\":\"EntryPoint\",\"urlTemplate\":\"https:\\\/\\\/www.koro.net.pl\\\/fr\\\/?s={search_term_string}\"},\"query-input\":{\"@type\":\"PropertyValueSpecification\",\"valueRequired\":true,\"valueName\":\"search_term_string\"}}],\"inLanguage\":\"fr-FR\"},{\"@type\":\"Organization\",\"@id\":\"https:\\\/\\\/www.koro.net.pl\\\/fr\\\/#organization\",\"name\":\"Koronet\",\"alternateName\":\"Koronet\",\"url\":\"https:\\\/\\\/www.koro.net.pl\\\/fr\\\/\",\"logo\":{\"@type\":\"ImageObject\",\"inLanguage\":\"fr-FR\",\"@id\":\"https:\\\/\\\/www.koro.net.pl\\\/fr\\\/#\\\/schema\\\/logo\\\/image\\\/\",\"url\":\"https:\\\/\\\/www.koro.net.pl\\\/wp-content\\\/uploads\\\/2025\\\/02\\\/Koronet-spolka-z-o.o.png\",\"contentUrl\":\"https:\\\/\\\/www.koro.net.pl\\\/wp-content\\\/uploads\\\/2025\\\/02\\\/Koronet-spolka-z-o.o.png\",\"width\":696,\"height\":696,\"caption\":\"Koronet\"},\"image\":{\"@id\":\"https:\\\/\\\/www.koro.net.pl\\\/fr\\\/#\\\/schema\\\/logo\\\/image\\\/\"}}]}<\/script>\n<!-- \/ Yoast SEO plugin. -->","yoast_head_json":{"title":"Fil de soudure en aluminium Coron tige TIG ALMG5","description":"Tige TIG AlMg5 (5 % Mg) de haute qualit\u00e9 pour soudure en aluminium. R\u00e9sistant \u00e0 la corrosion, id\u00e9al pour le transport, la construction navale et les industries chimiques.","robots":{"index":"index","follow":"follow","max-snippet":"max-snippet:-1","max-image-preview":"max-image-preview:large","max-video-preview":"max-video-preview:-1"},"canonical":"https:\/\/www.koro.net.pl\/fr\/produkt\/fil-de-soudure-a-la-tige-de-soudure-pour-koronet-en-aluminium-almg5-tig\/","og_locale":"fr_FR","og_type":"article","og_title":"Fil de soudure en aluminium Coron tige TIG ALMG5","og_description":"Tige TIG AlMg5 (5 % Mg) de haute qualit\u00e9 pour soudure en aluminium. R\u00e9sistant \u00e0 la corrosion, id\u00e9al pour le transport, la construction navale et les industries chimiques.","og_url":"https:\/\/www.koro.net.pl\/fr\/produkt\/fil-de-soudure-a-la-tige-de-soudure-pour-koronet-en-aluminium-almg5-tig\/","og_site_name":"Koronet","article_modified_time":"2026-05-13T06:38:50+00:00","og_image":[{"width":600,"height":600,"url":"https:\/\/www.koro.net.pl\/wp-content\/uploads\/2024\/12\/AlMg-tig-z-logo.png","type":"image\/png"}],"twitter_card":"summary_large_image","twitter_misc":{"Dur\u00e9e de lecture estim\u00e9e":"1 minute"},"schema":{"@context":"https:\/\/schema.org","@graph":[{"@type":"WebPage","@id":"https:\/\/www.koro.net.pl\/fr\/produkt\/fil-de-soudure-a-la-tige-de-soudure-pour-koronet-en-aluminium-almg5-tig\/","url":"https:\/\/www.koro.net.pl\/fr\/produkt\/fil-de-soudure-a-la-tige-de-soudure-pour-koronet-en-aluminium-almg5-tig\/","name":"Fil de soudure en aluminium Coron tige TIG ALMG5","isPartOf":{"@id":"https:\/\/www.koro.net.pl\/fr\/#website"},"primaryImageOfPage":{"@id":"https:\/\/www.koro.net.pl\/fr\/produkt\/fil-de-soudure-a-la-tige-de-soudure-pour-koronet-en-aluminium-almg5-tig\/#primaryimage"},"image":{"@id":"https:\/\/www.koro.net.pl\/fr\/produkt\/fil-de-soudure-a-la-tige-de-soudure-pour-koronet-en-aluminium-almg5-tig\/#primaryimage"},"thumbnailUrl":"https:\/\/www.koro.net.pl\/wp-content\/uploads\/2024\/12\/AlMg-tig-z-logo.png","datePublished":"2024-12-11T14:57:13+00:00","dateModified":"2026-05-13T06:38:50+00:00","description":"Tige TIG AlMg5 (5 % Mg) de haute qualit\u00e9 pour soudure en aluminium. R\u00e9sistant \u00e0 la corrosion, id\u00e9al pour le transport, la construction navale et les industries chimiques.","breadcrumb":{"@id":"https:\/\/www.koro.net.pl\/fr\/produkt\/fil-de-soudure-a-la-tige-de-soudure-pour-koronet-en-aluminium-almg5-tig\/#breadcrumb"},"inLanguage":"fr-FR","potentialAction":[{"@type":"ReadAction","target":["https:\/\/www.koro.net.pl\/fr\/produkt\/fil-de-soudure-a-la-tige-de-soudure-pour-koronet-en-aluminium-almg5-tig\/"]}]},{"@type":"ImageObject","inLanguage":"fr-FR","@id":"https:\/\/www.koro.net.pl\/fr\/produkt\/fil-de-soudure-a-la-tige-de-soudure-pour-koronet-en-aluminium-almg5-tig\/#primaryimage","url":"https:\/\/www.koro.net.pl\/wp-content\/uploads\/2024\/12\/AlMg-tig-z-logo.png","contentUrl":"https:\/\/www.koro.net.pl\/wp-content\/uploads\/2024\/12\/AlMg-tig-z-logo.png","width":600,"height":600,"caption":"Pr\u0119t drut spawalniczy do aluminium AlMg5 Koronet"},{"@type":"BreadcrumbList","@id":"https:\/\/www.koro.net.pl\/fr\/produkt\/fil-de-soudure-a-la-tige-de-soudure-pour-koronet-en-aluminium-almg5-tig\/#breadcrumb","itemListElement":[{"@type":"ListItem","position":1,"name":"Strona g\u0142\u00f3wna","item":"https:\/\/www.koro.net.pl\/fr\/"},{"@type":"ListItem","position":2,"name":"Fils de soudure","item":"https:\/\/www.koro.net.pl\/fr\/produkty\/fils-de-soudure\/"},{"@type":"ListItem","position":3,"name":"Fil de soudure \u00e0 la tige de soudure pour Koronet en aluminium AlMg5 TIG"}]},{"@type":"WebSite","@id":"https:\/\/www.koro.net.pl\/fr\/#website","url":"https:\/\/www.koro.net.pl\/fr\/","name":"Koronet","description":"","publisher":{"@id":"https:\/\/www.koro.net.pl\/fr\/#organization"},"potentialAction":[{"@type":"SearchAction","target":{"@type":"EntryPoint","urlTemplate":"https:\/\/www.koro.net.pl\/fr\/?s={search_term_string}"},"query-input":{"@type":"PropertyValueSpecification","valueRequired":true,"valueName":"search_term_string"}}],"inLanguage":"fr-FR"},{"@type":"Organization","@id":"https:\/\/www.koro.net.pl\/fr\/#organization","name":"Koronet","alternateName":"Koronet","url":"https:\/\/www.koro.net.pl\/fr\/","logo":{"@type":"ImageObject","inLanguage":"fr-FR","@id":"https:\/\/www.koro.net.pl\/fr\/#\/schema\/logo\/image\/","url":"https:\/\/www.koro.net.pl\/wp-content\/uploads\/2025\/02\/Koronet-spolka-z-o.o.png","contentUrl":"https:\/\/www.koro.net.pl\/wp-content\/uploads\/2025\/02\/Koronet-spolka-z-o.o.png","width":696,"height":696,"caption":"Koronet"},"image":{"@id":"https:\/\/www.koro.net.pl\/fr\/#\/schema\/logo\/image\/"}}]}},"_links":{"self":[{"href":"https:\/\/www.koro.net.pl\/fr\/wp-json\/wp\/v2\/product\/11769","targetHints":{"allow":["GET"]}}],"collection":[{"href":"https:\/\/www.koro.net.pl\/fr\/wp-json\/wp\/v2\/product"}],"about":[{"href":"https:\/\/www.koro.net.pl\/fr\/wp-json\/wp\/v2\/types\/product"}],"wp:featuredmedia":[{"embeddable":true,"href":"https:\/\/www.koro.net.pl\/fr\/wp-json\/wp\/v2\/media\/7397"}],"wp:attachment":[{"href":"https:\/\/www.koro.net.pl\/fr\/wp-json\/wp\/v2\/media?parent=11769"}],"wp:term":[{"taxonomy":"product_brand","embeddable":true,"href":"https:\/\/www.koro.net.pl\/fr\/wp-json\/wp\/v2\/product_brand?post=11769"},{"taxonomy":"product_cat","embeddable":true,"href":"https:\/\/www.koro.net.pl\/fr\/wp-json\/wp\/v2\/product_cat?post=11769"},{"taxonomy":"product_tag","embeddable":true,"href":"https:\/\/www.koro.net.pl\/fr\/wp-json\/wp\/v2\/product_tag?post=11769"}],"curies":[{"name":"wp","href":"https:\/\/api.w.org\/{rel}","templated":true}]}}