{"id":11748,"date":"2025-07-07T11:50:50","date_gmt":"2025-07-07T09:50:50","guid":{"rendered":"https:\/\/www.koro.net.pl\/produkt\/fil-de-soudure-tig-pour-koronet-er316lsi-en-acier-inoxydable\/"},"modified":"2026-05-13T08:38:43","modified_gmt":"2026-05-13T06:38:43","slug":"fil-de-soudure-tig-pour-koronet-er316lsi-en-acier-inoxydable","status":"publish","type":"product","link":"https:\/\/www.koro.net.pl\/fr\/produkt\/fil-de-soudure-tig-pour-koronet-er316lsi-en-acier-inoxydable\/","title":{"rendered":"Fil de soudure TIG pour Koronet ER316LSi en acier inoxydable"},"content":{"rendered":"<p><span style=\"color: #000000;\"><span style=\"font-family: Arial, sans-serif;\"><span style=\"font-size: large;\"><span style=\"color: #1f1f1f;\">La barre TIG ER316LSi chrome-nickel est con\u00e7ue pour souder <\/span><span style=\"color: #040c28;\">des aciers inoxydables aust\u00e9nitiques de type 18-8 (18 % de chrome, 8 % de nickel).<\/span><span style=\"color: #1f1f1f;\"> L\u2019ajout de silicium am\u00e9liore les propri\u00e9t\u00e9s de soudage, telles que la capacit\u00e9 \u00e0 mouiller. Le fil est utilis\u00e9 dans les industries chimique et alimentaire, ainsi que pour souder des conduites, tuyaux et chaudi\u00e8res.<\/span> <\/span><\/span><\/span><\/p>\n<h2 class=\"western\"><span style=\"color: #000000;\"><span style=\"font-family: Arial, sans-serif;\"><span style=\"font-size: large;\">Caract\u00e9ristiques cl\u00e9s :<\/span><\/span><\/span><\/h2>\n<ul type=\"disc\">\n<li><span style=\"font-family: Arial, sans-serif;\"><span style=\"font-size: large;\"><span style=\"color: #000000;\"><b>Composition chimique<\/b><\/span> : Le fil est compos\u00e9 de chrome, de nickel et enrichi en silicium, ce qui am\u00e9liore ses propri\u00e9t\u00e9s m\u00e9caniques et fonctionnelles.<\/span><\/span><\/li>\n<li><span style=\"font-family: Arial, sans-serif;\"><span style=\"font-size: large;\"><span style=\"color: #000000;\"><b>Mouillage :<\/b><\/span> L\u2019ajout de silicium dans le fil ER316LSi augmente la fluidit\u00e9 de la soudure, ce qui facilite le processus de soudage et am\u00e9liore la qualit\u00e9 des joints.<\/span><\/span><\/li>\n<li><span style=\"font-family: Arial, sans-serif;\"><span style=\"font-size: large;\"><span style=\"color: #000000;\"><b>Application<\/b><\/span> : Id\u00e9al pour le soudage des aciers inoxydables aust\u00e9nitiques de type 18-8, largement utilis\u00e9 dans les industries chimiques et alimentaires.<\/span><\/span><\/li>\n<li><span style=\"font-family: Arial, sans-serif;\"><span style=\"font-size: large;\"><span style=\"color: #000000;\"><b>Applications sp\u00e9cifiques<\/b><\/span> : Ce fil est utilis\u00e9 pour souder des canalisations, des tuyaux et des chaudi\u00e8res o\u00f9 une grande r\u00e9sistance \u00e0 la corrosion et une excellente qualit\u00e9 de soudure sont requises.<\/span><\/span><\/li>\n<li><strong><span style=\"font-family: Arial, sans-serif;\"><span style=\"font-size: large;\">Autorisations :<\/span><\/span><\/strong><span style=\"font-family: Arial, sans-serif;\"><span style=\"font-size: large;\"> ABS ISO LR T\u00dcV CE DB<\/span><\/span><\/li>\n<li><strong><span style=\"font-family: Arial, sans-serif;\"><span style=\"font-size: large;\">Classification des alliages : <\/span><\/span><\/strong><span style=\"font-family: Arial, sans-serif;\"><span style=\"font-size: large;\">EN ISO 14343-A-G\/W 19 12 3 LSI<\/span><\/span><\/li>\n<\/ul>\n","protected":false},"excerpt":{"rendered":"<p>La barre TIG ER316LSi chrome-nickel est con\u00e7ue pour souder des aciers inoxydables aust\u00e9nitiques de type 18-8 (18 % de chrome, 8 % de nickel). L\u2019ajout de silicium am\u00e9liore les propri\u00e9t\u00e9s [&hellip;]<\/p>\n","protected":false},"featured_media":7396,"template":"","meta":{"_acf_changed":false},"product_brand":[],"product_cat":[198,175,197],"product_tag":[189],"class_list":{"0":"post-11748","1":"product","2":"type-product","3":"status-publish","4":"has-post-thumbnail","6":"product_cat-fil-de-soudure-en-acier-inoxydable-2","7":"product_cat-fils-de-soudure","8":"product_cat-fils-tig","9":"product_tag-fils-de-soudure-en-acier-inoxydable-koronet","11":"first","12":"instock","13":"taxable","14":"shipping-taxable","15":"purchasable","16":"product-type-variable","17":"has-default-attributes"},"acf":[],"yoast_head":"<!-- This site is optimized with the Yoast SEO plugin v27.5 - https:\/\/yoast.com\/product\/yoast-seo-wordpress\/ -->\n<title>Fil de soudure chrome-nickel ER316LSi Koronet<\/title>\n<meta name=\"description\" content=\"Le fil de chrome-nickel ER316LSi est con\u00e7u pour souder des aciers inoxydables aust\u00e9nitiques de type 18-8 (18 % de chrome, 8 % de nickel).\" \/>\n<meta name=\"robots\" content=\"index, follow, max-snippet:-1, max-image-preview:large, max-video-preview:-1\" \/>\n<link rel=\"canonical\" href=\"https:\/\/www.koro.net.pl\/fr\/produkt\/fil-de-soudure-tig-pour-koronet-er316lsi-en-acier-inoxydable\/\" \/>\n<meta property=\"og:locale\" content=\"fr_FR\" \/>\n<meta property=\"og:type\" content=\"article\" \/>\n<meta property=\"og:title\" content=\"Fil de soudure chrome-nickel ER316LSi Koronet\" \/>\n<meta property=\"og:description\" content=\"Le fil de chrome-nickel ER316LSi est con\u00e7u pour souder des aciers inoxydables aust\u00e9nitiques de type 18-8 (18 % de chrome, 8 % de nickel).\" \/>\n<meta property=\"og:url\" content=\"https:\/\/www.koro.net.pl\/fr\/produkt\/fil-de-soudure-tig-pour-koronet-er316lsi-en-acier-inoxydable\/\" \/>\n<meta property=\"og:site_name\" content=\"Koronet\" \/>\n<meta property=\"article:modified_time\" content=\"2026-05-13T06:38:43+00:00\" \/>\n<meta property=\"og:image\" content=\"https:\/\/www.koro.net.pl\/wp-content\/uploads\/2025\/07\/316LSI-tig-z-logo.png\" \/>\n\t<meta property=\"og:image:width\" content=\"600\" \/>\n\t<meta property=\"og:image:height\" content=\"600\" \/>\n\t<meta property=\"og:image:type\" content=\"image\/png\" \/>\n<meta name=\"twitter:card\" content=\"summary_large_image\" \/>\n<meta name=\"twitter:label1\" content=\"Dur\u00e9e de lecture estim\u00e9e\" \/>\n\t<meta name=\"twitter:data1\" content=\"1 minute\" \/>\n<script type=\"application\/ld+json\" class=\"yoast-schema-graph\">{\"@context\":\"https:\\\/\\\/schema.org\",\"@graph\":[{\"@type\":\"WebPage\",\"@id\":\"https:\\\/\\\/www.koro.net.pl\\\/fr\\\/produkt\\\/fil-de-soudure-tig-pour-koronet-er316lsi-en-acier-inoxydable\\\/\",\"url\":\"https:\\\/\\\/www.koro.net.pl\\\/fr\\\/produkt\\\/fil-de-soudure-tig-pour-koronet-er316lsi-en-acier-inoxydable\\\/\",\"name\":\"Fil de soudure chrome-nickel ER316LSi Koronet\",\"isPartOf\":{\"@id\":\"https:\\\/\\\/www.koro.net.pl\\\/fr\\\/#website\"},\"primaryImageOfPage\":{\"@id\":\"https:\\\/\\\/www.koro.net.pl\\\/fr\\\/produkt\\\/fil-de-soudure-tig-pour-koronet-er316lsi-en-acier-inoxydable\\\/#primaryimage\"},\"image\":{\"@id\":\"https:\\\/\\\/www.koro.net.pl\\\/fr\\\/produkt\\\/fil-de-soudure-tig-pour-koronet-er316lsi-en-acier-inoxydable\\\/#primaryimage\"},\"thumbnailUrl\":\"https:\\\/\\\/www.koro.net.pl\\\/wp-content\\\/uploads\\\/2025\\\/07\\\/316LSI-tig-z-logo.png\",\"datePublished\":\"2025-07-07T09:50:50+00:00\",\"dateModified\":\"2026-05-13T06:38:43+00:00\",\"description\":\"Le fil de chrome-nickel ER316LSi est con\u00e7u pour souder des aciers inoxydables aust\u00e9nitiques de type 18-8 (18 % de chrome, 8 % de nickel).\",\"breadcrumb\":{\"@id\":\"https:\\\/\\\/www.koro.net.pl\\\/fr\\\/produkt\\\/fil-de-soudure-tig-pour-koronet-er316lsi-en-acier-inoxydable\\\/#breadcrumb\"},\"inLanguage\":\"fr-FR\",\"potentialAction\":[{\"@type\":\"ReadAction\",\"target\":[\"https:\\\/\\\/www.koro.net.pl\\\/fr\\\/produkt\\\/fil-de-soudure-tig-pour-koronet-er316lsi-en-acier-inoxydable\\\/\"]}]},{\"@type\":\"ImageObject\",\"inLanguage\":\"fr-FR\",\"@id\":\"https:\\\/\\\/www.koro.net.pl\\\/fr\\\/produkt\\\/fil-de-soudure-tig-pour-koronet-er316lsi-en-acier-inoxydable\\\/#primaryimage\",\"url\":\"https:\\\/\\\/www.koro.net.pl\\\/wp-content\\\/uploads\\\/2025\\\/07\\\/316LSI-tig-z-logo.png\",\"contentUrl\":\"https:\\\/\\\/www.koro.net.pl\\\/wp-content\\\/uploads\\\/2025\\\/07\\\/316LSI-tig-z-logo.png\",\"width\":600,\"height\":600,\"caption\":\"Drut spawalniczy do stali nierdzewnej 316LSi Koronet TIG\"},{\"@type\":\"BreadcrumbList\",\"@id\":\"https:\\\/\\\/www.koro.net.pl\\\/fr\\\/produkt\\\/fil-de-soudure-tig-pour-koronet-er316lsi-en-acier-inoxydable\\\/#breadcrumb\",\"itemListElement\":[{\"@type\":\"ListItem\",\"position\":1,\"name\":\"Strona g\u0142\u00f3wna\",\"item\":\"https:\\\/\\\/www.koro.net.pl\\\/fr\\\/\"},{\"@type\":\"ListItem\",\"position\":2,\"name\":\"Fils de soudure\",\"item\":\"https:\\\/\\\/www.koro.net.pl\\\/fr\\\/produkty\\\/fils-de-soudure\\\/\"},{\"@type\":\"ListItem\",\"position\":3,\"name\":\"Fil de soudure TIG pour Koronet ER316LSi en acier inoxydable\"}]},{\"@type\":\"WebSite\",\"@id\":\"https:\\\/\\\/www.koro.net.pl\\\/fr\\\/#website\",\"url\":\"https:\\\/\\\/www.koro.net.pl\\\/fr\\\/\",\"name\":\"Koronet\",\"description\":\"\",\"publisher\":{\"@id\":\"https:\\\/\\\/www.koro.net.pl\\\/fr\\\/#organization\"},\"potentialAction\":[{\"@type\":\"SearchAction\",\"target\":{\"@type\":\"EntryPoint\",\"urlTemplate\":\"https:\\\/\\\/www.koro.net.pl\\\/fr\\\/?s={search_term_string}\"},\"query-input\":{\"@type\":\"PropertyValueSpecification\",\"valueRequired\":true,\"valueName\":\"search_term_string\"}}],\"inLanguage\":\"fr-FR\"},{\"@type\":\"Organization\",\"@id\":\"https:\\\/\\\/www.koro.net.pl\\\/fr\\\/#organization\",\"name\":\"Koronet\",\"alternateName\":\"Koronet\",\"url\":\"https:\\\/\\\/www.koro.net.pl\\\/fr\\\/\",\"logo\":{\"@type\":\"ImageObject\",\"inLanguage\":\"fr-FR\",\"@id\":\"https:\\\/\\\/www.koro.net.pl\\\/fr\\\/#\\\/schema\\\/logo\\\/image\\\/\",\"url\":\"https:\\\/\\\/www.koro.net.pl\\\/wp-content\\\/uploads\\\/2025\\\/02\\\/Koronet-spolka-z-o.o.png\",\"contentUrl\":\"https:\\\/\\\/www.koro.net.pl\\\/wp-content\\\/uploads\\\/2025\\\/02\\\/Koronet-spolka-z-o.o.png\",\"width\":696,\"height\":696,\"caption\":\"Koronet\"},\"image\":{\"@id\":\"https:\\\/\\\/www.koro.net.pl\\\/fr\\\/#\\\/schema\\\/logo\\\/image\\\/\"}}]}<\/script>\n<!-- \/ Yoast SEO plugin. -->","yoast_head_json":{"title":"Fil de soudure chrome-nickel ER316LSi Koronet","description":"Le fil de chrome-nickel ER316LSi est con\u00e7u pour souder des aciers inoxydables aust\u00e9nitiques de type 18-8 (18 % de chrome, 8 % de nickel).","robots":{"index":"index","follow":"follow","max-snippet":"max-snippet:-1","max-image-preview":"max-image-preview:large","max-video-preview":"max-video-preview:-1"},"canonical":"https:\/\/www.koro.net.pl\/fr\/produkt\/fil-de-soudure-tig-pour-koronet-er316lsi-en-acier-inoxydable\/","og_locale":"fr_FR","og_type":"article","og_title":"Fil de soudure chrome-nickel ER316LSi Koronet","og_description":"Le fil de chrome-nickel ER316LSi est con\u00e7u pour souder des aciers inoxydables aust\u00e9nitiques de type 18-8 (18 % de chrome, 8 % de nickel).","og_url":"https:\/\/www.koro.net.pl\/fr\/produkt\/fil-de-soudure-tig-pour-koronet-er316lsi-en-acier-inoxydable\/","og_site_name":"Koronet","article_modified_time":"2026-05-13T06:38:43+00:00","og_image":[{"width":600,"height":600,"url":"https:\/\/www.koro.net.pl\/wp-content\/uploads\/2025\/07\/316LSI-tig-z-logo.png","type":"image\/png"}],"twitter_card":"summary_large_image","twitter_misc":{"Dur\u00e9e de lecture estim\u00e9e":"1 minute"},"schema":{"@context":"https:\/\/schema.org","@graph":[{"@type":"WebPage","@id":"https:\/\/www.koro.net.pl\/fr\/produkt\/fil-de-soudure-tig-pour-koronet-er316lsi-en-acier-inoxydable\/","url":"https:\/\/www.koro.net.pl\/fr\/produkt\/fil-de-soudure-tig-pour-koronet-er316lsi-en-acier-inoxydable\/","name":"Fil de soudure chrome-nickel ER316LSi Koronet","isPartOf":{"@id":"https:\/\/www.koro.net.pl\/fr\/#website"},"primaryImageOfPage":{"@id":"https:\/\/www.koro.net.pl\/fr\/produkt\/fil-de-soudure-tig-pour-koronet-er316lsi-en-acier-inoxydable\/#primaryimage"},"image":{"@id":"https:\/\/www.koro.net.pl\/fr\/produkt\/fil-de-soudure-tig-pour-koronet-er316lsi-en-acier-inoxydable\/#primaryimage"},"thumbnailUrl":"https:\/\/www.koro.net.pl\/wp-content\/uploads\/2025\/07\/316LSI-tig-z-logo.png","datePublished":"2025-07-07T09:50:50+00:00","dateModified":"2026-05-13T06:38:43+00:00","description":"Le fil de chrome-nickel ER316LSi est con\u00e7u pour souder des aciers inoxydables aust\u00e9nitiques de type 18-8 (18 % de chrome, 8 % de nickel).","breadcrumb":{"@id":"https:\/\/www.koro.net.pl\/fr\/produkt\/fil-de-soudure-tig-pour-koronet-er316lsi-en-acier-inoxydable\/#breadcrumb"},"inLanguage":"fr-FR","potentialAction":[{"@type":"ReadAction","target":["https:\/\/www.koro.net.pl\/fr\/produkt\/fil-de-soudure-tig-pour-koronet-er316lsi-en-acier-inoxydable\/"]}]},{"@type":"ImageObject","inLanguage":"fr-FR","@id":"https:\/\/www.koro.net.pl\/fr\/produkt\/fil-de-soudure-tig-pour-koronet-er316lsi-en-acier-inoxydable\/#primaryimage","url":"https:\/\/www.koro.net.pl\/wp-content\/uploads\/2025\/07\/316LSI-tig-z-logo.png","contentUrl":"https:\/\/www.koro.net.pl\/wp-content\/uploads\/2025\/07\/316LSI-tig-z-logo.png","width":600,"height":600,"caption":"Drut spawalniczy do stali nierdzewnej 316LSi Koronet TIG"},{"@type":"BreadcrumbList","@id":"https:\/\/www.koro.net.pl\/fr\/produkt\/fil-de-soudure-tig-pour-koronet-er316lsi-en-acier-inoxydable\/#breadcrumb","itemListElement":[{"@type":"ListItem","position":1,"name":"Strona g\u0142\u00f3wna","item":"https:\/\/www.koro.net.pl\/fr\/"},{"@type":"ListItem","position":2,"name":"Fils de soudure","item":"https:\/\/www.koro.net.pl\/fr\/produkty\/fils-de-soudure\/"},{"@type":"ListItem","position":3,"name":"Fil de soudure TIG pour Koronet ER316LSi en acier inoxydable"}]},{"@type":"WebSite","@id":"https:\/\/www.koro.net.pl\/fr\/#website","url":"https:\/\/www.koro.net.pl\/fr\/","name":"Koronet","description":"","publisher":{"@id":"https:\/\/www.koro.net.pl\/fr\/#organization"},"potentialAction":[{"@type":"SearchAction","target":{"@type":"EntryPoint","urlTemplate":"https:\/\/www.koro.net.pl\/fr\/?s={search_term_string}"},"query-input":{"@type":"PropertyValueSpecification","valueRequired":true,"valueName":"search_term_string"}}],"inLanguage":"fr-FR"},{"@type":"Organization","@id":"https:\/\/www.koro.net.pl\/fr\/#organization","name":"Koronet","alternateName":"Koronet","url":"https:\/\/www.koro.net.pl\/fr\/","logo":{"@type":"ImageObject","inLanguage":"fr-FR","@id":"https:\/\/www.koro.net.pl\/fr\/#\/schema\/logo\/image\/","url":"https:\/\/www.koro.net.pl\/wp-content\/uploads\/2025\/02\/Koronet-spolka-z-o.o.png","contentUrl":"https:\/\/www.koro.net.pl\/wp-content\/uploads\/2025\/02\/Koronet-spolka-z-o.o.png","width":696,"height":696,"caption":"Koronet"},"image":{"@id":"https:\/\/www.koro.net.pl\/fr\/#\/schema\/logo\/image\/"}}]}},"_links":{"self":[{"href":"https:\/\/www.koro.net.pl\/fr\/wp-json\/wp\/v2\/product\/11748","targetHints":{"allow":["GET"]}}],"collection":[{"href":"https:\/\/www.koro.net.pl\/fr\/wp-json\/wp\/v2\/product"}],"about":[{"href":"https:\/\/www.koro.net.pl\/fr\/wp-json\/wp\/v2\/types\/product"}],"wp:featuredmedia":[{"embeddable":true,"href":"https:\/\/www.koro.net.pl\/fr\/wp-json\/wp\/v2\/media\/7396"}],"wp:attachment":[{"href":"https:\/\/www.koro.net.pl\/fr\/wp-json\/wp\/v2\/media?parent=11748"}],"wp:term":[{"taxonomy":"product_brand","embeddable":true,"href":"https:\/\/www.koro.net.pl\/fr\/wp-json\/wp\/v2\/product_brand?post=11748"},{"taxonomy":"product_cat","embeddable":true,"href":"https:\/\/www.koro.net.pl\/fr\/wp-json\/wp\/v2\/product_cat?post=11748"},{"taxonomy":"product_tag","embeddable":true,"href":"https:\/\/www.koro.net.pl\/fr\/wp-json\/wp\/v2\/product_tag?post=11748"}],"curies":[{"name":"wp","href":"https:\/\/api.w.org\/{rel}","templated":true}]}}