{"id":11728,"date":"2025-03-10T09:30:31","date_gmt":"2025-03-10T08:30:31","guid":{"rendered":"https:\/\/www.koro.net.pl\/produkt\/fil-de-soudure-en-cuivre-massif-koronet-sg2-250kg\/"},"modified":"2025-03-10T09:30:31","modified_gmt":"2025-03-10T08:30:31","slug":"fil-de-soudure-en-cuivre-massif-koronet-sg2-250kg","status":"publish","type":"product","link":"https:\/\/www.koro.net.pl\/fr\/produkt\/fil-de-soudure-en-cuivre-massif-koronet-sg2-250kg\/","title":{"rendered":"Fil de soudure en cuivre massif Koronet SG2 250kg"},"content":{"rendered":"<p><span style=\"color: #383838;\"><span style=\"font-family: Montserrat, sans-serif;\"><span style=\"font-size: small;\"><b>Le fil de soudure en acier silicium-mangan\u00e8se rev\u00eatu de cuivre pour la m\u00e9thode MAG, con\u00e7u pour <\/b><\/span><\/span><\/span><a href=\"https:\/\/www.koro.net.pl\/fr\/produkty\/fils-de-soudure\/\"><span style=\"color: #232323;\"><span style=\"font-family: Montserrat, sans-serif;\"><span style=\"font-size: small;\"><b>souder<\/b><\/span><\/span><\/span><\/a><span style=\"color: #383838;\"><span style=\"font-family: Montserrat, sans-serif;\"><span style=\"font-size: small;\"><b> des aciers non alli\u00e9s et \u00e0 faible teneur en carbone.<\/b><\/span><\/span><\/span><b> <\/b><\/p>\n<p><span style=\"color: #383838;\"><span style=\"font-family: Montserrat, sans-serif;\"><span style=\"font-size: small;\"><b>Il permet<\/b><\/span><\/span><\/span> <span style=\"color: #383838;\"><span style=\"font-family: Montserrat, sans-serif;\"><span style=\"font-size: small;\"><b>d\u2019utiliser \u00e0 la fois des courants \u00e9lev\u00e9s pour l\u2019arc pulv\u00e9risateur et des courants faibles pour le transfert m\u00e9tallique en court-circuit. <\/b><\/span><\/span><\/span> <\/p>\n<p><span style=\"color: #383838;\"><span style=\"font-family: Montserrat, sans-serif;\"><span style=\"font-size: small;\"><b>Le fil de soudure en cuivre massif Koronet Premium est disponible dans un baril pesant 250 kg. Trois diam\u00e8tres de 0,8 mm, 1,0 mm, 1,2 mm sont disponibles. Il est largement utilis\u00e9 dans l\u2019ing\u00e9nierie, l\u2019automobile, la p\u00e9trochimie, la construction de chaudi\u00e8res et de navires, ainsi que la construction de conteneurs.    <\/b><\/span><\/span><\/span><\/p>\n<p><span style=\"color: #383838;\"><span style=\"font-family: Montserrat, sans-serif;\"><span style=\"font-size: small;\"><b>En raison de sa grande qualit\u00e9 et de l\u2019absence de joints, il est particuli\u00e8rement recommand\u00e9 pour une utilisation avec des robots soudeurs.<\/b><\/span><\/span><\/span><\/p>\n<ul>\n<li><span style=\"color: #383838;\"><span style=\"font-family: Montserrat, sans-serif;\"><span style=\"font-size: small;\"><b>Gaz de blindage (EN ISO 14175) : M20, M21, M3, C1<\/b><\/span><\/span><\/span><\/li>\n<li><span style=\"color: #383838;\"><span style=\"font-family: Montserrat, sans-serif;\"><span style=\"font-size: small;\"><b>Courant de soudage : =+<\/b><\/span><\/span><\/span><\/li>\n<li><span style=\"color: #383838;\"><span style=\"font-family: Montserrat, sans-serif;\"><span style=\"font-size: small;\"><b>Autorisations : ABS ISO LR T\u00dcV CE DB<\/b><\/span><\/span><\/span><\/li>\n<li><span style=\"color: #383838;\"><span style=\"font-family: Montserrat, sans-serif;\"><span style=\"font-size: small;\"><b>Classification des alliages : EN ISO 14341, EN13479+, 0035-CPR-C751<\/b><\/span><\/span><\/span><\/li>\n<\/ul>\n<p>&nbsp;<\/p>\n","protected":false},"excerpt":{"rendered":"<p>Le fil de soudure en acier silicium-mangan\u00e8se rev\u00eatu de cuivre pour la m\u00e9thode MAG, con\u00e7u pour souder des aciers non alli\u00e9s et \u00e0 faible teneur en carbone. Il permet d\u2019utiliser [&hellip;]<\/p>\n","protected":false},"featured_media":7370,"template":"","meta":{"_acf_changed":false},"product_brand":[],"product_cat":[185,175,184],"product_tag":[186,193],"class_list":{"0":"post-11728","1":"product","2":"type-product","3":"status-publish","4":"has-post-thumbnail","6":"product_cat-fil-pour-souder-des-aciers-structurels-a-faible-teneur-en-carbone","7":"product_cat-fils-de-soudure","8":"product_cat-machines-a-ficelle","9":"product_tag-fils-de-soudure-koronet-sg2","10":"product_tag-koronet-en-fil-de-soudage-en-cuivre","12":"first","13":"instock","14":"taxable","15":"shipping-taxable","16":"purchasable","17":"product-type-variable","18":"has-default-attributes"},"acf":[],"yoast_head":"<!-- This site is optimized with the Yoast SEO plugin v27.5 - https:\/\/yoast.com\/product\/yoast-seo-wordpress\/ -->\n<title>Fil de soudure en cuivre massif Koronet SG2 250kg<\/title>\n<meta name=\"description\" content=\"Fil de soudure en cuivre massif fabriqu\u00e9 en acier silicium-mangan\u00e8se rev\u00eatu de cuivre pour la m\u00e9thode MAG, con\u00e7u pour souder des aciers non alli\u00e9s et \u00e0 faible teneur en carbone.\" \/>\n<meta name=\"robots\" content=\"index, follow, max-snippet:-1, max-image-preview:large, max-video-preview:-1\" \/>\n<link rel=\"canonical\" href=\"https:\/\/www.koro.net.pl\/fr\/produkt\/fil-de-soudure-en-cuivre-massif-koronet-sg2-250kg\/\" \/>\n<meta property=\"og:locale\" content=\"fr_FR\" \/>\n<meta property=\"og:type\" content=\"article\" \/>\n<meta property=\"og:title\" content=\"Fil de soudure en cuivre massif Koronet SG2 250kg\" \/>\n<meta property=\"og:description\" content=\"Fil de soudure en cuivre massif fabriqu\u00e9 en acier silicium-mangan\u00e8se rev\u00eatu de cuivre pour la m\u00e9thode MAG, con\u00e7u pour souder des aciers non alli\u00e9s et \u00e0 faible teneur en carbone.\" \/>\n<meta property=\"og:url\" content=\"https:\/\/www.koro.net.pl\/fr\/produkt\/fil-de-soudure-en-cuivre-massif-koronet-sg2-250kg\/\" \/>\n<meta property=\"og:site_name\" content=\"Koronet\" \/>\n<meta property=\"og:image\" content=\"https:\/\/www.koro.net.pl\/wp-content\/uploads\/2025\/03\/Beczka-SG2-GPT-produktowe.png\" \/>\n\t<meta property=\"og:image:width\" content=\"600\" \/>\n\t<meta property=\"og:image:height\" content=\"600\" \/>\n\t<meta property=\"og:image:type\" content=\"image\/png\" \/>\n<meta name=\"twitter:card\" content=\"summary_large_image\" \/>\n<meta name=\"twitter:label1\" content=\"Dur\u00e9e de lecture estim\u00e9e\" \/>\n\t<meta name=\"twitter:data1\" content=\"1 minute\" \/>\n<script type=\"application\/ld+json\" class=\"yoast-schema-graph\">{\"@context\":\"https:\\\/\\\/schema.org\",\"@graph\":[{\"@type\":\"WebPage\",\"@id\":\"https:\\\/\\\/www.koro.net.pl\\\/fr\\\/produkt\\\/fil-de-soudure-en-cuivre-massif-koronet-sg2-250kg\\\/\",\"url\":\"https:\\\/\\\/www.koro.net.pl\\\/fr\\\/produkt\\\/fil-de-soudure-en-cuivre-massif-koronet-sg2-250kg\\\/\",\"name\":\"Fil de soudure en cuivre massif Koronet SG2 250kg\",\"isPartOf\":{\"@id\":\"https:\\\/\\\/www.koro.net.pl\\\/fr\\\/#website\"},\"primaryImageOfPage\":{\"@id\":\"https:\\\/\\\/www.koro.net.pl\\\/fr\\\/produkt\\\/fil-de-soudure-en-cuivre-massif-koronet-sg2-250kg\\\/#primaryimage\"},\"image\":{\"@id\":\"https:\\\/\\\/www.koro.net.pl\\\/fr\\\/produkt\\\/fil-de-soudure-en-cuivre-massif-koronet-sg2-250kg\\\/#primaryimage\"},\"thumbnailUrl\":\"https:\\\/\\\/www.koro.net.pl\\\/wp-content\\\/uploads\\\/2025\\\/03\\\/Beczka-SG2-GPT-produktowe.png\",\"datePublished\":\"2025-03-10T08:30:31+00:00\",\"description\":\"Fil de soudure en cuivre massif fabriqu\u00e9 en acier silicium-mangan\u00e8se rev\u00eatu de cuivre pour la m\u00e9thode MAG, con\u00e7u pour souder des aciers non alli\u00e9s et \u00e0 faible teneur en carbone.\",\"breadcrumb\":{\"@id\":\"https:\\\/\\\/www.koro.net.pl\\\/fr\\\/produkt\\\/fil-de-soudure-en-cuivre-massif-koronet-sg2-250kg\\\/#breadcrumb\"},\"inLanguage\":\"fr-FR\",\"potentialAction\":[{\"@type\":\"ReadAction\",\"target\":[\"https:\\\/\\\/www.koro.net.pl\\\/fr\\\/produkt\\\/fil-de-soudure-en-cuivre-massif-koronet-sg2-250kg\\\/\"]}]},{\"@type\":\"ImageObject\",\"inLanguage\":\"fr-FR\",\"@id\":\"https:\\\/\\\/www.koro.net.pl\\\/fr\\\/produkt\\\/fil-de-soudure-en-cuivre-massif-koronet-sg2-250kg\\\/#primaryimage\",\"url\":\"https:\\\/\\\/www.koro.net.pl\\\/wp-content\\\/uploads\\\/2025\\\/03\\\/Beczka-SG2-GPT-produktowe.png\",\"contentUrl\":\"https:\\\/\\\/www.koro.net.pl\\\/wp-content\\\/uploads\\\/2025\\\/03\\\/Beczka-SG2-GPT-produktowe.png\",\"width\":600,\"height\":600,\"caption\":\"Drut spawalniczy SG2 Koronet 250 kg beczka\"},{\"@type\":\"BreadcrumbList\",\"@id\":\"https:\\\/\\\/www.koro.net.pl\\\/fr\\\/produkt\\\/fil-de-soudure-en-cuivre-massif-koronet-sg2-250kg\\\/#breadcrumb\",\"itemListElement\":[{\"@type\":\"ListItem\",\"position\":1,\"name\":\"Strona g\u0142\u00f3wna\",\"item\":\"https:\\\/\\\/www.koro.net.pl\\\/fr\\\/\"},{\"@type\":\"ListItem\",\"position\":2,\"name\":\"Fil de soudure en cuivre massif Koronet SG2 250kg\"}]},{\"@type\":\"WebSite\",\"@id\":\"https:\\\/\\\/www.koro.net.pl\\\/fr\\\/#website\",\"url\":\"https:\\\/\\\/www.koro.net.pl\\\/fr\\\/\",\"name\":\"Koronet\",\"description\":\"\",\"publisher\":{\"@id\":\"https:\\\/\\\/www.koro.net.pl\\\/fr\\\/#organization\"},\"potentialAction\":[{\"@type\":\"SearchAction\",\"target\":{\"@type\":\"EntryPoint\",\"urlTemplate\":\"https:\\\/\\\/www.koro.net.pl\\\/fr\\\/?s={search_term_string}\"},\"query-input\":{\"@type\":\"PropertyValueSpecification\",\"valueRequired\":true,\"valueName\":\"search_term_string\"}}],\"inLanguage\":\"fr-FR\"},{\"@type\":\"Organization\",\"@id\":\"https:\\\/\\\/www.koro.net.pl\\\/fr\\\/#organization\",\"name\":\"Koronet\",\"alternateName\":\"Koronet\",\"url\":\"https:\\\/\\\/www.koro.net.pl\\\/fr\\\/\",\"logo\":{\"@type\":\"ImageObject\",\"inLanguage\":\"fr-FR\",\"@id\":\"https:\\\/\\\/www.koro.net.pl\\\/fr\\\/#\\\/schema\\\/logo\\\/image\\\/\",\"url\":\"https:\\\/\\\/www.koro.net.pl\\\/wp-content\\\/uploads\\\/2025\\\/02\\\/Koronet-spolka-z-o.o.png\",\"contentUrl\":\"https:\\\/\\\/www.koro.net.pl\\\/wp-content\\\/uploads\\\/2025\\\/02\\\/Koronet-spolka-z-o.o.png\",\"width\":696,\"height\":696,\"caption\":\"Koronet\"},\"image\":{\"@id\":\"https:\\\/\\\/www.koro.net.pl\\\/fr\\\/#\\\/schema\\\/logo\\\/image\\\/\"}}]}<\/script>\n<!-- \/ Yoast SEO plugin. -->","yoast_head_json":{"title":"Fil de soudure en cuivre massif Koronet SG2 250kg","description":"Fil de soudure en cuivre massif fabriqu\u00e9 en acier silicium-mangan\u00e8se rev\u00eatu de cuivre pour la m\u00e9thode MAG, con\u00e7u pour souder des aciers non alli\u00e9s et \u00e0 faible teneur en carbone.","robots":{"index":"index","follow":"follow","max-snippet":"max-snippet:-1","max-image-preview":"max-image-preview:large","max-video-preview":"max-video-preview:-1"},"canonical":"https:\/\/www.koro.net.pl\/fr\/produkt\/fil-de-soudure-en-cuivre-massif-koronet-sg2-250kg\/","og_locale":"fr_FR","og_type":"article","og_title":"Fil de soudure en cuivre massif Koronet SG2 250kg","og_description":"Fil de soudure en cuivre massif fabriqu\u00e9 en acier silicium-mangan\u00e8se rev\u00eatu de cuivre pour la m\u00e9thode MAG, con\u00e7u pour souder des aciers non alli\u00e9s et \u00e0 faible teneur en carbone.","og_url":"https:\/\/www.koro.net.pl\/fr\/produkt\/fil-de-soudure-en-cuivre-massif-koronet-sg2-250kg\/","og_site_name":"Koronet","og_image":[{"width":600,"height":600,"url":"https:\/\/www.koro.net.pl\/wp-content\/uploads\/2025\/03\/Beczka-SG2-GPT-produktowe.png","type":"image\/png"}],"twitter_card":"summary_large_image","twitter_misc":{"Dur\u00e9e de lecture estim\u00e9e":"1 minute"},"schema":{"@context":"https:\/\/schema.org","@graph":[{"@type":"WebPage","@id":"https:\/\/www.koro.net.pl\/fr\/produkt\/fil-de-soudure-en-cuivre-massif-koronet-sg2-250kg\/","url":"https:\/\/www.koro.net.pl\/fr\/produkt\/fil-de-soudure-en-cuivre-massif-koronet-sg2-250kg\/","name":"Fil de soudure en cuivre massif Koronet SG2 250kg","isPartOf":{"@id":"https:\/\/www.koro.net.pl\/fr\/#website"},"primaryImageOfPage":{"@id":"https:\/\/www.koro.net.pl\/fr\/produkt\/fil-de-soudure-en-cuivre-massif-koronet-sg2-250kg\/#primaryimage"},"image":{"@id":"https:\/\/www.koro.net.pl\/fr\/produkt\/fil-de-soudure-en-cuivre-massif-koronet-sg2-250kg\/#primaryimage"},"thumbnailUrl":"https:\/\/www.koro.net.pl\/wp-content\/uploads\/2025\/03\/Beczka-SG2-GPT-produktowe.png","datePublished":"2025-03-10T08:30:31+00:00","description":"Fil de soudure en cuivre massif fabriqu\u00e9 en acier silicium-mangan\u00e8se rev\u00eatu de cuivre pour la m\u00e9thode MAG, con\u00e7u pour souder des aciers non alli\u00e9s et \u00e0 faible teneur en carbone.","breadcrumb":{"@id":"https:\/\/www.koro.net.pl\/fr\/produkt\/fil-de-soudure-en-cuivre-massif-koronet-sg2-250kg\/#breadcrumb"},"inLanguage":"fr-FR","potentialAction":[{"@type":"ReadAction","target":["https:\/\/www.koro.net.pl\/fr\/produkt\/fil-de-soudure-en-cuivre-massif-koronet-sg2-250kg\/"]}]},{"@type":"ImageObject","inLanguage":"fr-FR","@id":"https:\/\/www.koro.net.pl\/fr\/produkt\/fil-de-soudure-en-cuivre-massif-koronet-sg2-250kg\/#primaryimage","url":"https:\/\/www.koro.net.pl\/wp-content\/uploads\/2025\/03\/Beczka-SG2-GPT-produktowe.png","contentUrl":"https:\/\/www.koro.net.pl\/wp-content\/uploads\/2025\/03\/Beczka-SG2-GPT-produktowe.png","width":600,"height":600,"caption":"Drut spawalniczy SG2 Koronet 250 kg beczka"},{"@type":"BreadcrumbList","@id":"https:\/\/www.koro.net.pl\/fr\/produkt\/fil-de-soudure-en-cuivre-massif-koronet-sg2-250kg\/#breadcrumb","itemListElement":[{"@type":"ListItem","position":1,"name":"Strona g\u0142\u00f3wna","item":"https:\/\/www.koro.net.pl\/fr\/"},{"@type":"ListItem","position":2,"name":"Fil de soudure en cuivre massif Koronet SG2 250kg"}]},{"@type":"WebSite","@id":"https:\/\/www.koro.net.pl\/fr\/#website","url":"https:\/\/www.koro.net.pl\/fr\/","name":"Koronet","description":"","publisher":{"@id":"https:\/\/www.koro.net.pl\/fr\/#organization"},"potentialAction":[{"@type":"SearchAction","target":{"@type":"EntryPoint","urlTemplate":"https:\/\/www.koro.net.pl\/fr\/?s={search_term_string}"},"query-input":{"@type":"PropertyValueSpecification","valueRequired":true,"valueName":"search_term_string"}}],"inLanguage":"fr-FR"},{"@type":"Organization","@id":"https:\/\/www.koro.net.pl\/fr\/#organization","name":"Koronet","alternateName":"Koronet","url":"https:\/\/www.koro.net.pl\/fr\/","logo":{"@type":"ImageObject","inLanguage":"fr-FR","@id":"https:\/\/www.koro.net.pl\/fr\/#\/schema\/logo\/image\/","url":"https:\/\/www.koro.net.pl\/wp-content\/uploads\/2025\/02\/Koronet-spolka-z-o.o.png","contentUrl":"https:\/\/www.koro.net.pl\/wp-content\/uploads\/2025\/02\/Koronet-spolka-z-o.o.png","width":696,"height":696,"caption":"Koronet"},"image":{"@id":"https:\/\/www.koro.net.pl\/fr\/#\/schema\/logo\/image\/"}}]}},"_links":{"self":[{"href":"https:\/\/www.koro.net.pl\/fr\/wp-json\/wp\/v2\/product\/11728","targetHints":{"allow":["GET"]}}],"collection":[{"href":"https:\/\/www.koro.net.pl\/fr\/wp-json\/wp\/v2\/product"}],"about":[{"href":"https:\/\/www.koro.net.pl\/fr\/wp-json\/wp\/v2\/types\/product"}],"wp:featuredmedia":[{"embeddable":true,"href":"https:\/\/www.koro.net.pl\/fr\/wp-json\/wp\/v2\/media\/7370"}],"wp:attachment":[{"href":"https:\/\/www.koro.net.pl\/fr\/wp-json\/wp\/v2\/media?parent=11728"}],"wp:term":[{"taxonomy":"product_brand","embeddable":true,"href":"https:\/\/www.koro.net.pl\/fr\/wp-json\/wp\/v2\/product_brand?post=11728"},{"taxonomy":"product_cat","embeddable":true,"href":"https:\/\/www.koro.net.pl\/fr\/wp-json\/wp\/v2\/product_cat?post=11728"},{"taxonomy":"product_tag","embeddable":true,"href":"https:\/\/www.koro.net.pl\/fr\/wp-json\/wp\/v2\/product_tag?post=11728"}],"curies":[{"name":"wp","href":"https:\/\/api.w.org\/{rel}","templated":true}]}}