{"id":11726,"date":"2025-11-19T11:21:01","date_gmt":"2025-11-19T10:21:01","guid":{"rendered":"https:\/\/www.koro.net.pl\/produkt\/prise-a-la-machine-aveugle-supreme-900x-mf-din-374-c-hsse-revetement-alcrn-koronet\/"},"modified":"2025-11-19T11:21:01","modified_gmt":"2025-11-19T10:21:01","slug":"prise-a-la-machine-aveugle-supreme-900x-mf-din-374-c-hsse-revetement-alcrn-koronet","status":"publish","type":"product","link":"https:\/\/www.koro.net.pl\/fr\/produkt\/prise-a-la-machine-aveugle-supreme-900x-mf-din-374-c-hsse-revetement-alcrn-koronet\/","title":{"rendered":"Prise \u00e0 la machine aveugle SUPREME 900X MF \u2013 DIN 374 C, HSSE, Rev\u00eatement AlCrN &#8211; Koronet"},"content":{"rendered":"<p data-start=\"372\" data-end=\"860\"><a href=\"https:\/\/www.koro.net.pl\/fr\/produkty\/taps\/\">Le robinet <strong data-start=\"393\" data-end=\"417\">Koronet SUPREME 900X<\/strong><\/a> est un outil haut de gamme con\u00e7u pour <strong data-start=\"486\" data-end=\"515\">la production pr\u00e9cise de filetages MF \u00e0 bobine<\/strong> fine dans les aciers structurels, les aciers alli\u00e9s et les mat\u00e9riaux n\u00e9cessitant un processus de coupe stable et r\u00e9p\u00e9table. Fabriqu\u00e9 en acier <strong data-start=\"675\" data-end=\"683\">HSSE de haute qualit\u00e9 et \u00e0 grande vitesse<\/strong> et \u00e9quip\u00e9 <strong data-start=\"718\" data-end=\"731\">d\u2019un<\/strong> rev\u00eatement AlCrN, il offre une r\u00e9sistance \u00e0 l\u2019usure accrue et une dur\u00e9e de vie accrue par rapport aux robinets traditionnels recouverts de TiN. <\/p>\n<h3 data-start=\"904\" data-end=\"963\"><strong data-start=\"908\" data-end=\"961\">\u2022 Acier HSSE \u2013 haute r\u00e9sistance et stabilit\u00e9 de fonctionnement<\/strong><\/h3>\n<p data-start=\"964\" data-end=\"1254\">Le robinet est fabriqu\u00e9 en acier <strong data-start=\"1011\" data-end=\"1019\">HSSE \u00e0 grande vitesse<\/strong>, combinant une bonne r\u00e9sistance aux impacts avec une r\u00e9sistance accrue aux charges de torsion. Cela garantit que l\u2019outil fonctionne \u00e9galement de mani\u00e8re stable dans des mat\u00e9riaux \u00e0 plus grande r\u00e9sistance et dans l\u2019usinage de filetages fins n\u00e9cessitant une plus grande pr\u00e9cision. <\/p>\n<h3 data-start=\"1261\" data-end=\"1319\"><strong data-start=\"1265\" data-end=\"1317\">Rev\u00eatement premium \u2013 SUPREME 900X AlCrN<\/strong><\/h3>\n<p data-start=\"1320\" data-end=\"1576\">Le rev\u00eatement moderne <strong data-start=\"1348\" data-end=\"1357\">\u00e0 base d\u2019AlCrN<\/strong> se caract\u00e9rise par :<br data-start=\"1392\" data-end=\"1395\">\u2013 une forte r\u00e9sistance \u00e0 l\u2019abrasion,<br data-start=\"1429\" data-end=\"1432\">\u2013 une stabilit\u00e9 thermique accrue,<br data-start=\"1468\" data-end=\"1471\">\u2013 limitant l\u2019adh\u00e9sion des puces,<br data-start=\"1507\" data-end=\"1510\">\u2013 une dur\u00e9e de vie significativement plus longue par rapport aux rev\u00eatements TiN\/TiCN.<\/p>\n<p data-start=\"1578\" data-end=\"1683\">Cela permet un fonctionnement s\u00fbr et stable \u00e0 des param\u00e8tres plus \u00e9lev\u00e9s et dans des grades d\u2019acier plus difficiles.<\/p>\n<h3 data-start=\"1690\" data-end=\"1767\"><strong data-start=\"1694\" data-end=\"1765\">\u2022 G\u00e9om\u00e9trie spirale \u2013 pour les mat\u00e9riaux ductiles et les trous plus profonds<\/strong><\/h3>\n<p data-start=\"1768\" data-end=\"2048\">Les rainures spirales <strong data-start=\"1788\" data-end=\"1793\">de type C<\/strong> assurent une \u00e9vacuation efficace des copeaux \u00e0 l\u2019ext\u00e9rieur du trou, ce qui est crucial pour l\u2019usinage mall\u00e9able et pour le filetage des filetages finement enroul\u00e9s MF. Cette g\u00e9om\u00e9trie r\u00e9duit le risque de blocage de puce et am\u00e9liore la qualit\u00e9 de la surface du filetage. <\/p>\n<h3 data-start=\"2055\" data-end=\"2113\"><strong data-start=\"2059\" data-end=\"2111\">\u2022 Norme DIN 374 \u2013 g\u00e9om\u00e9trie fine et allong\u00e9e<\/strong><\/h3>\n<p data-start=\"2114\" data-end=\"2356\">Le robinet est r\u00e9alis\u00e9 selon la <strong data-start=\"2155\" data-end=\"2166\">norme DIN 374<\/strong>, qui se caract\u00e9rise par une partie plus fine et plus longue que la DIN 371. Cela vous permet d\u2019op\u00e9rer dans des endroits \u00e0 espace limit\u00e9 et dans des ouvertures plus profondes. <\/p>\n<h3 data-start=\"2363\" data-end=\"2424\"><strong data-start=\"2367\" data-end=\"2422\">\u2022 Version C \u2013 destin\u00e9e \u00e0 des applications sp\u00e9cifiques<\/strong><\/h3>\n<p data-start=\"2425\" data-end=\"2703\">La <strong data-start=\"2436\" data-end=\"2441\">d\u00e9signation C<\/strong> indique une rainure en spirale adapt\u00e9e \u00e0 l\u2019usinage de mat\u00e9riaux mall\u00e9ables et \u00e0 la perc\u00e9e de trous o\u00f9 une \u00e9vacuation efficace des copeaux est requise. Cette solution am\u00e9liore la s\u00e9curit\u00e9 et la stabilit\u00e9 des proc\u00e9d\u00e9s, notamment avec les filetages <strong data-start=\"2696\" data-end=\"2702\">MF<\/strong>. <\/p>\n<p data-start=\"2731\" data-end=\"3001\"><strong>Le SUPREME 900X DIN 374 C est con\u00e7u pour le traitement :<\/strong><\/p>\n<p data-start=\"2731\" data-end=\"3001\">\u2022 aciers non alli\u00e9s et structurels,<br data-start=\"2840\" data-end=\"2843\">\u2022 aciers alli\u00e9s et trait\u00e9s thermiquement,<br data-start=\"2884\" data-end=\"2887\">\u2022 acier \u00e0 r\u00e9sistance accrue,<br data-start=\"2924\" data-end=\"2927\">\u2022 mat\u00e9riaux mall\u00e9ables,<br data-start=\"2951\" data-end=\"2954\">\u2022 des mat\u00e9riaux qui ont tendance \u00e0 cro\u00eetre.<\/p>\n<p data-start=\"3003\" data-end=\"3195\">Recommand\u00e9 aussi bien pour les <strong data-start=\"3045\" data-end=\"3052\">machines-outils CNC<\/strong> que pour les t\u00eates de machine conventionnelles de pr\u00e9cision \u2013 partout o\u00f9 la r\u00e9p\u00e9tition, la stabilit\u00e9 et la longue dur\u00e9e de vie de l\u2019outil sont importantes.<\/p>\n","protected":false},"excerpt":{"rendered":"<p>Le robinet Koronet SUPREME 900X est un outil haut de gamme con\u00e7u pour la production pr\u00e9cise de filetages MF \u00e0 bobine fine dans les aciers structurels, les aciers alli\u00e9s et [&hellip;]<\/p>\n","protected":false},"featured_media":8271,"template":"","meta":{"_acf_changed":false},"product_brand":[],"product_cat":[174,177],"product_tag":[],"class_list":{"0":"post-11726","1":"product","2":"type-product","3":"status-publish","4":"has-post-thumbnail","6":"product_cat-outils","7":"product_cat-prises-mecaniques","9":"first","10":"instock","11":"taxable","12":"shipping-taxable","13":"purchasable","14":"product-type-variable","15":"has-default-attributes"},"acf":[],"yoast_head":"<!-- This site is optimized with the Yoast SEO plugin v27.5 - https:\/\/yoast.com\/product\/yoast-seo-wordpress\/ -->\n<title>REV\u00caTEMENT SUPREME 900X MF DIN 374 C, HSSE, AlCrN<\/title>\n<meta name=\"description\" content=\"Taraud de machine SUPREME 900X MF avec rev\u00eatement AlCrN\/S3p. Outil HSSE durable pour le filetage pr\u00e9cis des aciers structurels et alli\u00e9s.\" \/>\n<meta name=\"robots\" content=\"index, follow, max-snippet:-1, max-image-preview:large, max-video-preview:-1\" \/>\n<link rel=\"canonical\" href=\"https:\/\/www.koro.net.pl\/fr\/produkt\/prise-a-la-machine-aveugle-supreme-900x-mf-din-374-c-hsse-revetement-alcrn-koronet\/\" \/>\n<meta property=\"og:locale\" content=\"fr_FR\" \/>\n<meta property=\"og:type\" content=\"article\" \/>\n<meta property=\"og:title\" content=\"REV\u00caTEMENT SUPREME 900X MF DIN 374 C, HSSE, AlCrN\" \/>\n<meta property=\"og:description\" content=\"Taraud de machine SUPREME 900X MF avec rev\u00eatement AlCrN\/S3p. Outil HSSE durable pour le filetage pr\u00e9cis des aciers structurels et alli\u00e9s.\" \/>\n<meta property=\"og:url\" content=\"https:\/\/www.koro.net.pl\/fr\/produkt\/prise-a-la-machine-aveugle-supreme-900x-mf-din-374-c-hsse-revetement-alcrn-koronet\/\" \/>\n<meta property=\"og:site_name\" content=\"Koronet\" \/>\n<meta property=\"og:image\" content=\"https:\/\/www.koro.net.pl\/wp-content\/uploads\/2025\/11\/DIN374C.1.png\" \/>\n\t<meta property=\"og:image:width\" content=\"800\" \/>\n\t<meta property=\"og:image:height\" content=\"800\" \/>\n\t<meta property=\"og:image:type\" content=\"image\/png\" \/>\n<meta name=\"twitter:card\" content=\"summary_large_image\" \/>\n<meta name=\"twitter:label1\" content=\"Dur\u00e9e de lecture estim\u00e9e\" \/>\n\t<meta name=\"twitter:data1\" content=\"2 minutes\" \/>\n<script type=\"application\/ld+json\" class=\"yoast-schema-graph\">{\"@context\":\"https:\\\/\\\/schema.org\",\"@graph\":[{\"@type\":\"WebPage\",\"@id\":\"https:\\\/\\\/www.koro.net.pl\\\/fr\\\/produkt\\\/prise-a-la-machine-aveugle-supreme-900x-mf-din-374-c-hsse-revetement-alcrn-koronet\\\/\",\"url\":\"https:\\\/\\\/www.koro.net.pl\\\/fr\\\/produkt\\\/prise-a-la-machine-aveugle-supreme-900x-mf-din-374-c-hsse-revetement-alcrn-koronet\\\/\",\"name\":\"REV\u00caTEMENT SUPREME 900X MF DIN 374 C, HSSE, AlCrN\",\"isPartOf\":{\"@id\":\"https:\\\/\\\/www.koro.net.pl\\\/fr\\\/#website\"},\"primaryImageOfPage\":{\"@id\":\"https:\\\/\\\/www.koro.net.pl\\\/fr\\\/produkt\\\/prise-a-la-machine-aveugle-supreme-900x-mf-din-374-c-hsse-revetement-alcrn-koronet\\\/#primaryimage\"},\"image\":{\"@id\":\"https:\\\/\\\/www.koro.net.pl\\\/fr\\\/produkt\\\/prise-a-la-machine-aveugle-supreme-900x-mf-din-374-c-hsse-revetement-alcrn-koronet\\\/#primaryimage\"},\"thumbnailUrl\":\"https:\\\/\\\/www.koro.net.pl\\\/wp-content\\\/uploads\\\/2025\\\/11\\\/DIN374C.1.png\",\"datePublished\":\"2025-11-19T10:21:01+00:00\",\"description\":\"Taraud de machine SUPREME 900X MF avec rev\u00eatement AlCrN\\\/S3p. Outil HSSE durable pour le filetage pr\u00e9cis des aciers structurels et alli\u00e9s.\",\"breadcrumb\":{\"@id\":\"https:\\\/\\\/www.koro.net.pl\\\/fr\\\/produkt\\\/prise-a-la-machine-aveugle-supreme-900x-mf-din-374-c-hsse-revetement-alcrn-koronet\\\/#breadcrumb\"},\"inLanguage\":\"fr-FR\",\"potentialAction\":[{\"@type\":\"ReadAction\",\"target\":[\"https:\\\/\\\/www.koro.net.pl\\\/fr\\\/produkt\\\/prise-a-la-machine-aveugle-supreme-900x-mf-din-374-c-hsse-revetement-alcrn-koronet\\\/\"]}]},{\"@type\":\"ImageObject\",\"inLanguage\":\"fr-FR\",\"@id\":\"https:\\\/\\\/www.koro.net.pl\\\/fr\\\/produkt\\\/prise-a-la-machine-aveugle-supreme-900x-mf-din-374-c-hsse-revetement-alcrn-koronet\\\/#primaryimage\",\"url\":\"https:\\\/\\\/www.koro.net.pl\\\/wp-content\\\/uploads\\\/2025\\\/11\\\/DIN374C.1.png\",\"contentUrl\":\"https:\\\/\\\/www.koro.net.pl\\\/wp-content\\\/uploads\\\/2025\\\/11\\\/DIN374C.1.png\",\"width\":800,\"height\":800,\"caption\":\"Gwintownik maszynowy drobnozwojny Koronet SUPREME 900X MF DIN 374 C, stal HSSE, pow\u0142oka AlCrN\\\/S3p \u2013 widok ca\u0142kowity narz\u0119dzia do gwintowania stali\"},{\"@type\":\"BreadcrumbList\",\"@id\":\"https:\\\/\\\/www.koro.net.pl\\\/fr\\\/produkt\\\/prise-a-la-machine-aveugle-supreme-900x-mf-din-374-c-hsse-revetement-alcrn-koronet\\\/#breadcrumb\",\"itemListElement\":[{\"@type\":\"ListItem\",\"position\":1,\"name\":\"Strona g\u0142\u00f3wna\",\"item\":\"https:\\\/\\\/www.koro.net.pl\\\/fr\\\/\"},{\"@type\":\"ListItem\",\"position\":2,\"name\":\"Prise \u00e0 la machine aveugle SUPREME 900X MF \u2013 DIN 374 C, HSSE, Rev\u00eatement AlCrN &#8211; Koronet\"}]},{\"@type\":\"WebSite\",\"@id\":\"https:\\\/\\\/www.koro.net.pl\\\/fr\\\/#website\",\"url\":\"https:\\\/\\\/www.koro.net.pl\\\/fr\\\/\",\"name\":\"Koronet\",\"description\":\"\",\"publisher\":{\"@id\":\"https:\\\/\\\/www.koro.net.pl\\\/fr\\\/#organization\"},\"potentialAction\":[{\"@type\":\"SearchAction\",\"target\":{\"@type\":\"EntryPoint\",\"urlTemplate\":\"https:\\\/\\\/www.koro.net.pl\\\/fr\\\/?s={search_term_string}\"},\"query-input\":{\"@type\":\"PropertyValueSpecification\",\"valueRequired\":true,\"valueName\":\"search_term_string\"}}],\"inLanguage\":\"fr-FR\"},{\"@type\":\"Organization\",\"@id\":\"https:\\\/\\\/www.koro.net.pl\\\/fr\\\/#organization\",\"name\":\"Koronet\",\"alternateName\":\"Koronet\",\"url\":\"https:\\\/\\\/www.koro.net.pl\\\/fr\\\/\",\"logo\":{\"@type\":\"ImageObject\",\"inLanguage\":\"fr-FR\",\"@id\":\"https:\\\/\\\/www.koro.net.pl\\\/fr\\\/#\\\/schema\\\/logo\\\/image\\\/\",\"url\":\"https:\\\/\\\/www.koro.net.pl\\\/wp-content\\\/uploads\\\/2025\\\/02\\\/Koronet-spolka-z-o.o.png\",\"contentUrl\":\"https:\\\/\\\/www.koro.net.pl\\\/wp-content\\\/uploads\\\/2025\\\/02\\\/Koronet-spolka-z-o.o.png\",\"width\":696,\"height\":696,\"caption\":\"Koronet\"},\"image\":{\"@id\":\"https:\\\/\\\/www.koro.net.pl\\\/fr\\\/#\\\/schema\\\/logo\\\/image\\\/\"}}]}<\/script>\n<!-- \/ Yoast SEO plugin. -->","yoast_head_json":{"title":"REV\u00caTEMENT SUPREME 900X MF DIN 374 C, HSSE, AlCrN","description":"Taraud de machine SUPREME 900X MF avec rev\u00eatement AlCrN\/S3p. Outil HSSE durable pour le filetage pr\u00e9cis des aciers structurels et alli\u00e9s.","robots":{"index":"index","follow":"follow","max-snippet":"max-snippet:-1","max-image-preview":"max-image-preview:large","max-video-preview":"max-video-preview:-1"},"canonical":"https:\/\/www.koro.net.pl\/fr\/produkt\/prise-a-la-machine-aveugle-supreme-900x-mf-din-374-c-hsse-revetement-alcrn-koronet\/","og_locale":"fr_FR","og_type":"article","og_title":"REV\u00caTEMENT SUPREME 900X MF DIN 374 C, HSSE, AlCrN","og_description":"Taraud de machine SUPREME 900X MF avec rev\u00eatement AlCrN\/S3p. Outil HSSE durable pour le filetage pr\u00e9cis des aciers structurels et alli\u00e9s.","og_url":"https:\/\/www.koro.net.pl\/fr\/produkt\/prise-a-la-machine-aveugle-supreme-900x-mf-din-374-c-hsse-revetement-alcrn-koronet\/","og_site_name":"Koronet","og_image":[{"width":800,"height":800,"url":"https:\/\/www.koro.net.pl\/wp-content\/uploads\/2025\/11\/DIN374C.1.png","type":"image\/png"}],"twitter_card":"summary_large_image","twitter_misc":{"Dur\u00e9e de lecture estim\u00e9e":"2 minutes"},"schema":{"@context":"https:\/\/schema.org","@graph":[{"@type":"WebPage","@id":"https:\/\/www.koro.net.pl\/fr\/produkt\/prise-a-la-machine-aveugle-supreme-900x-mf-din-374-c-hsse-revetement-alcrn-koronet\/","url":"https:\/\/www.koro.net.pl\/fr\/produkt\/prise-a-la-machine-aveugle-supreme-900x-mf-din-374-c-hsse-revetement-alcrn-koronet\/","name":"REV\u00caTEMENT SUPREME 900X MF DIN 374 C, HSSE, AlCrN","isPartOf":{"@id":"https:\/\/www.koro.net.pl\/fr\/#website"},"primaryImageOfPage":{"@id":"https:\/\/www.koro.net.pl\/fr\/produkt\/prise-a-la-machine-aveugle-supreme-900x-mf-din-374-c-hsse-revetement-alcrn-koronet\/#primaryimage"},"image":{"@id":"https:\/\/www.koro.net.pl\/fr\/produkt\/prise-a-la-machine-aveugle-supreme-900x-mf-din-374-c-hsse-revetement-alcrn-koronet\/#primaryimage"},"thumbnailUrl":"https:\/\/www.koro.net.pl\/wp-content\/uploads\/2025\/11\/DIN374C.1.png","datePublished":"2025-11-19T10:21:01+00:00","description":"Taraud de machine SUPREME 900X MF avec rev\u00eatement AlCrN\/S3p. Outil HSSE durable pour le filetage pr\u00e9cis des aciers structurels et alli\u00e9s.","breadcrumb":{"@id":"https:\/\/www.koro.net.pl\/fr\/produkt\/prise-a-la-machine-aveugle-supreme-900x-mf-din-374-c-hsse-revetement-alcrn-koronet\/#breadcrumb"},"inLanguage":"fr-FR","potentialAction":[{"@type":"ReadAction","target":["https:\/\/www.koro.net.pl\/fr\/produkt\/prise-a-la-machine-aveugle-supreme-900x-mf-din-374-c-hsse-revetement-alcrn-koronet\/"]}]},{"@type":"ImageObject","inLanguage":"fr-FR","@id":"https:\/\/www.koro.net.pl\/fr\/produkt\/prise-a-la-machine-aveugle-supreme-900x-mf-din-374-c-hsse-revetement-alcrn-koronet\/#primaryimage","url":"https:\/\/www.koro.net.pl\/wp-content\/uploads\/2025\/11\/DIN374C.1.png","contentUrl":"https:\/\/www.koro.net.pl\/wp-content\/uploads\/2025\/11\/DIN374C.1.png","width":800,"height":800,"caption":"Gwintownik maszynowy drobnozwojny Koronet SUPREME 900X MF DIN 374 C, stal HSSE, pow\u0142oka AlCrN\/S3p \u2013 widok ca\u0142kowity narz\u0119dzia do gwintowania stali"},{"@type":"BreadcrumbList","@id":"https:\/\/www.koro.net.pl\/fr\/produkt\/prise-a-la-machine-aveugle-supreme-900x-mf-din-374-c-hsse-revetement-alcrn-koronet\/#breadcrumb","itemListElement":[{"@type":"ListItem","position":1,"name":"Strona g\u0142\u00f3wna","item":"https:\/\/www.koro.net.pl\/fr\/"},{"@type":"ListItem","position":2,"name":"Prise \u00e0 la machine aveugle SUPREME 900X MF \u2013 DIN 374 C, HSSE, Rev\u00eatement AlCrN &#8211; Koronet"}]},{"@type":"WebSite","@id":"https:\/\/www.koro.net.pl\/fr\/#website","url":"https:\/\/www.koro.net.pl\/fr\/","name":"Koronet","description":"","publisher":{"@id":"https:\/\/www.koro.net.pl\/fr\/#organization"},"potentialAction":[{"@type":"SearchAction","target":{"@type":"EntryPoint","urlTemplate":"https:\/\/www.koro.net.pl\/fr\/?s={search_term_string}"},"query-input":{"@type":"PropertyValueSpecification","valueRequired":true,"valueName":"search_term_string"}}],"inLanguage":"fr-FR"},{"@type":"Organization","@id":"https:\/\/www.koro.net.pl\/fr\/#organization","name":"Koronet","alternateName":"Koronet","url":"https:\/\/www.koro.net.pl\/fr\/","logo":{"@type":"ImageObject","inLanguage":"fr-FR","@id":"https:\/\/www.koro.net.pl\/fr\/#\/schema\/logo\/image\/","url":"https:\/\/www.koro.net.pl\/wp-content\/uploads\/2025\/02\/Koronet-spolka-z-o.o.png","contentUrl":"https:\/\/www.koro.net.pl\/wp-content\/uploads\/2025\/02\/Koronet-spolka-z-o.o.png","width":696,"height":696,"caption":"Koronet"},"image":{"@id":"https:\/\/www.koro.net.pl\/fr\/#\/schema\/logo\/image\/"}}]}},"_links":{"self":[{"href":"https:\/\/www.koro.net.pl\/fr\/wp-json\/wp\/v2\/product\/11726","targetHints":{"allow":["GET"]}}],"collection":[{"href":"https:\/\/www.koro.net.pl\/fr\/wp-json\/wp\/v2\/product"}],"about":[{"href":"https:\/\/www.koro.net.pl\/fr\/wp-json\/wp\/v2\/types\/product"}],"wp:featuredmedia":[{"embeddable":true,"href":"https:\/\/www.koro.net.pl\/fr\/wp-json\/wp\/v2\/media\/8271"}],"wp:attachment":[{"href":"https:\/\/www.koro.net.pl\/fr\/wp-json\/wp\/v2\/media?parent=11726"}],"wp:term":[{"taxonomy":"product_brand","embeddable":true,"href":"https:\/\/www.koro.net.pl\/fr\/wp-json\/wp\/v2\/product_brand?post=11726"},{"taxonomy":"product_cat","embeddable":true,"href":"https:\/\/www.koro.net.pl\/fr\/wp-json\/wp\/v2\/product_cat?post=11726"},{"taxonomy":"product_tag","embeddable":true,"href":"https:\/\/www.koro.net.pl\/fr\/wp-json\/wp\/v2\/product_tag?post=11726"}],"curies":[{"name":"wp","href":"https:\/\/api.w.org\/{rel}","templated":true}]}}