{"id":11718,"date":"2025-06-03T15:00:13","date_gmt":"2025-06-03T13:00:13","guid":{"rendered":"https:\/\/www.koro.net.pl\/produkt\/fil-de-soudure-de-koronet-cusi3\/"},"modified":"2025-06-03T15:00:13","modified_gmt":"2025-06-03T13:00:13","slug":"fil-de-soudure-de-koronet-cusi3","status":"publish","type":"product","link":"https:\/\/www.koro.net.pl\/fr\/produkt\/fil-de-soudure-de-koronet-cusi3\/","title":{"rendered":"Fil de soudure de Koronet CuSi3"},"content":{"rendered":"<p data-path-to-node=\"3\"><a href=\"https:\/\/www.koro.net.pl\/fr\/produkty\/fils-de-soudure\/\">Le fil de brasage <b data-path-to-node=\"3\" data-index-in-node=\"21\">CuSi3 Platinum Line de Koronet<\/b><\/a> est un fil de cuivre massif de haute qualit\u00e9 avec du silicium ajout\u00e9, con\u00e7u pour <b data-path-to-node=\"3\" data-index-in-node=\"139\">le proc\u00e9d\u00e9 de brasage MIG<\/b>. C\u2019est une solution indispensable partout o\u00f9 le soudage traditionnel MIG\/MAG pourrait endommager les rev\u00eatements protecteurs du mat\u00e9riau ou entra\u00eener une d\u00e9formation thermique. Il est principalement utilis\u00e9 dans la carrosserie automobile, la production de climatisation et lors de l\u2019assemblage de fines feuilles d\u2019acier avec un rev\u00eatement de zinc.  <\/p>\n<p data-path-to-node=\"4\">Le liant a un point de fusion beaucoup plus bas que l\u2019acier, ce qui permet de joindre les \u00e9l\u00e9ments sans fondre compl\u00e8tement les bords des feuilles. Cela garantit que la couche galvanis\u00e9e reste presque intacte, garantissant la meilleure protection contre la corrosion du connecteur. L\u2019ajout de silicium (Si) assure une excellente fluidit\u00e9 de la piscine de soudure, un minimum d\u2019\u00e9claboussures et une facilit\u00e9 exceptionnelle dans le traitement m\u00e9canique ult\u00e9rieur de la soudure.  <\/p>\n<p data-path-to-node=\"5\">Le fil CuSi3 est particuli\u00e8rement recommand\u00e9 pour assembler des feuilles d\u2019acier jusqu\u2019\u00e0 3 mm d\u2019\u00e9paisseur, les travaux de r\u00e9g\u00e9n\u00e9ration et l\u2019assemblage de l\u2019acier avec des alliages de cuivre. C\u2019est le produit de premier choix des ateliers professionnels qui s\u2019efforcent de maintenir les normes anticorrosion en usine. <\/p>\n<h2 data-path-to-node=\"6\">Caract\u00e9ristiques du produit<\/h2>\n<ul data-path-to-node=\"7\">\n<li>\n<p data-path-to-node=\"7,0,0\"><b data-path-to-node=\"7,0,0\" data-index-in-node=\"0\">Fil solide sp\u00e9cialis\u00e9<\/b> pour le soudage MIG (GMAW).<\/p>\n<\/li>\n<li>\n<p data-path-to-node=\"7,1,0\"><b data-path-to-node=\"7,1,0\" data-index-in-node=\"0\">Protection maximale du galvanis\u00e9<\/b> gr\u00e2ce \u00e0 une basse temp\u00e9rature de proc\u00e9d\u00e9.<\/p>\n<\/li>\n<li>\n<p data-path-to-node=\"7,2,0\"><b data-path-to-node=\"7,2,0\" data-index-in-node=\"0\">D\u00e9formation thermique minimale<\/b> \u2013 id\u00e9ale pour les composants minces.<\/p>\n<\/li>\n<li>\n<p data-path-to-node=\"7,3,0\"><b data-path-to-node=\"7,3,0\" data-index-in-node=\"0\">Excellent mouillage des bords<\/b> et face de soudure lisse.<\/p>\n<\/li>\n<li>\n<p data-path-to-node=\"7,4,0\"><b data-path-to-node=\"7,4,0\" data-index-in-node=\"0\">Une grande plasticit\u00e9 du liant<\/b> pour une r\u00e9sistance accrue aux vibrations et aux fissures.<\/p>\n<\/li>\n<li>\n<p data-path-to-node=\"7,5,0\"><b data-path-to-node=\"7,5,0\" data-index-in-node=\"0\">Facile \u00e0 traiter<\/b> \u2013 la soudure est molle, ce qui r\u00e9duit le temps de meulage.<\/p>\n<\/li>\n<\/ul>\n<h2 data-path-to-node=\"8\">Informations techniques<\/h2>\n<ul data-path-to-node=\"9\">\n<li>\n<p data-path-to-node=\"9,0,0\"><b data-path-to-node=\"9,0,0\" data-index-in-node=\"0\">Classification :<\/b> AWS A5.7 ERCuSi-A<\/p>\n<\/li>\n<li>\n<p data-path-to-node=\"9,1,0\"><b data-path-to-node=\"9,1,0\" data-index-in-node=\"0\">Norme europ\u00e9enne :<\/b> EN ISO 24373 Cu 6560 (CuSi3Mn1)<\/p>\n<\/li>\n<li>\n<p data-path-to-node=\"9,2,0\"><b data-path-to-node=\"9,2,0\" data-index-in-node=\"0\">Composition chimique :<\/b> Base cuivr\u00e9e (Cu) avec l\u2019ajout d\u2019environ 3 % de silicium (Si) et 1 % de mangan\u00e8se (Mn). <\/p>\n<\/li>\n<li>\n<p data-path-to-node=\"9,3,0\"><b data-path-to-node=\"9,3,0\" data-index-in-node=\"0\">Point de fusion :<\/b> environ 910\u00b0C \u2013 1025\u00b0C. <\/p>\n<\/li>\n<li>\n<p data-path-to-node=\"9,4,0\"><b data-path-to-node=\"9,4,0\" data-index-in-node=\"0\">Gaz de protection recommand\u00e9 :<\/b> Argon pur (par exemple EN ISO 14175&nbsp;:I1).<\/p>\n<\/li>\n<li>\n<p data-path-to-node=\"9,5,0\"><b data-path-to-node=\"9,5,0\" data-index-in-node=\"0\">Polarit\u00e9 :<\/b> DC avec un avantage sur la poign\u00e9e (DC+).<\/p>\n<\/li>\n<\/ul>\n<h2 data-path-to-node=\"10\">Application<\/h2>\n<ul data-path-to-node=\"11\">\n<li>\n<p data-path-to-node=\"11,0,0\"><b data-path-to-node=\"11,0,0\" data-index-in-node=\"0\">Carrosserie automobile :<\/b> assemblage des panneaux de carrosserie, des seuils et des gaines galvanis\u00e9es.<\/p>\n<\/li>\n<li>\n<p data-path-to-node=\"11,1,0\"><b data-path-to-node=\"11,1,0\" data-index-in-node=\"0\">Industrie de la ventilation et du chauffage :<\/b> soudage de conduits en t\u00f4le galvanis\u00e9e.<\/p>\n<\/li>\n<li>\n<p data-path-to-node=\"11,2,0\"><b data-path-to-node=\"11,2,0\" data-index-in-node=\"0\">Combiner des mat\u00e9riaux sous diff\u00e9rents noms : combiner<\/b> le cuivre avec l\u2019acier et l\u2019acier avec le laiton.<\/p>\n<\/li>\n<li>\n<p data-path-to-node=\"11,3,0\"><b data-path-to-node=\"11,3,0\" data-index-in-node=\"0\">Arts et m\u00e9tiers :<\/b> fabrication d\u2019assemblages esth\u00e9tiques dans des structures en cuivre.<\/p>\n<\/li>\n<\/ul>\n","protected":false},"excerpt":{"rendered":"<p>Le fil de brasage CuSi3 Platinum Line de Koronet est un fil de cuivre massif de haute qualit\u00e9 avec du silicium ajout\u00e9, con\u00e7u pour le proc\u00e9d\u00e9 de brasage MIG. C\u2019est [&hellip;]<\/p>\n","protected":false},"featured_media":9134,"template":"","meta":{"_acf_changed":false},"product_brand":[],"product_cat":[196,175],"product_tag":[],"class_list":{"0":"post-11718","1":"product","2":"type-product","3":"status-publish","4":"has-post-thumbnail","6":"product_cat-fil-de-soudure","7":"product_cat-fils-de-soudure","9":"first","10":"instock","11":"taxable","12":"shipping-taxable","13":"purchasable","14":"product-type-variable","15":"has-default-attributes"},"acf":[],"yoast_head":"<!-- This site is optimized with the Yoast SEO plugin v27.5 - https:\/\/yoast.com\/product\/yoast-seo-wordpress\/ -->\n<title>Fil de soudure de Koronet CuSi3<\/title>\n<meta name=\"description\" content=\"Fil de brasage CuSi3 id\u00e9al pour les ateliers de carrosserie, l\u2019\u00e9lectricit\u00e9 ou le chantier. En m\u00eame temps, cela permet d\u2019\u00e9conomiser la main-d\u2019\u0153uvre et les co\u00fbts li\u00e9s au retrait de la couche de zinc avant et \u00e0 l\u2019application d\u2019une nouvelle couche apr\u00e8s la soudure.\" \/>\n<meta name=\"robots\" content=\"index, follow, max-snippet:-1, max-image-preview:large, max-video-preview:-1\" \/>\n<link rel=\"canonical\" href=\"https:\/\/www.koro.net.pl\/fr\/produkt\/fil-de-soudure-de-koronet-cusi3\/\" \/>\n<meta property=\"og:locale\" content=\"fr_FR\" \/>\n<meta property=\"og:type\" content=\"article\" \/>\n<meta property=\"og:title\" content=\"Fil de soudure de Koronet CuSi3\" \/>\n<meta property=\"og:description\" content=\"Fil de brasage CuSi3 id\u00e9al pour les ateliers de carrosserie, l\u2019\u00e9lectricit\u00e9 ou le chantier. En m\u00eame temps, cela permet d\u2019\u00e9conomiser la main-d\u2019\u0153uvre et les co\u00fbts li\u00e9s au retrait de la couche de zinc avant et \u00e0 l\u2019application d\u2019une nouvelle couche apr\u00e8s la soudure.\" \/>\n<meta property=\"og:url\" content=\"https:\/\/www.koro.net.pl\/fr\/produkt\/fil-de-soudure-de-koronet-cusi3\/\" \/>\n<meta property=\"og:site_name\" content=\"Koronet\" \/>\n<meta property=\"og:image\" content=\"https:\/\/www.koro.net.pl\/wp-content\/uploads\/2025\/06\/Drut-spawalniczy-flux-Koronet-pudelko.png\" \/>\n\t<meta property=\"og:image:width\" content=\"1080\" \/>\n\t<meta property=\"og:image:height\" content=\"1080\" \/>\n\t<meta property=\"og:image:type\" content=\"image\/png\" \/>\n<meta name=\"twitter:card\" content=\"summary_large_image\" \/>\n<meta name=\"twitter:label1\" content=\"Dur\u00e9e de lecture estim\u00e9e\" \/>\n\t<meta name=\"twitter:data1\" content=\"2 minutes\" \/>\n<script type=\"application\/ld+json\" class=\"yoast-schema-graph\">{\"@context\":\"https:\\\/\\\/schema.org\",\"@graph\":[{\"@type\":\"WebPage\",\"@id\":\"https:\\\/\\\/www.koro.net.pl\\\/fr\\\/produkt\\\/fil-de-soudure-de-koronet-cusi3\\\/\",\"url\":\"https:\\\/\\\/www.koro.net.pl\\\/fr\\\/produkt\\\/fil-de-soudure-de-koronet-cusi3\\\/\",\"name\":\"Fil de soudure de Koronet CuSi3\",\"isPartOf\":{\"@id\":\"https:\\\/\\\/www.koro.net.pl\\\/fr\\\/#website\"},\"primaryImageOfPage\":{\"@id\":\"https:\\\/\\\/www.koro.net.pl\\\/fr\\\/produkt\\\/fil-de-soudure-de-koronet-cusi3\\\/#primaryimage\"},\"image\":{\"@id\":\"https:\\\/\\\/www.koro.net.pl\\\/fr\\\/produkt\\\/fil-de-soudure-de-koronet-cusi3\\\/#primaryimage\"},\"thumbnailUrl\":\"https:\\\/\\\/www.koro.net.pl\\\/wp-content\\\/uploads\\\/2025\\\/06\\\/Drut-spawalniczy-flux-Koronet-pudelko.png\",\"datePublished\":\"2025-06-03T13:00:13+00:00\",\"description\":\"Fil de brasage CuSi3 id\u00e9al pour les ateliers de carrosserie, l\u2019\u00e9lectricit\u00e9 ou le chantier. En m\u00eame temps, cela permet d\u2019\u00e9conomiser la main-d\u2019\u0153uvre et les co\u00fbts li\u00e9s au retrait de la couche de zinc avant et \u00e0 l\u2019application d\u2019une nouvelle couche apr\u00e8s la soudure.\",\"breadcrumb\":{\"@id\":\"https:\\\/\\\/www.koro.net.pl\\\/fr\\\/produkt\\\/fil-de-soudure-de-koronet-cusi3\\\/#breadcrumb\"},\"inLanguage\":\"fr-FR\",\"potentialAction\":[{\"@type\":\"ReadAction\",\"target\":[\"https:\\\/\\\/www.koro.net.pl\\\/fr\\\/produkt\\\/fil-de-soudure-de-koronet-cusi3\\\/\"]}]},{\"@type\":\"ImageObject\",\"inLanguage\":\"fr-FR\",\"@id\":\"https:\\\/\\\/www.koro.net.pl\\\/fr\\\/produkt\\\/fil-de-soudure-de-koronet-cusi3\\\/#primaryimage\",\"url\":\"https:\\\/\\\/www.koro.net.pl\\\/wp-content\\\/uploads\\\/2025\\\/06\\\/Drut-spawalniczy-flux-Koronet-pudelko.png\",\"contentUrl\":\"https:\\\/\\\/www.koro.net.pl\\\/wp-content\\\/uploads\\\/2025\\\/06\\\/Drut-spawalniczy-flux-Koronet-pudelko.png\",\"width\":1080,\"height\":1080,\"caption\":\"Drut spawalniczy flux Koronet pude\u0142ko\"},{\"@type\":\"BreadcrumbList\",\"@id\":\"https:\\\/\\\/www.koro.net.pl\\\/fr\\\/produkt\\\/fil-de-soudure-de-koronet-cusi3\\\/#breadcrumb\",\"itemListElement\":[{\"@type\":\"ListItem\",\"position\":1,\"name\":\"Strona g\u0142\u00f3wna\",\"item\":\"https:\\\/\\\/www.koro.net.pl\\\/fr\\\/\"},{\"@type\":\"ListItem\",\"position\":2,\"name\":\"Fil de soudure de Koronet CuSi3\"}]},{\"@type\":\"WebSite\",\"@id\":\"https:\\\/\\\/www.koro.net.pl\\\/fr\\\/#website\",\"url\":\"https:\\\/\\\/www.koro.net.pl\\\/fr\\\/\",\"name\":\"Koronet\",\"description\":\"\",\"publisher\":{\"@id\":\"https:\\\/\\\/www.koro.net.pl\\\/fr\\\/#organization\"},\"potentialAction\":[{\"@type\":\"SearchAction\",\"target\":{\"@type\":\"EntryPoint\",\"urlTemplate\":\"https:\\\/\\\/www.koro.net.pl\\\/fr\\\/?s={search_term_string}\"},\"query-input\":{\"@type\":\"PropertyValueSpecification\",\"valueRequired\":true,\"valueName\":\"search_term_string\"}}],\"inLanguage\":\"fr-FR\"},{\"@type\":\"Organization\",\"@id\":\"https:\\\/\\\/www.koro.net.pl\\\/fr\\\/#organization\",\"name\":\"Koronet\",\"alternateName\":\"Koronet\",\"url\":\"https:\\\/\\\/www.koro.net.pl\\\/fr\\\/\",\"logo\":{\"@type\":\"ImageObject\",\"inLanguage\":\"fr-FR\",\"@id\":\"https:\\\/\\\/www.koro.net.pl\\\/fr\\\/#\\\/schema\\\/logo\\\/image\\\/\",\"url\":\"https:\\\/\\\/www.koro.net.pl\\\/wp-content\\\/uploads\\\/2025\\\/02\\\/Koronet-spolka-z-o.o.png\",\"contentUrl\":\"https:\\\/\\\/www.koro.net.pl\\\/wp-content\\\/uploads\\\/2025\\\/02\\\/Koronet-spolka-z-o.o.png\",\"width\":696,\"height\":696,\"caption\":\"Koronet\"},\"image\":{\"@id\":\"https:\\\/\\\/www.koro.net.pl\\\/fr\\\/#\\\/schema\\\/logo\\\/image\\\/\"}}]}<\/script>\n<!-- \/ Yoast SEO plugin. -->","yoast_head_json":{"title":"Fil de soudure de Koronet CuSi3","description":"Fil de brasage CuSi3 id\u00e9al pour les ateliers de carrosserie, l\u2019\u00e9lectricit\u00e9 ou le chantier. En m\u00eame temps, cela permet d\u2019\u00e9conomiser la main-d\u2019\u0153uvre et les co\u00fbts li\u00e9s au retrait de la couche de zinc avant et \u00e0 l\u2019application d\u2019une nouvelle couche apr\u00e8s la soudure.","robots":{"index":"index","follow":"follow","max-snippet":"max-snippet:-1","max-image-preview":"max-image-preview:large","max-video-preview":"max-video-preview:-1"},"canonical":"https:\/\/www.koro.net.pl\/fr\/produkt\/fil-de-soudure-de-koronet-cusi3\/","og_locale":"fr_FR","og_type":"article","og_title":"Fil de soudure de Koronet CuSi3","og_description":"Fil de brasage CuSi3 id\u00e9al pour les ateliers de carrosserie, l\u2019\u00e9lectricit\u00e9 ou le chantier. En m\u00eame temps, cela permet d\u2019\u00e9conomiser la main-d\u2019\u0153uvre et les co\u00fbts li\u00e9s au retrait de la couche de zinc avant et \u00e0 l\u2019application d\u2019une nouvelle couche apr\u00e8s la soudure.","og_url":"https:\/\/www.koro.net.pl\/fr\/produkt\/fil-de-soudure-de-koronet-cusi3\/","og_site_name":"Koronet","og_image":[{"width":1080,"height":1080,"url":"https:\/\/www.koro.net.pl\/wp-content\/uploads\/2025\/06\/Drut-spawalniczy-flux-Koronet-pudelko.png","type":"image\/png"}],"twitter_card":"summary_large_image","twitter_misc":{"Dur\u00e9e de lecture estim\u00e9e":"2 minutes"},"schema":{"@context":"https:\/\/schema.org","@graph":[{"@type":"WebPage","@id":"https:\/\/www.koro.net.pl\/fr\/produkt\/fil-de-soudure-de-koronet-cusi3\/","url":"https:\/\/www.koro.net.pl\/fr\/produkt\/fil-de-soudure-de-koronet-cusi3\/","name":"Fil de soudure de Koronet CuSi3","isPartOf":{"@id":"https:\/\/www.koro.net.pl\/fr\/#website"},"primaryImageOfPage":{"@id":"https:\/\/www.koro.net.pl\/fr\/produkt\/fil-de-soudure-de-koronet-cusi3\/#primaryimage"},"image":{"@id":"https:\/\/www.koro.net.pl\/fr\/produkt\/fil-de-soudure-de-koronet-cusi3\/#primaryimage"},"thumbnailUrl":"https:\/\/www.koro.net.pl\/wp-content\/uploads\/2025\/06\/Drut-spawalniczy-flux-Koronet-pudelko.png","datePublished":"2025-06-03T13:00:13+00:00","description":"Fil de brasage CuSi3 id\u00e9al pour les ateliers de carrosserie, l\u2019\u00e9lectricit\u00e9 ou le chantier. En m\u00eame temps, cela permet d\u2019\u00e9conomiser la main-d\u2019\u0153uvre et les co\u00fbts li\u00e9s au retrait de la couche de zinc avant et \u00e0 l\u2019application d\u2019une nouvelle couche apr\u00e8s la soudure.","breadcrumb":{"@id":"https:\/\/www.koro.net.pl\/fr\/produkt\/fil-de-soudure-de-koronet-cusi3\/#breadcrumb"},"inLanguage":"fr-FR","potentialAction":[{"@type":"ReadAction","target":["https:\/\/www.koro.net.pl\/fr\/produkt\/fil-de-soudure-de-koronet-cusi3\/"]}]},{"@type":"ImageObject","inLanguage":"fr-FR","@id":"https:\/\/www.koro.net.pl\/fr\/produkt\/fil-de-soudure-de-koronet-cusi3\/#primaryimage","url":"https:\/\/www.koro.net.pl\/wp-content\/uploads\/2025\/06\/Drut-spawalniczy-flux-Koronet-pudelko.png","contentUrl":"https:\/\/www.koro.net.pl\/wp-content\/uploads\/2025\/06\/Drut-spawalniczy-flux-Koronet-pudelko.png","width":1080,"height":1080,"caption":"Drut spawalniczy flux Koronet pude\u0142ko"},{"@type":"BreadcrumbList","@id":"https:\/\/www.koro.net.pl\/fr\/produkt\/fil-de-soudure-de-koronet-cusi3\/#breadcrumb","itemListElement":[{"@type":"ListItem","position":1,"name":"Strona g\u0142\u00f3wna","item":"https:\/\/www.koro.net.pl\/fr\/"},{"@type":"ListItem","position":2,"name":"Fil de soudure de Koronet CuSi3"}]},{"@type":"WebSite","@id":"https:\/\/www.koro.net.pl\/fr\/#website","url":"https:\/\/www.koro.net.pl\/fr\/","name":"Koronet","description":"","publisher":{"@id":"https:\/\/www.koro.net.pl\/fr\/#organization"},"potentialAction":[{"@type":"SearchAction","target":{"@type":"EntryPoint","urlTemplate":"https:\/\/www.koro.net.pl\/fr\/?s={search_term_string}"},"query-input":{"@type":"PropertyValueSpecification","valueRequired":true,"valueName":"search_term_string"}}],"inLanguage":"fr-FR"},{"@type":"Organization","@id":"https:\/\/www.koro.net.pl\/fr\/#organization","name":"Koronet","alternateName":"Koronet","url":"https:\/\/www.koro.net.pl\/fr\/","logo":{"@type":"ImageObject","inLanguage":"fr-FR","@id":"https:\/\/www.koro.net.pl\/fr\/#\/schema\/logo\/image\/","url":"https:\/\/www.koro.net.pl\/wp-content\/uploads\/2025\/02\/Koronet-spolka-z-o.o.png","contentUrl":"https:\/\/www.koro.net.pl\/wp-content\/uploads\/2025\/02\/Koronet-spolka-z-o.o.png","width":696,"height":696,"caption":"Koronet"},"image":{"@id":"https:\/\/www.koro.net.pl\/fr\/#\/schema\/logo\/image\/"}}]}},"_links":{"self":[{"href":"https:\/\/www.koro.net.pl\/fr\/wp-json\/wp\/v2\/product\/11718","targetHints":{"allow":["GET"]}}],"collection":[{"href":"https:\/\/www.koro.net.pl\/fr\/wp-json\/wp\/v2\/product"}],"about":[{"href":"https:\/\/www.koro.net.pl\/fr\/wp-json\/wp\/v2\/types\/product"}],"wp:featuredmedia":[{"embeddable":true,"href":"https:\/\/www.koro.net.pl\/fr\/wp-json\/wp\/v2\/media\/9134"}],"wp:attachment":[{"href":"https:\/\/www.koro.net.pl\/fr\/wp-json\/wp\/v2\/media?parent=11718"}],"wp:term":[{"taxonomy":"product_brand","embeddable":true,"href":"https:\/\/www.koro.net.pl\/fr\/wp-json\/wp\/v2\/product_brand?post=11718"},{"taxonomy":"product_cat","embeddable":true,"href":"https:\/\/www.koro.net.pl\/fr\/wp-json\/wp\/v2\/product_cat?post=11718"},{"taxonomy":"product_tag","embeddable":true,"href":"https:\/\/www.koro.net.pl\/fr\/wp-json\/wp\/v2\/product_tag?post=11718"}],"curies":[{"name":"wp","href":"https:\/\/api.w.org\/{rel}","templated":true}]}}