{"id":11688,"date":"2024-12-11T15:49:34","date_gmt":"2024-12-11T14:49:34","guid":{"rendered":"https:\/\/www.koro.net.pl\/produkt\/fil-de-soudure-par-flux-autoblindant-koronet-supreme-e71t-gs\/"},"modified":"2024-12-11T15:49:34","modified_gmt":"2024-12-11T14:49:34","slug":"fil-de-soudure-par-flux-autoblindant-koronet-supreme-e71t-gs","status":"publish","type":"product","link":"https:\/\/www.koro.net.pl\/fr\/produkt\/fil-de-soudure-par-flux-autoblindant-koronet-supreme-e71t-gs\/","title":{"rendered":"Fil de soudure par flux autoblindant Koronet Supreme E71T-GS"},"content":{"rendered":"<p><span style=\"color: #ffffff;\"> <span style=\"color: #000000;\">  \u2022 Adapt\u00e9 aux machines \u00e0 souder \u00e0 fil \u00e0 noyau MIG\/MAG sans gaz de blindage suppl\u00e9mentaire,  <\/span><\/span><\/p>\n<p><span style=\"color: #000000;\">  \u2022 D\u00e9di\u00e9 au soudage d\u2019aciers carbon\u00e9s avec une r\u00e9sistance ordinaire et augment\u00e9e ne d\u00e9passant pas 510 MPa, dans toutes les positions en utilisant la m\u00e9thode Mig\/Mag.<\/span><\/p>\n<p><span style=\"color: #000000;\">  \u2022 Il est utilis\u00e9 dans la pr\u00e9fabrication, la construction, la production de chars, les \u00e9quipements agricoles, \u00e0 la fois dans la production et la r\u00e9paration d\u2019\u00e9quipements.<\/span><\/p>\n<p><span style=\"color: #000000;\">  \u2022 Le fil se caract\u00e9rise par un arc \u00e9lectrique stable, une belle apparence de points et des \u00e9claboussures relativement petites !<\/span><\/p>\n<p><span style=\"color: #000000;\">  \u2022 Solidification rapide, t\u00f4le facile \u00e0 souder avec une mauvaise pr\u00e9paration des bords.  <\/span><\/p>\n<p><span style=\"color: #000000;\">  \u2022 Attention ! Changez la polarit\u00e9 dans la machine \u00e0 souder : moins (-) sur la torche, plus (+) sur le sol ! <\/span><\/p>\n<p>Le fil de soudage Koronet Supreme n\u2019est disponible qu\u2019en bobinage de pr\u00e9cision en bobines de 1 kg et 5 kg. Utilisation dans tous les postes de production de r\u00e9servoirs, d\u2019\u00e9quipements, d\u2019\u00e9quipements agricoles et de construction. <\/p>\n<ul>\n<li>Courant de soudage : DC-<\/li>\n<li>Autorisations : ABS ISO LR T\u00dcV CE DB<\/li>\n<li>Classification des alliages : EN ISO 17632, EN13479+, 0035-CPR-C751<\/li>\n<\/ul>\n<table>\n<tbody>\n<tr>\n<td><strong>POIDS<\/strong><\/td>\n<td><strong>BULE-BOULE<\/strong><\/td>\n<td><strong>DI\u00c2TRE<\/strong><\/td>\n<\/tr>\n<tr>\n<td>1 KG<\/td>\n<td>D100<\/td>\n<td>0,8 mm<\/td>\n<\/tr>\n<tr>\n<td>1KG<\/td>\n<td>D100<\/td>\n<td>1,0 mm<\/td>\n<\/tr>\n<tr>\n<td>5KG<\/td>\n<td>D200<\/td>\n<td>0,8 mm<\/td>\n<\/tr>\n<\/tbody>\n<\/table>\n","protected":false},"excerpt":{"rendered":"<p>\u2022 Adapt\u00e9 aux machines \u00e0 souder \u00e0 fil \u00e0 noyau MIG\/MAG sans gaz de blindage suppl\u00e9mentaire, \u2022 D\u00e9di\u00e9 au soudage d\u2019aciers carbon\u00e9s avec une r\u00e9sistance ordinaire et augment\u00e9e ne d\u00e9passant [&hellip;]<\/p>\n","protected":false},"featured_media":9120,"template":"","meta":{"_acf_changed":false},"product_brand":[],"product_cat":[195,175,184],"product_tag":[],"class_list":{"0":"post-11688","1":"product","2":"type-product","3":"status-publish","4":"has-post-thumbnail","6":"product_cat-fil-de-soudure-sans-gaz-en-acier-au-carbone","7":"product_cat-fils-de-soudure","8":"product_cat-machines-a-ficelle","10":"first","11":"instock","12":"taxable","13":"shipping-taxable","14":"purchasable","15":"product-type-variable","16":"has-default-attributes"},"acf":[],"yoast_head":"<!-- This site is optimized with the Yoast SEO plugin v27.5 - https:\/\/yoast.com\/product\/yoast-seo-wordpress\/ -->\n<title>Fil de soudage autoblindant flux Koronet Supreme 71T-GS<\/title>\n<meta name=\"description\" content=\"Fil \u00e0 noyau auto-blindant Koronet Supreme pour souder des composants en acier de petite \u00e9paisseur sans utiliser de gaz de blindage. En bobines de 1 kg et 5 kg.\" \/>\n<meta name=\"robots\" content=\"index, follow, max-snippet:-1, max-image-preview:large, max-video-preview:-1\" \/>\n<link rel=\"canonical\" href=\"https:\/\/www.koro.net.pl\/fr\/produkt\/fil-de-soudure-par-flux-autoblindant-koronet-supreme-e71t-gs\/\" \/>\n<meta property=\"og:locale\" content=\"fr_FR\" \/>\n<meta property=\"og:type\" content=\"article\" \/>\n<meta property=\"og:title\" content=\"Fil de soudage autoblindant flux Koronet Supreme 71T-GS\" \/>\n<meta property=\"og:description\" content=\"Fil \u00e0 noyau auto-blindant Koronet Supreme pour souder des composants en acier de petite \u00e9paisseur sans utiliser de gaz de blindage. En bobines de 1 kg et 5 kg.\" \/>\n<meta property=\"og:url\" content=\"https:\/\/www.koro.net.pl\/fr\/produkt\/fil-de-soudure-par-flux-autoblindant-koronet-supreme-e71t-gs\/\" \/>\n<meta property=\"og:site_name\" content=\"Koronet\" \/>\n<meta property=\"og:image\" content=\"https:\/\/www.koro.net.pl\/wp-content\/uploads\/2024\/12\/Drut-spawalniczy-flux.2-1024x1024.png\" \/>\n\t<meta property=\"og:image:width\" content=\"1024\" \/>\n\t<meta property=\"og:image:height\" content=\"1024\" \/>\n\t<meta property=\"og:image:type\" content=\"image\/png\" \/>\n<meta name=\"twitter:card\" content=\"summary_large_image\" \/>\n<meta name=\"twitter:label1\" content=\"Dur\u00e9e de lecture estim\u00e9e\" \/>\n\t<meta name=\"twitter:data1\" content=\"1 minute\" \/>\n<script type=\"application\/ld+json\" class=\"yoast-schema-graph\">{\"@context\":\"https:\\\/\\\/schema.org\",\"@graph\":[{\"@type\":\"WebPage\",\"@id\":\"https:\\\/\\\/www.koro.net.pl\\\/fr\\\/produkt\\\/fil-de-soudure-par-flux-autoblindant-koronet-supreme-e71t-gs\\\/\",\"url\":\"https:\\\/\\\/www.koro.net.pl\\\/fr\\\/produkt\\\/fil-de-soudure-par-flux-autoblindant-koronet-supreme-e71t-gs\\\/\",\"name\":\"Fil de soudage autoblindant flux Koronet Supreme 71T-GS\",\"isPartOf\":{\"@id\":\"https:\\\/\\\/www.koro.net.pl\\\/fr\\\/#website\"},\"primaryImageOfPage\":{\"@id\":\"https:\\\/\\\/www.koro.net.pl\\\/fr\\\/produkt\\\/fil-de-soudure-par-flux-autoblindant-koronet-supreme-e71t-gs\\\/#primaryimage\"},\"image\":{\"@id\":\"https:\\\/\\\/www.koro.net.pl\\\/fr\\\/produkt\\\/fil-de-soudure-par-flux-autoblindant-koronet-supreme-e71t-gs\\\/#primaryimage\"},\"thumbnailUrl\":\"https:\\\/\\\/www.koro.net.pl\\\/wp-content\\\/uploads\\\/2024\\\/12\\\/Drut-spawalniczy-flux.2.png\",\"datePublished\":\"2024-12-11T14:49:34+00:00\",\"description\":\"Fil \u00e0 noyau auto-blindant Koronet Supreme pour souder des composants en acier de petite \u00e9paisseur sans utiliser de gaz de blindage. En bobines de 1 kg et 5 kg.\",\"breadcrumb\":{\"@id\":\"https:\\\/\\\/www.koro.net.pl\\\/fr\\\/produkt\\\/fil-de-soudure-par-flux-autoblindant-koronet-supreme-e71t-gs\\\/#breadcrumb\"},\"inLanguage\":\"fr-FR\",\"potentialAction\":[{\"@type\":\"ReadAction\",\"target\":[\"https:\\\/\\\/www.koro.net.pl\\\/fr\\\/produkt\\\/fil-de-soudure-par-flux-autoblindant-koronet-supreme-e71t-gs\\\/\"]}]},{\"@type\":\"ImageObject\",\"inLanguage\":\"fr-FR\",\"@id\":\"https:\\\/\\\/www.koro.net.pl\\\/fr\\\/produkt\\\/fil-de-soudure-par-flux-autoblindant-koronet-supreme-e71t-gs\\\/#primaryimage\",\"url\":\"https:\\\/\\\/www.koro.net.pl\\\/wp-content\\\/uploads\\\/2024\\\/12\\\/Drut-spawalniczy-flux.2.png\",\"contentUrl\":\"https:\\\/\\\/www.koro.net.pl\\\/wp-content\\\/uploads\\\/2024\\\/12\\\/Drut-spawalniczy-flux.2.png\",\"width\":2000,\"height\":2000,\"caption\":\"Drut spawalniczy samoos\u0142onowy\"},{\"@type\":\"BreadcrumbList\",\"@id\":\"https:\\\/\\\/www.koro.net.pl\\\/fr\\\/produkt\\\/fil-de-soudure-par-flux-autoblindant-koronet-supreme-e71t-gs\\\/#breadcrumb\",\"itemListElement\":[{\"@type\":\"ListItem\",\"position\":1,\"name\":\"Strona g\u0142\u00f3wna\",\"item\":\"https:\\\/\\\/www.koro.net.pl\\\/fr\\\/\"},{\"@type\":\"ListItem\",\"position\":2,\"name\":\"Fils de soudure\",\"item\":\"https:\\\/\\\/www.koro.net.pl\\\/fr\\\/produkty\\\/fils-de-soudure\\\/\"},{\"@type\":\"ListItem\",\"position\":3,\"name\":\"Fil de soudure par flux autoblindant Koronet Supreme E71T-GS\"}]},{\"@type\":\"WebSite\",\"@id\":\"https:\\\/\\\/www.koro.net.pl\\\/fr\\\/#website\",\"url\":\"https:\\\/\\\/www.koro.net.pl\\\/fr\\\/\",\"name\":\"Koronet\",\"description\":\"\",\"publisher\":{\"@id\":\"https:\\\/\\\/www.koro.net.pl\\\/fr\\\/#organization\"},\"potentialAction\":[{\"@type\":\"SearchAction\",\"target\":{\"@type\":\"EntryPoint\",\"urlTemplate\":\"https:\\\/\\\/www.koro.net.pl\\\/fr\\\/?s={search_term_string}\"},\"query-input\":{\"@type\":\"PropertyValueSpecification\",\"valueRequired\":true,\"valueName\":\"search_term_string\"}}],\"inLanguage\":\"fr-FR\"},{\"@type\":\"Organization\",\"@id\":\"https:\\\/\\\/www.koro.net.pl\\\/fr\\\/#organization\",\"name\":\"Koronet\",\"alternateName\":\"Koronet\",\"url\":\"https:\\\/\\\/www.koro.net.pl\\\/fr\\\/\",\"logo\":{\"@type\":\"ImageObject\",\"inLanguage\":\"fr-FR\",\"@id\":\"https:\\\/\\\/www.koro.net.pl\\\/fr\\\/#\\\/schema\\\/logo\\\/image\\\/\",\"url\":\"https:\\\/\\\/www.koro.net.pl\\\/wp-content\\\/uploads\\\/2025\\\/02\\\/Koronet-spolka-z-o.o.png\",\"contentUrl\":\"https:\\\/\\\/www.koro.net.pl\\\/wp-content\\\/uploads\\\/2025\\\/02\\\/Koronet-spolka-z-o.o.png\",\"width\":696,\"height\":696,\"caption\":\"Koronet\"},\"image\":{\"@id\":\"https:\\\/\\\/www.koro.net.pl\\\/fr\\\/#\\\/schema\\\/logo\\\/image\\\/\"}}]}<\/script>\n<!-- \/ Yoast SEO plugin. -->","yoast_head_json":{"title":"Fil de soudage autoblindant flux Koronet Supreme 71T-GS","description":"Fil \u00e0 noyau auto-blindant Koronet Supreme pour souder des composants en acier de petite \u00e9paisseur sans utiliser de gaz de blindage. En bobines de 1 kg et 5 kg.","robots":{"index":"index","follow":"follow","max-snippet":"max-snippet:-1","max-image-preview":"max-image-preview:large","max-video-preview":"max-video-preview:-1"},"canonical":"https:\/\/www.koro.net.pl\/fr\/produkt\/fil-de-soudure-par-flux-autoblindant-koronet-supreme-e71t-gs\/","og_locale":"fr_FR","og_type":"article","og_title":"Fil de soudage autoblindant flux Koronet Supreme 71T-GS","og_description":"Fil \u00e0 noyau auto-blindant Koronet Supreme pour souder des composants en acier de petite \u00e9paisseur sans utiliser de gaz de blindage. En bobines de 1 kg et 5 kg.","og_url":"https:\/\/www.koro.net.pl\/fr\/produkt\/fil-de-soudure-par-flux-autoblindant-koronet-supreme-e71t-gs\/","og_site_name":"Koronet","og_image":[{"width":1024,"height":1024,"url":"https:\/\/www.koro.net.pl\/wp-content\/uploads\/2024\/12\/Drut-spawalniczy-flux.2-1024x1024.png","type":"image\/png"}],"twitter_card":"summary_large_image","twitter_misc":{"Dur\u00e9e de lecture estim\u00e9e":"1 minute"},"schema":{"@context":"https:\/\/schema.org","@graph":[{"@type":"WebPage","@id":"https:\/\/www.koro.net.pl\/fr\/produkt\/fil-de-soudure-par-flux-autoblindant-koronet-supreme-e71t-gs\/","url":"https:\/\/www.koro.net.pl\/fr\/produkt\/fil-de-soudure-par-flux-autoblindant-koronet-supreme-e71t-gs\/","name":"Fil de soudage autoblindant flux Koronet Supreme 71T-GS","isPartOf":{"@id":"https:\/\/www.koro.net.pl\/fr\/#website"},"primaryImageOfPage":{"@id":"https:\/\/www.koro.net.pl\/fr\/produkt\/fil-de-soudure-par-flux-autoblindant-koronet-supreme-e71t-gs\/#primaryimage"},"image":{"@id":"https:\/\/www.koro.net.pl\/fr\/produkt\/fil-de-soudure-par-flux-autoblindant-koronet-supreme-e71t-gs\/#primaryimage"},"thumbnailUrl":"https:\/\/www.koro.net.pl\/wp-content\/uploads\/2024\/12\/Drut-spawalniczy-flux.2.png","datePublished":"2024-12-11T14:49:34+00:00","description":"Fil \u00e0 noyau auto-blindant Koronet Supreme pour souder des composants en acier de petite \u00e9paisseur sans utiliser de gaz de blindage. En bobines de 1 kg et 5 kg.","breadcrumb":{"@id":"https:\/\/www.koro.net.pl\/fr\/produkt\/fil-de-soudure-par-flux-autoblindant-koronet-supreme-e71t-gs\/#breadcrumb"},"inLanguage":"fr-FR","potentialAction":[{"@type":"ReadAction","target":["https:\/\/www.koro.net.pl\/fr\/produkt\/fil-de-soudure-par-flux-autoblindant-koronet-supreme-e71t-gs\/"]}]},{"@type":"ImageObject","inLanguage":"fr-FR","@id":"https:\/\/www.koro.net.pl\/fr\/produkt\/fil-de-soudure-par-flux-autoblindant-koronet-supreme-e71t-gs\/#primaryimage","url":"https:\/\/www.koro.net.pl\/wp-content\/uploads\/2024\/12\/Drut-spawalniczy-flux.2.png","contentUrl":"https:\/\/www.koro.net.pl\/wp-content\/uploads\/2024\/12\/Drut-spawalniczy-flux.2.png","width":2000,"height":2000,"caption":"Drut spawalniczy samoos\u0142onowy"},{"@type":"BreadcrumbList","@id":"https:\/\/www.koro.net.pl\/fr\/produkt\/fil-de-soudure-par-flux-autoblindant-koronet-supreme-e71t-gs\/#breadcrumb","itemListElement":[{"@type":"ListItem","position":1,"name":"Strona g\u0142\u00f3wna","item":"https:\/\/www.koro.net.pl\/fr\/"},{"@type":"ListItem","position":2,"name":"Fils de soudure","item":"https:\/\/www.koro.net.pl\/fr\/produkty\/fils-de-soudure\/"},{"@type":"ListItem","position":3,"name":"Fil de soudure par flux autoblindant Koronet Supreme E71T-GS"}]},{"@type":"WebSite","@id":"https:\/\/www.koro.net.pl\/fr\/#website","url":"https:\/\/www.koro.net.pl\/fr\/","name":"Koronet","description":"","publisher":{"@id":"https:\/\/www.koro.net.pl\/fr\/#organization"},"potentialAction":[{"@type":"SearchAction","target":{"@type":"EntryPoint","urlTemplate":"https:\/\/www.koro.net.pl\/fr\/?s={search_term_string}"},"query-input":{"@type":"PropertyValueSpecification","valueRequired":true,"valueName":"search_term_string"}}],"inLanguage":"fr-FR"},{"@type":"Organization","@id":"https:\/\/www.koro.net.pl\/fr\/#organization","name":"Koronet","alternateName":"Koronet","url":"https:\/\/www.koro.net.pl\/fr\/","logo":{"@type":"ImageObject","inLanguage":"fr-FR","@id":"https:\/\/www.koro.net.pl\/fr\/#\/schema\/logo\/image\/","url":"https:\/\/www.koro.net.pl\/wp-content\/uploads\/2025\/02\/Koronet-spolka-z-o.o.png","contentUrl":"https:\/\/www.koro.net.pl\/wp-content\/uploads\/2025\/02\/Koronet-spolka-z-o.o.png","width":696,"height":696,"caption":"Koronet"},"image":{"@id":"https:\/\/www.koro.net.pl\/fr\/#\/schema\/logo\/image\/"}}]}},"_links":{"self":[{"href":"https:\/\/www.koro.net.pl\/fr\/wp-json\/wp\/v2\/product\/11688","targetHints":{"allow":["GET"]}}],"collection":[{"href":"https:\/\/www.koro.net.pl\/fr\/wp-json\/wp\/v2\/product"}],"about":[{"href":"https:\/\/www.koro.net.pl\/fr\/wp-json\/wp\/v2\/types\/product"}],"wp:featuredmedia":[{"embeddable":true,"href":"https:\/\/www.koro.net.pl\/fr\/wp-json\/wp\/v2\/media\/9120"}],"wp:attachment":[{"href":"https:\/\/www.koro.net.pl\/fr\/wp-json\/wp\/v2\/media?parent=11688"}],"wp:term":[{"taxonomy":"product_brand","embeddable":true,"href":"https:\/\/www.koro.net.pl\/fr\/wp-json\/wp\/v2\/product_brand?post=11688"},{"taxonomy":"product_cat","embeddable":true,"href":"https:\/\/www.koro.net.pl\/fr\/wp-json\/wp\/v2\/product_cat?post=11688"},{"taxonomy":"product_tag","embeddable":true,"href":"https:\/\/www.koro.net.pl\/fr\/wp-json\/wp\/v2\/product_tag?post=11688"}],"curies":[{"name":"wp","href":"https:\/\/api.w.org\/{rel}","templated":true}]}}