{"id":11687,"date":"2024-08-23T16:23:01","date_gmt":"2024-08-23T14:23:01","guid":{"rendered":"https:\/\/www.koro.net.pl\/produkt\/hm-rotative-lime-wrc-forme-cylindrique-arrondi\/"},"modified":"2024-08-23T16:23:01","modified_gmt":"2024-08-23T14:23:01","slug":"hm-rotative-lime-wrc-forme-cylindrique-arrondi","status":"publish","type":"product","link":"https:\/\/www.koro.net.pl\/fr\/produkt\/hm-rotative-lime-wrc-forme-cylindrique-arrondi\/","title":{"rendered":"HM Rotative Lime WRC Forme (cylindrique arrondi)"},"content":{"rendered":"<p>Lime rotatif HM avec tige \u00e0 rouleau de la s\u00e9rie Premium Line Tools. Les limes sont fabriqu\u00e9es en carbure ciment\u00e9 de haute qualit\u00e9, garantissant une grande usinabilit\u00e9 et une grande efficacit\u00e9. D\u00e9di\u00e9 au travail dans diverses dureces mat\u00e9rielles. Large gamme de g\u00e9om\u00e9tries, 10 formes disponibles. Tige cylindrique de 6 mm L\u2019outil est con\u00e7u pour \u00eatre utilis\u00e9 avec des meuleuses \u00e9lectriques ou pneumatiques.     <\/p>\n<ul>\n<li><a href=\"https:\/\/www.koro.net.pl\/fr\/produkty\/fichiers-rotatifs\/\">Forme : cylindrique arrondi<\/a><\/li>\n<li>Mat\u00e9riau : carbure ciment\u00e9<\/li>\n<li>R\u00e9alisation : Droitier<\/li>\n<li>Tige : cylindrique<\/li>\n<\/ul>\n<p><em>La norme de qualit\u00e9 allemande est le niveau que tous nos outils atteignent.<\/em><\/p>\n<table>\n<tbody>\n<tr>\n<td><strong>Diam\u00e8tre (mm)<\/strong><\/td>\n<td><strong>Longueur de travail (mm)<\/strong><\/td>\n<td><strong>Longueur totale (mm)<\/strong><\/td>\n<td><strong>Diam\u00e8tre de la tige (mm)<\/strong><\/td>\n<\/tr>\n<tr>\n<td><span style=\"vertical-align: inherit;\"><span style=\"vertical-align: inherit;\"><\/span><\/span><br \/>\n 6<\/td>\n<td><span style=\"vertical-align: inherit;\"><span style=\"vertical-align: inherit;\">16<\/span><\/span><\/td>\n<td><span style=\"vertical-align: inherit;\"><span style=\"vertical-align: inherit;\">61<\/span><\/span><\/td>\n<td><span style=\"vertical-align: inherit;\"><span style=\"vertical-align: inherit;\">6<\/span><\/span><\/td>\n<\/tr>\n<tr>\n<td><span style=\"vertical-align: inherit;\"><span style=\"vertical-align: inherit;\"><\/span><\/span><br \/>\n 8<\/td>\n<td><span style=\"vertical-align: inherit;\"><span style=\"vertical-align: inherit;\">20<\/span><\/span><\/td>\n<td><span style=\"vertical-align: inherit;\"><span style=\"vertical-align: inherit;\">65<\/span><\/span><\/td>\n<td><span style=\"vertical-align: inherit;\"><span style=\"vertical-align: inherit;\">6<\/span><\/span><\/td>\n<\/tr>\n<tr>\n<td><span style=\"vertical-align: inherit;\"><span style=\"vertical-align: inherit;\">10<\/span><\/span><\/td>\n<td><span style=\"vertical-align: inherit;\"><span style=\"vertical-align: inherit;\">20<\/span><\/span><\/td>\n<td><span style=\"vertical-align: inherit;\"><span style=\"vertical-align: inherit;\">65<\/span><\/span><\/td>\n<td><span style=\"vertical-align: inherit;\"><span style=\"vertical-align: inherit;\">6<\/span><\/span><\/td>\n<\/tr>\n<tr>\n<td><span style=\"vertical-align: inherit;\"><span style=\"vertical-align: inherit;\">12<\/span><\/span><\/td>\n<td><span style=\"vertical-align: inherit;\"><span style=\"vertical-align: inherit;\">25<\/span><\/span><\/td>\n<td><span style=\"vertical-align: inherit;\"><span style=\"vertical-align: inherit;\">70<\/span><\/span><\/td>\n<td><span style=\"vertical-align: inherit;\"><span style=\"vertical-align: inherit;\">6<\/span><\/span><\/td>\n<\/tr>\n<tr>\n<td><span style=\"vertical-align: inherit;\"><span style=\"vertical-align: inherit;\">16<\/span><\/span><\/td>\n<td><span style=\"vertical-align: inherit;\"><span style=\"vertical-align: inherit;\">25<\/span><\/span><\/td>\n<td><span style=\"vertical-align: inherit;\"><span style=\"vertical-align: inherit;\">70<\/span><\/span><\/td>\n<td><span style=\"vertical-align: inherit;\"><span style=\"vertical-align: inherit;\">6<\/span><\/span><\/td>\n<\/tr>\n<\/tbody>\n<\/table>\n","protected":false},"excerpt":{"rendered":"<p>Lime rotatif HM avec tige \u00e0 rouleau de la s\u00e9rie Premium Line Tools. Les limes sont fabriqu\u00e9es en carbure ciment\u00e9 de haute qualit\u00e9, garantissant une grande usinabilit\u00e9 et une grande [&hellip;]<\/p>\n","protected":false},"featured_media":4702,"template":"","meta":{"_acf_changed":false},"product_brand":[],"product_cat":[194,174],"product_tag":[],"class_list":{"0":"post-11687","1":"product","2":"type-product","3":"status-publish","4":"has-post-thumbnail","6":"product_cat-fichiers-rotatifs","7":"product_cat-outils","9":"first","10":"instock","11":"taxable","12":"shipping-taxable","13":"purchasable","14":"product-type-variable","15":"has-default-attributes"},"acf":[],"yoast_head":"<!-- This site is optimized with the Yoast SEO plugin v27.5 - https:\/\/yoast.com\/product\/yoast-seo-wordpress\/ -->\n<title>Lime rotatif en carbure HM (cylindrique, 10 formes, tige de 6 mm)<\/title>\n<meta name=\"description\" content=\"Lime rotatif professionnel HM Carbede. Forme cylindrique, poign\u00e9e de 6 mm. Id\u00e9al pour le travail de la m\u00e9tallurgie de pr\u00e9cision. Commandez d\u00e8s aujourd\u2019hui !\" \/>\n<meta name=\"robots\" content=\"index, follow, max-snippet:-1, max-image-preview:large, max-video-preview:-1\" \/>\n<link rel=\"canonical\" href=\"https:\/\/www.koro.net.pl\/fr\/produkt\/hm-rotative-lime-wrc-forme-cylindrique-arrondi\/\" \/>\n<meta property=\"og:locale\" content=\"fr_FR\" \/>\n<meta property=\"og:type\" content=\"article\" \/>\n<meta property=\"og:title\" content=\"Lime rotatif en carbure HM (cylindrique, 10 formes, tige de 6 mm)\" \/>\n<meta property=\"og:description\" content=\"Lime rotatif professionnel HM Carbede. Forme cylindrique, poign\u00e9e de 6 mm. Id\u00e9al pour le travail de la m\u00e9tallurgie de pr\u00e9cision. Commandez d\u00e8s aujourd\u2019hui !\" \/>\n<meta property=\"og:url\" content=\"https:\/\/www.koro.net.pl\/fr\/produkt\/hm-rotative-lime-wrc-forme-cylindrique-arrondi\/\" \/>\n<meta property=\"og:site_name\" content=\"Koronet\" \/>\n<meta property=\"og:image\" content=\"https:\/\/www.koro.net.pl\/wp-content\/uploads\/2024\/08\/Pilnik-obrotwy-WRC.jpg\" \/>\n\t<meta property=\"og:image:width\" content=\"1200\" \/>\n\t<meta property=\"og:image:height\" content=\"1200\" \/>\n\t<meta property=\"og:image:type\" content=\"image\/jpeg\" \/>\n<meta name=\"twitter:card\" content=\"summary_large_image\" \/>\n<meta name=\"twitter:label1\" content=\"Dur\u00e9e de lecture estim\u00e9e\" \/>\n\t<meta name=\"twitter:data1\" content=\"1 minute\" \/>\n<script type=\"application\/ld+json\" class=\"yoast-schema-graph\">{\"@context\":\"https:\\\/\\\/schema.org\",\"@graph\":[{\"@type\":\"WebPage\",\"@id\":\"https:\\\/\\\/www.koro.net.pl\\\/fr\\\/produkt\\\/hm-rotative-lime-wrc-forme-cylindrique-arrondi\\\/\",\"url\":\"https:\\\/\\\/www.koro.net.pl\\\/fr\\\/produkt\\\/hm-rotative-lime-wrc-forme-cylindrique-arrondi\\\/\",\"name\":\"Lime rotatif en carbure HM (cylindrique, 10 formes, tige de 6 mm)\",\"isPartOf\":{\"@id\":\"https:\\\/\\\/www.koro.net.pl\\\/fr\\\/#website\"},\"primaryImageOfPage\":{\"@id\":\"https:\\\/\\\/www.koro.net.pl\\\/fr\\\/produkt\\\/hm-rotative-lime-wrc-forme-cylindrique-arrondi\\\/#primaryimage\"},\"image\":{\"@id\":\"https:\\\/\\\/www.koro.net.pl\\\/fr\\\/produkt\\\/hm-rotative-lime-wrc-forme-cylindrique-arrondi\\\/#primaryimage\"},\"thumbnailUrl\":\"https:\\\/\\\/www.koro.net.pl\\\/wp-content\\\/uploads\\\/2024\\\/08\\\/Pilnik-obrotwy-WRC.jpg\",\"datePublished\":\"2024-08-23T14:23:01+00:00\",\"description\":\"Lime rotatif professionnel HM Carbede. Forme cylindrique, poign\u00e9e de 6 mm. Id\u00e9al pour le travail de la m\u00e9tallurgie de pr\u00e9cision. Commandez d\u00e8s aujourd\u2019hui !\",\"breadcrumb\":{\"@id\":\"https:\\\/\\\/www.koro.net.pl\\\/fr\\\/produkt\\\/hm-rotative-lime-wrc-forme-cylindrique-arrondi\\\/#breadcrumb\"},\"inLanguage\":\"fr-FR\",\"potentialAction\":[{\"@type\":\"ReadAction\",\"target\":[\"https:\\\/\\\/www.koro.net.pl\\\/fr\\\/produkt\\\/hm-rotative-lime-wrc-forme-cylindrique-arrondi\\\/\"]}]},{\"@type\":\"ImageObject\",\"inLanguage\":\"fr-FR\",\"@id\":\"https:\\\/\\\/www.koro.net.pl\\\/fr\\\/produkt\\\/hm-rotative-lime-wrc-forme-cylindrique-arrondi\\\/#primaryimage\",\"url\":\"https:\\\/\\\/www.koro.net.pl\\\/wp-content\\\/uploads\\\/2024\\\/08\\\/Pilnik-obrotwy-WRC.jpg\",\"contentUrl\":\"https:\\\/\\\/www.koro.net.pl\\\/wp-content\\\/uploads\\\/2024\\\/08\\\/Pilnik-obrotwy-WRC.jpg\",\"width\":1200,\"height\":1200,\"caption\":\"Pilnik obrotowy HM kszta\u0142t WRC (walcowy zaokr\u0105glony)\"},{\"@type\":\"BreadcrumbList\",\"@id\":\"https:\\\/\\\/www.koro.net.pl\\\/fr\\\/produkt\\\/hm-rotative-lime-wrc-forme-cylindrique-arrondi\\\/#breadcrumb\",\"itemListElement\":[{\"@type\":\"ListItem\",\"position\":1,\"name\":\"Strona g\u0142\u00f3wna\",\"item\":\"https:\\\/\\\/www.koro.net.pl\\\/fr\\\/\"},{\"@type\":\"ListItem\",\"position\":2,\"name\":\"HM Rotative Lime WRC Forme (cylindrique arrondi)\"}]},{\"@type\":\"WebSite\",\"@id\":\"https:\\\/\\\/www.koro.net.pl\\\/fr\\\/#website\",\"url\":\"https:\\\/\\\/www.koro.net.pl\\\/fr\\\/\",\"name\":\"Koronet\",\"description\":\"\",\"publisher\":{\"@id\":\"https:\\\/\\\/www.koro.net.pl\\\/fr\\\/#organization\"},\"potentialAction\":[{\"@type\":\"SearchAction\",\"target\":{\"@type\":\"EntryPoint\",\"urlTemplate\":\"https:\\\/\\\/www.koro.net.pl\\\/fr\\\/?s={search_term_string}\"},\"query-input\":{\"@type\":\"PropertyValueSpecification\",\"valueRequired\":true,\"valueName\":\"search_term_string\"}}],\"inLanguage\":\"fr-FR\"},{\"@type\":\"Organization\",\"@id\":\"https:\\\/\\\/www.koro.net.pl\\\/fr\\\/#organization\",\"name\":\"Koronet\",\"alternateName\":\"Koronet\",\"url\":\"https:\\\/\\\/www.koro.net.pl\\\/fr\\\/\",\"logo\":{\"@type\":\"ImageObject\",\"inLanguage\":\"fr-FR\",\"@id\":\"https:\\\/\\\/www.koro.net.pl\\\/fr\\\/#\\\/schema\\\/logo\\\/image\\\/\",\"url\":\"https:\\\/\\\/www.koro.net.pl\\\/wp-content\\\/uploads\\\/2025\\\/02\\\/Koronet-spolka-z-o.o.png\",\"contentUrl\":\"https:\\\/\\\/www.koro.net.pl\\\/wp-content\\\/uploads\\\/2025\\\/02\\\/Koronet-spolka-z-o.o.png\",\"width\":696,\"height\":696,\"caption\":\"Koronet\"},\"image\":{\"@id\":\"https:\\\/\\\/www.koro.net.pl\\\/fr\\\/#\\\/schema\\\/logo\\\/image\\\/\"}}]}<\/script>\n<!-- \/ Yoast SEO plugin. -->","yoast_head_json":{"title":"Lime rotatif en carbure HM (cylindrique, 10 formes, tige de 6 mm)","description":"Lime rotatif professionnel HM Carbede. Forme cylindrique, poign\u00e9e de 6 mm. Id\u00e9al pour le travail de la m\u00e9tallurgie de pr\u00e9cision. Commandez d\u00e8s aujourd\u2019hui !","robots":{"index":"index","follow":"follow","max-snippet":"max-snippet:-1","max-image-preview":"max-image-preview:large","max-video-preview":"max-video-preview:-1"},"canonical":"https:\/\/www.koro.net.pl\/fr\/produkt\/hm-rotative-lime-wrc-forme-cylindrique-arrondi\/","og_locale":"fr_FR","og_type":"article","og_title":"Lime rotatif en carbure HM (cylindrique, 10 formes, tige de 6 mm)","og_description":"Lime rotatif professionnel HM Carbede. Forme cylindrique, poign\u00e9e de 6 mm. Id\u00e9al pour le travail de la m\u00e9tallurgie de pr\u00e9cision. Commandez d\u00e8s aujourd\u2019hui !","og_url":"https:\/\/www.koro.net.pl\/fr\/produkt\/hm-rotative-lime-wrc-forme-cylindrique-arrondi\/","og_site_name":"Koronet","og_image":[{"width":1200,"height":1200,"url":"https:\/\/www.koro.net.pl\/wp-content\/uploads\/2024\/08\/Pilnik-obrotwy-WRC.jpg","type":"image\/jpeg"}],"twitter_card":"summary_large_image","twitter_misc":{"Dur\u00e9e de lecture estim\u00e9e":"1 minute"},"schema":{"@context":"https:\/\/schema.org","@graph":[{"@type":"WebPage","@id":"https:\/\/www.koro.net.pl\/fr\/produkt\/hm-rotative-lime-wrc-forme-cylindrique-arrondi\/","url":"https:\/\/www.koro.net.pl\/fr\/produkt\/hm-rotative-lime-wrc-forme-cylindrique-arrondi\/","name":"Lime rotatif en carbure HM (cylindrique, 10 formes, tige de 6 mm)","isPartOf":{"@id":"https:\/\/www.koro.net.pl\/fr\/#website"},"primaryImageOfPage":{"@id":"https:\/\/www.koro.net.pl\/fr\/produkt\/hm-rotative-lime-wrc-forme-cylindrique-arrondi\/#primaryimage"},"image":{"@id":"https:\/\/www.koro.net.pl\/fr\/produkt\/hm-rotative-lime-wrc-forme-cylindrique-arrondi\/#primaryimage"},"thumbnailUrl":"https:\/\/www.koro.net.pl\/wp-content\/uploads\/2024\/08\/Pilnik-obrotwy-WRC.jpg","datePublished":"2024-08-23T14:23:01+00:00","description":"Lime rotatif professionnel HM Carbede. Forme cylindrique, poign\u00e9e de 6 mm. Id\u00e9al pour le travail de la m\u00e9tallurgie de pr\u00e9cision. Commandez d\u00e8s aujourd\u2019hui !","breadcrumb":{"@id":"https:\/\/www.koro.net.pl\/fr\/produkt\/hm-rotative-lime-wrc-forme-cylindrique-arrondi\/#breadcrumb"},"inLanguage":"fr-FR","potentialAction":[{"@type":"ReadAction","target":["https:\/\/www.koro.net.pl\/fr\/produkt\/hm-rotative-lime-wrc-forme-cylindrique-arrondi\/"]}]},{"@type":"ImageObject","inLanguage":"fr-FR","@id":"https:\/\/www.koro.net.pl\/fr\/produkt\/hm-rotative-lime-wrc-forme-cylindrique-arrondi\/#primaryimage","url":"https:\/\/www.koro.net.pl\/wp-content\/uploads\/2024\/08\/Pilnik-obrotwy-WRC.jpg","contentUrl":"https:\/\/www.koro.net.pl\/wp-content\/uploads\/2024\/08\/Pilnik-obrotwy-WRC.jpg","width":1200,"height":1200,"caption":"Pilnik obrotowy HM kszta\u0142t WRC (walcowy zaokr\u0105glony)"},{"@type":"BreadcrumbList","@id":"https:\/\/www.koro.net.pl\/fr\/produkt\/hm-rotative-lime-wrc-forme-cylindrique-arrondi\/#breadcrumb","itemListElement":[{"@type":"ListItem","position":1,"name":"Strona g\u0142\u00f3wna","item":"https:\/\/www.koro.net.pl\/fr\/"},{"@type":"ListItem","position":2,"name":"HM Rotative Lime WRC Forme (cylindrique arrondi)"}]},{"@type":"WebSite","@id":"https:\/\/www.koro.net.pl\/fr\/#website","url":"https:\/\/www.koro.net.pl\/fr\/","name":"Koronet","description":"","publisher":{"@id":"https:\/\/www.koro.net.pl\/fr\/#organization"},"potentialAction":[{"@type":"SearchAction","target":{"@type":"EntryPoint","urlTemplate":"https:\/\/www.koro.net.pl\/fr\/?s={search_term_string}"},"query-input":{"@type":"PropertyValueSpecification","valueRequired":true,"valueName":"search_term_string"}}],"inLanguage":"fr-FR"},{"@type":"Organization","@id":"https:\/\/www.koro.net.pl\/fr\/#organization","name":"Koronet","alternateName":"Koronet","url":"https:\/\/www.koro.net.pl\/fr\/","logo":{"@type":"ImageObject","inLanguage":"fr-FR","@id":"https:\/\/www.koro.net.pl\/fr\/#\/schema\/logo\/image\/","url":"https:\/\/www.koro.net.pl\/wp-content\/uploads\/2025\/02\/Koronet-spolka-z-o.o.png","contentUrl":"https:\/\/www.koro.net.pl\/wp-content\/uploads\/2025\/02\/Koronet-spolka-z-o.o.png","width":696,"height":696,"caption":"Koronet"},"image":{"@id":"https:\/\/www.koro.net.pl\/fr\/#\/schema\/logo\/image\/"}}]}},"_links":{"self":[{"href":"https:\/\/www.koro.net.pl\/fr\/wp-json\/wp\/v2\/product\/11687","targetHints":{"allow":["GET"]}}],"collection":[{"href":"https:\/\/www.koro.net.pl\/fr\/wp-json\/wp\/v2\/product"}],"about":[{"href":"https:\/\/www.koro.net.pl\/fr\/wp-json\/wp\/v2\/types\/product"}],"wp:featuredmedia":[{"embeddable":true,"href":"https:\/\/www.koro.net.pl\/fr\/wp-json\/wp\/v2\/media\/4702"}],"wp:attachment":[{"href":"https:\/\/www.koro.net.pl\/fr\/wp-json\/wp\/v2\/media?parent=11687"}],"wp:term":[{"taxonomy":"product_brand","embeddable":true,"href":"https:\/\/www.koro.net.pl\/fr\/wp-json\/wp\/v2\/product_brand?post=11687"},{"taxonomy":"product_cat","embeddable":true,"href":"https:\/\/www.koro.net.pl\/fr\/wp-json\/wp\/v2\/product_cat?post=11687"},{"taxonomy":"product_tag","embeddable":true,"href":"https:\/\/www.koro.net.pl\/fr\/wp-json\/wp\/v2\/product_tag?post=11687"}],"curies":[{"name":"wp","href":"https:\/\/api.w.org\/{rel}","templated":true}]}}