{"id":11681,"date":"2025-03-10T14:18:14","date_gmt":"2025-03-10T13:18:14","guid":{"rendered":"https:\/\/www.koro.net.pl\/produkt\/fil-de-soudure-en-cuivre-massif-koronet-sg3-250kg\/"},"modified":"2026-05-13T08:38:26","modified_gmt":"2026-05-13T06:38:26","slug":"fil-de-soudure-en-cuivre-massif-koronet-sg3-250kg","status":"publish","type":"product","link":"https:\/\/www.koro.net.pl\/fr\/produkt\/fil-de-soudure-en-cuivre-massif-koronet-sg3-250kg\/","title":{"rendered":"Fil de soudure en cuivre massif Koronet SG3 250kg"},"content":{"rendered":"<p><span style=\"color: #383838;\"><span style=\"font-family: Montserrat, sans-serif;\"><span style=\"font-size: small;\">Fil de soudure  <\/span><\/span><\/span><span style=\"color: #383838;\"><span style=\"font-family: Montserrat, sans-serif;\"><span style=\"font-size: small;\">Koronet SG3<\/span><\/span><\/span><span style=\"color: #383838;\"><span style=\"font-family: Montserrat, sans-serif;\"><span style=\"font-size: small;\">  fabriqu\u00e9 en acier silicium-mangan\u00e8se recouvert de cuivre pour la m\u00e9thode MAG, con\u00e7u pour  <\/span><\/span><\/span><a href=\"https:\/\/www.koro.net.pl\/fr\/produkty\/fils-de-soudure\/\"><span style=\"color: #232323;\"><span style=\"font-family: Montserrat, sans-serif;\"><span style=\"font-size: small;\">Soudage<\/span><\/span><\/span><\/a><span style=\"color: #383838;\"><span style=\"font-family: Montserrat, sans-serif;\"><span style=\"font-size: small;\">  des aciers non alli\u00e9s et \u00e0 faible teneur en carbone.<\/span><\/span><\/span><span style=\"color: #383838;\"><span style=\"font-family: Montserrat, sans-serif;\"><span style=\"font-size: small;\"> <\/span><\/span><\/span><\/p>\n<p><span style=\"color: #383838;\"><span style=\"font-family: Montserrat, sans-serif;\"><span style=\"font-size: small;\"><span style=\"font-family: inherit;\">Il permet d\u2019utiliser \u00e0 la fois des courants \u00e9lev\u00e9s pour l\u2019arc pulv\u00e9risateur et des courants faibles pour le transfert m\u00e9tallique en court-circuit.<\/span><\/span><\/span><\/span><\/p>\n<p><span style=\"color: #383838;\"><span style=\"font-family: Montserrat, sans-serif;\"><span style=\"font-size: small;\"><span style=\"font-family: inherit;\">Il contient une teneur plus \u00e9lev\u00e9e en silicium et en mangan\u00e8se, ce qui garantit une plus grande r\u00e9sistance de la soudure par rapport au fil de type SG2.<\/span><\/span><\/span><\/span><\/p>\n<p><span style=\"color: #383838;\"><span style=\"font-family: inherit;\"><span style=\"font-size: small;\">Le fil de soudure en cuivre massif Koronet Premium SG3 est disponible dans un baril pesant 250 kg. Trois diam\u00e8tres de 0,8 mm, 1,0 mm, 1,2 mm sont disponibles. Il est largement utilis\u00e9 dans l\u2019ing\u00e9nierie, l\u2019automobile, la p\u00e9trochimie, la construction de chaudi\u00e8res et de navires, ainsi que la construction de conteneurs.    <\/span><\/span><\/span><\/p>\n<p><span style=\"color: #383838;\"><span style=\"font-family: inherit;\"><span style=\"font-size: small;\"><span style=\"font-family: Montserrat, sans-serif;\">En raison de sa grande qualit\u00e9 <\/span><span style=\"font-family: Montserrat, sans-serif;\">et de l\u2019absence de joints<\/span><span style=\"font-family: Montserrat, sans-serif;\"> , il est particuli\u00e8rement recommand\u00e9 pour une utilisation avec des robots soudeurs.<\/span><\/span><\/span><\/span><\/p>\n<ul>\n<li><span style=\"color: #383838;\"><span style=\"font-family: Montserrat, sans-serif;\"><span style=\"font-size: small;\">Gaz de blindage (EN ISO 14175) : M21, C1<\/span><\/span><\/span><\/li>\n<li><span style=\"color: #383838;\"><span style=\"font-family: Montserrat, sans-serif;\"><span style=\"font-size: small;\">Courant de soudage : =+<\/span><\/span><\/span><\/li>\n<li><span style=\"color: #383838;\"><span style=\"font-family: Montserrat, sans-serif;\"><span style=\"font-size: small;\">Autorisations : ABS ISO LR T\u00dcV CE DB<\/span><\/span><\/span><\/li>\n<li><span style=\"color: #383838;\"><span style=\"font-family: Montserrat, sans-serif;\"><span style=\"font-size: small;\">Classification des alliages : ISO 14341 &#8211; A \u2013 G 46 5, 0035-CPR-C751<\/span><\/span><\/span><\/li>\n<\/ul>\n","protected":false},"excerpt":{"rendered":"<p>Fil de soudure Koronet SG3 fabriqu\u00e9 en acier silicium-mangan\u00e8se recouvert de cuivre pour la m\u00e9thode MAG, con\u00e7u pour Soudage des aciers non alli\u00e9s et \u00e0 faible teneur en carbone. Il [&hellip;]<\/p>\n","protected":false},"featured_media":7372,"template":"","meta":{"_acf_changed":false},"product_brand":[],"product_cat":[185,175,184],"product_tag":[192,193],"class_list":{"0":"post-11681","1":"product","2":"type-product","3":"status-publish","4":"has-post-thumbnail","6":"product_cat-fil-pour-souder-des-aciers-structurels-a-faible-teneur-en-carbone","7":"product_cat-fils-de-soudure","8":"product_cat-machines-a-ficelle","9":"product_tag-fils-de-soudure-koronet-sg3","10":"product_tag-koronet-en-fil-de-soudage-en-cuivre","11":"product_shipping_class-dimensions","13":"first","14":"instock","15":"taxable","16":"shipping-taxable","17":"purchasable","18":"product-type-variable","19":"has-default-attributes"},"acf":[],"yoast_head":"<!-- This site is optimized with the Yoast SEO plugin v27.5 - https:\/\/yoast.com\/product\/yoast-seo-wordpress\/ -->\n<title>Fil de soudure en cuivre massif Koronet SG3 250kg - Koronet<\/title>\n<meta name=\"description\" content=\"Fil de soudure en cuivre massif Koronet SG3 250kg - kup teraz w Koronet \u27a4 Szeroka gama pi\u0142, narz\u0119dzi skrawaj\u0105cych i innych \u2705. Zapraszamy!\" \/>\n<meta name=\"robots\" content=\"index, follow, max-snippet:-1, max-image-preview:large, max-video-preview:-1\" \/>\n<link rel=\"canonical\" href=\"https:\/\/www.koro.net.pl\/fr\/produkt\/fil-de-soudure-en-cuivre-massif-koronet-sg3-250kg\/\" \/>\n<meta property=\"og:locale\" content=\"fr_FR\" \/>\n<meta property=\"og:type\" content=\"article\" \/>\n<meta property=\"og:title\" content=\"Fil de soudure en cuivre massif Koronet SG3 250kg - Koronet\" \/>\n<meta property=\"og:description\" content=\"Fil de soudure en cuivre massif Koronet SG3 250kg - kup teraz w Koronet \u27a4 Szeroka gama pi\u0142, narz\u0119dzi skrawaj\u0105cych i innych \u2705. Zapraszamy!\" \/>\n<meta property=\"og:url\" content=\"https:\/\/www.koro.net.pl\/fr\/produkt\/fil-de-soudure-en-cuivre-massif-koronet-sg3-250kg\/\" \/>\n<meta property=\"og:site_name\" content=\"Koronet\" \/>\n<meta property=\"article:modified_time\" content=\"2026-05-13T06:38:26+00:00\" \/>\n<meta property=\"og:image\" content=\"https:\/\/www.koro.net.pl\/wp-content\/uploads\/2025\/03\/Drut-SG3-250kg-GPT-produktowe.png\" \/>\n\t<meta property=\"og:image:width\" content=\"600\" \/>\n\t<meta property=\"og:image:height\" content=\"600\" \/>\n\t<meta property=\"og:image:type\" content=\"image\/png\" \/>\n<meta name=\"twitter:card\" content=\"summary_large_image\" \/>\n<meta name=\"twitter:label1\" content=\"Dur\u00e9e de lecture estim\u00e9e\" \/>\n\t<meta name=\"twitter:data1\" content=\"1 minute\" \/>\n<script type=\"application\/ld+json\" class=\"yoast-schema-graph\">{\"@context\":\"https:\\\/\\\/schema.org\",\"@graph\":[{\"@type\":\"WebPage\",\"@id\":\"https:\\\/\\\/www.koro.net.pl\\\/fr\\\/produkt\\\/fil-de-soudure-en-cuivre-massif-koronet-sg3-250kg\\\/\",\"url\":\"https:\\\/\\\/www.koro.net.pl\\\/fr\\\/produkt\\\/fil-de-soudure-en-cuivre-massif-koronet-sg3-250kg\\\/\",\"name\":\"Fil de soudure en cuivre massif Koronet SG3 250kg - Koronet\",\"isPartOf\":{\"@id\":\"https:\\\/\\\/www.koro.net.pl\\\/fr\\\/#website\"},\"primaryImageOfPage\":{\"@id\":\"https:\\\/\\\/www.koro.net.pl\\\/fr\\\/produkt\\\/fil-de-soudure-en-cuivre-massif-koronet-sg3-250kg\\\/#primaryimage\"},\"image\":{\"@id\":\"https:\\\/\\\/www.koro.net.pl\\\/fr\\\/produkt\\\/fil-de-soudure-en-cuivre-massif-koronet-sg3-250kg\\\/#primaryimage\"},\"thumbnailUrl\":\"https:\\\/\\\/www.koro.net.pl\\\/wp-content\\\/uploads\\\/2025\\\/03\\\/Drut-SG3-250kg-GPT-produktowe.png\",\"datePublished\":\"2025-03-10T13:18:14+00:00\",\"dateModified\":\"2026-05-13T06:38:26+00:00\",\"description\":\"Fil de soudure en cuivre massif Koronet SG3 250kg - kup teraz w Koronet \u27a4 Szeroka gama pi\u0142, narz\u0119dzi skrawaj\u0105cych i innych \u2705. Zapraszamy!\",\"breadcrumb\":{\"@id\":\"https:\\\/\\\/www.koro.net.pl\\\/fr\\\/produkt\\\/fil-de-soudure-en-cuivre-massif-koronet-sg3-250kg\\\/#breadcrumb\"},\"inLanguage\":\"fr-FR\",\"potentialAction\":[{\"@type\":\"ReadAction\",\"target\":[\"https:\\\/\\\/www.koro.net.pl\\\/fr\\\/produkt\\\/fil-de-soudure-en-cuivre-massif-koronet-sg3-250kg\\\/\"]}]},{\"@type\":\"ImageObject\",\"inLanguage\":\"fr-FR\",\"@id\":\"https:\\\/\\\/www.koro.net.pl\\\/fr\\\/produkt\\\/fil-de-soudure-en-cuivre-massif-koronet-sg3-250kg\\\/#primaryimage\",\"url\":\"https:\\\/\\\/www.koro.net.pl\\\/wp-content\\\/uploads\\\/2025\\\/03\\\/Drut-SG3-250kg-GPT-produktowe.png\",\"contentUrl\":\"https:\\\/\\\/www.koro.net.pl\\\/wp-content\\\/uploads\\\/2025\\\/03\\\/Drut-SG3-250kg-GPT-produktowe.png\",\"width\":600,\"height\":600,\"caption\":\"Drut spawalniczy SG3 Koronet 250kg beczka\"},{\"@type\":\"BreadcrumbList\",\"@id\":\"https:\\\/\\\/www.koro.net.pl\\\/fr\\\/produkt\\\/fil-de-soudure-en-cuivre-massif-koronet-sg3-250kg\\\/#breadcrumb\",\"itemListElement\":[{\"@type\":\"ListItem\",\"position\":1,\"name\":\"Strona g\u0142\u00f3wna\",\"item\":\"https:\\\/\\\/www.koro.net.pl\\\/fr\\\/\"},{\"@type\":\"ListItem\",\"position\":2,\"name\":\"Fils de soudure\",\"item\":\"https:\\\/\\\/www.koro.net.pl\\\/fr\\\/produkty\\\/fils-de-soudure\\\/\"},{\"@type\":\"ListItem\",\"position\":3,\"name\":\"Fil de soudure en cuivre massif Koronet SG3 250kg\"}]},{\"@type\":\"WebSite\",\"@id\":\"https:\\\/\\\/www.koro.net.pl\\\/fr\\\/#website\",\"url\":\"https:\\\/\\\/www.koro.net.pl\\\/fr\\\/\",\"name\":\"Koronet\",\"description\":\"\",\"publisher\":{\"@id\":\"https:\\\/\\\/www.koro.net.pl\\\/fr\\\/#organization\"},\"potentialAction\":[{\"@type\":\"SearchAction\",\"target\":{\"@type\":\"EntryPoint\",\"urlTemplate\":\"https:\\\/\\\/www.koro.net.pl\\\/fr\\\/?s={search_term_string}\"},\"query-input\":{\"@type\":\"PropertyValueSpecification\",\"valueRequired\":true,\"valueName\":\"search_term_string\"}}],\"inLanguage\":\"fr-FR\"},{\"@type\":\"Organization\",\"@id\":\"https:\\\/\\\/www.koro.net.pl\\\/fr\\\/#organization\",\"name\":\"Koronet\",\"alternateName\":\"Koronet\",\"url\":\"https:\\\/\\\/www.koro.net.pl\\\/fr\\\/\",\"logo\":{\"@type\":\"ImageObject\",\"inLanguage\":\"fr-FR\",\"@id\":\"https:\\\/\\\/www.koro.net.pl\\\/fr\\\/#\\\/schema\\\/logo\\\/image\\\/\",\"url\":\"https:\\\/\\\/www.koro.net.pl\\\/wp-content\\\/uploads\\\/2025\\\/02\\\/Koronet-spolka-z-o.o.png\",\"contentUrl\":\"https:\\\/\\\/www.koro.net.pl\\\/wp-content\\\/uploads\\\/2025\\\/02\\\/Koronet-spolka-z-o.o.png\",\"width\":696,\"height\":696,\"caption\":\"Koronet\"},\"image\":{\"@id\":\"https:\\\/\\\/www.koro.net.pl\\\/fr\\\/#\\\/schema\\\/logo\\\/image\\\/\"}}]}<\/script>\n<!-- \/ Yoast SEO plugin. -->","yoast_head_json":{"title":"Fil de soudure en cuivre massif Koronet SG3 250kg - Koronet","description":"Fil de soudure en cuivre massif Koronet SG3 250kg - kup teraz w Koronet \u27a4 Szeroka gama pi\u0142, narz\u0119dzi skrawaj\u0105cych i innych \u2705. Zapraszamy!","robots":{"index":"index","follow":"follow","max-snippet":"max-snippet:-1","max-image-preview":"max-image-preview:large","max-video-preview":"max-video-preview:-1"},"canonical":"https:\/\/www.koro.net.pl\/fr\/produkt\/fil-de-soudure-en-cuivre-massif-koronet-sg3-250kg\/","og_locale":"fr_FR","og_type":"article","og_title":"Fil de soudure en cuivre massif Koronet SG3 250kg - Koronet","og_description":"Fil de soudure en cuivre massif Koronet SG3 250kg - kup teraz w Koronet \u27a4 Szeroka gama pi\u0142, narz\u0119dzi skrawaj\u0105cych i innych \u2705. Zapraszamy!","og_url":"https:\/\/www.koro.net.pl\/fr\/produkt\/fil-de-soudure-en-cuivre-massif-koronet-sg3-250kg\/","og_site_name":"Koronet","article_modified_time":"2026-05-13T06:38:26+00:00","og_image":[{"width":600,"height":600,"url":"https:\/\/www.koro.net.pl\/wp-content\/uploads\/2025\/03\/Drut-SG3-250kg-GPT-produktowe.png","type":"image\/png"}],"twitter_card":"summary_large_image","twitter_misc":{"Dur\u00e9e de lecture estim\u00e9e":"1 minute"},"schema":{"@context":"https:\/\/schema.org","@graph":[{"@type":"WebPage","@id":"https:\/\/www.koro.net.pl\/fr\/produkt\/fil-de-soudure-en-cuivre-massif-koronet-sg3-250kg\/","url":"https:\/\/www.koro.net.pl\/fr\/produkt\/fil-de-soudure-en-cuivre-massif-koronet-sg3-250kg\/","name":"Fil de soudure en cuivre massif Koronet SG3 250kg - Koronet","isPartOf":{"@id":"https:\/\/www.koro.net.pl\/fr\/#website"},"primaryImageOfPage":{"@id":"https:\/\/www.koro.net.pl\/fr\/produkt\/fil-de-soudure-en-cuivre-massif-koronet-sg3-250kg\/#primaryimage"},"image":{"@id":"https:\/\/www.koro.net.pl\/fr\/produkt\/fil-de-soudure-en-cuivre-massif-koronet-sg3-250kg\/#primaryimage"},"thumbnailUrl":"https:\/\/www.koro.net.pl\/wp-content\/uploads\/2025\/03\/Drut-SG3-250kg-GPT-produktowe.png","datePublished":"2025-03-10T13:18:14+00:00","dateModified":"2026-05-13T06:38:26+00:00","description":"Fil de soudure en cuivre massif Koronet SG3 250kg - kup teraz w Koronet \u27a4 Szeroka gama pi\u0142, narz\u0119dzi skrawaj\u0105cych i innych \u2705. Zapraszamy!","breadcrumb":{"@id":"https:\/\/www.koro.net.pl\/fr\/produkt\/fil-de-soudure-en-cuivre-massif-koronet-sg3-250kg\/#breadcrumb"},"inLanguage":"fr-FR","potentialAction":[{"@type":"ReadAction","target":["https:\/\/www.koro.net.pl\/fr\/produkt\/fil-de-soudure-en-cuivre-massif-koronet-sg3-250kg\/"]}]},{"@type":"ImageObject","inLanguage":"fr-FR","@id":"https:\/\/www.koro.net.pl\/fr\/produkt\/fil-de-soudure-en-cuivre-massif-koronet-sg3-250kg\/#primaryimage","url":"https:\/\/www.koro.net.pl\/wp-content\/uploads\/2025\/03\/Drut-SG3-250kg-GPT-produktowe.png","contentUrl":"https:\/\/www.koro.net.pl\/wp-content\/uploads\/2025\/03\/Drut-SG3-250kg-GPT-produktowe.png","width":600,"height":600,"caption":"Drut spawalniczy SG3 Koronet 250kg beczka"},{"@type":"BreadcrumbList","@id":"https:\/\/www.koro.net.pl\/fr\/produkt\/fil-de-soudure-en-cuivre-massif-koronet-sg3-250kg\/#breadcrumb","itemListElement":[{"@type":"ListItem","position":1,"name":"Strona g\u0142\u00f3wna","item":"https:\/\/www.koro.net.pl\/fr\/"},{"@type":"ListItem","position":2,"name":"Fils de soudure","item":"https:\/\/www.koro.net.pl\/fr\/produkty\/fils-de-soudure\/"},{"@type":"ListItem","position":3,"name":"Fil de soudure en cuivre massif Koronet SG3 250kg"}]},{"@type":"WebSite","@id":"https:\/\/www.koro.net.pl\/fr\/#website","url":"https:\/\/www.koro.net.pl\/fr\/","name":"Koronet","description":"","publisher":{"@id":"https:\/\/www.koro.net.pl\/fr\/#organization"},"potentialAction":[{"@type":"SearchAction","target":{"@type":"EntryPoint","urlTemplate":"https:\/\/www.koro.net.pl\/fr\/?s={search_term_string}"},"query-input":{"@type":"PropertyValueSpecification","valueRequired":true,"valueName":"search_term_string"}}],"inLanguage":"fr-FR"},{"@type":"Organization","@id":"https:\/\/www.koro.net.pl\/fr\/#organization","name":"Koronet","alternateName":"Koronet","url":"https:\/\/www.koro.net.pl\/fr\/","logo":{"@type":"ImageObject","inLanguage":"fr-FR","@id":"https:\/\/www.koro.net.pl\/fr\/#\/schema\/logo\/image\/","url":"https:\/\/www.koro.net.pl\/wp-content\/uploads\/2025\/02\/Koronet-spolka-z-o.o.png","contentUrl":"https:\/\/www.koro.net.pl\/wp-content\/uploads\/2025\/02\/Koronet-spolka-z-o.o.png","width":696,"height":696,"caption":"Koronet"},"image":{"@id":"https:\/\/www.koro.net.pl\/fr\/#\/schema\/logo\/image\/"}}]}},"_links":{"self":[{"href":"https:\/\/www.koro.net.pl\/fr\/wp-json\/wp\/v2\/product\/11681","targetHints":{"allow":["GET"]}}],"collection":[{"href":"https:\/\/www.koro.net.pl\/fr\/wp-json\/wp\/v2\/product"}],"about":[{"href":"https:\/\/www.koro.net.pl\/fr\/wp-json\/wp\/v2\/types\/product"}],"wp:featuredmedia":[{"embeddable":true,"href":"https:\/\/www.koro.net.pl\/fr\/wp-json\/wp\/v2\/media\/7372"}],"wp:attachment":[{"href":"https:\/\/www.koro.net.pl\/fr\/wp-json\/wp\/v2\/media?parent=11681"}],"wp:term":[{"taxonomy":"product_brand","embeddable":true,"href":"https:\/\/www.koro.net.pl\/fr\/wp-json\/wp\/v2\/product_brand?post=11681"},{"taxonomy":"product_cat","embeddable":true,"href":"https:\/\/www.koro.net.pl\/fr\/wp-json\/wp\/v2\/product_cat?post=11681"},{"taxonomy":"product_tag","embeddable":true,"href":"https:\/\/www.koro.net.pl\/fr\/wp-json\/wp\/v2\/product_tag?post=11681"}],"curies":[{"name":"wp","href":"https:\/\/api.w.org\/{rel}","templated":true}]}}