{"id":11656,"date":"2024-12-20T08:47:39","date_gmt":"2024-12-20T07:47:39","guid":{"rendered":"https:\/\/www.koro.net.pl\/produkt\/sg2-g3si1-fil-de-soudure-coronat-uncopper\/"},"modified":"2026-05-13T08:38:32","modified_gmt":"2026-05-13T06:38:32","slug":"sg2-g3si1-fil-de-soudure-coronat-uncopper","status":"publish","type":"product","link":"https:\/\/www.koro.net.pl\/fr\/produkt\/sg2-g3si1-fil-de-soudure-coronat-uncopper\/","title":{"rendered":"SG2 (G3Si1) Fil de soudure Coronat Uncopper"},"content":{"rendered":"<p>Fil d\u2019\u00e9lectrode solide non trait\u00e9 pour <a href=\"https:\/\/www.koro.net.pl\/fr\/produkty\/fils-de-soudure\/\">soudage<\/a> MIG\/MAG. Con\u00e7u pour souder des<br \/>\n aciers carbone-mangan\u00e8se \u00e0 grains fins, des aciers structurels. <\/p>\n<p>Le fil de soudure sans cuivre offre un arc stable dans le processus de soudage et moins de contamination par la poussi\u00e8re et les gaz compar\u00e9 aux fils de cuivre.<\/p>\n<p>Mat\u00e9riau soud\u00e9 : P235 \/ S235 \u2013 P420 \/ S420, etc.<\/p>\n<ul>\n<li>Gaz de blindage (EN ISO 14175) : M21, C1<\/li>\n<li>Courant de soudure : =(+)<\/li>\n<li>Autorisations : T\u00dcV DB CE<\/li>\n<li>Classification des alliages : EN ISO 14341-A : G 42 4 M21 3SI1 EN ISO 14341-A : G 38 3 C1 3Si1<\/li>\n<\/ul>\n","protected":false},"excerpt":{"rendered":"<p>Fil d\u2019\u00e9lectrode solide non trait\u00e9 pour soudage MIG\/MAG. Con\u00e7u pour souder des aciers carbone-mangan\u00e8se \u00e0 grains fins, des aciers structurels. Le fil de soudure sans cuivre offre un arc stable [&hellip;]<\/p>\n","protected":false},"featured_media":7375,"template":"","meta":{"_acf_changed":false},"product_brand":[],"product_cat":[185,184],"product_tag":[186],"class_list":{"0":"post-11656","1":"product","2":"type-product","3":"status-publish","4":"has-post-thumbnail","6":"product_cat-fil-pour-souder-des-aciers-structurels-a-faible-teneur-en-carbone","7":"product_cat-machines-a-ficelle","8":"product_tag-fils-de-soudure-koronet-sg2","10":"first","11":"instock","12":"taxable","13":"shipping-taxable","14":"purchasable","15":"product-type-variable","16":"has-default-attributes"},"acf":[],"yoast_head":"<!-- This site is optimized with the Yoast SEO plugin v27.5 - https:\/\/yoast.com\/product\/yoast-seo-wordpress\/ -->\n<title>Coronat fil premium non plaqu\u00e9 SG2 pour soudeur MIG\/MAG<\/title>\n<meta name=\"description\" content=\"Achetez du fil d\u2019\u00e9lectrode solide non m\u00e9lang\u00e9 pour le soudage MIG\/MAG des aciers carbone-mangan\u00e8se \u00e0 grain fin. Mat\u00e9riau soud\u00e9 : P235 \/ S235 \u2013 P420 \/ S420, etc.\" \/>\n<meta name=\"robots\" content=\"index, follow, max-snippet:-1, max-image-preview:large, max-video-preview:-1\" \/>\n<link rel=\"canonical\" href=\"https:\/\/www.koro.net.pl\/fr\/produkt\/sg2-g3si1-fil-de-soudure-coronat-uncopper\/\" \/>\n<meta property=\"og:locale\" content=\"fr_FR\" \/>\n<meta property=\"og:type\" content=\"article\" \/>\n<meta property=\"og:title\" content=\"Coronat fil premium non plaqu\u00e9 SG2 pour soudeur MIG\/MAG\" \/>\n<meta property=\"og:description\" content=\"Achetez du fil d\u2019\u00e9lectrode solide non m\u00e9lang\u00e9 pour le soudage MIG\/MAG des aciers carbone-mangan\u00e8se \u00e0 grain fin. Mat\u00e9riau soud\u00e9 : P235 \/ S235 \u2013 P420 \/ S420, etc.\" \/>\n<meta property=\"og:url\" content=\"https:\/\/www.koro.net.pl\/fr\/produkt\/sg2-g3si1-fil-de-soudure-coronat-uncopper\/\" \/>\n<meta property=\"og:site_name\" content=\"Koronet\" \/>\n<meta property=\"article:modified_time\" content=\"2026-05-13T06:38:32+00:00\" \/>\n<meta property=\"og:image\" content=\"https:\/\/www.koro.net.pl\/wp-content\/uploads\/2024\/12\/Drut-SG2-niemiedziowany-GPT-pudelko-i-szpula-produktowe.png\" \/>\n\t<meta property=\"og:image:width\" content=\"600\" \/>\n\t<meta property=\"og:image:height\" content=\"600\" \/>\n\t<meta property=\"og:image:type\" content=\"image\/png\" \/>\n<meta name=\"twitter:card\" content=\"summary_large_image\" \/>\n<script type=\"application\/ld+json\" class=\"yoast-schema-graph\">{\"@context\":\"https:\\\/\\\/schema.org\",\"@graph\":[{\"@type\":\"WebPage\",\"@id\":\"https:\\\/\\\/www.koro.net.pl\\\/fr\\\/produkt\\\/sg2-g3si1-fil-de-soudure-coronat-uncopper\\\/\",\"url\":\"https:\\\/\\\/www.koro.net.pl\\\/fr\\\/produkt\\\/sg2-g3si1-fil-de-soudure-coronat-uncopper\\\/\",\"name\":\"Coronat fil premium non plaqu\u00e9 SG2 pour soudeur MIG\\\/MAG\",\"isPartOf\":{\"@id\":\"https:\\\/\\\/www.koro.net.pl\\\/fr\\\/#website\"},\"primaryImageOfPage\":{\"@id\":\"https:\\\/\\\/www.koro.net.pl\\\/fr\\\/produkt\\\/sg2-g3si1-fil-de-soudure-coronat-uncopper\\\/#primaryimage\"},\"image\":{\"@id\":\"https:\\\/\\\/www.koro.net.pl\\\/fr\\\/produkt\\\/sg2-g3si1-fil-de-soudure-coronat-uncopper\\\/#primaryimage\"},\"thumbnailUrl\":\"https:\\\/\\\/www.koro.net.pl\\\/wp-content\\\/uploads\\\/2024\\\/12\\\/Drut-SG2-niemiedziowany-GPT-pudelko-i-szpula-produktowe.png\",\"datePublished\":\"2024-12-20T07:47:39+00:00\",\"dateModified\":\"2026-05-13T06:38:32+00:00\",\"description\":\"Achetez du fil d\u2019\u00e9lectrode solide non m\u00e9lang\u00e9 pour le soudage MIG\\\/MAG des aciers carbone-mangan\u00e8se \u00e0 grain fin. Mat\u00e9riau soud\u00e9 : P235 \\\/ S235 \u2013 P420 \\\/ S420, etc.\",\"breadcrumb\":{\"@id\":\"https:\\\/\\\/www.koro.net.pl\\\/fr\\\/produkt\\\/sg2-g3si1-fil-de-soudure-coronat-uncopper\\\/#breadcrumb\"},\"inLanguage\":\"fr-FR\",\"potentialAction\":[{\"@type\":\"ReadAction\",\"target\":[\"https:\\\/\\\/www.koro.net.pl\\\/fr\\\/produkt\\\/sg2-g3si1-fil-de-soudure-coronat-uncopper\\\/\"]}]},{\"@type\":\"ImageObject\",\"inLanguage\":\"fr-FR\",\"@id\":\"https:\\\/\\\/www.koro.net.pl\\\/fr\\\/produkt\\\/sg2-g3si1-fil-de-soudure-coronat-uncopper\\\/#primaryimage\",\"url\":\"https:\\\/\\\/www.koro.net.pl\\\/wp-content\\\/uploads\\\/2024\\\/12\\\/Drut-SG2-niemiedziowany-GPT-pudelko-i-szpula-produktowe.png\",\"contentUrl\":\"https:\\\/\\\/www.koro.net.pl\\\/wp-content\\\/uploads\\\/2024\\\/12\\\/Drut-SG2-niemiedziowany-GPT-pudelko-i-szpula-produktowe.png\",\"width\":600,\"height\":600,\"caption\":\"Drut spawalniczy niemiedziowany SG2 Koronet szpula i pude\u0142ko\"},{\"@type\":\"BreadcrumbList\",\"@id\":\"https:\\\/\\\/www.koro.net.pl\\\/fr\\\/produkt\\\/sg2-g3si1-fil-de-soudure-coronat-uncopper\\\/#breadcrumb\",\"itemListElement\":[{\"@type\":\"ListItem\",\"position\":1,\"name\":\"Strona g\u0142\u00f3wna\",\"item\":\"https:\\\/\\\/www.koro.net.pl\\\/fr\\\/\"},{\"@type\":\"ListItem\",\"position\":2,\"name\":\"Fil pour souder des aciers structurels \u00e0 faible teneur en carbone\",\"item\":\"https:\\\/\\\/www.koro.net.pl\\\/fr\\\/produkty\\\/fil-pour-souder-des-aciers-structurels-a-faible-teneur-en-carbone\\\/\"},{\"@type\":\"ListItem\",\"position\":3,\"name\":\"SG2 (G3Si1) Fil de soudure Coronat Uncopper\"}]},{\"@type\":\"WebSite\",\"@id\":\"https:\\\/\\\/www.koro.net.pl\\\/fr\\\/#website\",\"url\":\"https:\\\/\\\/www.koro.net.pl\\\/fr\\\/\",\"name\":\"Koronet\",\"description\":\"\",\"publisher\":{\"@id\":\"https:\\\/\\\/www.koro.net.pl\\\/fr\\\/#organization\"},\"potentialAction\":[{\"@type\":\"SearchAction\",\"target\":{\"@type\":\"EntryPoint\",\"urlTemplate\":\"https:\\\/\\\/www.koro.net.pl\\\/fr\\\/?s={search_term_string}\"},\"query-input\":{\"@type\":\"PropertyValueSpecification\",\"valueRequired\":true,\"valueName\":\"search_term_string\"}}],\"inLanguage\":\"fr-FR\"},{\"@type\":\"Organization\",\"@id\":\"https:\\\/\\\/www.koro.net.pl\\\/fr\\\/#organization\",\"name\":\"Koronet\",\"alternateName\":\"Koronet\",\"url\":\"https:\\\/\\\/www.koro.net.pl\\\/fr\\\/\",\"logo\":{\"@type\":\"ImageObject\",\"inLanguage\":\"fr-FR\",\"@id\":\"https:\\\/\\\/www.koro.net.pl\\\/fr\\\/#\\\/schema\\\/logo\\\/image\\\/\",\"url\":\"https:\\\/\\\/www.koro.net.pl\\\/wp-content\\\/uploads\\\/2025\\\/02\\\/Koronet-spolka-z-o.o.png\",\"contentUrl\":\"https:\\\/\\\/www.koro.net.pl\\\/wp-content\\\/uploads\\\/2025\\\/02\\\/Koronet-spolka-z-o.o.png\",\"width\":696,\"height\":696,\"caption\":\"Koronet\"},\"image\":{\"@id\":\"https:\\\/\\\/www.koro.net.pl\\\/fr\\\/#\\\/schema\\\/logo\\\/image\\\/\"}}]}<\/script>\n<!-- \/ Yoast SEO plugin. -->","yoast_head_json":{"title":"Coronat fil premium non plaqu\u00e9 SG2 pour soudeur MIG\/MAG","description":"Achetez du fil d\u2019\u00e9lectrode solide non m\u00e9lang\u00e9 pour le soudage MIG\/MAG des aciers carbone-mangan\u00e8se \u00e0 grain fin. Mat\u00e9riau soud\u00e9 : P235 \/ S235 \u2013 P420 \/ S420, etc.","robots":{"index":"index","follow":"follow","max-snippet":"max-snippet:-1","max-image-preview":"max-image-preview:large","max-video-preview":"max-video-preview:-1"},"canonical":"https:\/\/www.koro.net.pl\/fr\/produkt\/sg2-g3si1-fil-de-soudure-coronat-uncopper\/","og_locale":"fr_FR","og_type":"article","og_title":"Coronat fil premium non plaqu\u00e9 SG2 pour soudeur MIG\/MAG","og_description":"Achetez du fil d\u2019\u00e9lectrode solide non m\u00e9lang\u00e9 pour le soudage MIG\/MAG des aciers carbone-mangan\u00e8se \u00e0 grain fin. Mat\u00e9riau soud\u00e9 : P235 \/ S235 \u2013 P420 \/ S420, etc.","og_url":"https:\/\/www.koro.net.pl\/fr\/produkt\/sg2-g3si1-fil-de-soudure-coronat-uncopper\/","og_site_name":"Koronet","article_modified_time":"2026-05-13T06:38:32+00:00","og_image":[{"width":600,"height":600,"url":"https:\/\/www.koro.net.pl\/wp-content\/uploads\/2024\/12\/Drut-SG2-niemiedziowany-GPT-pudelko-i-szpula-produktowe.png","type":"image\/png"}],"twitter_card":"summary_large_image","schema":{"@context":"https:\/\/schema.org","@graph":[{"@type":"WebPage","@id":"https:\/\/www.koro.net.pl\/fr\/produkt\/sg2-g3si1-fil-de-soudure-coronat-uncopper\/","url":"https:\/\/www.koro.net.pl\/fr\/produkt\/sg2-g3si1-fil-de-soudure-coronat-uncopper\/","name":"Coronat fil premium non plaqu\u00e9 SG2 pour soudeur MIG\/MAG","isPartOf":{"@id":"https:\/\/www.koro.net.pl\/fr\/#website"},"primaryImageOfPage":{"@id":"https:\/\/www.koro.net.pl\/fr\/produkt\/sg2-g3si1-fil-de-soudure-coronat-uncopper\/#primaryimage"},"image":{"@id":"https:\/\/www.koro.net.pl\/fr\/produkt\/sg2-g3si1-fil-de-soudure-coronat-uncopper\/#primaryimage"},"thumbnailUrl":"https:\/\/www.koro.net.pl\/wp-content\/uploads\/2024\/12\/Drut-SG2-niemiedziowany-GPT-pudelko-i-szpula-produktowe.png","datePublished":"2024-12-20T07:47:39+00:00","dateModified":"2026-05-13T06:38:32+00:00","description":"Achetez du fil d\u2019\u00e9lectrode solide non m\u00e9lang\u00e9 pour le soudage MIG\/MAG des aciers carbone-mangan\u00e8se \u00e0 grain fin. Mat\u00e9riau soud\u00e9 : P235 \/ S235 \u2013 P420 \/ S420, etc.","breadcrumb":{"@id":"https:\/\/www.koro.net.pl\/fr\/produkt\/sg2-g3si1-fil-de-soudure-coronat-uncopper\/#breadcrumb"},"inLanguage":"fr-FR","potentialAction":[{"@type":"ReadAction","target":["https:\/\/www.koro.net.pl\/fr\/produkt\/sg2-g3si1-fil-de-soudure-coronat-uncopper\/"]}]},{"@type":"ImageObject","inLanguage":"fr-FR","@id":"https:\/\/www.koro.net.pl\/fr\/produkt\/sg2-g3si1-fil-de-soudure-coronat-uncopper\/#primaryimage","url":"https:\/\/www.koro.net.pl\/wp-content\/uploads\/2024\/12\/Drut-SG2-niemiedziowany-GPT-pudelko-i-szpula-produktowe.png","contentUrl":"https:\/\/www.koro.net.pl\/wp-content\/uploads\/2024\/12\/Drut-SG2-niemiedziowany-GPT-pudelko-i-szpula-produktowe.png","width":600,"height":600,"caption":"Drut spawalniczy niemiedziowany SG2 Koronet szpula i pude\u0142ko"},{"@type":"BreadcrumbList","@id":"https:\/\/www.koro.net.pl\/fr\/produkt\/sg2-g3si1-fil-de-soudure-coronat-uncopper\/#breadcrumb","itemListElement":[{"@type":"ListItem","position":1,"name":"Strona g\u0142\u00f3wna","item":"https:\/\/www.koro.net.pl\/fr\/"},{"@type":"ListItem","position":2,"name":"Fil pour souder des aciers structurels \u00e0 faible teneur en carbone","item":"https:\/\/www.koro.net.pl\/fr\/produkty\/fil-pour-souder-des-aciers-structurels-a-faible-teneur-en-carbone\/"},{"@type":"ListItem","position":3,"name":"SG2 (G3Si1) Fil de soudure Coronat Uncopper"}]},{"@type":"WebSite","@id":"https:\/\/www.koro.net.pl\/fr\/#website","url":"https:\/\/www.koro.net.pl\/fr\/","name":"Koronet","description":"","publisher":{"@id":"https:\/\/www.koro.net.pl\/fr\/#organization"},"potentialAction":[{"@type":"SearchAction","target":{"@type":"EntryPoint","urlTemplate":"https:\/\/www.koro.net.pl\/fr\/?s={search_term_string}"},"query-input":{"@type":"PropertyValueSpecification","valueRequired":true,"valueName":"search_term_string"}}],"inLanguage":"fr-FR"},{"@type":"Organization","@id":"https:\/\/www.koro.net.pl\/fr\/#organization","name":"Koronet","alternateName":"Koronet","url":"https:\/\/www.koro.net.pl\/fr\/","logo":{"@type":"ImageObject","inLanguage":"fr-FR","@id":"https:\/\/www.koro.net.pl\/fr\/#\/schema\/logo\/image\/","url":"https:\/\/www.koro.net.pl\/wp-content\/uploads\/2025\/02\/Koronet-spolka-z-o.o.png","contentUrl":"https:\/\/www.koro.net.pl\/wp-content\/uploads\/2025\/02\/Koronet-spolka-z-o.o.png","width":696,"height":696,"caption":"Koronet"},"image":{"@id":"https:\/\/www.koro.net.pl\/fr\/#\/schema\/logo\/image\/"}}]}},"_links":{"self":[{"href":"https:\/\/www.koro.net.pl\/fr\/wp-json\/wp\/v2\/product\/11656","targetHints":{"allow":["GET"]}}],"collection":[{"href":"https:\/\/www.koro.net.pl\/fr\/wp-json\/wp\/v2\/product"}],"about":[{"href":"https:\/\/www.koro.net.pl\/fr\/wp-json\/wp\/v2\/types\/product"}],"wp:featuredmedia":[{"embeddable":true,"href":"https:\/\/www.koro.net.pl\/fr\/wp-json\/wp\/v2\/media\/7375"}],"wp:attachment":[{"href":"https:\/\/www.koro.net.pl\/fr\/wp-json\/wp\/v2\/media?parent=11656"}],"wp:term":[{"taxonomy":"product_brand","embeddable":true,"href":"https:\/\/www.koro.net.pl\/fr\/wp-json\/wp\/v2\/product_brand?post=11656"},{"taxonomy":"product_cat","embeddable":true,"href":"https:\/\/www.koro.net.pl\/fr\/wp-json\/wp\/v2\/product_cat?post=11656"},{"taxonomy":"product_tag","embeddable":true,"href":"https:\/\/www.koro.net.pl\/fr\/wp-json\/wp\/v2\/product_tag?post=11656"}],"curies":[{"name":"wp","href":"https:\/\/api.w.org\/{rel}","templated":true}]}}