{"id":11651,"date":"2025-03-12T11:38:47","date_gmt":"2025-03-12T10:38:47","guid":{"rendered":"https:\/\/www.koro.net.pl\/produkt\/fraiseuse-a-billes-pour-koronet-en-aluminium-vhm-35-z2\/"},"modified":"2026-05-13T08:38:21","modified_gmt":"2026-05-13T06:38:21","slug":"fraiseuse-a-billes-pour-koronet-en-aluminium-vhm-35-z2","status":"publish","type":"product","link":"https:\/\/www.koro.net.pl\/fr\/produkt\/fraiseuse-a-billes-pour-koronet-en-aluminium-vhm-35-z2\/","title":{"rendered":"Fraiseuse \u00e0 billes pour Koronet en aluminium VHM 35\u00b0 Z2"},"content":{"rendered":"<p>Le fraiseur \u00e0 boules, souvent appel\u00e9 coupe-boules, est largement utilis\u00e9 dans de nombreux domaines du traitement des mat\u00e9riaux. Il se distingue des autres fraises par sa t\u00eate arrondie, id\u00e9ale pour un fraisage pr\u00e9cis et efficace des surfaces courbes et cavit\u00e9s. <\/p>\n<p>La fraise \u00e0 billes Koronet pour aluminium est fabriqu\u00e9e en <strong>carbure de tungst\u00e8ne (VHM), <\/strong> un mat\u00e9riau qui offre une excellente r\u00e9sistance \u00e0 l\u2019abrasion et aux hautes temp\u00e9ratures, et se caract\u00e9rise \u00e9galement par une grande duret\u00e9.<\/p>\n<p>Le coupe-billes pour aluminium est sp\u00e9cialement con\u00e7u pour le traitement de l\u2019aluminium et d\u2019autres m\u00e9taux non ferreux. Sa conception permet une d\u00e9coupe, un formage et un lissage pr\u00e9cis, minimisant le risque de se gripper ou de d\u00e9truire le mat\u00e9riau trait\u00e9. <\/p>\n<p><img decoding=\"async\" class=\"wp-image-6429 aligncenter lazyload\" data-src=\"https:\/\/www.koro.net.pl\/wp-content\/uploads\/2025\/03\/Frez-kulowy-do-aluminium-wzor-wymiarow-e1741771548453-300x170.png\" alt=\"Coupe-billes pour motif dimensionnel aluminium\" width=\"348\" height=\"197\" data-srcset=\"https:\/\/www.koro.net.pl\/wp-content\/uploads\/2025\/03\/Frez-kulowy-do-aluminium-wzor-wymiarow-e1741771548453-300x170.png 300w, https:\/\/www.koro.net.pl\/wp-content\/uploads\/2025\/03\/Frez-kulowy-do-aluminium-wzor-wymiarow-e1741771548453-768x435.png 768w, https:\/\/www.koro.net.pl\/wp-content\/uploads\/2025\/03\/Frez-kulowy-do-aluminium-wzor-wymiarow-e1741771548453-600x340.png 600w, https:\/\/www.koro.net.pl\/wp-content\/uploads\/2025\/03\/Frez-kulowy-do-aluminium-wzor-wymiarow-e1741771548453.png 1000w\" data-sizes=\"(max-width: 348px) 100vw, 348px\" src=\"data:image\/svg+xml;base64,PHN2ZyB3aWR0aD0iMSIgaGVpZ2h0PSIxIiB4bWxucz0iaHR0cDovL3d3dy53My5vcmcvMjAwMC9zdmciPjwvc3ZnPg==\" style=\"--smush-placeholder-width: 348px; --smush-placeholder-aspect-ratio: 348\/197;\" \/><\/p>\n<p>&nbsp;<\/p>\n<table style=\"height: 414px;\" width=\"912\">\n<tbody>\n<tr>\n<td><strong>Diam\u00e8tre D1 (mm)<\/strong><\/td>\n<td><strong>Diam\u00e8tre de la tige D2 (mm)<\/strong><\/td>\n<td><strong>Longueur de travail L1 (mm)<\/strong><\/td>\n<td><strong>Longueur totale L2 (mm)<\/strong><\/td>\n<td><strong>Rayon R (mm)<\/strong><\/td>\n<\/tr>\n<tr>\n<td><span style=\"vertical-align: inherit;\"><span style=\"vertical-align: inherit;\"><\/span><\/span><br \/>\n 1<\/td>\n<td><span style=\"vertical-align: inherit;\"><span style=\"vertical-align: inherit;\"><\/span><\/span><br \/>\n 2<\/td>\n<td><span style=\"vertical-align: inherit;\"><span style=\"vertical-align: inherit;\"><\/span><\/span><br \/>\n 4<\/td>\n<td><span style=\"vertical-align: inherit;\"><span style=\"vertical-align: inherit;\">50<\/span><\/span><\/td>\n<td><span style=\"vertical-align: inherit;\"><span style=\"vertical-align: inherit;\">0,5<\/span><\/span><\/td>\n<\/tr>\n<tr>\n<td><span style=\"vertical-align: inherit;\"><span style=\"vertical-align: inherit;\">1.5<\/span><\/span><\/td>\n<td><span style=\"vertical-align: inherit;\"><span style=\"vertical-align: inherit;\"><\/span><\/span><br \/>\n 3<\/td>\n<td><span style=\"vertical-align: inherit;\"><span style=\"vertical-align: inherit;\"><\/span><\/span><br \/>\n 4<\/td>\n<td><span style=\"vertical-align: inherit;\"><span style=\"vertical-align: inherit;\">50<\/span><\/span><\/td>\n<td><span style=\"vertical-align: inherit;\"><span style=\"vertical-align: inherit;\">0,75<\/span><\/span><\/td>\n<\/tr>\n<tr>\n<td>\n 2<\/td>\n<td>\n 4<\/td>\n<td>\n 4<\/td>\n<td>50<\/td>\n<td>1<\/td>\n<\/tr>\n<tr>\n<td>\n 3<\/td>\n<td>\n 4<\/td>\n<td>\n 6<\/td>\n<td>50<\/td>\n<td>1.5<\/td>\n<\/tr>\n<tr>\n<td>\n 4<\/td>\n<td>\n 4<\/td>\n<td>\n 8<\/td>\n<td>50<\/td>\n<td>2<\/td>\n<\/tr>\n<tr>\n<td>\n 5<\/td>\n<td>\n 5<\/td>\n<td>10<\/td>\n<td>50<\/td>\n<td>2.5<\/td>\n<\/tr>\n<tr>\n<td>\n 6<\/td>\n<td>\n 6<\/td>\n<td>12<\/td>\n<td>50<\/td>\n<td>3<\/td>\n<\/tr>\n<tr>\n<td>\n 8<\/td>\n<td>\n 8<\/td>\n<td>16<\/td>\n<td>60<\/td>\n<td>4<\/td>\n<\/tr>\n<tr>\n<td>10<\/td>\n<td>10<\/td>\n<td>20<\/td>\n<td>75<\/td>\n<td>5<\/td>\n<\/tr>\n<tr>\n<td>12<\/td>\n<td>12<\/td>\n<td>24<\/td>\n<td>75<\/td>\n<td>6<\/td>\n<\/tr>\n<tr>\n<td>14<\/td>\n<td>14<\/td>\n<td>28<\/td>\n<td>100<\/td>\n<td>7<\/td>\n<\/tr>\n<tr>\n<td>16<\/td>\n<td>16<\/td>\n<td>32<\/td>\n<td>100<\/td>\n<td>8<\/td>\n<\/tr>\n<\/tbody>\n<\/table>\n","protected":false},"excerpt":{"rendered":"<p>Le fraiseur \u00e0 boules, souvent appel\u00e9 coupe-boules, est largement utilis\u00e9 dans de nombreux domaines du traitement des mat\u00e9riaux. Il se distingue des autres fraises par sa t\u00eate arrondie, id\u00e9ale pour [&hellip;]<\/p>\n","protected":false},"featured_media":6425,"template":"","meta":{"_acf_changed":false},"product_brand":[],"product_cat":[190,174],"product_tag":[],"class_list":{"0":"post-11651","1":"product","2":"type-product","3":"status-publish","4":"has-post-thumbnail","6":"product_cat-fraises","7":"product_cat-outils","9":"first","10":"instock","11":"taxable","12":"shipping-taxable","13":"purchasable","14":"product-type-variable","15":"has-default-attributes"},"acf":[],"yoast_head":"<!-- This site is optimized with the Yoast SEO plugin v27.5 - https:\/\/yoast.com\/product\/yoast-seo-wordpress\/ -->\n<title>Fraiseuse de bout pour aluminium VHM 35\u00b0 Z - carbure, fraiseuse \u00e0 billes<\/title>\n<meta name=\"description\" content=\"Le coupe-billes pour aluminium est sp\u00e9cialement con\u00e7u pour le traitement de l\u2019aluminium et d\u2019autres m\u00e9taux non ferreux. Id\u00e9al pour la coupe de pr\u00e9cision.\" \/>\n<meta name=\"robots\" content=\"index, follow, max-snippet:-1, max-image-preview:large, max-video-preview:-1\" \/>\n<link rel=\"canonical\" href=\"https:\/\/www.koro.net.pl\/fr\/produkt\/fraiseuse-a-billes-pour-koronet-en-aluminium-vhm-35-z2\/\" \/>\n<meta property=\"og:locale\" content=\"fr_FR\" \/>\n<meta property=\"og:type\" content=\"article\" \/>\n<meta property=\"og:title\" content=\"Fraiseuse de bout pour aluminium VHM 35\u00b0 Z - carbure, fraiseuse \u00e0 billes\" \/>\n<meta property=\"og:description\" content=\"Le coupe-billes pour aluminium est sp\u00e9cialement con\u00e7u pour le traitement de l\u2019aluminium et d\u2019autres m\u00e9taux non ferreux. Id\u00e9al pour la coupe de pr\u00e9cision.\" \/>\n<meta property=\"og:url\" content=\"https:\/\/www.koro.net.pl\/fr\/produkt\/fraiseuse-a-billes-pour-koronet-en-aluminium-vhm-35-z2\/\" \/>\n<meta property=\"og:site_name\" content=\"Koronet\" \/>\n<meta property=\"article:modified_time\" content=\"2026-05-13T06:38:21+00:00\" \/>\n<meta property=\"og:image\" content=\"https:\/\/www.koro.net.pl\/wp-content\/uploads\/2025\/03\/Frez-kulowy-do-aluminium.1.png\" \/>\n\t<meta property=\"og:image:width\" content=\"1000\" \/>\n\t<meta property=\"og:image:height\" content=\"1000\" \/>\n\t<meta property=\"og:image:type\" content=\"image\/png\" \/>\n<meta name=\"twitter:card\" content=\"summary_large_image\" \/>\n<meta name=\"twitter:label1\" content=\"Dur\u00e9e de lecture estim\u00e9e\" \/>\n\t<meta name=\"twitter:data1\" content=\"1 minute\" \/>\n<script type=\"application\/ld+json\" class=\"yoast-schema-graph\">{\"@context\":\"https:\\\/\\\/schema.org\",\"@graph\":[{\"@type\":\"WebPage\",\"@id\":\"https:\\\/\\\/www.koro.net.pl\\\/fr\\\/produkt\\\/fraiseuse-a-billes-pour-koronet-en-aluminium-vhm-35-z2\\\/\",\"url\":\"https:\\\/\\\/www.koro.net.pl\\\/fr\\\/produkt\\\/fraiseuse-a-billes-pour-koronet-en-aluminium-vhm-35-z2\\\/\",\"name\":\"Fraiseuse de bout pour aluminium VHM 35\u00b0 Z - carbure, fraiseuse \u00e0 billes\",\"isPartOf\":{\"@id\":\"https:\\\/\\\/www.koro.net.pl\\\/fr\\\/#website\"},\"primaryImageOfPage\":{\"@id\":\"https:\\\/\\\/www.koro.net.pl\\\/fr\\\/produkt\\\/fraiseuse-a-billes-pour-koronet-en-aluminium-vhm-35-z2\\\/#primaryimage\"},\"image\":{\"@id\":\"https:\\\/\\\/www.koro.net.pl\\\/fr\\\/produkt\\\/fraiseuse-a-billes-pour-koronet-en-aluminium-vhm-35-z2\\\/#primaryimage\"},\"thumbnailUrl\":\"https:\\\/\\\/www.koro.net.pl\\\/wp-content\\\/uploads\\\/2025\\\/03\\\/Frez-kulowy-do-aluminium.1.png\",\"datePublished\":\"2025-03-12T10:38:47+00:00\",\"dateModified\":\"2026-05-13T06:38:21+00:00\",\"description\":\"Le coupe-billes pour aluminium est sp\u00e9cialement con\u00e7u pour le traitement de l\u2019aluminium et d\u2019autres m\u00e9taux non ferreux. Id\u00e9al pour la coupe de pr\u00e9cision.\",\"breadcrumb\":{\"@id\":\"https:\\\/\\\/www.koro.net.pl\\\/fr\\\/produkt\\\/fraiseuse-a-billes-pour-koronet-en-aluminium-vhm-35-z2\\\/#breadcrumb\"},\"inLanguage\":\"fr-FR\",\"potentialAction\":[{\"@type\":\"ReadAction\",\"target\":[\"https:\\\/\\\/www.koro.net.pl\\\/fr\\\/produkt\\\/fraiseuse-a-billes-pour-koronet-en-aluminium-vhm-35-z2\\\/\"]}]},{\"@type\":\"ImageObject\",\"inLanguage\":\"fr-FR\",\"@id\":\"https:\\\/\\\/www.koro.net.pl\\\/fr\\\/produkt\\\/fraiseuse-a-billes-pour-koronet-en-aluminium-vhm-35-z2\\\/#primaryimage\",\"url\":\"https:\\\/\\\/www.koro.net.pl\\\/wp-content\\\/uploads\\\/2025\\\/03\\\/Frez-kulowy-do-aluminium.1.png\",\"contentUrl\":\"https:\\\/\\\/www.koro.net.pl\\\/wp-content\\\/uploads\\\/2025\\\/03\\\/Frez-kulowy-do-aluminium.1.png\",\"width\":1000,\"height\":1000,\"caption\":\"Frez kulowy do aluminium Koronet\"},{\"@type\":\"BreadcrumbList\",\"@id\":\"https:\\\/\\\/www.koro.net.pl\\\/fr\\\/produkt\\\/fraiseuse-a-billes-pour-koronet-en-aluminium-vhm-35-z2\\\/#breadcrumb\",\"itemListElement\":[{\"@type\":\"ListItem\",\"position\":1,\"name\":\"Strona g\u0142\u00f3wna\",\"item\":\"https:\\\/\\\/www.koro.net.pl\\\/fr\\\/\"},{\"@type\":\"ListItem\",\"position\":2,\"name\":\"Outils\",\"item\":\"https:\\\/\\\/www.koro.net.pl\\\/fr\\\/produkty\\\/outils\\\/\"},{\"@type\":\"ListItem\",\"position\":3,\"name\":\"Fraiseuse \u00e0 billes pour Koronet en aluminium VHM 35\u00b0 Z2\"}]},{\"@type\":\"WebSite\",\"@id\":\"https:\\\/\\\/www.koro.net.pl\\\/fr\\\/#website\",\"url\":\"https:\\\/\\\/www.koro.net.pl\\\/fr\\\/\",\"name\":\"Koronet\",\"description\":\"\",\"publisher\":{\"@id\":\"https:\\\/\\\/www.koro.net.pl\\\/fr\\\/#organization\"},\"potentialAction\":[{\"@type\":\"SearchAction\",\"target\":{\"@type\":\"EntryPoint\",\"urlTemplate\":\"https:\\\/\\\/www.koro.net.pl\\\/fr\\\/?s={search_term_string}\"},\"query-input\":{\"@type\":\"PropertyValueSpecification\",\"valueRequired\":true,\"valueName\":\"search_term_string\"}}],\"inLanguage\":\"fr-FR\"},{\"@type\":\"Organization\",\"@id\":\"https:\\\/\\\/www.koro.net.pl\\\/fr\\\/#organization\",\"name\":\"Koronet\",\"alternateName\":\"Koronet\",\"url\":\"https:\\\/\\\/www.koro.net.pl\\\/fr\\\/\",\"logo\":{\"@type\":\"ImageObject\",\"inLanguage\":\"fr-FR\",\"@id\":\"https:\\\/\\\/www.koro.net.pl\\\/fr\\\/#\\\/schema\\\/logo\\\/image\\\/\",\"url\":\"https:\\\/\\\/www.koro.net.pl\\\/wp-content\\\/uploads\\\/2025\\\/02\\\/Koronet-spolka-z-o.o.png\",\"contentUrl\":\"https:\\\/\\\/www.koro.net.pl\\\/wp-content\\\/uploads\\\/2025\\\/02\\\/Koronet-spolka-z-o.o.png\",\"width\":696,\"height\":696,\"caption\":\"Koronet\"},\"image\":{\"@id\":\"https:\\\/\\\/www.koro.net.pl\\\/fr\\\/#\\\/schema\\\/logo\\\/image\\\/\"}}]}<\/script>\n<!-- \/ Yoast SEO plugin. -->","yoast_head_json":{"title":"Fraiseuse de bout pour aluminium VHM 35\u00b0 Z - carbure, fraiseuse \u00e0 billes","description":"Le coupe-billes pour aluminium est sp\u00e9cialement con\u00e7u pour le traitement de l\u2019aluminium et d\u2019autres m\u00e9taux non ferreux. Id\u00e9al pour la coupe de pr\u00e9cision.","robots":{"index":"index","follow":"follow","max-snippet":"max-snippet:-1","max-image-preview":"max-image-preview:large","max-video-preview":"max-video-preview:-1"},"canonical":"https:\/\/www.koro.net.pl\/fr\/produkt\/fraiseuse-a-billes-pour-koronet-en-aluminium-vhm-35-z2\/","og_locale":"fr_FR","og_type":"article","og_title":"Fraiseuse de bout pour aluminium VHM 35\u00b0 Z - carbure, fraiseuse \u00e0 billes","og_description":"Le coupe-billes pour aluminium est sp\u00e9cialement con\u00e7u pour le traitement de l\u2019aluminium et d\u2019autres m\u00e9taux non ferreux. Id\u00e9al pour la coupe de pr\u00e9cision.","og_url":"https:\/\/www.koro.net.pl\/fr\/produkt\/fraiseuse-a-billes-pour-koronet-en-aluminium-vhm-35-z2\/","og_site_name":"Koronet","article_modified_time":"2026-05-13T06:38:21+00:00","og_image":[{"width":1000,"height":1000,"url":"https:\/\/www.koro.net.pl\/wp-content\/uploads\/2025\/03\/Frez-kulowy-do-aluminium.1.png","type":"image\/png"}],"twitter_card":"summary_large_image","twitter_misc":{"Dur\u00e9e de lecture estim\u00e9e":"1 minute"},"schema":{"@context":"https:\/\/schema.org","@graph":[{"@type":"WebPage","@id":"https:\/\/www.koro.net.pl\/fr\/produkt\/fraiseuse-a-billes-pour-koronet-en-aluminium-vhm-35-z2\/","url":"https:\/\/www.koro.net.pl\/fr\/produkt\/fraiseuse-a-billes-pour-koronet-en-aluminium-vhm-35-z2\/","name":"Fraiseuse de bout pour aluminium VHM 35\u00b0 Z - carbure, fraiseuse \u00e0 billes","isPartOf":{"@id":"https:\/\/www.koro.net.pl\/fr\/#website"},"primaryImageOfPage":{"@id":"https:\/\/www.koro.net.pl\/fr\/produkt\/fraiseuse-a-billes-pour-koronet-en-aluminium-vhm-35-z2\/#primaryimage"},"image":{"@id":"https:\/\/www.koro.net.pl\/fr\/produkt\/fraiseuse-a-billes-pour-koronet-en-aluminium-vhm-35-z2\/#primaryimage"},"thumbnailUrl":"https:\/\/www.koro.net.pl\/wp-content\/uploads\/2025\/03\/Frez-kulowy-do-aluminium.1.png","datePublished":"2025-03-12T10:38:47+00:00","dateModified":"2026-05-13T06:38:21+00:00","description":"Le coupe-billes pour aluminium est sp\u00e9cialement con\u00e7u pour le traitement de l\u2019aluminium et d\u2019autres m\u00e9taux non ferreux. Id\u00e9al pour la coupe de pr\u00e9cision.","breadcrumb":{"@id":"https:\/\/www.koro.net.pl\/fr\/produkt\/fraiseuse-a-billes-pour-koronet-en-aluminium-vhm-35-z2\/#breadcrumb"},"inLanguage":"fr-FR","potentialAction":[{"@type":"ReadAction","target":["https:\/\/www.koro.net.pl\/fr\/produkt\/fraiseuse-a-billes-pour-koronet-en-aluminium-vhm-35-z2\/"]}]},{"@type":"ImageObject","inLanguage":"fr-FR","@id":"https:\/\/www.koro.net.pl\/fr\/produkt\/fraiseuse-a-billes-pour-koronet-en-aluminium-vhm-35-z2\/#primaryimage","url":"https:\/\/www.koro.net.pl\/wp-content\/uploads\/2025\/03\/Frez-kulowy-do-aluminium.1.png","contentUrl":"https:\/\/www.koro.net.pl\/wp-content\/uploads\/2025\/03\/Frez-kulowy-do-aluminium.1.png","width":1000,"height":1000,"caption":"Frez kulowy do aluminium Koronet"},{"@type":"BreadcrumbList","@id":"https:\/\/www.koro.net.pl\/fr\/produkt\/fraiseuse-a-billes-pour-koronet-en-aluminium-vhm-35-z2\/#breadcrumb","itemListElement":[{"@type":"ListItem","position":1,"name":"Strona g\u0142\u00f3wna","item":"https:\/\/www.koro.net.pl\/fr\/"},{"@type":"ListItem","position":2,"name":"Outils","item":"https:\/\/www.koro.net.pl\/fr\/produkty\/outils\/"},{"@type":"ListItem","position":3,"name":"Fraiseuse \u00e0 billes pour Koronet en aluminium VHM 35\u00b0 Z2"}]},{"@type":"WebSite","@id":"https:\/\/www.koro.net.pl\/fr\/#website","url":"https:\/\/www.koro.net.pl\/fr\/","name":"Koronet","description":"","publisher":{"@id":"https:\/\/www.koro.net.pl\/fr\/#organization"},"potentialAction":[{"@type":"SearchAction","target":{"@type":"EntryPoint","urlTemplate":"https:\/\/www.koro.net.pl\/fr\/?s={search_term_string}"},"query-input":{"@type":"PropertyValueSpecification","valueRequired":true,"valueName":"search_term_string"}}],"inLanguage":"fr-FR"},{"@type":"Organization","@id":"https:\/\/www.koro.net.pl\/fr\/#organization","name":"Koronet","alternateName":"Koronet","url":"https:\/\/www.koro.net.pl\/fr\/","logo":{"@type":"ImageObject","inLanguage":"fr-FR","@id":"https:\/\/www.koro.net.pl\/fr\/#\/schema\/logo\/image\/","url":"https:\/\/www.koro.net.pl\/wp-content\/uploads\/2025\/02\/Koronet-spolka-z-o.o.png","contentUrl":"https:\/\/www.koro.net.pl\/wp-content\/uploads\/2025\/02\/Koronet-spolka-z-o.o.png","width":696,"height":696,"caption":"Koronet"},"image":{"@id":"https:\/\/www.koro.net.pl\/fr\/#\/schema\/logo\/image\/"}}]}},"_links":{"self":[{"href":"https:\/\/www.koro.net.pl\/fr\/wp-json\/wp\/v2\/product\/11651","targetHints":{"allow":["GET"]}}],"collection":[{"href":"https:\/\/www.koro.net.pl\/fr\/wp-json\/wp\/v2\/product"}],"about":[{"href":"https:\/\/www.koro.net.pl\/fr\/wp-json\/wp\/v2\/types\/product"}],"wp:featuredmedia":[{"embeddable":true,"href":"https:\/\/www.koro.net.pl\/fr\/wp-json\/wp\/v2\/media\/6425"}],"wp:attachment":[{"href":"https:\/\/www.koro.net.pl\/fr\/wp-json\/wp\/v2\/media?parent=11651"}],"wp:term":[{"taxonomy":"product_brand","embeddable":true,"href":"https:\/\/www.koro.net.pl\/fr\/wp-json\/wp\/v2\/product_brand?post=11651"},{"taxonomy":"product_cat","embeddable":true,"href":"https:\/\/www.koro.net.pl\/fr\/wp-json\/wp\/v2\/product_cat?post=11651"},{"taxonomy":"product_tag","embeddable":true,"href":"https:\/\/www.koro.net.pl\/fr\/wp-json\/wp\/v2\/product_tag?post=11651"}],"curies":[{"name":"wp","href":"https:\/\/api.w.org\/{rel}","templated":true}]}}