{"id":11634,"date":"2025-03-12T12:55:12","date_gmt":"2025-03-12T11:55:12","guid":{"rendered":"https:\/\/www.koro.net.pl\/produkt\/coupe-billes-en-carbure-koronet-35-z2-vhm-tisin\/"},"modified":"2025-03-12T12:55:12","modified_gmt":"2025-03-12T11:55:12","slug":"coupe-billes-en-carbure-koronet-35-z2-vhm-tisin","status":"publish","type":"product","link":"https:\/\/www.koro.net.pl\/fr\/produkt\/coupe-billes-en-carbure-koronet-35-z2-vhm-tisin\/","title":{"rendered":"Coupe-billes en carbure Koronet 35\u00b0 Z2 VHM TiSiN"},"content":{"rendered":"<p><span style=\"color: #383838;\"><span style=\"font-family: Liberation Serif, serif;\"><span style=\"font-size: medium;\">Le fraiseur \u00e0 boules, souvent appel\u00e9 coupe-boules, est largement utilis\u00e9 dans de nombreux domaines du traitement des mat\u00e9riaux. Il se distingue des autres fraises par sa t\u00eate arrondie, id\u00e9ale pour un fraisage pr\u00e9cis et efficace des surfaces courbes et cavit\u00e9s. <\/span><\/span><\/span><\/p>\n<p><a href=\"https:\/\/www.koro.net.pl\/fr\/produkty\/fraises\/\"><span style=\"color: #232323;\"><span style=\"font-family: Liberation Serif, serif;\"><span style=\"font-size: medium;\">Le fraiseur \u00e0 billes<\/span><\/span><\/span><\/a><span style=\"color: #383838;\"><span style=\"font-family: Liberation Serif, serif;\"><span style=\"font-size: medium;\"> Koronet est fabriqu\u00e9 en <strong>carbure de tungst\u00e8ne (VHM),<\/strong> un mat\u00e9riau qui offre une excellente r\u00e9sistance \u00e0 l\u2019abrasion et aux hautes temp\u00e9ratures, et se caract\u00e9rise \u00e9galement par une grande duret\u00e9. <\/span><\/span><\/span> <\/p>\n<p><span style=\"color: #383838;\"><span style=\"font-family: Liberation Serif, serif;\"><span style=\"font-size: medium;\">Il est recouvert d\u2019un rev\u00eatement <strong>TiSiN (Nitrure de silicium et titane),<\/strong> <\/span><\/span><\/span><span style=\"font-family: Liberation Serif, serif;\"><span style=\"font-size: medium;\">l\u2019un des rev\u00eatements les plus efficaces et r\u00e9sistants \u00e0 l\u2019abrasion et \u00e0 la temp\u00e9rature utilis\u00e9s dans l\u2019industrie de la coupe.<\/span><\/span><span style=\"color: #383838;\"><span style=\"font-family: Liberation Serif, serif;\"><span style=\"font-size: medium;\"> <\/span><\/span><\/span><span style=\"color: #383838;\"><span style=\"font-family: Liberation Serif, serif;\"><span style=\"font-size: medium;\">Avec<\/span><\/span><\/span><span style=\"font-family: Liberation Serif, serif;\"><span style=\"font-size: medium;\">un coefficient de friction plus faible, ce qui prolonge consid\u00e9rablement la dur\u00e9e de vie de l\u2019outil.<\/span><\/span><\/p>\n<p>Cette s\u00e9lection de mat\u00e9riaux pour la production rend la fraiseuse \u00e0 billes en carbure id\u00e9ale pour l\u2019usinage de l\u2019acier inoxydable ou tremp\u00e9.<\/p>\n<p><strong>Il a 2 lames  <\/strong><\/p>\n<p><strong>Angle de la ligne h\u00e9lice 35\u00b0  <\/strong><\/p>\n<p><img decoding=\"async\" class=\"wp-image-6447 size-medium aligncenter lazyload\" data-src=\"https:\/\/www.koro.net.pl\/wp-content\/uploads\/2025\/03\/Frez-kulowy-VHM-wzor-wymiarow-e1741778423460-300x177.png\" alt=\"Fraiseuse \u00e0 billes en carbure massif, motif dimensionnel\" width=\"300\" height=\"177\" data-srcset=\"https:\/\/www.koro.net.pl\/wp-content\/uploads\/2025\/03\/Frez-kulowy-VHM-wzor-wymiarow-e1741778423460-300x177.png 300w, https:\/\/www.koro.net.pl\/wp-content\/uploads\/2025\/03\/Frez-kulowy-VHM-wzor-wymiarow-e1741778423460-768x452.png 768w, https:\/\/www.koro.net.pl\/wp-content\/uploads\/2025\/03\/Frez-kulowy-VHM-wzor-wymiarow-e1741778423460-600x353.png 600w, https:\/\/www.koro.net.pl\/wp-content\/uploads\/2025\/03\/Frez-kulowy-VHM-wzor-wymiarow-e1741778423460.png 997w\" data-sizes=\"(max-width: 300px) 100vw, 300px\" src=\"data:image\/svg+xml;base64,PHN2ZyB3aWR0aD0iMSIgaGVpZ2h0PSIxIiB4bWxucz0iaHR0cDovL3d3dy53My5vcmcvMjAwMC9zdmciPjwvc3ZnPg==\" style=\"--smush-placeholder-width: 300px; --smush-placeholder-aspect-ratio: 300\/177;\" \/><\/p>\n<table style=\"height: 414px;\" width=\"912\">\n<tbody>\n<tr>\n<td><strong>Diam\u00e8tre D1 (mm)<\/strong><\/td>\n<td><strong>Diam\u00e8tre de la tige D2 (mm)<\/strong><\/td>\n<td><strong>Longueur de travail L1 (mm)<\/strong><\/td>\n<td><strong>Longueur totale L2 (mm)<\/strong><\/td>\n<td><strong>Rayon R (mm)<\/strong><\/td>\n<\/tr>\n<tr>\n<td><span style=\"vertical-align: inherit;\"><span style=\"vertical-align: inherit;\"><\/span><\/span><br \/>\n 1<\/td>\n<td><span style=\"vertical-align: inherit;\"><span style=\"vertical-align: inherit;\"><\/span><\/span><br \/>\n 2<\/td>\n<td><span style=\"vertical-align: inherit;\"><span style=\"vertical-align: inherit;\"><\/span><\/span><br \/>\n 4<\/td>\n<td><span style=\"vertical-align: inherit;\"><span style=\"vertical-align: inherit;\">50<\/span><\/span><\/td>\n<td><span style=\"vertical-align: inherit;\"><span style=\"vertical-align: inherit;\">0,5<\/span><\/span><\/td>\n<\/tr>\n<tr>\n<td><span style=\"vertical-align: inherit;\"><span style=\"vertical-align: inherit;\">1.5<\/span><\/span><\/td>\n<td><span style=\"vertical-align: inherit;\"><span style=\"vertical-align: inherit;\"><\/span><\/span><br \/>\n 3<\/td>\n<td><span style=\"vertical-align: inherit;\"><span style=\"vertical-align: inherit;\"><\/span><\/span><br \/>\n 4<\/td>\n<td><span style=\"vertical-align: inherit;\"><span style=\"vertical-align: inherit;\">50<\/span><\/span><\/td>\n<td><span style=\"vertical-align: inherit;\"><span style=\"vertical-align: inherit;\">0,75<\/span><\/span><\/td>\n<\/tr>\n<tr>\n<td>\n 2<\/td>\n<td>\n 4<\/td>\n<td>\n 4<\/td>\n<td>50<\/td>\n<td>1<\/td>\n<\/tr>\n<tr>\n<td>\n 3<\/td>\n<td>\n 4<\/td>\n<td>\n 6<\/td>\n<td>50<\/td>\n<td>1.5<\/td>\n<\/tr>\n<tr>\n<td>\n 4<\/td>\n<td>\n 4<\/td>\n<td>\n 8<\/td>\n<td>50<\/td>\n<td>2<\/td>\n<\/tr>\n<tr>\n<td>\n 5<\/td>\n<td>\n 5<\/td>\n<td>10<\/td>\n<td>50<\/td>\n<td>2.5<\/td>\n<\/tr>\n<tr>\n<td>\n 6<\/td>\n<td>\n 6<\/td>\n<td>12<\/td>\n<td>50<\/td>\n<td>3<\/td>\n<\/tr>\n<tr>\n<td>\n 8<\/td>\n<td>\n 8<\/td>\n<td>16<\/td>\n<td>60<\/td>\n<td>4<\/td>\n<\/tr>\n<tr>\n<td>10<\/td>\n<td>10<\/td>\n<td>20<\/td>\n<td>75<\/td>\n<td>5<\/td>\n<\/tr>\n<tr>\n<td>12<\/td>\n<td>12<\/td>\n<td>24<\/td>\n<td>75<\/td>\n<td>6<\/td>\n<\/tr>\n<tr>\n<td>14<\/td>\n<td>14<\/td>\n<td>28<\/td>\n<td>100<\/td>\n<td>7<\/td>\n<\/tr>\n<tr>\n<td>16<\/td>\n<td>16<\/td>\n<td>32<\/td>\n<td>100<\/td>\n<td>8<\/td>\n<\/tr>\n<\/tbody>\n<\/table>\n","protected":false},"excerpt":{"rendered":"<p>Le fraiseur \u00e0 boules, souvent appel\u00e9 coupe-boules, est largement utilis\u00e9 dans de nombreux domaines du traitement des mat\u00e9riaux. Il se distingue des autres fraises par sa t\u00eate arrondie, id\u00e9ale pour [&hellip;]<\/p>\n","protected":false},"featured_media":6443,"template":"","meta":{"_acf_changed":false},"product_brand":[],"product_cat":[190,174],"product_tag":[],"class_list":{"0":"post-11634","1":"product","2":"type-product","3":"status-publish","4":"has-post-thumbnail","6":"product_cat-fraises","7":"product_cat-outils","9":"first","10":"instock","11":"taxable","12":"shipping-taxable","13":"purchasable","14":"product-type-variable","15":"has-default-attributes"},"acf":[],"yoast_head":"<!-- This site is optimized with the Yoast SEO plugin v27.5 - https:\/\/yoast.com\/product\/yoast-seo-wordpress\/ -->\n<title>Coupe-billes en carbure Koronet 35\u00b0 Z2 VHM TiSiN<\/title>\n<meta name=\"description\" content=\"La coupe-billes en carbure est id\u00e9ale pour l\u2019usinage de l\u2019acier inoxydable ou de l\u2019acier tremp\u00e9. Il est id\u00e9al pour fraiser des surfaces courbes et des cavit\u00e9s.\" \/>\n<meta name=\"robots\" content=\"index, follow, max-snippet:-1, max-image-preview:large, max-video-preview:-1\" \/>\n<link rel=\"canonical\" href=\"https:\/\/www.koro.net.pl\/fr\/produkt\/coupe-billes-en-carbure-koronet-35-z2-vhm-tisin\/\" \/>\n<meta property=\"og:locale\" content=\"fr_FR\" \/>\n<meta property=\"og:type\" content=\"article\" \/>\n<meta property=\"og:title\" content=\"Coupe-billes en carbure Koronet 35\u00b0 Z2 VHM TiSiN\" \/>\n<meta property=\"og:description\" content=\"La coupe-billes en carbure est id\u00e9ale pour l\u2019usinage de l\u2019acier inoxydable ou de l\u2019acier tremp\u00e9. Il est id\u00e9al pour fraiser des surfaces courbes et des cavit\u00e9s.\" \/>\n<meta property=\"og:url\" content=\"https:\/\/www.koro.net.pl\/fr\/produkt\/coupe-billes-en-carbure-koronet-35-z2-vhm-tisin\/\" \/>\n<meta property=\"og:site_name\" content=\"Koronet\" \/>\n<meta property=\"og:image\" content=\"https:\/\/www.koro.net.pl\/wp-content\/uploads\/2025\/03\/Frez-kulowy-VHM-fi16.1.png\" \/>\n\t<meta property=\"og:image:width\" content=\"1000\" \/>\n\t<meta property=\"og:image:height\" content=\"1000\" \/>\n\t<meta property=\"og:image:type\" content=\"image\/png\" \/>\n<meta name=\"twitter:card\" content=\"summary_large_image\" \/>\n<meta name=\"twitter:label1\" content=\"Dur\u00e9e de lecture estim\u00e9e\" \/>\n\t<meta name=\"twitter:data1\" content=\"1 minute\" \/>\n<script type=\"application\/ld+json\" class=\"yoast-schema-graph\">{\"@context\":\"https:\\\/\\\/schema.org\",\"@graph\":[{\"@type\":\"WebPage\",\"@id\":\"https:\\\/\\\/www.koro.net.pl\\\/fr\\\/produkt\\\/coupe-billes-en-carbure-koronet-35-z2-vhm-tisin\\\/\",\"url\":\"https:\\\/\\\/www.koro.net.pl\\\/fr\\\/produkt\\\/coupe-billes-en-carbure-koronet-35-z2-vhm-tisin\\\/\",\"name\":\"Coupe-billes en carbure Koronet 35\u00b0 Z2 VHM TiSiN\",\"isPartOf\":{\"@id\":\"https:\\\/\\\/www.koro.net.pl\\\/fr\\\/#website\"},\"primaryImageOfPage\":{\"@id\":\"https:\\\/\\\/www.koro.net.pl\\\/fr\\\/produkt\\\/coupe-billes-en-carbure-koronet-35-z2-vhm-tisin\\\/#primaryimage\"},\"image\":{\"@id\":\"https:\\\/\\\/www.koro.net.pl\\\/fr\\\/produkt\\\/coupe-billes-en-carbure-koronet-35-z2-vhm-tisin\\\/#primaryimage\"},\"thumbnailUrl\":\"https:\\\/\\\/www.koro.net.pl\\\/wp-content\\\/uploads\\\/2025\\\/03\\\/Frez-kulowy-VHM-fi16.1.png\",\"datePublished\":\"2025-03-12T11:55:12+00:00\",\"description\":\"La coupe-billes en carbure est id\u00e9ale pour l\u2019usinage de l\u2019acier inoxydable ou de l\u2019acier tremp\u00e9. Il est id\u00e9al pour fraiser des surfaces courbes et des cavit\u00e9s.\",\"breadcrumb\":{\"@id\":\"https:\\\/\\\/www.koro.net.pl\\\/fr\\\/produkt\\\/coupe-billes-en-carbure-koronet-35-z2-vhm-tisin\\\/#breadcrumb\"},\"inLanguage\":\"fr-FR\",\"potentialAction\":[{\"@type\":\"ReadAction\",\"target\":[\"https:\\\/\\\/www.koro.net.pl\\\/fr\\\/produkt\\\/coupe-billes-en-carbure-koronet-35-z2-vhm-tisin\\\/\"]}]},{\"@type\":\"ImageObject\",\"inLanguage\":\"fr-FR\",\"@id\":\"https:\\\/\\\/www.koro.net.pl\\\/fr\\\/produkt\\\/coupe-billes-en-carbure-koronet-35-z2-vhm-tisin\\\/#primaryimage\",\"url\":\"https:\\\/\\\/www.koro.net.pl\\\/wp-content\\\/uploads\\\/2025\\\/03\\\/Frez-kulowy-VHM-fi16.1.png\",\"contentUrl\":\"https:\\\/\\\/www.koro.net.pl\\\/wp-content\\\/uploads\\\/2025\\\/03\\\/Frez-kulowy-VHM-fi16.1.png\",\"width\":1000,\"height\":1000,\"caption\":\"Frez kulowy VHM\"},{\"@type\":\"BreadcrumbList\",\"@id\":\"https:\\\/\\\/www.koro.net.pl\\\/fr\\\/produkt\\\/coupe-billes-en-carbure-koronet-35-z2-vhm-tisin\\\/#breadcrumb\",\"itemListElement\":[{\"@type\":\"ListItem\",\"position\":1,\"name\":\"Strona g\u0142\u00f3wna\",\"item\":\"https:\\\/\\\/www.koro.net.pl\\\/fr\\\/\"},{\"@type\":\"ListItem\",\"position\":2,\"name\":\"Coupe-billes en carbure Koronet 35\u00b0 Z2 VHM TiSiN\"}]},{\"@type\":\"WebSite\",\"@id\":\"https:\\\/\\\/www.koro.net.pl\\\/fr\\\/#website\",\"url\":\"https:\\\/\\\/www.koro.net.pl\\\/fr\\\/\",\"name\":\"Koronet\",\"description\":\"\",\"publisher\":{\"@id\":\"https:\\\/\\\/www.koro.net.pl\\\/fr\\\/#organization\"},\"potentialAction\":[{\"@type\":\"SearchAction\",\"target\":{\"@type\":\"EntryPoint\",\"urlTemplate\":\"https:\\\/\\\/www.koro.net.pl\\\/fr\\\/?s={search_term_string}\"},\"query-input\":{\"@type\":\"PropertyValueSpecification\",\"valueRequired\":true,\"valueName\":\"search_term_string\"}}],\"inLanguage\":\"fr-FR\"},{\"@type\":\"Organization\",\"@id\":\"https:\\\/\\\/www.koro.net.pl\\\/fr\\\/#organization\",\"name\":\"Koronet\",\"alternateName\":\"Koronet\",\"url\":\"https:\\\/\\\/www.koro.net.pl\\\/fr\\\/\",\"logo\":{\"@type\":\"ImageObject\",\"inLanguage\":\"fr-FR\",\"@id\":\"https:\\\/\\\/www.koro.net.pl\\\/fr\\\/#\\\/schema\\\/logo\\\/image\\\/\",\"url\":\"https:\\\/\\\/www.koro.net.pl\\\/wp-content\\\/uploads\\\/2025\\\/02\\\/Koronet-spolka-z-o.o.png\",\"contentUrl\":\"https:\\\/\\\/www.koro.net.pl\\\/wp-content\\\/uploads\\\/2025\\\/02\\\/Koronet-spolka-z-o.o.png\",\"width\":696,\"height\":696,\"caption\":\"Koronet\"},\"image\":{\"@id\":\"https:\\\/\\\/www.koro.net.pl\\\/fr\\\/#\\\/schema\\\/logo\\\/image\\\/\"}}]}<\/script>\n<!-- \/ Yoast SEO plugin. -->","yoast_head_json":{"title":"Coupe-billes en carbure Koronet 35\u00b0 Z2 VHM TiSiN","description":"La coupe-billes en carbure est id\u00e9ale pour l\u2019usinage de l\u2019acier inoxydable ou de l\u2019acier tremp\u00e9. Il est id\u00e9al pour fraiser des surfaces courbes et des cavit\u00e9s.","robots":{"index":"index","follow":"follow","max-snippet":"max-snippet:-1","max-image-preview":"max-image-preview:large","max-video-preview":"max-video-preview:-1"},"canonical":"https:\/\/www.koro.net.pl\/fr\/produkt\/coupe-billes-en-carbure-koronet-35-z2-vhm-tisin\/","og_locale":"fr_FR","og_type":"article","og_title":"Coupe-billes en carbure Koronet 35\u00b0 Z2 VHM TiSiN","og_description":"La coupe-billes en carbure est id\u00e9ale pour l\u2019usinage de l\u2019acier inoxydable ou de l\u2019acier tremp\u00e9. Il est id\u00e9al pour fraiser des surfaces courbes et des cavit\u00e9s.","og_url":"https:\/\/www.koro.net.pl\/fr\/produkt\/coupe-billes-en-carbure-koronet-35-z2-vhm-tisin\/","og_site_name":"Koronet","og_image":[{"width":1000,"height":1000,"url":"https:\/\/www.koro.net.pl\/wp-content\/uploads\/2025\/03\/Frez-kulowy-VHM-fi16.1.png","type":"image\/png"}],"twitter_card":"summary_large_image","twitter_misc":{"Dur\u00e9e de lecture estim\u00e9e":"1 minute"},"schema":{"@context":"https:\/\/schema.org","@graph":[{"@type":"WebPage","@id":"https:\/\/www.koro.net.pl\/fr\/produkt\/coupe-billes-en-carbure-koronet-35-z2-vhm-tisin\/","url":"https:\/\/www.koro.net.pl\/fr\/produkt\/coupe-billes-en-carbure-koronet-35-z2-vhm-tisin\/","name":"Coupe-billes en carbure Koronet 35\u00b0 Z2 VHM TiSiN","isPartOf":{"@id":"https:\/\/www.koro.net.pl\/fr\/#website"},"primaryImageOfPage":{"@id":"https:\/\/www.koro.net.pl\/fr\/produkt\/coupe-billes-en-carbure-koronet-35-z2-vhm-tisin\/#primaryimage"},"image":{"@id":"https:\/\/www.koro.net.pl\/fr\/produkt\/coupe-billes-en-carbure-koronet-35-z2-vhm-tisin\/#primaryimage"},"thumbnailUrl":"https:\/\/www.koro.net.pl\/wp-content\/uploads\/2025\/03\/Frez-kulowy-VHM-fi16.1.png","datePublished":"2025-03-12T11:55:12+00:00","description":"La coupe-billes en carbure est id\u00e9ale pour l\u2019usinage de l\u2019acier inoxydable ou de l\u2019acier tremp\u00e9. Il est id\u00e9al pour fraiser des surfaces courbes et des cavit\u00e9s.","breadcrumb":{"@id":"https:\/\/www.koro.net.pl\/fr\/produkt\/coupe-billes-en-carbure-koronet-35-z2-vhm-tisin\/#breadcrumb"},"inLanguage":"fr-FR","potentialAction":[{"@type":"ReadAction","target":["https:\/\/www.koro.net.pl\/fr\/produkt\/coupe-billes-en-carbure-koronet-35-z2-vhm-tisin\/"]}]},{"@type":"ImageObject","inLanguage":"fr-FR","@id":"https:\/\/www.koro.net.pl\/fr\/produkt\/coupe-billes-en-carbure-koronet-35-z2-vhm-tisin\/#primaryimage","url":"https:\/\/www.koro.net.pl\/wp-content\/uploads\/2025\/03\/Frez-kulowy-VHM-fi16.1.png","contentUrl":"https:\/\/www.koro.net.pl\/wp-content\/uploads\/2025\/03\/Frez-kulowy-VHM-fi16.1.png","width":1000,"height":1000,"caption":"Frez kulowy VHM"},{"@type":"BreadcrumbList","@id":"https:\/\/www.koro.net.pl\/fr\/produkt\/coupe-billes-en-carbure-koronet-35-z2-vhm-tisin\/#breadcrumb","itemListElement":[{"@type":"ListItem","position":1,"name":"Strona g\u0142\u00f3wna","item":"https:\/\/www.koro.net.pl\/fr\/"},{"@type":"ListItem","position":2,"name":"Coupe-billes en carbure Koronet 35\u00b0 Z2 VHM TiSiN"}]},{"@type":"WebSite","@id":"https:\/\/www.koro.net.pl\/fr\/#website","url":"https:\/\/www.koro.net.pl\/fr\/","name":"Koronet","description":"","publisher":{"@id":"https:\/\/www.koro.net.pl\/fr\/#organization"},"potentialAction":[{"@type":"SearchAction","target":{"@type":"EntryPoint","urlTemplate":"https:\/\/www.koro.net.pl\/fr\/?s={search_term_string}"},"query-input":{"@type":"PropertyValueSpecification","valueRequired":true,"valueName":"search_term_string"}}],"inLanguage":"fr-FR"},{"@type":"Organization","@id":"https:\/\/www.koro.net.pl\/fr\/#organization","name":"Koronet","alternateName":"Koronet","url":"https:\/\/www.koro.net.pl\/fr\/","logo":{"@type":"ImageObject","inLanguage":"fr-FR","@id":"https:\/\/www.koro.net.pl\/fr\/#\/schema\/logo\/image\/","url":"https:\/\/www.koro.net.pl\/wp-content\/uploads\/2025\/02\/Koronet-spolka-z-o.o.png","contentUrl":"https:\/\/www.koro.net.pl\/wp-content\/uploads\/2025\/02\/Koronet-spolka-z-o.o.png","width":696,"height":696,"caption":"Koronet"},"image":{"@id":"https:\/\/www.koro.net.pl\/fr\/#\/schema\/logo\/image\/"}}]}},"_links":{"self":[{"href":"https:\/\/www.koro.net.pl\/fr\/wp-json\/wp\/v2\/product\/11634","targetHints":{"allow":["GET"]}}],"collection":[{"href":"https:\/\/www.koro.net.pl\/fr\/wp-json\/wp\/v2\/product"}],"about":[{"href":"https:\/\/www.koro.net.pl\/fr\/wp-json\/wp\/v2\/types\/product"}],"wp:featuredmedia":[{"embeddable":true,"href":"https:\/\/www.koro.net.pl\/fr\/wp-json\/wp\/v2\/media\/6443"}],"wp:attachment":[{"href":"https:\/\/www.koro.net.pl\/fr\/wp-json\/wp\/v2\/media?parent=11634"}],"wp:term":[{"taxonomy":"product_brand","embeddable":true,"href":"https:\/\/www.koro.net.pl\/fr\/wp-json\/wp\/v2\/product_brand?post=11634"},{"taxonomy":"product_cat","embeddable":true,"href":"https:\/\/www.koro.net.pl\/fr\/wp-json\/wp\/v2\/product_cat?post=11634"},{"taxonomy":"product_tag","embeddable":true,"href":"https:\/\/www.koro.net.pl\/fr\/wp-json\/wp\/v2\/product_tag?post=11634"}],"curies":[{"name":"wp","href":"https:\/\/api.w.org\/{rel}","templated":true}]}}