{"id":11617,"date":"2025-05-06T08:27:01","date_gmt":"2025-05-06T06:27:01","guid":{"rendered":"https:\/\/www.koro.net.pl\/produkt\/fixation-de-foret-koronet-avec-tige-de-morse\/"},"modified":"2025-05-06T08:27:01","modified_gmt":"2025-05-06T06:27:01","slug":"fixation-de-foret-koronet-avec-tige-de-morse","status":"publish","type":"product","link":"https:\/\/www.koro.net.pl\/fr\/produkt\/fixation-de-foret-koronet-avec-tige-de-morse\/","title":{"rendered":"Fixation de foret Koronet avec tige de Morse"},"content":{"rendered":"<p><a href=\"https:\/\/www.koro.net.pl\/fr\/produkty\/ensembles-de-forage\/\">Ensemble de perceuses<\/a> pour professionnels avec un shank Morse Ils sont fabriqu\u00e9s en acier HSS \u00e0 grande vitesse. Le foret r\u00e9siste aux temp\u00e9ratures \u00e9lev\u00e9es.  <\/p>\n<ul>\n<li>Standard : DIN345<\/li>\n<li>HSS Acier Rapide<\/li>\n<\/ul>\n<ul>\n<li>En Morse.<\/li>\n<\/ul>\n<p>Classe de tol\u00e9rance de forage : H8<\/p>\n<p>Direction du forage : \u00c0 droite<\/p>\n<p>L\u2019ENSEMBLE SE COMPOSE DE 9 PI\u00c8CES DIN345 NWKc DRILL BITS<\/p>\n<p>TAILLE<\/p>\n<p>Diam\u00e8tre : 14,5 ; 16 ; 18 ; 20 ; 22 ; 24 ; 26 ; 28 ; 30 mm<\/p>\n<p>Longueur totale : 212-296 mm<\/p>\n<p>Longueur de travail : 114-175 mm<\/p>\n<p>Taille du c\u00f4ne : MK 2 et MK 3<\/p>\n<p>Le colis contient 9 pi\u00e8ces. Drills <\/p>\n","protected":false},"excerpt":{"rendered":"<p>Ensemble de perceuses pour professionnels avec un shank Morse Ils sont fabriqu\u00e9s en acier HSS \u00e0 grande vitesse. Le foret r\u00e9siste aux temp\u00e9ratures \u00e9lev\u00e9es. Standard : DIN345 HSS Acier Rapide [&hellip;]<\/p>\n","protected":false},"featured_media":6751,"template":"","meta":{"_acf_changed":false},"product_brand":[],"product_cat":[187,174],"product_tag":[],"class_list":{"0":"post-11617","1":"product","2":"type-product","3":"status-publish","4":"has-post-thumbnail","6":"product_cat-ensembles-de-forage","7":"product_cat-outils","9":"first","10":"instock","11":"taxable","12":"shipping-taxable","13":"purchasable","14":"product-type-simple"},"acf":[],"yoast_head":"<!-- This site is optimized with the Yoast SEO plugin v27.5 - https:\/\/yoast.com\/product\/yoast-seo-wordpress\/ -->\n<title>Fixation de foret Koronet avec tige de Morse<\/title>\n<meta name=\"description\" content=\"Ensemble de m\u00e8ches Koronet en acier haute vitesse HSS avec diam\u00e8tre de tige Morse, diam\u00e8tre de 14,5 \u00e0 30 mm. 9 forets inclus.\" \/>\n<meta name=\"robots\" content=\"index, follow, max-snippet:-1, max-image-preview:large, max-video-preview:-1\" \/>\n<link rel=\"canonical\" href=\"https:\/\/www.koro.net.pl\/fr\/produkt\/fixation-de-foret-koronet-avec-tige-de-morse\/\" \/>\n<meta property=\"og:locale\" content=\"fr_FR\" \/>\n<meta property=\"og:type\" content=\"article\" \/>\n<meta property=\"og:title\" content=\"Fixation de foret Koronet avec tige de Morse\" \/>\n<meta property=\"og:description\" content=\"Ensemble de m\u00e8ches Koronet en acier haute vitesse HSS avec diam\u00e8tre de tige Morse, diam\u00e8tre de 14,5 \u00e0 30 mm. 9 forets inclus.\" \/>\n<meta property=\"og:url\" content=\"https:\/\/www.koro.net.pl\/fr\/produkt\/fixation-de-foret-koronet-avec-tige-de-morse\/\" \/>\n<meta property=\"og:site_name\" content=\"Koronet\" \/>\n<meta property=\"og:image\" content=\"https:\/\/www.koro.net.pl\/wp-content\/uploads\/2025\/05\/ZESTAW-WIERTEL-MORSEA-WALIZKA-14-5-30-STOZEK-HSS-KORONET.jpg\" \/>\n\t<meta property=\"og:image:width\" content=\"1200\" \/>\n\t<meta property=\"og:image:height\" content=\"1200\" \/>\n\t<meta property=\"og:image:type\" content=\"image\/jpeg\" \/>\n<meta name=\"twitter:card\" content=\"summary_large_image\" \/>\n<script type=\"application\/ld+json\" class=\"yoast-schema-graph\">{\"@context\":\"https:\\\/\\\/schema.org\",\"@graph\":[{\"@type\":\"WebPage\",\"@id\":\"https:\\\/\\\/www.koro.net.pl\\\/fr\\\/produkt\\\/fixation-de-foret-koronet-avec-tige-de-morse\\\/\",\"url\":\"https:\\\/\\\/www.koro.net.pl\\\/fr\\\/produkt\\\/fixation-de-foret-koronet-avec-tige-de-morse\\\/\",\"name\":\"Fixation de foret Koronet avec tige de Morse\",\"isPartOf\":{\"@id\":\"https:\\\/\\\/www.koro.net.pl\\\/fr\\\/#website\"},\"primaryImageOfPage\":{\"@id\":\"https:\\\/\\\/www.koro.net.pl\\\/fr\\\/produkt\\\/fixation-de-foret-koronet-avec-tige-de-morse\\\/#primaryimage\"},\"image\":{\"@id\":\"https:\\\/\\\/www.koro.net.pl\\\/fr\\\/produkt\\\/fixation-de-foret-koronet-avec-tige-de-morse\\\/#primaryimage\"},\"thumbnailUrl\":\"https:\\\/\\\/www.koro.net.pl\\\/wp-content\\\/uploads\\\/2025\\\/05\\\/ZESTAW-WIERTEL-MORSEA-WALIZKA-14-5-30-STOZEK-HSS-KORONET.jpg\",\"datePublished\":\"2025-05-06T06:27:01+00:00\",\"description\":\"Ensemble de m\u00e8ches Koronet en acier haute vitesse HSS avec diam\u00e8tre de tige Morse, diam\u00e8tre de 14,5 \u00e0 30 mm. 9 forets inclus.\",\"breadcrumb\":{\"@id\":\"https:\\\/\\\/www.koro.net.pl\\\/fr\\\/produkt\\\/fixation-de-foret-koronet-avec-tige-de-morse\\\/#breadcrumb\"},\"inLanguage\":\"fr-FR\",\"potentialAction\":[{\"@type\":\"ReadAction\",\"target\":[\"https:\\\/\\\/www.koro.net.pl\\\/fr\\\/produkt\\\/fixation-de-foret-koronet-avec-tige-de-morse\\\/\"]}]},{\"@type\":\"ImageObject\",\"inLanguage\":\"fr-FR\",\"@id\":\"https:\\\/\\\/www.koro.net.pl\\\/fr\\\/produkt\\\/fixation-de-foret-koronet-avec-tige-de-morse\\\/#primaryimage\",\"url\":\"https:\\\/\\\/www.koro.net.pl\\\/wp-content\\\/uploads\\\/2025\\\/05\\\/ZESTAW-WIERTEL-MORSEA-WALIZKA-14-5-30-STOZEK-HSS-KORONET.jpg\",\"contentUrl\":\"https:\\\/\\\/www.koro.net.pl\\\/wp-content\\\/uploads\\\/2025\\\/05\\\/ZESTAW-WIERTEL-MORSEA-WALIZKA-14-5-30-STOZEK-HSS-KORONET.jpg\",\"width\":1200,\"height\":1200,\"caption\":\"zestaw wierte\u0142 z chwytem Morse'a\"},{\"@type\":\"BreadcrumbList\",\"@id\":\"https:\\\/\\\/www.koro.net.pl\\\/fr\\\/produkt\\\/fixation-de-foret-koronet-avec-tige-de-morse\\\/#breadcrumb\",\"itemListElement\":[{\"@type\":\"ListItem\",\"position\":1,\"name\":\"Strona g\u0142\u00f3wna\",\"item\":\"https:\\\/\\\/www.koro.net.pl\\\/fr\\\/\"},{\"@type\":\"ListItem\",\"position\":2,\"name\":\"Fixation de foret Koronet avec tige de Morse\"}]},{\"@type\":\"WebSite\",\"@id\":\"https:\\\/\\\/www.koro.net.pl\\\/fr\\\/#website\",\"url\":\"https:\\\/\\\/www.koro.net.pl\\\/fr\\\/\",\"name\":\"Koronet\",\"description\":\"\",\"publisher\":{\"@id\":\"https:\\\/\\\/www.koro.net.pl\\\/fr\\\/#organization\"},\"potentialAction\":[{\"@type\":\"SearchAction\",\"target\":{\"@type\":\"EntryPoint\",\"urlTemplate\":\"https:\\\/\\\/www.koro.net.pl\\\/fr\\\/?s={search_term_string}\"},\"query-input\":{\"@type\":\"PropertyValueSpecification\",\"valueRequired\":true,\"valueName\":\"search_term_string\"}}],\"inLanguage\":\"fr-FR\"},{\"@type\":\"Organization\",\"@id\":\"https:\\\/\\\/www.koro.net.pl\\\/fr\\\/#organization\",\"name\":\"Koronet\",\"alternateName\":\"Koronet\",\"url\":\"https:\\\/\\\/www.koro.net.pl\\\/fr\\\/\",\"logo\":{\"@type\":\"ImageObject\",\"inLanguage\":\"fr-FR\",\"@id\":\"https:\\\/\\\/www.koro.net.pl\\\/fr\\\/#\\\/schema\\\/logo\\\/image\\\/\",\"url\":\"https:\\\/\\\/www.koro.net.pl\\\/wp-content\\\/uploads\\\/2025\\\/02\\\/Koronet-spolka-z-o.o.png\",\"contentUrl\":\"https:\\\/\\\/www.koro.net.pl\\\/wp-content\\\/uploads\\\/2025\\\/02\\\/Koronet-spolka-z-o.o.png\",\"width\":696,\"height\":696,\"caption\":\"Koronet\"},\"image\":{\"@id\":\"https:\\\/\\\/www.koro.net.pl\\\/fr\\\/#\\\/schema\\\/logo\\\/image\\\/\"}}]}<\/script>\n<!-- \/ Yoast SEO plugin. -->","yoast_head_json":{"title":"Fixation de foret Koronet avec tige de Morse","description":"Ensemble de m\u00e8ches Koronet en acier haute vitesse HSS avec diam\u00e8tre de tige Morse, diam\u00e8tre de 14,5 \u00e0 30 mm. 9 forets inclus.","robots":{"index":"index","follow":"follow","max-snippet":"max-snippet:-1","max-image-preview":"max-image-preview:large","max-video-preview":"max-video-preview:-1"},"canonical":"https:\/\/www.koro.net.pl\/fr\/produkt\/fixation-de-foret-koronet-avec-tige-de-morse\/","og_locale":"fr_FR","og_type":"article","og_title":"Fixation de foret Koronet avec tige de Morse","og_description":"Ensemble de m\u00e8ches Koronet en acier haute vitesse HSS avec diam\u00e8tre de tige Morse, diam\u00e8tre de 14,5 \u00e0 30 mm. 9 forets inclus.","og_url":"https:\/\/www.koro.net.pl\/fr\/produkt\/fixation-de-foret-koronet-avec-tige-de-morse\/","og_site_name":"Koronet","og_image":[{"width":1200,"height":1200,"url":"https:\/\/www.koro.net.pl\/wp-content\/uploads\/2025\/05\/ZESTAW-WIERTEL-MORSEA-WALIZKA-14-5-30-STOZEK-HSS-KORONET.jpg","type":"image\/jpeg"}],"twitter_card":"summary_large_image","schema":{"@context":"https:\/\/schema.org","@graph":[{"@type":"WebPage","@id":"https:\/\/www.koro.net.pl\/fr\/produkt\/fixation-de-foret-koronet-avec-tige-de-morse\/","url":"https:\/\/www.koro.net.pl\/fr\/produkt\/fixation-de-foret-koronet-avec-tige-de-morse\/","name":"Fixation de foret Koronet avec tige de Morse","isPartOf":{"@id":"https:\/\/www.koro.net.pl\/fr\/#website"},"primaryImageOfPage":{"@id":"https:\/\/www.koro.net.pl\/fr\/produkt\/fixation-de-foret-koronet-avec-tige-de-morse\/#primaryimage"},"image":{"@id":"https:\/\/www.koro.net.pl\/fr\/produkt\/fixation-de-foret-koronet-avec-tige-de-morse\/#primaryimage"},"thumbnailUrl":"https:\/\/www.koro.net.pl\/wp-content\/uploads\/2025\/05\/ZESTAW-WIERTEL-MORSEA-WALIZKA-14-5-30-STOZEK-HSS-KORONET.jpg","datePublished":"2025-05-06T06:27:01+00:00","description":"Ensemble de m\u00e8ches Koronet en acier haute vitesse HSS avec diam\u00e8tre de tige Morse, diam\u00e8tre de 14,5 \u00e0 30 mm. 9 forets inclus.","breadcrumb":{"@id":"https:\/\/www.koro.net.pl\/fr\/produkt\/fixation-de-foret-koronet-avec-tige-de-morse\/#breadcrumb"},"inLanguage":"fr-FR","potentialAction":[{"@type":"ReadAction","target":["https:\/\/www.koro.net.pl\/fr\/produkt\/fixation-de-foret-koronet-avec-tige-de-morse\/"]}]},{"@type":"ImageObject","inLanguage":"fr-FR","@id":"https:\/\/www.koro.net.pl\/fr\/produkt\/fixation-de-foret-koronet-avec-tige-de-morse\/#primaryimage","url":"https:\/\/www.koro.net.pl\/wp-content\/uploads\/2025\/05\/ZESTAW-WIERTEL-MORSEA-WALIZKA-14-5-30-STOZEK-HSS-KORONET.jpg","contentUrl":"https:\/\/www.koro.net.pl\/wp-content\/uploads\/2025\/05\/ZESTAW-WIERTEL-MORSEA-WALIZKA-14-5-30-STOZEK-HSS-KORONET.jpg","width":1200,"height":1200,"caption":"zestaw wierte\u0142 z chwytem Morse'a"},{"@type":"BreadcrumbList","@id":"https:\/\/www.koro.net.pl\/fr\/produkt\/fixation-de-foret-koronet-avec-tige-de-morse\/#breadcrumb","itemListElement":[{"@type":"ListItem","position":1,"name":"Strona g\u0142\u00f3wna","item":"https:\/\/www.koro.net.pl\/fr\/"},{"@type":"ListItem","position":2,"name":"Fixation de foret Koronet avec tige de Morse"}]},{"@type":"WebSite","@id":"https:\/\/www.koro.net.pl\/fr\/#website","url":"https:\/\/www.koro.net.pl\/fr\/","name":"Koronet","description":"","publisher":{"@id":"https:\/\/www.koro.net.pl\/fr\/#organization"},"potentialAction":[{"@type":"SearchAction","target":{"@type":"EntryPoint","urlTemplate":"https:\/\/www.koro.net.pl\/fr\/?s={search_term_string}"},"query-input":{"@type":"PropertyValueSpecification","valueRequired":true,"valueName":"search_term_string"}}],"inLanguage":"fr-FR"},{"@type":"Organization","@id":"https:\/\/www.koro.net.pl\/fr\/#organization","name":"Koronet","alternateName":"Koronet","url":"https:\/\/www.koro.net.pl\/fr\/","logo":{"@type":"ImageObject","inLanguage":"fr-FR","@id":"https:\/\/www.koro.net.pl\/fr\/#\/schema\/logo\/image\/","url":"https:\/\/www.koro.net.pl\/wp-content\/uploads\/2025\/02\/Koronet-spolka-z-o.o.png","contentUrl":"https:\/\/www.koro.net.pl\/wp-content\/uploads\/2025\/02\/Koronet-spolka-z-o.o.png","width":696,"height":696,"caption":"Koronet"},"image":{"@id":"https:\/\/www.koro.net.pl\/fr\/#\/schema\/logo\/image\/"}}]}},"_links":{"self":[{"href":"https:\/\/www.koro.net.pl\/fr\/wp-json\/wp\/v2\/product\/11617","targetHints":{"allow":["GET"]}}],"collection":[{"href":"https:\/\/www.koro.net.pl\/fr\/wp-json\/wp\/v2\/product"}],"about":[{"href":"https:\/\/www.koro.net.pl\/fr\/wp-json\/wp\/v2\/types\/product"}],"wp:featuredmedia":[{"embeddable":true,"href":"https:\/\/www.koro.net.pl\/fr\/wp-json\/wp\/v2\/media\/6751"}],"wp:attachment":[{"href":"https:\/\/www.koro.net.pl\/fr\/wp-json\/wp\/v2\/media?parent=11617"}],"wp:term":[{"taxonomy":"product_brand","embeddable":true,"href":"https:\/\/www.koro.net.pl\/fr\/wp-json\/wp\/v2\/product_brand?post=11617"},{"taxonomy":"product_cat","embeddable":true,"href":"https:\/\/www.koro.net.pl\/fr\/wp-json\/wp\/v2\/product_cat?post=11617"},{"taxonomy":"product_tag","embeddable":true,"href":"https:\/\/www.koro.net.pl\/fr\/wp-json\/wp\/v2\/product_tag?post=11617"}],"curies":[{"name":"wp","href":"https:\/\/api.w.org\/{rel}","templated":true}]}}