{"id":11615,"date":"2025-06-26T09:48:17","date_gmt":"2025-06-26T07:48:17","guid":{"rendered":"https:\/\/www.koro.net.pl\/produkt\/meule-en-corindon-profile-pour-aiguiser-les-scies-a-ruban-andre-formule-3-150x6x20\/"},"modified":"2026-05-13T08:38:12","modified_gmt":"2026-05-13T06:38:12","slug":"meule-en-corindon-profile-pour-aiguiser-les-scies-a-ruban-andre-formule-3-150x6x20","status":"publish","type":"product","link":"https:\/\/www.koro.net.pl\/fr\/produkt\/meule-en-corindon-profile-pour-aiguiser-les-scies-a-ruban-andre-formule-3-150x6x20\/","title":{"rendered":"Meule en corindon profil\u00e9 pour aiguiser les scies \u00e0 ruban Andre formule 3 150x6x20"},"content":{"rendered":"<p>Meule professionnelle avec liant en bak\u00e9lite pour aiguiser des scies \u00e0 ruban, outils de coupe et outils en acier et acier inoxydable INOX. Ce type de meule est souvent utilis\u00e9 dans les industries de la scierie et du bois. <\/p>\n<p><strong>Caract\u00e9ristiques de base :<\/strong><\/p>\n<p><strong>Diam\u00e8tre : <\/strong>150<strong>mm<br \/>\nLargeur :<\/strong> 6 mm<br \/>\n<strong>Al\u00e9sage : <\/strong>20mm<\/p>\n<p><strong>Duret\u00e9 de la meule : <\/strong><strong>S<br \/>\nGrade liant : <\/strong>B<strong><br \/>\nGranulation : <\/strong>60<strong><br \/>\nVitesse de travail : <\/strong>50 m\/<strong>s<br \/>\nRotation<\/strong> : <strong>6400<\/strong> tr\/min<\/p>\n<p><strong>Formule 3 : recommand\u00e9e pour les travaux sur la pluie<\/strong><\/p>\n<p><strong>99A &#8211; <\/strong>Oxyde d\u2019aluminium noble<br \/>\nIl est obtenu \u00e0 partir d\u2019alumine pure. C\u2019est l\u2019oxyde d\u2019aluminium le plus<br \/>\npur contenant plus de 99 % d\u2019Al2O3.<br \/>\nElle se caract\u00e9rise par une grande duret\u00e9 et une grande fragilit\u00e9. Utilis\u00e9<br \/>\npour le meulage de pr\u00e9cision, par exemple : meulage de surface,<br \/>\n meulage cylindrique, aiguisage d\u2019outils de coupe.  <\/p>\n<p><b>Avantages de l\u2019utilisation d\u2019une meule en corindon :<\/b><\/p>\n<p>\u2022 \u00c9limination des br\u00fblures sur les surfaces aiguis\u00e9es provoquant des micro-fissures<\/p>\n<p>\u2022 Moins de rugosit\u00e9 \u00e0 la surface des dents aiguis\u00e9es<\/p>\n<p>\u2022 R\u00e9duction des co\u00fbts d\u2019exploitation pour les scies \u00e0 ruban et les scieries<\/p>\n","protected":false},"excerpt":{"rendered":"<p>Meule professionnelle avec liant en bak\u00e9lite pour aiguiser des scies \u00e0 ruban, outils de coupe et outils en acier et acier inoxydable INOX. Ce type de meule est souvent utilis\u00e9 [&hellip;]<\/p>\n","protected":false},"featured_media":7052,"template":"","meta":{"_acf_changed":false},"product_brand":[],"product_cat":[182,183],"product_tag":[],"class_list":{"0":"post-11615","1":"product","2":"type-product","3":"status-publish","4":"has-post-thumbnail","6":"product_cat-accessoires-de-scie-a-bande","7":"product_cat-meules","9":"first","10":"instock","11":"taxable","12":"shipping-taxable","13":"purchasable","14":"product-type-simple"},"acf":[],"yoast_head":"<!-- This site is optimized with the Yoast SEO plugin v27.5 - https:\/\/yoast.com\/product\/yoast-seo-wordpress\/ -->\n<title>Meule pour aiguiser les scies \u00e0 ruban Andre f.3 150x6x20<\/title>\n<meta name=\"description\" content=\"Meule professionnelle avec liant en bak\u00e9lite pour aiguiser des scies \u00e0 ruban, outils de coupe et outils en acier et acier inoxydable INOX.\" \/>\n<meta name=\"robots\" content=\"index, follow, max-snippet:-1, max-image-preview:large, max-video-preview:-1\" \/>\n<link rel=\"canonical\" href=\"https:\/\/www.koro.net.pl\/fr\/produkt\/meule-en-corindon-profile-pour-aiguiser-les-scies-a-ruban-andre-formule-3-150x6x20\/\" \/>\n<meta property=\"og:locale\" content=\"fr_FR\" \/>\n<meta property=\"og:type\" content=\"article\" \/>\n<meta property=\"og:title\" content=\"Meule pour aiguiser les scies \u00e0 ruban Andre f.3 150x6x20\" \/>\n<meta property=\"og:description\" content=\"Meule professionnelle avec liant en bak\u00e9lite pour aiguiser des scies \u00e0 ruban, outils de coupe et outils en acier et acier inoxydable INOX.\" \/>\n<meta property=\"og:url\" content=\"https:\/\/www.koro.net.pl\/fr\/produkt\/meule-en-corindon-profile-pour-aiguiser-les-scies-a-ruban-andre-formule-3-150x6x20\/\" \/>\n<meta property=\"og:site_name\" content=\"Koronet\" \/>\n<meta property=\"article:modified_time\" content=\"2026-05-13T06:38:12+00:00\" \/>\n<meta property=\"og:image\" content=\"https:\/\/www.koro.net.pl\/wp-content\/uploads\/2025\/06\/sciernica-150x6x20-F.3-zrobione.png\" \/>\n\t<meta property=\"og:image:width\" content=\"600\" \/>\n\t<meta property=\"og:image:height\" content=\"600\" \/>\n\t<meta property=\"og:image:type\" content=\"image\/png\" \/>\n<meta name=\"twitter:card\" content=\"summary_large_image\" \/>\n<meta name=\"twitter:label1\" content=\"Dur\u00e9e de lecture estim\u00e9e\" \/>\n\t<meta name=\"twitter:data1\" content=\"1 minute\" \/>\n<script type=\"application\/ld+json\" class=\"yoast-schema-graph\">{\"@context\":\"https:\\\/\\\/schema.org\",\"@graph\":[{\"@type\":\"WebPage\",\"@id\":\"https:\\\/\\\/www.koro.net.pl\\\/fr\\\/produkt\\\/meule-en-corindon-profile-pour-aiguiser-les-scies-a-ruban-andre-formule-3-150x6x20\\\/\",\"url\":\"https:\\\/\\\/www.koro.net.pl\\\/fr\\\/produkt\\\/meule-en-corindon-profile-pour-aiguiser-les-scies-a-ruban-andre-formule-3-150x6x20\\\/\",\"name\":\"Meule pour aiguiser les scies \u00e0 ruban Andre f.3 150x6x20\",\"isPartOf\":{\"@id\":\"https:\\\/\\\/www.koro.net.pl\\\/fr\\\/#website\"},\"primaryImageOfPage\":{\"@id\":\"https:\\\/\\\/www.koro.net.pl\\\/fr\\\/produkt\\\/meule-en-corindon-profile-pour-aiguiser-les-scies-a-ruban-andre-formule-3-150x6x20\\\/#primaryimage\"},\"image\":{\"@id\":\"https:\\\/\\\/www.koro.net.pl\\\/fr\\\/produkt\\\/meule-en-corindon-profile-pour-aiguiser-les-scies-a-ruban-andre-formule-3-150x6x20\\\/#primaryimage\"},\"thumbnailUrl\":\"https:\\\/\\\/www.koro.net.pl\\\/wp-content\\\/uploads\\\/2025\\\/06\\\/sciernica-150x6x20-F.3-zrobione.png\",\"datePublished\":\"2025-06-26T07:48:17+00:00\",\"dateModified\":\"2026-05-13T06:38:12+00:00\",\"description\":\"Meule professionnelle avec liant en bak\u00e9lite pour aiguiser des scies \u00e0 ruban, outils de coupe et outils en acier et acier inoxydable INOX.\",\"breadcrumb\":{\"@id\":\"https:\\\/\\\/www.koro.net.pl\\\/fr\\\/produkt\\\/meule-en-corindon-profile-pour-aiguiser-les-scies-a-ruban-andre-formule-3-150x6x20\\\/#breadcrumb\"},\"inLanguage\":\"fr-FR\",\"potentialAction\":[{\"@type\":\"ReadAction\",\"target\":[\"https:\\\/\\\/www.koro.net.pl\\\/fr\\\/produkt\\\/meule-en-corindon-profile-pour-aiguiser-les-scies-a-ruban-andre-formule-3-150x6x20\\\/\"]}]},{\"@type\":\"ImageObject\",\"inLanguage\":\"fr-FR\",\"@id\":\"https:\\\/\\\/www.koro.net.pl\\\/fr\\\/produkt\\\/meule-en-corindon-profile-pour-aiguiser-les-scies-a-ruban-andre-formule-3-150x6x20\\\/#primaryimage\",\"url\":\"https:\\\/\\\/www.koro.net.pl\\\/wp-content\\\/uploads\\\/2025\\\/06\\\/sciernica-150x6x20-F.3-zrobione.png\",\"contentUrl\":\"https:\\\/\\\/www.koro.net.pl\\\/wp-content\\\/uploads\\\/2025\\\/06\\\/sciernica-150x6x20-F.3-zrobione.png\",\"width\":600,\"height\":600,\"caption\":\"\u015bciernica korundowa Andre\"},{\"@type\":\"BreadcrumbList\",\"@id\":\"https:\\\/\\\/www.koro.net.pl\\\/fr\\\/produkt\\\/meule-en-corindon-profile-pour-aiguiser-les-scies-a-ruban-andre-formule-3-150x6x20\\\/#breadcrumb\",\"itemListElement\":[{\"@type\":\"ListItem\",\"position\":1,\"name\":\"Strona g\u0142\u00f3wna\",\"item\":\"https:\\\/\\\/www.koro.net.pl\\\/fr\\\/\"},{\"@type\":\"ListItem\",\"position\":2,\"name\":\"Meules\",\"item\":\"https:\\\/\\\/www.koro.net.pl\\\/fr\\\/produkty\\\/meules\\\/\"},{\"@type\":\"ListItem\",\"position\":3,\"name\":\"Meule en corindon profil\u00e9 pour aiguiser les scies \u00e0 ruban Andre formule 3 150x6x20\"}]},{\"@type\":\"WebSite\",\"@id\":\"https:\\\/\\\/www.koro.net.pl\\\/fr\\\/#website\",\"url\":\"https:\\\/\\\/www.koro.net.pl\\\/fr\\\/\",\"name\":\"Koronet\",\"description\":\"\",\"publisher\":{\"@id\":\"https:\\\/\\\/www.koro.net.pl\\\/fr\\\/#organization\"},\"potentialAction\":[{\"@type\":\"SearchAction\",\"target\":{\"@type\":\"EntryPoint\",\"urlTemplate\":\"https:\\\/\\\/www.koro.net.pl\\\/fr\\\/?s={search_term_string}\"},\"query-input\":{\"@type\":\"PropertyValueSpecification\",\"valueRequired\":true,\"valueName\":\"search_term_string\"}}],\"inLanguage\":\"fr-FR\"},{\"@type\":\"Organization\",\"@id\":\"https:\\\/\\\/www.koro.net.pl\\\/fr\\\/#organization\",\"name\":\"Koronet\",\"alternateName\":\"Koronet\",\"url\":\"https:\\\/\\\/www.koro.net.pl\\\/fr\\\/\",\"logo\":{\"@type\":\"ImageObject\",\"inLanguage\":\"fr-FR\",\"@id\":\"https:\\\/\\\/www.koro.net.pl\\\/fr\\\/#\\\/schema\\\/logo\\\/image\\\/\",\"url\":\"https:\\\/\\\/www.koro.net.pl\\\/wp-content\\\/uploads\\\/2025\\\/02\\\/Koronet-spolka-z-o.o.png\",\"contentUrl\":\"https:\\\/\\\/www.koro.net.pl\\\/wp-content\\\/uploads\\\/2025\\\/02\\\/Koronet-spolka-z-o.o.png\",\"width\":696,\"height\":696,\"caption\":\"Koronet\"},\"image\":{\"@id\":\"https:\\\/\\\/www.koro.net.pl\\\/fr\\\/#\\\/schema\\\/logo\\\/image\\\/\"}}]}<\/script>\n<!-- \/ Yoast SEO plugin. -->","yoast_head_json":{"title":"Meule pour aiguiser les scies \u00e0 ruban Andre f.3 150x6x20","description":"Meule professionnelle avec liant en bak\u00e9lite pour aiguiser des scies \u00e0 ruban, outils de coupe et outils en acier et acier inoxydable INOX.","robots":{"index":"index","follow":"follow","max-snippet":"max-snippet:-1","max-image-preview":"max-image-preview:large","max-video-preview":"max-video-preview:-1"},"canonical":"https:\/\/www.koro.net.pl\/fr\/produkt\/meule-en-corindon-profile-pour-aiguiser-les-scies-a-ruban-andre-formule-3-150x6x20\/","og_locale":"fr_FR","og_type":"article","og_title":"Meule pour aiguiser les scies \u00e0 ruban Andre f.3 150x6x20","og_description":"Meule professionnelle avec liant en bak\u00e9lite pour aiguiser des scies \u00e0 ruban, outils de coupe et outils en acier et acier inoxydable INOX.","og_url":"https:\/\/www.koro.net.pl\/fr\/produkt\/meule-en-corindon-profile-pour-aiguiser-les-scies-a-ruban-andre-formule-3-150x6x20\/","og_site_name":"Koronet","article_modified_time":"2026-05-13T06:38:12+00:00","og_image":[{"width":600,"height":600,"url":"https:\/\/www.koro.net.pl\/wp-content\/uploads\/2025\/06\/sciernica-150x6x20-F.3-zrobione.png","type":"image\/png"}],"twitter_card":"summary_large_image","twitter_misc":{"Dur\u00e9e de lecture estim\u00e9e":"1 minute"},"schema":{"@context":"https:\/\/schema.org","@graph":[{"@type":"WebPage","@id":"https:\/\/www.koro.net.pl\/fr\/produkt\/meule-en-corindon-profile-pour-aiguiser-les-scies-a-ruban-andre-formule-3-150x6x20\/","url":"https:\/\/www.koro.net.pl\/fr\/produkt\/meule-en-corindon-profile-pour-aiguiser-les-scies-a-ruban-andre-formule-3-150x6x20\/","name":"Meule pour aiguiser les scies \u00e0 ruban Andre f.3 150x6x20","isPartOf":{"@id":"https:\/\/www.koro.net.pl\/fr\/#website"},"primaryImageOfPage":{"@id":"https:\/\/www.koro.net.pl\/fr\/produkt\/meule-en-corindon-profile-pour-aiguiser-les-scies-a-ruban-andre-formule-3-150x6x20\/#primaryimage"},"image":{"@id":"https:\/\/www.koro.net.pl\/fr\/produkt\/meule-en-corindon-profile-pour-aiguiser-les-scies-a-ruban-andre-formule-3-150x6x20\/#primaryimage"},"thumbnailUrl":"https:\/\/www.koro.net.pl\/wp-content\/uploads\/2025\/06\/sciernica-150x6x20-F.3-zrobione.png","datePublished":"2025-06-26T07:48:17+00:00","dateModified":"2026-05-13T06:38:12+00:00","description":"Meule professionnelle avec liant en bak\u00e9lite pour aiguiser des scies \u00e0 ruban, outils de coupe et outils en acier et acier inoxydable INOX.","breadcrumb":{"@id":"https:\/\/www.koro.net.pl\/fr\/produkt\/meule-en-corindon-profile-pour-aiguiser-les-scies-a-ruban-andre-formule-3-150x6x20\/#breadcrumb"},"inLanguage":"fr-FR","potentialAction":[{"@type":"ReadAction","target":["https:\/\/www.koro.net.pl\/fr\/produkt\/meule-en-corindon-profile-pour-aiguiser-les-scies-a-ruban-andre-formule-3-150x6x20\/"]}]},{"@type":"ImageObject","inLanguage":"fr-FR","@id":"https:\/\/www.koro.net.pl\/fr\/produkt\/meule-en-corindon-profile-pour-aiguiser-les-scies-a-ruban-andre-formule-3-150x6x20\/#primaryimage","url":"https:\/\/www.koro.net.pl\/wp-content\/uploads\/2025\/06\/sciernica-150x6x20-F.3-zrobione.png","contentUrl":"https:\/\/www.koro.net.pl\/wp-content\/uploads\/2025\/06\/sciernica-150x6x20-F.3-zrobione.png","width":600,"height":600,"caption":"\u015bciernica korundowa Andre"},{"@type":"BreadcrumbList","@id":"https:\/\/www.koro.net.pl\/fr\/produkt\/meule-en-corindon-profile-pour-aiguiser-les-scies-a-ruban-andre-formule-3-150x6x20\/#breadcrumb","itemListElement":[{"@type":"ListItem","position":1,"name":"Strona g\u0142\u00f3wna","item":"https:\/\/www.koro.net.pl\/fr\/"},{"@type":"ListItem","position":2,"name":"Meules","item":"https:\/\/www.koro.net.pl\/fr\/produkty\/meules\/"},{"@type":"ListItem","position":3,"name":"Meule en corindon profil\u00e9 pour aiguiser les scies \u00e0 ruban Andre formule 3 150x6x20"}]},{"@type":"WebSite","@id":"https:\/\/www.koro.net.pl\/fr\/#website","url":"https:\/\/www.koro.net.pl\/fr\/","name":"Koronet","description":"","publisher":{"@id":"https:\/\/www.koro.net.pl\/fr\/#organization"},"potentialAction":[{"@type":"SearchAction","target":{"@type":"EntryPoint","urlTemplate":"https:\/\/www.koro.net.pl\/fr\/?s={search_term_string}"},"query-input":{"@type":"PropertyValueSpecification","valueRequired":true,"valueName":"search_term_string"}}],"inLanguage":"fr-FR"},{"@type":"Organization","@id":"https:\/\/www.koro.net.pl\/fr\/#organization","name":"Koronet","alternateName":"Koronet","url":"https:\/\/www.koro.net.pl\/fr\/","logo":{"@type":"ImageObject","inLanguage":"fr-FR","@id":"https:\/\/www.koro.net.pl\/fr\/#\/schema\/logo\/image\/","url":"https:\/\/www.koro.net.pl\/wp-content\/uploads\/2025\/02\/Koronet-spolka-z-o.o.png","contentUrl":"https:\/\/www.koro.net.pl\/wp-content\/uploads\/2025\/02\/Koronet-spolka-z-o.o.png","width":696,"height":696,"caption":"Koronet"},"image":{"@id":"https:\/\/www.koro.net.pl\/fr\/#\/schema\/logo\/image\/"}}]}},"_links":{"self":[{"href":"https:\/\/www.koro.net.pl\/fr\/wp-json\/wp\/v2\/product\/11615","targetHints":{"allow":["GET"]}}],"collection":[{"href":"https:\/\/www.koro.net.pl\/fr\/wp-json\/wp\/v2\/product"}],"about":[{"href":"https:\/\/www.koro.net.pl\/fr\/wp-json\/wp\/v2\/types\/product"}],"wp:featuredmedia":[{"embeddable":true,"href":"https:\/\/www.koro.net.pl\/fr\/wp-json\/wp\/v2\/media\/7052"}],"wp:attachment":[{"href":"https:\/\/www.koro.net.pl\/fr\/wp-json\/wp\/v2\/media?parent=11615"}],"wp:term":[{"taxonomy":"product_brand","embeddable":true,"href":"https:\/\/www.koro.net.pl\/fr\/wp-json\/wp\/v2\/product_brand?post=11615"},{"taxonomy":"product_cat","embeddable":true,"href":"https:\/\/www.koro.net.pl\/fr\/wp-json\/wp\/v2\/product_cat?post=11615"},{"taxonomy":"product_tag","embeddable":true,"href":"https:\/\/www.koro.net.pl\/fr\/wp-json\/wp\/v2\/product_tag?post=11615"}],"curies":[{"name":"wp","href":"https:\/\/api.w.org\/{rel}","templated":true}]}}