{"id":11592,"date":"2025-10-03T14:31:12","date_gmt":"2025-10-03T12:31:12","guid":{"rendered":"https:\/\/www.koro.net.pl\/produkt\/sage-de-la-bande-en-carbure-de-rontgen-hm-titan-mu\/"},"modified":"2026-05-13T08:37:54","modified_gmt":"2026-05-13T06:37:54","slug":"sage-de-la-bande-en-carbure-de-rontgen-hm-titan-mu","status":"publish","type":"product","link":"https:\/\/www.koro.net.pl\/fr\/produkt\/sage-de-la-bande-en-carbure-de-rontgen-hm-titan-mu\/","title":{"rendered":"Sage de la bande en carbure de R\u00f6ntgen HM-Titan MU"},"content":{"rendered":"<h2 data-start=\"325\" data-end=\"770\">Sage de la bande en carbure de R\u00f6ntgen HM-Titan MU<\/h2>\n<p><strong data-start=\"73\" data-end=\"79\">HM<\/strong> \u2013 abr\u00e9viation de <em data-start=\"91\" data-end=\"103\">Hartmetall<\/em> (le terme allemand pour <em data-start=\"153\" data-end=\"162\" data-is-only-node=\"\">carbure<\/em>). Cela signifie que les dents de scie ont des pointes en carbure. <\/p>\n<p><strong data-start=\"227\" data-end=\"236\">Titan<\/strong> \u2013 le nom de la s\u00e9rie R\u00f6ntgen (marque), associ\u00e9 \u00e0 une durabilit\u00e9 exceptionnelle et \u00e0 une utilisation pour les mat\u00e9riaux les plus difficiles.<\/p>\n<p><strong data-start=\"362\" data-end=\"368\">MU<\/strong> \u2013 abr\u00e9viation de <em data-start=\"380\" data-end=\"402\">Multi-Chip Universal<\/em>. <strong data-start=\"411\" data-end=\"425\">Le \u2192 Multi-Chip<\/strong> d\u00e9signe une g\u00e9om\u00e9trie dentaire sp\u00e9ciale qui divise la puce en morceaux plus petits (charge uniforme, fonctionnement plus silencieux, moins d\u2019usure).<\/p>\n<h3 data-start=\"325\" data-end=\"770\"><strong data-start=\"325\" data-end=\"342\">Description du produit<\/strong><\/h3>\n<p data-start=\"325\" data-end=\"770\">La HM-Titan MU est une scie \u00e0 bande professionnelle \u00e0 dents en carbure con\u00e7ue pour la coupe exigeante de divers aciers \u2013 des aciers structurels et d\u2019outils aux aciers inoxydables en passant par les aciers \u00e0 haute vitesse (HSS). L\u2019utilisation de pointes en carbure de haute qualit\u00e9, combin\u00e9e \u00e0 une g\u00e9om\u00e9trie <em data-start=\"647\" data-end=\"659\">multi-puces<\/em> , assure un fonctionnement stable et silencieux, une \u00e9vacuation efficace des puces et une dur\u00e9e de vie de l\u2019outil consid\u00e9rablement prolong\u00e9e. <\/p>\n<h3 data-start=\"772\" data-end=\"797\"><strong data-start=\"772\" data-end=\"795\">Caract\u00e9ristiques principales<\/strong><\/h3>\n<ul data-start=\"798\" data-end=\"1236\">\n<li data-start=\"798\" data-end=\"864\">\n<p data-start=\"800\" data-end=\"864\">Carbure haute performance \u00e0 pointe.<\/p>\n<\/li>\n<li data-start=\"865\" data-end=\"955\">\n<p data-start=\"867\" data-end=\"955\"><em data-start=\"877\" data-end=\"889\">G\u00e9om\u00e9trie multi-puces<\/em> \u2013 meilleure formation et retrait des \u00e9clats, r\u00e9duction des vibrations et du bruit.<\/p>\n<\/li>\n<li data-start=\"956\" data-end=\"1045\">\n<p data-start=\"958\" data-end=\"1045\">Utilisation universelle pour de nombreux types d\u2019acier, y compris l\u2019acier inoxydable et l\u2019acier rapide.<\/p>\n<\/li>\n<li data-start=\"1046\" data-end=\"1115\">\n<p data-start=\"1048\" data-end=\"1115\">\u00c9quilibre parfait entre vitesse de coupe et durabilit\u00e9 de la lame.<\/p>\n<\/li>\n<li data-start=\"1116\" data-end=\"1236\">\n<p data-start=\"1118\" data-end=\"1236\">Bande de base en acier \u00e0 forte r\u00e9sistance \u00e0 la fatigue \u2013 garantit un fonctionnement stable m\u00eame sous charges lourdes.<\/p>\n<\/li>\n<\/ul>\n<h3 data-start=\"1238\" data-end=\"1256\"><strong data-start=\"1238\" data-end=\"1254\">Application<\/strong><\/h3>\n<ul data-start=\"1257\" data-end=\"1495\">\n<li data-start=\"1257\" data-end=\"1317\">\n<p data-start=\"1259\" data-end=\"1317\">D\u00e9coupe de barres, profils, sections et plaques d\u2019acier.<\/p>\n<\/li>\n<li data-start=\"1318\" data-end=\"1375\">\n<p data-start=\"1320\" data-end=\"1375\">Usinage de mat\u00e9riaux d\u2019une r\u00e9sistance allant jusqu\u2019\u00e0 environ 1600 N\/mm\u00b2. <\/p>\n<\/li>\n<li data-start=\"1376\" data-end=\"1495\">\n<p data-start=\"1378\" data-end=\"1495\">Id\u00e9al pour la production en s\u00e9rie et les applications industrielles o\u00f9 la fiabilit\u00e9 et la qualit\u00e9 de la surface de coupe sont importantes.<\/p>\n<\/li>\n<\/ul>\n<h3 data-start=\"1497\" data-end=\"1544\"><strong data-start=\"1497\" data-end=\"1542\">Tailles et pas de dents disponibles (TPI)<\/strong><\/h3>\n<ul data-start=\"1545\" data-end=\"1712\">\n<li data-start=\"1545\" data-end=\"1596\">\n<p data-start=\"1547\" data-end=\"1596\">Largeurs de ceinture : de 27 \u00d7 0,9 mm \u00e0 80 \u00d7 1,6 mm.<\/p>\n<\/li>\n<li data-start=\"1597\" data-end=\"1712\">\n<p data-start=\"1599\" data-end=\"1712\">Configurations typiques de dents : 0,85\/1,15 | 1.1\/1.6 | 1,5\/2 | 1,8\/2,2 \u2013 selon la section transversale du mat\u00e9riau \u00e0 d\u00e9couper.<\/p>\n<\/li>\n<\/ul>\n<h3 data-start=\"1714\" data-end=\"1744\"><strong data-start=\"1714\" data-end=\"1742\">Avantages pour l\u2019utilisateur<\/strong><\/h3>\n<ul data-start=\"1745\" data-end=\"1955\">\n<li data-start=\"1745\" data-end=\"1831\">\n<p data-start=\"1747\" data-end=\"1831\">Dur\u00e9e de vie de l\u2019outil plus longue compar\u00e9e aux scies bim\u00e9talliques standard.<\/p>\n<\/li>\n<li data-start=\"1832\" data-end=\"1884\">\n<p data-start=\"1834\" data-end=\"1884\">Param\u00e8tres de fonctionnement stables et haute qualit\u00e9 de coupe.<\/p>\n<\/li>\n<li data-start=\"1885\" data-end=\"1955\">\n<p data-start=\"1887\" data-end=\"1955\">Une grande vari\u00e9t\u00e9 de mat\u00e9riaux peut \u00eatre trait\u00e9e avec un seul outil.<\/p>\n<\/li>\n<\/ul>\n<div style=\"margin: 24px 0 8px; text-align: center;\"><a style=\"display: inline-block; background: #e30613 !important; color: #fff !important; text-decoration: none !important; font: 600 18px\/1.2 system-ui,-apple-system,'Segoe UI',Roboto,'Helvetica Neue',Arial,'Noto Sans','Liberation Sans',sans-serif !important; padding: 14px 20px; border-radius: 8px; box-shadow: 0 2px 8px rgba(0,0,0,.15); letter-spacing: .2px; transition: transform .06s ease, box-shadow .2s ease, opacity .2s ease;\" href=\"tel:+48506226158\">Avez-vous des questions ?  <strong>Appelez-nous !<\/strong>  506-226-158<br \/>\n<\/a><\/div>\n","protected":false},"excerpt":{"rendered":"<p>Sage de la bande en carbure de R\u00f6ntgen HM-Titan MU HM \u2013 abr\u00e9viation de Hartmetall (le terme allemand pour carbure). Cela signifie que les dents de scie ont des pointes [&hellip;]<\/p>\n","protected":false},"featured_media":7811,"template":"","meta":{"_acf_changed":false},"product_brand":[],"product_cat":[181,180],"product_tag":[],"class_list":{"0":"post-11592","1":"product","2":"type-product","3":"status-publish","4":"has-post-thumbnail","6":"product_cat-scies-a-ruban-avec-carbure-cimente","7":"product_cat-scies-a-ruban-pour-metal","9":"first","10":"instock","11":"taxable","12":"shipping-taxable","13":"product-type-simple"},"acf":[],"yoast_head":"<!-- This site is optimized with the Yoast SEO plugin v27.5 - https:\/\/yoast.com\/product\/yoast-seo-wordpress\/ -->\n<title>HM-Titan MU \u2013 scie \u00e0 bande en carbure<\/title>\n<meta name=\"description\" content=\"Scie \u00e0 ruban universelle avec g\u00e9om\u00e9trie multi-puces. Le HM-Titan MU offre stabilit\u00e9, pr\u00e9cision et une dur\u00e9e de vie plus longue lors de la d\u00e9coupe de diff\u00e9rentes qualit\u00e9s d\u2019acier.\" \/>\n<meta name=\"robots\" content=\"index, follow, max-snippet:-1, max-image-preview:large, max-video-preview:-1\" \/>\n<link rel=\"canonical\" href=\"https:\/\/www.koro.net.pl\/fr\/produkt\/sage-de-la-bande-en-carbure-de-rontgen-hm-titan-mu\/\" \/>\n<meta property=\"og:locale\" content=\"fr_FR\" \/>\n<meta property=\"og:type\" content=\"article\" \/>\n<meta property=\"og:title\" content=\"HM-Titan MU \u2013 scie \u00e0 bande en carbure\" \/>\n<meta property=\"og:description\" content=\"Scie \u00e0 ruban universelle avec g\u00e9om\u00e9trie multi-puces. Le HM-Titan MU offre stabilit\u00e9, pr\u00e9cision et une dur\u00e9e de vie plus longue lors de la d\u00e9coupe de diff\u00e9rentes qualit\u00e9s d\u2019acier.\" \/>\n<meta property=\"og:url\" content=\"https:\/\/www.koro.net.pl\/fr\/produkt\/sage-de-la-bande-en-carbure-de-rontgen-hm-titan-mu\/\" \/>\n<meta property=\"og:site_name\" content=\"Koronet\" \/>\n<meta property=\"article:modified_time\" content=\"2026-05-13T06:37:54+00:00\" \/>\n<meta property=\"og:image\" content=\"https:\/\/www.koro.net.pl\/wp-content\/uploads\/2025\/10\/HM-Titan-MU-obrocone-800x500-1.png\" \/>\n\t<meta property=\"og:image:width\" content=\"800\" \/>\n\t<meta property=\"og:image:height\" content=\"500\" \/>\n\t<meta property=\"og:image:type\" content=\"image\/png\" \/>\n<meta name=\"twitter:card\" content=\"summary_large_image\" \/>\n<meta name=\"twitter:label1\" content=\"Dur\u00e9e de lecture estim\u00e9e\" \/>\n\t<meta name=\"twitter:data1\" content=\"2 minutes\" \/>\n<script type=\"application\/ld+json\" class=\"yoast-schema-graph\">{\"@context\":\"https:\\\/\\\/schema.org\",\"@graph\":[{\"@type\":\"WebPage\",\"@id\":\"https:\\\/\\\/www.koro.net.pl\\\/fr\\\/produkt\\\/sage-de-la-bande-en-carbure-de-rontgen-hm-titan-mu\\\/\",\"url\":\"https:\\\/\\\/www.koro.net.pl\\\/fr\\\/produkt\\\/sage-de-la-bande-en-carbure-de-rontgen-hm-titan-mu\\\/\",\"name\":\"HM-Titan MU \u2013 scie \u00e0 bande en carbure\",\"isPartOf\":{\"@id\":\"https:\\\/\\\/www.koro.net.pl\\\/fr\\\/#website\"},\"primaryImageOfPage\":{\"@id\":\"https:\\\/\\\/www.koro.net.pl\\\/fr\\\/produkt\\\/sage-de-la-bande-en-carbure-de-rontgen-hm-titan-mu\\\/#primaryimage\"},\"image\":{\"@id\":\"https:\\\/\\\/www.koro.net.pl\\\/fr\\\/produkt\\\/sage-de-la-bande-en-carbure-de-rontgen-hm-titan-mu\\\/#primaryimage\"},\"thumbnailUrl\":\"https:\\\/\\\/www.koro.net.pl\\\/wp-content\\\/uploads\\\/2025\\\/10\\\/HM-Titan-MU-obrocone-800x500-1.png\",\"datePublished\":\"2025-10-03T12:31:12+00:00\",\"dateModified\":\"2026-05-13T06:37:54+00:00\",\"description\":\"Scie \u00e0 ruban universelle avec g\u00e9om\u00e9trie multi-puces. Le HM-Titan MU offre stabilit\u00e9, pr\u00e9cision et une dur\u00e9e de vie plus longue lors de la d\u00e9coupe de diff\u00e9rentes qualit\u00e9s d\u2019acier.\",\"breadcrumb\":{\"@id\":\"https:\\\/\\\/www.koro.net.pl\\\/fr\\\/produkt\\\/sage-de-la-bande-en-carbure-de-rontgen-hm-titan-mu\\\/#breadcrumb\"},\"inLanguage\":\"fr-FR\",\"potentialAction\":[{\"@type\":\"ReadAction\",\"target\":[\"https:\\\/\\\/www.koro.net.pl\\\/fr\\\/produkt\\\/sage-de-la-bande-en-carbure-de-rontgen-hm-titan-mu\\\/\"]}]},{\"@type\":\"ImageObject\",\"inLanguage\":\"fr-FR\",\"@id\":\"https:\\\/\\\/www.koro.net.pl\\\/fr\\\/produkt\\\/sage-de-la-bande-en-carbure-de-rontgen-hm-titan-mu\\\/#primaryimage\",\"url\":\"https:\\\/\\\/www.koro.net.pl\\\/wp-content\\\/uploads\\\/2025\\\/10\\\/HM-Titan-MU-obrocone-800x500-1.png\",\"contentUrl\":\"https:\\\/\\\/www.koro.net.pl\\\/wp-content\\\/uploads\\\/2025\\\/10\\\/HM-Titan-MU-obrocone-800x500-1.png\",\"width\":800,\"height\":500,\"caption\":\"pi\u0142a ta\u015bmowa z w\u0119glikiem spiekanym\"},{\"@type\":\"BreadcrumbList\",\"@id\":\"https:\\\/\\\/www.koro.net.pl\\\/fr\\\/produkt\\\/sage-de-la-bande-en-carbure-de-rontgen-hm-titan-mu\\\/#breadcrumb\",\"itemListElement\":[{\"@type\":\"ListItem\",\"position\":1,\"name\":\"Strona g\u0142\u00f3wna\",\"item\":\"https:\\\/\\\/www.koro.net.pl\\\/fr\\\/\"},{\"@type\":\"ListItem\",\"position\":2,\"name\":\"Scies \u00e0 ruban pour m\u00e9tal\",\"item\":\"https:\\\/\\\/www.koro.net.pl\\\/fr\\\/produkty\\\/scies-a-ruban-pour-metal\\\/\"},{\"@type\":\"ListItem\",\"position\":3,\"name\":\"Sage de la bande en carbure de R\u00f6ntgen HM-Titan MU\"}]},{\"@type\":\"WebSite\",\"@id\":\"https:\\\/\\\/www.koro.net.pl\\\/fr\\\/#website\",\"url\":\"https:\\\/\\\/www.koro.net.pl\\\/fr\\\/\",\"name\":\"Koronet\",\"description\":\"\",\"publisher\":{\"@id\":\"https:\\\/\\\/www.koro.net.pl\\\/fr\\\/#organization\"},\"potentialAction\":[{\"@type\":\"SearchAction\",\"target\":{\"@type\":\"EntryPoint\",\"urlTemplate\":\"https:\\\/\\\/www.koro.net.pl\\\/fr\\\/?s={search_term_string}\"},\"query-input\":{\"@type\":\"PropertyValueSpecification\",\"valueRequired\":true,\"valueName\":\"search_term_string\"}}],\"inLanguage\":\"fr-FR\"},{\"@type\":\"Organization\",\"@id\":\"https:\\\/\\\/www.koro.net.pl\\\/fr\\\/#organization\",\"name\":\"Koronet\",\"alternateName\":\"Koronet\",\"url\":\"https:\\\/\\\/www.koro.net.pl\\\/fr\\\/\",\"logo\":{\"@type\":\"ImageObject\",\"inLanguage\":\"fr-FR\",\"@id\":\"https:\\\/\\\/www.koro.net.pl\\\/fr\\\/#\\\/schema\\\/logo\\\/image\\\/\",\"url\":\"https:\\\/\\\/www.koro.net.pl\\\/wp-content\\\/uploads\\\/2025\\\/02\\\/Koronet-spolka-z-o.o.png\",\"contentUrl\":\"https:\\\/\\\/www.koro.net.pl\\\/wp-content\\\/uploads\\\/2025\\\/02\\\/Koronet-spolka-z-o.o.png\",\"width\":696,\"height\":696,\"caption\":\"Koronet\"},\"image\":{\"@id\":\"https:\\\/\\\/www.koro.net.pl\\\/fr\\\/#\\\/schema\\\/logo\\\/image\\\/\"}}]}<\/script>\n<!-- \/ Yoast SEO plugin. -->","yoast_head_json":{"title":"HM-Titan MU \u2013 scie \u00e0 bande en carbure","description":"Scie \u00e0 ruban universelle avec g\u00e9om\u00e9trie multi-puces. Le HM-Titan MU offre stabilit\u00e9, pr\u00e9cision et une dur\u00e9e de vie plus longue lors de la d\u00e9coupe de diff\u00e9rentes qualit\u00e9s d\u2019acier.","robots":{"index":"index","follow":"follow","max-snippet":"max-snippet:-1","max-image-preview":"max-image-preview:large","max-video-preview":"max-video-preview:-1"},"canonical":"https:\/\/www.koro.net.pl\/fr\/produkt\/sage-de-la-bande-en-carbure-de-rontgen-hm-titan-mu\/","og_locale":"fr_FR","og_type":"article","og_title":"HM-Titan MU \u2013 scie \u00e0 bande en carbure","og_description":"Scie \u00e0 ruban universelle avec g\u00e9om\u00e9trie multi-puces. Le HM-Titan MU offre stabilit\u00e9, pr\u00e9cision et une dur\u00e9e de vie plus longue lors de la d\u00e9coupe de diff\u00e9rentes qualit\u00e9s d\u2019acier.","og_url":"https:\/\/www.koro.net.pl\/fr\/produkt\/sage-de-la-bande-en-carbure-de-rontgen-hm-titan-mu\/","og_site_name":"Koronet","article_modified_time":"2026-05-13T06:37:54+00:00","og_image":[{"width":800,"height":500,"url":"https:\/\/www.koro.net.pl\/wp-content\/uploads\/2025\/10\/HM-Titan-MU-obrocone-800x500-1.png","type":"image\/png"}],"twitter_card":"summary_large_image","twitter_misc":{"Dur\u00e9e de lecture estim\u00e9e":"2 minutes"},"schema":{"@context":"https:\/\/schema.org","@graph":[{"@type":"WebPage","@id":"https:\/\/www.koro.net.pl\/fr\/produkt\/sage-de-la-bande-en-carbure-de-rontgen-hm-titan-mu\/","url":"https:\/\/www.koro.net.pl\/fr\/produkt\/sage-de-la-bande-en-carbure-de-rontgen-hm-titan-mu\/","name":"HM-Titan MU \u2013 scie \u00e0 bande en carbure","isPartOf":{"@id":"https:\/\/www.koro.net.pl\/fr\/#website"},"primaryImageOfPage":{"@id":"https:\/\/www.koro.net.pl\/fr\/produkt\/sage-de-la-bande-en-carbure-de-rontgen-hm-titan-mu\/#primaryimage"},"image":{"@id":"https:\/\/www.koro.net.pl\/fr\/produkt\/sage-de-la-bande-en-carbure-de-rontgen-hm-titan-mu\/#primaryimage"},"thumbnailUrl":"https:\/\/www.koro.net.pl\/wp-content\/uploads\/2025\/10\/HM-Titan-MU-obrocone-800x500-1.png","datePublished":"2025-10-03T12:31:12+00:00","dateModified":"2026-05-13T06:37:54+00:00","description":"Scie \u00e0 ruban universelle avec g\u00e9om\u00e9trie multi-puces. Le HM-Titan MU offre stabilit\u00e9, pr\u00e9cision et une dur\u00e9e de vie plus longue lors de la d\u00e9coupe de diff\u00e9rentes qualit\u00e9s d\u2019acier.","breadcrumb":{"@id":"https:\/\/www.koro.net.pl\/fr\/produkt\/sage-de-la-bande-en-carbure-de-rontgen-hm-titan-mu\/#breadcrumb"},"inLanguage":"fr-FR","potentialAction":[{"@type":"ReadAction","target":["https:\/\/www.koro.net.pl\/fr\/produkt\/sage-de-la-bande-en-carbure-de-rontgen-hm-titan-mu\/"]}]},{"@type":"ImageObject","inLanguage":"fr-FR","@id":"https:\/\/www.koro.net.pl\/fr\/produkt\/sage-de-la-bande-en-carbure-de-rontgen-hm-titan-mu\/#primaryimage","url":"https:\/\/www.koro.net.pl\/wp-content\/uploads\/2025\/10\/HM-Titan-MU-obrocone-800x500-1.png","contentUrl":"https:\/\/www.koro.net.pl\/wp-content\/uploads\/2025\/10\/HM-Titan-MU-obrocone-800x500-1.png","width":800,"height":500,"caption":"pi\u0142a ta\u015bmowa z w\u0119glikiem spiekanym"},{"@type":"BreadcrumbList","@id":"https:\/\/www.koro.net.pl\/fr\/produkt\/sage-de-la-bande-en-carbure-de-rontgen-hm-titan-mu\/#breadcrumb","itemListElement":[{"@type":"ListItem","position":1,"name":"Strona g\u0142\u00f3wna","item":"https:\/\/www.koro.net.pl\/fr\/"},{"@type":"ListItem","position":2,"name":"Scies \u00e0 ruban pour m\u00e9tal","item":"https:\/\/www.koro.net.pl\/fr\/produkty\/scies-a-ruban-pour-metal\/"},{"@type":"ListItem","position":3,"name":"Sage de la bande en carbure de R\u00f6ntgen HM-Titan MU"}]},{"@type":"WebSite","@id":"https:\/\/www.koro.net.pl\/fr\/#website","url":"https:\/\/www.koro.net.pl\/fr\/","name":"Koronet","description":"","publisher":{"@id":"https:\/\/www.koro.net.pl\/fr\/#organization"},"potentialAction":[{"@type":"SearchAction","target":{"@type":"EntryPoint","urlTemplate":"https:\/\/www.koro.net.pl\/fr\/?s={search_term_string}"},"query-input":{"@type":"PropertyValueSpecification","valueRequired":true,"valueName":"search_term_string"}}],"inLanguage":"fr-FR"},{"@type":"Organization","@id":"https:\/\/www.koro.net.pl\/fr\/#organization","name":"Koronet","alternateName":"Koronet","url":"https:\/\/www.koro.net.pl\/fr\/","logo":{"@type":"ImageObject","inLanguage":"fr-FR","@id":"https:\/\/www.koro.net.pl\/fr\/#\/schema\/logo\/image\/","url":"https:\/\/www.koro.net.pl\/wp-content\/uploads\/2025\/02\/Koronet-spolka-z-o.o.png","contentUrl":"https:\/\/www.koro.net.pl\/wp-content\/uploads\/2025\/02\/Koronet-spolka-z-o.o.png","width":696,"height":696,"caption":"Koronet"},"image":{"@id":"https:\/\/www.koro.net.pl\/fr\/#\/schema\/logo\/image\/"}}]}},"_links":{"self":[{"href":"https:\/\/www.koro.net.pl\/fr\/wp-json\/wp\/v2\/product\/11592","targetHints":{"allow":["GET"]}}],"collection":[{"href":"https:\/\/www.koro.net.pl\/fr\/wp-json\/wp\/v2\/product"}],"about":[{"href":"https:\/\/www.koro.net.pl\/fr\/wp-json\/wp\/v2\/types\/product"}],"wp:featuredmedia":[{"embeddable":true,"href":"https:\/\/www.koro.net.pl\/fr\/wp-json\/wp\/v2\/media\/7811"}],"wp:attachment":[{"href":"https:\/\/www.koro.net.pl\/fr\/wp-json\/wp\/v2\/media?parent=11592"}],"wp:term":[{"taxonomy":"product_brand","embeddable":true,"href":"https:\/\/www.koro.net.pl\/fr\/wp-json\/wp\/v2\/product_brand?post=11592"},{"taxonomy":"product_cat","embeddable":true,"href":"https:\/\/www.koro.net.pl\/fr\/wp-json\/wp\/v2\/product_cat?post=11592"},{"taxonomy":"product_tag","embeddable":true,"href":"https:\/\/www.koro.net.pl\/fr\/wp-json\/wp\/v2\/product_tag?post=11592"}],"curies":[{"name":"wp","href":"https:\/\/api.w.org\/{rel}","templated":true}]}}