{"id":11587,"date":"2025-10-03T14:55:31","date_gmt":"2025-10-03T12:55:31","guid":{"rendered":"https:\/\/www.koro.net.pl\/produkt\/scie-a-bande-en-carbure-pour-aluminium-et-metaux-non-ferreux-rontgen-hm-titan-alu2\/"},"modified":"2025-10-03T14:55:31","modified_gmt":"2025-10-03T12:55:31","slug":"scie-a-bande-en-carbure-pour-aluminium-et-metaux-non-ferreux-rontgen-hm-titan-alu2","status":"publish","type":"product","link":"https:\/\/www.koro.net.pl\/fr\/produkt\/scie-a-bande-en-carbure-pour-aluminium-et-metaux-non-ferreux-rontgen-hm-titan-alu2\/","title":{"rendered":"Scie \u00e0 bande en carbure pour aluminium et m\u00e9taux non ferreux R\u00f6ntgen HM-Titan ALU2"},"content":{"rendered":"<h2 data-start=\"327\" data-end=\"818\">Scie \u00e0 ruban en carbure pour la R\u00f6ntgen en aluminium HM-Titan ALU2<\/h2>\n<p><strong data-start=\"170\" data-end=\"176\">HM<\/strong> \u2013 <em data-start=\"179\" data-end=\"191\">Hartmetall<\/em> (allemand) = <em data-start=\"219\" data-end=\"235\">carbure \u00e0 pointe<\/em>. Cela signifie que les dents de scie ont des extr\u00e9mit\u00e9s en carbure, ce qui garantit une grande durabilit\u00e9 et une r\u00e9sistance \u00e0 l\u2019abrasion.<\/p>\n<p><strong data-start=\"357\" data-end=\"366\">Titan<\/strong> est le nom commercial de la s\u00e9rie R\u00f6ntgen. Il symbolise la durabilit\u00e9 et le destin \u00e0 couper les mat\u00e9riaux les plus exigeants. <\/p>\n<p><strong data-start=\"496\" data-end=\"503\">ALU<\/strong> \u2013 diminutif <em data-start=\"515\" data-end=\"526\">d\u2019aluminium<\/em>. Indique que la lame est optimis\u00e9e pour la d\u00e9coupe de l\u2019aluminium et des m\u00e9taux non ferreux (par exemple, cuivre, bronze, alliages l\u00e9gers). <\/p>\n<p><strong data-start=\"657\" data-end=\"662\">2<\/strong> \u2013 d\u00e9signation <strong data-start=\"676\" data-end=\"709\">de la deuxi\u00e8me g\u00e9n\u00e9ration de la structure<\/strong>. Il poss\u00e8de une <em data-start=\"791\" data-end=\"799\">g\u00e9om\u00e9trie \u00e0 3 copeaux : la section transversale compl\u00e8te du mat\u00e9riau n\u2019est pas coup\u00e9e par une seule dent, mais par <strong data-start=\"255\" data-end=\"276\">trois dents cons\u00e9cutives<\/strong>. Un ruban de base renforc\u00e9 est mieux adapt\u00e9 aux moulages et alliages d\u2019aluminium contenant de grandes quantit\u00e9s de silice (mat\u00e9riaux tr\u00e8s abrasifs).<\/em> <\/p>\n<h3 data-start=\"327\" data-end=\"818\"><strong data-start=\"327\" data-end=\"344\">Description du produit<\/strong><\/h3>\n<p data-start=\"327\" data-end=\"818\"><strong data-start=\"327\" data-end=\"344\">HM-Titan<\/strong> ALU2 est une bande de scie sp\u00e9cialis\u00e9e \u00e0 embout en carbure, con\u00e7ue pour une coupe rapide et pr\u00e9cise de l\u2019aluminium et des m\u00e9taux non ferreux. La g\u00e9om\u00e9trie <em data-start=\"522\" data-end=\"530\">\u00e0 3 copeaux<\/em> permet de diviser la puce en fragments plus petits, ce qui assure une coupe fluide, moins de tension sur les dents et une dur\u00e9e de vie significativement allong\u00e9e de l\u2019outil. Avec un ruban de base renforc\u00e9, l\u2019ALU2 peut fonctionner \u00e0 grande vitesse et des avances agressives, maintenant la stabilit\u00e9 et une haute qualit\u00e9 de coupe.  <\/p>\n<h3 data-start=\"820\" data-end=\"845\"><strong data-start=\"820\" data-end=\"843\">Caract\u00e9ristiques principales<\/strong><\/h3>\n<ul data-start=\"846\" data-end=\"1311\">\n<li data-start=\"846\" data-end=\"901\">\n<p data-start=\"848\" data-end=\"901\">Carbure haute performance \u00e0 pointe.<\/p>\n<\/li>\n<li data-start=\"902\" data-end=\"1018\">\n<p data-start=\"904\" data-end=\"1018\">G\u00e9om\u00e9trie <em data-start=\"914\" data-end=\"922\">\u00e0 3 puces<\/em> \u2013 divise la puce en trois fragments, r\u00e9duisant l\u2019usure des pales et am\u00e9liorant l\u2019\u00e9vacuation des puces.<\/p>\n<\/li>\n<li data-start=\"1019\" data-end=\"1124\">\n<p data-start=\"1021\" data-end=\"1124\">Sp\u00e9cialement con\u00e7u pour l\u2019aluminium et les alliages non ferreux (\u00e9galement \u00e0 forte teneur en silice).<\/p>\n<\/li>\n<li data-start=\"1125\" data-end=\"1190\">\n<p data-start=\"1127\" data-end=\"1190\">Une r\u00e9sistance exceptionnelle \u00e0 l\u2019abrasion et une grande dur\u00e9e de vie de l\u2019outil.<\/p>\n<\/li>\n<li data-start=\"1191\" data-end=\"1311\">\n<p data-start=\"1193\" data-end=\"1311\">Ruban \u00e0 base stable avec une r\u00e9sistance accrue \u00e0 la fatigue \u2013 permet de couper \u00e0 grande vitesse et en avance.<\/p>\n<\/li>\n<\/ul>\n<h3 data-start=\"1313\" data-end=\"1331\"><strong data-start=\"1313\" data-end=\"1329\">Application<\/strong><\/h3>\n<ul data-start=\"1332\" data-end=\"1666\">\n<li data-start=\"1332\" data-end=\"1388\">\n<p data-start=\"1334\" data-end=\"1388\">Blocs de coupe, moulages, plaques et profils en aluminium.<\/p>\n<\/li>\n<li data-start=\"1389\" data-end=\"1488\">\n<p data-start=\"1391\" data-end=\"1488\">Usinage des canaux de coul\u00e9e (<em data-start=\"1421\" data-end=\"1428\">grilles<\/em> et <em data-start=\"1431\" data-end=\"1439\">rehausseurs<\/em>) et d\u2019autres d\u00e9tails de production en aluminium.<\/p>\n<\/li>\n<li data-start=\"1489\" data-end=\"1562\">\n<p data-start=\"1491\" data-end=\"1562\">Travailler avec une large gamme de m\u00e9taux non ferreux (cuivre, bronze, alliages l\u00e9gers).<\/p>\n<\/li>\n<li data-start=\"1563\" data-end=\"1666\">\n<p data-start=\"1565\" data-end=\"1666\">Id\u00e9al pour les proc\u00e9d\u00e9s industriels o\u00f9 des performances de coupe \u00e9lev\u00e9es et une grande r\u00e9p\u00e9tabilit\u00e9 sont requises.<\/p>\n<\/li>\n<\/ul>\n<h3 data-start=\"1668\" data-end=\"1715\"><strong data-start=\"1668\" data-end=\"1713\">Tailles et pas de dents disponibles (TPI)<\/strong><\/h3>\n<ul data-start=\"1716\" data-end=\"1884\">\n<li data-start=\"1716\" data-end=\"1767\">\n<p data-start=\"1718\" data-end=\"1767\">Largeurs de ceinture : de 20 \u00d7 0,9 mm \u00e0 80 \u00d7 1,6 mm.<\/p>\n<\/li>\n<li data-start=\"1768\" data-end=\"1884\">\n<p data-start=\"1770\" data-end=\"1884\">Configurations typiques de dents : 0,85\/1,15 | 1.1\/1.6 | 1,5\/2 | 2\/3 \u2013 adapt\u00e9 \u00e0 diff\u00e9rentes \u00e9paisseurs et types de mat\u00e9riaux.<\/p>\n<\/li>\n<\/ul>\n<h3 data-start=\"1886\" data-end=\"1916\"><strong data-start=\"1886\" data-end=\"1914\">Avantages pour l\u2019utilisateur<\/strong><\/h3>\n<ul data-start=\"1917\" data-end=\"2269\">\n<li data-start=\"1917\" data-end=\"2012\">\n<p data-start=\"1919\" data-end=\"2012\">Productivit\u00e9 \u00e9lev\u00e9e gr\u00e2ce \u00e0 la capacit\u00e9 de travailler \u00e0 grande vitesse et \u00e0 une alimentation agressive.<\/p>\n<\/li>\n<li data-start=\"2013\" data-end=\"2125\">\n<p data-start=\"2015\" data-end=\"2125\">Une dur\u00e9e de vie de l\u2019outil plus longue m\u00eame lors de la coupe de mat\u00e9riaux abrasifs (par exemple, des moulages \u00e0 forte teneur en silicium).<\/p>\n<\/li>\n<li data-start=\"2126\" data-end=\"2181\">\n<p data-start=\"2128\" data-end=\"2181\">Fonctionnement stable et silencieux, surface de coupe propre.<\/p>\n<\/li>\n<li data-start=\"2182\" data-end=\"2269\">\n<p data-start=\"2184\" data-end=\"2269\">La solution optimale pour l\u2019industrie de la fonderie et les entreprises de transformation de l\u2019aluminium.<\/p>\n<\/li>\n<\/ul>\n<div style=\"margin: 24px 0 8px; text-align: center;\"><a style=\"display: inline-block; background: #e30613 !important; color: #fff !important; text-decoration: none !important; font: 600 18px\/1.2 system-ui,-apple-system,'Segoe UI',Roboto,'Helvetica Neue',Arial,'Noto Sans','Liberation Sans',sans-serif !important; padding: 14px 20px; border-radius: 8px; box-shadow: 0 2px 8px rgba(0,0,0,.15); letter-spacing: .2px; transition: transform .06s ease, box-shadow .2s ease, opacity .2s ease;\" href=\"tel:+48506226158\">Avez-vous des questions ?  <strong>Appelez-nous !<\/strong>  506-226-158<br \/>\n<\/a><\/div>\n","protected":false},"excerpt":{"rendered":"<p>Scie \u00e0 ruban en carbure pour la R\u00f6ntgen en aluminium HM-Titan ALU2 HM \u2013 Hartmetall (allemand) = carbure \u00e0 pointe. Cela signifie que les dents de scie ont des extr\u00e9mit\u00e9s [&hellip;]<\/p>\n","protected":false},"featured_media":7822,"template":"","meta":{"_acf_changed":false},"product_brand":[],"product_cat":[181,180],"product_tag":[],"class_list":{"0":"post-11587","1":"product","2":"type-product","3":"status-publish","4":"has-post-thumbnail","6":"product_cat-scies-a-ruban-avec-carbure-cimente","7":"product_cat-scies-a-ruban-pour-metal","9":"first","10":"instock","11":"taxable","12":"shipping-taxable","13":"product-type-simple"},"acf":[],"yoast_head":"<!-- This site is optimized with the Yoast SEO plugin v27.5 - https:\/\/yoast.com\/product\/yoast-seo-wordpress\/ -->\n<title>HM-Titan ALU2 \u2013 scie pour aluminium et m\u00e9taux non ferreux<\/title>\n<meta name=\"description\" content=\"Scie \u00e0 ruban sp\u00e9cialis\u00e9e avec g\u00e9om\u00e9trie \u00e0 3 puces. Le HM-Titan ALU2 garantit des performances et une durabilit\u00e9 pour la coupe de l\u2019aluminium, des pi\u00e8ces moul\u00e9es et des m\u00e9taux non ferreux.\" \/>\n<meta name=\"robots\" content=\"index, follow, max-snippet:-1, max-image-preview:large, max-video-preview:-1\" \/>\n<link rel=\"canonical\" href=\"https:\/\/www.koro.net.pl\/fr\/produkt\/scie-a-bande-en-carbure-pour-aluminium-et-metaux-non-ferreux-rontgen-hm-titan-alu2\/\" \/>\n<meta property=\"og:locale\" content=\"fr_FR\" \/>\n<meta property=\"og:type\" content=\"article\" \/>\n<meta property=\"og:title\" content=\"HM-Titan ALU2 \u2013 scie pour aluminium et m\u00e9taux non ferreux\" \/>\n<meta property=\"og:description\" content=\"Scie \u00e0 ruban sp\u00e9cialis\u00e9e avec g\u00e9om\u00e9trie \u00e0 3 puces. Le HM-Titan ALU2 garantit des performances et une durabilit\u00e9 pour la coupe de l\u2019aluminium, des pi\u00e8ces moul\u00e9es et des m\u00e9taux non ferreux.\" \/>\n<meta property=\"og:url\" content=\"https:\/\/www.koro.net.pl\/fr\/produkt\/scie-a-bande-en-carbure-pour-aluminium-et-metaux-non-ferreux-rontgen-hm-titan-alu2\/\" \/>\n<meta property=\"og:site_name\" content=\"Koronet\" \/>\n<meta property=\"og:image\" content=\"https:\/\/www.koro.net.pl\/wp-content\/uploads\/2025\/10\/HM-Titan-ALU2-obrocone-800x500-1.png\" \/>\n\t<meta property=\"og:image:width\" content=\"800\" \/>\n\t<meta property=\"og:image:height\" content=\"500\" \/>\n\t<meta property=\"og:image:type\" content=\"image\/png\" \/>\n<meta name=\"twitter:card\" content=\"summary_large_image\" \/>\n<meta name=\"twitter:label1\" content=\"Dur\u00e9e de lecture estim\u00e9e\" \/>\n\t<meta name=\"twitter:data1\" content=\"3 minutes\" \/>\n<script type=\"application\/ld+json\" class=\"yoast-schema-graph\">{\"@context\":\"https:\\\/\\\/schema.org\",\"@graph\":[{\"@type\":\"WebPage\",\"@id\":\"https:\\\/\\\/www.koro.net.pl\\\/fr\\\/produkt\\\/scie-a-bande-en-carbure-pour-aluminium-et-metaux-non-ferreux-rontgen-hm-titan-alu2\\\/\",\"url\":\"https:\\\/\\\/www.koro.net.pl\\\/fr\\\/produkt\\\/scie-a-bande-en-carbure-pour-aluminium-et-metaux-non-ferreux-rontgen-hm-titan-alu2\\\/\",\"name\":\"HM-Titan ALU2 \u2013 scie pour aluminium et m\u00e9taux non ferreux\",\"isPartOf\":{\"@id\":\"https:\\\/\\\/www.koro.net.pl\\\/fr\\\/#website\"},\"primaryImageOfPage\":{\"@id\":\"https:\\\/\\\/www.koro.net.pl\\\/fr\\\/produkt\\\/scie-a-bande-en-carbure-pour-aluminium-et-metaux-non-ferreux-rontgen-hm-titan-alu2\\\/#primaryimage\"},\"image\":{\"@id\":\"https:\\\/\\\/www.koro.net.pl\\\/fr\\\/produkt\\\/scie-a-bande-en-carbure-pour-aluminium-et-metaux-non-ferreux-rontgen-hm-titan-alu2\\\/#primaryimage\"},\"thumbnailUrl\":\"https:\\\/\\\/www.koro.net.pl\\\/wp-content\\\/uploads\\\/2025\\\/10\\\/HM-Titan-ALU2-obrocone-800x500-1.png\",\"datePublished\":\"2025-10-03T12:55:31+00:00\",\"description\":\"Scie \u00e0 ruban sp\u00e9cialis\u00e9e avec g\u00e9om\u00e9trie \u00e0 3 puces. Le HM-Titan ALU2 garantit des performances et une durabilit\u00e9 pour la coupe de l\u2019aluminium, des pi\u00e8ces moul\u00e9es et des m\u00e9taux non ferreux.\",\"breadcrumb\":{\"@id\":\"https:\\\/\\\/www.koro.net.pl\\\/fr\\\/produkt\\\/scie-a-bande-en-carbure-pour-aluminium-et-metaux-non-ferreux-rontgen-hm-titan-alu2\\\/#breadcrumb\"},\"inLanguage\":\"fr-FR\",\"potentialAction\":[{\"@type\":\"ReadAction\",\"target\":[\"https:\\\/\\\/www.koro.net.pl\\\/fr\\\/produkt\\\/scie-a-bande-en-carbure-pour-aluminium-et-metaux-non-ferreux-rontgen-hm-titan-alu2\\\/\"]}]},{\"@type\":\"ImageObject\",\"inLanguage\":\"fr-FR\",\"@id\":\"https:\\\/\\\/www.koro.net.pl\\\/fr\\\/produkt\\\/scie-a-bande-en-carbure-pour-aluminium-et-metaux-non-ferreux-rontgen-hm-titan-alu2\\\/#primaryimage\",\"url\":\"https:\\\/\\\/www.koro.net.pl\\\/wp-content\\\/uploads\\\/2025\\\/10\\\/HM-Titan-ALU2-obrocone-800x500-1.png\",\"contentUrl\":\"https:\\\/\\\/www.koro.net.pl\\\/wp-content\\\/uploads\\\/2025\\\/10\\\/HM-Titan-ALU2-obrocone-800x500-1.png\",\"width\":800,\"height\":500,\"caption\":\"pi\u0142a ta\u015bmowa do aluminium\"},{\"@type\":\"BreadcrumbList\",\"@id\":\"https:\\\/\\\/www.koro.net.pl\\\/fr\\\/produkt\\\/scie-a-bande-en-carbure-pour-aluminium-et-metaux-non-ferreux-rontgen-hm-titan-alu2\\\/#breadcrumb\",\"itemListElement\":[{\"@type\":\"ListItem\",\"position\":1,\"name\":\"Strona g\u0142\u00f3wna\",\"item\":\"https:\\\/\\\/www.koro.net.pl\\\/fr\\\/\"},{\"@type\":\"ListItem\",\"position\":2,\"name\":\"Scie \u00e0 bande en carbure pour aluminium et m\u00e9taux non ferreux R\u00f6ntgen HM-Titan ALU2\"}]},{\"@type\":\"WebSite\",\"@id\":\"https:\\\/\\\/www.koro.net.pl\\\/fr\\\/#website\",\"url\":\"https:\\\/\\\/www.koro.net.pl\\\/fr\\\/\",\"name\":\"Koronet\",\"description\":\"\",\"publisher\":{\"@id\":\"https:\\\/\\\/www.koro.net.pl\\\/fr\\\/#organization\"},\"potentialAction\":[{\"@type\":\"SearchAction\",\"target\":{\"@type\":\"EntryPoint\",\"urlTemplate\":\"https:\\\/\\\/www.koro.net.pl\\\/fr\\\/?s={search_term_string}\"},\"query-input\":{\"@type\":\"PropertyValueSpecification\",\"valueRequired\":true,\"valueName\":\"search_term_string\"}}],\"inLanguage\":\"fr-FR\"},{\"@type\":\"Organization\",\"@id\":\"https:\\\/\\\/www.koro.net.pl\\\/fr\\\/#organization\",\"name\":\"Koronet\",\"alternateName\":\"Koronet\",\"url\":\"https:\\\/\\\/www.koro.net.pl\\\/fr\\\/\",\"logo\":{\"@type\":\"ImageObject\",\"inLanguage\":\"fr-FR\",\"@id\":\"https:\\\/\\\/www.koro.net.pl\\\/fr\\\/#\\\/schema\\\/logo\\\/image\\\/\",\"url\":\"https:\\\/\\\/www.koro.net.pl\\\/wp-content\\\/uploads\\\/2025\\\/02\\\/Koronet-spolka-z-o.o.png\",\"contentUrl\":\"https:\\\/\\\/www.koro.net.pl\\\/wp-content\\\/uploads\\\/2025\\\/02\\\/Koronet-spolka-z-o.o.png\",\"width\":696,\"height\":696,\"caption\":\"Koronet\"},\"image\":{\"@id\":\"https:\\\/\\\/www.koro.net.pl\\\/fr\\\/#\\\/schema\\\/logo\\\/image\\\/\"}}]}<\/script>\n<!-- \/ Yoast SEO plugin. -->","yoast_head_json":{"title":"HM-Titan ALU2 \u2013 scie pour aluminium et m\u00e9taux non ferreux","description":"Scie \u00e0 ruban sp\u00e9cialis\u00e9e avec g\u00e9om\u00e9trie \u00e0 3 puces. Le HM-Titan ALU2 garantit des performances et une durabilit\u00e9 pour la coupe de l\u2019aluminium, des pi\u00e8ces moul\u00e9es et des m\u00e9taux non ferreux.","robots":{"index":"index","follow":"follow","max-snippet":"max-snippet:-1","max-image-preview":"max-image-preview:large","max-video-preview":"max-video-preview:-1"},"canonical":"https:\/\/www.koro.net.pl\/fr\/produkt\/scie-a-bande-en-carbure-pour-aluminium-et-metaux-non-ferreux-rontgen-hm-titan-alu2\/","og_locale":"fr_FR","og_type":"article","og_title":"HM-Titan ALU2 \u2013 scie pour aluminium et m\u00e9taux non ferreux","og_description":"Scie \u00e0 ruban sp\u00e9cialis\u00e9e avec g\u00e9om\u00e9trie \u00e0 3 puces. Le HM-Titan ALU2 garantit des performances et une durabilit\u00e9 pour la coupe de l\u2019aluminium, des pi\u00e8ces moul\u00e9es et des m\u00e9taux non ferreux.","og_url":"https:\/\/www.koro.net.pl\/fr\/produkt\/scie-a-bande-en-carbure-pour-aluminium-et-metaux-non-ferreux-rontgen-hm-titan-alu2\/","og_site_name":"Koronet","og_image":[{"width":800,"height":500,"url":"https:\/\/www.koro.net.pl\/wp-content\/uploads\/2025\/10\/HM-Titan-ALU2-obrocone-800x500-1.png","type":"image\/png"}],"twitter_card":"summary_large_image","twitter_misc":{"Dur\u00e9e de lecture estim\u00e9e":"3 minutes"},"schema":{"@context":"https:\/\/schema.org","@graph":[{"@type":"WebPage","@id":"https:\/\/www.koro.net.pl\/fr\/produkt\/scie-a-bande-en-carbure-pour-aluminium-et-metaux-non-ferreux-rontgen-hm-titan-alu2\/","url":"https:\/\/www.koro.net.pl\/fr\/produkt\/scie-a-bande-en-carbure-pour-aluminium-et-metaux-non-ferreux-rontgen-hm-titan-alu2\/","name":"HM-Titan ALU2 \u2013 scie pour aluminium et m\u00e9taux non ferreux","isPartOf":{"@id":"https:\/\/www.koro.net.pl\/fr\/#website"},"primaryImageOfPage":{"@id":"https:\/\/www.koro.net.pl\/fr\/produkt\/scie-a-bande-en-carbure-pour-aluminium-et-metaux-non-ferreux-rontgen-hm-titan-alu2\/#primaryimage"},"image":{"@id":"https:\/\/www.koro.net.pl\/fr\/produkt\/scie-a-bande-en-carbure-pour-aluminium-et-metaux-non-ferreux-rontgen-hm-titan-alu2\/#primaryimage"},"thumbnailUrl":"https:\/\/www.koro.net.pl\/wp-content\/uploads\/2025\/10\/HM-Titan-ALU2-obrocone-800x500-1.png","datePublished":"2025-10-03T12:55:31+00:00","description":"Scie \u00e0 ruban sp\u00e9cialis\u00e9e avec g\u00e9om\u00e9trie \u00e0 3 puces. Le HM-Titan ALU2 garantit des performances et une durabilit\u00e9 pour la coupe de l\u2019aluminium, des pi\u00e8ces moul\u00e9es et des m\u00e9taux non ferreux.","breadcrumb":{"@id":"https:\/\/www.koro.net.pl\/fr\/produkt\/scie-a-bande-en-carbure-pour-aluminium-et-metaux-non-ferreux-rontgen-hm-titan-alu2\/#breadcrumb"},"inLanguage":"fr-FR","potentialAction":[{"@type":"ReadAction","target":["https:\/\/www.koro.net.pl\/fr\/produkt\/scie-a-bande-en-carbure-pour-aluminium-et-metaux-non-ferreux-rontgen-hm-titan-alu2\/"]}]},{"@type":"ImageObject","inLanguage":"fr-FR","@id":"https:\/\/www.koro.net.pl\/fr\/produkt\/scie-a-bande-en-carbure-pour-aluminium-et-metaux-non-ferreux-rontgen-hm-titan-alu2\/#primaryimage","url":"https:\/\/www.koro.net.pl\/wp-content\/uploads\/2025\/10\/HM-Titan-ALU2-obrocone-800x500-1.png","contentUrl":"https:\/\/www.koro.net.pl\/wp-content\/uploads\/2025\/10\/HM-Titan-ALU2-obrocone-800x500-1.png","width":800,"height":500,"caption":"pi\u0142a ta\u015bmowa do aluminium"},{"@type":"BreadcrumbList","@id":"https:\/\/www.koro.net.pl\/fr\/produkt\/scie-a-bande-en-carbure-pour-aluminium-et-metaux-non-ferreux-rontgen-hm-titan-alu2\/#breadcrumb","itemListElement":[{"@type":"ListItem","position":1,"name":"Strona g\u0142\u00f3wna","item":"https:\/\/www.koro.net.pl\/fr\/"},{"@type":"ListItem","position":2,"name":"Scie \u00e0 bande en carbure pour aluminium et m\u00e9taux non ferreux R\u00f6ntgen HM-Titan ALU2"}]},{"@type":"WebSite","@id":"https:\/\/www.koro.net.pl\/fr\/#website","url":"https:\/\/www.koro.net.pl\/fr\/","name":"Koronet","description":"","publisher":{"@id":"https:\/\/www.koro.net.pl\/fr\/#organization"},"potentialAction":[{"@type":"SearchAction","target":{"@type":"EntryPoint","urlTemplate":"https:\/\/www.koro.net.pl\/fr\/?s={search_term_string}"},"query-input":{"@type":"PropertyValueSpecification","valueRequired":true,"valueName":"search_term_string"}}],"inLanguage":"fr-FR"},{"@type":"Organization","@id":"https:\/\/www.koro.net.pl\/fr\/#organization","name":"Koronet","alternateName":"Koronet","url":"https:\/\/www.koro.net.pl\/fr\/","logo":{"@type":"ImageObject","inLanguage":"fr-FR","@id":"https:\/\/www.koro.net.pl\/fr\/#\/schema\/logo\/image\/","url":"https:\/\/www.koro.net.pl\/wp-content\/uploads\/2025\/02\/Koronet-spolka-z-o.o.png","contentUrl":"https:\/\/www.koro.net.pl\/wp-content\/uploads\/2025\/02\/Koronet-spolka-z-o.o.png","width":696,"height":696,"caption":"Koronet"},"image":{"@id":"https:\/\/www.koro.net.pl\/fr\/#\/schema\/logo\/image\/"}}]}},"_links":{"self":[{"href":"https:\/\/www.koro.net.pl\/fr\/wp-json\/wp\/v2\/product\/11587","targetHints":{"allow":["GET"]}}],"collection":[{"href":"https:\/\/www.koro.net.pl\/fr\/wp-json\/wp\/v2\/product"}],"about":[{"href":"https:\/\/www.koro.net.pl\/fr\/wp-json\/wp\/v2\/types\/product"}],"wp:featuredmedia":[{"embeddable":true,"href":"https:\/\/www.koro.net.pl\/fr\/wp-json\/wp\/v2\/media\/7822"}],"wp:attachment":[{"href":"https:\/\/www.koro.net.pl\/fr\/wp-json\/wp\/v2\/media?parent=11587"}],"wp:term":[{"taxonomy":"product_brand","embeddable":true,"href":"https:\/\/www.koro.net.pl\/fr\/wp-json\/wp\/v2\/product_brand?post=11587"},{"taxonomy":"product_cat","embeddable":true,"href":"https:\/\/www.koro.net.pl\/fr\/wp-json\/wp\/v2\/product_cat?post=11587"},{"taxonomy":"product_tag","embeddable":true,"href":"https:\/\/www.koro.net.pl\/fr\/wp-json\/wp\/v2\/product_tag?post=11587"}],"curies":[{"name":"wp","href":"https:\/\/api.w.org\/{rel}","templated":true}]}}