{"id":11581,"date":"2025-11-20T14:36:35","date_gmt":"2025-11-20T13:36:35","guid":{"rendered":"https:\/\/www.koro.net.pl\/produkt\/prise-a-la-machine-aveugle-din-376-c-hsse-pm-supreme-900x-koronet\/"},"modified":"2025-11-20T14:36:35","modified_gmt":"2025-11-20T13:36:35","slug":"prise-a-la-machine-aveugle-din-376-c-hsse-pm-supreme-900x-koronet","status":"publish","type":"product","link":"https:\/\/www.koro.net.pl\/fr\/produkt\/prise-a-la-machine-aveugle-din-376-c-hsse-pm-supreme-900x-koronet\/","title":{"rendered":"Prise \u00e0 la machine aveugle DIN 376 C HSSE-PM SUPREME 900X &#8211; Koronet"},"content":{"rendered":"<p data-start=\"497\" data-end=\"1000\">Le robinet <strong data-start=\"526\" data-end=\"542\">Koronet SUPREME 900X<\/strong> est un outil haut de gamme con\u00e7u pour un filetage interne pr\u00e9cis dans les aciers structurels, les aciers alli\u00e9s et les mat\u00e9riaux n\u00e9cessitant un proc\u00e9d\u00e9 de coupe stable et r\u00e9p\u00e9table. Fabriqu\u00e9 en acier en poudre <strong data-start=\"785\" data-end=\"796\">HSSE-PM<\/strong> \u00e0 haute vitesse et \u00e9quip\u00e9 d\u2019un rev\u00eatement <strong data-start=\"841\" data-end=\"850\">avanc\u00e9 en AlCrN<\/strong>, il offre une r\u00e9sistance \u00e0 l\u2019usure nettement sup\u00e9rieure, une stabilit\u00e9 thermique et une dur\u00e9e de vie de l\u2019outil plus longue que les rev\u00eatements traditionnels TiN\/TiCN. <\/p>\n<h3 data-start=\"1007\" data-end=\"1072\"><strong data-start=\"1010\" data-end=\"1072\">\u2022 Acier HSSE-PM \u2013 haute durabilit\u00e9 et r\u00e9sistance aux charges<\/strong><\/h3>\n<p data-start=\"1073\" data-end=\"1338\">Le robinet est fabriqu\u00e9 en acier en poudre HSSE-PM \u00e0 grande vitesse, caract\u00e9ris\u00e9 par une structure homog\u00e8ne, une grande r\u00e9sistance aux impacts et une r\u00e9sistance accrue aux charges de torsion. Cela garantit que l\u2019outil fonctionne de mani\u00e8re stable m\u00eame dans des mat\u00e9riaux \u00e0 forte r\u00e9sistance. <\/p>\n<h3 data-start=\"1345\" data-end=\"1416\"><strong data-start=\"1348\" data-end=\"1416\">\u2022 Rev\u00eatement SUPREME 900X (AlCrN) \u2013 r\u00e9sistance maximale \u00e0 l\u2019usure<\/strong><\/h3>\n<p data-start=\"1417\" data-end=\"1646\">Le rev\u00eatement moderne \u00e0 base d\u2019AlCrN offre :<br \/>\n \u2013 une tr\u00e8s grande r\u00e9sistance \u00e0 l\u2019abrasion,<br data-start=\"1499\" data-end=\"1502\">\u2013 stabilit\u00e9 thermique \u00e0 des charges plus \u00e9lev\u00e9es,<br data-start=\"1553\" data-end=\"1556\">\u2013 r\u00e9duction de la croissance et de l\u2019adh\u00e9rence des copeaux,<br data-start=\"1600\" data-end=\"1603\">\u2013 prolongation significative de la dur\u00e9e de vie de l\u2019outil.<\/p>\n<p data-start=\"1648\" data-end=\"1790\">Cela permet un usinage \u00e0 plus haut d\u00e9bit dans les grades d\u2019acier plus difficiles, garantissant un processus de coupe s\u00fbr et r\u00e9p\u00e9table.<\/p>\n<h3 data-start=\"1797\" data-end=\"1853\"><strong data-start=\"1800\" data-end=\"1853\">\u2022 G\u00e9om\u00e9trie en spirale \u2013 pour les trous aveugles<\/strong><\/h3>\n<p data-start=\"1854\" data-end=\"2128\">Les rainures en spirale guident efficacement l\u2019\u00e9clat vers le haut, ce qui rend ce robinet id\u00e9al pour <strong data-start=\"1979\" data-end=\"1999\">percer des trous<\/strong> aveugles. La g\u00e9om\u00e9trie h\u00e9lico\u00efdale minimise le risque de coincement des copeaux et am\u00e9liore la culture de l\u2019outil gr\u00e2ce \u00e0 une plus grande profondeur de filetage. <\/p>\n<h3 data-start=\"2135\" data-end=\"2199\"><strong data-start=\"2138\" data-end=\"2199\">\u2022 DIN 376 standard \u2013 version plus longue avec poign\u00e9e renforc\u00e9e<\/strong><\/h3>\n<p data-start=\"2200\" data-end=\"2422\">Le robinet a \u00e9t\u00e9 con\u00e7u conform\u00e9ment \u00e0 <strong data-start=\"2249\" data-end=\"2260\">la norme DIN 376<\/strong>, ce qui signifie :<br \/>\n \u2013 poign\u00e9e renforc\u00e9e, plus longue,<br data-start=\"2304\" data-end=\"2307\">\u2013 fonctionnement stable avec un surplomb plus long,<br data-start=\"2346\" data-end=\"2349\">\u2013 peut \u00eatre utilis\u00e9 dans une large gamme de mandris et de t\u00eates de machines.<\/p>\n<h3 data-start=\"2429\" data-end=\"2458\"><strong data-start=\"2432\" data-end=\"2458\">\u2022 Type C \u2013 2\u20133 bobines<\/strong><\/h3>\n<p data-start=\"2459\" data-end=\"2603\">La d\u00e9coupe en C facilite l\u2019insertion de l\u2019outil dans le mat\u00e9riau et garantit que le filetage est form\u00e9 en toute s\u00e9curit\u00e9 \u00e0 pleine profondeur dans les trous aveugles.<\/p>\n<p data-start=\"2630\" data-end=\"2846\"><strong>Le robinet SUPREME 900X est con\u00e7u pour le traitement :<\/strong><br \/>\n\u2022 aciers non alli\u00e9s et structurels,<br data-start=\"2723\" data-end=\"2726\">\u2022 aciers alli\u00e9s et trait\u00e9s thermiquement,<br data-start=\"2767\" data-end=\"2770\">\u2022 acier \u00e0 r\u00e9sistance accrue,<br data-start=\"2807\" data-end=\"2810\">\u2022 mat\u00e9riaux ayant tendance \u00e0 s\u2019accumuler.<\/p>\n<p data-start=\"2848\" data-end=\"3018\">Recommand\u00e9 pour le travail sur des centres CNC et des machines conventionnelles \u2013 partout o\u00f9 la r\u00e9p\u00e9tabilit\u00e9, la stabilit\u00e9 et la fiabilit\u00e9 \u00e0 long terme de l\u2019outil sont requises.<\/p>\n","protected":false},"excerpt":{"rendered":"<p>Le robinet Koronet SUPREME 900X est un outil haut de gamme con\u00e7u pour un filetage interne pr\u00e9cis dans les aciers structurels, les aciers alli\u00e9s et les mat\u00e9riaux n\u00e9cessitant un proc\u00e9d\u00e9 [&hellip;]<\/p>\n","protected":false},"featured_media":8302,"template":"","meta":{"_acf_changed":false},"product_brand":[],"product_cat":[174,177,178],"product_tag":[],"class_list":{"0":"post-11581","1":"product","2":"type-product","3":"status-publish","4":"has-post-thumbnail","6":"product_cat-outils","7":"product_cat-prises-mecaniques","8":"product_cat-taps","10":"first","11":"instock","12":"taxable","13":"shipping-taxable","14":"purchasable","15":"product-type-variable","16":"has-default-attributes"},"acf":[],"yoast_head":"<!-- This site is optimized with the Yoast SEO plugin v27.5 - https:\/\/yoast.com\/product\/yoast-seo-wordpress\/ -->\n<title>Rev\u00eatement AlCrN \u00e0 prise m\u00e9canique DIN 376 C HSSE-PM<\/title>\n<meta name=\"description\" content=\"DIN 376 C HSSE-PM prise de machine Supreme 900X avec rev\u00eatement AlCrN. Haute durabilit\u00e9, g\u00e9om\u00e9trie h\u00e9lico\u00efdale pour les trous aveugles et fonctionnement stable dans les aciers structurels et alli\u00e9s.\" \/>\n<meta name=\"robots\" content=\"index, follow, max-snippet:-1, max-image-preview:large, max-video-preview:-1\" \/>\n<link rel=\"canonical\" href=\"https:\/\/www.koro.net.pl\/fr\/produkt\/prise-a-la-machine-aveugle-din-376-c-hsse-pm-supreme-900x-koronet\/\" \/>\n<meta property=\"og:locale\" content=\"fr_FR\" \/>\n<meta property=\"og:type\" content=\"article\" \/>\n<meta property=\"og:title\" content=\"Rev\u00eatement AlCrN \u00e0 prise m\u00e9canique DIN 376 C HSSE-PM\" \/>\n<meta property=\"og:description\" content=\"DIN 376 C HSSE-PM prise de machine Supreme 900X avec rev\u00eatement AlCrN. Haute durabilit\u00e9, g\u00e9om\u00e9trie h\u00e9lico\u00efdale pour les trous aveugles et fonctionnement stable dans les aciers structurels et alli\u00e9s.\" \/>\n<meta property=\"og:url\" content=\"https:\/\/www.koro.net.pl\/fr\/produkt\/prise-a-la-machine-aveugle-din-376-c-hsse-pm-supreme-900x-koronet\/\" \/>\n<meta property=\"og:site_name\" content=\"Koronet\" \/>\n<meta property=\"og:image\" content=\"https:\/\/www.koro.net.pl\/wp-content\/uploads\/2025\/11\/DIN376.C.HSSE_.PM_.1.png\" \/>\n\t<meta property=\"og:image:width\" content=\"800\" \/>\n\t<meta property=\"og:image:height\" content=\"800\" \/>\n\t<meta property=\"og:image:type\" content=\"image\/png\" \/>\n<meta name=\"twitter:card\" content=\"summary_large_image\" \/>\n<meta name=\"twitter:label1\" content=\"Dur\u00e9e de lecture estim\u00e9e\" \/>\n\t<meta name=\"twitter:data1\" content=\"2 minutes\" \/>\n<script type=\"application\/ld+json\" class=\"yoast-schema-graph\">{\"@context\":\"https:\\\/\\\/schema.org\",\"@graph\":[{\"@type\":\"WebPage\",\"@id\":\"https:\\\/\\\/www.koro.net.pl\\\/fr\\\/produkt\\\/prise-a-la-machine-aveugle-din-376-c-hsse-pm-supreme-900x-koronet\\\/\",\"url\":\"https:\\\/\\\/www.koro.net.pl\\\/fr\\\/produkt\\\/prise-a-la-machine-aveugle-din-376-c-hsse-pm-supreme-900x-koronet\\\/\",\"name\":\"Rev\u00eatement AlCrN \u00e0 prise m\u00e9canique DIN 376 C HSSE-PM\",\"isPartOf\":{\"@id\":\"https:\\\/\\\/www.koro.net.pl\\\/fr\\\/#website\"},\"primaryImageOfPage\":{\"@id\":\"https:\\\/\\\/www.koro.net.pl\\\/fr\\\/produkt\\\/prise-a-la-machine-aveugle-din-376-c-hsse-pm-supreme-900x-koronet\\\/#primaryimage\"},\"image\":{\"@id\":\"https:\\\/\\\/www.koro.net.pl\\\/fr\\\/produkt\\\/prise-a-la-machine-aveugle-din-376-c-hsse-pm-supreme-900x-koronet\\\/#primaryimage\"},\"thumbnailUrl\":\"https:\\\/\\\/www.koro.net.pl\\\/wp-content\\\/uploads\\\/2025\\\/11\\\/DIN376.C.HSSE_.PM_.1.png\",\"datePublished\":\"2025-11-20T13:36:35+00:00\",\"description\":\"DIN 376 C HSSE-PM prise de machine Supreme 900X avec rev\u00eatement AlCrN. Haute durabilit\u00e9, g\u00e9om\u00e9trie h\u00e9lico\u00efdale pour les trous aveugles et fonctionnement stable dans les aciers structurels et alli\u00e9s.\",\"breadcrumb\":{\"@id\":\"https:\\\/\\\/www.koro.net.pl\\\/fr\\\/produkt\\\/prise-a-la-machine-aveugle-din-376-c-hsse-pm-supreme-900x-koronet\\\/#breadcrumb\"},\"inLanguage\":\"fr-FR\",\"potentialAction\":[{\"@type\":\"ReadAction\",\"target\":[\"https:\\\/\\\/www.koro.net.pl\\\/fr\\\/produkt\\\/prise-a-la-machine-aveugle-din-376-c-hsse-pm-supreme-900x-koronet\\\/\"]}]},{\"@type\":\"ImageObject\",\"inLanguage\":\"fr-FR\",\"@id\":\"https:\\\/\\\/www.koro.net.pl\\\/fr\\\/produkt\\\/prise-a-la-machine-aveugle-din-376-c-hsse-pm-supreme-900x-koronet\\\/#primaryimage\",\"url\":\"https:\\\/\\\/www.koro.net.pl\\\/wp-content\\\/uploads\\\/2025\\\/11\\\/DIN376.C.HSSE_.PM_.1.png\",\"contentUrl\":\"https:\\\/\\\/www.koro.net.pl\\\/wp-content\\\/uploads\\\/2025\\\/11\\\/DIN376.C.HSSE_.PM_.1.png\",\"width\":800,\"height\":800,\"caption\":\"Gwintownik maszynowy DIN 376 C HSSE-PM SUPREME 900X z pow\u0142ok\u0105 AlCrN, widok ca\u0142kowity narz\u0119dzia\"},{\"@type\":\"BreadcrumbList\",\"@id\":\"https:\\\/\\\/www.koro.net.pl\\\/fr\\\/produkt\\\/prise-a-la-machine-aveugle-din-376-c-hsse-pm-supreme-900x-koronet\\\/#breadcrumb\",\"itemListElement\":[{\"@type\":\"ListItem\",\"position\":1,\"name\":\"Strona g\u0142\u00f3wna\",\"item\":\"https:\\\/\\\/www.koro.net.pl\\\/fr\\\/\"},{\"@type\":\"ListItem\",\"position\":2,\"name\":\"Prise \u00e0 la machine aveugle DIN 376 C HSSE-PM SUPREME 900X &#8211; Koronet\"}]},{\"@type\":\"WebSite\",\"@id\":\"https:\\\/\\\/www.koro.net.pl\\\/fr\\\/#website\",\"url\":\"https:\\\/\\\/www.koro.net.pl\\\/fr\\\/\",\"name\":\"Koronet\",\"description\":\"\",\"publisher\":{\"@id\":\"https:\\\/\\\/www.koro.net.pl\\\/fr\\\/#organization\"},\"potentialAction\":[{\"@type\":\"SearchAction\",\"target\":{\"@type\":\"EntryPoint\",\"urlTemplate\":\"https:\\\/\\\/www.koro.net.pl\\\/fr\\\/?s={search_term_string}\"},\"query-input\":{\"@type\":\"PropertyValueSpecification\",\"valueRequired\":true,\"valueName\":\"search_term_string\"}}],\"inLanguage\":\"fr-FR\"},{\"@type\":\"Organization\",\"@id\":\"https:\\\/\\\/www.koro.net.pl\\\/fr\\\/#organization\",\"name\":\"Koronet\",\"alternateName\":\"Koronet\",\"url\":\"https:\\\/\\\/www.koro.net.pl\\\/fr\\\/\",\"logo\":{\"@type\":\"ImageObject\",\"inLanguage\":\"fr-FR\",\"@id\":\"https:\\\/\\\/www.koro.net.pl\\\/fr\\\/#\\\/schema\\\/logo\\\/image\\\/\",\"url\":\"https:\\\/\\\/www.koro.net.pl\\\/wp-content\\\/uploads\\\/2025\\\/02\\\/Koronet-spolka-z-o.o.png\",\"contentUrl\":\"https:\\\/\\\/www.koro.net.pl\\\/wp-content\\\/uploads\\\/2025\\\/02\\\/Koronet-spolka-z-o.o.png\",\"width\":696,\"height\":696,\"caption\":\"Koronet\"},\"image\":{\"@id\":\"https:\\\/\\\/www.koro.net.pl\\\/fr\\\/#\\\/schema\\\/logo\\\/image\\\/\"}}]}<\/script>\n<!-- \/ Yoast SEO plugin. -->","yoast_head_json":{"title":"Rev\u00eatement AlCrN \u00e0 prise m\u00e9canique DIN 376 C HSSE-PM","description":"DIN 376 C HSSE-PM prise de machine Supreme 900X avec rev\u00eatement AlCrN. Haute durabilit\u00e9, g\u00e9om\u00e9trie h\u00e9lico\u00efdale pour les trous aveugles et fonctionnement stable dans les aciers structurels et alli\u00e9s.","robots":{"index":"index","follow":"follow","max-snippet":"max-snippet:-1","max-image-preview":"max-image-preview:large","max-video-preview":"max-video-preview:-1"},"canonical":"https:\/\/www.koro.net.pl\/fr\/produkt\/prise-a-la-machine-aveugle-din-376-c-hsse-pm-supreme-900x-koronet\/","og_locale":"fr_FR","og_type":"article","og_title":"Rev\u00eatement AlCrN \u00e0 prise m\u00e9canique DIN 376 C HSSE-PM","og_description":"DIN 376 C HSSE-PM prise de machine Supreme 900X avec rev\u00eatement AlCrN. Haute durabilit\u00e9, g\u00e9om\u00e9trie h\u00e9lico\u00efdale pour les trous aveugles et fonctionnement stable dans les aciers structurels et alli\u00e9s.","og_url":"https:\/\/www.koro.net.pl\/fr\/produkt\/prise-a-la-machine-aveugle-din-376-c-hsse-pm-supreme-900x-koronet\/","og_site_name":"Koronet","og_image":[{"width":800,"height":800,"url":"https:\/\/www.koro.net.pl\/wp-content\/uploads\/2025\/11\/DIN376.C.HSSE_.PM_.1.png","type":"image\/png"}],"twitter_card":"summary_large_image","twitter_misc":{"Dur\u00e9e de lecture estim\u00e9e":"2 minutes"},"schema":{"@context":"https:\/\/schema.org","@graph":[{"@type":"WebPage","@id":"https:\/\/www.koro.net.pl\/fr\/produkt\/prise-a-la-machine-aveugle-din-376-c-hsse-pm-supreme-900x-koronet\/","url":"https:\/\/www.koro.net.pl\/fr\/produkt\/prise-a-la-machine-aveugle-din-376-c-hsse-pm-supreme-900x-koronet\/","name":"Rev\u00eatement AlCrN \u00e0 prise m\u00e9canique DIN 376 C HSSE-PM","isPartOf":{"@id":"https:\/\/www.koro.net.pl\/fr\/#website"},"primaryImageOfPage":{"@id":"https:\/\/www.koro.net.pl\/fr\/produkt\/prise-a-la-machine-aveugle-din-376-c-hsse-pm-supreme-900x-koronet\/#primaryimage"},"image":{"@id":"https:\/\/www.koro.net.pl\/fr\/produkt\/prise-a-la-machine-aveugle-din-376-c-hsse-pm-supreme-900x-koronet\/#primaryimage"},"thumbnailUrl":"https:\/\/www.koro.net.pl\/wp-content\/uploads\/2025\/11\/DIN376.C.HSSE_.PM_.1.png","datePublished":"2025-11-20T13:36:35+00:00","description":"DIN 376 C HSSE-PM prise de machine Supreme 900X avec rev\u00eatement AlCrN. Haute durabilit\u00e9, g\u00e9om\u00e9trie h\u00e9lico\u00efdale pour les trous aveugles et fonctionnement stable dans les aciers structurels et alli\u00e9s.","breadcrumb":{"@id":"https:\/\/www.koro.net.pl\/fr\/produkt\/prise-a-la-machine-aveugle-din-376-c-hsse-pm-supreme-900x-koronet\/#breadcrumb"},"inLanguage":"fr-FR","potentialAction":[{"@type":"ReadAction","target":["https:\/\/www.koro.net.pl\/fr\/produkt\/prise-a-la-machine-aveugle-din-376-c-hsse-pm-supreme-900x-koronet\/"]}]},{"@type":"ImageObject","inLanguage":"fr-FR","@id":"https:\/\/www.koro.net.pl\/fr\/produkt\/prise-a-la-machine-aveugle-din-376-c-hsse-pm-supreme-900x-koronet\/#primaryimage","url":"https:\/\/www.koro.net.pl\/wp-content\/uploads\/2025\/11\/DIN376.C.HSSE_.PM_.1.png","contentUrl":"https:\/\/www.koro.net.pl\/wp-content\/uploads\/2025\/11\/DIN376.C.HSSE_.PM_.1.png","width":800,"height":800,"caption":"Gwintownik maszynowy DIN 376 C HSSE-PM SUPREME 900X z pow\u0142ok\u0105 AlCrN, widok ca\u0142kowity narz\u0119dzia"},{"@type":"BreadcrumbList","@id":"https:\/\/www.koro.net.pl\/fr\/produkt\/prise-a-la-machine-aveugle-din-376-c-hsse-pm-supreme-900x-koronet\/#breadcrumb","itemListElement":[{"@type":"ListItem","position":1,"name":"Strona g\u0142\u00f3wna","item":"https:\/\/www.koro.net.pl\/fr\/"},{"@type":"ListItem","position":2,"name":"Prise \u00e0 la machine aveugle DIN 376 C HSSE-PM SUPREME 900X &#8211; Koronet"}]},{"@type":"WebSite","@id":"https:\/\/www.koro.net.pl\/fr\/#website","url":"https:\/\/www.koro.net.pl\/fr\/","name":"Koronet","description":"","publisher":{"@id":"https:\/\/www.koro.net.pl\/fr\/#organization"},"potentialAction":[{"@type":"SearchAction","target":{"@type":"EntryPoint","urlTemplate":"https:\/\/www.koro.net.pl\/fr\/?s={search_term_string}"},"query-input":{"@type":"PropertyValueSpecification","valueRequired":true,"valueName":"search_term_string"}}],"inLanguage":"fr-FR"},{"@type":"Organization","@id":"https:\/\/www.koro.net.pl\/fr\/#organization","name":"Koronet","alternateName":"Koronet","url":"https:\/\/www.koro.net.pl\/fr\/","logo":{"@type":"ImageObject","inLanguage":"fr-FR","@id":"https:\/\/www.koro.net.pl\/fr\/#\/schema\/logo\/image\/","url":"https:\/\/www.koro.net.pl\/wp-content\/uploads\/2025\/02\/Koronet-spolka-z-o.o.png","contentUrl":"https:\/\/www.koro.net.pl\/wp-content\/uploads\/2025\/02\/Koronet-spolka-z-o.o.png","width":696,"height":696,"caption":"Koronet"},"image":{"@id":"https:\/\/www.koro.net.pl\/fr\/#\/schema\/logo\/image\/"}}]}},"_links":{"self":[{"href":"https:\/\/www.koro.net.pl\/fr\/wp-json\/wp\/v2\/product\/11581","targetHints":{"allow":["GET"]}}],"collection":[{"href":"https:\/\/www.koro.net.pl\/fr\/wp-json\/wp\/v2\/product"}],"about":[{"href":"https:\/\/www.koro.net.pl\/fr\/wp-json\/wp\/v2\/types\/product"}],"wp:featuredmedia":[{"embeddable":true,"href":"https:\/\/www.koro.net.pl\/fr\/wp-json\/wp\/v2\/media\/8302"}],"wp:attachment":[{"href":"https:\/\/www.koro.net.pl\/fr\/wp-json\/wp\/v2\/media?parent=11581"}],"wp:term":[{"taxonomy":"product_brand","embeddable":true,"href":"https:\/\/www.koro.net.pl\/fr\/wp-json\/wp\/v2\/product_brand?post=11581"},{"taxonomy":"product_cat","embeddable":true,"href":"https:\/\/www.koro.net.pl\/fr\/wp-json\/wp\/v2\/product_cat?post=11581"},{"taxonomy":"product_tag","embeddable":true,"href":"https:\/\/www.koro.net.pl\/fr\/wp-json\/wp\/v2\/product_tag?post=11581"}],"curies":[{"name":"wp","href":"https:\/\/api.w.org\/{rel}","templated":true}]}}