{"id":11576,"date":"2025-10-03T15:14:59","date_gmt":"2025-10-03T13:14:59","guid":{"rendered":"https:\/\/www.koro.net.pl\/produkt\/scie-a-bande-en-carbure-pour-materiaux-durcis-rontgen-hm-titan-b0\/"},"modified":"2025-10-03T15:14:59","modified_gmt":"2025-10-03T13:14:59","slug":"scie-a-bande-en-carbure-pour-materiaux-durcis-rontgen-hm-titan-b0","status":"publish","type":"product","link":"https:\/\/www.koro.net.pl\/fr\/produkt\/scie-a-bande-en-carbure-pour-materiaux-durcis-rontgen-hm-titan-b0\/","title":{"rendered":"Scie \u00e0 bande en carbure pour mat\u00e9riaux durcis R\u00f6ntgen HM-Titan B0"},"content":{"rendered":"<h2 data-start=\"296\" data-end=\"686\">Scie \u00e0 bande en carbure pour mat\u00e9riaux durcis R\u00f6ntgen HM-Titan B0<\/h2>\n<p><strong data-start=\"146\" data-end=\"152\">HM<\/strong> \u2013 <em data-start=\"155\" data-end=\"167\">Hartmetall<\/em> (allemand) = <em data-start=\"195\" data-end=\"211\">carbure \u00e0 pointe<\/em>. Les dents de scie poss\u00e8dent des pointes en carbure, ce qui offre une r\u00e9sistance extr\u00eame \u00e0 l\u2019usure et \u00e0 l\u2019\u00e9caillage. <\/p>\n<p><strong data-start=\"314\" data-end=\"323\">Titan<\/strong> est le nom commercial de la s\u00e9rie R\u00f6ntgen. Elle symbolise la plus grande r\u00e9sistance et durabilit\u00e9 parmi les scies \u00e0 ruban. <\/p>\n<p><strong data-start=\"449\" data-end=\"454\">B<\/strong> \u2013 signifie une <strong data-start=\"475\" data-end=\"556\">g\u00e9om\u00e9trie sp\u00e9ciale d\u00e9di\u00e9e aux aciers tremp\u00e9s et aux mat\u00e9riaux tr\u00e8s durs<\/strong>. Il s\u2019agit d\u2019une variante o\u00f9 les dents sont plus \u00ab massives \u00bb et pr\u00e9par\u00e9es \u00e0 supporter des charges \u00e9lev\u00e9es. <\/p>\n<p><strong data-start=\"616\" data-end=\"628\">0 (z\u00e9ro)<\/strong> \u2013 indique une <strong data-start=\"643\" data-end=\"729\">g\u00e9om\u00e9trie destin\u00e9e \u00e0 la coupe de mat\u00e9riaux durcis et durcis par induction<\/strong>, lorsque les g\u00e9om\u00e9tries standard ne fonctionnent pas.<br data-start=\"799\" data-end=\"802\">\u00ab Z\u00e9ro \u00bb signifie aucun compromis \u2013 une scie pour des applications extr\u00eames.<\/p>\n<h3 data-start=\"296\" data-end=\"686\"><strong data-start=\"296\" data-end=\"313\">Description du produit<\/strong><\/h3>\n<p data-start=\"296\" data-end=\"686\">HM-Titan B0 est une bande de scie sp\u00e9cialis\u00e9e \u00e0 embout en carbure, con\u00e7ue pour <strong data-start=\"409\" data-end=\"471\">d\u00e9couper des aciers tremp\u00e9s et des mat\u00e9riaux \u00e0 tr\u00e8s haute duret\u00e9<\/strong> (au-dessus de 50 HRC). Gr\u00e2ce \u00e0 sa g\u00e9om\u00e9trie de dents unique et \u00e0 ses embouts en carbure extr\u00eamement robustes, le B0 peut supporter l\u00e0 o\u00f9 les scies bim\u00e9talliques classiques ou les variantes universelles HM ne suffisent pas. <\/p>\n<h3 data-start=\"688\" data-end=\"713\"><strong data-start=\"688\" data-end=\"711\">Caract\u00e9ristiques principales<\/strong><\/h3>\n<ul data-start=\"714\" data-end=\"1103\">\n<li data-start=\"714\" data-end=\"789\">\n<p data-start=\"716\" data-end=\"789\">Dents en carbure ciment\u00e9 avec une r\u00e9sistance accrue aux \u00e9caillements.<\/p>\n<\/li>\n<li data-start=\"790\" data-end=\"864\">\n<p data-start=\"792\" data-end=\"864\">G\u00e9om\u00e9trie optimis\u00e9e pour la coupe de mat\u00e9riaux durs et abrasifs (abrasifs).<\/p>\n<\/li>\n<li data-start=\"865\" data-end=\"930\">\n<p data-start=\"867\" data-end=\"930\">Tr\u00e8s grande durabilit\u00e9 m\u00eame en travaillant dans des environnements difficiles.<\/p>\n<\/li>\n<li data-start=\"931\" data-end=\"1005\">\n<p data-start=\"933\" data-end=\"1005\">Ruban \u00e0 base d\u2019acier stable avec une r\u00e9sistance accrue \u00e0 la fatigue.<\/p>\n<\/li>\n<li data-start=\"1006\" data-end=\"1103\">\n<p data-start=\"1008\" data-end=\"1103\">Con\u00e7u pour fonctionner dans une large gamme de sections transversales \u2013 des barres aux blocs d\u2019acier tremp\u00e9.<\/p>\n<\/li>\n<\/ul>\n<h3 data-start=\"1105\" data-end=\"1123\"><strong data-start=\"1105\" data-end=\"1121\">Application<\/strong><\/h3>\n<ul data-start=\"1124\" data-end=\"1424\">\n<li data-start=\"1124\" data-end=\"1168\">\n<p data-start=\"1126\" data-end=\"1168\">Coupe d\u2019aciers tremp\u00e9s au-dessus de 50 HRC.<\/p>\n<\/li>\n<li data-start=\"1169\" data-end=\"1231\">\n<p data-start=\"1171\" data-end=\"1231\">Aciers tremp\u00e9s par induction et en surface.<\/p>\n<\/li>\n<li data-start=\"1232\" data-end=\"1310\">\n<p data-start=\"1234\" data-end=\"1310\">Mat\u00e9riaux d\u2019outils, rouleaux, composants tr\u00e8s r\u00e9sistants \u00e0 l\u2019abrasion.<\/p>\n<\/li>\n<li data-start=\"1311\" data-end=\"1424\">\n<p data-start=\"1313\" data-end=\"1424\">Des applications industrielles o\u00f9 des performances et une r\u00e9sistance maximales aux charges extr\u00eames sont requises.<\/p>\n<\/li>\n<\/ul>\n<h3 data-start=\"1426\" data-end=\"1473\"><strong data-start=\"1426\" data-end=\"1471\">Tailles et pas de dents disponibles (TPI)<\/strong><\/h3>\n<ul data-start=\"1474\" data-end=\"1643\">\n<li data-start=\"1474\" data-end=\"1532\">\n<p data-start=\"1476\" data-end=\"1532\">Largeurs typiques de ceinture : de 27 \u00d7 0,9 mm \u00e0 80 \u00d7 1,6 mm.<\/p>\n<\/li>\n<li data-start=\"1533\" data-end=\"1643\">\n<p data-start=\"1535\" data-end=\"1643\">Inclinaison des dents pour les mat\u00e9riaux durs : 1\/1,3 | 1,4\/2 | 2\/3 (selon la section transversale et la machine).<\/p>\n<\/li>\n<\/ul>\n<h3 data-start=\"1645\" data-end=\"1675\"><strong data-start=\"1645\" data-end=\"1673\">Avantages pour l\u2019utilisateur<\/strong><\/h3>\n<ul data-start=\"1676\" data-end=\"2006\">\n<li data-start=\"1676\" data-end=\"1777\">\n<p data-start=\"1678\" data-end=\"1777\">Capacit\u00e9 \u00e0 couper efficacement des mat\u00e9riaux pratiquement inaccessibles avec des scies standards.<\/p>\n<\/li>\n<li data-start=\"1778\" data-end=\"1863\">\n<p data-start=\"1780\" data-end=\"1863\">Dur\u00e9e de vie prolong\u00e9e de l\u2019outil avec des aciers tremp\u00e9s et des mat\u00e9riaux abrasifs.<\/p>\n<\/li>\n<li data-start=\"1864\" data-end=\"1923\">\n<p data-start=\"1866\" data-end=\"1923\">Fonctionnement stable m\u00eame dans des conditions d\u2019usinage extr\u00eames.<\/p>\n<\/li>\n<li data-start=\"1924\" data-end=\"2006\">\n<p data-start=\"1926\" data-end=\"2006\">Garantie de la plus haute qualit\u00e9 de surface de coupe dans les mat\u00e9riaux tr\u00e8s durs.<\/p>\n<\/li>\n<\/ul>\n<p>&nbsp;<\/p>\n<div style=\"margin: 24px 0 8px; text-align: center;\"><a style=\"display: inline-block; background: #e30613 !important; color: #fff !important; text-decoration: none !important; font: 600 18px\/1.2 system-ui,-apple-system,'Segoe UI',Roboto,'Helvetica Neue',Arial,'Noto Sans','Liberation Sans',sans-serif !important; padding: 14px 20px; border-radius: 8px; box-shadow: 0 2px 8px rgba(0,0,0,.15); letter-spacing: .2px; transition: transform .06s ease, box-shadow .2s ease, opacity .2s ease;\" href=\"tel:+48506226158\">Avez-vous des questions ?  <strong>Appelez-nous !<\/strong>  506-226-158<br \/>\n<\/a><\/div>\n","protected":false},"excerpt":{"rendered":"<p>Scie \u00e0 bande en carbure pour mat\u00e9riaux durcis R\u00f6ntgen HM-Titan B0 HM \u2013 Hartmetall (allemand) = carbure \u00e0 pointe. Les dents de scie poss\u00e8dent des pointes en carbure, ce qui [&hellip;]<\/p>\n","protected":false},"featured_media":7827,"template":"","meta":{"_acf_changed":false},"product_brand":[],"product_cat":[181,180],"product_tag":[],"class_list":{"0":"post-11576","1":"product","2":"type-product","3":"status-publish","4":"has-post-thumbnail","6":"product_cat-scies-a-ruban-avec-carbure-cimente","7":"product_cat-scies-a-ruban-pour-metal","9":"first","10":"instock","11":"taxable","12":"shipping-taxable","13":"product-type-simple"},"acf":[],"yoast_head":"<!-- This site is optimized with the Yoast SEO plugin v27.5 - https:\/\/yoast.com\/product\/yoast-seo-wordpress\/ -->\n<title>HM-Titan B0 \u2013 scie \u00e0 bande pour acier tremp\u00e9<\/title>\n<meta name=\"description\" content=\"La HM-Titan B0 est une scie sans compromis. Avec le carbure ciment\u00e9, il coupe efficacement l\u2019acier tremp\u00e9 et les mat\u00e9riaux sup\u00e9rieurs \u00e0 50 HRC dans des conditions extr\u00eames.\" \/>\n<meta name=\"robots\" content=\"index, follow, max-snippet:-1, max-image-preview:large, max-video-preview:-1\" \/>\n<link rel=\"canonical\" href=\"https:\/\/www.koro.net.pl\/fr\/produkt\/scie-a-bande-en-carbure-pour-materiaux-durcis-rontgen-hm-titan-b0\/\" \/>\n<meta property=\"og:locale\" content=\"fr_FR\" \/>\n<meta property=\"og:type\" content=\"article\" \/>\n<meta property=\"og:title\" content=\"HM-Titan B0 \u2013 scie \u00e0 bande pour acier tremp\u00e9\" \/>\n<meta property=\"og:description\" content=\"La HM-Titan B0 est une scie sans compromis. Avec le carbure ciment\u00e9, il coupe efficacement l\u2019acier tremp\u00e9 et les mat\u00e9riaux sup\u00e9rieurs \u00e0 50 HRC dans des conditions extr\u00eames.\" \/>\n<meta property=\"og:url\" content=\"https:\/\/www.koro.net.pl\/fr\/produkt\/scie-a-bande-en-carbure-pour-materiaux-durcis-rontgen-hm-titan-b0\/\" \/>\n<meta property=\"og:site_name\" content=\"Koronet\" \/>\n<meta property=\"og:image\" content=\"https:\/\/www.koro.net.pl\/wp-content\/uploads\/2025\/10\/HM-Titan-Bo-obrocone-800x500-1.png\" \/>\n\t<meta property=\"og:image:width\" content=\"800\" \/>\n\t<meta property=\"og:image:height\" content=\"500\" \/>\n\t<meta property=\"og:image:type\" content=\"image\/png\" \/>\n<meta name=\"twitter:card\" content=\"summary_large_image\" \/>\n<meta name=\"twitter:label1\" content=\"Dur\u00e9e de lecture estim\u00e9e\" \/>\n\t<meta name=\"twitter:data1\" content=\"2 minutes\" \/>\n<script type=\"application\/ld+json\" class=\"yoast-schema-graph\">{\"@context\":\"https:\\\/\\\/schema.org\",\"@graph\":[{\"@type\":\"WebPage\",\"@id\":\"https:\\\/\\\/www.koro.net.pl\\\/fr\\\/produkt\\\/scie-a-bande-en-carbure-pour-materiaux-durcis-rontgen-hm-titan-b0\\\/\",\"url\":\"https:\\\/\\\/www.koro.net.pl\\\/fr\\\/produkt\\\/scie-a-bande-en-carbure-pour-materiaux-durcis-rontgen-hm-titan-b0\\\/\",\"name\":\"HM-Titan B0 \u2013 scie \u00e0 bande pour acier tremp\u00e9\",\"isPartOf\":{\"@id\":\"https:\\\/\\\/www.koro.net.pl\\\/fr\\\/#website\"},\"primaryImageOfPage\":{\"@id\":\"https:\\\/\\\/www.koro.net.pl\\\/fr\\\/produkt\\\/scie-a-bande-en-carbure-pour-materiaux-durcis-rontgen-hm-titan-b0\\\/#primaryimage\"},\"image\":{\"@id\":\"https:\\\/\\\/www.koro.net.pl\\\/fr\\\/produkt\\\/scie-a-bande-en-carbure-pour-materiaux-durcis-rontgen-hm-titan-b0\\\/#primaryimage\"},\"thumbnailUrl\":\"https:\\\/\\\/www.koro.net.pl\\\/wp-content\\\/uploads\\\/2025\\\/10\\\/HM-Titan-Bo-obrocone-800x500-1.png\",\"datePublished\":\"2025-10-03T13:14:59+00:00\",\"description\":\"La HM-Titan B0 est une scie sans compromis. Avec le carbure ciment\u00e9, il coupe efficacement l\u2019acier tremp\u00e9 et les mat\u00e9riaux sup\u00e9rieurs \u00e0 50 HRC dans des conditions extr\u00eames.\",\"breadcrumb\":{\"@id\":\"https:\\\/\\\/www.koro.net.pl\\\/fr\\\/produkt\\\/scie-a-bande-en-carbure-pour-materiaux-durcis-rontgen-hm-titan-b0\\\/#breadcrumb\"},\"inLanguage\":\"fr-FR\",\"potentialAction\":[{\"@type\":\"ReadAction\",\"target\":[\"https:\\\/\\\/www.koro.net.pl\\\/fr\\\/produkt\\\/scie-a-bande-en-carbure-pour-materiaux-durcis-rontgen-hm-titan-b0\\\/\"]}]},{\"@type\":\"ImageObject\",\"inLanguage\":\"fr-FR\",\"@id\":\"https:\\\/\\\/www.koro.net.pl\\\/fr\\\/produkt\\\/scie-a-bande-en-carbure-pour-materiaux-durcis-rontgen-hm-titan-b0\\\/#primaryimage\",\"url\":\"https:\\\/\\\/www.koro.net.pl\\\/wp-content\\\/uploads\\\/2025\\\/10\\\/HM-Titan-Bo-obrocone-800x500-1.png\",\"contentUrl\":\"https:\\\/\\\/www.koro.net.pl\\\/wp-content\\\/uploads\\\/2025\\\/10\\\/HM-Titan-Bo-obrocone-800x500-1.png\",\"width\":800,\"height\":500,\"caption\":\"pi\u0142a ta\u015bmowa do materia\u0142\u00f3w hartowanych\"},{\"@type\":\"BreadcrumbList\",\"@id\":\"https:\\\/\\\/www.koro.net.pl\\\/fr\\\/produkt\\\/scie-a-bande-en-carbure-pour-materiaux-durcis-rontgen-hm-titan-b0\\\/#breadcrumb\",\"itemListElement\":[{\"@type\":\"ListItem\",\"position\":1,\"name\":\"Strona g\u0142\u00f3wna\",\"item\":\"https:\\\/\\\/www.koro.net.pl\\\/fr\\\/\"},{\"@type\":\"ListItem\",\"position\":2,\"name\":\"Scie \u00e0 bande en carbure pour mat\u00e9riaux durcis R\u00f6ntgen HM-Titan B0\"}]},{\"@type\":\"WebSite\",\"@id\":\"https:\\\/\\\/www.koro.net.pl\\\/fr\\\/#website\",\"url\":\"https:\\\/\\\/www.koro.net.pl\\\/fr\\\/\",\"name\":\"Koronet\",\"description\":\"\",\"publisher\":{\"@id\":\"https:\\\/\\\/www.koro.net.pl\\\/fr\\\/#organization\"},\"potentialAction\":[{\"@type\":\"SearchAction\",\"target\":{\"@type\":\"EntryPoint\",\"urlTemplate\":\"https:\\\/\\\/www.koro.net.pl\\\/fr\\\/?s={search_term_string}\"},\"query-input\":{\"@type\":\"PropertyValueSpecification\",\"valueRequired\":true,\"valueName\":\"search_term_string\"}}],\"inLanguage\":\"fr-FR\"},{\"@type\":\"Organization\",\"@id\":\"https:\\\/\\\/www.koro.net.pl\\\/fr\\\/#organization\",\"name\":\"Koronet\",\"alternateName\":\"Koronet\",\"url\":\"https:\\\/\\\/www.koro.net.pl\\\/fr\\\/\",\"logo\":{\"@type\":\"ImageObject\",\"inLanguage\":\"fr-FR\",\"@id\":\"https:\\\/\\\/www.koro.net.pl\\\/fr\\\/#\\\/schema\\\/logo\\\/image\\\/\",\"url\":\"https:\\\/\\\/www.koro.net.pl\\\/wp-content\\\/uploads\\\/2025\\\/02\\\/Koronet-spolka-z-o.o.png\",\"contentUrl\":\"https:\\\/\\\/www.koro.net.pl\\\/wp-content\\\/uploads\\\/2025\\\/02\\\/Koronet-spolka-z-o.o.png\",\"width\":696,\"height\":696,\"caption\":\"Koronet\"},\"image\":{\"@id\":\"https:\\\/\\\/www.koro.net.pl\\\/fr\\\/#\\\/schema\\\/logo\\\/image\\\/\"}}]}<\/script>\n<!-- \/ Yoast SEO plugin. -->","yoast_head_json":{"title":"HM-Titan B0 \u2013 scie \u00e0 bande pour acier tremp\u00e9","description":"La HM-Titan B0 est une scie sans compromis. Avec le carbure ciment\u00e9, il coupe efficacement l\u2019acier tremp\u00e9 et les mat\u00e9riaux sup\u00e9rieurs \u00e0 50 HRC dans des conditions extr\u00eames.","robots":{"index":"index","follow":"follow","max-snippet":"max-snippet:-1","max-image-preview":"max-image-preview:large","max-video-preview":"max-video-preview:-1"},"canonical":"https:\/\/www.koro.net.pl\/fr\/produkt\/scie-a-bande-en-carbure-pour-materiaux-durcis-rontgen-hm-titan-b0\/","og_locale":"fr_FR","og_type":"article","og_title":"HM-Titan B0 \u2013 scie \u00e0 bande pour acier tremp\u00e9","og_description":"La HM-Titan B0 est une scie sans compromis. Avec le carbure ciment\u00e9, il coupe efficacement l\u2019acier tremp\u00e9 et les mat\u00e9riaux sup\u00e9rieurs \u00e0 50 HRC dans des conditions extr\u00eames.","og_url":"https:\/\/www.koro.net.pl\/fr\/produkt\/scie-a-bande-en-carbure-pour-materiaux-durcis-rontgen-hm-titan-b0\/","og_site_name":"Koronet","og_image":[{"width":800,"height":500,"url":"https:\/\/www.koro.net.pl\/wp-content\/uploads\/2025\/10\/HM-Titan-Bo-obrocone-800x500-1.png","type":"image\/png"}],"twitter_card":"summary_large_image","twitter_misc":{"Dur\u00e9e de lecture estim\u00e9e":"2 minutes"},"schema":{"@context":"https:\/\/schema.org","@graph":[{"@type":"WebPage","@id":"https:\/\/www.koro.net.pl\/fr\/produkt\/scie-a-bande-en-carbure-pour-materiaux-durcis-rontgen-hm-titan-b0\/","url":"https:\/\/www.koro.net.pl\/fr\/produkt\/scie-a-bande-en-carbure-pour-materiaux-durcis-rontgen-hm-titan-b0\/","name":"HM-Titan B0 \u2013 scie \u00e0 bande pour acier tremp\u00e9","isPartOf":{"@id":"https:\/\/www.koro.net.pl\/fr\/#website"},"primaryImageOfPage":{"@id":"https:\/\/www.koro.net.pl\/fr\/produkt\/scie-a-bande-en-carbure-pour-materiaux-durcis-rontgen-hm-titan-b0\/#primaryimage"},"image":{"@id":"https:\/\/www.koro.net.pl\/fr\/produkt\/scie-a-bande-en-carbure-pour-materiaux-durcis-rontgen-hm-titan-b0\/#primaryimage"},"thumbnailUrl":"https:\/\/www.koro.net.pl\/wp-content\/uploads\/2025\/10\/HM-Titan-Bo-obrocone-800x500-1.png","datePublished":"2025-10-03T13:14:59+00:00","description":"La HM-Titan B0 est une scie sans compromis. Avec le carbure ciment\u00e9, il coupe efficacement l\u2019acier tremp\u00e9 et les mat\u00e9riaux sup\u00e9rieurs \u00e0 50 HRC dans des conditions extr\u00eames.","breadcrumb":{"@id":"https:\/\/www.koro.net.pl\/fr\/produkt\/scie-a-bande-en-carbure-pour-materiaux-durcis-rontgen-hm-titan-b0\/#breadcrumb"},"inLanguage":"fr-FR","potentialAction":[{"@type":"ReadAction","target":["https:\/\/www.koro.net.pl\/fr\/produkt\/scie-a-bande-en-carbure-pour-materiaux-durcis-rontgen-hm-titan-b0\/"]}]},{"@type":"ImageObject","inLanguage":"fr-FR","@id":"https:\/\/www.koro.net.pl\/fr\/produkt\/scie-a-bande-en-carbure-pour-materiaux-durcis-rontgen-hm-titan-b0\/#primaryimage","url":"https:\/\/www.koro.net.pl\/wp-content\/uploads\/2025\/10\/HM-Titan-Bo-obrocone-800x500-1.png","contentUrl":"https:\/\/www.koro.net.pl\/wp-content\/uploads\/2025\/10\/HM-Titan-Bo-obrocone-800x500-1.png","width":800,"height":500,"caption":"pi\u0142a ta\u015bmowa do materia\u0142\u00f3w hartowanych"},{"@type":"BreadcrumbList","@id":"https:\/\/www.koro.net.pl\/fr\/produkt\/scie-a-bande-en-carbure-pour-materiaux-durcis-rontgen-hm-titan-b0\/#breadcrumb","itemListElement":[{"@type":"ListItem","position":1,"name":"Strona g\u0142\u00f3wna","item":"https:\/\/www.koro.net.pl\/fr\/"},{"@type":"ListItem","position":2,"name":"Scie \u00e0 bande en carbure pour mat\u00e9riaux durcis R\u00f6ntgen HM-Titan B0"}]},{"@type":"WebSite","@id":"https:\/\/www.koro.net.pl\/fr\/#website","url":"https:\/\/www.koro.net.pl\/fr\/","name":"Koronet","description":"","publisher":{"@id":"https:\/\/www.koro.net.pl\/fr\/#organization"},"potentialAction":[{"@type":"SearchAction","target":{"@type":"EntryPoint","urlTemplate":"https:\/\/www.koro.net.pl\/fr\/?s={search_term_string}"},"query-input":{"@type":"PropertyValueSpecification","valueRequired":true,"valueName":"search_term_string"}}],"inLanguage":"fr-FR"},{"@type":"Organization","@id":"https:\/\/www.koro.net.pl\/fr\/#organization","name":"Koronet","alternateName":"Koronet","url":"https:\/\/www.koro.net.pl\/fr\/","logo":{"@type":"ImageObject","inLanguage":"fr-FR","@id":"https:\/\/www.koro.net.pl\/fr\/#\/schema\/logo\/image\/","url":"https:\/\/www.koro.net.pl\/wp-content\/uploads\/2025\/02\/Koronet-spolka-z-o.o.png","contentUrl":"https:\/\/www.koro.net.pl\/wp-content\/uploads\/2025\/02\/Koronet-spolka-z-o.o.png","width":696,"height":696,"caption":"Koronet"},"image":{"@id":"https:\/\/www.koro.net.pl\/fr\/#\/schema\/logo\/image\/"}}]}},"_links":{"self":[{"href":"https:\/\/www.koro.net.pl\/fr\/wp-json\/wp\/v2\/product\/11576","targetHints":{"allow":["GET"]}}],"collection":[{"href":"https:\/\/www.koro.net.pl\/fr\/wp-json\/wp\/v2\/product"}],"about":[{"href":"https:\/\/www.koro.net.pl\/fr\/wp-json\/wp\/v2\/types\/product"}],"wp:featuredmedia":[{"embeddable":true,"href":"https:\/\/www.koro.net.pl\/fr\/wp-json\/wp\/v2\/media\/7827"}],"wp:attachment":[{"href":"https:\/\/www.koro.net.pl\/fr\/wp-json\/wp\/v2\/media?parent=11576"}],"wp:term":[{"taxonomy":"product_brand","embeddable":true,"href":"https:\/\/www.koro.net.pl\/fr\/wp-json\/wp\/v2\/product_brand?post=11576"},{"taxonomy":"product_cat","embeddable":true,"href":"https:\/\/www.koro.net.pl\/fr\/wp-json\/wp\/v2\/product_cat?post=11576"},{"taxonomy":"product_tag","embeddable":true,"href":"https:\/\/www.koro.net.pl\/fr\/wp-json\/wp\/v2\/product_tag?post=11576"}],"curies":[{"name":"wp","href":"https:\/\/api.w.org\/{rel}","templated":true}]}}