{"id":11570,"date":"2025-11-21T15:41:01","date_gmt":"2025-11-21T14:41:01","guid":{"rendered":"https:\/\/www.koro.net.pl\/produkt\/prise-a-main-aveugle-din-374-c-mf-hsse-avec-revetement-alcrn-serie-supreme-900x-koronet\/"},"modified":"2025-11-21T15:41:01","modified_gmt":"2025-11-21T14:41:01","slug":"prise-a-main-aveugle-din-374-c-mf-hsse-avec-revetement-alcrn-serie-supreme-900x-koronet","status":"publish","type":"product","link":"https:\/\/www.koro.net.pl\/fr\/produkt\/prise-a-main-aveugle-din-374-c-mf-hsse-avec-revetement-alcrn-serie-supreme-900x-koronet\/","title":{"rendered":"Prise \u00e0 main aveugle DIN 374 C MF HSSE avec rev\u00eatement AlCrN &#8211; s\u00e9rie SUPREME 900X &#8211; Koronet"},"content":{"rendered":"<p data-start=\"413\" data-end=\"899\"><a href=\"https:\/\/www.koro.net.pl\/fr\/produkty\/taps\/\">Le robinet<strong> Koronet SUPREME 900X<\/strong> <\/a>est un outil haut de gamme con\u00e7u pour un filetage interne pr\u00e9cis dans les aciers structurels, les aciers alli\u00e9s et les mat\u00e9riaux n\u00e9cessitant un proc\u00e9d\u00e9 de coupe stable et r\u00e9p\u00e9table. Fabriqu\u00e9 en acier <strong>HSSE de haute qualit\u00e9 et rapide<\/strong> et recouvert d\u2019un rev\u00eatement <strong>avanc\u00e9 en AlCrN<\/strong>, il offre une r\u00e9sistance accrue \u00e0 l\u2019abrasion et une dur\u00e9e de service \u00e9lev\u00e9e compar\u00e9 aux outils dot\u00e9s de rev\u00eatements TiN ou TiCN standards. <\/p>\n<h3 data-start=\"906\" data-end=\"964\"><strong data-start=\"910\" data-end=\"964\">\u2022 Acier HSSE \u2013 stabilit\u00e9 et r\u00e9sistance aux charges<\/strong><\/h3>\n<p data-start=\"965\" data-end=\"1223\">Le robinet est fabriqu\u00e9 en acier HSSE \u00e0 grande vitesse, qui combine une r\u00e9sistance accrue \u00e0 l\u2019usure \u00e0 une bonne r\u00e9sistance aux chocs. Cela permet \u00e0 l\u2019outil de fonctionner de mani\u00e8re stable m\u00eame sur des mat\u00e9riaux \u00e0 plus grande r\u00e9sistance, minimisant ainsi le risque de fissures et de perte de g\u00e9om\u00e9trie des tranchants. <\/p>\n<h3 data-start=\"1230\" data-end=\"1288\"><strong data-start=\"1234\" data-end=\"1288\">\u2022 Rev\u00eatement premium SUPREME 900X \u2013 technologie AlCrN<\/strong><\/h3>\n<p data-start=\"1289\" data-end=\"1583\">Le rev\u00eatement avanc\u00e9 en AlCrN offre :<br \/>\n \u2013 une forte r\u00e9sistance \u00e0 l\u2019abrasion dans des conditions de friction intenses,<br data-start=\"1390\" data-end=\"1393\">\u2013 stabilit\u00e9 thermique \u00e0 des temp\u00e9ratures de coupe \u00e9lev\u00e9es,<br data-start=\"1459\" data-end=\"1462\">\u2013 une tendance r\u00e9duite \u00e0 accumuler du mat\u00e9riau,<br data-start=\"1507\" data-end=\"1510\">\u2013 une dur\u00e9e de vie significativement plus longue par rapport aux rev\u00eatements TiN\/TiCN.<\/p>\n<p data-start=\"1585\" data-end=\"1718\">Cette technologie permet d\u2019effectuer des usinages \u00e0 des param\u00e8tres plus \u00e9lev\u00e9s et dans des aciers offrant une plus grande r\u00e9sistance \u00e0 l\u2019usinage.<\/p>\n<h3 data-start=\"1725\" data-end=\"1803\"><strong data-start=\"1729\" data-end=\"1803\">\u2022 G\u00e9om\u00e9trie de type C \u2013 rainures en spirale pour une \u00e9vacuation efficace des puces<\/strong><\/h3>\n<p data-start=\"1804\" data-end=\"2090\">Les rainures en spirale utilis\u00e9es permettent de soulever le copeau vers le haut, ce qui am\u00e9liore consid\u00e9rablement la fluidit\u00e9 du travail dans les mat\u00e9riaux mall\u00e9ables et dans les trous aveugles. C\u2019est une solution qui garantit des bords de filetage propres et un processus de coupe s\u00fbr dans les mat\u00e9riaux sujets \u00e0 l\u2019\u00e9tanch\u00e9it\u00e9 des rainures. <\/p>\n<h3 data-start=\"2097\" data-end=\"2147\"><strong data-start=\"2101\" data-end=\"2147\">\u2022 Norme DIN 374 \u2013 conception allong\u00e9e<\/strong><\/h3>\n<p data-start=\"2148\" data-end=\"2433\">Le robinet r\u00e9pond aux exigences de la norme DIN 374, ce qui signifie une conception allong\u00e9e et une tige avec une g\u00e9om\u00e9trie garantissant une bonne rigidit\u00e9 et un guidage stable de l\u2019outil. Cette solution convient \u00e0 l\u2019usinage de trous plus profonds et aux applications n\u00e9cessitant une plage de travail \u00e9tendue. <\/p>\n<p data-start=\"2750\" data-end=\"2969\"><strong>Le robinet SUPREME 900X est con\u00e7u pour le traitement :<\/strong><br \/>\n\u2022 aciers non alli\u00e9s et structurels,<br data-start=\"2843\" data-end=\"2846\">\u2022 aciers alli\u00e9s et trait\u00e9s thermiquement,<br data-start=\"2887\" data-end=\"2890\">\u2022 acier \u00e0 r\u00e9sistance accrue,<br data-start=\"2927\" data-end=\"2930\">\u2022 Mat\u00e9riaux susceptibles \u00e0 la croissance des copeaux.<\/p>\n<p data-start=\"2971\" data-end=\"3174\">Recommand\u00e9 pour le travail sur machines-outils CNC et sur des t\u00eates de pr\u00e9cision de machines conventionnelles. Il fonctionne bien l\u00e0 o\u00f9 la r\u00e9p\u00e9tabilit\u00e9, la qualit\u00e9 du filetage et la dur\u00e9e de vie de l\u2019outil sont cruciales. <\/p>\n","protected":false},"excerpt":{"rendered":"<p>Le robinet Koronet SUPREME 900X est un outil haut de gamme con\u00e7u pour un filetage interne pr\u00e9cis dans les aciers structurels, les aciers alli\u00e9s et les mat\u00e9riaux n\u00e9cessitant un proc\u00e9d\u00e9 [&hellip;]<\/p>\n","protected":false},"featured_media":8311,"template":"","meta":{"_acf_changed":false},"product_brand":[],"product_cat":[174,177,178],"product_tag":[],"class_list":{"0":"post-11570","1":"product","2":"type-product","3":"status-publish","4":"has-post-thumbnail","6":"product_cat-outils","7":"product_cat-prises-mecaniques","8":"product_cat-taps","10":"first","11":"instock","12":"taxable","13":"shipping-taxable","14":"purchasable","15":"product-type-variable"},"acf":[],"yoast_head":"<!-- This site is optimized with the Yoast SEO plugin v27.5 - https:\/\/yoast.com\/product\/yoast-seo-wordpress\/ -->\n<title>Tap DIN 374 C MF HSSE AlCrN SUPREME 900X Coronnet<\/title>\n<meta name=\"description\" content=\"Prise de machine DIN 374 C MF avec rev\u00eatement AlCrN. S\u00e9rie SUPREME 900X \u2013 durabilit\u00e9, stabilit\u00e9 et pr\u00e9cision dans l\u2019usinage des aciers structurels et alli\u00e9s.\" \/>\n<meta name=\"robots\" content=\"index, follow, max-snippet:-1, max-image-preview:large, max-video-preview:-1\" \/>\n<link rel=\"canonical\" href=\"https:\/\/www.koro.net.pl\/fr\/produkt\/prise-a-main-aveugle-din-374-c-mf-hsse-avec-revetement-alcrn-serie-supreme-900x-koronet\/\" \/>\n<meta property=\"og:locale\" content=\"fr_FR\" \/>\n<meta property=\"og:type\" content=\"article\" \/>\n<meta property=\"og:title\" content=\"Tap DIN 374 C MF HSSE AlCrN SUPREME 900X Coronnet\" \/>\n<meta property=\"og:description\" content=\"Prise de machine DIN 374 C MF avec rev\u00eatement AlCrN. S\u00e9rie SUPREME 900X \u2013 durabilit\u00e9, stabilit\u00e9 et pr\u00e9cision dans l\u2019usinage des aciers structurels et alli\u00e9s.\" \/>\n<meta property=\"og:url\" content=\"https:\/\/www.koro.net.pl\/fr\/produkt\/prise-a-main-aveugle-din-374-c-mf-hsse-avec-revetement-alcrn-serie-supreme-900x-koronet\/\" \/>\n<meta property=\"og:site_name\" content=\"Koronet\" \/>\n<meta property=\"og:image\" content=\"https:\/\/www.koro.net.pl\/wp-content\/uploads\/2025\/11\/DIN374.c.MF20x1.5.1.png\" \/>\n\t<meta property=\"og:image:width\" content=\"800\" \/>\n\t<meta property=\"og:image:height\" content=\"800\" \/>\n\t<meta property=\"og:image:type\" content=\"image\/png\" \/>\n<meta name=\"twitter:card\" content=\"summary_large_image\" \/>\n<meta name=\"twitter:label1\" content=\"Dur\u00e9e de lecture estim\u00e9e\" \/>\n\t<meta name=\"twitter:data1\" content=\"2 minutes\" \/>\n<script type=\"application\/ld+json\" class=\"yoast-schema-graph\">{\"@context\":\"https:\\\/\\\/schema.org\",\"@graph\":[{\"@type\":\"WebPage\",\"@id\":\"https:\\\/\\\/www.koro.net.pl\\\/fr\\\/produkt\\\/prise-a-main-aveugle-din-374-c-mf-hsse-avec-revetement-alcrn-serie-supreme-900x-koronet\\\/\",\"url\":\"https:\\\/\\\/www.koro.net.pl\\\/fr\\\/produkt\\\/prise-a-main-aveugle-din-374-c-mf-hsse-avec-revetement-alcrn-serie-supreme-900x-koronet\\\/\",\"name\":\"Tap DIN 374 C MF HSSE AlCrN SUPREME 900X Coronnet\",\"isPartOf\":{\"@id\":\"https:\\\/\\\/www.koro.net.pl\\\/fr\\\/#website\"},\"primaryImageOfPage\":{\"@id\":\"https:\\\/\\\/www.koro.net.pl\\\/fr\\\/produkt\\\/prise-a-main-aveugle-din-374-c-mf-hsse-avec-revetement-alcrn-serie-supreme-900x-koronet\\\/#primaryimage\"},\"image\":{\"@id\":\"https:\\\/\\\/www.koro.net.pl\\\/fr\\\/produkt\\\/prise-a-main-aveugle-din-374-c-mf-hsse-avec-revetement-alcrn-serie-supreme-900x-koronet\\\/#primaryimage\"},\"thumbnailUrl\":\"https:\\\/\\\/www.koro.net.pl\\\/wp-content\\\/uploads\\\/2025\\\/11\\\/DIN374.c.MF20x1.5.1.png\",\"datePublished\":\"2025-11-21T14:41:01+00:00\",\"description\":\"Prise de machine DIN 374 C MF avec rev\u00eatement AlCrN. S\u00e9rie SUPREME 900X \u2013 durabilit\u00e9, stabilit\u00e9 et pr\u00e9cision dans l\u2019usinage des aciers structurels et alli\u00e9s.\",\"breadcrumb\":{\"@id\":\"https:\\\/\\\/www.koro.net.pl\\\/fr\\\/produkt\\\/prise-a-main-aveugle-din-374-c-mf-hsse-avec-revetement-alcrn-serie-supreme-900x-koronet\\\/#breadcrumb\"},\"inLanguage\":\"fr-FR\",\"potentialAction\":[{\"@type\":\"ReadAction\",\"target\":[\"https:\\\/\\\/www.koro.net.pl\\\/fr\\\/produkt\\\/prise-a-main-aveugle-din-374-c-mf-hsse-avec-revetement-alcrn-serie-supreme-900x-koronet\\\/\"]}]},{\"@type\":\"ImageObject\",\"inLanguage\":\"fr-FR\",\"@id\":\"https:\\\/\\\/www.koro.net.pl\\\/fr\\\/produkt\\\/prise-a-main-aveugle-din-374-c-mf-hsse-avec-revetement-alcrn-serie-supreme-900x-koronet\\\/#primaryimage\",\"url\":\"https:\\\/\\\/www.koro.net.pl\\\/wp-content\\\/uploads\\\/2025\\\/11\\\/DIN374.c.MF20x1.5.1.png\",\"contentUrl\":\"https:\\\/\\\/www.koro.net.pl\\\/wp-content\\\/uploads\\\/2025\\\/11\\\/DIN374.c.MF20x1.5.1.png\",\"width\":800,\"height\":800,\"caption\":\"Gwintownik maszynowy DIN 374 C MF z pow\u0142ok\u0105 AlCrN, seria Koronet SUPREME 900X \u2013 widok ca\u0142o\u015bci narz\u0119dzia z rowkami spiralnymi\"},{\"@type\":\"BreadcrumbList\",\"@id\":\"https:\\\/\\\/www.koro.net.pl\\\/fr\\\/produkt\\\/prise-a-main-aveugle-din-374-c-mf-hsse-avec-revetement-alcrn-serie-supreme-900x-koronet\\\/#breadcrumb\",\"itemListElement\":[{\"@type\":\"ListItem\",\"position\":1,\"name\":\"Strona g\u0142\u00f3wna\",\"item\":\"https:\\\/\\\/www.koro.net.pl\\\/fr\\\/\"},{\"@type\":\"ListItem\",\"position\":2,\"name\":\"Prise \u00e0 main aveugle DIN 374 C MF HSSE avec rev\u00eatement AlCrN &#8211; s\u00e9rie SUPREME 900X &#8211; Koronet\"}]},{\"@type\":\"WebSite\",\"@id\":\"https:\\\/\\\/www.koro.net.pl\\\/fr\\\/#website\",\"url\":\"https:\\\/\\\/www.koro.net.pl\\\/fr\\\/\",\"name\":\"Koronet\",\"description\":\"\",\"publisher\":{\"@id\":\"https:\\\/\\\/www.koro.net.pl\\\/fr\\\/#organization\"},\"potentialAction\":[{\"@type\":\"SearchAction\",\"target\":{\"@type\":\"EntryPoint\",\"urlTemplate\":\"https:\\\/\\\/www.koro.net.pl\\\/fr\\\/?s={search_term_string}\"},\"query-input\":{\"@type\":\"PropertyValueSpecification\",\"valueRequired\":true,\"valueName\":\"search_term_string\"}}],\"inLanguage\":\"fr-FR\"},{\"@type\":\"Organization\",\"@id\":\"https:\\\/\\\/www.koro.net.pl\\\/fr\\\/#organization\",\"name\":\"Koronet\",\"alternateName\":\"Koronet\",\"url\":\"https:\\\/\\\/www.koro.net.pl\\\/fr\\\/\",\"logo\":{\"@type\":\"ImageObject\",\"inLanguage\":\"fr-FR\",\"@id\":\"https:\\\/\\\/www.koro.net.pl\\\/fr\\\/#\\\/schema\\\/logo\\\/image\\\/\",\"url\":\"https:\\\/\\\/www.koro.net.pl\\\/wp-content\\\/uploads\\\/2025\\\/02\\\/Koronet-spolka-z-o.o.png\",\"contentUrl\":\"https:\\\/\\\/www.koro.net.pl\\\/wp-content\\\/uploads\\\/2025\\\/02\\\/Koronet-spolka-z-o.o.png\",\"width\":696,\"height\":696,\"caption\":\"Koronet\"},\"image\":{\"@id\":\"https:\\\/\\\/www.koro.net.pl\\\/fr\\\/#\\\/schema\\\/logo\\\/image\\\/\"}}]}<\/script>\n<!-- \/ Yoast SEO plugin. -->","yoast_head_json":{"title":"Tap DIN 374 C MF HSSE AlCrN SUPREME 900X Coronnet","description":"Prise de machine DIN 374 C MF avec rev\u00eatement AlCrN. S\u00e9rie SUPREME 900X \u2013 durabilit\u00e9, stabilit\u00e9 et pr\u00e9cision dans l\u2019usinage des aciers structurels et alli\u00e9s.","robots":{"index":"index","follow":"follow","max-snippet":"max-snippet:-1","max-image-preview":"max-image-preview:large","max-video-preview":"max-video-preview:-1"},"canonical":"https:\/\/www.koro.net.pl\/fr\/produkt\/prise-a-main-aveugle-din-374-c-mf-hsse-avec-revetement-alcrn-serie-supreme-900x-koronet\/","og_locale":"fr_FR","og_type":"article","og_title":"Tap DIN 374 C MF HSSE AlCrN SUPREME 900X Coronnet","og_description":"Prise de machine DIN 374 C MF avec rev\u00eatement AlCrN. S\u00e9rie SUPREME 900X \u2013 durabilit\u00e9, stabilit\u00e9 et pr\u00e9cision dans l\u2019usinage des aciers structurels et alli\u00e9s.","og_url":"https:\/\/www.koro.net.pl\/fr\/produkt\/prise-a-main-aveugle-din-374-c-mf-hsse-avec-revetement-alcrn-serie-supreme-900x-koronet\/","og_site_name":"Koronet","og_image":[{"width":800,"height":800,"url":"https:\/\/www.koro.net.pl\/wp-content\/uploads\/2025\/11\/DIN374.c.MF20x1.5.1.png","type":"image\/png"}],"twitter_card":"summary_large_image","twitter_misc":{"Dur\u00e9e de lecture estim\u00e9e":"2 minutes"},"schema":{"@context":"https:\/\/schema.org","@graph":[{"@type":"WebPage","@id":"https:\/\/www.koro.net.pl\/fr\/produkt\/prise-a-main-aveugle-din-374-c-mf-hsse-avec-revetement-alcrn-serie-supreme-900x-koronet\/","url":"https:\/\/www.koro.net.pl\/fr\/produkt\/prise-a-main-aveugle-din-374-c-mf-hsse-avec-revetement-alcrn-serie-supreme-900x-koronet\/","name":"Tap DIN 374 C MF HSSE AlCrN SUPREME 900X Coronnet","isPartOf":{"@id":"https:\/\/www.koro.net.pl\/fr\/#website"},"primaryImageOfPage":{"@id":"https:\/\/www.koro.net.pl\/fr\/produkt\/prise-a-main-aveugle-din-374-c-mf-hsse-avec-revetement-alcrn-serie-supreme-900x-koronet\/#primaryimage"},"image":{"@id":"https:\/\/www.koro.net.pl\/fr\/produkt\/prise-a-main-aveugle-din-374-c-mf-hsse-avec-revetement-alcrn-serie-supreme-900x-koronet\/#primaryimage"},"thumbnailUrl":"https:\/\/www.koro.net.pl\/wp-content\/uploads\/2025\/11\/DIN374.c.MF20x1.5.1.png","datePublished":"2025-11-21T14:41:01+00:00","description":"Prise de machine DIN 374 C MF avec rev\u00eatement AlCrN. S\u00e9rie SUPREME 900X \u2013 durabilit\u00e9, stabilit\u00e9 et pr\u00e9cision dans l\u2019usinage des aciers structurels et alli\u00e9s.","breadcrumb":{"@id":"https:\/\/www.koro.net.pl\/fr\/produkt\/prise-a-main-aveugle-din-374-c-mf-hsse-avec-revetement-alcrn-serie-supreme-900x-koronet\/#breadcrumb"},"inLanguage":"fr-FR","potentialAction":[{"@type":"ReadAction","target":["https:\/\/www.koro.net.pl\/fr\/produkt\/prise-a-main-aveugle-din-374-c-mf-hsse-avec-revetement-alcrn-serie-supreme-900x-koronet\/"]}]},{"@type":"ImageObject","inLanguage":"fr-FR","@id":"https:\/\/www.koro.net.pl\/fr\/produkt\/prise-a-main-aveugle-din-374-c-mf-hsse-avec-revetement-alcrn-serie-supreme-900x-koronet\/#primaryimage","url":"https:\/\/www.koro.net.pl\/wp-content\/uploads\/2025\/11\/DIN374.c.MF20x1.5.1.png","contentUrl":"https:\/\/www.koro.net.pl\/wp-content\/uploads\/2025\/11\/DIN374.c.MF20x1.5.1.png","width":800,"height":800,"caption":"Gwintownik maszynowy DIN 374 C MF z pow\u0142ok\u0105 AlCrN, seria Koronet SUPREME 900X \u2013 widok ca\u0142o\u015bci narz\u0119dzia z rowkami spiralnymi"},{"@type":"BreadcrumbList","@id":"https:\/\/www.koro.net.pl\/fr\/produkt\/prise-a-main-aveugle-din-374-c-mf-hsse-avec-revetement-alcrn-serie-supreme-900x-koronet\/#breadcrumb","itemListElement":[{"@type":"ListItem","position":1,"name":"Strona g\u0142\u00f3wna","item":"https:\/\/www.koro.net.pl\/fr\/"},{"@type":"ListItem","position":2,"name":"Prise \u00e0 main aveugle DIN 374 C MF HSSE avec rev\u00eatement AlCrN &#8211; s\u00e9rie SUPREME 900X &#8211; Koronet"}]},{"@type":"WebSite","@id":"https:\/\/www.koro.net.pl\/fr\/#website","url":"https:\/\/www.koro.net.pl\/fr\/","name":"Koronet","description":"","publisher":{"@id":"https:\/\/www.koro.net.pl\/fr\/#organization"},"potentialAction":[{"@type":"SearchAction","target":{"@type":"EntryPoint","urlTemplate":"https:\/\/www.koro.net.pl\/fr\/?s={search_term_string}"},"query-input":{"@type":"PropertyValueSpecification","valueRequired":true,"valueName":"search_term_string"}}],"inLanguage":"fr-FR"},{"@type":"Organization","@id":"https:\/\/www.koro.net.pl\/fr\/#organization","name":"Koronet","alternateName":"Koronet","url":"https:\/\/www.koro.net.pl\/fr\/","logo":{"@type":"ImageObject","inLanguage":"fr-FR","@id":"https:\/\/www.koro.net.pl\/fr\/#\/schema\/logo\/image\/","url":"https:\/\/www.koro.net.pl\/wp-content\/uploads\/2025\/02\/Koronet-spolka-z-o.o.png","contentUrl":"https:\/\/www.koro.net.pl\/wp-content\/uploads\/2025\/02\/Koronet-spolka-z-o.o.png","width":696,"height":696,"caption":"Koronet"},"image":{"@id":"https:\/\/www.koro.net.pl\/fr\/#\/schema\/logo\/image\/"}}]}},"_links":{"self":[{"href":"https:\/\/www.koro.net.pl\/fr\/wp-json\/wp\/v2\/product\/11570","targetHints":{"allow":["GET"]}}],"collection":[{"href":"https:\/\/www.koro.net.pl\/fr\/wp-json\/wp\/v2\/product"}],"about":[{"href":"https:\/\/www.koro.net.pl\/fr\/wp-json\/wp\/v2\/types\/product"}],"wp:featuredmedia":[{"embeddable":true,"href":"https:\/\/www.koro.net.pl\/fr\/wp-json\/wp\/v2\/media\/8311"}],"wp:attachment":[{"href":"https:\/\/www.koro.net.pl\/fr\/wp-json\/wp\/v2\/media?parent=11570"}],"wp:term":[{"taxonomy":"product_brand","embeddable":true,"href":"https:\/\/www.koro.net.pl\/fr\/wp-json\/wp\/v2\/product_brand?post=11570"},{"taxonomy":"product_cat","embeddable":true,"href":"https:\/\/www.koro.net.pl\/fr\/wp-json\/wp\/v2\/product_cat?post=11570"},{"taxonomy":"product_tag","embeddable":true,"href":"https:\/\/www.koro.net.pl\/fr\/wp-json\/wp\/v2\/product_tag?post=11570"}],"curies":[{"name":"wp","href":"https:\/\/api.w.org\/{rel}","templated":true}]}}