{"id":11562,"date":"2025-11-20T13:31:29","date_gmt":"2025-11-20T12:31:29","guid":{"rendered":"https:\/\/www.koro.net.pl\/produkt\/prise-a-machine-a-trou-traversant-din-376-b-hsse-pm-supreme-900x-koronet\/"},"modified":"2025-11-20T13:31:29","modified_gmt":"2025-11-20T12:31:29","slug":"prise-a-machine-a-trou-traversant-din-376-b-hsse-pm-supreme-900x-koronet","status":"publish","type":"product","link":"https:\/\/www.koro.net.pl\/fr\/produkt\/prise-a-machine-a-trou-traversant-din-376-b-hsse-pm-supreme-900x-koronet\/","title":{"rendered":"Prise \u00e0 machine \u00e0 trou traversant DIN 376 B HSSE-PM SUPREME 900X -Koronet"},"content":{"rendered":"<p data-start=\"348\" data-end=\"841\">Le robinet<strong> Koronet SUPREME 900X<\/strong> est un outil haut de gamme con\u00e7u pour un filetage interne pr\u00e9cis dans les aciers structurels, les aciers alli\u00e9s et les mat\u00e9riaux n\u00e9cessitant un proc\u00e9d\u00e9 de coupe stable et r\u00e9p\u00e9table. Fabriqu\u00e9 en acier en poudre <strong>HSSE-PM<\/strong> haute vitesse de haute qualit\u00e9 et \u00e9quip\u00e9 d\u2019un rev\u00eatement <strong>AlCrN<\/strong>, il offre une r\u00e9sistance \u00e0 l\u2019usure et une stabilit\u00e9 significativement sup\u00e9rieures par rapport aux robinets HSSE TiN ou TiCN standard. <\/p>\n<h3 data-start=\"848\" data-end=\"918\"><strong data-start=\"851\" data-end=\"918\">\u2022 Acier HSSE-PM \u2013 la plus grande stabilit\u00e9 et r\u00e9sistance aux charges<\/strong><\/h3>\n<p data-start=\"919\" data-end=\"1266\">Le robinet est fabriqu\u00e9 en acier HSSE-PM (m\u00e9tallurgie de la poudre) \u00e0 grande vitesse, qui combine une tr\u00e8s grande r\u00e9sistance aux chocs avec une r\u00e9sistance aux micro-fissures, une grande r\u00e9sistance \u00e0 la torsion et une stabilit\u00e9 du tranchant. La technologie de la poudre assure une structure homog\u00e8ne des mat\u00e9riaux, ce qui se traduit par une dur\u00e9e de vie de l\u2019outil plus longue m\u00eame dans des aciers exigeants. <\/p>\n<h3 data-start=\"1273\" data-end=\"1326\"><strong data-start=\"1276\" data-end=\"1326\">\u2022 Rev\u00eatement premium \u2013 SUPREME 900X (AlCrN)<\/strong><\/h3>\n<p data-start=\"1327\" data-end=\"1607\">Le rev\u00eatement avanc\u00e9 \u00e0 base d\u2019AlCrN se caract\u00e9rise par :<br \/>\n \u2013 une tr\u00e8s grande r\u00e9sistance \u00e0 l\u2019abrasion,<br data-start=\"1417\" data-end=\"1420\">\u2013 stabilit\u00e9 thermique permettant un travail \u00e0 param\u00e8tres plus \u00e9lev\u00e9s,<br data-start=\"1492\" data-end=\"1495\">\u2013 limitant la croissance et l\u2019adh\u00e9sion des copeaux,<br data-start=\"1541\" data-end=\"1544\">\u2013 une dur\u00e9e de vie significativement plus longue que les rev\u00eatements TiN et TiCN.<\/p>\n<p data-start=\"1609\" data-end=\"1725\">Cela permet \u00e0 l\u2019outil de fonctionner de mani\u00e8re fiable aussi bien dans les aciers structurels que dans les mat\u00e9riaux plus difficiles \u00e0 traiter.<\/p>\n<h3 data-start=\"1732\" data-end=\"1783\"><strong data-start=\"1735\" data-end=\"1783\">\u2022 G\u00e9om\u00e9trie droite \u2013 pour les trous traversants<\/strong><\/h3>\n<p data-start=\"1784\" data-end=\"2068\">Les rainures droites des copeaux offrent un guidage lin\u00e9aire de l\u2019outil et une sortie efficace des copeaux dans la direction oppos\u00e9e \u00e0 la rotation, ce qui les rend id\u00e9aux pour passer dans des trous. Cette g\u00e9om\u00e9trie minimise le risque de blocage des puces et augmente la stabilit\u00e9 du proc\u00e9d\u00e9. <\/p>\n<h3 data-start=\"2075\" data-end=\"2141\"><strong data-start=\"2078\" data-end=\"2141\">\u2022 Norme DIN 376 \u2013 conception affin\u00e9e pour les trous plus profonds<\/strong><\/h3>\n<p data-start=\"2142\" data-end=\"2449\">Le robinet r\u00e9alis\u00e9 conform\u00e9ment \u00e0 la norme DIN 376 se caract\u00e9rise par un design plus fin et une partie de tige plus longue que la DIN 371, ce qui garantit :<br \/>\n \u2013 la capacit\u00e9 de travailler dans des trous plus profonds,<br data-start=\"2323\" data-end=\"2326\">\u2013 une utilisation plus flexible dans une vari\u00e9t\u00e9 d\u2019applications,<br data-start=\"2388\" data-end=\"2391\">\u2013 un guidage confiant de l\u2019outil tout en maintenant la stabilit\u00e9.<\/p>\n<h3 data-start=\"2456\" data-end=\"2507\"><strong data-start=\"2459\" data-end=\"2507\">\u2022 Version B \u2013 d\u00e9coupe universelle (4-5 rouleaux)<\/strong><\/h3>\n<p data-start=\"2508\" data-end=\"2726\">La d\u00e9coupe de type B assure une insertion facile du robinet dans le trou et un filetage s\u00fbr et contr\u00f4l\u00e9 sur toute la longueur. C\u2019est une g\u00e9om\u00e9trie universelle couramment utilis\u00e9e en atelier et en production industrielle. <\/p>\n<h3 data-start=\"2733\" data-end=\"2799\"><strong data-start=\"2736\" data-end=\"2799\">Mat\u00e9riaux pour lesquels le robinet SUPREME 900X est recommand\u00e9<\/strong><\/h3>\n<p data-start=\"2800\" data-end=\"2972\">\u2022 aciers non alli\u00e9s et structurels,<br data-start=\"2835\" data-end=\"2838\">\u2022 aciers alli\u00e9s et trait\u00e9s thermiquement,<br data-start=\"2875\" data-end=\"2878\">\u2022 des aciers \u00e0 r\u00e9sistance accrue,<br data-start=\"2914\" data-end=\"2917\">\u2022 mat\u00e9riaux sujets \u00e0 la formation de la croissance des ar\u00eates.<\/p>\n<p data-start=\"2974\" data-end=\"3199\">L\u2019outil est recommand\u00e9 pour une utilisation sur des machines-outils CNC, des centres d\u2019usinage, ainsi que dans les t\u00eates de pr\u00e9cision des machines conventionnelles \u2013 partout o\u00f9 la r\u00e9p\u00e9tabilit\u00e9, la stabilit\u00e9 et la dur\u00e9e de vie de l\u2019outil sont requises.<\/p>\n","protected":false},"excerpt":{"rendered":"<p>Le robinet Koronet SUPREME 900X est un outil haut de gamme con\u00e7u pour un filetage interne pr\u00e9cis dans les aciers structurels, les aciers alli\u00e9s et les mat\u00e9riaux n\u00e9cessitant un proc\u00e9d\u00e9 [&hellip;]<\/p>\n","protected":false},"featured_media":8295,"template":"","meta":{"_acf_changed":false},"product_brand":[],"product_cat":[174,177,178],"product_tag":[],"class_list":{"0":"post-11562","1":"product","2":"type-product","3":"status-publish","4":"has-post-thumbnail","6":"product_cat-outils","7":"product_cat-prises-mecaniques","8":"product_cat-taps","10":"first","11":"instock","12":"taxable","13":"shipping-taxable","14":"purchasable","15":"product-type-variable","16":"has-default-attributes"},"acf":[],"yoast_head":"<!-- This site is optimized with the Yoast SEO plugin v27.5 - https:\/\/yoast.com\/product\/yoast-seo-wordpress\/ -->\n<title>Tap DIN 376 B HSSE-PM SUPREME 900X \u2013 Koronet<\/title>\n<meta name=\"description\" content=\"Prise machine DIN 376 B HSSE-PM avec un rev\u00eatement AlCrN SUPREME 900X. Grande durabilit\u00e9, fonctionnement stable et filetage pr\u00e9cis dans les aciers structurels et alli\u00e9s.\" \/>\n<meta name=\"robots\" content=\"index, follow, max-snippet:-1, max-image-preview:large, max-video-preview:-1\" \/>\n<link rel=\"canonical\" href=\"https:\/\/www.koro.net.pl\/fr\/produkt\/prise-a-machine-a-trou-traversant-din-376-b-hsse-pm-supreme-900x-koronet\/\" \/>\n<meta property=\"og:locale\" content=\"fr_FR\" \/>\n<meta property=\"og:type\" content=\"article\" \/>\n<meta property=\"og:title\" content=\"Tap DIN 376 B HSSE-PM SUPREME 900X \u2013 Koronet\" \/>\n<meta property=\"og:description\" content=\"Prise machine DIN 376 B HSSE-PM avec un rev\u00eatement AlCrN SUPREME 900X. Grande durabilit\u00e9, fonctionnement stable et filetage pr\u00e9cis dans les aciers structurels et alli\u00e9s.\" \/>\n<meta property=\"og:url\" content=\"https:\/\/www.koro.net.pl\/fr\/produkt\/prise-a-machine-a-trou-traversant-din-376-b-hsse-pm-supreme-900x-koronet\/\" \/>\n<meta property=\"og:site_name\" content=\"Koronet\" \/>\n<meta property=\"og:image\" content=\"https:\/\/www.koro.net.pl\/wp-content\/uploads\/2025\/11\/DIN376.B.HSSE_.PM_.1.png\" \/>\n\t<meta property=\"og:image:width\" content=\"800\" \/>\n\t<meta property=\"og:image:height\" content=\"800\" \/>\n\t<meta property=\"og:image:type\" content=\"image\/png\" \/>\n<meta name=\"twitter:card\" content=\"summary_large_image\" \/>\n<meta name=\"twitter:label1\" content=\"Dur\u00e9e de lecture estim\u00e9e\" \/>\n\t<meta name=\"twitter:data1\" content=\"3 minutes\" \/>\n<script type=\"application\/ld+json\" class=\"yoast-schema-graph\">{\"@context\":\"https:\\\/\\\/schema.org\",\"@graph\":[{\"@type\":\"WebPage\",\"@id\":\"https:\\\/\\\/www.koro.net.pl\\\/fr\\\/produkt\\\/prise-a-machine-a-trou-traversant-din-376-b-hsse-pm-supreme-900x-koronet\\\/\",\"url\":\"https:\\\/\\\/www.koro.net.pl\\\/fr\\\/produkt\\\/prise-a-machine-a-trou-traversant-din-376-b-hsse-pm-supreme-900x-koronet\\\/\",\"name\":\"Tap DIN 376 B HSSE-PM SUPREME 900X \u2013 Koronet\",\"isPartOf\":{\"@id\":\"https:\\\/\\\/www.koro.net.pl\\\/fr\\\/#website\"},\"primaryImageOfPage\":{\"@id\":\"https:\\\/\\\/www.koro.net.pl\\\/fr\\\/produkt\\\/prise-a-machine-a-trou-traversant-din-376-b-hsse-pm-supreme-900x-koronet\\\/#primaryimage\"},\"image\":{\"@id\":\"https:\\\/\\\/www.koro.net.pl\\\/fr\\\/produkt\\\/prise-a-machine-a-trou-traversant-din-376-b-hsse-pm-supreme-900x-koronet\\\/#primaryimage\"},\"thumbnailUrl\":\"https:\\\/\\\/www.koro.net.pl\\\/wp-content\\\/uploads\\\/2025\\\/11\\\/DIN376.B.HSSE_.PM_.1.png\",\"datePublished\":\"2025-11-20T12:31:29+00:00\",\"description\":\"Prise machine DIN 376 B HSSE-PM avec un rev\u00eatement AlCrN SUPREME 900X. Grande durabilit\u00e9, fonctionnement stable et filetage pr\u00e9cis dans les aciers structurels et alli\u00e9s.\",\"breadcrumb\":{\"@id\":\"https:\\\/\\\/www.koro.net.pl\\\/fr\\\/produkt\\\/prise-a-machine-a-trou-traversant-din-376-b-hsse-pm-supreme-900x-koronet\\\/#breadcrumb\"},\"inLanguage\":\"fr-FR\",\"potentialAction\":[{\"@type\":\"ReadAction\",\"target\":[\"https:\\\/\\\/www.koro.net.pl\\\/fr\\\/produkt\\\/prise-a-machine-a-trou-traversant-din-376-b-hsse-pm-supreme-900x-koronet\\\/\"]}]},{\"@type\":\"ImageObject\",\"inLanguage\":\"fr-FR\",\"@id\":\"https:\\\/\\\/www.koro.net.pl\\\/fr\\\/produkt\\\/prise-a-machine-a-trou-traversant-din-376-b-hsse-pm-supreme-900x-koronet\\\/#primaryimage\",\"url\":\"https:\\\/\\\/www.koro.net.pl\\\/wp-content\\\/uploads\\\/2025\\\/11\\\/DIN376.B.HSSE_.PM_.1.png\",\"contentUrl\":\"https:\\\/\\\/www.koro.net.pl\\\/wp-content\\\/uploads\\\/2025\\\/11\\\/DIN376.B.HSSE_.PM_.1.png\",\"width\":800,\"height\":800,\"caption\":\"Gwintownik maszynowy DIN 376 B HSSE-PM SUPREME 900X \u2013 widok ca\u0142kowity z przodu\"},{\"@type\":\"BreadcrumbList\",\"@id\":\"https:\\\/\\\/www.koro.net.pl\\\/fr\\\/produkt\\\/prise-a-machine-a-trou-traversant-din-376-b-hsse-pm-supreme-900x-koronet\\\/#breadcrumb\",\"itemListElement\":[{\"@type\":\"ListItem\",\"position\":1,\"name\":\"Strona g\u0142\u00f3wna\",\"item\":\"https:\\\/\\\/www.koro.net.pl\\\/fr\\\/\"},{\"@type\":\"ListItem\",\"position\":2,\"name\":\"Prise \u00e0 machine \u00e0 trou traversant DIN 376 B HSSE-PM SUPREME 900X -Koronet\"}]},{\"@type\":\"WebSite\",\"@id\":\"https:\\\/\\\/www.koro.net.pl\\\/fr\\\/#website\",\"url\":\"https:\\\/\\\/www.koro.net.pl\\\/fr\\\/\",\"name\":\"Koronet\",\"description\":\"\",\"publisher\":{\"@id\":\"https:\\\/\\\/www.koro.net.pl\\\/fr\\\/#organization\"},\"potentialAction\":[{\"@type\":\"SearchAction\",\"target\":{\"@type\":\"EntryPoint\",\"urlTemplate\":\"https:\\\/\\\/www.koro.net.pl\\\/fr\\\/?s={search_term_string}\"},\"query-input\":{\"@type\":\"PropertyValueSpecification\",\"valueRequired\":true,\"valueName\":\"search_term_string\"}}],\"inLanguage\":\"fr-FR\"},{\"@type\":\"Organization\",\"@id\":\"https:\\\/\\\/www.koro.net.pl\\\/fr\\\/#organization\",\"name\":\"Koronet\",\"alternateName\":\"Koronet\",\"url\":\"https:\\\/\\\/www.koro.net.pl\\\/fr\\\/\",\"logo\":{\"@type\":\"ImageObject\",\"inLanguage\":\"fr-FR\",\"@id\":\"https:\\\/\\\/www.koro.net.pl\\\/fr\\\/#\\\/schema\\\/logo\\\/image\\\/\",\"url\":\"https:\\\/\\\/www.koro.net.pl\\\/wp-content\\\/uploads\\\/2025\\\/02\\\/Koronet-spolka-z-o.o.png\",\"contentUrl\":\"https:\\\/\\\/www.koro.net.pl\\\/wp-content\\\/uploads\\\/2025\\\/02\\\/Koronet-spolka-z-o.o.png\",\"width\":696,\"height\":696,\"caption\":\"Koronet\"},\"image\":{\"@id\":\"https:\\\/\\\/www.koro.net.pl\\\/fr\\\/#\\\/schema\\\/logo\\\/image\\\/\"}}]}<\/script>\n<!-- \/ Yoast SEO plugin. -->","yoast_head_json":{"title":"Tap DIN 376 B HSSE-PM SUPREME 900X \u2013 Koronet","description":"Prise machine DIN 376 B HSSE-PM avec un rev\u00eatement AlCrN SUPREME 900X. Grande durabilit\u00e9, fonctionnement stable et filetage pr\u00e9cis dans les aciers structurels et alli\u00e9s.","robots":{"index":"index","follow":"follow","max-snippet":"max-snippet:-1","max-image-preview":"max-image-preview:large","max-video-preview":"max-video-preview:-1"},"canonical":"https:\/\/www.koro.net.pl\/fr\/produkt\/prise-a-machine-a-trou-traversant-din-376-b-hsse-pm-supreme-900x-koronet\/","og_locale":"fr_FR","og_type":"article","og_title":"Tap DIN 376 B HSSE-PM SUPREME 900X \u2013 Koronet","og_description":"Prise machine DIN 376 B HSSE-PM avec un rev\u00eatement AlCrN SUPREME 900X. Grande durabilit\u00e9, fonctionnement stable et filetage pr\u00e9cis dans les aciers structurels et alli\u00e9s.","og_url":"https:\/\/www.koro.net.pl\/fr\/produkt\/prise-a-machine-a-trou-traversant-din-376-b-hsse-pm-supreme-900x-koronet\/","og_site_name":"Koronet","og_image":[{"width":800,"height":800,"url":"https:\/\/www.koro.net.pl\/wp-content\/uploads\/2025\/11\/DIN376.B.HSSE_.PM_.1.png","type":"image\/png"}],"twitter_card":"summary_large_image","twitter_misc":{"Dur\u00e9e de lecture estim\u00e9e":"3 minutes"},"schema":{"@context":"https:\/\/schema.org","@graph":[{"@type":"WebPage","@id":"https:\/\/www.koro.net.pl\/fr\/produkt\/prise-a-machine-a-trou-traversant-din-376-b-hsse-pm-supreme-900x-koronet\/","url":"https:\/\/www.koro.net.pl\/fr\/produkt\/prise-a-machine-a-trou-traversant-din-376-b-hsse-pm-supreme-900x-koronet\/","name":"Tap DIN 376 B HSSE-PM SUPREME 900X \u2013 Koronet","isPartOf":{"@id":"https:\/\/www.koro.net.pl\/fr\/#website"},"primaryImageOfPage":{"@id":"https:\/\/www.koro.net.pl\/fr\/produkt\/prise-a-machine-a-trou-traversant-din-376-b-hsse-pm-supreme-900x-koronet\/#primaryimage"},"image":{"@id":"https:\/\/www.koro.net.pl\/fr\/produkt\/prise-a-machine-a-trou-traversant-din-376-b-hsse-pm-supreme-900x-koronet\/#primaryimage"},"thumbnailUrl":"https:\/\/www.koro.net.pl\/wp-content\/uploads\/2025\/11\/DIN376.B.HSSE_.PM_.1.png","datePublished":"2025-11-20T12:31:29+00:00","description":"Prise machine DIN 376 B HSSE-PM avec un rev\u00eatement AlCrN SUPREME 900X. Grande durabilit\u00e9, fonctionnement stable et filetage pr\u00e9cis dans les aciers structurels et alli\u00e9s.","breadcrumb":{"@id":"https:\/\/www.koro.net.pl\/fr\/produkt\/prise-a-machine-a-trou-traversant-din-376-b-hsse-pm-supreme-900x-koronet\/#breadcrumb"},"inLanguage":"fr-FR","potentialAction":[{"@type":"ReadAction","target":["https:\/\/www.koro.net.pl\/fr\/produkt\/prise-a-machine-a-trou-traversant-din-376-b-hsse-pm-supreme-900x-koronet\/"]}]},{"@type":"ImageObject","inLanguage":"fr-FR","@id":"https:\/\/www.koro.net.pl\/fr\/produkt\/prise-a-machine-a-trou-traversant-din-376-b-hsse-pm-supreme-900x-koronet\/#primaryimage","url":"https:\/\/www.koro.net.pl\/wp-content\/uploads\/2025\/11\/DIN376.B.HSSE_.PM_.1.png","contentUrl":"https:\/\/www.koro.net.pl\/wp-content\/uploads\/2025\/11\/DIN376.B.HSSE_.PM_.1.png","width":800,"height":800,"caption":"Gwintownik maszynowy DIN 376 B HSSE-PM SUPREME 900X \u2013 widok ca\u0142kowity z przodu"},{"@type":"BreadcrumbList","@id":"https:\/\/www.koro.net.pl\/fr\/produkt\/prise-a-machine-a-trou-traversant-din-376-b-hsse-pm-supreme-900x-koronet\/#breadcrumb","itemListElement":[{"@type":"ListItem","position":1,"name":"Strona g\u0142\u00f3wna","item":"https:\/\/www.koro.net.pl\/fr\/"},{"@type":"ListItem","position":2,"name":"Prise \u00e0 machine \u00e0 trou traversant DIN 376 B HSSE-PM SUPREME 900X -Koronet"}]},{"@type":"WebSite","@id":"https:\/\/www.koro.net.pl\/fr\/#website","url":"https:\/\/www.koro.net.pl\/fr\/","name":"Koronet","description":"","publisher":{"@id":"https:\/\/www.koro.net.pl\/fr\/#organization"},"potentialAction":[{"@type":"SearchAction","target":{"@type":"EntryPoint","urlTemplate":"https:\/\/www.koro.net.pl\/fr\/?s={search_term_string}"},"query-input":{"@type":"PropertyValueSpecification","valueRequired":true,"valueName":"search_term_string"}}],"inLanguage":"fr-FR"},{"@type":"Organization","@id":"https:\/\/www.koro.net.pl\/fr\/#organization","name":"Koronet","alternateName":"Koronet","url":"https:\/\/www.koro.net.pl\/fr\/","logo":{"@type":"ImageObject","inLanguage":"fr-FR","@id":"https:\/\/www.koro.net.pl\/fr\/#\/schema\/logo\/image\/","url":"https:\/\/www.koro.net.pl\/wp-content\/uploads\/2025\/02\/Koronet-spolka-z-o.o.png","contentUrl":"https:\/\/www.koro.net.pl\/wp-content\/uploads\/2025\/02\/Koronet-spolka-z-o.o.png","width":696,"height":696,"caption":"Koronet"},"image":{"@id":"https:\/\/www.koro.net.pl\/fr\/#\/schema\/logo\/image\/"}}]}},"_links":{"self":[{"href":"https:\/\/www.koro.net.pl\/fr\/wp-json\/wp\/v2\/product\/11562","targetHints":{"allow":["GET"]}}],"collection":[{"href":"https:\/\/www.koro.net.pl\/fr\/wp-json\/wp\/v2\/product"}],"about":[{"href":"https:\/\/www.koro.net.pl\/fr\/wp-json\/wp\/v2\/types\/product"}],"wp:featuredmedia":[{"embeddable":true,"href":"https:\/\/www.koro.net.pl\/fr\/wp-json\/wp\/v2\/media\/8295"}],"wp:attachment":[{"href":"https:\/\/www.koro.net.pl\/fr\/wp-json\/wp\/v2\/media?parent=11562"}],"wp:term":[{"taxonomy":"product_brand","embeddable":true,"href":"https:\/\/www.koro.net.pl\/fr\/wp-json\/wp\/v2\/product_brand?post=11562"},{"taxonomy":"product_cat","embeddable":true,"href":"https:\/\/www.koro.net.pl\/fr\/wp-json\/wp\/v2\/product_cat?post=11562"},{"taxonomy":"product_tag","embeddable":true,"href":"https:\/\/www.koro.net.pl\/fr\/wp-json\/wp\/v2\/product_tag?post=11562"}],"curies":[{"name":"wp","href":"https:\/\/api.w.org\/{rel}","templated":true}]}}