{"id":11557,"date":"2025-11-25T15:00:55","date_gmt":"2025-11-25T14:00:55","guid":{"rendered":"https:\/\/www.koro.net.pl\/produkt\/prise-automatique-directe-din-374-b-mf-supreme-900x-koronet\/"},"modified":"2025-11-25T15:00:55","modified_gmt":"2025-11-25T14:00:55","slug":"prise-automatique-directe-din-374-b-mf-supreme-900x-koronet","status":"publish","type":"product","link":"https:\/\/www.koro.net.pl\/fr\/produkt\/prise-automatique-directe-din-374-b-mf-supreme-900x-koronet\/","title":{"rendered":"Prise automatique directe DIN 374 B MF SUPREME 900X &#8211; Koronet"},"content":{"rendered":"<p><a href=\"https:\/\/www.koro.net.pl\/fr\/produkty\/taps\/\">Le roubinet <strong data-start=\"382\" data-end=\"415\">Koronet SUPREME 900X MF <\/strong><\/a> est un outil haut de gamme con\u00e7u pour la production <strong data-start=\"484\" data-end=\"525\">pr\u00e9cise de filetages m\u00e9triques MF finement enroul\u00e9s<\/strong> dans des aciers structurels, des aciers alli\u00e9s et des mat\u00e9riaux n\u00e9cessitant un proc\u00e9d\u00e9 de coupe stable et r\u00e9p\u00e9table. Fabriqu\u00e9 en acier <strong data-start=\"686\" data-end=\"694\">HSSE<\/strong> haute vitesse de haute qualit\u00e9 et recouvert <strong data-start=\"721\" data-end=\"730\">d\u2019AlCrN<\/strong>, il offre une durabilit\u00e9 et une r\u00e9sistance \u00e0 la charge nettement sup\u00e9rieures aux robinets standard recouverts de TiN\/TiCN. <\/p>\n<h3 data-start=\"851\" data-end=\"922\"><strong data-start=\"854\" data-end=\"922\">Acier HSSE \u2013 stabilit\u00e9 et r\u00e9sistance dans des conditions exigeantes<\/strong><\/h3>\n<p data-start=\"923\" data-end=\"987\">Le robinet est fabriqu\u00e9 en acier <strong data-start=\"965\" data-end=\"973\">HSSE \u00e0 grande vitesse<\/strong>, qui combine :<\/p>\n<ul data-start=\"988\" data-end=\"1121\">\n<li data-start=\"988\" data-end=\"1029\">\n<p data-start=\"990\" data-end=\"1029\">haute r\u00e9sistance aux charges torsionnelles,<\/p>\n<\/li>\n<li data-start=\"1030\" data-end=\"1052\">\n<p data-start=\"1032\" data-end=\"1052\">augmentation de la r\u00e9sistance \u00e0 l\u2019impact,<\/p>\n<\/li>\n<li data-start=\"1053\" data-end=\"1121\">\n<p data-start=\"1055\" data-end=\"1121\">Stabilit\u00e9 de fonctionnement m\u00eame dans des mat\u00e9riaux \u00e0 r\u00e9sistance accrue.<\/p>\n<\/li>\n<\/ul>\n<p data-start=\"1123\" data-end=\"1247\">Cela garantit que l\u2019outil conserve ses performances de coupe m\u00eame avec un usinage \u00e0 long terme et des diam\u00e8tres plus grands comme le MF20.<\/p>\n<h3 data-start=\"1254\" data-end=\"1305\"><strong data-start=\"1257\" data-end=\"1305\">Rev\u00eatement premium \u2013 SUPREME 900X AlCrN<\/strong><\/h3>\n<p data-start=\"1306\" data-end=\"1346\">Le rev\u00eatement <strong data-start=\"1327\" data-end=\"1336\">avanc\u00e9 AlCrN<\/strong> fournit :<\/p>\n<ul data-start=\"1347\" data-end=\"1515\">\n<li data-start=\"1347\" data-end=\"1379\">\n<p data-start=\"1349\" data-end=\"1379\">Forte r\u00e9sistance \u00e0 l\u2019abrasion,<\/p>\n<\/li>\n<li data-start=\"1380\" data-end=\"1422\">\n<p data-start=\"1382\" data-end=\"1422\">r\u00e9duisant ainsi le risque d\u2019accumulation sur le bord,<\/p>\n<\/li>\n<li data-start=\"1423\" data-end=\"1473\">\n<p data-start=\"1425\" data-end=\"1473\">stabilit\u00e9 thermique \u00e0 des vitesses plus \u00e9lev\u00e9es,<\/p>\n<\/li>\n<li data-start=\"1474\" data-end=\"1515\">\n<p data-start=\"1476\" data-end=\"1515\">dur\u00e9e de vie de l\u2019outil significativement allong\u00e9e.<\/p>\n<\/li>\n<\/ul>\n<p data-start=\"1517\" data-end=\"1684\">Cela permet une utilisation s\u00fbre avec des param\u00e8tres accrus et des grades d\u2019acier plus difficiles, incluant des aciers am\u00e9lior\u00e9s et des mat\u00e9riaux ayant tendance \u00e0 s\u2019accumuler.<\/p>\n<h3 data-start=\"1691\" data-end=\"1752\"><strong data-start=\"1694\" data-end=\"1752\">G\u00e9om\u00e9trie droite \u2013 optimale pour les trous traversants<\/strong><\/h3>\n<p data-start=\"1753\" data-end=\"1793\">Les <strong data-start=\"1765\" data-end=\"1781\">rainures droites<\/strong> utilis\u00e9es garantissent :<\/p>\n<ul data-start=\"1794\" data-end=\"1919\">\n<li data-start=\"1794\" data-end=\"1826\">\n<p data-start=\"1796\" data-end=\"1826\">Guidance lin\u00e9aire pour les outils,<\/p>\n<\/li>\n<li data-start=\"1827\" data-end=\"1871\">\n<p data-start=\"1829\" data-end=\"1871\">Sortie effective de la puce \u00e0 travers le trou,<\/p>\n<\/li>\n<li data-start=\"1872\" data-end=\"1919\">\n<p data-start=\"1874\" data-end=\"1919\">Fonctionnement stable avec de grands diam\u00e8tres de filetage.<\/p>\n<\/li>\n<\/ul>\n<p data-start=\"1921\" data-end=\"1988\">C\u2019est la meilleure solution pour passer <strong data-start=\"1963\" data-end=\"1987\">des trous<\/strong>.<\/p>\n<h3 data-start=\"1995\" data-end=\"2041\"><strong data-start=\"1998\" data-end=\"2041\">Norme DIN 374 \u2013 tige renforc\u00e9e<\/strong><\/h3>\n<p data-start=\"2042\" data-end=\"2102\">Le robinet est r\u00e9alis\u00e9 conform\u00e9ment \u00e0 <strong data-start=\"2078\" data-end=\"2089\">la norme DIN 374<\/strong>, ce qui signifie :<\/p>\n<ul data-start=\"2103\" data-end=\"2233\">\n<li data-start=\"2103\" data-end=\"2148\">\n<p data-start=\"2105\" data-end=\"2148\"><strong data-start=\"2105\" data-end=\"2127\">poign\u00e9e renforc\u00e9e<\/strong> et r\u00e9sistante aux pli\u00e9s,<\/p>\n<\/li>\n<li data-start=\"2149\" data-end=\"2182\">\n<p data-start=\"2151\" data-end=\"2182\">une meilleure stabilit\u00e9 de la conduite,<\/p>\n<\/li>\n<li data-start=\"2183\" data-end=\"2233\">\n<p data-start=\"2185\" data-end=\"2233\">une op\u00e9ration plus s\u00fbre avec de grands diam\u00e8tres MF.<\/p>\n<\/li>\n<\/ul>\n<h3 data-start=\"2305\" data-end=\"2350\"><strong data-start=\"2308\" data-end=\"2350\">Version B \u2013 4-5 tours de phase de travail<\/strong><\/h3>\n<p data-start=\"2351\" data-end=\"2378\"><strong data-start=\"2358\" data-end=\"2368\">La police Type B<\/strong> fournit :<\/p>\n<ul data-start=\"2379\" data-end=\"2499\">\n<li data-start=\"2379\" data-end=\"2412\">\n<p data-start=\"2381\" data-end=\"2412\">Pr\u00e9sentation douce de l\u2019outil,<\/p>\n<\/li>\n<li data-start=\"2413\" data-end=\"2454\">\n<p data-start=\"2415\" data-end=\"2454\">D\u00e9but stable du processus de coupe,<\/p>\n<\/li>\n<li data-start=\"2455\" data-end=\"2499\">\n<p data-start=\"2457\" data-end=\"2499\">Fixez le fil sur toute la longueur.<\/p>\n<\/li>\n<\/ul>\n<p data-start=\"2501\" data-end=\"2586\">C\u2019est la g\u00e9om\u00e9trie la plus polyvalente utilis\u00e9e dans la production industrielle de filetage.<\/p>\n<p data-start=\"2613\" data-end=\"2675\"><strong>La prise SUPREME 900X MF est con\u00e7ue pour l\u2019usinage :<\/strong><\/p>\n<ul data-start=\"2677\" data-end=\"2860\">\n<li data-start=\"2677\" data-end=\"2718\">\n<p data-start=\"2679\" data-end=\"2718\">Aciers non alli\u00e9s et structurels,<\/p>\n<\/li>\n<li data-start=\"2719\" data-end=\"2773\">\n<p data-start=\"2721\" data-end=\"2773\">alliage, aciers am\u00e9lior\u00e9s et r\u00e9sistants,<\/p>\n<\/li>\n<li data-start=\"2774\" data-end=\"2810\">\n<p data-start=\"2776\" data-end=\"2810\">des mat\u00e9riaux \u00e0 plus grande duret\u00e9,<\/p>\n<\/li>\n<li data-start=\"2811\" data-end=\"2860\">\n<p data-start=\"2813\" data-end=\"2860\">Des mat\u00e9riaux qui ont tendance \u00e0 pousser.<\/p>\n<\/li>\n<\/ul>\n<p data-start=\"2862\" data-end=\"3056\">Recommand\u00e9 aussi bien pour les <strong data-start=\"2898\" data-end=\"2918\">machines-outils CNC<\/strong> que pour les t\u00eates de machine conventionnelles de pr\u00e9cision \u2013 partout o\u00f9 la r\u00e9p\u00e9tabilit\u00e9 et la dur\u00e9e de vie de l\u2019outil sont requises.<\/p>\n","protected":false},"excerpt":{"rendered":"<p>Le roubinet Koronet SUPREME 900X MF est un outil haut de gamme con\u00e7u pour la production pr\u00e9cise de filetages m\u00e9triques MF finement enroul\u00e9s dans des aciers structurels, des aciers alli\u00e9s [&hellip;]<\/p>\n","protected":false},"featured_media":8349,"template":"","meta":{"_acf_changed":false},"product_brand":[],"product_cat":[174,177,178],"product_tag":[],"class_list":{"0":"post-11557","1":"product","2":"type-product","3":"status-publish","4":"has-post-thumbnail","6":"product_cat-outils","7":"product_cat-prises-mecaniques","8":"product_cat-taps","10":"first","11":"instock","12":"taxable","13":"shipping-taxable","14":"purchasable","15":"product-type-variable"},"acf":[],"yoast_head":"<!-- This site is optimized with the Yoast SEO plugin v27.5 - https:\/\/yoast.com\/product\/yoast-seo-wordpress\/ -->\n<title>DIN 374 B MF20\u00d71.5 Tap \u2013 Koronet SUPREME 900X<\/title>\n<meta name=\"description\" content=\"Prise de machine MF20\u00d71.5 DIN 374 B avec rev\u00eatement AlCrN. S\u00e9rie SUPREME 900X \u2013 haute durabilit\u00e9, stabilit\u00e9 et pr\u00e9cision pour les aciers structurels et alliages.\" \/>\n<meta name=\"robots\" content=\"index, follow, max-snippet:-1, max-image-preview:large, max-video-preview:-1\" \/>\n<link rel=\"canonical\" href=\"https:\/\/www.koro.net.pl\/fr\/produkt\/prise-automatique-directe-din-374-b-mf-supreme-900x-koronet\/\" \/>\n<meta property=\"og:locale\" content=\"fr_FR\" \/>\n<meta property=\"og:type\" content=\"article\" \/>\n<meta property=\"og:title\" content=\"DIN 374 B MF20\u00d71.5 Tap \u2013 Koronet SUPREME 900X\" \/>\n<meta property=\"og:description\" content=\"Prise de machine MF20\u00d71.5 DIN 374 B avec rev\u00eatement AlCrN. S\u00e9rie SUPREME 900X \u2013 haute durabilit\u00e9, stabilit\u00e9 et pr\u00e9cision pour les aciers structurels et alliages.\" \/>\n<meta property=\"og:url\" content=\"https:\/\/www.koro.net.pl\/fr\/produkt\/prise-automatique-directe-din-374-b-mf-supreme-900x-koronet\/\" \/>\n<meta property=\"og:site_name\" content=\"Koronet\" \/>\n<meta property=\"og:image\" content=\"https:\/\/www.koro.net.pl\/wp-content\/uploads\/2025\/11\/DIN374.B.1.png\" \/>\n\t<meta property=\"og:image:width\" content=\"800\" \/>\n\t<meta property=\"og:image:height\" content=\"800\" \/>\n\t<meta property=\"og:image:type\" content=\"image\/png\" \/>\n<meta name=\"twitter:card\" content=\"summary_large_image\" \/>\n<meta name=\"twitter:label1\" content=\"Dur\u00e9e de lecture estim\u00e9e\" \/>\n\t<meta name=\"twitter:data1\" content=\"2 minutes\" \/>\n<script type=\"application\/ld+json\" class=\"yoast-schema-graph\">{\"@context\":\"https:\\\/\\\/schema.org\",\"@graph\":[{\"@type\":\"WebPage\",\"@id\":\"https:\\\/\\\/www.koro.net.pl\\\/fr\\\/produkt\\\/prise-automatique-directe-din-374-b-mf-supreme-900x-koronet\\\/\",\"url\":\"https:\\\/\\\/www.koro.net.pl\\\/fr\\\/produkt\\\/prise-automatique-directe-din-374-b-mf-supreme-900x-koronet\\\/\",\"name\":\"DIN 374 B MF20\u00d71.5 Tap \u2013 Koronet SUPREME 900X\",\"isPartOf\":{\"@id\":\"https:\\\/\\\/www.koro.net.pl\\\/fr\\\/#website\"},\"primaryImageOfPage\":{\"@id\":\"https:\\\/\\\/www.koro.net.pl\\\/fr\\\/produkt\\\/prise-automatique-directe-din-374-b-mf-supreme-900x-koronet\\\/#primaryimage\"},\"image\":{\"@id\":\"https:\\\/\\\/www.koro.net.pl\\\/fr\\\/produkt\\\/prise-automatique-directe-din-374-b-mf-supreme-900x-koronet\\\/#primaryimage\"},\"thumbnailUrl\":\"https:\\\/\\\/www.koro.net.pl\\\/wp-content\\\/uploads\\\/2025\\\/11\\\/DIN374.B.1.png\",\"datePublished\":\"2025-11-25T14:00:55+00:00\",\"description\":\"Prise de machine MF20\u00d71.5 DIN 374 B avec rev\u00eatement AlCrN. S\u00e9rie SUPREME 900X \u2013 haute durabilit\u00e9, stabilit\u00e9 et pr\u00e9cision pour les aciers structurels et alliages.\",\"breadcrumb\":{\"@id\":\"https:\\\/\\\/www.koro.net.pl\\\/fr\\\/produkt\\\/prise-automatique-directe-din-374-b-mf-supreme-900x-koronet\\\/#breadcrumb\"},\"inLanguage\":\"fr-FR\",\"potentialAction\":[{\"@type\":\"ReadAction\",\"target\":[\"https:\\\/\\\/www.koro.net.pl\\\/fr\\\/produkt\\\/prise-automatique-directe-din-374-b-mf-supreme-900x-koronet\\\/\"]}]},{\"@type\":\"ImageObject\",\"inLanguage\":\"fr-FR\",\"@id\":\"https:\\\/\\\/www.koro.net.pl\\\/fr\\\/produkt\\\/prise-automatique-directe-din-374-b-mf-supreme-900x-koronet\\\/#primaryimage\",\"url\":\"https:\\\/\\\/www.koro.net.pl\\\/wp-content\\\/uploads\\\/2025\\\/11\\\/DIN374.B.1.png\",\"contentUrl\":\"https:\\\/\\\/www.koro.net.pl\\\/wp-content\\\/uploads\\\/2025\\\/11\\\/DIN374.B.1.png\",\"width\":800,\"height\":800,\"caption\":\"Gwintownik maszynowy DIN 374 B MF20\u00d71.5 Koronet SUPREME 900X \u2013 widok z przodu, geometria prosta, pow\u0142oka AlCrN.\"},{\"@type\":\"BreadcrumbList\",\"@id\":\"https:\\\/\\\/www.koro.net.pl\\\/fr\\\/produkt\\\/prise-automatique-directe-din-374-b-mf-supreme-900x-koronet\\\/#breadcrumb\",\"itemListElement\":[{\"@type\":\"ListItem\",\"position\":1,\"name\":\"Strona g\u0142\u00f3wna\",\"item\":\"https:\\\/\\\/www.koro.net.pl\\\/fr\\\/\"},{\"@type\":\"ListItem\",\"position\":2,\"name\":\"Prise automatique directe DIN 374 B MF SUPREME 900X &#8211; Koronet\"}]},{\"@type\":\"WebSite\",\"@id\":\"https:\\\/\\\/www.koro.net.pl\\\/fr\\\/#website\",\"url\":\"https:\\\/\\\/www.koro.net.pl\\\/fr\\\/\",\"name\":\"Koronet\",\"description\":\"\",\"publisher\":{\"@id\":\"https:\\\/\\\/www.koro.net.pl\\\/fr\\\/#organization\"},\"potentialAction\":[{\"@type\":\"SearchAction\",\"target\":{\"@type\":\"EntryPoint\",\"urlTemplate\":\"https:\\\/\\\/www.koro.net.pl\\\/fr\\\/?s={search_term_string}\"},\"query-input\":{\"@type\":\"PropertyValueSpecification\",\"valueRequired\":true,\"valueName\":\"search_term_string\"}}],\"inLanguage\":\"fr-FR\"},{\"@type\":\"Organization\",\"@id\":\"https:\\\/\\\/www.koro.net.pl\\\/fr\\\/#organization\",\"name\":\"Koronet\",\"alternateName\":\"Koronet\",\"url\":\"https:\\\/\\\/www.koro.net.pl\\\/fr\\\/\",\"logo\":{\"@type\":\"ImageObject\",\"inLanguage\":\"fr-FR\",\"@id\":\"https:\\\/\\\/www.koro.net.pl\\\/fr\\\/#\\\/schema\\\/logo\\\/image\\\/\",\"url\":\"https:\\\/\\\/www.koro.net.pl\\\/wp-content\\\/uploads\\\/2025\\\/02\\\/Koronet-spolka-z-o.o.png\",\"contentUrl\":\"https:\\\/\\\/www.koro.net.pl\\\/wp-content\\\/uploads\\\/2025\\\/02\\\/Koronet-spolka-z-o.o.png\",\"width\":696,\"height\":696,\"caption\":\"Koronet\"},\"image\":{\"@id\":\"https:\\\/\\\/www.koro.net.pl\\\/fr\\\/#\\\/schema\\\/logo\\\/image\\\/\"}}]}<\/script>\n<!-- \/ Yoast SEO plugin. -->","yoast_head_json":{"title":"DIN 374 B MF20\u00d71.5 Tap \u2013 Koronet SUPREME 900X","description":"Prise de machine MF20\u00d71.5 DIN 374 B avec rev\u00eatement AlCrN. S\u00e9rie SUPREME 900X \u2013 haute durabilit\u00e9, stabilit\u00e9 et pr\u00e9cision pour les aciers structurels et alliages.","robots":{"index":"index","follow":"follow","max-snippet":"max-snippet:-1","max-image-preview":"max-image-preview:large","max-video-preview":"max-video-preview:-1"},"canonical":"https:\/\/www.koro.net.pl\/fr\/produkt\/prise-automatique-directe-din-374-b-mf-supreme-900x-koronet\/","og_locale":"fr_FR","og_type":"article","og_title":"DIN 374 B MF20\u00d71.5 Tap \u2013 Koronet SUPREME 900X","og_description":"Prise de machine MF20\u00d71.5 DIN 374 B avec rev\u00eatement AlCrN. S\u00e9rie SUPREME 900X \u2013 haute durabilit\u00e9, stabilit\u00e9 et pr\u00e9cision pour les aciers structurels et alliages.","og_url":"https:\/\/www.koro.net.pl\/fr\/produkt\/prise-automatique-directe-din-374-b-mf-supreme-900x-koronet\/","og_site_name":"Koronet","og_image":[{"width":800,"height":800,"url":"https:\/\/www.koro.net.pl\/wp-content\/uploads\/2025\/11\/DIN374.B.1.png","type":"image\/png"}],"twitter_card":"summary_large_image","twitter_misc":{"Dur\u00e9e de lecture estim\u00e9e":"2 minutes"},"schema":{"@context":"https:\/\/schema.org","@graph":[{"@type":"WebPage","@id":"https:\/\/www.koro.net.pl\/fr\/produkt\/prise-automatique-directe-din-374-b-mf-supreme-900x-koronet\/","url":"https:\/\/www.koro.net.pl\/fr\/produkt\/prise-automatique-directe-din-374-b-mf-supreme-900x-koronet\/","name":"DIN 374 B MF20\u00d71.5 Tap \u2013 Koronet SUPREME 900X","isPartOf":{"@id":"https:\/\/www.koro.net.pl\/fr\/#website"},"primaryImageOfPage":{"@id":"https:\/\/www.koro.net.pl\/fr\/produkt\/prise-automatique-directe-din-374-b-mf-supreme-900x-koronet\/#primaryimage"},"image":{"@id":"https:\/\/www.koro.net.pl\/fr\/produkt\/prise-automatique-directe-din-374-b-mf-supreme-900x-koronet\/#primaryimage"},"thumbnailUrl":"https:\/\/www.koro.net.pl\/wp-content\/uploads\/2025\/11\/DIN374.B.1.png","datePublished":"2025-11-25T14:00:55+00:00","description":"Prise de machine MF20\u00d71.5 DIN 374 B avec rev\u00eatement AlCrN. S\u00e9rie SUPREME 900X \u2013 haute durabilit\u00e9, stabilit\u00e9 et pr\u00e9cision pour les aciers structurels et alliages.","breadcrumb":{"@id":"https:\/\/www.koro.net.pl\/fr\/produkt\/prise-automatique-directe-din-374-b-mf-supreme-900x-koronet\/#breadcrumb"},"inLanguage":"fr-FR","potentialAction":[{"@type":"ReadAction","target":["https:\/\/www.koro.net.pl\/fr\/produkt\/prise-automatique-directe-din-374-b-mf-supreme-900x-koronet\/"]}]},{"@type":"ImageObject","inLanguage":"fr-FR","@id":"https:\/\/www.koro.net.pl\/fr\/produkt\/prise-automatique-directe-din-374-b-mf-supreme-900x-koronet\/#primaryimage","url":"https:\/\/www.koro.net.pl\/wp-content\/uploads\/2025\/11\/DIN374.B.1.png","contentUrl":"https:\/\/www.koro.net.pl\/wp-content\/uploads\/2025\/11\/DIN374.B.1.png","width":800,"height":800,"caption":"Gwintownik maszynowy DIN 374 B MF20\u00d71.5 Koronet SUPREME 900X \u2013 widok z przodu, geometria prosta, pow\u0142oka AlCrN."},{"@type":"BreadcrumbList","@id":"https:\/\/www.koro.net.pl\/fr\/produkt\/prise-automatique-directe-din-374-b-mf-supreme-900x-koronet\/#breadcrumb","itemListElement":[{"@type":"ListItem","position":1,"name":"Strona g\u0142\u00f3wna","item":"https:\/\/www.koro.net.pl\/fr\/"},{"@type":"ListItem","position":2,"name":"Prise automatique directe DIN 374 B MF SUPREME 900X &#8211; Koronet"}]},{"@type":"WebSite","@id":"https:\/\/www.koro.net.pl\/fr\/#website","url":"https:\/\/www.koro.net.pl\/fr\/","name":"Koronet","description":"","publisher":{"@id":"https:\/\/www.koro.net.pl\/fr\/#organization"},"potentialAction":[{"@type":"SearchAction","target":{"@type":"EntryPoint","urlTemplate":"https:\/\/www.koro.net.pl\/fr\/?s={search_term_string}"},"query-input":{"@type":"PropertyValueSpecification","valueRequired":true,"valueName":"search_term_string"}}],"inLanguage":"fr-FR"},{"@type":"Organization","@id":"https:\/\/www.koro.net.pl\/fr\/#organization","name":"Koronet","alternateName":"Koronet","url":"https:\/\/www.koro.net.pl\/fr\/","logo":{"@type":"ImageObject","inLanguage":"fr-FR","@id":"https:\/\/www.koro.net.pl\/fr\/#\/schema\/logo\/image\/","url":"https:\/\/www.koro.net.pl\/wp-content\/uploads\/2025\/02\/Koronet-spolka-z-o.o.png","contentUrl":"https:\/\/www.koro.net.pl\/wp-content\/uploads\/2025\/02\/Koronet-spolka-z-o.o.png","width":696,"height":696,"caption":"Koronet"},"image":{"@id":"https:\/\/www.koro.net.pl\/fr\/#\/schema\/logo\/image\/"}}]}},"_links":{"self":[{"href":"https:\/\/www.koro.net.pl\/fr\/wp-json\/wp\/v2\/product\/11557","targetHints":{"allow":["GET"]}}],"collection":[{"href":"https:\/\/www.koro.net.pl\/fr\/wp-json\/wp\/v2\/product"}],"about":[{"href":"https:\/\/www.koro.net.pl\/fr\/wp-json\/wp\/v2\/types\/product"}],"wp:featuredmedia":[{"embeddable":true,"href":"https:\/\/www.koro.net.pl\/fr\/wp-json\/wp\/v2\/media\/8349"}],"wp:attachment":[{"href":"https:\/\/www.koro.net.pl\/fr\/wp-json\/wp\/v2\/media?parent=11557"}],"wp:term":[{"taxonomy":"product_brand","embeddable":true,"href":"https:\/\/www.koro.net.pl\/fr\/wp-json\/wp\/v2\/product_brand?post=11557"},{"taxonomy":"product_cat","embeddable":true,"href":"https:\/\/www.koro.net.pl\/fr\/wp-json\/wp\/v2\/product_cat?post=11557"},{"taxonomy":"product_tag","embeddable":true,"href":"https:\/\/www.koro.net.pl\/fr\/wp-json\/wp\/v2\/product_tag?post=11557"}],"curies":[{"name":"wp","href":"https:\/\/api.w.org\/{rel}","templated":true}]}}