{"id":11545,"date":"2026-01-09T14:48:38","date_gmt":"2026-01-09T13:48:38","guid":{"rendered":"https:\/\/www.koro.net.pl\/produkt\/prise-mecanique-din-376-c-hss-e-pour-trous-aveugles-koronet\/"},"modified":"2026-05-13T08:37:47","modified_gmt":"2026-05-13T06:37:47","slug":"prise-mecanique-din-376-c-hss-e-pour-trous-aveugles-koronet","status":"publish","type":"product","link":"https:\/\/www.koro.net.pl\/fr\/produkt\/prise-mecanique-din-376-c-hss-e-pour-trous-aveugles-koronet\/","title":{"rendered":"Prise m\u00e9canique DIN 376 C HSS-E pour trous aveugles \u2013 Koronet"},"content":{"rendered":"<p><a href=\"https:\/\/www.koro.net.pl\/fr\/produkty\/taps\/\">Le DIN 376 C HSS-E de <strong data-start=\"341\" data-end=\"382\"><span class=\"hover:entity-accent entity-underline inline cursor-pointer align-baseline\"><span class=\"whitespace-normal\">Koronet<\/span><\/span><\/strong> <\/a>est un outil de pr\u00e9cision con\u00e7u pour <strong data-start=\"435\" data-end=\"475\">fabriquer des filetages internes ISO<\/strong> m\u00e9triques dans <strong data-start=\"478\" data-end=\"506\">des trous aveugles<\/strong>. L\u2019outil est fabriqu\u00e9 en acier cobalt de haute qualit\u00e9 et rapide HSS-E (HSSE), qui garantit un fonctionnement stable, une bonne r\u00e9sistance \u00e0 l\u2019usure et une qualit\u00e9 \u00e9lev\u00e9e du filetage en atelier et en production. <\/p>\n<h3 data-start=\"836\" data-end=\"882\"><strong>Acier HSS-E \u2013 durabilit\u00e9 et stabilit\u00e9 du proc\u00e9d\u00e9<\/strong><\/h3>\n<p data-start=\"883\" data-end=\"984\">Le robinet est fabriqu\u00e9 en acier \u00e0 grande vitesse avec ajout de cobalt (HSS-E), caract\u00e9ris\u00e9 par :<\/p>\n<ul data-start=\"986\" data-end=\"1165\">\n<li data-start=\"986\" data-end=\"1035\">\n<p data-start=\"988\" data-end=\"1035\">r\u00e9sistance accrue aux charges torsionnelles,<\/p>\n<\/li>\n<li data-start=\"1036\" data-end=\"1093\">\n<p data-start=\"1038\" data-end=\"1093\">bonne stabilit\u00e9 de fonctionnement \u00e0 haute temp\u00e9rature,<\/p>\n<\/li>\n<li data-start=\"1094\" data-end=\"1165\">\n<p data-start=\"1096\" data-end=\"1165\">une r\u00e9sistance \u00e0 l\u2019usure plus \u00e9lev\u00e9e que l\u2019acier HSS classique.<\/p>\n<\/li>\n<\/ul>\n<p data-start=\"1167\" data-end=\"1318\">Gr\u00e2ce \u00e0 ces propri\u00e9t\u00e9s, l\u2019outil offre une coupe uniforme, un guidage stable et une dur\u00e9e de vie plus longue tout en maintenant une qualit\u00e9 de filetage \u00e9lev\u00e9e.<\/p>\n<h3 data-start=\"1325\" data-end=\"1369\"><strong>G\u00e9om\u00e9trie C \u2013 pour trous aveugles<\/strong><\/h3>\n<p data-start=\"1370\" data-end=\"1424\">Le robinet est <strong data-start=\"1389\" data-end=\"1406\">de type C<\/strong>, con\u00e7u pour :<\/p>\n<ul data-start=\"1426\" data-end=\"1577\">\n<li data-start=\"1426\" data-end=\"1477\">\n<p data-start=\"1428\" data-end=\"1477\">enfiler des trous aveugles,<\/p>\n<\/li>\n<li data-start=\"1478\" data-end=\"1506\">\n<p data-start=\"1480\" data-end=\"1506\">En travaillant pr\u00e8s du fond du trou,<\/p>\n<\/li>\n<li data-start=\"1507\" data-end=\"1577\">\n<p data-start=\"1509\" data-end=\"1577\">Formation pr\u00e9cise du fil avec un c\u00f4ne d\u2019entr\u00e9e court.<\/p>\n<\/li>\n<\/ul>\n<p data-start=\"1579\" data-end=\"1706\">Cette g\u00e9om\u00e9trie permet un filetage pr\u00e9cis dans un espace de travail confin\u00e9 et r\u00e9duit le risque de dommages au fond du trou.<\/p>\n<h3 data-start=\"1713\" data-end=\"1748\"><strong>Rainures en spirale \u2013 contr\u00f4le des puces<\/strong><\/h3>\n<p data-start=\"1749\" data-end=\"1791\">Les <strong data-start=\"1761\" data-end=\"1779\">rainures en spirale<\/strong> utilis\u00e9es assurent :<\/p>\n<ul data-start=\"1793\" data-end=\"1974\">\n<li data-start=\"1793\" data-end=\"1843\">\n<p data-start=\"1795\" data-end=\"1843\">d\u00e9charge effective des copeaux vers le haut du trou,<\/p>\n<\/li>\n<li data-start=\"1844\" data-end=\"1904\">\n<p data-start=\"1846\" data-end=\"1904\">Risque r\u00e9duit de blocage des copeaux dans la zone de coupe<\/p>\n<\/li>\n<li data-start=\"1905\" data-end=\"1974\">\n<p data-start=\"1907\" data-end=\"1974\">Un fonctionnement plus stable et plus s\u00fbr dans les trous aveugles.<\/p>\n<\/li>\n<\/ul>\n<p data-start=\"1976\" data-end=\"2085\">Cette solution am\u00e9liore la qualit\u00e9 de la surface du filetage et augmente la fiabilit\u00e9 du processus de filetage machine.<\/p>\n<h3 data-start=\"2092\" data-end=\"2143\"><strong>DIN 376 \u2013 conception pour le travail m\u00e9canique<\/strong><\/h3>\n<p data-start=\"2144\" data-end=\"2181\"><strong data-start=\"2161\" data-end=\"2172\">La conformit\u00e9 \u00e0 la norme DIN 376<\/strong> signifie :<\/p>\n<ul data-start=\"2183\" data-end=\"2331\">\n<li data-start=\"2183\" data-end=\"2226\">\n<p data-start=\"2185\" data-end=\"2226\">Conception d\u2019outils raccourcie et compacte,<\/p>\n<\/li>\n<li data-start=\"2227\" data-end=\"2281\">\n<p data-start=\"2229\" data-end=\"2281\">destin\u00e9 au travail dans les machines et machines-outils,<\/p>\n<\/li>\n<li data-start=\"2282\" data-end=\"2331\">\n<p data-start=\"2284\" data-end=\"2331\">Un guidage stable dans les supports de machine.<\/p>\n<\/li>\n<\/ul>\n<p data-start=\"2333\" data-end=\"2478\">Le robinet est adapt\u00e9 pour fonctionner sur des machines-outils CNC et des machines conventionnelles, o\u00f9 la pr\u00e9cision et la r\u00e9p\u00e9tabilit\u00e9 du proc\u00e9d\u00e9 sont cruciales.<\/p>\n<h3 data-start=\"2485\" data-end=\"2501\"><strong>Application<\/strong><\/h3>\n<p data-start=\"2502\" data-end=\"2568\">Le robinet de machine HSS-E DIN 376 C est con\u00e7u pour l\u2019usinage :<\/p>\n<ul data-start=\"2570\" data-end=\"2739\">\n<li data-start=\"2570\" data-end=\"2596\">\n<p data-start=\"2572\" data-end=\"2596\">Aciers structurels,<\/p>\n<\/li>\n<li data-start=\"2597\" data-end=\"2634\">\n<p data-start=\"2599\" data-end=\"2634\">aciers \u00e0 faible alliage et alliages,<\/p>\n<\/li>\n<li data-start=\"2635\" data-end=\"2675\">\n<p data-start=\"2637\" data-end=\"2675\">mat\u00e9riaux de moyenne r\u00e9sistance,<\/p>\n<\/li>\n<li data-start=\"2676\" data-end=\"2739\">\n<p data-start=\"2678\" data-end=\"2739\">Des pi\u00e8ces qui n\u00e9cessitent un filetage dans des trous aveugles.<\/p>\n<\/li>\n<\/ul>\n<p data-start=\"2741\" data-end=\"2874\">L\u2019outil assure un fonctionnement stable, une qualit\u00e9 \u00e9lev\u00e9e du filetage et une fiabilit\u00e9 dans la production quotidienne et les applications en atelier.<\/p>\n","protected":false},"excerpt":{"rendered":"<p>Le DIN 376 C HSS-E de Koronet est un outil de pr\u00e9cision con\u00e7u pour fabriquer des filetages internes ISO m\u00e9triques dans des trous aveugles. L\u2019outil est fabriqu\u00e9 en acier cobalt [&hellip;]<\/p>\n","protected":false},"featured_media":9609,"template":"","meta":{"_acf_changed":false},"product_brand":[],"product_cat":[174,177,178],"product_tag":[],"class_list":{"0":"post-11545","1":"product","2":"type-product","3":"status-publish","4":"has-post-thumbnail","6":"product_cat-outils","7":"product_cat-prises-mecaniques","8":"product_cat-taps","10":"first","11":"instock","12":"taxable","13":"shipping-taxable","14":"purchasable","15":"product-type-variable","16":"has-default-attributes"},"acf":[],"yoast_head":"<!-- This site is optimized with the Yoast SEO plugin v27.5 - https:\/\/yoast.com\/product\/yoast-seo-wordpress\/ -->\n<title>Prise machine DIN 376 C HSS-E M16 \u2013 Koronet<\/title>\n<meta name=\"description\" content=\"Taraud machine DIN 376 C HSS-E M16 Koronet pour fabriquer des filetages ISO m\u00e9triques dans des trous aveugles. Rainures en spirale, fonctionnement stable et haute qualit\u00e9 de filetage.\" \/>\n<meta name=\"robots\" content=\"index, follow, max-snippet:-1, max-image-preview:large, max-video-preview:-1\" \/>\n<link rel=\"canonical\" href=\"https:\/\/www.koro.net.pl\/fr\/produkt\/prise-mecanique-din-376-c-hss-e-pour-trous-aveugles-koronet\/\" \/>\n<meta property=\"og:locale\" content=\"fr_FR\" \/>\n<meta property=\"og:type\" content=\"article\" \/>\n<meta property=\"og:title\" content=\"Prise machine DIN 376 C HSS-E M16 \u2013 Koronet\" \/>\n<meta property=\"og:description\" content=\"Taraud machine DIN 376 C HSS-E M16 Koronet pour fabriquer des filetages ISO m\u00e9triques dans des trous aveugles. Rainures en spirale, fonctionnement stable et haute qualit\u00e9 de filetage.\" \/>\n<meta property=\"og:url\" content=\"https:\/\/www.koro.net.pl\/fr\/produkt\/prise-mecanique-din-376-c-hss-e-pour-trous-aveugles-koronet\/\" \/>\n<meta property=\"og:site_name\" content=\"Koronet\" \/>\n<meta property=\"article:modified_time\" content=\"2026-05-13T06:37:47+00:00\" \/>\n<meta property=\"og:image\" content=\"https:\/\/www.koro.net.pl\/wp-content\/uploads\/2026\/01\/Gwintownik-maszynowy-DIN-376-C-HSS-E-do-otworow-nieprzelotowych-\u2013-Koronet.png\" \/>\n\t<meta property=\"og:image:width\" content=\"800\" \/>\n\t<meta property=\"og:image:height\" content=\"800\" \/>\n\t<meta property=\"og:image:type\" content=\"image\/png\" \/>\n<meta name=\"twitter:card\" content=\"summary_large_image\" \/>\n<meta name=\"twitter:label1\" content=\"Dur\u00e9e de lecture estim\u00e9e\" \/>\n\t<meta name=\"twitter:data1\" content=\"2 minutes\" \/>\n<script type=\"application\/ld+json\" class=\"yoast-schema-graph\">{\"@context\":\"https:\\\/\\\/schema.org\",\"@graph\":[{\"@type\":\"WebPage\",\"@id\":\"https:\\\/\\\/www.koro.net.pl\\\/fr\\\/produkt\\\/prise-mecanique-din-376-c-hss-e-pour-trous-aveugles-koronet\\\/\",\"url\":\"https:\\\/\\\/www.koro.net.pl\\\/fr\\\/produkt\\\/prise-mecanique-din-376-c-hss-e-pour-trous-aveugles-koronet\\\/\",\"name\":\"Prise machine DIN 376 C HSS-E M16 \u2013 Koronet\",\"isPartOf\":{\"@id\":\"https:\\\/\\\/www.koro.net.pl\\\/fr\\\/#website\"},\"primaryImageOfPage\":{\"@id\":\"https:\\\/\\\/www.koro.net.pl\\\/fr\\\/produkt\\\/prise-mecanique-din-376-c-hss-e-pour-trous-aveugles-koronet\\\/#primaryimage\"},\"image\":{\"@id\":\"https:\\\/\\\/www.koro.net.pl\\\/fr\\\/produkt\\\/prise-mecanique-din-376-c-hss-e-pour-trous-aveugles-koronet\\\/#primaryimage\"},\"thumbnailUrl\":\"https:\\\/\\\/www.koro.net.pl\\\/wp-content\\\/uploads\\\/2026\\\/01\\\/Gwintownik-maszynowy-DIN-376-C-HSS-E-do-otworow-nieprzelotowych-\u2013-Koronet.png\",\"datePublished\":\"2026-01-09T13:48:38+00:00\",\"dateModified\":\"2026-05-13T06:37:47+00:00\",\"description\":\"Taraud machine DIN 376 C HSS-E M16 Koronet pour fabriquer des filetages ISO m\u00e9triques dans des trous aveugles. Rainures en spirale, fonctionnement stable et haute qualit\u00e9 de filetage.\",\"breadcrumb\":{\"@id\":\"https:\\\/\\\/www.koro.net.pl\\\/fr\\\/produkt\\\/prise-mecanique-din-376-c-hss-e-pour-trous-aveugles-koronet\\\/#breadcrumb\"},\"inLanguage\":\"fr-FR\",\"potentialAction\":[{\"@type\":\"ReadAction\",\"target\":[\"https:\\\/\\\/www.koro.net.pl\\\/fr\\\/produkt\\\/prise-mecanique-din-376-c-hss-e-pour-trous-aveugles-koronet\\\/\"]}]},{\"@type\":\"ImageObject\",\"inLanguage\":\"fr-FR\",\"@id\":\"https:\\\/\\\/www.koro.net.pl\\\/fr\\\/produkt\\\/prise-mecanique-din-376-c-hss-e-pour-trous-aveugles-koronet\\\/#primaryimage\",\"url\":\"https:\\\/\\\/www.koro.net.pl\\\/wp-content\\\/uploads\\\/2026\\\/01\\\/Gwintownik-maszynowy-DIN-376-C-HSS-E-do-otworow-nieprzelotowych-\u2013-Koronet.png\",\"contentUrl\":\"https:\\\/\\\/www.koro.net.pl\\\/wp-content\\\/uploads\\\/2026\\\/01\\\/Gwintownik-maszynowy-DIN-376-C-HSS-E-do-otworow-nieprzelotowych-\u2013-Koronet.png\",\"width\":800,\"height\":800,\"caption\":\"Gwintownik maszynowy DIN 376 C HSS-E do otwor\u00f3w nieprzelotowych \u2013 Koronet\"},{\"@type\":\"BreadcrumbList\",\"@id\":\"https:\\\/\\\/www.koro.net.pl\\\/fr\\\/produkt\\\/prise-mecanique-din-376-c-hss-e-pour-trous-aveugles-koronet\\\/#breadcrumb\",\"itemListElement\":[{\"@type\":\"ListItem\",\"position\":1,\"name\":\"Strona g\u0142\u00f3wna\",\"item\":\"https:\\\/\\\/www.koro.net.pl\\\/fr\\\/\"},{\"@type\":\"ListItem\",\"position\":2,\"name\":\"Outils\",\"item\":\"https:\\\/\\\/www.koro.net.pl\\\/fr\\\/produkty\\\/outils\\\/\"},{\"@type\":\"ListItem\",\"position\":3,\"name\":\"Taps\",\"item\":\"https:\\\/\\\/www.koro.net.pl\\\/fr\\\/produkty\\\/taps\\\/\"},{\"@type\":\"ListItem\",\"position\":4,\"name\":\"Prise m\u00e9canique DIN 376 C HSS-E pour trous aveugles \u2013 Koronet\"}]},{\"@type\":\"WebSite\",\"@id\":\"https:\\\/\\\/www.koro.net.pl\\\/fr\\\/#website\",\"url\":\"https:\\\/\\\/www.koro.net.pl\\\/fr\\\/\",\"name\":\"Koronet\",\"description\":\"\",\"publisher\":{\"@id\":\"https:\\\/\\\/www.koro.net.pl\\\/fr\\\/#organization\"},\"potentialAction\":[{\"@type\":\"SearchAction\",\"target\":{\"@type\":\"EntryPoint\",\"urlTemplate\":\"https:\\\/\\\/www.koro.net.pl\\\/fr\\\/?s={search_term_string}\"},\"query-input\":{\"@type\":\"PropertyValueSpecification\",\"valueRequired\":true,\"valueName\":\"search_term_string\"}}],\"inLanguage\":\"fr-FR\"},{\"@type\":\"Organization\",\"@id\":\"https:\\\/\\\/www.koro.net.pl\\\/fr\\\/#organization\",\"name\":\"Koronet\",\"alternateName\":\"Koronet\",\"url\":\"https:\\\/\\\/www.koro.net.pl\\\/fr\\\/\",\"logo\":{\"@type\":\"ImageObject\",\"inLanguage\":\"fr-FR\",\"@id\":\"https:\\\/\\\/www.koro.net.pl\\\/fr\\\/#\\\/schema\\\/logo\\\/image\\\/\",\"url\":\"https:\\\/\\\/www.koro.net.pl\\\/wp-content\\\/uploads\\\/2025\\\/02\\\/Koronet-spolka-z-o.o.png\",\"contentUrl\":\"https:\\\/\\\/www.koro.net.pl\\\/wp-content\\\/uploads\\\/2025\\\/02\\\/Koronet-spolka-z-o.o.png\",\"width\":696,\"height\":696,\"caption\":\"Koronet\"},\"image\":{\"@id\":\"https:\\\/\\\/www.koro.net.pl\\\/fr\\\/#\\\/schema\\\/logo\\\/image\\\/\"}}]}<\/script>\n<!-- \/ Yoast SEO plugin. -->","yoast_head_json":{"title":"Prise machine DIN 376 C HSS-E M16 \u2013 Koronet","description":"Taraud machine DIN 376 C HSS-E M16 Koronet pour fabriquer des filetages ISO m\u00e9triques dans des trous aveugles. Rainures en spirale, fonctionnement stable et haute qualit\u00e9 de filetage.","robots":{"index":"index","follow":"follow","max-snippet":"max-snippet:-1","max-image-preview":"max-image-preview:large","max-video-preview":"max-video-preview:-1"},"canonical":"https:\/\/www.koro.net.pl\/fr\/produkt\/prise-mecanique-din-376-c-hss-e-pour-trous-aveugles-koronet\/","og_locale":"fr_FR","og_type":"article","og_title":"Prise machine DIN 376 C HSS-E M16 \u2013 Koronet","og_description":"Taraud machine DIN 376 C HSS-E M16 Koronet pour fabriquer des filetages ISO m\u00e9triques dans des trous aveugles. Rainures en spirale, fonctionnement stable et haute qualit\u00e9 de filetage.","og_url":"https:\/\/www.koro.net.pl\/fr\/produkt\/prise-mecanique-din-376-c-hss-e-pour-trous-aveugles-koronet\/","og_site_name":"Koronet","article_modified_time":"2026-05-13T06:37:47+00:00","og_image":[{"width":800,"height":800,"url":"https:\/\/www.koro.net.pl\/wp-content\/uploads\/2026\/01\/Gwintownik-maszynowy-DIN-376-C-HSS-E-do-otworow-nieprzelotowych-\u2013-Koronet.png","type":"image\/png"}],"twitter_card":"summary_large_image","twitter_misc":{"Dur\u00e9e de lecture estim\u00e9e":"2 minutes"},"schema":{"@context":"https:\/\/schema.org","@graph":[{"@type":"WebPage","@id":"https:\/\/www.koro.net.pl\/fr\/produkt\/prise-mecanique-din-376-c-hss-e-pour-trous-aveugles-koronet\/","url":"https:\/\/www.koro.net.pl\/fr\/produkt\/prise-mecanique-din-376-c-hss-e-pour-trous-aveugles-koronet\/","name":"Prise machine DIN 376 C HSS-E M16 \u2013 Koronet","isPartOf":{"@id":"https:\/\/www.koro.net.pl\/fr\/#website"},"primaryImageOfPage":{"@id":"https:\/\/www.koro.net.pl\/fr\/produkt\/prise-mecanique-din-376-c-hss-e-pour-trous-aveugles-koronet\/#primaryimage"},"image":{"@id":"https:\/\/www.koro.net.pl\/fr\/produkt\/prise-mecanique-din-376-c-hss-e-pour-trous-aveugles-koronet\/#primaryimage"},"thumbnailUrl":"https:\/\/www.koro.net.pl\/wp-content\/uploads\/2026\/01\/Gwintownik-maszynowy-DIN-376-C-HSS-E-do-otworow-nieprzelotowych-\u2013-Koronet.png","datePublished":"2026-01-09T13:48:38+00:00","dateModified":"2026-05-13T06:37:47+00:00","description":"Taraud machine DIN 376 C HSS-E M16 Koronet pour fabriquer des filetages ISO m\u00e9triques dans des trous aveugles. Rainures en spirale, fonctionnement stable et haute qualit\u00e9 de filetage.","breadcrumb":{"@id":"https:\/\/www.koro.net.pl\/fr\/produkt\/prise-mecanique-din-376-c-hss-e-pour-trous-aveugles-koronet\/#breadcrumb"},"inLanguage":"fr-FR","potentialAction":[{"@type":"ReadAction","target":["https:\/\/www.koro.net.pl\/fr\/produkt\/prise-mecanique-din-376-c-hss-e-pour-trous-aveugles-koronet\/"]}]},{"@type":"ImageObject","inLanguage":"fr-FR","@id":"https:\/\/www.koro.net.pl\/fr\/produkt\/prise-mecanique-din-376-c-hss-e-pour-trous-aveugles-koronet\/#primaryimage","url":"https:\/\/www.koro.net.pl\/wp-content\/uploads\/2026\/01\/Gwintownik-maszynowy-DIN-376-C-HSS-E-do-otworow-nieprzelotowych-\u2013-Koronet.png","contentUrl":"https:\/\/www.koro.net.pl\/wp-content\/uploads\/2026\/01\/Gwintownik-maszynowy-DIN-376-C-HSS-E-do-otworow-nieprzelotowych-\u2013-Koronet.png","width":800,"height":800,"caption":"Gwintownik maszynowy DIN 376 C HSS-E do otwor\u00f3w nieprzelotowych \u2013 Koronet"},{"@type":"BreadcrumbList","@id":"https:\/\/www.koro.net.pl\/fr\/produkt\/prise-mecanique-din-376-c-hss-e-pour-trous-aveugles-koronet\/#breadcrumb","itemListElement":[{"@type":"ListItem","position":1,"name":"Strona g\u0142\u00f3wna","item":"https:\/\/www.koro.net.pl\/fr\/"},{"@type":"ListItem","position":2,"name":"Outils","item":"https:\/\/www.koro.net.pl\/fr\/produkty\/outils\/"},{"@type":"ListItem","position":3,"name":"Taps","item":"https:\/\/www.koro.net.pl\/fr\/produkty\/taps\/"},{"@type":"ListItem","position":4,"name":"Prise m\u00e9canique DIN 376 C HSS-E pour trous aveugles \u2013 Koronet"}]},{"@type":"WebSite","@id":"https:\/\/www.koro.net.pl\/fr\/#website","url":"https:\/\/www.koro.net.pl\/fr\/","name":"Koronet","description":"","publisher":{"@id":"https:\/\/www.koro.net.pl\/fr\/#organization"},"potentialAction":[{"@type":"SearchAction","target":{"@type":"EntryPoint","urlTemplate":"https:\/\/www.koro.net.pl\/fr\/?s={search_term_string}"},"query-input":{"@type":"PropertyValueSpecification","valueRequired":true,"valueName":"search_term_string"}}],"inLanguage":"fr-FR"},{"@type":"Organization","@id":"https:\/\/www.koro.net.pl\/fr\/#organization","name":"Koronet","alternateName":"Koronet","url":"https:\/\/www.koro.net.pl\/fr\/","logo":{"@type":"ImageObject","inLanguage":"fr-FR","@id":"https:\/\/www.koro.net.pl\/fr\/#\/schema\/logo\/image\/","url":"https:\/\/www.koro.net.pl\/wp-content\/uploads\/2025\/02\/Koronet-spolka-z-o.o.png","contentUrl":"https:\/\/www.koro.net.pl\/wp-content\/uploads\/2025\/02\/Koronet-spolka-z-o.o.png","width":696,"height":696,"caption":"Koronet"},"image":{"@id":"https:\/\/www.koro.net.pl\/fr\/#\/schema\/logo\/image\/"}}]}},"_links":{"self":[{"href":"https:\/\/www.koro.net.pl\/fr\/wp-json\/wp\/v2\/product\/11545","targetHints":{"allow":["GET"]}}],"collection":[{"href":"https:\/\/www.koro.net.pl\/fr\/wp-json\/wp\/v2\/product"}],"about":[{"href":"https:\/\/www.koro.net.pl\/fr\/wp-json\/wp\/v2\/types\/product"}],"wp:featuredmedia":[{"embeddable":true,"href":"https:\/\/www.koro.net.pl\/fr\/wp-json\/wp\/v2\/media\/9609"}],"wp:attachment":[{"href":"https:\/\/www.koro.net.pl\/fr\/wp-json\/wp\/v2\/media?parent=11545"}],"wp:term":[{"taxonomy":"product_brand","embeddable":true,"href":"https:\/\/www.koro.net.pl\/fr\/wp-json\/wp\/v2\/product_brand?post=11545"},{"taxonomy":"product_cat","embeddable":true,"href":"https:\/\/www.koro.net.pl\/fr\/wp-json\/wp\/v2\/product_cat?post=11545"},{"taxonomy":"product_tag","embeddable":true,"href":"https:\/\/www.koro.net.pl\/fr\/wp-json\/wp\/v2\/product_tag?post=11545"}],"curies":[{"name":"wp","href":"https:\/\/api.w.org\/{rel}","templated":true}]}}