{"id":11411,"date":"2026-01-15T14:55:52","date_gmt":"2026-01-15T13:55:52","guid":{"rendered":"https:\/\/www.koro.net.pl\/produkt\/scie-cloche-tct-scie-cloche-en-metal-25-mm-carbure-cimente-koronet\/"},"modified":"2026-05-13T08:37:40","modified_gmt":"2026-05-13T06:37:40","slug":"scie-cloche-tct-scie-cloche-en-metal-25-mm-carbure-cimente-koronet","status":"publish","type":"product","link":"https:\/\/www.koro.net.pl\/fr\/produkt\/scie-cloche-tct-scie-cloche-en-metal-25-mm-carbure-cimente-koronet\/","title":{"rendered":"Scie-cloche TCT Scie-cloche en m\u00e9tal 25 mm \u2013 Carbure ciment\u00e9 \u2013 Koronet"},"content":{"rendered":"<p data-start=\"223\" data-end=\"522\"><a href=\"https:\/\/www.koro.net.pl\/fr\/produkty\/scies-cloches-tct\/\">La scie-cloche TCT de Koronet <\/a><strong>(sur la photo, une scie-cloche de taille 23&#215;25 mm)<\/strong> est un outil de pr\u00e9cision con\u00e7u pour percer des trous dans des \u00e9l\u00e9ments m\u00e9talliques. La conception de l\u2019outil a \u00e9t\u00e9 d\u00e9velopp\u00e9e pour un fonctionnement stable en atelier et en production, o\u00f9 le contr\u00f4le du proc\u00e9d\u00e9 de forage et la r\u00e9p\u00e9tabilit\u00e9 dimensionnelle sont cruciaux. <\/p>\n<p data-start=\"524\" data-end=\"738\">Le corps de la scie-cloche est en acier, tandis que la partie de coupe est \u00e9quip\u00e9e <strong data-start=\"613\" data-end=\"648\">de dents en carbure (TCT<\/strong>), ce qui permet un per\u00e7age efficace dans les m\u00e9taux tout en maintenant la durabilit\u00e9 des tranchants.<\/p>\n<p data-start=\"740\" data-end=\"885\">L\u2019outil est \u00e9quip\u00e9 d\u2019un <strong data-start=\"768\" data-end=\"790\">tr\u00e9pan pilote<\/strong>, responsable du centrage pr\u00e9cis du trou et d\u2019un d\u00e9but stable du processus de forage.<\/p>\n<h3 data-start=\"892\" data-end=\"939\"><strong>Dents TCT \u2013 r\u00e9sistance \u00e0 la coupe et stabilit\u00e9<\/strong><\/h3>\n<p data-start=\"940\" data-end=\"996\">L\u2019utilisation d\u2019inserts en carbure ciment\u00e9 (TCT) permet :<\/p>\n<ul data-start=\"998\" data-end=\"1122\">\n<li data-start=\"998\" data-end=\"1032\">\n<p data-start=\"1000\" data-end=\"1032\">r\u00e9sistance \u00e0 l\u2019usure accrue,<\/p>\n<\/li>\n<li data-start=\"1033\" data-end=\"1070\">\n<p data-start=\"1035\" data-end=\"1070\">travail stable dans le traitement des m\u00e9taux,<\/p>\n<\/li>\n<li data-start=\"1071\" data-end=\"1122\">\n<p data-start=\"1073\" data-end=\"1122\">Maintenir la g\u00e9om\u00e9trie des pales pendant le fonctionnement.<\/p>\n<\/li>\n<\/ul>\n<p data-start=\"1124\" data-end=\"1274\">Cette solution permet de r\u00e9aliser des trous aux bords r\u00e9guliers et r\u00e9duit la d\u00e9gradation des outils lors du travail sur des mat\u00e9riaux m\u00e9talliques plus durs.<\/p>\n<h3 data-start=\"1281\" data-end=\"1328\"><strong>Exercice pilote \u2013 guidage pr\u00e9cis<\/strong><\/h3>\n<p data-start=\"1329\" data-end=\"1412\">La scie-hoche poss\u00e8de une foreuse pilote centrale, dont la t\u00e2che est la suivante :<\/p>\n<ul data-start=\"1414\" data-end=\"1562\">\n<li data-start=\"1414\" data-end=\"1450\">\n<p data-start=\"1416\" data-end=\"1450\">Positionnement pr\u00e9cis de l\u2019outil,<\/p>\n<\/li>\n<li data-start=\"1451\" data-end=\"1496\">\n<p data-start=\"1453\" data-end=\"1496\">insertion stable de la scie-cloche dans le mat\u00e9riau,<\/p>\n<\/li>\n<li data-start=\"1497\" data-end=\"1562\">\n<p data-start=\"1499\" data-end=\"1562\">R\u00e9duire le risque de d\u00e9placement au d\u00e9but du forage.<\/p>\n<\/li>\n<\/ul>\n<p data-start=\"1564\" data-end=\"1640\">La foreuse pilote est rempla\u00e7able, ce qui permet de la d\u00e9monter et de la maintenir.<\/p>\n<h3 data-start=\"1647\" data-end=\"1685\"><strong>Trous d\u2019\u00e9jection \u2013 retrait des copeaux<\/strong><\/h3>\n<p data-start=\"1686\" data-end=\"1759\">Le corps de la scie-cloche est \u00e9quip\u00e9 de trous d\u2019\u00e9jection qui permettent :<\/p>\n<ul data-start=\"1761\" data-end=\"1892\">\n<li data-start=\"1761\" data-end=\"1814\">\n<p data-start=\"1763\" data-end=\"1814\">retrait efficace des copeaux de la zone de coupe,<\/p>\n<\/li>\n<li data-start=\"1815\" data-end=\"1851\">\n<p data-start=\"1817\" data-end=\"1851\">r\u00e9duction du bouchon de l\u2019outil,<\/p>\n<\/li>\n<li data-start=\"1852\" data-end=\"1892\">\n<p data-start=\"1854\" data-end=\"1892\">un fonctionnement plus stable et plus s\u00fbr.<\/p>\n<\/li>\n<\/ul>\n<p data-start=\"1894\" data-end=\"1987\">Cette solution am\u00e9liore le contr\u00f4le du processus de forage et affecte la qualit\u00e9 du trou r\u00e9alis\u00e9.<\/p>\n<h3 data-start=\"1994\" data-end=\"2040\"><strong>Tige hexagonale (HEX) \u2013 fixation s\u00e9curis\u00e9e<\/strong><\/h3>\n<p data-start=\"2041\" data-end=\"2087\">La poign\u00e9e hexagonale (HEX) utilis\u00e9e garantit :<\/p>\n<ul data-start=\"2089\" data-end=\"2225\">\n<li data-start=\"2089\" data-end=\"2133\">\n<p data-start=\"2091\" data-end=\"2133\">Si\u00e8ges stables dans le mandrin de forage,<\/p>\n<\/li>\n<li data-start=\"2134\" data-end=\"2168\">\n<p data-start=\"2136\" data-end=\"2168\">R\u00e9duction du glissement de l\u2019outil<\/p>\n<\/li>\n<li data-start=\"2169\" data-end=\"2225\">\n<p data-start=\"2171\" data-end=\"2225\">transmission du couple de mani\u00e8re contr\u00f4l\u00e9e.<\/p>\n<\/li>\n<\/ul>\n<p data-start=\"2227\" data-end=\"2352\">La scie-hoche est con\u00e7ue pour fonctionner avec des perceuses et des outils \u00e9lectriques \u00e9quip\u00e9s d\u2019un manche compatible avec la tige HEX.<\/p>\n<h3 data-start=\"2359\" data-end=\"2375\">Application<\/h3>\n<p data-start=\"2376\" data-end=\"2437\">La scie-cloche TCT pour Koronet m\u00e9tallique est con\u00e7ue pour l\u2019usinage :<\/p>\n<ul data-start=\"2439\" data-end=\"2562\">\n<li data-start=\"2439\" data-end=\"2463\">\n<p data-start=\"2441\" data-end=\"2463\">Aciers structurels,<\/p>\n<\/li>\n<li data-start=\"2464\" data-end=\"2482\">\n<p data-start=\"2466\" data-end=\"2482\">des t\u00f4les d\u2019acier,<\/p>\n<\/li>\n<li data-start=\"2483\" data-end=\"2504\">\n<p data-start=\"2485\" data-end=\"2504\">profils m\u00e9talliques,<\/p>\n<\/li>\n<li data-start=\"2505\" data-end=\"2562\">\n<p data-start=\"2507\" data-end=\"2562\">de tuyaux m\u00e9talliques et de composants d\u2019\u00e9paisseur standard.<\/p>\n<\/li>\n<\/ul>\n<p data-start=\"2564\" data-end=\"2713\">L\u2019outil assure un fonctionnement stable, le contr\u00f4le du proc\u00e9d\u00e9 de forage et la r\u00e9p\u00e9tabilit\u00e9 des trous en atelier et en production.<\/p>\n","protected":false},"excerpt":{"rendered":"<p>La scie-cloche TCT de Koronet (sur la photo, une scie-cloche de taille 23&#215;25 mm) est un outil de pr\u00e9cision con\u00e7u pour percer des trous dans des \u00e9l\u00e9ments m\u00e9talliques. La conception [&hellip;]<\/p>\n","protected":false},"featured_media":8789,"template":"","meta":{"_acf_changed":false},"product_brand":[],"product_cat":[174,179],"product_tag":[],"class_list":{"0":"post-11411","1":"product","2":"type-product","3":"status-publish","4":"has-post-thumbnail","6":"product_cat-outils","7":"product_cat-scies-cloches-tct","9":"first","10":"instock","11":"taxable","12":"shipping-taxable","13":"purchasable","14":"product-type-variable","15":"has-default-attributes"},"acf":[],"yoast_head":"<!-- This site is optimized with the Yoast SEO plugin v27.5 - https:\/\/yoast.com\/product\/yoast-seo-wordpress\/ -->\n<title>Scie-cloche TCT pour m\u00e9tal 25 mm \u2013 widium \u2013 HEX \u2013 Koronet<\/title>\n<meta name=\"description\" content=\"Scie-cloche TCT pour m\u00e9tal koronet. Dents en carbure, foreuse pilote, tige HEX, profondeur de forage de 25 mm.\" \/>\n<meta name=\"robots\" content=\"index, follow, max-snippet:-1, max-image-preview:large, max-video-preview:-1\" \/>\n<link rel=\"canonical\" href=\"https:\/\/www.koro.net.pl\/fr\/produkt\/scie-cloche-tct-scie-cloche-en-metal-25-mm-carbure-cimente-koronet\/\" \/>\n<meta property=\"og:locale\" content=\"fr_FR\" \/>\n<meta property=\"og:type\" content=\"article\" \/>\n<meta property=\"og:title\" content=\"Scie-cloche TCT pour m\u00e9tal 25 mm \u2013 widium \u2013 HEX \u2013 Koronet\" \/>\n<meta property=\"og:description\" content=\"Scie-cloche TCT pour m\u00e9tal koronet. Dents en carbure, foreuse pilote, tige HEX, profondeur de forage de 25 mm.\" \/>\n<meta property=\"og:url\" content=\"https:\/\/www.koro.net.pl\/fr\/produkt\/scie-cloche-tct-scie-cloche-en-metal-25-mm-carbure-cimente-koronet\/\" \/>\n<meta property=\"og:site_name\" content=\"Koronet\" \/>\n<meta property=\"article:modified_time\" content=\"2026-05-13T06:37:40+00:00\" \/>\n<meta property=\"og:image\" content=\"https:\/\/www.koro.net.pl\/wp-content\/uploads\/2026\/01\/Otwornica-23x25.3.png\" \/>\n\t<meta property=\"og:image:width\" content=\"800\" \/>\n\t<meta property=\"og:image:height\" content=\"500\" \/>\n\t<meta property=\"og:image:type\" content=\"image\/png\" \/>\n<meta name=\"twitter:card\" content=\"summary_large_image\" \/>\n<meta name=\"twitter:label1\" content=\"Dur\u00e9e de lecture estim\u00e9e\" \/>\n\t<meta name=\"twitter:data1\" content=\"2 minutes\" \/>\n<script type=\"application\/ld+json\" class=\"yoast-schema-graph\">{\"@context\":\"https:\\\/\\\/schema.org\",\"@graph\":[{\"@type\":\"WebPage\",\"@id\":\"https:\\\/\\\/www.koro.net.pl\\\/fr\\\/produkt\\\/scie-cloche-tct-scie-cloche-en-metal-25-mm-carbure-cimente-koronet\\\/\",\"url\":\"https:\\\/\\\/www.koro.net.pl\\\/fr\\\/produkt\\\/scie-cloche-tct-scie-cloche-en-metal-25-mm-carbure-cimente-koronet\\\/\",\"name\":\"Scie-cloche TCT pour m\u00e9tal 25 mm \u2013 widium \u2013 HEX \u2013 Koronet\",\"isPartOf\":{\"@id\":\"https:\\\/\\\/www.koro.net.pl\\\/fr\\\/#website\"},\"primaryImageOfPage\":{\"@id\":\"https:\\\/\\\/www.koro.net.pl\\\/fr\\\/produkt\\\/scie-cloche-tct-scie-cloche-en-metal-25-mm-carbure-cimente-koronet\\\/#primaryimage\"},\"image\":{\"@id\":\"https:\\\/\\\/www.koro.net.pl\\\/fr\\\/produkt\\\/scie-cloche-tct-scie-cloche-en-metal-25-mm-carbure-cimente-koronet\\\/#primaryimage\"},\"thumbnailUrl\":\"https:\\\/\\\/www.koro.net.pl\\\/wp-content\\\/uploads\\\/2026\\\/01\\\/Otwornica-23x25.3.png\",\"datePublished\":\"2026-01-15T13:55:52+00:00\",\"dateModified\":\"2026-05-13T06:37:40+00:00\",\"description\":\"Scie-cloche TCT pour m\u00e9tal koronet. Dents en carbure, foreuse pilote, tige HEX, profondeur de forage de 25 mm.\",\"breadcrumb\":{\"@id\":\"https:\\\/\\\/www.koro.net.pl\\\/fr\\\/produkt\\\/scie-cloche-tct-scie-cloche-en-metal-25-mm-carbure-cimente-koronet\\\/#breadcrumb\"},\"inLanguage\":\"fr-FR\",\"potentialAction\":[{\"@type\":\"ReadAction\",\"target\":[\"https:\\\/\\\/www.koro.net.pl\\\/fr\\\/produkt\\\/scie-cloche-tct-scie-cloche-en-metal-25-mm-carbure-cimente-koronet\\\/\"]}]},{\"@type\":\"ImageObject\",\"inLanguage\":\"fr-FR\",\"@id\":\"https:\\\/\\\/www.koro.net.pl\\\/fr\\\/produkt\\\/scie-cloche-tct-scie-cloche-en-metal-25-mm-carbure-cimente-koronet\\\/#primaryimage\",\"url\":\"https:\\\/\\\/www.koro.net.pl\\\/wp-content\\\/uploads\\\/2026\\\/01\\\/Otwornica-23x25.3.png\",\"contentUrl\":\"https:\\\/\\\/www.koro.net.pl\\\/wp-content\\\/uploads\\\/2026\\\/01\\\/Otwornica-23x25.3.png\",\"width\":800,\"height\":500,\"caption\":\"Otwornica TCT do metalu \u2013 chwyt sze\u015bciok\u0105tny HEX, otwory wyrzutowe, wiert\u0142o pilotuj\u0105ce, widok techniczny\"},{\"@type\":\"BreadcrumbList\",\"@id\":\"https:\\\/\\\/www.koro.net.pl\\\/fr\\\/produkt\\\/scie-cloche-tct-scie-cloche-en-metal-25-mm-carbure-cimente-koronet\\\/#breadcrumb\",\"itemListElement\":[{\"@type\":\"ListItem\",\"position\":1,\"name\":\"Strona g\u0142\u00f3wna\",\"item\":\"https:\\\/\\\/www.koro.net.pl\\\/fr\\\/\"},{\"@type\":\"ListItem\",\"position\":2,\"name\":\"Outils\",\"item\":\"https:\\\/\\\/www.koro.net.pl\\\/fr\\\/produkty\\\/outils\\\/\"},{\"@type\":\"ListItem\",\"position\":3,\"name\":\"Scie-cloche TCT Scie-cloche en m\u00e9tal 25 mm \u2013 Carbure ciment\u00e9 \u2013 Koronet\"}]},{\"@type\":\"WebSite\",\"@id\":\"https:\\\/\\\/www.koro.net.pl\\\/fr\\\/#website\",\"url\":\"https:\\\/\\\/www.koro.net.pl\\\/fr\\\/\",\"name\":\"Koronet\",\"description\":\"\",\"publisher\":{\"@id\":\"https:\\\/\\\/www.koro.net.pl\\\/fr\\\/#organization\"},\"potentialAction\":[{\"@type\":\"SearchAction\",\"target\":{\"@type\":\"EntryPoint\",\"urlTemplate\":\"https:\\\/\\\/www.koro.net.pl\\\/fr\\\/?s={search_term_string}\"},\"query-input\":{\"@type\":\"PropertyValueSpecification\",\"valueRequired\":true,\"valueName\":\"search_term_string\"}}],\"inLanguage\":\"fr-FR\"},{\"@type\":\"Organization\",\"@id\":\"https:\\\/\\\/www.koro.net.pl\\\/fr\\\/#organization\",\"name\":\"Koronet\",\"alternateName\":\"Koronet\",\"url\":\"https:\\\/\\\/www.koro.net.pl\\\/fr\\\/\",\"logo\":{\"@type\":\"ImageObject\",\"inLanguage\":\"fr-FR\",\"@id\":\"https:\\\/\\\/www.koro.net.pl\\\/fr\\\/#\\\/schema\\\/logo\\\/image\\\/\",\"url\":\"https:\\\/\\\/www.koro.net.pl\\\/wp-content\\\/uploads\\\/2025\\\/02\\\/Koronet-spolka-z-o.o.png\",\"contentUrl\":\"https:\\\/\\\/www.koro.net.pl\\\/wp-content\\\/uploads\\\/2025\\\/02\\\/Koronet-spolka-z-o.o.png\",\"width\":696,\"height\":696,\"caption\":\"Koronet\"},\"image\":{\"@id\":\"https:\\\/\\\/www.koro.net.pl\\\/fr\\\/#\\\/schema\\\/logo\\\/image\\\/\"}}]}<\/script>\n<!-- \/ Yoast SEO plugin. -->","yoast_head_json":{"title":"Scie-cloche TCT pour m\u00e9tal 25 mm \u2013 widium \u2013 HEX \u2013 Koronet","description":"Scie-cloche TCT pour m\u00e9tal koronet. Dents en carbure, foreuse pilote, tige HEX, profondeur de forage de 25 mm.","robots":{"index":"index","follow":"follow","max-snippet":"max-snippet:-1","max-image-preview":"max-image-preview:large","max-video-preview":"max-video-preview:-1"},"canonical":"https:\/\/www.koro.net.pl\/fr\/produkt\/scie-cloche-tct-scie-cloche-en-metal-25-mm-carbure-cimente-koronet\/","og_locale":"fr_FR","og_type":"article","og_title":"Scie-cloche TCT pour m\u00e9tal 25 mm \u2013 widium \u2013 HEX \u2013 Koronet","og_description":"Scie-cloche TCT pour m\u00e9tal koronet. Dents en carbure, foreuse pilote, tige HEX, profondeur de forage de 25 mm.","og_url":"https:\/\/www.koro.net.pl\/fr\/produkt\/scie-cloche-tct-scie-cloche-en-metal-25-mm-carbure-cimente-koronet\/","og_site_name":"Koronet","article_modified_time":"2026-05-13T06:37:40+00:00","og_image":[{"width":800,"height":500,"url":"https:\/\/www.koro.net.pl\/wp-content\/uploads\/2026\/01\/Otwornica-23x25.3.png","type":"image\/png"}],"twitter_card":"summary_large_image","twitter_misc":{"Dur\u00e9e de lecture estim\u00e9e":"2 minutes"},"schema":{"@context":"https:\/\/schema.org","@graph":[{"@type":"WebPage","@id":"https:\/\/www.koro.net.pl\/fr\/produkt\/scie-cloche-tct-scie-cloche-en-metal-25-mm-carbure-cimente-koronet\/","url":"https:\/\/www.koro.net.pl\/fr\/produkt\/scie-cloche-tct-scie-cloche-en-metal-25-mm-carbure-cimente-koronet\/","name":"Scie-cloche TCT pour m\u00e9tal 25 mm \u2013 widium \u2013 HEX \u2013 Koronet","isPartOf":{"@id":"https:\/\/www.koro.net.pl\/fr\/#website"},"primaryImageOfPage":{"@id":"https:\/\/www.koro.net.pl\/fr\/produkt\/scie-cloche-tct-scie-cloche-en-metal-25-mm-carbure-cimente-koronet\/#primaryimage"},"image":{"@id":"https:\/\/www.koro.net.pl\/fr\/produkt\/scie-cloche-tct-scie-cloche-en-metal-25-mm-carbure-cimente-koronet\/#primaryimage"},"thumbnailUrl":"https:\/\/www.koro.net.pl\/wp-content\/uploads\/2026\/01\/Otwornica-23x25.3.png","datePublished":"2026-01-15T13:55:52+00:00","dateModified":"2026-05-13T06:37:40+00:00","description":"Scie-cloche TCT pour m\u00e9tal koronet. Dents en carbure, foreuse pilote, tige HEX, profondeur de forage de 25 mm.","breadcrumb":{"@id":"https:\/\/www.koro.net.pl\/fr\/produkt\/scie-cloche-tct-scie-cloche-en-metal-25-mm-carbure-cimente-koronet\/#breadcrumb"},"inLanguage":"fr-FR","potentialAction":[{"@type":"ReadAction","target":["https:\/\/www.koro.net.pl\/fr\/produkt\/scie-cloche-tct-scie-cloche-en-metal-25-mm-carbure-cimente-koronet\/"]}]},{"@type":"ImageObject","inLanguage":"fr-FR","@id":"https:\/\/www.koro.net.pl\/fr\/produkt\/scie-cloche-tct-scie-cloche-en-metal-25-mm-carbure-cimente-koronet\/#primaryimage","url":"https:\/\/www.koro.net.pl\/wp-content\/uploads\/2026\/01\/Otwornica-23x25.3.png","contentUrl":"https:\/\/www.koro.net.pl\/wp-content\/uploads\/2026\/01\/Otwornica-23x25.3.png","width":800,"height":500,"caption":"Otwornica TCT do metalu \u2013 chwyt sze\u015bciok\u0105tny HEX, otwory wyrzutowe, wiert\u0142o pilotuj\u0105ce, widok techniczny"},{"@type":"BreadcrumbList","@id":"https:\/\/www.koro.net.pl\/fr\/produkt\/scie-cloche-tct-scie-cloche-en-metal-25-mm-carbure-cimente-koronet\/#breadcrumb","itemListElement":[{"@type":"ListItem","position":1,"name":"Strona g\u0142\u00f3wna","item":"https:\/\/www.koro.net.pl\/fr\/"},{"@type":"ListItem","position":2,"name":"Outils","item":"https:\/\/www.koro.net.pl\/fr\/produkty\/outils\/"},{"@type":"ListItem","position":3,"name":"Scie-cloche TCT Scie-cloche en m\u00e9tal 25 mm \u2013 Carbure ciment\u00e9 \u2013 Koronet"}]},{"@type":"WebSite","@id":"https:\/\/www.koro.net.pl\/fr\/#website","url":"https:\/\/www.koro.net.pl\/fr\/","name":"Koronet","description":"","publisher":{"@id":"https:\/\/www.koro.net.pl\/fr\/#organization"},"potentialAction":[{"@type":"SearchAction","target":{"@type":"EntryPoint","urlTemplate":"https:\/\/www.koro.net.pl\/fr\/?s={search_term_string}"},"query-input":{"@type":"PropertyValueSpecification","valueRequired":true,"valueName":"search_term_string"}}],"inLanguage":"fr-FR"},{"@type":"Organization","@id":"https:\/\/www.koro.net.pl\/fr\/#organization","name":"Koronet","alternateName":"Koronet","url":"https:\/\/www.koro.net.pl\/fr\/","logo":{"@type":"ImageObject","inLanguage":"fr-FR","@id":"https:\/\/www.koro.net.pl\/fr\/#\/schema\/logo\/image\/","url":"https:\/\/www.koro.net.pl\/wp-content\/uploads\/2025\/02\/Koronet-spolka-z-o.o.png","contentUrl":"https:\/\/www.koro.net.pl\/wp-content\/uploads\/2025\/02\/Koronet-spolka-z-o.o.png","width":696,"height":696,"caption":"Koronet"},"image":{"@id":"https:\/\/www.koro.net.pl\/fr\/#\/schema\/logo\/image\/"}}]}},"_links":{"self":[{"href":"https:\/\/www.koro.net.pl\/fr\/wp-json\/wp\/v2\/product\/11411","targetHints":{"allow":["GET"]}}],"collection":[{"href":"https:\/\/www.koro.net.pl\/fr\/wp-json\/wp\/v2\/product"}],"about":[{"href":"https:\/\/www.koro.net.pl\/fr\/wp-json\/wp\/v2\/types\/product"}],"wp:featuredmedia":[{"embeddable":true,"href":"https:\/\/www.koro.net.pl\/fr\/wp-json\/wp\/v2\/media\/8789"}],"wp:attachment":[{"href":"https:\/\/www.koro.net.pl\/fr\/wp-json\/wp\/v2\/media?parent=11411"}],"wp:term":[{"taxonomy":"product_brand","embeddable":true,"href":"https:\/\/www.koro.net.pl\/fr\/wp-json\/wp\/v2\/product_brand?post=11411"},{"taxonomy":"product_cat","embeddable":true,"href":"https:\/\/www.koro.net.pl\/fr\/wp-json\/wp\/v2\/product_cat?post=11411"},{"taxonomy":"product_tag","embeddable":true,"href":"https:\/\/www.koro.net.pl\/fr\/wp-json\/wp\/v2\/product_tag?post=11411"}],"curies":[{"name":"wp","href":"https:\/\/api.w.org\/{rel}","templated":true}]}}