{"id":11400,"date":"2026-01-09T13:39:46","date_gmt":"2026-01-09T12:39:46","guid":{"rendered":"https:\/\/www.koro.net.pl\/produkt\/prise-mecanique-din-371-c-hss-e-pour-trous-aveugles-koronet\/"},"modified":"2026-01-09T13:39:46","modified_gmt":"2026-01-09T12:39:46","slug":"prise-mecanique-din-371-c-hss-e-pour-trous-aveugles-koronet","status":"publish","type":"product","link":"https:\/\/www.koro.net.pl\/fr\/produkt\/prise-mecanique-din-371-c-hss-e-pour-trous-aveugles-koronet\/","title":{"rendered":"Prise m\u00e9canique DIN 371 C HSS-E pour trous aveugles \u2013 Koronet"},"content":{"rendered":"<p data-start=\"409\" data-end=\"798\"><a href=\"https:\/\/www.koro.net.pl\/fr\/produkty\/taps\/\">Le DIN 371 C HSS-E de la machine <strong data-start=\"452\" data-end=\"463\">Koronet<\/strong><\/a> est un outil de pr\u00e9cision con\u00e7u pour <strong data-start=\"516\" data-end=\"556\">fabriquer des filetages internes ISO<\/strong> <strong data-start=\"559\" data-end=\"587\">m\u00e9triques dans des trous aveugles<\/strong>. Fabriqu\u00e9 en acier cobalt de haute qualit\u00e9 et rapide <strong data-start=\"647\" data-end=\"663\">HSS-E (HSSE),<\/strong> il assure un fonctionnement stable, une bonne r\u00e9sistance \u00e0 l\u2019usure et une grande qualit\u00e9 de filetage en atelier et en production. <\/p>\n<p data-start=\"800\" data-end=\"1004\">L\u2019outil est d\u00e9di\u00e9 au traitement des aciers structurels, des aciers \u00e0 faible alliage et des mat\u00e9riaux de r\u00e9sistance moyenne, o\u00f9 le contr\u00f4le <strong data-start=\"942\" data-end=\"1003\">du filetage et la r\u00e9p\u00e9tabilit\u00e9<\/strong> dimensionnelle sont importants.<\/p>\n<h3 data-start=\"1011\" data-end=\"1057\"><strong>Acier HSS-E \u2013 durabilit\u00e9 et stabilit\u00e9 du proc\u00e9d\u00e9<\/strong><\/h3>\n<p data-start=\"1059\" data-end=\"1164\">Le robinet est fabriqu\u00e9 en acier \u00e0 grande vitesse avec ajout de cobalt (<strong data-start=\"1127\" data-end=\"1136\">HSS-E<\/strong>), caract\u00e9ris\u00e9 par :<\/p>\n<ul data-start=\"1166\" data-end=\"1346\">\n<li data-start=\"1166\" data-end=\"1215\">\n<p data-start=\"1168\" data-end=\"1215\">r\u00e9sistance accrue aux charges torsionnelles,<\/p>\n<\/li>\n<li data-start=\"1216\" data-end=\"1274\">\n<p data-start=\"1218\" data-end=\"1274\">meilleure stabilit\u00e9 de fonctionnement \u00e0 des temp\u00e9ratures \u00e9lev\u00e9es,<\/p>\n<\/li>\n<li data-start=\"1275\" data-end=\"1346\">\n<p data-start=\"1277\" data-end=\"1346\">une r\u00e9sistance \u00e0 l\u2019usure plus \u00e9lev\u00e9e que l\u2019acier HSS classique.<\/p>\n<\/li>\n<\/ul>\n<p data-start=\"1348\" data-end=\"1499\">Gr\u00e2ce \u00e0 ces propri\u00e9t\u00e9s, l\u2019outil offre une coupe uniforme, un guidage stable et une dur\u00e9e de vie plus longue tout en maintenant une qualit\u00e9 de filetage \u00e9lev\u00e9e.<\/p>\n<h3 data-start=\"1506\" data-end=\"1550\"><strong>G\u00e9om\u00e9trie C \u2013 pour trous aveugles<\/strong><\/h3>\n<p data-start=\"1552\" data-end=\"1606\">Le robinet est <strong data-start=\"1571\" data-end=\"1588\">de type C<\/strong>, con\u00e7u pour :<\/p>\n<ul data-start=\"1608\" data-end=\"1763\">\n<li data-start=\"1608\" data-end=\"1663\">\n<p data-start=\"1610\" data-end=\"1663\">enfiler <strong data-start=\"1632\" data-end=\"1660\">des trous aveugles<\/strong>,<\/p>\n<\/li>\n<li data-start=\"1664\" data-end=\"1692\">\n<p data-start=\"1666\" data-end=\"1692\">En travaillant pr\u00e8s du fond du trou,<\/p>\n<\/li>\n<li data-start=\"1693\" data-end=\"1763\">\n<p data-start=\"1695\" data-end=\"1763\">Formation pr\u00e9cise du fil avec un c\u00f4ne d\u2019entr\u00e9e court.<\/p>\n<\/li>\n<\/ul>\n<p data-start=\"1765\" data-end=\"1892\">Cette g\u00e9om\u00e9trie permet un filetage pr\u00e9cis dans un espace de travail confin\u00e9 et r\u00e9duit le risque de dommages au fond du trou.<\/p>\n<h3 data-start=\"1899\" data-end=\"1949\"><strong>Rainures en spirale \u2013 \u00e9vacuation efficace des puces<\/strong><\/h3>\n<p data-start=\"1951\" data-end=\"1993\">Les <strong data-start=\"1963\" data-end=\"1981\">rainures en spirale<\/strong> utilis\u00e9es assurent :<\/p>\n<ul data-start=\"1995\" data-end=\"2176\">\n<li data-start=\"1995\" data-end=\"2045\">\n<p data-start=\"1997\" data-end=\"2045\">d\u00e9charge effective de copeaux vers le dessus du trou,<\/p>\n<\/li>\n<li data-start=\"2046\" data-end=\"2106\">\n<p data-start=\"2048\" data-end=\"2106\">Risque r\u00e9duit de blocage des copeaux dans la zone de coupe<\/p>\n<\/li>\n<li data-start=\"2107\" data-end=\"2176\">\n<p data-start=\"2109\" data-end=\"2176\">Un fonctionnement plus stable et plus s\u00fbr dans les trous aveugles.<\/p>\n<\/li>\n<\/ul>\n<p data-start=\"2178\" data-end=\"2287\">Cette solution am\u00e9liore la qualit\u00e9 de la surface du filetage et augmente la fiabilit\u00e9 du processus de filetage machine.<\/p>\n<h3 data-start=\"2294\" data-end=\"2336\"><strong>Norme DIN 371 \u2013 conception compacte<\/strong><\/h3>\n<p data-start=\"2338\" data-end=\"2375\"><strong data-start=\"2355\" data-end=\"2366\">La conformit\u00e9 \u00e0 la norme DIN 371<\/strong> signifie :<\/p>\n<ul data-start=\"2377\" data-end=\"2528\">\n<li data-start=\"2377\" data-end=\"2423\">\n<p data-start=\"2379\" data-end=\"2423\">conception d\u2019outils plus courte et compacte,<\/p>\n<\/li>\n<li data-start=\"2424\" data-end=\"2478\">\n<p data-start=\"2426\" data-end=\"2478\">Adapt\u00e9 aux profondeurs de filetage standard<\/p>\n<\/li>\n<li data-start=\"2479\" data-end=\"2528\">\n<p data-start=\"2481\" data-end=\"2528\">Un guidage stable dans les supports de machine.<\/p>\n<\/li>\n<\/ul>\n<p data-start=\"2530\" data-end=\"2667\">Le robinet est adapt\u00e9 pour fonctionner sur des machines-outils CNC et des machines conventionnelles, o\u00f9 la pr\u00e9cision et la r\u00e9p\u00e9tabilit\u00e9 sont essentielles.<\/p>\n<h3 data-start=\"2674\" data-end=\"2690\"><strong>Application<\/strong><\/h3>\n<p data-start=\"2692\" data-end=\"2754\">La prise de machine HSS-E DIN 371 C est recommand\u00e9e pour l\u2019usinage :<\/p>\n<ul data-start=\"2756\" data-end=\"2929\">\n<li data-start=\"2756\" data-end=\"2782\">\n<p data-start=\"2758\" data-end=\"2782\">Aciers structurels,<\/p>\n<\/li>\n<li data-start=\"2783\" data-end=\"2820\">\n<p data-start=\"2785\" data-end=\"2820\">aciers \u00e0 faible alliage et alliages,<\/p>\n<\/li>\n<li data-start=\"2821\" data-end=\"2861\">\n<p data-start=\"2823\" data-end=\"2861\">mat\u00e9riaux de moyenne r\u00e9sistance,<\/p>\n<\/li>\n<li data-start=\"2862\" data-end=\"2929\">\n<p data-start=\"2864\" data-end=\"2929\">Des pi\u00e8ces qui n\u00e9cessitent un filetage dans <strong data-start=\"2898\" data-end=\"2926\">des trous aveugles<\/strong>.<\/p>\n<\/li>\n<\/ul>\n<p data-start=\"2931\" data-end=\"3064\">L\u2019outil assure un fonctionnement stable, une qualit\u00e9 \u00e9lev\u00e9e du filetage et une fiabilit\u00e9 dans la production quotidienne et les applications en atelier.<\/p>\n","protected":false},"excerpt":{"rendered":"<p>Le DIN 371 C HSS-E de la machine Koronet est un outil de pr\u00e9cision con\u00e7u pour fabriquer des filetages internes ISO m\u00e9triques dans des trous aveugles. Fabriqu\u00e9 en acier cobalt [&hellip;]<\/p>\n","protected":false},"featured_media":8699,"template":"","meta":{"_acf_changed":false},"product_brand":[],"product_cat":[174,177,178],"product_tag":[],"class_list":{"0":"post-11400","1":"product","2":"type-product","3":"status-publish","4":"has-post-thumbnail","6":"product_cat-outils","7":"product_cat-prises-mecaniques","8":"product_cat-taps","10":"first","11":"instock","12":"taxable","13":"shipping-taxable","14":"purchasable","15":"product-type-variable","16":"has-default-attributes"},"acf":[],"yoast_head":"<!-- This site is optimized with the Yoast SEO plugin v27.5 - https:\/\/yoast.com\/product\/yoast-seo-wordpress\/ -->\n<title>Prise \u00e0 la machine DIN 371 C HSS-E M8 trous aveugles | Coroner<\/title>\n<meta name=\"description\" content=\"Tape DIN 371 C HSS-E M8 Coron pour les trous aveugles. Acier cobalt HSSE, filetage m\u00e9trique ISO 6H, rainures en spirale, travail stable dans le traitement de l\u2019acier.\" \/>\n<meta name=\"robots\" content=\"index, follow, max-snippet:-1, max-image-preview:large, max-video-preview:-1\" \/>\n<link rel=\"canonical\" href=\"https:\/\/www.koro.net.pl\/fr\/produkt\/prise-mecanique-din-371-c-hss-e-pour-trous-aveugles-koronet\/\" \/>\n<meta property=\"og:locale\" content=\"fr_FR\" \/>\n<meta property=\"og:type\" content=\"article\" \/>\n<meta property=\"og:title\" content=\"Prise \u00e0 la machine DIN 371 C HSS-E M8 trous aveugles | Coroner\" \/>\n<meta property=\"og:description\" content=\"Tape DIN 371 C HSS-E M8 Coron pour les trous aveugles. Acier cobalt HSSE, filetage m\u00e9trique ISO 6H, rainures en spirale, travail stable dans le traitement de l\u2019acier.\" \/>\n<meta property=\"og:url\" content=\"https:\/\/www.koro.net.pl\/fr\/produkt\/prise-mecanique-din-371-c-hss-e-pour-trous-aveugles-koronet\/\" \/>\n<meta property=\"og:site_name\" content=\"Koronet\" \/>\n<meta property=\"og:image\" content=\"https:\/\/www.koro.net.pl\/wp-content\/uploads\/2026\/01\/DIN371C-HSSE.1.png\" \/>\n\t<meta property=\"og:image:width\" content=\"800\" \/>\n\t<meta property=\"og:image:height\" content=\"800\" \/>\n\t<meta property=\"og:image:type\" content=\"image\/png\" \/>\n<meta name=\"twitter:card\" content=\"summary_large_image\" \/>\n<meta name=\"twitter:label1\" content=\"Dur\u00e9e de lecture estim\u00e9e\" \/>\n\t<meta name=\"twitter:data1\" content=\"2 minutes\" \/>\n<script type=\"application\/ld+json\" class=\"yoast-schema-graph\">{\"@context\":\"https:\\\/\\\/schema.org\",\"@graph\":[{\"@type\":\"WebPage\",\"@id\":\"https:\\\/\\\/www.koro.net.pl\\\/fr\\\/produkt\\\/prise-mecanique-din-371-c-hss-e-pour-trous-aveugles-koronet\\\/\",\"url\":\"https:\\\/\\\/www.koro.net.pl\\\/fr\\\/produkt\\\/prise-mecanique-din-371-c-hss-e-pour-trous-aveugles-koronet\\\/\",\"name\":\"Prise \u00e0 la machine DIN 371 C HSS-E M8 trous aveugles | Coroner\",\"isPartOf\":{\"@id\":\"https:\\\/\\\/www.koro.net.pl\\\/fr\\\/#website\"},\"primaryImageOfPage\":{\"@id\":\"https:\\\/\\\/www.koro.net.pl\\\/fr\\\/produkt\\\/prise-mecanique-din-371-c-hss-e-pour-trous-aveugles-koronet\\\/#primaryimage\"},\"image\":{\"@id\":\"https:\\\/\\\/www.koro.net.pl\\\/fr\\\/produkt\\\/prise-mecanique-din-371-c-hss-e-pour-trous-aveugles-koronet\\\/#primaryimage\"},\"thumbnailUrl\":\"https:\\\/\\\/www.koro.net.pl\\\/wp-content\\\/uploads\\\/2026\\\/01\\\/DIN371C-HSSE.1.png\",\"datePublished\":\"2026-01-09T12:39:46+00:00\",\"description\":\"Tape DIN 371 C HSS-E M8 Coron pour les trous aveugles. Acier cobalt HSSE, filetage m\u00e9trique ISO 6H, rainures en spirale, travail stable dans le traitement de l\u2019acier.\",\"breadcrumb\":{\"@id\":\"https:\\\/\\\/www.koro.net.pl\\\/fr\\\/produkt\\\/prise-mecanique-din-371-c-hss-e-pour-trous-aveugles-koronet\\\/#breadcrumb\"},\"inLanguage\":\"fr-FR\",\"potentialAction\":[{\"@type\":\"ReadAction\",\"target\":[\"https:\\\/\\\/www.koro.net.pl\\\/fr\\\/produkt\\\/prise-mecanique-din-371-c-hss-e-pour-trous-aveugles-koronet\\\/\"]}]},{\"@type\":\"ImageObject\",\"inLanguage\":\"fr-FR\",\"@id\":\"https:\\\/\\\/www.koro.net.pl\\\/fr\\\/produkt\\\/prise-mecanique-din-371-c-hss-e-pour-trous-aveugles-koronet\\\/#primaryimage\",\"url\":\"https:\\\/\\\/www.koro.net.pl\\\/wp-content\\\/uploads\\\/2026\\\/01\\\/DIN371C-HSSE.1.png\",\"contentUrl\":\"https:\\\/\\\/www.koro.net.pl\\\/wp-content\\\/uploads\\\/2026\\\/01\\\/DIN371C-HSSE.1.png\",\"width\":800,\"height\":800,\"caption\":\"Gwintownik maszynowy DIN 371 C HSS-E M8 Koronet \u2013 widok ca\u0142o\u015bci narz\u0119dzia\"},{\"@type\":\"BreadcrumbList\",\"@id\":\"https:\\\/\\\/www.koro.net.pl\\\/fr\\\/produkt\\\/prise-mecanique-din-371-c-hss-e-pour-trous-aveugles-koronet\\\/#breadcrumb\",\"itemListElement\":[{\"@type\":\"ListItem\",\"position\":1,\"name\":\"Strona g\u0142\u00f3wna\",\"item\":\"https:\\\/\\\/www.koro.net.pl\\\/fr\\\/\"},{\"@type\":\"ListItem\",\"position\":2,\"name\":\"Prise m\u00e9canique DIN 371 C HSS-E pour trous aveugles \u2013 Koronet\"}]},{\"@type\":\"WebSite\",\"@id\":\"https:\\\/\\\/www.koro.net.pl\\\/fr\\\/#website\",\"url\":\"https:\\\/\\\/www.koro.net.pl\\\/fr\\\/\",\"name\":\"Koronet\",\"description\":\"\",\"publisher\":{\"@id\":\"https:\\\/\\\/www.koro.net.pl\\\/fr\\\/#organization\"},\"potentialAction\":[{\"@type\":\"SearchAction\",\"target\":{\"@type\":\"EntryPoint\",\"urlTemplate\":\"https:\\\/\\\/www.koro.net.pl\\\/fr\\\/?s={search_term_string}\"},\"query-input\":{\"@type\":\"PropertyValueSpecification\",\"valueRequired\":true,\"valueName\":\"search_term_string\"}}],\"inLanguage\":\"fr-FR\"},{\"@type\":\"Organization\",\"@id\":\"https:\\\/\\\/www.koro.net.pl\\\/fr\\\/#organization\",\"name\":\"Koronet\",\"alternateName\":\"Koronet\",\"url\":\"https:\\\/\\\/www.koro.net.pl\\\/fr\\\/\",\"logo\":{\"@type\":\"ImageObject\",\"inLanguage\":\"fr-FR\",\"@id\":\"https:\\\/\\\/www.koro.net.pl\\\/fr\\\/#\\\/schema\\\/logo\\\/image\\\/\",\"url\":\"https:\\\/\\\/www.koro.net.pl\\\/wp-content\\\/uploads\\\/2025\\\/02\\\/Koronet-spolka-z-o.o.png\",\"contentUrl\":\"https:\\\/\\\/www.koro.net.pl\\\/wp-content\\\/uploads\\\/2025\\\/02\\\/Koronet-spolka-z-o.o.png\",\"width\":696,\"height\":696,\"caption\":\"Koronet\"},\"image\":{\"@id\":\"https:\\\/\\\/www.koro.net.pl\\\/fr\\\/#\\\/schema\\\/logo\\\/image\\\/\"}}]}<\/script>\n<!-- \/ Yoast SEO plugin. -->","yoast_head_json":{"title":"Prise \u00e0 la machine DIN 371 C HSS-E M8 trous aveugles | Coroner","description":"Tape DIN 371 C HSS-E M8 Coron pour les trous aveugles. Acier cobalt HSSE, filetage m\u00e9trique ISO 6H, rainures en spirale, travail stable dans le traitement de l\u2019acier.","robots":{"index":"index","follow":"follow","max-snippet":"max-snippet:-1","max-image-preview":"max-image-preview:large","max-video-preview":"max-video-preview:-1"},"canonical":"https:\/\/www.koro.net.pl\/fr\/produkt\/prise-mecanique-din-371-c-hss-e-pour-trous-aveugles-koronet\/","og_locale":"fr_FR","og_type":"article","og_title":"Prise \u00e0 la machine DIN 371 C HSS-E M8 trous aveugles | Coroner","og_description":"Tape DIN 371 C HSS-E M8 Coron pour les trous aveugles. Acier cobalt HSSE, filetage m\u00e9trique ISO 6H, rainures en spirale, travail stable dans le traitement de l\u2019acier.","og_url":"https:\/\/www.koro.net.pl\/fr\/produkt\/prise-mecanique-din-371-c-hss-e-pour-trous-aveugles-koronet\/","og_site_name":"Koronet","og_image":[{"width":800,"height":800,"url":"https:\/\/www.koro.net.pl\/wp-content\/uploads\/2026\/01\/DIN371C-HSSE.1.png","type":"image\/png"}],"twitter_card":"summary_large_image","twitter_misc":{"Dur\u00e9e de lecture estim\u00e9e":"2 minutes"},"schema":{"@context":"https:\/\/schema.org","@graph":[{"@type":"WebPage","@id":"https:\/\/www.koro.net.pl\/fr\/produkt\/prise-mecanique-din-371-c-hss-e-pour-trous-aveugles-koronet\/","url":"https:\/\/www.koro.net.pl\/fr\/produkt\/prise-mecanique-din-371-c-hss-e-pour-trous-aveugles-koronet\/","name":"Prise \u00e0 la machine DIN 371 C HSS-E M8 trous aveugles | Coroner","isPartOf":{"@id":"https:\/\/www.koro.net.pl\/fr\/#website"},"primaryImageOfPage":{"@id":"https:\/\/www.koro.net.pl\/fr\/produkt\/prise-mecanique-din-371-c-hss-e-pour-trous-aveugles-koronet\/#primaryimage"},"image":{"@id":"https:\/\/www.koro.net.pl\/fr\/produkt\/prise-mecanique-din-371-c-hss-e-pour-trous-aveugles-koronet\/#primaryimage"},"thumbnailUrl":"https:\/\/www.koro.net.pl\/wp-content\/uploads\/2026\/01\/DIN371C-HSSE.1.png","datePublished":"2026-01-09T12:39:46+00:00","description":"Tape DIN 371 C HSS-E M8 Coron pour les trous aveugles. Acier cobalt HSSE, filetage m\u00e9trique ISO 6H, rainures en spirale, travail stable dans le traitement de l\u2019acier.","breadcrumb":{"@id":"https:\/\/www.koro.net.pl\/fr\/produkt\/prise-mecanique-din-371-c-hss-e-pour-trous-aveugles-koronet\/#breadcrumb"},"inLanguage":"fr-FR","potentialAction":[{"@type":"ReadAction","target":["https:\/\/www.koro.net.pl\/fr\/produkt\/prise-mecanique-din-371-c-hss-e-pour-trous-aveugles-koronet\/"]}]},{"@type":"ImageObject","inLanguage":"fr-FR","@id":"https:\/\/www.koro.net.pl\/fr\/produkt\/prise-mecanique-din-371-c-hss-e-pour-trous-aveugles-koronet\/#primaryimage","url":"https:\/\/www.koro.net.pl\/wp-content\/uploads\/2026\/01\/DIN371C-HSSE.1.png","contentUrl":"https:\/\/www.koro.net.pl\/wp-content\/uploads\/2026\/01\/DIN371C-HSSE.1.png","width":800,"height":800,"caption":"Gwintownik maszynowy DIN 371 C HSS-E M8 Koronet \u2013 widok ca\u0142o\u015bci narz\u0119dzia"},{"@type":"BreadcrumbList","@id":"https:\/\/www.koro.net.pl\/fr\/produkt\/prise-mecanique-din-371-c-hss-e-pour-trous-aveugles-koronet\/#breadcrumb","itemListElement":[{"@type":"ListItem","position":1,"name":"Strona g\u0142\u00f3wna","item":"https:\/\/www.koro.net.pl\/fr\/"},{"@type":"ListItem","position":2,"name":"Prise m\u00e9canique DIN 371 C HSS-E pour trous aveugles \u2013 Koronet"}]},{"@type":"WebSite","@id":"https:\/\/www.koro.net.pl\/fr\/#website","url":"https:\/\/www.koro.net.pl\/fr\/","name":"Koronet","description":"","publisher":{"@id":"https:\/\/www.koro.net.pl\/fr\/#organization"},"potentialAction":[{"@type":"SearchAction","target":{"@type":"EntryPoint","urlTemplate":"https:\/\/www.koro.net.pl\/fr\/?s={search_term_string}"},"query-input":{"@type":"PropertyValueSpecification","valueRequired":true,"valueName":"search_term_string"}}],"inLanguage":"fr-FR"},{"@type":"Organization","@id":"https:\/\/www.koro.net.pl\/fr\/#organization","name":"Koronet","alternateName":"Koronet","url":"https:\/\/www.koro.net.pl\/fr\/","logo":{"@type":"ImageObject","inLanguage":"fr-FR","@id":"https:\/\/www.koro.net.pl\/fr\/#\/schema\/logo\/image\/","url":"https:\/\/www.koro.net.pl\/wp-content\/uploads\/2025\/02\/Koronet-spolka-z-o.o.png","contentUrl":"https:\/\/www.koro.net.pl\/wp-content\/uploads\/2025\/02\/Koronet-spolka-z-o.o.png","width":696,"height":696,"caption":"Koronet"},"image":{"@id":"https:\/\/www.koro.net.pl\/fr\/#\/schema\/logo\/image\/"}}]}},"_links":{"self":[{"href":"https:\/\/www.koro.net.pl\/fr\/wp-json\/wp\/v2\/product\/11400","targetHints":{"allow":["GET"]}}],"collection":[{"href":"https:\/\/www.koro.net.pl\/fr\/wp-json\/wp\/v2\/product"}],"about":[{"href":"https:\/\/www.koro.net.pl\/fr\/wp-json\/wp\/v2\/types\/product"}],"wp:featuredmedia":[{"embeddable":true,"href":"https:\/\/www.koro.net.pl\/fr\/wp-json\/wp\/v2\/media\/8699"}],"wp:attachment":[{"href":"https:\/\/www.koro.net.pl\/fr\/wp-json\/wp\/v2\/media?parent=11400"}],"wp:term":[{"taxonomy":"product_brand","embeddable":true,"href":"https:\/\/www.koro.net.pl\/fr\/wp-json\/wp\/v2\/product_brand?post=11400"},{"taxonomy":"product_cat","embeddable":true,"href":"https:\/\/www.koro.net.pl\/fr\/wp-json\/wp\/v2\/product_cat?post=11400"},{"taxonomy":"product_tag","embeddable":true,"href":"https:\/\/www.koro.net.pl\/fr\/wp-json\/wp\/v2\/product_tag?post=11400"}],"curies":[{"name":"wp","href":"https:\/\/api.w.org\/{rel}","templated":true}]}}