{"id":11387,"date":"2026-02-09T11:03:52","date_gmt":"2026-02-09T10:03:52","guid":{"rendered":"https:\/\/www.koro.net.pl\/produkt\/fil-de-soudure-en-acier-inoxydable-er309lsi-mig-mag-acier-inoxydable-pour-acier-au-carbone-koronet\/"},"modified":"2026-02-09T11:03:52","modified_gmt":"2026-02-09T10:03:52","slug":"fil-de-soudure-en-acier-inoxydable-er309lsi-mig-mag-acier-inoxydable-pour-acier-au-carbone-koronet","status":"publish","type":"product","link":"https:\/\/www.koro.net.pl\/fr\/produkt\/fil-de-soudure-en-acier-inoxydable-er309lsi-mig-mag-acier-inoxydable-pour-acier-au-carbone-koronet\/","title":{"rendered":"Fil de soudure en acier inoxydable ER309LSi MIG\/MAG \u2013 Acier inoxydable pour acier au carbone \u2013 Koronet"},"content":{"rendered":"<p data-start=\"267\" data-end=\"636\">Le <a href=\"https:\/\/www.koro.net.pl\/fr\/produkty\/fils-de-soudure\/\">fil de soudure Koronet ER309LSi<\/a> est un fil solide con\u00e7u pour le soudage MIG\/MAG, utilis\u00e9 principalement pour r\u00e9aliser des assemblages entre l\u2019acier inoxydable et l\u2019acier au carbone ainsi que pour cr\u00e9er des couches tampons (transition).<strong data-start=\"299\" data-end=\"310\"> Il est utilis\u00e9 en atelier, en assemblage et en production, o\u00f9 la durabilit\u00e9 et la stabilit\u00e9 de la soudure sont importantes.<\/strong> <\/p>\n<p data-start=\"638\" data-end=\"999\">L\u2019alliage se caract\u00e9rise par une teneur accrue en chrome et en nickel, ce qui assure une structure aust\u00e9nitique du m\u00e9tal soud\u00e9 et une bonne r\u00e9sistance aux fissures. La faible teneur en carbone (d\u00e9signation L) r\u00e9duit le risque de corrosion intergranulaire, tandis que la teneur accrue en silicium (Si) am\u00e9liore la fluidit\u00e9 de la piscine de soudure, l\u2019humidification des bords et la qualit\u00e9 des faces de soudure. <\/p>\n<p data-start=\"1001\" data-end=\"1255\">Le fil ER309LSi est particuli\u00e8rement recommand\u00e9 pour assembler les aciers inoxydables de type 304\/304L et 316\/316L avec des aciers structurels, ainsi que pour rev\u00eatir les couches de base avant de souder davantage avec des fils destin\u00e9s aux aciers inoxydables, par exemple type 308LSi.<\/p>\n<h2 data-start=\"1262\" data-end=\"1290\"><strong>Caract\u00e9ristiques du produit<\/strong><\/h2>\n<ul data-start=\"1292\" data-end=\"1561\">\n<li data-start=\"1292\" data-end=\"1332\">\n<p data-start=\"1294\" data-end=\"1332\">fil solide pour soudage MIG\/MAG<\/p>\n<\/li>\n<li data-start=\"1333\" data-end=\"1392\">\n<p data-start=\"1335\" data-end=\"1392\">Con\u00e7u pour les assemblages en acier inoxydable \u2194 en acier carbone<\/p>\n<\/li>\n<li data-start=\"1393\" data-end=\"1440\">\n<p data-start=\"1395\" data-end=\"1440\">Adapt\u00e9 \u00e0 la fabrication de couches tampons<\/p>\n<\/li>\n<li data-start=\"1441\" data-end=\"1483\">\n<p data-start=\"1443\" data-end=\"1483\">Arc stable et bon contr\u00f4le du lac<\/p>\n<\/li>\n<li data-start=\"1484\" data-end=\"1520\">\n<p data-start=\"1486\" data-end=\"1520\">Face lisse et esth\u00e9tique de l\u2019articulation<\/p>\n<\/li>\n<li data-start=\"1521\" data-end=\"1561\">\n<p data-start=\"1523\" data-end=\"1561\">Bonne r\u00e9sistance aux fissures et \u00e0 la corrosion<\/p>\n<\/li>\n<\/ul>\n<h2 data-start=\"1568\" data-end=\"1593\"><strong>Informations techniques<\/strong><\/h2>\n<ul data-start=\"1595\" data-end=\"1830\">\n<li data-start=\"1595\" data-end=\"1630\">\n<p data-start=\"1597\" data-end=\"1630\">Classification : AWS A5.9 ER309LSi<\/p>\n<\/li>\n<li data-start=\"1631\" data-end=\"1677\">\n<p data-start=\"1633\" data-end=\"1677\">Norme europ\u00e9enne : EN ISO 14343 G 23 12 LSi<\/p>\n<\/li>\n<li data-start=\"1678\" data-end=\"1751\">\n<p data-start=\"1680\" data-end=\"1751\">Structure de soudure : aust\u00e9nitique avec faible teneur en ferrite delta<\/p>\n<\/li>\n<li data-start=\"1752\" data-end=\"1830\">\n<p data-start=\"1754\" data-end=\"1830\">Gaz de protection recommand\u00e9 (MIG) : Argon + 1-3 % d\u2019O\u2082 ou de CO\u2082 (par ex. EN ISO 14175 : M12)<\/p>\n<\/li>\n<\/ul>\n<h2 data-start=\"1837\" data-end=\"1853\"><strong>Application<\/strong><\/h2>\n<ul data-start=\"1855\" data-end=\"2031\">\n<li data-start=\"1855\" data-end=\"1902\">\n<p data-start=\"1857\" data-end=\"1902\">Assembler des aciers inoxydables avec de l\u2019acier noir<\/p>\n<\/li>\n<li data-start=\"1903\" data-end=\"1937\">\n<p data-start=\"1905\" data-end=\"1937\">Couches de transition et de tampon<\/p>\n<\/li>\n<li data-start=\"1938\" data-end=\"1975\">\n<p data-start=\"1940\" data-end=\"1975\">Rev\u00eatement et r\u00e9g\u00e9n\u00e9ration des \u00e9l\u00e9ments<\/p>\n<\/li>\n<li data-start=\"1976\" data-end=\"2031\">\n<p data-start=\"1978\" data-end=\"2031\">structures en acier, industrie, \u00e9nergie, installations<\/p>\n<\/li>\n<\/ul>\n","protected":false},"excerpt":{"rendered":"<p>Le fil de soudure Koronet ER309LSi est un fil solide con\u00e7u pour le soudage MIG\/MAG, utilis\u00e9 principalement pour r\u00e9aliser des assemblages entre l\u2019acier inoxydable et l\u2019acier au carbone ainsi que [&hellip;]<\/p>\n","protected":false},"featured_media":9088,"template":"","meta":{"_acf_changed":false},"product_brand":[],"product_cat":[175],"product_tag":[],"class_list":{"0":"post-11387","1":"product","2":"type-product","3":"status-publish","4":"has-post-thumbnail","6":"product_cat-fils-de-soudure","8":"first","9":"instock","10":"taxable","11":"shipping-taxable","12":"purchasable","13":"product-type-variable","14":"has-default-attributes"},"acf":[],"yoast_head":"<!-- This site is optimized with the Yoast SEO plugin v27.5 - https:\/\/yoast.com\/product\/yoast-seo-wordpress\/ -->\n<title>Fil de soudure ER309LSi MIG\/MAG - Inox | Coroner<\/title>\n<meta name=\"description\" content=\"Fil de soudure ER309LSi Koronet pour le soudage MIG\/MAG de l\u2019acier inoxydable avec de l\u2019acier au carbone et pour les couches tampons. Soudure stable, bonne r\u00e9sistance et face esth\u00e9tique.\" \/>\n<meta name=\"robots\" content=\"index, follow, max-snippet:-1, max-image-preview:large, max-video-preview:-1\" \/>\n<link rel=\"canonical\" href=\"https:\/\/www.koro.net.pl\/fr\/produkt\/fil-de-soudure-en-acier-inoxydable-er309lsi-mig-mag-acier-inoxydable-pour-acier-au-carbone-koronet\/\" \/>\n<meta property=\"og:locale\" content=\"fr_FR\" \/>\n<meta property=\"og:type\" content=\"article\" \/>\n<meta property=\"og:title\" content=\"Fil de soudure ER309LSi MIG\/MAG - Inox | Coroner\" \/>\n<meta property=\"og:description\" content=\"Fil de soudure ER309LSi Koronet pour le soudage MIG\/MAG de l\u2019acier inoxydable avec de l\u2019acier au carbone et pour les couches tampons. Soudure stable, bonne r\u00e9sistance et face esth\u00e9tique.\" \/>\n<meta property=\"og:url\" content=\"https:\/\/www.koro.net.pl\/fr\/produkt\/fil-de-soudure-en-acier-inoxydable-er309lsi-mig-mag-acier-inoxydable-pour-acier-au-carbone-koronet\/\" \/>\n<meta property=\"og:site_name\" content=\"Koronet\" \/>\n<meta property=\"og:image\" content=\"https:\/\/www.koro.net.pl\/wp-content\/uploads\/2026\/02\/Drut-spawalniczy-ER309LSi.jpg\" \/>\n\t<meta property=\"og:image:width\" content=\"2000\" \/>\n\t<meta property=\"og:image:height\" content=\"2000\" \/>\n\t<meta property=\"og:image:type\" content=\"image\/jpeg\" \/>\n<meta name=\"twitter:card\" content=\"summary_large_image\" \/>\n<meta name=\"twitter:label1\" content=\"Dur\u00e9e de lecture estim\u00e9e\" \/>\n\t<meta name=\"twitter:data1\" content=\"2 minutes\" \/>\n<script type=\"application\/ld+json\" class=\"yoast-schema-graph\">{\"@context\":\"https:\\\/\\\/schema.org\",\"@graph\":[{\"@type\":\"WebPage\",\"@id\":\"https:\\\/\\\/www.koro.net.pl\\\/fr\\\/produkt\\\/fil-de-soudure-en-acier-inoxydable-er309lsi-mig-mag-acier-inoxydable-pour-acier-au-carbone-koronet\\\/\",\"url\":\"https:\\\/\\\/www.koro.net.pl\\\/fr\\\/produkt\\\/fil-de-soudure-en-acier-inoxydable-er309lsi-mig-mag-acier-inoxydable-pour-acier-au-carbone-koronet\\\/\",\"name\":\"Fil de soudure ER309LSi MIG\\\/MAG - Inox | Coroner\",\"isPartOf\":{\"@id\":\"https:\\\/\\\/www.koro.net.pl\\\/fr\\\/#website\"},\"primaryImageOfPage\":{\"@id\":\"https:\\\/\\\/www.koro.net.pl\\\/fr\\\/produkt\\\/fil-de-soudure-en-acier-inoxydable-er309lsi-mig-mag-acier-inoxydable-pour-acier-au-carbone-koronet\\\/#primaryimage\"},\"image\":{\"@id\":\"https:\\\/\\\/www.koro.net.pl\\\/fr\\\/produkt\\\/fil-de-soudure-en-acier-inoxydable-er309lsi-mig-mag-acier-inoxydable-pour-acier-au-carbone-koronet\\\/#primaryimage\"},\"thumbnailUrl\":\"https:\\\/\\\/www.koro.net.pl\\\/wp-content\\\/uploads\\\/2026\\\/02\\\/Drut-spawalniczy-ER309LSi.jpg\",\"datePublished\":\"2026-02-09T10:03:52+00:00\",\"description\":\"Fil de soudure ER309LSi Koronet pour le soudage MIG\\\/MAG de l\u2019acier inoxydable avec de l\u2019acier au carbone et pour les couches tampons. Soudure stable, bonne r\u00e9sistance et face esth\u00e9tique.\",\"breadcrumb\":{\"@id\":\"https:\\\/\\\/www.koro.net.pl\\\/fr\\\/produkt\\\/fil-de-soudure-en-acier-inoxydable-er309lsi-mig-mag-acier-inoxydable-pour-acier-au-carbone-koronet\\\/#breadcrumb\"},\"inLanguage\":\"fr-FR\",\"potentialAction\":[{\"@type\":\"ReadAction\",\"target\":[\"https:\\\/\\\/www.koro.net.pl\\\/fr\\\/produkt\\\/fil-de-soudure-en-acier-inoxydable-er309lsi-mig-mag-acier-inoxydable-pour-acier-au-carbone-koronet\\\/\"]}]},{\"@type\":\"ImageObject\",\"inLanguage\":\"fr-FR\",\"@id\":\"https:\\\/\\\/www.koro.net.pl\\\/fr\\\/produkt\\\/fil-de-soudure-en-acier-inoxydable-er309lsi-mig-mag-acier-inoxydable-pour-acier-au-carbone-koronet\\\/#primaryimage\",\"url\":\"https:\\\/\\\/www.koro.net.pl\\\/wp-content\\\/uploads\\\/2026\\\/02\\\/Drut-spawalniczy-ER309LSi.jpg\",\"contentUrl\":\"https:\\\/\\\/www.koro.net.pl\\\/wp-content\\\/uploads\\\/2026\\\/02\\\/Drut-spawalniczy-ER309LSi.jpg\",\"width\":2000,\"height\":2000,\"caption\":\"Drut spawalniczy ER309LSi\"},{\"@type\":\"BreadcrumbList\",\"@id\":\"https:\\\/\\\/www.koro.net.pl\\\/fr\\\/produkt\\\/fil-de-soudure-en-acier-inoxydable-er309lsi-mig-mag-acier-inoxydable-pour-acier-au-carbone-koronet\\\/#breadcrumb\",\"itemListElement\":[{\"@type\":\"ListItem\",\"position\":1,\"name\":\"Strona g\u0142\u00f3wna\",\"item\":\"https:\\\/\\\/www.koro.net.pl\\\/fr\\\/\"},{\"@type\":\"ListItem\",\"position\":2,\"name\":\"Fil de soudure en acier inoxydable ER309LSi MIG\\\/MAG \u2013 Acier inoxydable pour acier au carbone \u2013 Koronet\"}]},{\"@type\":\"WebSite\",\"@id\":\"https:\\\/\\\/www.koro.net.pl\\\/fr\\\/#website\",\"url\":\"https:\\\/\\\/www.koro.net.pl\\\/fr\\\/\",\"name\":\"Koronet\",\"description\":\"\",\"publisher\":{\"@id\":\"https:\\\/\\\/www.koro.net.pl\\\/fr\\\/#organization\"},\"potentialAction\":[{\"@type\":\"SearchAction\",\"target\":{\"@type\":\"EntryPoint\",\"urlTemplate\":\"https:\\\/\\\/www.koro.net.pl\\\/fr\\\/?s={search_term_string}\"},\"query-input\":{\"@type\":\"PropertyValueSpecification\",\"valueRequired\":true,\"valueName\":\"search_term_string\"}}],\"inLanguage\":\"fr-FR\"},{\"@type\":\"Organization\",\"@id\":\"https:\\\/\\\/www.koro.net.pl\\\/fr\\\/#organization\",\"name\":\"Koronet\",\"alternateName\":\"Koronet\",\"url\":\"https:\\\/\\\/www.koro.net.pl\\\/fr\\\/\",\"logo\":{\"@type\":\"ImageObject\",\"inLanguage\":\"fr-FR\",\"@id\":\"https:\\\/\\\/www.koro.net.pl\\\/fr\\\/#\\\/schema\\\/logo\\\/image\\\/\",\"url\":\"https:\\\/\\\/www.koro.net.pl\\\/wp-content\\\/uploads\\\/2025\\\/02\\\/Koronet-spolka-z-o.o.png\",\"contentUrl\":\"https:\\\/\\\/www.koro.net.pl\\\/wp-content\\\/uploads\\\/2025\\\/02\\\/Koronet-spolka-z-o.o.png\",\"width\":696,\"height\":696,\"caption\":\"Koronet\"},\"image\":{\"@id\":\"https:\\\/\\\/www.koro.net.pl\\\/fr\\\/#\\\/schema\\\/logo\\\/image\\\/\"}}]}<\/script>\n<!-- \/ Yoast SEO plugin. -->","yoast_head_json":{"title":"Fil de soudure ER309LSi MIG\/MAG - Inox | Coroner","description":"Fil de soudure ER309LSi Koronet pour le soudage MIG\/MAG de l\u2019acier inoxydable avec de l\u2019acier au carbone et pour les couches tampons. Soudure stable, bonne r\u00e9sistance et face esth\u00e9tique.","robots":{"index":"index","follow":"follow","max-snippet":"max-snippet:-1","max-image-preview":"max-image-preview:large","max-video-preview":"max-video-preview:-1"},"canonical":"https:\/\/www.koro.net.pl\/fr\/produkt\/fil-de-soudure-en-acier-inoxydable-er309lsi-mig-mag-acier-inoxydable-pour-acier-au-carbone-koronet\/","og_locale":"fr_FR","og_type":"article","og_title":"Fil de soudure ER309LSi MIG\/MAG - Inox | Coroner","og_description":"Fil de soudure ER309LSi Koronet pour le soudage MIG\/MAG de l\u2019acier inoxydable avec de l\u2019acier au carbone et pour les couches tampons. Soudure stable, bonne r\u00e9sistance et face esth\u00e9tique.","og_url":"https:\/\/www.koro.net.pl\/fr\/produkt\/fil-de-soudure-en-acier-inoxydable-er309lsi-mig-mag-acier-inoxydable-pour-acier-au-carbone-koronet\/","og_site_name":"Koronet","og_image":[{"width":2000,"height":2000,"url":"https:\/\/www.koro.net.pl\/wp-content\/uploads\/2026\/02\/Drut-spawalniczy-ER309LSi.jpg","type":"image\/jpeg"}],"twitter_card":"summary_large_image","twitter_misc":{"Dur\u00e9e de lecture estim\u00e9e":"2 minutes"},"schema":{"@context":"https:\/\/schema.org","@graph":[{"@type":"WebPage","@id":"https:\/\/www.koro.net.pl\/fr\/produkt\/fil-de-soudure-en-acier-inoxydable-er309lsi-mig-mag-acier-inoxydable-pour-acier-au-carbone-koronet\/","url":"https:\/\/www.koro.net.pl\/fr\/produkt\/fil-de-soudure-en-acier-inoxydable-er309lsi-mig-mag-acier-inoxydable-pour-acier-au-carbone-koronet\/","name":"Fil de soudure ER309LSi MIG\/MAG - Inox | Coroner","isPartOf":{"@id":"https:\/\/www.koro.net.pl\/fr\/#website"},"primaryImageOfPage":{"@id":"https:\/\/www.koro.net.pl\/fr\/produkt\/fil-de-soudure-en-acier-inoxydable-er309lsi-mig-mag-acier-inoxydable-pour-acier-au-carbone-koronet\/#primaryimage"},"image":{"@id":"https:\/\/www.koro.net.pl\/fr\/produkt\/fil-de-soudure-en-acier-inoxydable-er309lsi-mig-mag-acier-inoxydable-pour-acier-au-carbone-koronet\/#primaryimage"},"thumbnailUrl":"https:\/\/www.koro.net.pl\/wp-content\/uploads\/2026\/02\/Drut-spawalniczy-ER309LSi.jpg","datePublished":"2026-02-09T10:03:52+00:00","description":"Fil de soudure ER309LSi Koronet pour le soudage MIG\/MAG de l\u2019acier inoxydable avec de l\u2019acier au carbone et pour les couches tampons. Soudure stable, bonne r\u00e9sistance et face esth\u00e9tique.","breadcrumb":{"@id":"https:\/\/www.koro.net.pl\/fr\/produkt\/fil-de-soudure-en-acier-inoxydable-er309lsi-mig-mag-acier-inoxydable-pour-acier-au-carbone-koronet\/#breadcrumb"},"inLanguage":"fr-FR","potentialAction":[{"@type":"ReadAction","target":["https:\/\/www.koro.net.pl\/fr\/produkt\/fil-de-soudure-en-acier-inoxydable-er309lsi-mig-mag-acier-inoxydable-pour-acier-au-carbone-koronet\/"]}]},{"@type":"ImageObject","inLanguage":"fr-FR","@id":"https:\/\/www.koro.net.pl\/fr\/produkt\/fil-de-soudure-en-acier-inoxydable-er309lsi-mig-mag-acier-inoxydable-pour-acier-au-carbone-koronet\/#primaryimage","url":"https:\/\/www.koro.net.pl\/wp-content\/uploads\/2026\/02\/Drut-spawalniczy-ER309LSi.jpg","contentUrl":"https:\/\/www.koro.net.pl\/wp-content\/uploads\/2026\/02\/Drut-spawalniczy-ER309LSi.jpg","width":2000,"height":2000,"caption":"Drut spawalniczy ER309LSi"},{"@type":"BreadcrumbList","@id":"https:\/\/www.koro.net.pl\/fr\/produkt\/fil-de-soudure-en-acier-inoxydable-er309lsi-mig-mag-acier-inoxydable-pour-acier-au-carbone-koronet\/#breadcrumb","itemListElement":[{"@type":"ListItem","position":1,"name":"Strona g\u0142\u00f3wna","item":"https:\/\/www.koro.net.pl\/fr\/"},{"@type":"ListItem","position":2,"name":"Fil de soudure en acier inoxydable ER309LSi MIG\/MAG \u2013 Acier inoxydable pour acier au carbone \u2013 Koronet"}]},{"@type":"WebSite","@id":"https:\/\/www.koro.net.pl\/fr\/#website","url":"https:\/\/www.koro.net.pl\/fr\/","name":"Koronet","description":"","publisher":{"@id":"https:\/\/www.koro.net.pl\/fr\/#organization"},"potentialAction":[{"@type":"SearchAction","target":{"@type":"EntryPoint","urlTemplate":"https:\/\/www.koro.net.pl\/fr\/?s={search_term_string}"},"query-input":{"@type":"PropertyValueSpecification","valueRequired":true,"valueName":"search_term_string"}}],"inLanguage":"fr-FR"},{"@type":"Organization","@id":"https:\/\/www.koro.net.pl\/fr\/#organization","name":"Koronet","alternateName":"Koronet","url":"https:\/\/www.koro.net.pl\/fr\/","logo":{"@type":"ImageObject","inLanguage":"fr-FR","@id":"https:\/\/www.koro.net.pl\/fr\/#\/schema\/logo\/image\/","url":"https:\/\/www.koro.net.pl\/wp-content\/uploads\/2025\/02\/Koronet-spolka-z-o.o.png","contentUrl":"https:\/\/www.koro.net.pl\/wp-content\/uploads\/2025\/02\/Koronet-spolka-z-o.o.png","width":696,"height":696,"caption":"Koronet"},"image":{"@id":"https:\/\/www.koro.net.pl\/fr\/#\/schema\/logo\/image\/"}}]}},"_links":{"self":[{"href":"https:\/\/www.koro.net.pl\/fr\/wp-json\/wp\/v2\/product\/11387","targetHints":{"allow":["GET"]}}],"collection":[{"href":"https:\/\/www.koro.net.pl\/fr\/wp-json\/wp\/v2\/product"}],"about":[{"href":"https:\/\/www.koro.net.pl\/fr\/wp-json\/wp\/v2\/types\/product"}],"wp:featuredmedia":[{"embeddable":true,"href":"https:\/\/www.koro.net.pl\/fr\/wp-json\/wp\/v2\/media\/9088"}],"wp:attachment":[{"href":"https:\/\/www.koro.net.pl\/fr\/wp-json\/wp\/v2\/media?parent=11387"}],"wp:term":[{"taxonomy":"product_brand","embeddable":true,"href":"https:\/\/www.koro.net.pl\/fr\/wp-json\/wp\/v2\/product_brand?post=11387"},{"taxonomy":"product_cat","embeddable":true,"href":"https:\/\/www.koro.net.pl\/fr\/wp-json\/wp\/v2\/product_cat?post=11387"},{"taxonomy":"product_tag","embeddable":true,"href":"https:\/\/www.koro.net.pl\/fr\/wp-json\/wp\/v2\/product_tag?post=11387"}],"curies":[{"name":"wp","href":"https:\/\/api.w.org\/{rel}","templated":true}]}}